{"id":19629,"date":"2024-04-18T19:26:11","date_gmt":"2024-04-18T19:26:11","guid":{"rendered":"https:\/\/glareone.eu\/product\/glareone-fb1520-bw-foldable-photo-background-150x200-cm\/"},"modified":"2025-08-11T09:59:24","modified_gmt":"2025-08-11T09:59:24","slug":"glareone-fb1520-bw-foldable-photo-background-150x200-cm","status":"publish","type":"product","link":"https:\/\/glareone.eu\/cs\/produkt\/glareone-fb1520-bw-foldable-photo-background-150x200-cm\/","title":{"rendered":"GlareOne FB1520 B&#038;W &#8211; skl\u00e1dac\u00ed fotografick\u00e9 pozad\u00ed, \u010dern\u00e9 a b\u00edl\u00e9, 150 x 200 cm"},"content":{"rendered":"<p>Skl\u00e1dac\u00ed fotografick\u00e9 pozad\u00ed na nap\u00ednac\u00edm r\u00e1mu, 150 x 200 cm, \u010dern\u00e9 a b\u00edl\u00e9. Skl\u00e1dac\u00ed konstrukce podobn\u00e1 fotografick\u00fdm reflektor\u016fm, rozm\u011bry ve slo\u017een\u00e9m stavu: \u00f8 67 x 5 cm. Ide\u00e1ln\u00ed jako pozad\u00ed pro nat\u00e1\u010den\u00ed, lze pou\u017e\u00edt tak\u00e9 jako fotografick\u00fd reflektor.<\/p>\n<h3>2 r\u016fzn\u00e9 povrchy \u2013 povrchov\u00e1 \u00faprava pozad\u00ed GlareOne.<\/h3>\n<ul>\n<li>b\u00edl\u00e1 \u2013 p\u0159irozen\u011b odr\u00e1\u017e\u00ed a zjem\u0148uje sv\u011btlo bez zm\u011bny jeho barevn\u00e9 teploty<\/li>\n<li>\u010dern\u00e1 \u2013 redukuje ne\u017e\u00e1douc\u00ed odrazy a zvy\u0161uje kontrast absorpc\u00ed p\u0159ebyte\u010dn\u00e9ho sv\u011btla, n\u011bkdy se pou\u017e\u00edv\u00e1 jako \u010dern\u00e9 pozad\u00ed nebo st\u011bna\/blackout pro omezen\u00ed sv\u011bteln\u00e9ho v\u00fdkonu<\/li>\n<\/ul>\n<h3>V\u00fdhody \u010dernob\u00edl\u00fdch pozad\u00ed GlareOne 2 v 1:<\/h3>\n<ul>\n<li>Jsou ide\u00e1ln\u00edm \u0159e\u0161en\u00edm pro mal\u00e9 studia pro vlogery a youtubery.<\/li>\n<li>Dv\u011b r\u016fzn\u00e9 obrazovky pro r\u016fzn\u00e9 efekty.<\/li>\n<li>Flexibiln\u00ed design umo\u017e\u0148uje oh\u00fdbat pozad\u00ed podle libosti.<\/li>\n<li>Pevn\u00e1 konstrukce funguje dob\u0159e i v n\u00e1ro\u010dn\u00fdch venkovn\u00edch podm\u00ednk\u00e1ch.<\/li>\n<li>Pozad\u00ed lze zav\u011bsit na speci\u00e1ln\u00ed smy\u010dku.<\/li>\n<li>Odoln\u00fd, flexibiln\u00ed r\u00e1m zaru\u010duje bezpe\u010dn\u00e9 skl\u00e1d\u00e1n\u00ed a rozkl\u00e1d\u00e1n\u00ed pozad\u00ed bez obav z prasknut\u00ed, odloupnut\u00ed nebo ohnut\u00ed.<\/li>\n<li>Sada obsahuje kryt chr\u00e1n\u00edc\u00ed pozad\u00ed p\u0159ed po\u0161kozen\u00edm b\u011bhem p\u0159epravy.<\/li>\n<\/ul>\n","protected":false},"excerpt":{"rendered":"<p>Skl\u00e1dac\u00ed fotografick\u00e9 pozad\u00ed na nap\u00ednac\u00edm r\u00e1mu, 150 x 200 cm, \u010dern\u00e9 a b\u00edl\u00e9. Skl\u00e1dac\u00ed konstrukce podobn\u00e1 fotografick\u00fdm reflektor\u016fm, rozm\u011bry ve slo\u017een\u00e9m stavu: \u00f8 67 x 5 cm. Ide\u00e1ln\u00ed jako pozad\u00ed pro nat\u00e1\u010den\u00ed, lze pou\u017e\u00edt tak\u00e9 jako fotografick\u00fd reflektor. 2 r\u016fzn\u00e9 povrchy \u2013 povrchov\u00e1 \u00faprava pozad\u00ed GlareOne. b\u00edl\u00e1 \u2013 p\u0159irozen\u011b odr\u00e1\u017e\u00ed a zjem\u0148uje sv\u011btlo bez zm\u011bny [&hellip;]<\/p>\n","protected":false},"featured_media":19630,"template":"","meta":[],"product_brand":[],"product_cat":[569],"product_tag":[],"class_list":{"0":"post-19629","1":"product","2":"type-product","3":"status-publish","4":"has-post-thumbnail","6":"product_cat-pozadi","8":"first","9":"instock","10":"product-type-simple"},"yoast_head":"<!-- This site is optimized with the Yoast SEO plugin v27.2 - https:\/\/yoast.com\/product\/yoast-seo-wordpress\/ -->\n<title>GlareOne FB1520 B&amp;W - t\u0142o sk\u0142adane czarno\/bia\u0142e 150x200 cm<\/title>\n<meta name=\"description\" content=\"GlareOne FB1520 B&amp;W - t\u0142o sk\u0142adane czarno\/bia\u0142e 150x200 cm\" \/>\n<meta name=\"robots\" content=\"index, follow, max-snippet:-1, max-image-preview:large, max-video-preview:-1\" \/>\n<link rel=\"canonical\" href=\"https:\/\/glareone.eu\/cs\/produkt\/glareone-fb1520-bw-foldable-photo-background-150x200-cm\/\" \/>\n<meta property=\"og:locale\" content=\"cs_CZ\" \/>\n<meta property=\"og:type\" content=\"article\" \/>\n<meta property=\"og:title\" content=\"GlareOne FB1520 B&amp;W - t\u0142o sk\u0142adane czarno\/bia\u0142e 150x200 cm\" \/>\n<meta property=\"og:description\" content=\"GlareOne FB1520 B&amp;W - t\u0142o sk\u0142adane czarno\/bia\u0142e 150x200 cm\" \/>\n<meta property=\"og:url\" content=\"https:\/\/glareone.eu\/cs\/produkt\/glareone-fb1520-bw-foldable-photo-background-150x200-cm\/\" \/>\n<meta property=\"og:site_name\" content=\"GlareOne\" \/>\n<meta property=\"article:publisher\" content=\"https:\/\/www.facebook.com\/GlareOneLighting\" \/>\n<meta property=\"article:modified_time\" content=\"2025-08-11T09:59:24+00:00\" \/>\n<meta property=\"og:image\" content=\"https:\/\/glareone.eu\/wp-content\/uploads\/2024\/04\/SBRBWO150X200_001.jpg\" \/>\n\t<meta property=\"og:image:width\" content=\"1000\" \/>\n\t<meta property=\"og:image:height\" content=\"1000\" \/>\n\t<meta property=\"og:image:type\" content=\"image\/jpeg\" \/>\n<meta name=\"twitter:card\" content=\"summary_large_image\" \/>\n<meta name=\"twitter:title\" content=\"GlareOne FB1520 B&amp;W - t\u0142o sk\u0142adane czarno\/bia\u0142e 150x200 cm\" \/>\n<meta name=\"twitter:label1\" content=\"Odhadovan\u00e1 doba \u010dten\u00ed\" \/>\n\t<meta name=\"twitter:data1\" content=\"1 minuta\" \/>\n<script type=\"application\/ld+json\" class=\"yoast-schema-graph\">{\"@context\":\"https:\/\/schema.org\",\"@graph\":[{\"@type\":\"WebPage\",\"@id\":\"https:\/\/glareone.eu\/cs\/produkt\/glareone-fb1520-bw-foldable-photo-background-150x200-cm\/\",\"url\":\"https:\/\/glareone.eu\/cs\/produkt\/glareone-fb1520-bw-foldable-photo-background-150x200-cm\/\",\"name\":\"GlareOne FB1520 B&W - t\u0142o sk\u0142adane czarno\/bia\u0142e 150x200 cm\",\"isPartOf\":{\"@id\":\"https:\/\/glareone.eu\/cs\/en\/#website\"},\"primaryImageOfPage\":{\"@id\":\"https:\/\/glareone.eu\/cs\/produkt\/glareone-fb1520-bw-foldable-photo-background-150x200-cm\/#primaryimage\"},\"image\":{\"@id\":\"https:\/\/glareone.eu\/cs\/produkt\/glareone-fb1520-bw-foldable-photo-background-150x200-cm\/#primaryimage\"},\"thumbnailUrl\":\"https:\/\/glareone.eu\/wp-content\/uploads\/2024\/04\/SBRBWO150X200_001.jpg\",\"datePublished\":\"2024-04-18T19:26:11+00:00\",\"dateModified\":\"2025-08-11T09:59:24+00:00\",\"description\":\"GlareOne FB1520 B&W - t\u0142o sk\u0142adane czarno\/bia\u0142e 150x200 cm\",\"breadcrumb\":{\"@id\":\"https:\/\/glareone.eu\/cs\/produkt\/glareone-fb1520-bw-foldable-photo-background-150x200-cm\/#breadcrumb\"},\"inLanguage\":\"cs\",\"potentialAction\":[{\"@type\":\"ReadAction\",\"target\":[\"https:\/\/glareone.eu\/cs\/produkt\/glareone-fb1520-bw-foldable-photo-background-150x200-cm\/\"]}]},{\"@type\":\"ImageObject\",\"inLanguage\":\"cs\",\"@id\":\"https:\/\/glareone.eu\/cs\/produkt\/glareone-fb1520-bw-foldable-photo-background-150x200-cm\/#primaryimage\",\"url\":\"https:\/\/glareone.eu\/wp-content\/uploads\/2024\/04\/SBRBWO150X200_001.jpg\",\"contentUrl\":\"https:\/\/glareone.eu\/wp-content\/uploads\/2024\/04\/SBRBWO150X200_001.jpg\",\"width\":1000,\"height\":1000},{\"@type\":\"BreadcrumbList\",\"@id\":\"https:\/\/glareone.eu\/cs\/produkt\/glareone-fb1520-bw-foldable-photo-background-150x200-cm\/#breadcrumb\",\"itemListElement\":[{\"@type\":\"ListItem\",\"position\":1,\"name\":\"Strona g\u0142\u00f3wna\",\"item\":\"https:\/\/glareone.eu\/cs\/\"},{\"@type\":\"ListItem\",\"position\":2,\"name\":\"V\u0161echny produkty\",\"item\":\"https:\/\/glareone.eu\/cs\/produkty\/vsechny-produkty\/\"},{\"@type\":\"ListItem\",\"position\":3,\"name\":\"GlareOne FB1520 B&#038;W &#8211; skl\u00e1dac\u00ed fotografick\u00e9 pozad\u00ed, \u010dern\u00e9 a b\u00edl\u00e9, 150 x 200 cm\"}]},{\"@type\":\"WebSite\",\"@id\":\"https:\/\/glareone.eu\/cs\/en\/#website\",\"url\":\"https:\/\/glareone.eu\/cs\/en\/\",\"name\":\"GlareOne\",\"description\":\"Wyposa\u017cenie Studia\",\"publisher\":{\"@id\":\"https:\/\/glareone.eu\/cs\/en\/#organization\"},\"potentialAction\":[{\"@type\":\"SearchAction\",\"target\":{\"@type\":\"EntryPoint\",\"urlTemplate\":\"https:\/\/glareone.eu\/cs\/en\/?s={search_term_string}\"},\"query-input\":{\"@type\":\"PropertyValueSpecification\",\"valueRequired\":true,\"valueName\":\"search_term_string\"}}],\"inLanguage\":\"cs\"},{\"@type\":\"Organization\",\"@id\":\"https:\/\/glareone.eu\/cs\/en\/#organization\",\"name\":\"GlareOne\",\"url\":\"https:\/\/glareone.eu\/cs\/en\/\",\"logo\":{\"@type\":\"ImageObject\",\"inLanguage\":\"cs\",\"@id\":\"https:\/\/glareone.eu\/cs\/en\/#\/schema\/logo\/image\/\",\"url\":\"http:\/\/glareone.eu\/wp-content\/uploads\/2024\/05\/glareone_logo2020_RGB-01-e1715773127189.png\",\"contentUrl\":\"http:\/\/glareone.eu\/wp-content\/uploads\/2024\/05\/glareone_logo2020_RGB-01-e1715773127189.png\",\"width\":1270,\"height\":321,\"caption\":\"GlareOne\"},\"image\":{\"@id\":\"https:\/\/glareone.eu\/cs\/en\/#\/schema\/logo\/image\/\"},\"sameAs\":[\"https:\/\/www.facebook.com\/GlareOneLighting\",\"https:\/\/www.instagram.com\/glareonelighting\/\",\"https:\/\/www.youtube.com\/@GlareOneTV\"]}]}<\/script>\n<!-- \/ Yoast SEO plugin. -->","yoast_head_json":{"title":"GlareOne FB1520 B&W - t\u0142o sk\u0142adane czarno\/bia\u0142e 150x200 cm","description":"GlareOne FB1520 B&W - t\u0142o sk\u0142adane czarno\/bia\u0142e 150x200 cm","robots":{"index":"index","follow":"follow","max-snippet":"max-snippet:-1","max-image-preview":"max-image-preview:large","max-video-preview":"max-video-preview:-1"},"canonical":"https:\/\/glareone.eu\/cs\/produkt\/glareone-fb1520-bw-foldable-photo-background-150x200-cm\/","og_locale":"cs_CZ","og_type":"article","og_title":"GlareOne FB1520 B&W - t\u0142o sk\u0142adane czarno\/bia\u0142e 150x200 cm","og_description":"GlareOne FB1520 B&W - t\u0142o sk\u0142adane czarno\/bia\u0142e 150x200 cm","og_url":"https:\/\/glareone.eu\/cs\/produkt\/glareone-fb1520-bw-foldable-photo-background-150x200-cm\/","og_site_name":"GlareOne","article_publisher":"https:\/\/www.facebook.com\/GlareOneLighting","article_modified_time":"2025-08-11T09:59:24+00:00","og_image":[{"width":1000,"height":1000,"url":"https:\/\/glareone.eu\/wp-content\/uploads\/2024\/04\/SBRBWO150X200_001.jpg","type":"image\/jpeg"}],"twitter_card":"summary_large_image","twitter_title":"GlareOne FB1520 B&W - t\u0142o sk\u0142adane czarno\/bia\u0142e 150x200 cm","twitter_misc":{"Odhadovan\u00e1 doba \u010dten\u00ed":"1 minuta"},"schema":{"@context":"https:\/\/schema.org","@graph":[{"@type":"WebPage","@id":"https:\/\/glareone.eu\/cs\/produkt\/glareone-fb1520-bw-foldable-photo-background-150x200-cm\/","url":"https:\/\/glareone.eu\/cs\/produkt\/glareone-fb1520-bw-foldable-photo-background-150x200-cm\/","name":"GlareOne FB1520 B&W - t\u0142o sk\u0142adane czarno\/bia\u0142e 150x200 cm","isPartOf":{"@id":"https:\/\/glareone.eu\/cs\/en\/#website"},"primaryImageOfPage":{"@id":"https:\/\/glareone.eu\/cs\/produkt\/glareone-fb1520-bw-foldable-photo-background-150x200-cm\/#primaryimage"},"image":{"@id":"https:\/\/glareone.eu\/cs\/produkt\/glareone-fb1520-bw-foldable-photo-background-150x200-cm\/#primaryimage"},"thumbnailUrl":"https:\/\/glareone.eu\/wp-content\/uploads\/2024\/04\/SBRBWO150X200_001.jpg","datePublished":"2024-04-18T19:26:11+00:00","dateModified":"2025-08-11T09:59:24+00:00","description":"GlareOne FB1520 B&W - t\u0142o sk\u0142adane czarno\/bia\u0142e 150x200 cm","breadcrumb":{"@id":"https:\/\/glareone.eu\/cs\/produkt\/glareone-fb1520-bw-foldable-photo-background-150x200-cm\/#breadcrumb"},"inLanguage":"cs","potentialAction":[{"@type":"ReadAction","target":["https:\/\/glareone.eu\/cs\/produkt\/glareone-fb1520-bw-foldable-photo-background-150x200-cm\/"]}]},{"@type":"ImageObject","inLanguage":"cs","@id":"https:\/\/glareone.eu\/cs\/produkt\/glareone-fb1520-bw-foldable-photo-background-150x200-cm\/#primaryimage","url":"https:\/\/glareone.eu\/wp-content\/uploads\/2024\/04\/SBRBWO150X200_001.jpg","contentUrl":"https:\/\/glareone.eu\/wp-content\/uploads\/2024\/04\/SBRBWO150X200_001.jpg","width":1000,"height":1000},{"@type":"BreadcrumbList","@id":"https:\/\/glareone.eu\/cs\/produkt\/glareone-fb1520-bw-foldable-photo-background-150x200-cm\/#breadcrumb","itemListElement":[{"@type":"ListItem","position":1,"name":"Strona g\u0142\u00f3wna","item":"https:\/\/glareone.eu\/cs\/"},{"@type":"ListItem","position":2,"name":"V\u0161echny produkty","item":"https:\/\/glareone.eu\/cs\/produkty\/vsechny-produkty\/"},{"@type":"ListItem","position":3,"name":"GlareOne FB1520 B&#038;W &#8211; skl\u00e1dac\u00ed fotografick\u00e9 pozad\u00ed, \u010dern\u00e9 a b\u00edl\u00e9, 150 x 200 cm"}]},{"@type":"WebSite","@id":"https:\/\/glareone.eu\/cs\/en\/#website","url":"https:\/\/glareone.eu\/cs\/en\/","name":"GlareOne","description":"Wyposa\u017cenie Studia","publisher":{"@id":"https:\/\/glareone.eu\/cs\/en\/#organization"},"potentialAction":[{"@type":"SearchAction","target":{"@type":"EntryPoint","urlTemplate":"https:\/\/glareone.eu\/cs\/en\/?s={search_term_string}"},"query-input":{"@type":"PropertyValueSpecification","valueRequired":true,"valueName":"search_term_string"}}],"inLanguage":"cs"},{"@type":"Organization","@id":"https:\/\/glareone.eu\/cs\/en\/#organization","name":"GlareOne","url":"https:\/\/glareone.eu\/cs\/en\/","logo":{"@type":"ImageObject","inLanguage":"cs","@id":"https:\/\/glareone.eu\/cs\/en\/#\/schema\/logo\/image\/","url":"http:\/\/glareone.eu\/wp-content\/uploads\/2024\/05\/glareone_logo2020_RGB-01-e1715773127189.png","contentUrl":"http:\/\/glareone.eu\/wp-content\/uploads\/2024\/05\/glareone_logo2020_RGB-01-e1715773127189.png","width":1270,"height":321,"caption":"GlareOne"},"image":{"@id":"https:\/\/glareone.eu\/cs\/en\/#\/schema\/logo\/image\/"},"sameAs":["https:\/\/www.facebook.com\/GlareOneLighting","https:\/\/www.instagram.com\/glareonelighting\/","https:\/\/www.youtube.com\/@GlareOneTV"]}]}},"_links":{"self":[{"href":"https:\/\/glareone.eu\/cs\/wp-json\/wp\/v2\/product\/19629","targetHints":{"allow":["GET"]}}],"collection":[{"href":"https:\/\/glareone.eu\/cs\/wp-json\/wp\/v2\/product"}],"about":[{"href":"https:\/\/glareone.eu\/cs\/wp-json\/wp\/v2\/types\/product"}],"wp:featuredmedia":[{"embeddable":true,"href":"https:\/\/glareone.eu\/cs\/wp-json\/wp\/v2\/media\/19630"}],"wp:attachment":[{"href":"https:\/\/glareone.eu\/cs\/wp-json\/wp\/v2\/media?parent=19629"}],"wp:term":[{"taxonomy":"product_brand","embeddable":true,"href":"https:\/\/glareone.eu\/cs\/wp-json\/wp\/v2\/product_brand?post=19629"},{"taxonomy":"product_cat","embeddable":true,"href":"https:\/\/glareone.eu\/cs\/wp-json\/wp\/v2\/product_cat?post=19629"},{"taxonomy":"product_tag","embeddable":true,"href":"https:\/\/glareone.eu\/cs\/wp-json\/wp\/v2\/product_tag?post=19629"}],"curies":[{"name":"wp","href":"https:\/\/api.w.org\/{rel}","templated":true}]}}