{"id":19583,"date":"2024-04-18T19:26:14","date_gmt":"2024-04-18T19:26:14","guid":{"rendered":"https:\/\/glareone.eu\/product\/glareone-light-tent-60-cm\/"},"modified":"2025-06-06T09:13:51","modified_gmt":"2025-06-06T09:13:51","slug":"glareone-light-tent-60-cm","status":"publish","type":"product","link":"https:\/\/glareone.eu\/cs\/produkt\/glareone-light-tent-60-cm\/","title":{"rendered":"GlareOne Light Tent 60 cm"},"content":{"rendered":"<p>Sv\u011bteln\u00fd stan GlareOne je neoceniteln\u00fdm pomocn\u00edkem p\u0159i fotografov\u00e1n\u00ed produkt\u016f. Umo\u017e\u0148uje rovnom\u011brn\u00e9 osv\u011btlen\u00ed fotografovan\u00e9ho objektu \u2013 pou\u017eit\u00fd difuzn\u00ed materi\u00e1l zaji\u0161\u0165uje rovnom\u011brn\u00e9 rozpt\u00fdlen\u00ed sv\u011btla, stabiln\u00ed barevnou teplotu a eliminuje st\u00edny a odrazy.<\/p>\n<h3>V\u00fdhody sv\u011bteln\u00fdch stan\u016f GlareOne:<\/h3>\n<ul>\n<li>Doporu\u010deno pro kontinu\u00e1ln\u00ed i bleskov\u00e9 zdroje osv\u011btlen\u00ed.<\/li>\n<li>Odn\u00edmateln\u00fd p\u0159edn\u00ed panel poskytuje pohodln\u00fd p\u0159\u00edstup a umo\u017e\u0148uje \u0161irok\u00e9 \u00fahly sn\u00edm\u00e1n\u00ed. Po p\u0159ipevn\u011bn\u00ed umo\u017e\u0148uje fotografov\u00e1n\u00ed vysoce reflexn\u00edch produkt\u016f \u2013 m\u00e1 otvor pro objektiv.<\/li>\n<li>Dod\u00e1v\u00e1 se se 4 pozad\u00edmi p\u0159ipevn\u011bn\u00fdmi such\u00fdm zipem: b\u00edl\u00e9, \u010dern\u00e9, \u010derven\u00e9 a modr\u00e9.<\/li>\n<li>Snadn\u00e1 a rychl\u00e1 mont\u00e1\u017e a demont\u00e1\u017e (podobn\u011b jako fotografick\u00e9 reflektory).<\/li>\n<li>Kompaktn\u00ed rozm\u011bry ve slo\u017een\u00e9m stavu usnad\u0148uj\u00ed skladov\u00e1n\u00ed sv\u011bteln\u00fdch stan\u016f GlareOne i ve velmi omezen\u00e9m prostoru.<\/li>\n<li>\u0160irok\u00e1 \u0161k\u00e1la velikost\u00ed umo\u017e\u0148uje v\u00fdb\u011br sv\u011bteln\u00e9ho stanu GlareOne podle individu\u00e1ln\u00edch pot\u0159eb a velikosti fotografovan\u00fdch produkt\u016f.<\/li>\n<li>Sou\u010d\u00e1st\u00ed balen\u00ed je ochrann\u00fd obal pro p\u0159epravu, kter\u00fd se doporu\u010duje tak\u00e9 pro skladov\u00e1n\u00ed nepou\u017e\u00edvan\u00e9ho stanu, aby se nezne\u010distil nebo nezapr\u00e1\u0161il.<\/li>\n<\/ul>\n<h3>Dostupn\u00e9 verze sv\u011bteln\u00fdch stan\u016f GlareOne:<\/h3>\n<ul>\n<li>50 cm sv\u011bteln\u00fd stan<\/li>\n<li>60 cm sv\u011bteln\u00fd stan<\/li>\n<li>80 cm sv\u011bteln\u00fd stan<\/li>\n<li>100 cm sv\u011bteln\u00fd stan<\/li>\n<li>120 cm sv\u011bteln\u00fd stan<\/li>\n<li>150 cm sv\u011bteln\u00fd stan<\/li>\n<\/ul>\n","protected":false},"excerpt":{"rendered":"<p>Sv\u011bteln\u00fd stan GlareOne je neoceniteln\u00fdm pomocn\u00edkem p\u0159i fotografov\u00e1n\u00ed produkt\u016f. Umo\u017e\u0148uje rovnom\u011brn\u00e9 osv\u011btlen\u00ed fotografovan\u00e9ho objektu \u2013 pou\u017eit\u00fd difuzn\u00ed materi\u00e1l zaji\u0161\u0165uje rovnom\u011brn\u00e9 rozpt\u00fdlen\u00ed sv\u011btla, stabiln\u00ed barevnou teplotu a eliminuje st\u00edny a odrazy. V\u00fdhody sv\u011bteln\u00fdch stan\u016f GlareOne: Doporu\u010deno pro kontinu\u00e1ln\u00ed i bleskov\u00e9 zdroje osv\u011btlen\u00ed. Odn\u00edmateln\u00fd p\u0159edn\u00ed panel poskytuje pohodln\u00fd p\u0159\u00edstup a umo\u017e\u0148uje \u0161irok\u00e9 \u00fahly sn\u00edm\u00e1n\u00ed. Po p\u0159ipevn\u011bn\u00ed umo\u017e\u0148uje [&hellip;]<\/p>\n","protected":false},"featured_media":19584,"template":"","meta":[],"product_brand":[],"product_cat":[571],"product_tag":[],"class_list":{"0":"post-19583","1":"product","2":"type-product","3":"status-publish","4":"has-post-thumbnail","6":"product_cat-fotografie-bez-stinu","8":"first","9":"instock","10":"product-type-simple"},"yoast_head":"<!-- This site is optimized with the Yoast SEO plugin v27.2 - https:\/\/yoast.com\/product\/yoast-seo-wordpress\/ -->\n<title>GlareOne Namiot bezcieniowy 60 cm<\/title>\n<meta name=\"description\" content=\"GlareOne Namiot bezcieniowy 60 cm\" \/>\n<meta name=\"robots\" content=\"index, follow, max-snippet:-1, max-image-preview:large, max-video-preview:-1\" \/>\n<link rel=\"canonical\" href=\"https:\/\/glareone.eu\/cs\/produkt\/glareone-light-tent-60-cm\/\" \/>\n<meta property=\"og:locale\" content=\"cs_CZ\" \/>\n<meta property=\"og:type\" content=\"article\" \/>\n<meta property=\"og:title\" content=\"GlareOne Namiot bezcieniowy 60 cm\" \/>\n<meta property=\"og:description\" content=\"GlareOne Namiot bezcieniowy 60 cm\" \/>\n<meta property=\"og:url\" content=\"https:\/\/glareone.eu\/cs\/produkt\/glareone-light-tent-60-cm\/\" \/>\n<meta property=\"og:site_name\" content=\"GlareOne\" \/>\n<meta property=\"article:publisher\" content=\"https:\/\/www.facebook.com\/GlareOneLighting\" \/>\n<meta property=\"article:modified_time\" content=\"2025-06-06T09:13:51+00:00\" \/>\n<meta property=\"og:image\" content=\"https:\/\/glareone.eu\/wp-content\/uploads\/2024\/04\/SLT60_001.jpg\" \/>\n\t<meta property=\"og:image:width\" content=\"1000\" \/>\n\t<meta property=\"og:image:height\" content=\"1000\" \/>\n\t<meta property=\"og:image:type\" content=\"image\/jpeg\" \/>\n<meta name=\"twitter:card\" content=\"summary_large_image\" \/>\n<meta name=\"twitter:title\" content=\"GlareOne Namiot bezcieniowy 60 cm\" \/>\n<meta name=\"twitter:label1\" content=\"Odhadovan\u00e1 doba \u010dten\u00ed\" \/>\n\t<meta name=\"twitter:data1\" content=\"1 minuta\" \/>\n<script type=\"application\/ld+json\" class=\"yoast-schema-graph\">{\"@context\":\"https:\/\/schema.org\",\"@graph\":[{\"@type\":\"WebPage\",\"@id\":\"https:\/\/glareone.eu\/cs\/produkt\/glareone-light-tent-60-cm\/\",\"url\":\"https:\/\/glareone.eu\/cs\/produkt\/glareone-light-tent-60-cm\/\",\"name\":\"GlareOne Namiot bezcieniowy 60 cm\",\"isPartOf\":{\"@id\":\"https:\/\/glareone.eu\/cs\/en\/#website\"},\"primaryImageOfPage\":{\"@id\":\"https:\/\/glareone.eu\/cs\/produkt\/glareone-light-tent-60-cm\/#primaryimage\"},\"image\":{\"@id\":\"https:\/\/glareone.eu\/cs\/produkt\/glareone-light-tent-60-cm\/#primaryimage\"},\"thumbnailUrl\":\"https:\/\/glareone.eu\/wp-content\/uploads\/2024\/04\/SLT60_001.jpg\",\"datePublished\":\"2024-04-18T19:26:14+00:00\",\"dateModified\":\"2025-06-06T09:13:51+00:00\",\"description\":\"GlareOne Namiot bezcieniowy 60 cm\",\"breadcrumb\":{\"@id\":\"https:\/\/glareone.eu\/cs\/produkt\/glareone-light-tent-60-cm\/#breadcrumb\"},\"inLanguage\":\"cs\",\"potentialAction\":[{\"@type\":\"ReadAction\",\"target\":[\"https:\/\/glareone.eu\/cs\/produkt\/glareone-light-tent-60-cm\/\"]}]},{\"@type\":\"ImageObject\",\"inLanguage\":\"cs\",\"@id\":\"https:\/\/glareone.eu\/cs\/produkt\/glareone-light-tent-60-cm\/#primaryimage\",\"url\":\"https:\/\/glareone.eu\/wp-content\/uploads\/2024\/04\/SLT60_001.jpg\",\"contentUrl\":\"https:\/\/glareone.eu\/wp-content\/uploads\/2024\/04\/SLT60_001.jpg\",\"width\":1000,\"height\":1000},{\"@type\":\"BreadcrumbList\",\"@id\":\"https:\/\/glareone.eu\/cs\/produkt\/glareone-light-tent-60-cm\/#breadcrumb\",\"itemListElement\":[{\"@type\":\"ListItem\",\"position\":1,\"name\":\"Strona g\u0142\u00f3wna\",\"item\":\"https:\/\/glareone.eu\/cs\/\"},{\"@type\":\"ListItem\",\"position\":2,\"name\":\"V\u0161echny produkty\",\"item\":\"https:\/\/glareone.eu\/cs\/produkty\/vsechny-produkty\/\"},{\"@type\":\"ListItem\",\"position\":3,\"name\":\"GlareOne Light Tent 60 cm\"}]},{\"@type\":\"WebSite\",\"@id\":\"https:\/\/glareone.eu\/cs\/en\/#website\",\"url\":\"https:\/\/glareone.eu\/cs\/en\/\",\"name\":\"GlareOne\",\"description\":\"Wyposa\u017cenie Studia\",\"publisher\":{\"@id\":\"https:\/\/glareone.eu\/cs\/en\/#organization\"},\"potentialAction\":[{\"@type\":\"SearchAction\",\"target\":{\"@type\":\"EntryPoint\",\"urlTemplate\":\"https:\/\/glareone.eu\/cs\/en\/?s={search_term_string}\"},\"query-input\":{\"@type\":\"PropertyValueSpecification\",\"valueRequired\":true,\"valueName\":\"search_term_string\"}}],\"inLanguage\":\"cs\"},{\"@type\":\"Organization\",\"@id\":\"https:\/\/glareone.eu\/cs\/en\/#organization\",\"name\":\"GlareOne\",\"url\":\"https:\/\/glareone.eu\/cs\/en\/\",\"logo\":{\"@type\":\"ImageObject\",\"inLanguage\":\"cs\",\"@id\":\"https:\/\/glareone.eu\/cs\/en\/#\/schema\/logo\/image\/\",\"url\":\"http:\/\/glareone.eu\/wp-content\/uploads\/2024\/05\/glareone_logo2020_RGB-01-e1715773127189.png\",\"contentUrl\":\"http:\/\/glareone.eu\/wp-content\/uploads\/2024\/05\/glareone_logo2020_RGB-01-e1715773127189.png\",\"width\":1270,\"height\":321,\"caption\":\"GlareOne\"},\"image\":{\"@id\":\"https:\/\/glareone.eu\/cs\/en\/#\/schema\/logo\/image\/\"},\"sameAs\":[\"https:\/\/www.facebook.com\/GlareOneLighting\",\"https:\/\/www.instagram.com\/glareonelighting\/\",\"https:\/\/www.youtube.com\/@GlareOneTV\"]}]}<\/script>\n<!-- \/ Yoast SEO plugin. -->","yoast_head_json":{"title":"GlareOne Namiot bezcieniowy 60 cm","description":"GlareOne Namiot bezcieniowy 60 cm","robots":{"index":"index","follow":"follow","max-snippet":"max-snippet:-1","max-image-preview":"max-image-preview:large","max-video-preview":"max-video-preview:-1"},"canonical":"https:\/\/glareone.eu\/cs\/produkt\/glareone-light-tent-60-cm\/","og_locale":"cs_CZ","og_type":"article","og_title":"GlareOne Namiot bezcieniowy 60 cm","og_description":"GlareOne Namiot bezcieniowy 60 cm","og_url":"https:\/\/glareone.eu\/cs\/produkt\/glareone-light-tent-60-cm\/","og_site_name":"GlareOne","article_publisher":"https:\/\/www.facebook.com\/GlareOneLighting","article_modified_time":"2025-06-06T09:13:51+00:00","og_image":[{"width":1000,"height":1000,"url":"https:\/\/glareone.eu\/wp-content\/uploads\/2024\/04\/SLT60_001.jpg","type":"image\/jpeg"}],"twitter_card":"summary_large_image","twitter_title":"GlareOne Namiot bezcieniowy 60 cm","twitter_misc":{"Odhadovan\u00e1 doba \u010dten\u00ed":"1 minuta"},"schema":{"@context":"https:\/\/schema.org","@graph":[{"@type":"WebPage","@id":"https:\/\/glareone.eu\/cs\/produkt\/glareone-light-tent-60-cm\/","url":"https:\/\/glareone.eu\/cs\/produkt\/glareone-light-tent-60-cm\/","name":"GlareOne Namiot bezcieniowy 60 cm","isPartOf":{"@id":"https:\/\/glareone.eu\/cs\/en\/#website"},"primaryImageOfPage":{"@id":"https:\/\/glareone.eu\/cs\/produkt\/glareone-light-tent-60-cm\/#primaryimage"},"image":{"@id":"https:\/\/glareone.eu\/cs\/produkt\/glareone-light-tent-60-cm\/#primaryimage"},"thumbnailUrl":"https:\/\/glareone.eu\/wp-content\/uploads\/2024\/04\/SLT60_001.jpg","datePublished":"2024-04-18T19:26:14+00:00","dateModified":"2025-06-06T09:13:51+00:00","description":"GlareOne Namiot bezcieniowy 60 cm","breadcrumb":{"@id":"https:\/\/glareone.eu\/cs\/produkt\/glareone-light-tent-60-cm\/#breadcrumb"},"inLanguage":"cs","potentialAction":[{"@type":"ReadAction","target":["https:\/\/glareone.eu\/cs\/produkt\/glareone-light-tent-60-cm\/"]}]},{"@type":"ImageObject","inLanguage":"cs","@id":"https:\/\/glareone.eu\/cs\/produkt\/glareone-light-tent-60-cm\/#primaryimage","url":"https:\/\/glareone.eu\/wp-content\/uploads\/2024\/04\/SLT60_001.jpg","contentUrl":"https:\/\/glareone.eu\/wp-content\/uploads\/2024\/04\/SLT60_001.jpg","width":1000,"height":1000},{"@type":"BreadcrumbList","@id":"https:\/\/glareone.eu\/cs\/produkt\/glareone-light-tent-60-cm\/#breadcrumb","itemListElement":[{"@type":"ListItem","position":1,"name":"Strona g\u0142\u00f3wna","item":"https:\/\/glareone.eu\/cs\/"},{"@type":"ListItem","position":2,"name":"V\u0161echny produkty","item":"https:\/\/glareone.eu\/cs\/produkty\/vsechny-produkty\/"},{"@type":"ListItem","position":3,"name":"GlareOne Light Tent 60 cm"}]},{"@type":"WebSite","@id":"https:\/\/glareone.eu\/cs\/en\/#website","url":"https:\/\/glareone.eu\/cs\/en\/","name":"GlareOne","description":"Wyposa\u017cenie Studia","publisher":{"@id":"https:\/\/glareone.eu\/cs\/en\/#organization"},"potentialAction":[{"@type":"SearchAction","target":{"@type":"EntryPoint","urlTemplate":"https:\/\/glareone.eu\/cs\/en\/?s={search_term_string}"},"query-input":{"@type":"PropertyValueSpecification","valueRequired":true,"valueName":"search_term_string"}}],"inLanguage":"cs"},{"@type":"Organization","@id":"https:\/\/glareone.eu\/cs\/en\/#organization","name":"GlareOne","url":"https:\/\/glareone.eu\/cs\/en\/","logo":{"@type":"ImageObject","inLanguage":"cs","@id":"https:\/\/glareone.eu\/cs\/en\/#\/schema\/logo\/image\/","url":"http:\/\/glareone.eu\/wp-content\/uploads\/2024\/05\/glareone_logo2020_RGB-01-e1715773127189.png","contentUrl":"http:\/\/glareone.eu\/wp-content\/uploads\/2024\/05\/glareone_logo2020_RGB-01-e1715773127189.png","width":1270,"height":321,"caption":"GlareOne"},"image":{"@id":"https:\/\/glareone.eu\/cs\/en\/#\/schema\/logo\/image\/"},"sameAs":["https:\/\/www.facebook.com\/GlareOneLighting","https:\/\/www.instagram.com\/glareonelighting\/","https:\/\/www.youtube.com\/@GlareOneTV"]}]}},"_links":{"self":[{"href":"https:\/\/glareone.eu\/cs\/wp-json\/wp\/v2\/product\/19583","targetHints":{"allow":["GET"]}}],"collection":[{"href":"https:\/\/glareone.eu\/cs\/wp-json\/wp\/v2\/product"}],"about":[{"href":"https:\/\/glareone.eu\/cs\/wp-json\/wp\/v2\/types\/product"}],"wp:featuredmedia":[{"embeddable":true,"href":"https:\/\/glareone.eu\/cs\/wp-json\/wp\/v2\/media\/19584"}],"wp:attachment":[{"href":"https:\/\/glareone.eu\/cs\/wp-json\/wp\/v2\/media?parent=19583"}],"wp:term":[{"taxonomy":"product_brand","embeddable":true,"href":"https:\/\/glareone.eu\/cs\/wp-json\/wp\/v2\/product_brand?post=19583"},{"taxonomy":"product_cat","embeddable":true,"href":"https:\/\/glareone.eu\/cs\/wp-json\/wp\/v2\/product_cat?post=19583"},{"taxonomy":"product_tag","embeddable":true,"href":"https:\/\/glareone.eu\/cs\/wp-json\/wp\/v2\/product_tag?post=19583"}],"curies":[{"name":"wp","href":"https:\/\/api.w.org\/{rel}","templated":true}]}}