{"id":19502,"date":"2024-04-18T19:26:31","date_gmt":"2024-04-18T19:26:31","guid":{"rendered":"https:\/\/glareone.eu\/product\/glareone-medium-glide\/"},"modified":"2025-10-30T09:52:57","modified_gmt":"2025-10-30T09:52:57","slug":"glareone-medium-glide","status":"publish","type":"product","link":"https:\/\/glareone.eu\/cs\/produkt\/glareone-medium-glide\/","title":{"rendered":"GlareOne Medium Glide &#8211; boom stand"},"content":{"rendered":"<h3><b>Odolnost<\/b><\/h3>\n<p><span style=\"font-weight: 400;\">Heavy Glide je stativ vyroben\u00fd v\u00fdhradn\u011b z pochromovan\u00e9 nerezov\u00e9 oceli, navr\u017een\u00fd pro dlouhou \u017eivotnost a pevnost. V\u0161echny svorky a jejich knofl\u00edky, spojovac\u00ed ty\u010de nohou, mechanismus aretace st\u0159edov\u00e9ho sloupku a odpru\u017een\u00ed kole\u010dek jsou kovov\u00e9.<\/span><\/p>\n<h3><b>Stabilita<\/b><\/h3>\n<p><span style=\"font-weight: 400;\">Heavy Glide je t\u011b\u017ek\u00fd stativ o hmotnosti t\u00e9m\u011b\u0159 20 kg s trubkami z tlust\u00e9 oceli. Jeho nohy jsou vyrobeny z uzav\u0159en\u00fdch profil\u016f o rozm\u011brech 25 x 25 mm, kter\u00e9 v kombinaci s kole\u010dky poskytuj\u00ed z\u00e1kladnu o rozp\u011bt\u00ed 120 cm. To v kombinaci s ocelov\u00fdmi spojkami a svorkami \u010din\u00ed Heavy Glide velmi stabiln\u00edm stativem.<\/span><\/p>\n<h3><b>Nosnost<\/b><\/h3>\n<p><span style=\"font-weight: 400;\">St\u0159edov\u00fd sloupek unese a\u017e 20 kg. M\u016f\u017ee n\u00e9st a\u017e 20 kg, co\u017e usnad\u0148uje pou\u017eit\u00ed i s nejv\u011bt\u0161\u00edmi softboxy a de\u0161tn\u00edky. Pokud pot\u0159ebujete osv\u011btlit fotografick\u00e9 studio shora pomoc\u00ed lampy se softboxem o pr\u016fm\u011bru 120 cm (nebo v\u011bt\u0161\u00edm), bude GlareOne Heavy Glide tou nejlep\u0161\u00ed volbou.<\/span><\/p>\n<h3><b>Rameno<\/b><\/h3>\n<p><span style=\"font-weight: 400;\">Heavy Glide je vybaven mechanismem pro rozlo\u017een\u00ed st\u0159edov\u00e9ho sloupu, d\u00edky \u010demu\u017e je to stativ 2 v 1. Kdy\u017e je st\u0159edov\u00fd sloup ve svisl\u00e9 poloze, dosahuje maxim\u00e1ln\u00ed v\u00fd\u0161ky 405 cm. Tento typ stativu by nem\u011bl chyb\u011bt v \u017e\u00e1dn\u00e9m fotoateli\u00e9ru ani filmov\u00e9m studiu, proto\u017ee umo\u017e\u0148uje bezpe\u010dn\u011b um\u00edstit lampu nad sc\u00e9nu pro osv\u011btlen\u00ed shora. Je\u0159\u00e1b je tak\u00e9 u\u017eite\u010dn\u00fd, kdy\u017e je t\u0159eba lampu zav\u011bsit nad fotoapar\u00e1t nebo videokameru, co\u017e m\u016f\u017ee b\u00fdt s b\u011b\u017en\u00fdm stativem obt\u00ed\u017en\u00e9 nebo dokonce nemo\u017en\u00e9.<\/span><\/p>\n<h3><b>Horsk\u00e1 noha<\/b><\/h3>\n<p><span style=\"font-weight: 400;\">D\u00e9lku jedn\u00e9 z nohou lze nastavit, co\u017e umo\u017e\u0148uje postavit stativ na m\u00edstech, kde by b\u011b\u017en\u00e9 stativy nemohly bezpe\u010dn\u011b st\u00e1t. Mechanismus \u201ehorsk\u00e9 nohy\u201c usnad\u0148uje um\u00edst\u011bn\u00ed Heavy Glide na svahu a jeho spr\u00e1vn\u00e9 vyrovn\u00e1n\u00ed, co\u017e je velmi dobr\u00e9 pro bezpe\u010dnost na sc\u00e9n\u011b.<\/span><\/p>\n<h3><b>Hlava<\/b><\/h3>\n<p><span style=\"font-weight: 400;\">Heavy Glide je zakon\u010den robustn\u00ed hlavou vybavenou 29mm junior socketem a 16mm stylusem pro p\u0159\u00edm\u00e9 upevn\u011bn\u00ed lampy. Trn lze skr\u00fdt uvnit\u0159 hlavy nebo namontovat kolmo a rovnob\u011b\u017en\u011b s jej\u00ed osou. Aby se zabr\u00e1nilo ot\u00e1\u010den\u00ed lampy namontovan\u00e9 na je\u0159\u00e1bu b\u011bhem provozu, je d\u0159\u00edk dr\u00e1\u017ekovan\u00fd. Hlava je vybavena m\u00edstem pro p\u0159ipevn\u011bn\u00ed \u00favazk\u016f, kter\u00e9 slou\u017e\u00ed ke stabilizaci p\u0159i pr\u00e1ci ve v\u00fd\u0161k\u00e1ch, p\u0159i instalaci na nerovn\u00e9m povrchu nebo ke stabilizaci p\u0159i n\u00e1razech v\u011btru na voln\u00e9m prostranstv\u00ed.<\/span><\/p>\n<h3><b>Detaily<\/b><\/h3>\n<p><span style=\"font-weight: 400;\">T\u00e9m\u011b\u0159 v\u0161echny spoje na tomto stativu jsou vyrobeny pomoc\u00ed \u0161roub\u016f a nikoli n\u00fdt\u016f, kter\u00e9 se obvykle pou\u017e\u00edvaj\u00ed u levn\u011bj\u0161\u00edch stativ\u016f. Heavy Glide je dod\u00e1v\u00e1n se sadou kl\u00ed\u010d\u016f, kter\u00e9 jsou pot\u0159ebn\u00e9 k p\u0159ipevn\u011bn\u00ed kole\u010dek a uta\u017een\u00ed \u0161roub\u016f v p\u0159\u00edpad\u011b pot\u0159eby. Mechanismus nakl\u00e1p\u011bn\u00ed ramena je vybaven velkou rukojet\u00ed, kter\u00e1 zaru\u010duje pevn\u00fd \u00fachop, kter\u00fd je tak d\u016fle\u017eit\u00fd pro bezpe\u010dnou pr\u00e1ci. Druh\u00fd konec ramena je opat\u0159en smy\u010dkou pro zav\u011b\u0161en\u00ed protiz\u00e1va\u017e\u00ed. Kole\u010dka maj\u00ed velk\u00fd pr\u016fm\u011br (10 mm) a jsou vybavena brzdami. V\u0161echny \u010d\u00e1sti stativu jsou odpru\u017eeny pru\u017einami.<\/span><\/p>\n<h3><b>Vlastnosti produktu:<\/b><\/h3>\n<ul>\n<li style=\"font-weight: 400;\" aria-level=\"1\"><span style=\"font-weight: 400;\">Odoln\u00fd, celokovov\u00fd stativ pro speci\u00e1ln\u00ed \u00fakoly<\/span><\/li>\n<li style=\"font-weight: 400;\" aria-level=\"1\"><span style=\"font-weight: 400;\">D\u00edky sklopn\u00e9mu st\u0159edov\u00e9mu sloupu lze pou\u017e\u00edt jako v\u00fdlo\u017en\u00edk<\/span><\/li>\n<li style=\"font-weight: 400;\" aria-level=\"1\"><span style=\"font-weight: 400;\">Ide\u00e1ln\u00ed pro pou\u017eit\u00ed se studiovou lampou a velk\u00fdm softboxem<\/span><\/li>\n<li style=\"font-weight: 400;\" aria-level=\"1\"><span style=\"font-weight: 400;\">Dosahuje maxim\u00e1ln\u00ed v\u00fd\u0161ky p\u0159es 5 metr\u016f<\/span><\/li>\n<li style=\"font-weight: 400;\" aria-level=\"1\"><span style=\"font-weight: 400;\">M\u00e1 velmi \u0161irokou z\u00e1kladnu nohou, kter\u00e1 zaji\u0161\u0165uje vysokou stabilitu<\/span><\/li>\n<li style=\"font-weight: 400;\" aria-level=\"1\"><span style=\"font-weight: 400;\">Spojovac\u00ed svorky a mechanismus ramene jsou kovov\u00e9<\/span><\/li>\n<li style=\"font-weight: 400;\" aria-level=\"1\"><span style=\"font-weight: 400;\">M\u00e1 hlavu s v\u00fdsuvn\u00fdm \u010depem 3\/8\u201e (16 mm) a juniorovou obj\u00edmkou 29,5\u201c (29,5 mm)<\/span><\/li>\n<li style=\"font-weight: 400;\" aria-level=\"1\"><span style=\"font-weight: 400;\">Up\u00ednac\u00ed knofl\u00edky jsou velk\u00e9 a ergonomicky tvarovan\u00e9<\/span><\/li>\n<li style=\"font-weight: 400;\" aria-level=\"1\"><span style=\"font-weight: 400;\">Maxim\u00e1ln\u00ed d\u00e9lka ramena je 195 cm<\/span><\/li>\n<li style=\"font-weight: 400;\" aria-level=\"1\"><span style=\"font-weight: 400;\">Je vybaven kole\u010dky<\/span><\/li>\n<li style=\"font-weight: 400;\" aria-level=\"1\"><span style=\"font-weight: 400;\">Unese a\u017e 20 kg<\/span><\/li>\n<li style=\"font-weight: 400;\" aria-level=\"1\"><span style=\"font-weight: 400;\">Je vybaven pru\u017einov\u00fdm odpru\u017een\u00edm sekc\u00ed<\/span><\/li>\n<li style=\"font-weight: 400;\" aria-level=\"1\"><span style=\"font-weight: 400;\">Dod\u00e1v\u00e1 se s kl\u00ed\u010di pot\u0159ebn\u00fdmi pro mont\u00e1\u017e, kole\u010dky a protiz\u00e1va\u017e\u00edm<\/span><\/li>\n<\/ul>\n","protected":false},"excerpt":{"rendered":"<p><span style=\"color: #ff0000;\">Archivovan\u00fd produkt.<\/span><\/p>\n","protected":false},"featured_media":19504,"template":"","meta":[],"product_brand":[],"product_cat":[574],"product_tag":[],"class_list":{"0":"post-19502","1":"product","2":"type-product","3":"status-publish","4":"has-post-thumbnail","6":"product_cat-glide-cs","8":"first","9":"instock","10":"product-type-simple"},"yoast_head":"<!-- This site is optimized with the Yoast SEO plugin v27.2 - https:\/\/yoast.com\/product\/yoast-seo-wordpress\/ -->\n<title>GlareOne Medium Glide - statyw typu boom<\/title>\n<meta name=\"description\" content=\"GlareOne Medium Glide - statyw typu boom\" \/>\n<meta name=\"robots\" content=\"index, follow, max-snippet:-1, max-image-preview:large, max-video-preview:-1\" \/>\n<link rel=\"canonical\" href=\"https:\/\/glareone.eu\/cs\/produkt\/glareone-medium-glide\/\" \/>\n<meta property=\"og:locale\" content=\"cs_CZ\" \/>\n<meta property=\"og:type\" content=\"article\" \/>\n<meta property=\"og:title\" content=\"GlareOne Medium Glide - statyw typu boom\" \/>\n<meta property=\"og:description\" content=\"GlareOne Medium Glide - statyw typu boom\" \/>\n<meta property=\"og:url\" content=\"https:\/\/glareone.eu\/cs\/produkt\/glareone-medium-glide\/\" \/>\n<meta property=\"og:site_name\" content=\"GlareOne\" \/>\n<meta property=\"article:publisher\" content=\"https:\/\/www.facebook.com\/GlareOneLighting\" \/>\n<meta property=\"article:modified_time\" content=\"2025-10-30T09:52:57+00:00\" \/>\n<meta property=\"og:image\" content=\"https:\/\/glareone.eu\/wp-content\/uploads\/2024\/04\/GlareOne-Medium-Glide-07_tn.jpg\" \/>\n\t<meta property=\"og:image:width\" content=\"1200\" \/>\n\t<meta property=\"og:image:height\" content=\"1200\" \/>\n\t<meta property=\"og:image:type\" content=\"image\/jpeg\" \/>\n<meta name=\"twitter:card\" content=\"summary_large_image\" \/>\n<meta name=\"twitter:title\" content=\"GlareOne Medium Glide - statyw typu boom\" \/>\n<meta name=\"twitter:label1\" content=\"Odhadovan\u00e1 doba \u010dten\u00ed\" \/>\n\t<meta name=\"twitter:data1\" content=\"3 minuty\" \/>\n<script type=\"application\/ld+json\" class=\"yoast-schema-graph\">{\"@context\":\"https:\/\/schema.org\",\"@graph\":[{\"@type\":\"WebPage\",\"@id\":\"https:\/\/glareone.eu\/cs\/produkt\/glareone-medium-glide\/\",\"url\":\"https:\/\/glareone.eu\/cs\/produkt\/glareone-medium-glide\/\",\"name\":\"GlareOne Medium Glide - statyw typu boom\",\"isPartOf\":{\"@id\":\"https:\/\/glareone.eu\/cs\/en\/#website\"},\"primaryImageOfPage\":{\"@id\":\"https:\/\/glareone.eu\/cs\/produkt\/glareone-medium-glide\/#primaryimage\"},\"image\":{\"@id\":\"https:\/\/glareone.eu\/cs\/produkt\/glareone-medium-glide\/#primaryimage\"},\"thumbnailUrl\":\"https:\/\/glareone.eu\/wp-content\/uploads\/2024\/04\/GlareOne-Medium-Glide-07_tn.jpg\",\"datePublished\":\"2024-04-18T19:26:31+00:00\",\"dateModified\":\"2025-10-30T09:52:57+00:00\",\"description\":\"GlareOne Medium Glide - statyw typu boom\",\"breadcrumb\":{\"@id\":\"https:\/\/glareone.eu\/cs\/produkt\/glareone-medium-glide\/#breadcrumb\"},\"inLanguage\":\"cs\",\"potentialAction\":[{\"@type\":\"ReadAction\",\"target\":[\"https:\/\/glareone.eu\/cs\/produkt\/glareone-medium-glide\/\"]}]},{\"@type\":\"ImageObject\",\"inLanguage\":\"cs\",\"@id\":\"https:\/\/glareone.eu\/cs\/produkt\/glareone-medium-glide\/#primaryimage\",\"url\":\"https:\/\/glareone.eu\/wp-content\/uploads\/2024\/04\/GlareOne-Medium-Glide-07_tn.jpg\",\"contentUrl\":\"https:\/\/glareone.eu\/wp-content\/uploads\/2024\/04\/GlareOne-Medium-Glide-07_tn.jpg\",\"width\":1200,\"height\":1200},{\"@type\":\"BreadcrumbList\",\"@id\":\"https:\/\/glareone.eu\/cs\/produkt\/glareone-medium-glide\/#breadcrumb\",\"itemListElement\":[{\"@type\":\"ListItem\",\"position\":1,\"name\":\"Strona g\u0142\u00f3wna\",\"item\":\"https:\/\/glareone.eu\/cs\/\"},{\"@type\":\"ListItem\",\"position\":2,\"name\":\"V\u0161echny produkty\",\"item\":\"https:\/\/glareone.eu\/cs\/produkty\/vsechny-produkty\/\"},{\"@type\":\"ListItem\",\"position\":3,\"name\":\"GlareOne Medium Glide &#8211; boom stand\"}]},{\"@type\":\"WebSite\",\"@id\":\"https:\/\/glareone.eu\/cs\/en\/#website\",\"url\":\"https:\/\/glareone.eu\/cs\/en\/\",\"name\":\"GlareOne\",\"description\":\"Wyposa\u017cenie Studia\",\"publisher\":{\"@id\":\"https:\/\/glareone.eu\/cs\/en\/#organization\"},\"potentialAction\":[{\"@type\":\"SearchAction\",\"target\":{\"@type\":\"EntryPoint\",\"urlTemplate\":\"https:\/\/glareone.eu\/cs\/en\/?s={search_term_string}\"},\"query-input\":{\"@type\":\"PropertyValueSpecification\",\"valueRequired\":true,\"valueName\":\"search_term_string\"}}],\"inLanguage\":\"cs\"},{\"@type\":\"Organization\",\"@id\":\"https:\/\/glareone.eu\/cs\/en\/#organization\",\"name\":\"GlareOne\",\"url\":\"https:\/\/glareone.eu\/cs\/en\/\",\"logo\":{\"@type\":\"ImageObject\",\"inLanguage\":\"cs\",\"@id\":\"https:\/\/glareone.eu\/cs\/en\/#\/schema\/logo\/image\/\",\"url\":\"http:\/\/glareone.eu\/wp-content\/uploads\/2024\/05\/glareone_logo2020_RGB-01-e1715773127189.png\",\"contentUrl\":\"http:\/\/glareone.eu\/wp-content\/uploads\/2024\/05\/glareone_logo2020_RGB-01-e1715773127189.png\",\"width\":1270,\"height\":321,\"caption\":\"GlareOne\"},\"image\":{\"@id\":\"https:\/\/glareone.eu\/cs\/en\/#\/schema\/logo\/image\/\"},\"sameAs\":[\"https:\/\/www.facebook.com\/GlareOneLighting\",\"https:\/\/www.instagram.com\/glareonelighting\/\",\"https:\/\/www.youtube.com\/@GlareOneTV\"]}]}<\/script>\n<!-- \/ Yoast SEO plugin. -->","yoast_head_json":{"title":"GlareOne Medium Glide - statyw typu boom","description":"GlareOne Medium Glide - statyw typu boom","robots":{"index":"index","follow":"follow","max-snippet":"max-snippet:-1","max-image-preview":"max-image-preview:large","max-video-preview":"max-video-preview:-1"},"canonical":"https:\/\/glareone.eu\/cs\/produkt\/glareone-medium-glide\/","og_locale":"cs_CZ","og_type":"article","og_title":"GlareOne Medium Glide - statyw typu boom","og_description":"GlareOne Medium Glide - statyw typu boom","og_url":"https:\/\/glareone.eu\/cs\/produkt\/glareone-medium-glide\/","og_site_name":"GlareOne","article_publisher":"https:\/\/www.facebook.com\/GlareOneLighting","article_modified_time":"2025-10-30T09:52:57+00:00","og_image":[{"width":1200,"height":1200,"url":"https:\/\/glareone.eu\/wp-content\/uploads\/2024\/04\/GlareOne-Medium-Glide-07_tn.jpg","type":"image\/jpeg"}],"twitter_card":"summary_large_image","twitter_title":"GlareOne Medium Glide - statyw typu boom","twitter_misc":{"Odhadovan\u00e1 doba \u010dten\u00ed":"3 minuty"},"schema":{"@context":"https:\/\/schema.org","@graph":[{"@type":"WebPage","@id":"https:\/\/glareone.eu\/cs\/produkt\/glareone-medium-glide\/","url":"https:\/\/glareone.eu\/cs\/produkt\/glareone-medium-glide\/","name":"GlareOne Medium Glide - statyw typu boom","isPartOf":{"@id":"https:\/\/glareone.eu\/cs\/en\/#website"},"primaryImageOfPage":{"@id":"https:\/\/glareone.eu\/cs\/produkt\/glareone-medium-glide\/#primaryimage"},"image":{"@id":"https:\/\/glareone.eu\/cs\/produkt\/glareone-medium-glide\/#primaryimage"},"thumbnailUrl":"https:\/\/glareone.eu\/wp-content\/uploads\/2024\/04\/GlareOne-Medium-Glide-07_tn.jpg","datePublished":"2024-04-18T19:26:31+00:00","dateModified":"2025-10-30T09:52:57+00:00","description":"GlareOne Medium Glide - statyw typu boom","breadcrumb":{"@id":"https:\/\/glareone.eu\/cs\/produkt\/glareone-medium-glide\/#breadcrumb"},"inLanguage":"cs","potentialAction":[{"@type":"ReadAction","target":["https:\/\/glareone.eu\/cs\/produkt\/glareone-medium-glide\/"]}]},{"@type":"ImageObject","inLanguage":"cs","@id":"https:\/\/glareone.eu\/cs\/produkt\/glareone-medium-glide\/#primaryimage","url":"https:\/\/glareone.eu\/wp-content\/uploads\/2024\/04\/GlareOne-Medium-Glide-07_tn.jpg","contentUrl":"https:\/\/glareone.eu\/wp-content\/uploads\/2024\/04\/GlareOne-Medium-Glide-07_tn.jpg","width":1200,"height":1200},{"@type":"BreadcrumbList","@id":"https:\/\/glareone.eu\/cs\/produkt\/glareone-medium-glide\/#breadcrumb","itemListElement":[{"@type":"ListItem","position":1,"name":"Strona g\u0142\u00f3wna","item":"https:\/\/glareone.eu\/cs\/"},{"@type":"ListItem","position":2,"name":"V\u0161echny produkty","item":"https:\/\/glareone.eu\/cs\/produkty\/vsechny-produkty\/"},{"@type":"ListItem","position":3,"name":"GlareOne Medium Glide &#8211; boom stand"}]},{"@type":"WebSite","@id":"https:\/\/glareone.eu\/cs\/en\/#website","url":"https:\/\/glareone.eu\/cs\/en\/","name":"GlareOne","description":"Wyposa\u017cenie Studia","publisher":{"@id":"https:\/\/glareone.eu\/cs\/en\/#organization"},"potentialAction":[{"@type":"SearchAction","target":{"@type":"EntryPoint","urlTemplate":"https:\/\/glareone.eu\/cs\/en\/?s={search_term_string}"},"query-input":{"@type":"PropertyValueSpecification","valueRequired":true,"valueName":"search_term_string"}}],"inLanguage":"cs"},{"@type":"Organization","@id":"https:\/\/glareone.eu\/cs\/en\/#organization","name":"GlareOne","url":"https:\/\/glareone.eu\/cs\/en\/","logo":{"@type":"ImageObject","inLanguage":"cs","@id":"https:\/\/glareone.eu\/cs\/en\/#\/schema\/logo\/image\/","url":"http:\/\/glareone.eu\/wp-content\/uploads\/2024\/05\/glareone_logo2020_RGB-01-e1715773127189.png","contentUrl":"http:\/\/glareone.eu\/wp-content\/uploads\/2024\/05\/glareone_logo2020_RGB-01-e1715773127189.png","width":1270,"height":321,"caption":"GlareOne"},"image":{"@id":"https:\/\/glareone.eu\/cs\/en\/#\/schema\/logo\/image\/"},"sameAs":["https:\/\/www.facebook.com\/GlareOneLighting","https:\/\/www.instagram.com\/glareonelighting\/","https:\/\/www.youtube.com\/@GlareOneTV"]}]}},"_links":{"self":[{"href":"https:\/\/glareone.eu\/cs\/wp-json\/wp\/v2\/product\/19502","targetHints":{"allow":["GET"]}}],"collection":[{"href":"https:\/\/glareone.eu\/cs\/wp-json\/wp\/v2\/product"}],"about":[{"href":"https:\/\/glareone.eu\/cs\/wp-json\/wp\/v2\/types\/product"}],"wp:featuredmedia":[{"embeddable":true,"href":"https:\/\/glareone.eu\/cs\/wp-json\/wp\/v2\/media\/19504"}],"wp:attachment":[{"href":"https:\/\/glareone.eu\/cs\/wp-json\/wp\/v2\/media?parent=19502"}],"wp:term":[{"taxonomy":"product_brand","embeddable":true,"href":"https:\/\/glareone.eu\/cs\/wp-json\/wp\/v2\/product_brand?post=19502"},{"taxonomy":"product_cat","embeddable":true,"href":"https:\/\/glareone.eu\/cs\/wp-json\/wp\/v2\/product_cat?post=19502"},{"taxonomy":"product_tag","embeddable":true,"href":"https:\/\/glareone.eu\/cs\/wp-json\/wp\/v2\/product_tag?post=19502"}],"curies":[{"name":"wp","href":"https:\/\/api.w.org\/{rel}","templated":true}]}}