{"id":19494,"date":"2024-04-18T19:26:29","date_gmt":"2024-04-18T19:26:29","guid":{"rendered":"https:\/\/glareone.eu\/product\/glareone-mini-glide\/"},"modified":"2025-08-11T10:21:58","modified_gmt":"2025-08-11T10:21:58","slug":"glareone-mini-glide","status":"publish","type":"product","link":"https:\/\/glareone.eu\/cs\/produkt\/glareone-mini-glide\/","title":{"rendered":"GlareOne Mini Glide &#8211; studiov\u00fd stojan"},"content":{"rendered":"<p><span style=\"font-weight: 400;\">N\u00edzk\u00fd stojan s odn\u00edmateln\u00fdm st\u0159edov\u00fdm sloupem.<\/span><\/p>\n<h3><b>Pot\u0159ebujete<\/b><\/h3>\n<p><span style=\"font-weight: 400;\">Mini Glide je nezbytn\u00fdm n\u00e1strojem v ka\u017ed\u00e9m studiu. D\u00edky tomuto mal\u00e9mu stojanu m\u016f\u017eete um\u00edstit sv\u011btlo bl\u00edzko k zemi a z\u00edskat tak mnoho jedine\u010dn\u00fdch mo\u017enost\u00ed p\u0159i nastavov\u00e1n\u00ed cel\u00e9 sc\u00e9ny. Mini Glide m\u016f\u017ee dr\u017eet va\u0161e pozad\u00ed skryt\u00e9 za objektem nebo vyplnit sv\u011btlo t\u011bsn\u011b pod zorn\u00fdm polem objektivu p\u0159i fotografov\u00e1n\u00ed portr\u00e9t\u016f.<\/span><\/p>\n<h3><b>Detaily<\/b><\/h3>\n<p><span style=\"font-weight: 400;\">Mini Glide je vybaven 40mm kole\u010dky, kter\u00e9 usnad\u0148uj\u00ed p\u0159esun stativu se sv\u011btlem a softboxem. Vestav\u011bnou brzdu m\u016f\u017eete pou\u017e\u00edt k zaji\u0161t\u011bn\u00ed proti n\u00e1hodn\u00e9mu pohybu. \u010cep m\u00e1 dva upev\u0148ovac\u00ed body: 1\/4\u201d a 3\/8\u201d a lze jej namontovat ve svisl\u00e9 i vodorovn\u00e9 poloze. Jednu z nohou m\u016f\u017eete naklonit nahoru nebo dol\u016f, abyste zm\u011bnili \u00fahel cel\u00e9ho stojanu a udr\u017eeli jej ve svisl\u00e9 poloze.<\/span><\/p>\n<h3><b>Odoln\u00fd<\/b><\/h3>\n<p><span style=\"font-weight: 400;\">Nohy, spoje a trubky jsou vyrobeny z kovu, aby byla zaji\u0161t\u011bna odolnost, tuhost a dlouh\u00e1 \u017eivotnost.<\/span><\/p>\n<p><span style=\"font-weight: 400;\">Jedin\u00fdmi nekovov\u00fdmi \u010d\u00e1stmi jsou \u0161roubov\u00e9 \u00fachyty, kter\u00e9 zaji\u0161\u0165uj\u00ed polohu jednotliv\u00fdch \u010d\u00e1st\u00ed, a kole\u010dka.<\/span><\/p>\n<h3><b>Vlastnosti produktu:<\/b><\/h3>\n<ul>\n<li style=\"font-weight: 400;\" aria-level=\"1\"><span style=\"font-weight: 400;\">St\u0159edov\u00fd sloup nastaviteln\u00fd od 68 do 48 cm<\/span><\/li>\n<li style=\"font-weight: 400;\" aria-level=\"1\"><span style=\"font-weight: 400;\">\u0161irok\u00e1 z\u00e1kladna nohou a n\u00edzk\u00e9 t\u011b\u017ei\u0161t\u011b<\/span><\/li>\n<li style=\"font-weight: 400;\" aria-level=\"1\"><span style=\"font-weight: 400;\">nohy a jejich spojovac\u00ed prvky jsou vyrobeny z oceli<\/span><\/li>\n<li style=\"font-weight: 400;\" aria-level=\"1\"><span style=\"font-weight: 400;\">jedna noha umo\u017e\u0148uje nastavit \u00fahel stojanu<\/span><\/li>\n<li style=\"font-weight: 400;\" aria-level=\"1\"><span style=\"font-weight: 400;\">Mont\u00e1\u017en\u00ed \u010dep je oto\u010dn\u00fd a odn\u00edmateln\u00fd<\/span><\/li>\n<li style=\"font-weight: 400;\" aria-level=\"1\"><span style=\"font-weight: 400;\">Minim\u00e1ln\u00ed v\u00fd\u0161ka je 19 cm (bez st\u0159edov\u00e9ho sloupku)<\/span><\/li>\n<li style=\"font-weight: 400;\" aria-level=\"1\"><span style=\"font-weight: 400;\">Sada kole\u010dek je sou\u010d\u00e1st\u00ed balen\u00ed<\/span><\/li>\n<li style=\"font-weight: 400;\" aria-level=\"1\"><span style=\"font-weight: 400;\">Nosnost a\u017e 6 kg<\/span><\/li>\n<\/ul>\n","protected":false},"excerpt":{"rendered":"<p>N\u00edzk\u00fd stojan s odn\u00edmateln\u00fdm st\u0159edov\u00fdm sloupem. Pot\u0159ebujete Mini Glide je nezbytn\u00fdm n\u00e1strojem v ka\u017ed\u00e9m studiu. D\u00edky tomuto mal\u00e9mu stojanu m\u016f\u017eete um\u00edstit sv\u011btlo bl\u00edzko k zemi a z\u00edskat tak mnoho jedine\u010dn\u00fdch mo\u017enost\u00ed p\u0159i nastavov\u00e1n\u00ed cel\u00e9 sc\u00e9ny. Mini Glide m\u016f\u017ee dr\u017eet va\u0161e pozad\u00ed skryt\u00e9 za objektem nebo vyplnit sv\u011btlo t\u011bsn\u011b pod zorn\u00fdm polem objektivu p\u0159i fotografov\u00e1n\u00ed portr\u00e9t\u016f. [&hellip;]<\/p>\n","protected":false},"featured_media":19495,"template":"","meta":[],"product_brand":[],"product_cat":[574],"product_tag":[],"class_list":{"0":"post-19494","1":"product","2":"type-product","3":"status-publish","4":"has-post-thumbnail","6":"product_cat-glide-cs","8":"first","9":"instock","10":"product-type-simple"},"yoast_head":"<!-- This site is optimized with the Yoast SEO plugin v27.2 - https:\/\/yoast.com\/product\/yoast-seo-wordpress\/ -->\n<title>GlareOne Mini Glide - niski statyw o\u015bwietleniowy<\/title>\n<meta name=\"description\" content=\"GlareOne Mini Glide - niski statyw o\u015bwietleniowy\" \/>\n<meta name=\"robots\" content=\"index, follow, max-snippet:-1, max-image-preview:large, max-video-preview:-1\" \/>\n<link rel=\"canonical\" href=\"https:\/\/glareone.eu\/cs\/produkt\/glareone-mini-glide\/\" \/>\n<meta property=\"og:locale\" content=\"cs_CZ\" \/>\n<meta property=\"og:type\" content=\"article\" \/>\n<meta property=\"og:title\" content=\"GlareOne Mini Glide - niski statyw o\u015bwietleniowy\" \/>\n<meta property=\"og:description\" content=\"GlareOne Mini Glide - niski statyw o\u015bwietleniowy\" \/>\n<meta property=\"og:url\" content=\"https:\/\/glareone.eu\/cs\/produkt\/glareone-mini-glide\/\" \/>\n<meta property=\"og:site_name\" content=\"GlareOne\" \/>\n<meta property=\"article:publisher\" content=\"https:\/\/www.facebook.com\/GlareOneLighting\" \/>\n<meta property=\"article:modified_time\" content=\"2025-08-11T10:21:58+00:00\" \/>\n<meta property=\"og:image\" content=\"https:\/\/glareone.eu\/wp-content\/uploads\/2024\/04\/GlareOne-Mini-Glide-01.jpg\" \/>\n\t<meta property=\"og:image:width\" content=\"1200\" \/>\n\t<meta property=\"og:image:height\" content=\"1200\" \/>\n\t<meta property=\"og:image:type\" content=\"image\/jpeg\" \/>\n<meta name=\"twitter:card\" content=\"summary_large_image\" \/>\n<meta name=\"twitter:title\" content=\"GlareOne Mini Glide - niski statyw o\u015bwietleniowy\" \/>\n<meta name=\"twitter:label1\" content=\"Odhadovan\u00e1 doba \u010dten\u00ed\" \/>\n\t<meta name=\"twitter:data1\" content=\"1 minuta\" \/>\n<script type=\"application\/ld+json\" class=\"yoast-schema-graph\">{\"@context\":\"https:\/\/schema.org\",\"@graph\":[{\"@type\":\"WebPage\",\"@id\":\"https:\/\/glareone.eu\/cs\/produkt\/glareone-mini-glide\/\",\"url\":\"https:\/\/glareone.eu\/cs\/produkt\/glareone-mini-glide\/\",\"name\":\"GlareOne Mini Glide - niski statyw o\u015bwietleniowy\",\"isPartOf\":{\"@id\":\"https:\/\/glareone.eu\/cs\/en\/#website\"},\"primaryImageOfPage\":{\"@id\":\"https:\/\/glareone.eu\/cs\/produkt\/glareone-mini-glide\/#primaryimage\"},\"image\":{\"@id\":\"https:\/\/glareone.eu\/cs\/produkt\/glareone-mini-glide\/#primaryimage\"},\"thumbnailUrl\":\"https:\/\/glareone.eu\/wp-content\/uploads\/2024\/04\/GlareOne-Mini-Glide-01.jpg\",\"datePublished\":\"2024-04-18T19:26:29+00:00\",\"dateModified\":\"2025-08-11T10:21:58+00:00\",\"description\":\"GlareOne Mini Glide - niski statyw o\u015bwietleniowy\",\"breadcrumb\":{\"@id\":\"https:\/\/glareone.eu\/cs\/produkt\/glareone-mini-glide\/#breadcrumb\"},\"inLanguage\":\"cs\",\"potentialAction\":[{\"@type\":\"ReadAction\",\"target\":[\"https:\/\/glareone.eu\/cs\/produkt\/glareone-mini-glide\/\"]}]},{\"@type\":\"ImageObject\",\"inLanguage\":\"cs\",\"@id\":\"https:\/\/glareone.eu\/cs\/produkt\/glareone-mini-glide\/#primaryimage\",\"url\":\"https:\/\/glareone.eu\/wp-content\/uploads\/2024\/04\/GlareOne-Mini-Glide-01.jpg\",\"contentUrl\":\"https:\/\/glareone.eu\/wp-content\/uploads\/2024\/04\/GlareOne-Mini-Glide-01.jpg\",\"width\":1200,\"height\":1200},{\"@type\":\"BreadcrumbList\",\"@id\":\"https:\/\/glareone.eu\/cs\/produkt\/glareone-mini-glide\/#breadcrumb\",\"itemListElement\":[{\"@type\":\"ListItem\",\"position\":1,\"name\":\"Strona g\u0142\u00f3wna\",\"item\":\"https:\/\/glareone.eu\/cs\/\"},{\"@type\":\"ListItem\",\"position\":2,\"name\":\"V\u0161echny produkty\",\"item\":\"https:\/\/glareone.eu\/cs\/produkty\/vsechny-produkty\/\"},{\"@type\":\"ListItem\",\"position\":3,\"name\":\"GlareOne Mini Glide &#8211; studiov\u00fd stojan\"}]},{\"@type\":\"WebSite\",\"@id\":\"https:\/\/glareone.eu\/cs\/en\/#website\",\"url\":\"https:\/\/glareone.eu\/cs\/en\/\",\"name\":\"GlareOne\",\"description\":\"Wyposa\u017cenie Studia\",\"publisher\":{\"@id\":\"https:\/\/glareone.eu\/cs\/en\/#organization\"},\"potentialAction\":[{\"@type\":\"SearchAction\",\"target\":{\"@type\":\"EntryPoint\",\"urlTemplate\":\"https:\/\/glareone.eu\/cs\/en\/?s={search_term_string}\"},\"query-input\":{\"@type\":\"PropertyValueSpecification\",\"valueRequired\":true,\"valueName\":\"search_term_string\"}}],\"inLanguage\":\"cs\"},{\"@type\":\"Organization\",\"@id\":\"https:\/\/glareone.eu\/cs\/en\/#organization\",\"name\":\"GlareOne\",\"url\":\"https:\/\/glareone.eu\/cs\/en\/\",\"logo\":{\"@type\":\"ImageObject\",\"inLanguage\":\"cs\",\"@id\":\"https:\/\/glareone.eu\/cs\/en\/#\/schema\/logo\/image\/\",\"url\":\"http:\/\/glareone.eu\/wp-content\/uploads\/2024\/05\/glareone_logo2020_RGB-01-e1715773127189.png\",\"contentUrl\":\"http:\/\/glareone.eu\/wp-content\/uploads\/2024\/05\/glareone_logo2020_RGB-01-e1715773127189.png\",\"width\":1270,\"height\":321,\"caption\":\"GlareOne\"},\"image\":{\"@id\":\"https:\/\/glareone.eu\/cs\/en\/#\/schema\/logo\/image\/\"},\"sameAs\":[\"https:\/\/www.facebook.com\/GlareOneLighting\",\"https:\/\/www.instagram.com\/glareonelighting\/\",\"https:\/\/www.youtube.com\/@GlareOneTV\"]}]}<\/script>\n<!-- \/ Yoast SEO plugin. -->","yoast_head_json":{"title":"GlareOne Mini Glide - niski statyw o\u015bwietleniowy","description":"GlareOne Mini Glide - niski statyw o\u015bwietleniowy","robots":{"index":"index","follow":"follow","max-snippet":"max-snippet:-1","max-image-preview":"max-image-preview:large","max-video-preview":"max-video-preview:-1"},"canonical":"https:\/\/glareone.eu\/cs\/produkt\/glareone-mini-glide\/","og_locale":"cs_CZ","og_type":"article","og_title":"GlareOne Mini Glide - niski statyw o\u015bwietleniowy","og_description":"GlareOne Mini Glide - niski statyw o\u015bwietleniowy","og_url":"https:\/\/glareone.eu\/cs\/produkt\/glareone-mini-glide\/","og_site_name":"GlareOne","article_publisher":"https:\/\/www.facebook.com\/GlareOneLighting","article_modified_time":"2025-08-11T10:21:58+00:00","og_image":[{"width":1200,"height":1200,"url":"https:\/\/glareone.eu\/wp-content\/uploads\/2024\/04\/GlareOne-Mini-Glide-01.jpg","type":"image\/jpeg"}],"twitter_card":"summary_large_image","twitter_title":"GlareOne Mini Glide - niski statyw o\u015bwietleniowy","twitter_misc":{"Odhadovan\u00e1 doba \u010dten\u00ed":"1 minuta"},"schema":{"@context":"https:\/\/schema.org","@graph":[{"@type":"WebPage","@id":"https:\/\/glareone.eu\/cs\/produkt\/glareone-mini-glide\/","url":"https:\/\/glareone.eu\/cs\/produkt\/glareone-mini-glide\/","name":"GlareOne Mini Glide - niski statyw o\u015bwietleniowy","isPartOf":{"@id":"https:\/\/glareone.eu\/cs\/en\/#website"},"primaryImageOfPage":{"@id":"https:\/\/glareone.eu\/cs\/produkt\/glareone-mini-glide\/#primaryimage"},"image":{"@id":"https:\/\/glareone.eu\/cs\/produkt\/glareone-mini-glide\/#primaryimage"},"thumbnailUrl":"https:\/\/glareone.eu\/wp-content\/uploads\/2024\/04\/GlareOne-Mini-Glide-01.jpg","datePublished":"2024-04-18T19:26:29+00:00","dateModified":"2025-08-11T10:21:58+00:00","description":"GlareOne Mini Glide - niski statyw o\u015bwietleniowy","breadcrumb":{"@id":"https:\/\/glareone.eu\/cs\/produkt\/glareone-mini-glide\/#breadcrumb"},"inLanguage":"cs","potentialAction":[{"@type":"ReadAction","target":["https:\/\/glareone.eu\/cs\/produkt\/glareone-mini-glide\/"]}]},{"@type":"ImageObject","inLanguage":"cs","@id":"https:\/\/glareone.eu\/cs\/produkt\/glareone-mini-glide\/#primaryimage","url":"https:\/\/glareone.eu\/wp-content\/uploads\/2024\/04\/GlareOne-Mini-Glide-01.jpg","contentUrl":"https:\/\/glareone.eu\/wp-content\/uploads\/2024\/04\/GlareOne-Mini-Glide-01.jpg","width":1200,"height":1200},{"@type":"BreadcrumbList","@id":"https:\/\/glareone.eu\/cs\/produkt\/glareone-mini-glide\/#breadcrumb","itemListElement":[{"@type":"ListItem","position":1,"name":"Strona g\u0142\u00f3wna","item":"https:\/\/glareone.eu\/cs\/"},{"@type":"ListItem","position":2,"name":"V\u0161echny produkty","item":"https:\/\/glareone.eu\/cs\/produkty\/vsechny-produkty\/"},{"@type":"ListItem","position":3,"name":"GlareOne Mini Glide &#8211; studiov\u00fd stojan"}]},{"@type":"WebSite","@id":"https:\/\/glareone.eu\/cs\/en\/#website","url":"https:\/\/glareone.eu\/cs\/en\/","name":"GlareOne","description":"Wyposa\u017cenie Studia","publisher":{"@id":"https:\/\/glareone.eu\/cs\/en\/#organization"},"potentialAction":[{"@type":"SearchAction","target":{"@type":"EntryPoint","urlTemplate":"https:\/\/glareone.eu\/cs\/en\/?s={search_term_string}"},"query-input":{"@type":"PropertyValueSpecification","valueRequired":true,"valueName":"search_term_string"}}],"inLanguage":"cs"},{"@type":"Organization","@id":"https:\/\/glareone.eu\/cs\/en\/#organization","name":"GlareOne","url":"https:\/\/glareone.eu\/cs\/en\/","logo":{"@type":"ImageObject","inLanguage":"cs","@id":"https:\/\/glareone.eu\/cs\/en\/#\/schema\/logo\/image\/","url":"http:\/\/glareone.eu\/wp-content\/uploads\/2024\/05\/glareone_logo2020_RGB-01-e1715773127189.png","contentUrl":"http:\/\/glareone.eu\/wp-content\/uploads\/2024\/05\/glareone_logo2020_RGB-01-e1715773127189.png","width":1270,"height":321,"caption":"GlareOne"},"image":{"@id":"https:\/\/glareone.eu\/cs\/en\/#\/schema\/logo\/image\/"},"sameAs":["https:\/\/www.facebook.com\/GlareOneLighting","https:\/\/www.instagram.com\/glareonelighting\/","https:\/\/www.youtube.com\/@GlareOneTV"]}]}},"_links":{"self":[{"href":"https:\/\/glareone.eu\/cs\/wp-json\/wp\/v2\/product\/19494","targetHints":{"allow":["GET"]}}],"collection":[{"href":"https:\/\/glareone.eu\/cs\/wp-json\/wp\/v2\/product"}],"about":[{"href":"https:\/\/glareone.eu\/cs\/wp-json\/wp\/v2\/types\/product"}],"wp:featuredmedia":[{"embeddable":true,"href":"https:\/\/glareone.eu\/cs\/wp-json\/wp\/v2\/media\/19495"}],"wp:attachment":[{"href":"https:\/\/glareone.eu\/cs\/wp-json\/wp\/v2\/media?parent=19494"}],"wp:term":[{"taxonomy":"product_brand","embeddable":true,"href":"https:\/\/glareone.eu\/cs\/wp-json\/wp\/v2\/product_brand?post=19494"},{"taxonomy":"product_cat","embeddable":true,"href":"https:\/\/glareone.eu\/cs\/wp-json\/wp\/v2\/product_cat?post=19494"},{"taxonomy":"product_tag","embeddable":true,"href":"https:\/\/glareone.eu\/cs\/wp-json\/wp\/v2\/product_tag?post=19494"}],"curies":[{"name":"wp","href":"https:\/\/api.w.org\/{rel}","templated":true}]}}