{"id":18748,"date":"2024-04-18T19:26:33","date_gmt":"2024-04-18T19:26:33","guid":{"rendered":"https:\/\/glareone.eu\/product\/glareone-vega-200-basic-kit\/"},"modified":"2025-10-30T09:52:46","modified_gmt":"2025-10-30T09:52:46","slug":"glareone-vega-200-basic-kit","status":"publish","type":"product","link":"https:\/\/glareone.eu\/cs\/produkt\/glareone-vega-200-basic-kit\/","title":{"rendered":"GlareOne Vega 200 Basic Kit"},"content":{"rendered":"<p>Z\u00e1kladn\u00ed studiov\u00e1 fotografick\u00e1 sada obsahuj\u00edc\u00ed 2 lampy, 2 stativy, pr\u016fsvitn\u00fd de\u0161tn\u00edk, softboxov\u00fd de\u0161tn\u00edk a sadu r\u00e1diov\u00fdch spou\u0161t\u011b\u010d\u016f.<\/p>\n<h3>Obsah sady<\/h3>\n<p>GlareOne Vega 200 Basic Kit je kompletn\u00ed sada, se kterou m\u016f\u017eete za\u010d\u00edt se studiovou fotografi\u00ed. Obsahuje:<\/p>\n<ul>\n<li>2 kompaktn\u00ed lampy GlareOne Vega 200, ka\u017ed\u00e1 s v\u00fdkonem 200 Ws (ka\u017ed\u00e1 lampa je dod\u00e1v\u00e1na s reflektorem a nap\u00e1jec\u00edm kabelem).<\/li>\n<li>GlareOne Flash RC vys\u00edla\u010d pro d\u00e1lkov\u00e9 ovl\u00e1d\u00e1n\u00ed a aktivaci lamp Vega.<\/li>\n<li>2 stativy GlareOne G-803 s maxim\u00e1ln\u00ed v\u00fd\u0161kou 190 cm.<\/li>\n<li>Softboxov\u00fd de\u0161tn\u00edk o pr\u016fm\u011bru 90 cm.<\/li>\n<li>Pr\u016fsvitn\u00fd de\u0161tn\u00edk (b\u00edl\u00fd) o pr\u016fm\u011bru 90 cm.<\/li>\n<\/ul>\n<h3>Pou\u017eit\u00ed<\/h3>\n<p>Sada GlareOne Vega 200 Basic Kit usnad\u0148uje za\u010d\u00e1tky se studiovou fotografi\u00ed. Je ide\u00e1ln\u00ed pro pou\u017eit\u00ed v dom\u00e1c\u00edm studiu a lze ji roz\u0161\u00ed\u0159it o r\u016fzn\u00e9 dopl\u0148ky pro tvarov\u00e1n\u00ed sv\u011btla, jako jsou reflektory nebo m\u0159\u00ed\u017eky. Tato sada umo\u017e\u0148uje po\u0159izovat portr\u00e9ty s m\u011bkk\u00fdm sv\u011btlem, fotografovat z\u00e1ti\u0161\u00ed a po\u0159izovat produktov\u00e9 fotografie.<\/p>\n<p>Sou\u010d\u00e1st\u00ed sady je studiov\u00fd blesk GlareOne Vega 200, kter\u00fd m\u00e1 6 clonov\u00fdch \u010d\u00edsel. To znamen\u00e1, \u017ee p\u0159i portr\u00e9tn\u00ed fotografii s malou hloubkou ostrosti m\u016f\u017eete nastavit n\u00edzk\u00fd v\u00fdkon blesku a v p\u0159\u00edpad\u011b pot\u0159eby m\u016f\u017ee lampa vygenerovat dostatek sv\u011btla pro pou\u017eit\u00ed uzav\u0159en\u00fdch clon pro v\u011bt\u0161\u00ed hloubku ostrosti.<\/p>\n<p>Pokud pr\u00e1v\u011b za\u010d\u00edn\u00e1te s fotografov\u00e1n\u00edm ve studiu a nejste si jisti, jak\u00fd typ fotografov\u00e1n\u00ed v\u00e1s nejv\u00edce zaj\u00edm\u00e1, je Vega Basic Kit ide\u00e1ln\u00ed volbou pro za\u010d\u00e1te\u010dn\u00edky.<\/p>\n<h3>Vlastnosti GlareOne Vega 200<\/h3>\n<ul>\n<li>Snadno pou\u017eiteln\u00fd a v\u0161estrann\u00fd studiov\u00fd blesk s v\u00fdkonem 200 Ws.<\/li>\n<li>Lehk\u00fd, velmi kompaktn\u00ed a snadno p\u0159enosn\u00fd.<\/li>\n<li>Stabiln\u00ed barevn\u00e1 teplota (5500\u00b1200 K) v cel\u00e9m rozsahu nastaven\u00ed energie blesku.<\/li>\n<li>Rozsah nastaven\u00ed v\u00fdkonu 6 clonov\u00fdch \u010d\u00edsel (1\/1~1\/32).<\/li>\n<li>Velmi kr\u00e1tk\u00e1 doba nab\u00edjen\u00ed \u2013 pouze 0,9 s p\u0159i pln\u00e9m v\u00fdkonu.<\/li>\n<li>Vybaveno 15 W LED modelovac\u00ed lampou (ekvivalentn\u00ed p\u0159ibli\u017en\u011b 150 W halogenov\u00e9 lamp\u011b).<\/li>\n<li>Uchycen\u00ed pro modifik\u00e1tory sv\u011btla typu Bowens.<\/li>\n<li>Vestav\u011bn\u00fd r\u00e1diov\u00fd p\u0159ij\u00edma\u010d kompatibiln\u00ed s vys\u00edla\u010dem GlareOne Flash RC (prod\u00e1v\u00e1 se samostatn\u011b).<\/li>\n<li>Lze p\u0159i\u0159adit k jedn\u00e9 ze 16 skupin lamp v 32 komunika\u010dn\u00edch kan\u00e1lech.<\/li>\n<li>Vybaveno fotobu\u0148kou a standardn\u00edm 3,5mm synchroniza\u010dn\u00edm konektorem.<\/li>\n<li>\u00da\u010dinn\u00fd aktivn\u00ed chladic\u00ed syst\u00e9m a teplotn\u00ed pojistka.<\/li>\n<li>Integrovan\u00fd dr\u017e\u00e1k de\u0161tn\u00edku v dr\u017e\u00e1ku stativu.<\/li>\n<li>Ergonomicky tvarovan\u00e1 rukoje\u0165 pro nastaven\u00ed \u00fahlu.<\/li>\n<li>Dod\u00e1v\u00e1no s nap\u00e1jec\u00edm kabelem, ochrann\u00fdm pouzdrem a n\u00e1vodem k pou\u017eit\u00ed.<\/li>\n<\/ul>\n","protected":false},"excerpt":{"rendered":"<article class=\"text-token-text-primary w-full focus:outline-none [--shadow-height:45px] has-data-writing-block:pointer-events-none has-data-writing-block:-mt-(--shadow-height) has-data-writing-block:pt-(--shadow-height) [&amp;:has([data-writing-block])&gt;*]:pointer-events-auto [content-visibility:auto] supports-[content-visibility:auto]:[contain-intrinsic-size:auto_100lvh] scroll-mt-[calc(var(--header-height)+min(200px,max(70px,20svh)))]\" dir=\"auto\" tabindex=\"-1\" data-turn-id=\"ce56ca50-cf7b-403f-9f79-4e3db264100e\" data-testid=\"conversation-turn-2\" data-scroll-anchor=\"true\" data-turn=\"assistant\">\n<div class=\"text-base my-auto mx-auto pb-10 [--thread-content-margin:--spacing(4)] thread-sm:[--thread-content-margin:--spacing(6)] thread-lg:[--thread-content-margin:--spacing(16)] px-(--thread-content-margin)\">\n<div class=\"[--thread-content-max-width:40rem] thread-lg:[--thread-content-max-width:48rem] mx-auto max-w-(--thread-content-max-width) flex-1 group\/turn-messages focus-visible:outline-hidden relative flex w-full min-w-0 flex-col agent-turn\" tabindex=\"-1\">\n<div class=\"flex max-w-full flex-col grow\">\n<div class=\"min-h-8 text-message relative flex w-full flex-col items-end gap-2 text-start break-words whitespace-normal [.text-message+&amp;]:mt-1\" dir=\"auto\" data-message-author-role=\"assistant\" data-message-id=\"3e0a2860-46f5-449b-ab7e-472d1d4e7219\" data-message-model-slug=\"gpt-5\">\n<div class=\"flex w-full flex-col gap-1 empty:hidden first:pt-[1px]\">\n<div class=\"markdown prose dark:prose-invert w-full break-words light markdown-new-styling\">\n<p data-start=\"194\" data-end=\"241\" data-is-last-node=\"\"><span style=\"color: #ff0000;\">Archivovan\u00fd produkt.<\/span><\/p>\n<\/div>\n<\/div>\n<\/div>\n<\/div>\n<\/div>\n<\/div>\n<\/article>\n","protected":false},"featured_media":18749,"template":"","meta":[],"product_brand":[],"product_cat":[568],"product_tag":[],"class_list":{"0":"post-18748","1":"product","2":"type-product","3":"status-publish","4":"has-post-thumbnail","6":"product_cat-vega-cs","8":"first","9":"instock","10":"product-type-simple"},"yoast_head":"<!-- This site is optimized with the Yoast SEO plugin v27.2 - https:\/\/yoast.com\/product\/yoast-seo-wordpress\/ -->\n<title>GlareOne Vega 200 Basic Kit - zestaw o\u015bwietlenia studyjnego<\/title>\n<meta name=\"description\" content=\"GlareOne Vega 200 Basic Kit - zestaw o\u015bwietlenia studyjnego\" \/>\n<meta name=\"robots\" content=\"index, follow, max-snippet:-1, max-image-preview:large, max-video-preview:-1\" \/>\n<link rel=\"canonical\" href=\"https:\/\/glareone.eu\/cs\/produkt\/glareone-vega-200-basic-kit\/\" \/>\n<meta property=\"og:locale\" content=\"cs_CZ\" \/>\n<meta property=\"og:type\" content=\"article\" \/>\n<meta property=\"og:title\" content=\"GlareOne Vega 200 Basic Kit - zestaw o\u015bwietlenia studyjnego\" \/>\n<meta property=\"og:description\" content=\"GlareOne Vega 200 Basic Kit - zestaw o\u015bwietlenia studyjnego\" \/>\n<meta property=\"og:url\" content=\"https:\/\/glareone.eu\/cs\/produkt\/glareone-vega-200-basic-kit\/\" \/>\n<meta property=\"og:site_name\" content=\"GlareOne\" \/>\n<meta property=\"article:publisher\" content=\"https:\/\/www.facebook.com\/GlareOneLighting\" \/>\n<meta property=\"article:modified_time\" content=\"2025-10-30T09:52:46+00:00\" \/>\n<meta property=\"og:image\" content=\"https:\/\/glareone.eu\/wp-content\/uploads\/2024\/04\/SVEGA200KITB-GlareOne-Vega-200-Basic-Kit-studio-lighting-kit.jpg\" \/>\n\t<meta property=\"og:image:width\" content=\"1500\" \/>\n\t<meta property=\"og:image:height\" content=\"1500\" \/>\n\t<meta property=\"og:image:type\" content=\"image\/jpeg\" \/>\n<meta name=\"twitter:card\" content=\"summary_large_image\" \/>\n<meta name=\"twitter:title\" content=\"GlareOne Vega 200 Basic Kit - zestaw o\u015bwietlenia studyjnego\" \/>\n<meta name=\"twitter:label1\" content=\"Odhadovan\u00e1 doba \u010dten\u00ed\" \/>\n\t<meta name=\"twitter:data1\" content=\"2 minuty\" \/>\n<script type=\"application\/ld+json\" class=\"yoast-schema-graph\">{\"@context\":\"https:\/\/schema.org\",\"@graph\":[{\"@type\":\"WebPage\",\"@id\":\"https:\/\/glareone.eu\/cs\/produkt\/glareone-vega-200-basic-kit\/\",\"url\":\"https:\/\/glareone.eu\/cs\/produkt\/glareone-vega-200-basic-kit\/\",\"name\":\"GlareOne Vega 200 Basic Kit - zestaw o\u015bwietlenia studyjnego\",\"isPartOf\":{\"@id\":\"https:\/\/glareone.eu\/cs\/en\/#website\"},\"primaryImageOfPage\":{\"@id\":\"https:\/\/glareone.eu\/cs\/produkt\/glareone-vega-200-basic-kit\/#primaryimage\"},\"image\":{\"@id\":\"https:\/\/glareone.eu\/cs\/produkt\/glareone-vega-200-basic-kit\/#primaryimage\"},\"thumbnailUrl\":\"https:\/\/glareone.eu\/wp-content\/uploads\/2024\/04\/SVEGA200KITB-GlareOne-Vega-200-Basic-Kit-studio-lighting-kit.jpg\",\"datePublished\":\"2024-04-18T19:26:33+00:00\",\"dateModified\":\"2025-10-30T09:52:46+00:00\",\"description\":\"GlareOne Vega 200 Basic Kit - zestaw o\u015bwietlenia studyjnego\",\"breadcrumb\":{\"@id\":\"https:\/\/glareone.eu\/cs\/produkt\/glareone-vega-200-basic-kit\/#breadcrumb\"},\"inLanguage\":\"cs\",\"potentialAction\":[{\"@type\":\"ReadAction\",\"target\":[\"https:\/\/glareone.eu\/cs\/produkt\/glareone-vega-200-basic-kit\/\"]}]},{\"@type\":\"ImageObject\",\"inLanguage\":\"cs\",\"@id\":\"https:\/\/glareone.eu\/cs\/produkt\/glareone-vega-200-basic-kit\/#primaryimage\",\"url\":\"https:\/\/glareone.eu\/wp-content\/uploads\/2024\/04\/SVEGA200KITB-GlareOne-Vega-200-Basic-Kit-studio-lighting-kit.jpg\",\"contentUrl\":\"https:\/\/glareone.eu\/wp-content\/uploads\/2024\/04\/SVEGA200KITB-GlareOne-Vega-200-Basic-Kit-studio-lighting-kit.jpg\",\"width\":1500,\"height\":1500},{\"@type\":\"BreadcrumbList\",\"@id\":\"https:\/\/glareone.eu\/cs\/produkt\/glareone-vega-200-basic-kit\/#breadcrumb\",\"itemListElement\":[{\"@type\":\"ListItem\",\"position\":1,\"name\":\"Strona g\u0142\u00f3wna\",\"item\":\"https:\/\/glareone.eu\/cs\/\"},{\"@type\":\"ListItem\",\"position\":2,\"name\":\"V\u0161echny produkty\",\"item\":\"https:\/\/glareone.eu\/cs\/produkty\/vsechny-produkty\/\"},{\"@type\":\"ListItem\",\"position\":3,\"name\":\"GlareOne Vega 200 Basic Kit\"}]},{\"@type\":\"WebSite\",\"@id\":\"https:\/\/glareone.eu\/cs\/en\/#website\",\"url\":\"https:\/\/glareone.eu\/cs\/en\/\",\"name\":\"GlareOne\",\"description\":\"Wyposa\u017cenie Studia\",\"publisher\":{\"@id\":\"https:\/\/glareone.eu\/cs\/en\/#organization\"},\"potentialAction\":[{\"@type\":\"SearchAction\",\"target\":{\"@type\":\"EntryPoint\",\"urlTemplate\":\"https:\/\/glareone.eu\/cs\/en\/?s={search_term_string}\"},\"query-input\":{\"@type\":\"PropertyValueSpecification\",\"valueRequired\":true,\"valueName\":\"search_term_string\"}}],\"inLanguage\":\"cs\"},{\"@type\":\"Organization\",\"@id\":\"https:\/\/glareone.eu\/cs\/en\/#organization\",\"name\":\"GlareOne\",\"url\":\"https:\/\/glareone.eu\/cs\/en\/\",\"logo\":{\"@type\":\"ImageObject\",\"inLanguage\":\"cs\",\"@id\":\"https:\/\/glareone.eu\/cs\/en\/#\/schema\/logo\/image\/\",\"url\":\"http:\/\/glareone.eu\/wp-content\/uploads\/2024\/05\/glareone_logo2020_RGB-01-e1715773127189.png\",\"contentUrl\":\"http:\/\/glareone.eu\/wp-content\/uploads\/2024\/05\/glareone_logo2020_RGB-01-e1715773127189.png\",\"width\":1270,\"height\":321,\"caption\":\"GlareOne\"},\"image\":{\"@id\":\"https:\/\/glareone.eu\/cs\/en\/#\/schema\/logo\/image\/\"},\"sameAs\":[\"https:\/\/www.facebook.com\/GlareOneLighting\",\"https:\/\/www.instagram.com\/glareonelighting\/\",\"https:\/\/www.youtube.com\/@GlareOneTV\"]}]}<\/script>\n<!-- \/ Yoast SEO plugin. -->","yoast_head_json":{"title":"GlareOne Vega 200 Basic Kit - zestaw o\u015bwietlenia studyjnego","description":"GlareOne Vega 200 Basic Kit - zestaw o\u015bwietlenia studyjnego","robots":{"index":"index","follow":"follow","max-snippet":"max-snippet:-1","max-image-preview":"max-image-preview:large","max-video-preview":"max-video-preview:-1"},"canonical":"https:\/\/glareone.eu\/cs\/produkt\/glareone-vega-200-basic-kit\/","og_locale":"cs_CZ","og_type":"article","og_title":"GlareOne Vega 200 Basic Kit - zestaw o\u015bwietlenia studyjnego","og_description":"GlareOne Vega 200 Basic Kit - zestaw o\u015bwietlenia studyjnego","og_url":"https:\/\/glareone.eu\/cs\/produkt\/glareone-vega-200-basic-kit\/","og_site_name":"GlareOne","article_publisher":"https:\/\/www.facebook.com\/GlareOneLighting","article_modified_time":"2025-10-30T09:52:46+00:00","og_image":[{"width":1500,"height":1500,"url":"https:\/\/glareone.eu\/wp-content\/uploads\/2024\/04\/SVEGA200KITB-GlareOne-Vega-200-Basic-Kit-studio-lighting-kit.jpg","type":"image\/jpeg"}],"twitter_card":"summary_large_image","twitter_title":"GlareOne Vega 200 Basic Kit - zestaw o\u015bwietlenia studyjnego","twitter_misc":{"Odhadovan\u00e1 doba \u010dten\u00ed":"2 minuty"},"schema":{"@context":"https:\/\/schema.org","@graph":[{"@type":"WebPage","@id":"https:\/\/glareone.eu\/cs\/produkt\/glareone-vega-200-basic-kit\/","url":"https:\/\/glareone.eu\/cs\/produkt\/glareone-vega-200-basic-kit\/","name":"GlareOne Vega 200 Basic Kit - zestaw o\u015bwietlenia studyjnego","isPartOf":{"@id":"https:\/\/glareone.eu\/cs\/en\/#website"},"primaryImageOfPage":{"@id":"https:\/\/glareone.eu\/cs\/produkt\/glareone-vega-200-basic-kit\/#primaryimage"},"image":{"@id":"https:\/\/glareone.eu\/cs\/produkt\/glareone-vega-200-basic-kit\/#primaryimage"},"thumbnailUrl":"https:\/\/glareone.eu\/wp-content\/uploads\/2024\/04\/SVEGA200KITB-GlareOne-Vega-200-Basic-Kit-studio-lighting-kit.jpg","datePublished":"2024-04-18T19:26:33+00:00","dateModified":"2025-10-30T09:52:46+00:00","description":"GlareOne Vega 200 Basic Kit - zestaw o\u015bwietlenia studyjnego","breadcrumb":{"@id":"https:\/\/glareone.eu\/cs\/produkt\/glareone-vega-200-basic-kit\/#breadcrumb"},"inLanguage":"cs","potentialAction":[{"@type":"ReadAction","target":["https:\/\/glareone.eu\/cs\/produkt\/glareone-vega-200-basic-kit\/"]}]},{"@type":"ImageObject","inLanguage":"cs","@id":"https:\/\/glareone.eu\/cs\/produkt\/glareone-vega-200-basic-kit\/#primaryimage","url":"https:\/\/glareone.eu\/wp-content\/uploads\/2024\/04\/SVEGA200KITB-GlareOne-Vega-200-Basic-Kit-studio-lighting-kit.jpg","contentUrl":"https:\/\/glareone.eu\/wp-content\/uploads\/2024\/04\/SVEGA200KITB-GlareOne-Vega-200-Basic-Kit-studio-lighting-kit.jpg","width":1500,"height":1500},{"@type":"BreadcrumbList","@id":"https:\/\/glareone.eu\/cs\/produkt\/glareone-vega-200-basic-kit\/#breadcrumb","itemListElement":[{"@type":"ListItem","position":1,"name":"Strona g\u0142\u00f3wna","item":"https:\/\/glareone.eu\/cs\/"},{"@type":"ListItem","position":2,"name":"V\u0161echny produkty","item":"https:\/\/glareone.eu\/cs\/produkty\/vsechny-produkty\/"},{"@type":"ListItem","position":3,"name":"GlareOne Vega 200 Basic Kit"}]},{"@type":"WebSite","@id":"https:\/\/glareone.eu\/cs\/en\/#website","url":"https:\/\/glareone.eu\/cs\/en\/","name":"GlareOne","description":"Wyposa\u017cenie Studia","publisher":{"@id":"https:\/\/glareone.eu\/cs\/en\/#organization"},"potentialAction":[{"@type":"SearchAction","target":{"@type":"EntryPoint","urlTemplate":"https:\/\/glareone.eu\/cs\/en\/?s={search_term_string}"},"query-input":{"@type":"PropertyValueSpecification","valueRequired":true,"valueName":"search_term_string"}}],"inLanguage":"cs"},{"@type":"Organization","@id":"https:\/\/glareone.eu\/cs\/en\/#organization","name":"GlareOne","url":"https:\/\/glareone.eu\/cs\/en\/","logo":{"@type":"ImageObject","inLanguage":"cs","@id":"https:\/\/glareone.eu\/cs\/en\/#\/schema\/logo\/image\/","url":"http:\/\/glareone.eu\/wp-content\/uploads\/2024\/05\/glareone_logo2020_RGB-01-e1715773127189.png","contentUrl":"http:\/\/glareone.eu\/wp-content\/uploads\/2024\/05\/glareone_logo2020_RGB-01-e1715773127189.png","width":1270,"height":321,"caption":"GlareOne"},"image":{"@id":"https:\/\/glareone.eu\/cs\/en\/#\/schema\/logo\/image\/"},"sameAs":["https:\/\/www.facebook.com\/GlareOneLighting","https:\/\/www.instagram.com\/glareonelighting\/","https:\/\/www.youtube.com\/@GlareOneTV"]}]}},"_links":{"self":[{"href":"https:\/\/glareone.eu\/cs\/wp-json\/wp\/v2\/product\/18748","targetHints":{"allow":["GET"]}}],"collection":[{"href":"https:\/\/glareone.eu\/cs\/wp-json\/wp\/v2\/product"}],"about":[{"href":"https:\/\/glareone.eu\/cs\/wp-json\/wp\/v2\/types\/product"}],"wp:featuredmedia":[{"embeddable":true,"href":"https:\/\/glareone.eu\/cs\/wp-json\/wp\/v2\/media\/18749"}],"wp:attachment":[{"href":"https:\/\/glareone.eu\/cs\/wp-json\/wp\/v2\/media?parent=18748"}],"wp:term":[{"taxonomy":"product_brand","embeddable":true,"href":"https:\/\/glareone.eu\/cs\/wp-json\/wp\/v2\/product_brand?post=18748"},{"taxonomy":"product_cat","embeddable":true,"href":"https:\/\/glareone.eu\/cs\/wp-json\/wp\/v2\/product_cat?post=18748"},{"taxonomy":"product_tag","embeddable":true,"href":"https:\/\/glareone.eu\/cs\/wp-json\/wp\/v2\/product_tag?post=18748"}],"curies":[{"name":"wp","href":"https:\/\/api.w.org\/{rel}","templated":true}]}}