{"id":18739,"date":"2024-04-18T19:26:35","date_gmt":"2024-04-18T19:26:35","guid":{"rendered":"https:\/\/glareone.eu\/product\/glareone-vega-200-starter-kit\/"},"modified":"2025-10-30T09:52:56","modified_gmt":"2025-10-30T09:52:56","slug":"glareone-vega-200-starter-kit","status":"publish","type":"product","link":"https:\/\/glareone.eu\/cs\/produkt\/glareone-vega-200-starter-kit\/","title":{"rendered":"GlareOne Vega 200 Starter Kit"},"content":{"rendered":"<p>Sada pro studiov\u00e9 fotografov\u00e1n\u00ed obsahuj\u00edc\u00ed 2 lampy, 2 stativy, obd\u00e9ln\u00edkov\u00fd softbox, de\u0161tn\u00edk s difuz\u00e9rem a r\u00e1diov\u00fd spou\u0161t\u011b\u010d.<\/p>\n<h3>Obsah sady<\/h3>\n<p>GlareOne Vega 200 Starter Kit je kompletn\u00ed sada, kter\u00e1 v\u00e1m umo\u017en\u00ed vstoupit do sv\u011bta studiov\u00e9 fotografie. Obsahuje:<\/p>\n<ul>\n<li>2 kompaktn\u00ed lampy GlareOne Vega 200 s v\u00fdkonem 200 Ws (ka\u017ed\u00e1 lampa je dod\u00e1v\u00e1na s reflektorem a nap\u00e1jec\u00edm kabelem).<\/li>\n<li>Vys\u00edla\u010d GlareOne Flash RC umo\u017e\u0148uj\u00edc\u00ed d\u00e1lkov\u00e9 ovl\u00e1d\u00e1n\u00ed a spou\u0161t\u011bn\u00ed lamp Vega.<\/li>\n<li>2 stojany GlareOne G-806 s maxim\u00e1ln\u00ed v\u00fd\u0161kou 240 cm.<\/li>\n<li>Obd\u00e9ln\u00edkov\u00fd softbox 60&#215;90 Strappo.<\/li>\n<li>Hlubok\u00fd de\u0161tn\u00edk s difuzorem GlareOne ORB st\u0159\u00edbrn\u00fd 135 cm.<\/li>\n<\/ul>\n<h3>Pou\u017eit\u00ed<\/h3>\n<p>Startovac\u00ed sada GlareOne Vega 200 v\u00e1m nejen umo\u017en\u00ed nau\u010dit se pracovat s bleskov\u00fdm osv\u011btlen\u00edm, ale tak\u00e9 v\u00e1m otev\u0159e dve\u0159e k vytv\u00e1\u0159en\u00ed \u00fa\u017easn\u00fdch fotografi\u00ed. Tato sada v\u00e1m poskytuje velkou flexibilitu p\u0159i roz\u0161i\u0159ov\u00e1n\u00ed va\u0161\u00ed sady modifik\u00e1tor\u016f sv\u011btla o r\u016fzn\u00e9 dopl\u0148ky, jako jsou m\u0159\u00ed\u017eky, reflektory nebo velk\u00e9 de\u0161tn\u00edky.<\/p>\n<p>D\u00e1lkov\u00fd ovlada\u010d blesku GlareOne Flash RC v\u00e1m umo\u017en\u00ed nejen d\u00e1lkov\u011b spou\u0161t\u011bt blesk, ale tak\u00e9 nastavovat jeho v\u00fdkon. D\u016fle\u017eit\u00e9 je, \u017ee se jedn\u00e1 o univerz\u00e1ln\u00ed vys\u00edla\u010d, kter\u00fd funguje s fotoapar\u00e1tem vybaven\u00fdm patic\u00ed typu ISO.<\/p>\n<p>Pokud jste se ji\u017e rozhodli pro portr\u00e9tn\u00ed fotografii, pak je pro v\u00e1s Vega Starter Kit tou spr\u00e1vnou volbou. Lampy Vega 200 zaru\u010duj\u00ed vysoce kvalitn\u00ed sv\u011btlo a hlubok\u00fd de\u0161tn\u00edk s difuz\u00e9rem zajist\u00ed m\u011bkk\u00e9 sv\u011btlo a p\u0159irozen\u00e9 odrazy v o\u010d\u00edch modelu. Softbox 60&#215;90 lze pou\u017e\u00edt k osv\u011btlen\u00ed pozad\u00ed nebo jako zdroj dopl\u0148kov\u00e9ho nebo protisv\u011btla.<\/p>\n<h3>Vlastnosti GlareOne Vega 200<\/h3>\n<ul>\n<li>Snadno pou\u017eiteln\u00fd a univerz\u00e1ln\u00ed studiov\u00fd blesk s v\u00fdkonem 200 Ws.<\/li>\n<li>Lehk\u00fd, extr\u00e9mn\u011b kompaktn\u00ed a snadno p\u0159enosn\u00fd.<\/li>\n<li>Stabiln\u00ed barevn\u00e1 teplota (5500\u00b1200 K) v cel\u00e9m rozsahu nastaven\u00ed energie blesku.<\/li>\n<li>Rozsah nastaven\u00ed v\u00fdkonu 6 clonov\u00fdch stup\u0148\u016f (1\/1~1\/32).<\/li>\n<li>Velmi kr\u00e1tk\u00e1 doba nab\u00edjen\u00ed \u2013 pouze 0,9 s p\u0159i pln\u00e9m v\u00fdkonu.<\/li>\n<li>Vybaveno 15 W LED modelovac\u00edm sv\u011btlem (ekvivalent p\u0159ibli\u017en\u011b 150 W halogenov\u00e9 \u017e\u00e1rovky).<\/li>\n<li>Dr\u017e\u00e1k modifik\u00e1toru sv\u011btla typu Bowens.<\/li>\n<li>Vestav\u011bn\u00fd r\u00e1diov\u00fd p\u0159ij\u00edma\u010d kompatibiln\u00ed se spou\u0161t\u011b\u010dem GlareOne Flash RC (k dispozici samostatn\u011b).<\/li>\n<li>Lze p\u0159i\u0159adit k jedn\u00e9 ze 16 skupin lamp v 32 komunika\u010dn\u00edch kan\u00e1lech.<\/li>\n<li>Vybaveno fotobu\u0148kou a standardn\u00ed 3,5 mm synchroniza\u010dn\u00ed z\u00e1suvkou.<\/li>\n<li>\u00da\u010dinn\u00fd aktivn\u00ed chladic\u00ed syst\u00e9m a teplotn\u00ed pojistka.<\/li>\n<li>Integrovan\u00fd dr\u017e\u00e1k de\u0161tn\u00edku v dr\u017e\u00e1ku stativu.<\/li>\n<li>Ergonomicky tvarovan\u00e1 rukoje\u0165 umo\u017e\u0148uj\u00edc\u00ed nastaven\u00ed \u00fahlu.<\/li>\n<li>Dod\u00e1v\u00e1no s nap\u00e1jec\u00edm kabelem, ochrann\u00fdm krytem a u\u017eivatelskou p\u0159\u00edru\u010dkou.<\/li>\n<\/ul>\n","protected":false},"excerpt":{"rendered":"<p><span style=\"color: #ff0000;\">Archivovan\u00fd produkt.<\/span><\/p>\n","protected":false},"featured_media":18740,"template":"","meta":[],"product_brand":[],"product_cat":[568],"product_tag":[],"class_list":{"0":"post-18739","1":"product","2":"type-product","3":"status-publish","4":"has-post-thumbnail","6":"product_cat-vega-cs","8":"first","9":"instock","10":"product-type-simple"},"yoast_head":"<!-- This site is optimized with the Yoast SEO plugin v27.2 - https:\/\/yoast.com\/product\/yoast-seo-wordpress\/ -->\n<title>GlareOne Vega 200 Starter Kit - zestaw o\u015bwietlenia studyjnego<\/title>\n<meta name=\"description\" content=\"GlareOne Vega 200 Starter Kit - zestaw o\u015bwietlenia studyjnego\" \/>\n<meta name=\"robots\" content=\"index, follow, max-snippet:-1, max-image-preview:large, max-video-preview:-1\" \/>\n<link rel=\"canonical\" href=\"https:\/\/glareone.eu\/cs\/produkt\/glareone-vega-200-starter-kit\/\" \/>\n<meta property=\"og:locale\" content=\"cs_CZ\" \/>\n<meta property=\"og:type\" content=\"article\" \/>\n<meta property=\"og:title\" content=\"GlareOne Vega 200 Starter Kit - zestaw o\u015bwietlenia studyjnego\" \/>\n<meta property=\"og:description\" content=\"GlareOne Vega 200 Starter Kit - zestaw o\u015bwietlenia studyjnego\" \/>\n<meta property=\"og:url\" content=\"https:\/\/glareone.eu\/cs\/produkt\/glareone-vega-200-starter-kit\/\" \/>\n<meta property=\"og:site_name\" content=\"GlareOne\" \/>\n<meta property=\"article:publisher\" content=\"https:\/\/www.facebook.com\/GlareOneLighting\" \/>\n<meta property=\"article:modified_time\" content=\"2025-10-30T09:52:56+00:00\" \/>\n<meta property=\"og:image\" content=\"https:\/\/glareone.eu\/wp-content\/uploads\/2024\/04\/SVEGA200KITS-GlareOne-Vega-200-Starter-Kit-studio-lighting-kit.jpg\" \/>\n\t<meta property=\"og:image:width\" content=\"1500\" \/>\n\t<meta property=\"og:image:height\" content=\"1500\" \/>\n\t<meta property=\"og:image:type\" content=\"image\/jpeg\" \/>\n<meta name=\"twitter:card\" content=\"summary_large_image\" \/>\n<meta name=\"twitter:title\" content=\"GlareOne Vega 200 Starter Kit - zestaw o\u015bwietlenia studyjnego\" \/>\n<meta name=\"twitter:label1\" content=\"Odhadovan\u00e1 doba \u010dten\u00ed\" \/>\n\t<meta name=\"twitter:data1\" content=\"2 minuty\" \/>\n<script type=\"application\/ld+json\" class=\"yoast-schema-graph\">{\"@context\":\"https:\/\/schema.org\",\"@graph\":[{\"@type\":\"WebPage\",\"@id\":\"https:\/\/glareone.eu\/cs\/produkt\/glareone-vega-200-starter-kit\/\",\"url\":\"https:\/\/glareone.eu\/cs\/produkt\/glareone-vega-200-starter-kit\/\",\"name\":\"GlareOne Vega 200 Starter Kit - zestaw o\u015bwietlenia studyjnego\",\"isPartOf\":{\"@id\":\"https:\/\/glareone.eu\/cs\/en\/#website\"},\"primaryImageOfPage\":{\"@id\":\"https:\/\/glareone.eu\/cs\/produkt\/glareone-vega-200-starter-kit\/#primaryimage\"},\"image\":{\"@id\":\"https:\/\/glareone.eu\/cs\/produkt\/glareone-vega-200-starter-kit\/#primaryimage\"},\"thumbnailUrl\":\"https:\/\/glareone.eu\/wp-content\/uploads\/2024\/04\/SVEGA200KITS-GlareOne-Vega-200-Starter-Kit-studio-lighting-kit.jpg\",\"datePublished\":\"2024-04-18T19:26:35+00:00\",\"dateModified\":\"2025-10-30T09:52:56+00:00\",\"description\":\"GlareOne Vega 200 Starter Kit - zestaw o\u015bwietlenia studyjnego\",\"breadcrumb\":{\"@id\":\"https:\/\/glareone.eu\/cs\/produkt\/glareone-vega-200-starter-kit\/#breadcrumb\"},\"inLanguage\":\"cs\",\"potentialAction\":[{\"@type\":\"ReadAction\",\"target\":[\"https:\/\/glareone.eu\/cs\/produkt\/glareone-vega-200-starter-kit\/\"]}]},{\"@type\":\"ImageObject\",\"inLanguage\":\"cs\",\"@id\":\"https:\/\/glareone.eu\/cs\/produkt\/glareone-vega-200-starter-kit\/#primaryimage\",\"url\":\"https:\/\/glareone.eu\/wp-content\/uploads\/2024\/04\/SVEGA200KITS-GlareOne-Vega-200-Starter-Kit-studio-lighting-kit.jpg\",\"contentUrl\":\"https:\/\/glareone.eu\/wp-content\/uploads\/2024\/04\/SVEGA200KITS-GlareOne-Vega-200-Starter-Kit-studio-lighting-kit.jpg\",\"width\":1500,\"height\":1500},{\"@type\":\"BreadcrumbList\",\"@id\":\"https:\/\/glareone.eu\/cs\/produkt\/glareone-vega-200-starter-kit\/#breadcrumb\",\"itemListElement\":[{\"@type\":\"ListItem\",\"position\":1,\"name\":\"Strona g\u0142\u00f3wna\",\"item\":\"https:\/\/glareone.eu\/cs\/\"},{\"@type\":\"ListItem\",\"position\":2,\"name\":\"V\u0161echny produkty\",\"item\":\"https:\/\/glareone.eu\/cs\/produkty\/vsechny-produkty\/\"},{\"@type\":\"ListItem\",\"position\":3,\"name\":\"GlareOne Vega 200 Starter Kit\"}]},{\"@type\":\"WebSite\",\"@id\":\"https:\/\/glareone.eu\/cs\/en\/#website\",\"url\":\"https:\/\/glareone.eu\/cs\/en\/\",\"name\":\"GlareOne\",\"description\":\"Wyposa\u017cenie Studia\",\"publisher\":{\"@id\":\"https:\/\/glareone.eu\/cs\/en\/#organization\"},\"potentialAction\":[{\"@type\":\"SearchAction\",\"target\":{\"@type\":\"EntryPoint\",\"urlTemplate\":\"https:\/\/glareone.eu\/cs\/en\/?s={search_term_string}\"},\"query-input\":{\"@type\":\"PropertyValueSpecification\",\"valueRequired\":true,\"valueName\":\"search_term_string\"}}],\"inLanguage\":\"cs\"},{\"@type\":\"Organization\",\"@id\":\"https:\/\/glareone.eu\/cs\/en\/#organization\",\"name\":\"GlareOne\",\"url\":\"https:\/\/glareone.eu\/cs\/en\/\",\"logo\":{\"@type\":\"ImageObject\",\"inLanguage\":\"cs\",\"@id\":\"https:\/\/glareone.eu\/cs\/en\/#\/schema\/logo\/image\/\",\"url\":\"http:\/\/glareone.eu\/wp-content\/uploads\/2024\/05\/glareone_logo2020_RGB-01-e1715773127189.png\",\"contentUrl\":\"http:\/\/glareone.eu\/wp-content\/uploads\/2024\/05\/glareone_logo2020_RGB-01-e1715773127189.png\",\"width\":1270,\"height\":321,\"caption\":\"GlareOne\"},\"image\":{\"@id\":\"https:\/\/glareone.eu\/cs\/en\/#\/schema\/logo\/image\/\"},\"sameAs\":[\"https:\/\/www.facebook.com\/GlareOneLighting\",\"https:\/\/www.instagram.com\/glareonelighting\/\",\"https:\/\/www.youtube.com\/@GlareOneTV\"]}]}<\/script>\n<!-- \/ Yoast SEO plugin. -->","yoast_head_json":{"title":"GlareOne Vega 200 Starter Kit - zestaw o\u015bwietlenia studyjnego","description":"GlareOne Vega 200 Starter Kit - zestaw o\u015bwietlenia studyjnego","robots":{"index":"index","follow":"follow","max-snippet":"max-snippet:-1","max-image-preview":"max-image-preview:large","max-video-preview":"max-video-preview:-1"},"canonical":"https:\/\/glareone.eu\/cs\/produkt\/glareone-vega-200-starter-kit\/","og_locale":"cs_CZ","og_type":"article","og_title":"GlareOne Vega 200 Starter Kit - zestaw o\u015bwietlenia studyjnego","og_description":"GlareOne Vega 200 Starter Kit - zestaw o\u015bwietlenia studyjnego","og_url":"https:\/\/glareone.eu\/cs\/produkt\/glareone-vega-200-starter-kit\/","og_site_name":"GlareOne","article_publisher":"https:\/\/www.facebook.com\/GlareOneLighting","article_modified_time":"2025-10-30T09:52:56+00:00","og_image":[{"width":1500,"height":1500,"url":"https:\/\/glareone.eu\/wp-content\/uploads\/2024\/04\/SVEGA200KITS-GlareOne-Vega-200-Starter-Kit-studio-lighting-kit.jpg","type":"image\/jpeg"}],"twitter_card":"summary_large_image","twitter_title":"GlareOne Vega 200 Starter Kit - zestaw o\u015bwietlenia studyjnego","twitter_misc":{"Odhadovan\u00e1 doba \u010dten\u00ed":"2 minuty"},"schema":{"@context":"https:\/\/schema.org","@graph":[{"@type":"WebPage","@id":"https:\/\/glareone.eu\/cs\/produkt\/glareone-vega-200-starter-kit\/","url":"https:\/\/glareone.eu\/cs\/produkt\/glareone-vega-200-starter-kit\/","name":"GlareOne Vega 200 Starter Kit - zestaw o\u015bwietlenia studyjnego","isPartOf":{"@id":"https:\/\/glareone.eu\/cs\/en\/#website"},"primaryImageOfPage":{"@id":"https:\/\/glareone.eu\/cs\/produkt\/glareone-vega-200-starter-kit\/#primaryimage"},"image":{"@id":"https:\/\/glareone.eu\/cs\/produkt\/glareone-vega-200-starter-kit\/#primaryimage"},"thumbnailUrl":"https:\/\/glareone.eu\/wp-content\/uploads\/2024\/04\/SVEGA200KITS-GlareOne-Vega-200-Starter-Kit-studio-lighting-kit.jpg","datePublished":"2024-04-18T19:26:35+00:00","dateModified":"2025-10-30T09:52:56+00:00","description":"GlareOne Vega 200 Starter Kit - zestaw o\u015bwietlenia studyjnego","breadcrumb":{"@id":"https:\/\/glareone.eu\/cs\/produkt\/glareone-vega-200-starter-kit\/#breadcrumb"},"inLanguage":"cs","potentialAction":[{"@type":"ReadAction","target":["https:\/\/glareone.eu\/cs\/produkt\/glareone-vega-200-starter-kit\/"]}]},{"@type":"ImageObject","inLanguage":"cs","@id":"https:\/\/glareone.eu\/cs\/produkt\/glareone-vega-200-starter-kit\/#primaryimage","url":"https:\/\/glareone.eu\/wp-content\/uploads\/2024\/04\/SVEGA200KITS-GlareOne-Vega-200-Starter-Kit-studio-lighting-kit.jpg","contentUrl":"https:\/\/glareone.eu\/wp-content\/uploads\/2024\/04\/SVEGA200KITS-GlareOne-Vega-200-Starter-Kit-studio-lighting-kit.jpg","width":1500,"height":1500},{"@type":"BreadcrumbList","@id":"https:\/\/glareone.eu\/cs\/produkt\/glareone-vega-200-starter-kit\/#breadcrumb","itemListElement":[{"@type":"ListItem","position":1,"name":"Strona g\u0142\u00f3wna","item":"https:\/\/glareone.eu\/cs\/"},{"@type":"ListItem","position":2,"name":"V\u0161echny produkty","item":"https:\/\/glareone.eu\/cs\/produkty\/vsechny-produkty\/"},{"@type":"ListItem","position":3,"name":"GlareOne Vega 200 Starter Kit"}]},{"@type":"WebSite","@id":"https:\/\/glareone.eu\/cs\/en\/#website","url":"https:\/\/glareone.eu\/cs\/en\/","name":"GlareOne","description":"Wyposa\u017cenie Studia","publisher":{"@id":"https:\/\/glareone.eu\/cs\/en\/#organization"},"potentialAction":[{"@type":"SearchAction","target":{"@type":"EntryPoint","urlTemplate":"https:\/\/glareone.eu\/cs\/en\/?s={search_term_string}"},"query-input":{"@type":"PropertyValueSpecification","valueRequired":true,"valueName":"search_term_string"}}],"inLanguage":"cs"},{"@type":"Organization","@id":"https:\/\/glareone.eu\/cs\/en\/#organization","name":"GlareOne","url":"https:\/\/glareone.eu\/cs\/en\/","logo":{"@type":"ImageObject","inLanguage":"cs","@id":"https:\/\/glareone.eu\/cs\/en\/#\/schema\/logo\/image\/","url":"http:\/\/glareone.eu\/wp-content\/uploads\/2024\/05\/glareone_logo2020_RGB-01-e1715773127189.png","contentUrl":"http:\/\/glareone.eu\/wp-content\/uploads\/2024\/05\/glareone_logo2020_RGB-01-e1715773127189.png","width":1270,"height":321,"caption":"GlareOne"},"image":{"@id":"https:\/\/glareone.eu\/cs\/en\/#\/schema\/logo\/image\/"},"sameAs":["https:\/\/www.facebook.com\/GlareOneLighting","https:\/\/www.instagram.com\/glareonelighting\/","https:\/\/www.youtube.com\/@GlareOneTV"]}]}},"_links":{"self":[{"href":"https:\/\/glareone.eu\/cs\/wp-json\/wp\/v2\/product\/18739","targetHints":{"allow":["GET"]}}],"collection":[{"href":"https:\/\/glareone.eu\/cs\/wp-json\/wp\/v2\/product"}],"about":[{"href":"https:\/\/glareone.eu\/cs\/wp-json\/wp\/v2\/types\/product"}],"wp:featuredmedia":[{"embeddable":true,"href":"https:\/\/glareone.eu\/cs\/wp-json\/wp\/v2\/media\/18740"}],"wp:attachment":[{"href":"https:\/\/glareone.eu\/cs\/wp-json\/wp\/v2\/media?parent=18739"}],"wp:term":[{"taxonomy":"product_brand","embeddable":true,"href":"https:\/\/glareone.eu\/cs\/wp-json\/wp\/v2\/product_brand?post=18739"},{"taxonomy":"product_cat","embeddable":true,"href":"https:\/\/glareone.eu\/cs\/wp-json\/wp\/v2\/product_cat?post=18739"},{"taxonomy":"product_tag","embeddable":true,"href":"https:\/\/glareone.eu\/cs\/wp-json\/wp\/v2\/product_tag?post=18739"}],"curies":[{"name":"wp","href":"https:\/\/api.w.org\/{rel}","templated":true}]}}