{"id":18723,"date":"2024-04-18T19:26:18","date_gmt":"2024-04-18T19:26:18","guid":{"rendered":"https:\/\/glareone.eu\/product\/glareone-softbox-grid-octa-150\/"},"modified":"2025-06-03T12:14:16","modified_gmt":"2025-06-03T12:14:16","slug":"glareone-softbox-grid-octa-150","status":"publish","type":"product","link":"https:\/\/glareone.eu\/cs\/produkt\/glareone-softbox-grid-octa-150\/","title":{"rendered":"GlareOne Softbox grid Octa 150"},"content":{"rendered":"<p><span style=\"font-weight: 400;\">Honeycomb pro softboxy GlareOne Octa 150.<\/span><\/p>\n<h3><b>Ovl\u00e1d\u00e1n\u00ed<\/b><\/h3>\n<p><span style=\"font-weight: 400;\">Po p\u0159ipevn\u011bn\u00ed k softboxu v\u00e1m honeycomb umo\u017en\u00ed l\u00e9pe ovl\u00e1dat rozlo\u017een\u00ed sv\u011btla na fotografovan\u00e9m objektu a v cel\u00e9 sc\u00e9n\u011b. Honeycomb omezuje rozptyl sv\u011btla do stran, co\u017e usnad\u0148uje v\u011bdom\u00e9 ovl\u00e1d\u00e1n\u00ed sv\u011btla.<\/span><\/p>\n<h3><b>Hustota<\/b><\/h3>\n<p><span style=\"font-weight: 400;\">Jedna m\u0159\u00ed\u017eka m\u011b\u0159\u00ed 5 x 5 cm a m\u00e1 hloubku 3 cm.<\/span><\/p>\n<h3><b>Vlastnosti produktu:<\/b><\/h3>\n<ul>\n<li style=\"font-weight: 400;\" aria-level=\"1\"><span style=\"font-weight: 400;\">Umo\u017e\u0148uje sn\u00ed\u017eit \u00fahel softbox\u016f<\/span><\/li>\n<li style=\"font-weight: 400;\" aria-level=\"1\"><span style=\"font-weight: 400;\">Poskytuje lep\u0161\u00ed kontrolu sv\u011btla<\/span><\/li>\n<li style=\"font-weight: 400;\" aria-level=\"1\"><span style=\"font-weight: 400;\">M\u00edrn\u011b zvy\u0161uje kontrast osv\u011btlen\u00ed<\/span><\/li>\n<li style=\"font-weight: 400;\" aria-level=\"1\"><span style=\"font-weight: 400;\">Pomoc\u00ed z\u00e1plat m\u016f\u017eete sn\u00ed\u017eit odlesky pomoc\u00ed protisv\u011btla<\/span><\/li>\n<li style=\"font-weight: 400;\" aria-level=\"1\"><span style=\"font-weight: 400;\">Vybaveno such\u00fdm zipem pro rychlou instalaci a demont\u00e1\u017e<\/span><\/li>\n<\/ul>\n","protected":false},"excerpt":{"rendered":"<p>Honeycomb pro softboxy GlareOne Octa 150. Ovl\u00e1d\u00e1n\u00ed Po p\u0159ipevn\u011bn\u00ed k softboxu v\u00e1m honeycomb umo\u017en\u00ed l\u00e9pe ovl\u00e1dat rozlo\u017een\u00ed sv\u011btla na fotografovan\u00e9m objektu a v cel\u00e9 sc\u00e9n\u011b. Honeycomb omezuje rozptyl sv\u011btla do stran, co\u017e usnad\u0148uje v\u011bdom\u00e9 ovl\u00e1d\u00e1n\u00ed sv\u011btla. Hustota Jedna m\u0159\u00ed\u017eka m\u011b\u0159\u00ed 5 x 5 cm a m\u00e1 hloubku 3 cm. Vlastnosti produktu: Umo\u017e\u0148uje sn\u00ed\u017eit \u00fahel softbox\u016f [&hellip;]<\/p>\n","protected":false},"featured_media":18724,"template":"","meta":[],"product_brand":[],"product_cat":[559],"product_tag":[],"class_list":{"0":"post-18723","1":"product","2":"type-product","3":"status-publish","4":"has-post-thumbnail","6":"product_cat-grid-softboxy","8":"first","9":"instock","10":"product-type-simple"},"yoast_head":"<!-- This site is optimized with the Yoast SEO plugin v27.2 - https:\/\/yoast.com\/product\/yoast-seo-wordpress\/ -->\n<title>GlareOne Grid do softbox\u00f3w Octa 150<\/title>\n<meta name=\"description\" content=\"GlareOne Grid do softbox\u00f3w Octa 150\" \/>\n<meta name=\"robots\" content=\"index, follow, max-snippet:-1, max-image-preview:large, max-video-preview:-1\" \/>\n<link rel=\"canonical\" href=\"https:\/\/glareone.eu\/cs\/produkt\/glareone-softbox-grid-octa-150\/\" \/>\n<meta property=\"og:locale\" content=\"cs_CZ\" \/>\n<meta property=\"og:type\" content=\"article\" \/>\n<meta property=\"og:title\" content=\"GlareOne Grid do softbox\u00f3w Octa 150\" \/>\n<meta property=\"og:description\" content=\"GlareOne Grid do softbox\u00f3w Octa 150\" \/>\n<meta property=\"og:url\" content=\"https:\/\/glareone.eu\/cs\/produkt\/glareone-softbox-grid-octa-150\/\" \/>\n<meta property=\"og:site_name\" content=\"GlareOne\" \/>\n<meta property=\"article:publisher\" content=\"https:\/\/www.facebook.com\/GlareOneLighting\" \/>\n<meta property=\"article:modified_time\" content=\"2025-06-03T12:14:16+00:00\" \/>\n<meta property=\"og:image\" content=\"https:\/\/glareone.eu\/wp-content\/uploads\/2024\/04\/SHG150.jpg\" \/>\n\t<meta property=\"og:image:width\" content=\"1400\" \/>\n\t<meta property=\"og:image:height\" content=\"1400\" \/>\n\t<meta property=\"og:image:type\" content=\"image\/jpeg\" \/>\n<meta name=\"twitter:card\" content=\"summary_large_image\" \/>\n<meta name=\"twitter:title\" content=\"GlareOne Grid do softbox\u00f3w Octa 150\" \/>\n<meta name=\"twitter:label1\" content=\"Odhadovan\u00e1 doba \u010dten\u00ed\" \/>\n\t<meta name=\"twitter:data1\" content=\"1 minuta\" \/>\n<script type=\"application\/ld+json\" class=\"yoast-schema-graph\">{\"@context\":\"https:\/\/schema.org\",\"@graph\":[{\"@type\":\"WebPage\",\"@id\":\"https:\/\/glareone.eu\/cs\/produkt\/glareone-softbox-grid-octa-150\/\",\"url\":\"https:\/\/glareone.eu\/cs\/produkt\/glareone-softbox-grid-octa-150\/\",\"name\":\"GlareOne Grid do softbox\u00f3w Octa 150\",\"isPartOf\":{\"@id\":\"https:\/\/glareone.eu\/cs\/en\/#website\"},\"primaryImageOfPage\":{\"@id\":\"https:\/\/glareone.eu\/cs\/produkt\/glareone-softbox-grid-octa-150\/#primaryimage\"},\"image\":{\"@id\":\"https:\/\/glareone.eu\/cs\/produkt\/glareone-softbox-grid-octa-150\/#primaryimage\"},\"thumbnailUrl\":\"https:\/\/glareone.eu\/wp-content\/uploads\/2024\/04\/SHG150.jpg\",\"datePublished\":\"2024-04-18T19:26:18+00:00\",\"dateModified\":\"2025-06-03T12:14:16+00:00\",\"description\":\"GlareOne Grid do softbox\u00f3w Octa 150\",\"breadcrumb\":{\"@id\":\"https:\/\/glareone.eu\/cs\/produkt\/glareone-softbox-grid-octa-150\/#breadcrumb\"},\"inLanguage\":\"cs\",\"potentialAction\":[{\"@type\":\"ReadAction\",\"target\":[\"https:\/\/glareone.eu\/cs\/produkt\/glareone-softbox-grid-octa-150\/\"]}]},{\"@type\":\"ImageObject\",\"inLanguage\":\"cs\",\"@id\":\"https:\/\/glareone.eu\/cs\/produkt\/glareone-softbox-grid-octa-150\/#primaryimage\",\"url\":\"https:\/\/glareone.eu\/wp-content\/uploads\/2024\/04\/SHG150.jpg\",\"contentUrl\":\"https:\/\/glareone.eu\/wp-content\/uploads\/2024\/04\/SHG150.jpg\",\"width\":1400,\"height\":1400},{\"@type\":\"BreadcrumbList\",\"@id\":\"https:\/\/glareone.eu\/cs\/produkt\/glareone-softbox-grid-octa-150\/#breadcrumb\",\"itemListElement\":[{\"@type\":\"ListItem\",\"position\":1,\"name\":\"Strona g\u0142\u00f3wna\",\"item\":\"https:\/\/glareone.eu\/cs\/\"},{\"@type\":\"ListItem\",\"position\":2,\"name\":\"V\u0161echny produkty\",\"item\":\"https:\/\/glareone.eu\/cs\/produkty\/vsechny-produkty\/\"},{\"@type\":\"ListItem\",\"position\":3,\"name\":\"GlareOne Softbox grid Octa 150\"}]},{\"@type\":\"WebSite\",\"@id\":\"https:\/\/glareone.eu\/cs\/en\/#website\",\"url\":\"https:\/\/glareone.eu\/cs\/en\/\",\"name\":\"GlareOne\",\"description\":\"Wyposa\u017cenie Studia\",\"publisher\":{\"@id\":\"https:\/\/glareone.eu\/cs\/en\/#organization\"},\"potentialAction\":[{\"@type\":\"SearchAction\",\"target\":{\"@type\":\"EntryPoint\",\"urlTemplate\":\"https:\/\/glareone.eu\/cs\/en\/?s={search_term_string}\"},\"query-input\":{\"@type\":\"PropertyValueSpecification\",\"valueRequired\":true,\"valueName\":\"search_term_string\"}}],\"inLanguage\":\"cs\"},{\"@type\":\"Organization\",\"@id\":\"https:\/\/glareone.eu\/cs\/en\/#organization\",\"name\":\"GlareOne\",\"url\":\"https:\/\/glareone.eu\/cs\/en\/\",\"logo\":{\"@type\":\"ImageObject\",\"inLanguage\":\"cs\",\"@id\":\"https:\/\/glareone.eu\/cs\/en\/#\/schema\/logo\/image\/\",\"url\":\"http:\/\/glareone.eu\/wp-content\/uploads\/2024\/05\/glareone_logo2020_RGB-01-e1715773127189.png\",\"contentUrl\":\"http:\/\/glareone.eu\/wp-content\/uploads\/2024\/05\/glareone_logo2020_RGB-01-e1715773127189.png\",\"width\":1270,\"height\":321,\"caption\":\"GlareOne\"},\"image\":{\"@id\":\"https:\/\/glareone.eu\/cs\/en\/#\/schema\/logo\/image\/\"},\"sameAs\":[\"https:\/\/www.facebook.com\/GlareOneLighting\",\"https:\/\/www.instagram.com\/glareonelighting\/\",\"https:\/\/www.youtube.com\/@GlareOneTV\"]}]}<\/script>\n<!-- \/ Yoast SEO plugin. -->","yoast_head_json":{"title":"GlareOne Grid do softbox\u00f3w Octa 150","description":"GlareOne Grid do softbox\u00f3w Octa 150","robots":{"index":"index","follow":"follow","max-snippet":"max-snippet:-1","max-image-preview":"max-image-preview:large","max-video-preview":"max-video-preview:-1"},"canonical":"https:\/\/glareone.eu\/cs\/produkt\/glareone-softbox-grid-octa-150\/","og_locale":"cs_CZ","og_type":"article","og_title":"GlareOne Grid do softbox\u00f3w Octa 150","og_description":"GlareOne Grid do softbox\u00f3w Octa 150","og_url":"https:\/\/glareone.eu\/cs\/produkt\/glareone-softbox-grid-octa-150\/","og_site_name":"GlareOne","article_publisher":"https:\/\/www.facebook.com\/GlareOneLighting","article_modified_time":"2025-06-03T12:14:16+00:00","og_image":[{"width":1400,"height":1400,"url":"https:\/\/glareone.eu\/wp-content\/uploads\/2024\/04\/SHG150.jpg","type":"image\/jpeg"}],"twitter_card":"summary_large_image","twitter_title":"GlareOne Grid do softbox\u00f3w Octa 150","twitter_misc":{"Odhadovan\u00e1 doba \u010dten\u00ed":"1 minuta"},"schema":{"@context":"https:\/\/schema.org","@graph":[{"@type":"WebPage","@id":"https:\/\/glareone.eu\/cs\/produkt\/glareone-softbox-grid-octa-150\/","url":"https:\/\/glareone.eu\/cs\/produkt\/glareone-softbox-grid-octa-150\/","name":"GlareOne Grid do softbox\u00f3w Octa 150","isPartOf":{"@id":"https:\/\/glareone.eu\/cs\/en\/#website"},"primaryImageOfPage":{"@id":"https:\/\/glareone.eu\/cs\/produkt\/glareone-softbox-grid-octa-150\/#primaryimage"},"image":{"@id":"https:\/\/glareone.eu\/cs\/produkt\/glareone-softbox-grid-octa-150\/#primaryimage"},"thumbnailUrl":"https:\/\/glareone.eu\/wp-content\/uploads\/2024\/04\/SHG150.jpg","datePublished":"2024-04-18T19:26:18+00:00","dateModified":"2025-06-03T12:14:16+00:00","description":"GlareOne Grid do softbox\u00f3w Octa 150","breadcrumb":{"@id":"https:\/\/glareone.eu\/cs\/produkt\/glareone-softbox-grid-octa-150\/#breadcrumb"},"inLanguage":"cs","potentialAction":[{"@type":"ReadAction","target":["https:\/\/glareone.eu\/cs\/produkt\/glareone-softbox-grid-octa-150\/"]}]},{"@type":"ImageObject","inLanguage":"cs","@id":"https:\/\/glareone.eu\/cs\/produkt\/glareone-softbox-grid-octa-150\/#primaryimage","url":"https:\/\/glareone.eu\/wp-content\/uploads\/2024\/04\/SHG150.jpg","contentUrl":"https:\/\/glareone.eu\/wp-content\/uploads\/2024\/04\/SHG150.jpg","width":1400,"height":1400},{"@type":"BreadcrumbList","@id":"https:\/\/glareone.eu\/cs\/produkt\/glareone-softbox-grid-octa-150\/#breadcrumb","itemListElement":[{"@type":"ListItem","position":1,"name":"Strona g\u0142\u00f3wna","item":"https:\/\/glareone.eu\/cs\/"},{"@type":"ListItem","position":2,"name":"V\u0161echny produkty","item":"https:\/\/glareone.eu\/cs\/produkty\/vsechny-produkty\/"},{"@type":"ListItem","position":3,"name":"GlareOne Softbox grid Octa 150"}]},{"@type":"WebSite","@id":"https:\/\/glareone.eu\/cs\/en\/#website","url":"https:\/\/glareone.eu\/cs\/en\/","name":"GlareOne","description":"Wyposa\u017cenie Studia","publisher":{"@id":"https:\/\/glareone.eu\/cs\/en\/#organization"},"potentialAction":[{"@type":"SearchAction","target":{"@type":"EntryPoint","urlTemplate":"https:\/\/glareone.eu\/cs\/en\/?s={search_term_string}"},"query-input":{"@type":"PropertyValueSpecification","valueRequired":true,"valueName":"search_term_string"}}],"inLanguage":"cs"},{"@type":"Organization","@id":"https:\/\/glareone.eu\/cs\/en\/#organization","name":"GlareOne","url":"https:\/\/glareone.eu\/cs\/en\/","logo":{"@type":"ImageObject","inLanguage":"cs","@id":"https:\/\/glareone.eu\/cs\/en\/#\/schema\/logo\/image\/","url":"http:\/\/glareone.eu\/wp-content\/uploads\/2024\/05\/glareone_logo2020_RGB-01-e1715773127189.png","contentUrl":"http:\/\/glareone.eu\/wp-content\/uploads\/2024\/05\/glareone_logo2020_RGB-01-e1715773127189.png","width":1270,"height":321,"caption":"GlareOne"},"image":{"@id":"https:\/\/glareone.eu\/cs\/en\/#\/schema\/logo\/image\/"},"sameAs":["https:\/\/www.facebook.com\/GlareOneLighting","https:\/\/www.instagram.com\/glareonelighting\/","https:\/\/www.youtube.com\/@GlareOneTV"]}]}},"_links":{"self":[{"href":"https:\/\/glareone.eu\/cs\/wp-json\/wp\/v2\/product\/18723","targetHints":{"allow":["GET"]}}],"collection":[{"href":"https:\/\/glareone.eu\/cs\/wp-json\/wp\/v2\/product"}],"about":[{"href":"https:\/\/glareone.eu\/cs\/wp-json\/wp\/v2\/types\/product"}],"wp:featuredmedia":[{"embeddable":true,"href":"https:\/\/glareone.eu\/cs\/wp-json\/wp\/v2\/media\/18724"}],"wp:attachment":[{"href":"https:\/\/glareone.eu\/cs\/wp-json\/wp\/v2\/media?parent=18723"}],"wp:term":[{"taxonomy":"product_brand","embeddable":true,"href":"https:\/\/glareone.eu\/cs\/wp-json\/wp\/v2\/product_brand?post=18723"},{"taxonomy":"product_cat","embeddable":true,"href":"https:\/\/glareone.eu\/cs\/wp-json\/wp\/v2\/product_cat?post=18723"},{"taxonomy":"product_tag","embeddable":true,"href":"https:\/\/glareone.eu\/cs\/wp-json\/wp\/v2\/product_tag?post=18723"}],"curies":[{"name":"wp","href":"https:\/\/api.w.org\/{rel}","templated":true}]}}