{"id":18699,"date":"2024-04-18T19:26:20","date_gmt":"2024-04-18T19:26:20","guid":{"rendered":"https:\/\/glareone.eu\/product\/glareone-flash-rc\/"},"modified":"2025-08-11T10:13:36","modified_gmt":"2025-08-11T10:13:36","slug":"glareone-flash-rc","status":"publish","type":"product","link":"https:\/\/glareone.eu\/cs\/produkt\/glareone-flash-rc\/","title":{"rendered":"GlareOne Flash RC &#8211; bezdr\u00e1tov\u00e9 d\u00e1lkov\u00e9 ovl\u00e1d\u00e1n\u00ed"},"content":{"rendered":"<h3>Kompatibiln\u00ed se v\u0161emi fotoapar\u00e1ty<\/h3>\n<p>Spou\u0161\u0165 je vybavena ISO patic\u00ed a lze ji pou\u017e\u00edt s prakticky jakoukoli zna\u010dkou fotoapar\u00e1tu k spou\u0161t\u011bn\u00ed studiov\u00e9ho blesku Vega 400, v\u010detn\u011b digit\u00e1ln\u00edch fotoapar\u00e1t\u016f (DSLR a bezzrcadlovek) i analogov\u00fdch klasick\u00fdch fotoapar\u00e1t\u016f.<\/p>\n<h3>Bezdr\u00e1tov\u00e9<\/h3>\n<p>Flash RC pou\u017e\u00edv\u00e1 r\u00e1diovou frekvenci 2,4 GHz k p\u0159enosu p\u0159\u00edkaz\u016f k sv\u011btl\u016fm bez zpo\u017ed\u011bn\u00ed a s obrovsk\u00fdm dosahem a\u017e 300 m.<\/p>\n<h3>Snadn\u00e9 pou\u017eit\u00ed<\/h3>\n<p>Nejsou pot\u0159eba \u017e\u00e1dn\u00e9 dal\u0161\u00ed dongle, kabely ani adapt\u00e9ry, proto\u017ee v\u0161echny blesky GlareOne Vega jsou vybaveny vestav\u011bn\u00fdmi p\u0159ij\u00edma\u010di. Sta\u010d\u00ed nastavit stejn\u00fd komunika\u010dn\u00ed kan\u00e1l na Flash RC a blesku Vega a m\u016f\u017eete fotografovat!<\/p>\n<h3>Funk\u010dn\u00ed<\/h3>\n<p>Je mo\u017en\u00e9 ovl\u00e1dat a\u017e 16 samostatn\u00fdch skupin blesk\u016f v 16 komunika\u010dn\u00edch kan\u00e1lech bez ru\u0161en\u00ed od jin\u00fdch fotograf\u016f. V\u00fdkon blesku lze ru\u010dn\u011b ovl\u00e1dat pomoc\u00ed spou\u0161t\u011bc\u00edho rozhran\u00ed a maxim\u00e1ln\u00ed synchroniza\u010dn\u00ed rychlost je 1\/250 s.<\/p>\n<h3>Chytr\u00fd design<\/h3>\n<p>Flash RC vynik\u00e1 neuv\u011b\u0159iteln\u011b n\u00edzkou hmotnost\u00ed a kompaktn\u00edm designem, p\u0159esto je vybaven jasn\u00fdm a \u010diteln\u00fdm LCD displejem, velk\u00fdmi a snadno stisknuteln\u00fdmi tla\u010d\u00edtky a rychl\u00fdm uzamykateln\u00fdm paticov\u00fdm konektorem, kter\u00fd zvy\u0161uje bezpe\u010dnost a usnad\u0148uje pr\u00e1ci.<\/p>\n<h3>Vlastnosti GlareOne Flash RC:<\/h3>\n<ul>\n<li>Bezdr\u00e1tov\u00fd ovlada\u010d pro studiov\u00e9 blesky GlareOne Vega<\/li>\n<li>Kompatibiln\u00ed se v\u0161emi fotoapar\u00e1ty vybaven\u00fdmi horkou patkou ISO (Canon, Nikon, Sony, Olympus, Panasonic, Fujifilm, Pentax atd.)<\/li>\n<li>Vyu\u017e\u00edv\u00e1 r\u00e1diovou frekvenci 2,4 GHz, kter\u00e1 zaji\u0161\u0165uje dosah a\u017e 300 m<\/li>\n<li>Podporuje a\u017e 16 kan\u00e1l\u016f a 10 skupin pro p\u0159esn\u00e9 ovl\u00e1d\u00e1n\u00ed jednotliv\u00fdch sv\u011btel<\/li>\n<li>Snadno pou\u017eiteln\u00e9 u\u017eivatelsk\u00e9 rozhran\u00ed<\/li>\n<li>Vybaven velk\u00fdm a jasn\u00fdm LCD displejem pro rychl\u00e9 \u010dten\u00ed provozn\u00edch parametr\u016f<\/li>\n<li>Vybaveno rychloup\u00ednac\u00ed patic\u00ed<\/li>\n<li>Nap\u00e1jen\u00ed dv\u011bma bateriemi AAA<\/li>\n<\/ul>\n","protected":false},"excerpt":{"rendered":"<p>Kompatibiln\u00ed se v\u0161emi fotoapar\u00e1ty Spou\u0161\u0165 je vybavena ISO patic\u00ed a lze ji pou\u017e\u00edt s prakticky jakoukoli zna\u010dkou fotoapar\u00e1tu k spou\u0161t\u011bn\u00ed studiov\u00e9ho blesku Vega 400, v\u010detn\u011b digit\u00e1ln\u00edch fotoapar\u00e1t\u016f (DSLR a bezzrcadlovek) i analogov\u00fdch klasick\u00fdch fotoapar\u00e1t\u016f. Bezdr\u00e1tov\u00e9 Flash RC pou\u017e\u00edv\u00e1 r\u00e1diovou frekvenci 2,4 GHz k p\u0159enosu p\u0159\u00edkaz\u016f k sv\u011btl\u016fm bez zpo\u017ed\u011bn\u00ed a s obrovsk\u00fdm dosahem a\u017e 300 [&hellip;]<\/p>\n","protected":false},"featured_media":18700,"template":"","meta":[],"product_brand":[],"product_cat":[583,568],"product_tag":[],"class_list":{"0":"post-18699","1":"product","2":"type-product","3":"status-publish","4":"has-post-thumbnail","6":"product_cat-antares-cs","7":"product_cat-vega-cs","9":"first","10":"instock","11":"product-type-simple"},"yoast_head":"<!-- This site is optimized with the Yoast SEO plugin v27.2 - https:\/\/yoast.com\/product\/yoast-seo-wordpress\/ -->\n<title>GlareOne Flash RC - wyzwalacz<\/title>\n<meta name=\"description\" content=\"GlareOne Flash RC - wyzwalacz\" \/>\n<meta name=\"robots\" content=\"index, follow, max-snippet:-1, max-image-preview:large, max-video-preview:-1\" \/>\n<link rel=\"canonical\" href=\"https:\/\/glareone.eu\/cs\/produkt\/glareone-flash-rc\/\" \/>\n<meta property=\"og:locale\" content=\"cs_CZ\" \/>\n<meta property=\"og:type\" content=\"article\" \/>\n<meta property=\"og:title\" content=\"GlareOne Flash RC - wyzwalacz\" \/>\n<meta property=\"og:description\" content=\"GlareOne Flash RC - wyzwalacz\" \/>\n<meta property=\"og:url\" content=\"https:\/\/glareone.eu\/cs\/produkt\/glareone-flash-rc\/\" \/>\n<meta property=\"og:site_name\" content=\"GlareOne\" \/>\n<meta property=\"article:publisher\" content=\"https:\/\/www.facebook.com\/GlareOneLighting\" \/>\n<meta property=\"article:modified_time\" content=\"2025-08-11T10:13:36+00:00\" \/>\n<meta property=\"og:image\" content=\"https:\/\/glareone.eu\/wp-content\/uploads\/2024\/04\/SFLASHRC-GlareOne-Flash-RC-1_tn.jpg\" \/>\n\t<meta property=\"og:image:width\" content=\"2000\" \/>\n\t<meta property=\"og:image:height\" content=\"2000\" \/>\n\t<meta property=\"og:image:type\" content=\"image\/jpeg\" \/>\n<meta name=\"twitter:card\" content=\"summary_large_image\" \/>\n<meta name=\"twitter:title\" content=\"GlareOne Flash RC - wyzwalacz\" \/>\n<meta name=\"twitter:label1\" content=\"Odhadovan\u00e1 doba \u010dten\u00ed\" \/>\n\t<meta name=\"twitter:data1\" content=\"2 minuty\" \/>\n<script type=\"application\/ld+json\" class=\"yoast-schema-graph\">{\"@context\":\"https:\/\/schema.org\",\"@graph\":[{\"@type\":\"WebPage\",\"@id\":\"https:\/\/glareone.eu\/cs\/produkt\/glareone-flash-rc\/\",\"url\":\"https:\/\/glareone.eu\/cs\/produkt\/glareone-flash-rc\/\",\"name\":\"GlareOne Flash RC - wyzwalacz\",\"isPartOf\":{\"@id\":\"https:\/\/glareone.eu\/cs\/en\/#website\"},\"primaryImageOfPage\":{\"@id\":\"https:\/\/glareone.eu\/cs\/produkt\/glareone-flash-rc\/#primaryimage\"},\"image\":{\"@id\":\"https:\/\/glareone.eu\/cs\/produkt\/glareone-flash-rc\/#primaryimage\"},\"thumbnailUrl\":\"https:\/\/glareone.eu\/wp-content\/uploads\/2024\/04\/SFLASHRC-GlareOne-Flash-RC-1_tn.jpg\",\"datePublished\":\"2024-04-18T19:26:20+00:00\",\"dateModified\":\"2025-08-11T10:13:36+00:00\",\"description\":\"GlareOne Flash RC - wyzwalacz\",\"breadcrumb\":{\"@id\":\"https:\/\/glareone.eu\/cs\/produkt\/glareone-flash-rc\/#breadcrumb\"},\"inLanguage\":\"cs\",\"potentialAction\":[{\"@type\":\"ReadAction\",\"target\":[\"https:\/\/glareone.eu\/cs\/produkt\/glareone-flash-rc\/\"]}]},{\"@type\":\"ImageObject\",\"inLanguage\":\"cs\",\"@id\":\"https:\/\/glareone.eu\/cs\/produkt\/glareone-flash-rc\/#primaryimage\",\"url\":\"https:\/\/glareone.eu\/wp-content\/uploads\/2024\/04\/SFLASHRC-GlareOne-Flash-RC-1_tn.jpg\",\"contentUrl\":\"https:\/\/glareone.eu\/wp-content\/uploads\/2024\/04\/SFLASHRC-GlareOne-Flash-RC-1_tn.jpg\",\"width\":2000,\"height\":2000},{\"@type\":\"BreadcrumbList\",\"@id\":\"https:\/\/glareone.eu\/cs\/produkt\/glareone-flash-rc\/#breadcrumb\",\"itemListElement\":[{\"@type\":\"ListItem\",\"position\":1,\"name\":\"Strona g\u0142\u00f3wna\",\"item\":\"https:\/\/glareone.eu\/cs\/\"},{\"@type\":\"ListItem\",\"position\":2,\"name\":\"V\u0161echny produkty\",\"item\":\"https:\/\/glareone.eu\/cs\/produkty\/vsechny-produkty\/\"},{\"@type\":\"ListItem\",\"position\":3,\"name\":\"GlareOne Flash RC &#8211; bezdr\u00e1tov\u00e9 d\u00e1lkov\u00e9 ovl\u00e1d\u00e1n\u00ed\"}]},{\"@type\":\"WebSite\",\"@id\":\"https:\/\/glareone.eu\/cs\/en\/#website\",\"url\":\"https:\/\/glareone.eu\/cs\/en\/\",\"name\":\"GlareOne\",\"description\":\"Wyposa\u017cenie Studia\",\"publisher\":{\"@id\":\"https:\/\/glareone.eu\/cs\/en\/#organization\"},\"potentialAction\":[{\"@type\":\"SearchAction\",\"target\":{\"@type\":\"EntryPoint\",\"urlTemplate\":\"https:\/\/glareone.eu\/cs\/en\/?s={search_term_string}\"},\"query-input\":{\"@type\":\"PropertyValueSpecification\",\"valueRequired\":true,\"valueName\":\"search_term_string\"}}],\"inLanguage\":\"cs\"},{\"@type\":\"Organization\",\"@id\":\"https:\/\/glareone.eu\/cs\/en\/#organization\",\"name\":\"GlareOne\",\"url\":\"https:\/\/glareone.eu\/cs\/en\/\",\"logo\":{\"@type\":\"ImageObject\",\"inLanguage\":\"cs\",\"@id\":\"https:\/\/glareone.eu\/cs\/en\/#\/schema\/logo\/image\/\",\"url\":\"http:\/\/glareone.eu\/wp-content\/uploads\/2024\/05\/glareone_logo2020_RGB-01-e1715773127189.png\",\"contentUrl\":\"http:\/\/glareone.eu\/wp-content\/uploads\/2024\/05\/glareone_logo2020_RGB-01-e1715773127189.png\",\"width\":1270,\"height\":321,\"caption\":\"GlareOne\"},\"image\":{\"@id\":\"https:\/\/glareone.eu\/cs\/en\/#\/schema\/logo\/image\/\"},\"sameAs\":[\"https:\/\/www.facebook.com\/GlareOneLighting\",\"https:\/\/www.instagram.com\/glareonelighting\/\",\"https:\/\/www.youtube.com\/@GlareOneTV\"]}]}<\/script>\n<!-- \/ Yoast SEO plugin. -->","yoast_head_json":{"title":"GlareOne Flash RC - wyzwalacz","description":"GlareOne Flash RC - wyzwalacz","robots":{"index":"index","follow":"follow","max-snippet":"max-snippet:-1","max-image-preview":"max-image-preview:large","max-video-preview":"max-video-preview:-1"},"canonical":"https:\/\/glareone.eu\/cs\/produkt\/glareone-flash-rc\/","og_locale":"cs_CZ","og_type":"article","og_title":"GlareOne Flash RC - wyzwalacz","og_description":"GlareOne Flash RC - wyzwalacz","og_url":"https:\/\/glareone.eu\/cs\/produkt\/glareone-flash-rc\/","og_site_name":"GlareOne","article_publisher":"https:\/\/www.facebook.com\/GlareOneLighting","article_modified_time":"2025-08-11T10:13:36+00:00","og_image":[{"width":2000,"height":2000,"url":"https:\/\/glareone.eu\/wp-content\/uploads\/2024\/04\/SFLASHRC-GlareOne-Flash-RC-1_tn.jpg","type":"image\/jpeg"}],"twitter_card":"summary_large_image","twitter_title":"GlareOne Flash RC - wyzwalacz","twitter_misc":{"Odhadovan\u00e1 doba \u010dten\u00ed":"2 minuty"},"schema":{"@context":"https:\/\/schema.org","@graph":[{"@type":"WebPage","@id":"https:\/\/glareone.eu\/cs\/produkt\/glareone-flash-rc\/","url":"https:\/\/glareone.eu\/cs\/produkt\/glareone-flash-rc\/","name":"GlareOne Flash RC - wyzwalacz","isPartOf":{"@id":"https:\/\/glareone.eu\/cs\/en\/#website"},"primaryImageOfPage":{"@id":"https:\/\/glareone.eu\/cs\/produkt\/glareone-flash-rc\/#primaryimage"},"image":{"@id":"https:\/\/glareone.eu\/cs\/produkt\/glareone-flash-rc\/#primaryimage"},"thumbnailUrl":"https:\/\/glareone.eu\/wp-content\/uploads\/2024\/04\/SFLASHRC-GlareOne-Flash-RC-1_tn.jpg","datePublished":"2024-04-18T19:26:20+00:00","dateModified":"2025-08-11T10:13:36+00:00","description":"GlareOne Flash RC - wyzwalacz","breadcrumb":{"@id":"https:\/\/glareone.eu\/cs\/produkt\/glareone-flash-rc\/#breadcrumb"},"inLanguage":"cs","potentialAction":[{"@type":"ReadAction","target":["https:\/\/glareone.eu\/cs\/produkt\/glareone-flash-rc\/"]}]},{"@type":"ImageObject","inLanguage":"cs","@id":"https:\/\/glareone.eu\/cs\/produkt\/glareone-flash-rc\/#primaryimage","url":"https:\/\/glareone.eu\/wp-content\/uploads\/2024\/04\/SFLASHRC-GlareOne-Flash-RC-1_tn.jpg","contentUrl":"https:\/\/glareone.eu\/wp-content\/uploads\/2024\/04\/SFLASHRC-GlareOne-Flash-RC-1_tn.jpg","width":2000,"height":2000},{"@type":"BreadcrumbList","@id":"https:\/\/glareone.eu\/cs\/produkt\/glareone-flash-rc\/#breadcrumb","itemListElement":[{"@type":"ListItem","position":1,"name":"Strona g\u0142\u00f3wna","item":"https:\/\/glareone.eu\/cs\/"},{"@type":"ListItem","position":2,"name":"V\u0161echny produkty","item":"https:\/\/glareone.eu\/cs\/produkty\/vsechny-produkty\/"},{"@type":"ListItem","position":3,"name":"GlareOne Flash RC &#8211; bezdr\u00e1tov\u00e9 d\u00e1lkov\u00e9 ovl\u00e1d\u00e1n\u00ed"}]},{"@type":"WebSite","@id":"https:\/\/glareone.eu\/cs\/en\/#website","url":"https:\/\/glareone.eu\/cs\/en\/","name":"GlareOne","description":"Wyposa\u017cenie Studia","publisher":{"@id":"https:\/\/glareone.eu\/cs\/en\/#organization"},"potentialAction":[{"@type":"SearchAction","target":{"@type":"EntryPoint","urlTemplate":"https:\/\/glareone.eu\/cs\/en\/?s={search_term_string}"},"query-input":{"@type":"PropertyValueSpecification","valueRequired":true,"valueName":"search_term_string"}}],"inLanguage":"cs"},{"@type":"Organization","@id":"https:\/\/glareone.eu\/cs\/en\/#organization","name":"GlareOne","url":"https:\/\/glareone.eu\/cs\/en\/","logo":{"@type":"ImageObject","inLanguage":"cs","@id":"https:\/\/glareone.eu\/cs\/en\/#\/schema\/logo\/image\/","url":"http:\/\/glareone.eu\/wp-content\/uploads\/2024\/05\/glareone_logo2020_RGB-01-e1715773127189.png","contentUrl":"http:\/\/glareone.eu\/wp-content\/uploads\/2024\/05\/glareone_logo2020_RGB-01-e1715773127189.png","width":1270,"height":321,"caption":"GlareOne"},"image":{"@id":"https:\/\/glareone.eu\/cs\/en\/#\/schema\/logo\/image\/"},"sameAs":["https:\/\/www.facebook.com\/GlareOneLighting","https:\/\/www.instagram.com\/glareonelighting\/","https:\/\/www.youtube.com\/@GlareOneTV"]}]}},"_links":{"self":[{"href":"https:\/\/glareone.eu\/cs\/wp-json\/wp\/v2\/product\/18699","targetHints":{"allow":["GET"]}}],"collection":[{"href":"https:\/\/glareone.eu\/cs\/wp-json\/wp\/v2\/product"}],"about":[{"href":"https:\/\/glareone.eu\/cs\/wp-json\/wp\/v2\/types\/product"}],"wp:featuredmedia":[{"embeddable":true,"href":"https:\/\/glareone.eu\/cs\/wp-json\/wp\/v2\/media\/18700"}],"wp:attachment":[{"href":"https:\/\/glareone.eu\/cs\/wp-json\/wp\/v2\/media?parent=18699"}],"wp:term":[{"taxonomy":"product_brand","embeddable":true,"href":"https:\/\/glareone.eu\/cs\/wp-json\/wp\/v2\/product_brand?post=18699"},{"taxonomy":"product_cat","embeddable":true,"href":"https:\/\/glareone.eu\/cs\/wp-json\/wp\/v2\/product_cat?post=18699"},{"taxonomy":"product_tag","embeddable":true,"href":"https:\/\/glareone.eu\/cs\/wp-json\/wp\/v2\/product_tag?post=18699"}],"curies":[{"name":"wp","href":"https:\/\/api.w.org\/{rel}","templated":true}]}}