{"id":18693,"date":"2024-04-18T19:26:20","date_gmt":"2024-04-18T19:26:20","guid":{"rendered":"https:\/\/glareone.eu\/product\/glareone-flash-ur\/"},"modified":"2025-12-12T10:51:14","modified_gmt":"2025-12-12T10:51:14","slug":"glareone-flash-ur","status":"publish","type":"product","link":"https:\/\/glareone.eu\/cs\/produkt\/glareone-flash-ur\/","title":{"rendered":"GlareOne Flash UR &#8211; univerz\u00e1ln\u00ed p\u0159ij\u00edma\u010d"},"content":{"rendered":"<h3>Kompatibiln\u00ed s jakoukoli lampou<\/h3>\n<p>P\u0159ij\u00edma\u010d je vybaven standardn\u00edm 3,5mm jack konektorem. Lze jej proto pou\u017e\u00edt s t\u00e9m\u011b\u0159 ka\u017ed\u00fdm studiov\u00fdm bleskem bez ohledu na zna\u010dku, pokud je jednotka vybavena odpov\u00eddaj\u00edc\u00ed z\u00e1suvkou, co\u017e je obvykle p\u0159\u00edpad.<\/p>\n<h3>Bezdr\u00e1tov\u00fd<\/h3>\n<p>Vys\u00edla\u010d GlareOne Flash RC komunikuje s bleskem pomoc\u00ed r\u00e1diov\u00e9 frekvence 2,4 GHz, kter\u00e1 umo\u017e\u0148uje rychl\u00fd a stabiln\u00ed p\u0159enos informac\u00ed s dosahem a\u017e 300 metr\u016f.<\/p>\n<h3>Snadn\u00e9 pou\u017eit\u00ed<\/h3>\n<p>Flash UR lze snadno p\u0159ipojit k blesk\u016fm a jeho nastaven\u00ed je velmi jednoduch\u00e9. D\u00edky vestav\u011bn\u00e9mu LCD displeji m\u016f\u017eete na prvn\u00ed pohled vid\u011bt, na kter\u00fd kan\u00e1l je p\u0159ij\u00edma\u010d nastaven. Zm\u011bna provozn\u00edch parametr\u016f se prov\u00e1d\u00ed pomoc\u00ed t\u0159\u00ed velk\u00fdch tla\u010d\u00edtek.<\/p>\n<h3>Stabiln\u00ed nap\u00e1jen\u00ed<\/h3>\n<p>P\u0159ij\u00edma\u010d je vybaven vestav\u011bnou lithium-iontovou bateri\u00ed s kapacitou 500 mAh, kter\u00e1 vysta\u010d\u00ed na v\u00edce ne\u017e 100 hodin provozu. Nab\u00edj\u00ed se p\u0159es USB-C port um\u00edst\u011bn\u00fd na krytu za\u0159\u00edzen\u00ed.<\/p>\n<h3>Vlastnosti GlareOne Flash UR<\/h3>\n<ul>\n<li>Lze pou\u017e\u00edt s lampami vybaven\u00fdmi synchroniza\u010dn\u00edm konektorem<\/li>\n<li>Je kompatibiln\u00ed s vys\u00edla\u010dem GlareOne Flash RC<\/li>\n<li>Umo\u017e\u0148uje d\u00e1lkov\u00e9 spou\u0161t\u011bn\u00ed blesk\u016f jin\u00fdch zna\u010dek<\/li>\n<li>M\u00e1 vestav\u011bnou dob\u00edjec\u00ed baterii, kter\u00e1 se nab\u00edj\u00ed p\u0159es USB-C<\/li>\n<li>Dosah a\u017e 300 m<\/li>\n<li>R\u00e1diov\u00e1 frekvence 2,4 GHz<\/li>\n<li>Vestav\u011bn\u00e1 dob\u00edjec\u00ed baterie<\/li>\n<li>Nab\u00edjen\u00ed p\u0159es port USB-C<\/li>\n<\/ul>\n","protected":false},"excerpt":{"rendered":"<p>Kompatibiln\u00ed s jakoukoli lampou P\u0159ij\u00edma\u010d je vybaven standardn\u00edm 3,5mm jack konektorem. Lze jej proto pou\u017e\u00edt s t\u00e9m\u011b\u0159 ka\u017ed\u00fdm studiov\u00fdm bleskem bez ohledu na zna\u010dku, pokud je jednotka vybavena odpov\u00eddaj\u00edc\u00ed z\u00e1suvkou, co\u017e je obvykle p\u0159\u00edpad. Bezdr\u00e1tov\u00fd Vys\u00edla\u010d GlareOne Flash RC komunikuje s bleskem pomoc\u00ed r\u00e1diov\u00e9 frekvence 2,4 GHz, kter\u00e1 umo\u017e\u0148uje rychl\u00fd a stabiln\u00ed p\u0159enos informac\u00ed s [&hellip;]<\/p>\n","protected":false},"featured_media":18694,"template":"","meta":[],"product_brand":[],"product_cat":[583,568],"product_tag":[],"class_list":{"0":"post-18693","1":"product","2":"type-product","3":"status-publish","4":"has-post-thumbnail","6":"product_cat-antares-cs","7":"product_cat-vega-cs","9":"first","10":"instock","11":"product-type-simple"},"yoast_head":"<!-- This site is optimized with the Yoast SEO plugin v27.2 - https:\/\/yoast.com\/product\/yoast-seo-wordpress\/ -->\n<title>GlareOne Flash UR - odbiornik uniwersalny<\/title>\n<meta name=\"description\" content=\"GlareOne Flash UR - odbiornik uniwersalny\" \/>\n<meta name=\"robots\" content=\"index, follow, max-snippet:-1, max-image-preview:large, max-video-preview:-1\" \/>\n<link rel=\"canonical\" href=\"https:\/\/glareone.eu\/cs\/produkt\/glareone-flash-ur\/\" \/>\n<meta property=\"og:locale\" content=\"cs_CZ\" \/>\n<meta property=\"og:type\" content=\"article\" \/>\n<meta property=\"og:title\" content=\"GlareOne Flash UR - odbiornik uniwersalny\" \/>\n<meta property=\"og:description\" content=\"GlareOne Flash UR - odbiornik uniwersalny\" \/>\n<meta property=\"og:url\" content=\"https:\/\/glareone.eu\/cs\/produkt\/glareone-flash-ur\/\" \/>\n<meta property=\"og:site_name\" content=\"GlareOne\" \/>\n<meta property=\"article:publisher\" content=\"https:\/\/www.facebook.com\/GlareOneLighting\" \/>\n<meta property=\"article:modified_time\" content=\"2025-12-12T10:51:14+00:00\" \/>\n<meta property=\"og:image\" content=\"https:\/\/glareone.eu\/wp-content\/uploads\/2024\/04\/GlareOne-Flash-UR-odbiornik-uniwersalny.png\" \/>\n\t<meta property=\"og:image:width\" content=\"1487\" \/>\n\t<meta property=\"og:image:height\" content=\"1288\" \/>\n\t<meta property=\"og:image:type\" content=\"image\/png\" \/>\n<meta name=\"twitter:card\" content=\"summary_large_image\" \/>\n<meta name=\"twitter:title\" content=\"GlareOne Flash UR - odbiornik uniwersalny\" \/>\n<script type=\"application\/ld+json\" class=\"yoast-schema-graph\">{\"@context\":\"https:\/\/schema.org\",\"@graph\":[{\"@type\":\"WebPage\",\"@id\":\"https:\/\/glareone.eu\/cs\/produkt\/glareone-flash-ur\/\",\"url\":\"https:\/\/glareone.eu\/cs\/produkt\/glareone-flash-ur\/\",\"name\":\"GlareOne Flash UR - odbiornik uniwersalny\",\"isPartOf\":{\"@id\":\"https:\/\/glareone.eu\/cs\/en\/#website\"},\"primaryImageOfPage\":{\"@id\":\"https:\/\/glareone.eu\/cs\/produkt\/glareone-flash-ur\/#primaryimage\"},\"image\":{\"@id\":\"https:\/\/glareone.eu\/cs\/produkt\/glareone-flash-ur\/#primaryimage\"},\"thumbnailUrl\":\"https:\/\/glareone.eu\/wp-content\/uploads\/2024\/04\/GlareOne-Flash-UR-odbiornik-uniwersalny.png\",\"datePublished\":\"2024-04-18T19:26:20+00:00\",\"dateModified\":\"2025-12-12T10:51:14+00:00\",\"description\":\"GlareOne Flash UR - odbiornik uniwersalny\",\"breadcrumb\":{\"@id\":\"https:\/\/glareone.eu\/cs\/produkt\/glareone-flash-ur\/#breadcrumb\"},\"inLanguage\":\"cs\",\"potentialAction\":[{\"@type\":\"ReadAction\",\"target\":[\"https:\/\/glareone.eu\/cs\/produkt\/glareone-flash-ur\/\"]}]},{\"@type\":\"ImageObject\",\"inLanguage\":\"cs\",\"@id\":\"https:\/\/glareone.eu\/cs\/produkt\/glareone-flash-ur\/#primaryimage\",\"url\":\"https:\/\/glareone.eu\/wp-content\/uploads\/2024\/04\/GlareOne-Flash-UR-odbiornik-uniwersalny.png\",\"contentUrl\":\"https:\/\/glareone.eu\/wp-content\/uploads\/2024\/04\/GlareOne-Flash-UR-odbiornik-uniwersalny.png\",\"width\":1487,\"height\":1288},{\"@type\":\"BreadcrumbList\",\"@id\":\"https:\/\/glareone.eu\/cs\/produkt\/glareone-flash-ur\/#breadcrumb\",\"itemListElement\":[{\"@type\":\"ListItem\",\"position\":1,\"name\":\"Strona g\u0142\u00f3wna\",\"item\":\"https:\/\/glareone.eu\/cs\/\"},{\"@type\":\"ListItem\",\"position\":2,\"name\":\"V\u0161echny produkty\",\"item\":\"https:\/\/glareone.eu\/cs\/produkty\/vsechny-produkty\/\"},{\"@type\":\"ListItem\",\"position\":3,\"name\":\"GlareOne Flash UR &#8211; univerz\u00e1ln\u00ed p\u0159ij\u00edma\u010d\"}]},{\"@type\":\"WebSite\",\"@id\":\"https:\/\/glareone.eu\/cs\/en\/#website\",\"url\":\"https:\/\/glareone.eu\/cs\/en\/\",\"name\":\"GlareOne\",\"description\":\"Wyposa\u017cenie Studia\",\"publisher\":{\"@id\":\"https:\/\/glareone.eu\/cs\/en\/#organization\"},\"potentialAction\":[{\"@type\":\"SearchAction\",\"target\":{\"@type\":\"EntryPoint\",\"urlTemplate\":\"https:\/\/glareone.eu\/cs\/en\/?s={search_term_string}\"},\"query-input\":{\"@type\":\"PropertyValueSpecification\",\"valueRequired\":true,\"valueName\":\"search_term_string\"}}],\"inLanguage\":\"cs\"},{\"@type\":\"Organization\",\"@id\":\"https:\/\/glareone.eu\/cs\/en\/#organization\",\"name\":\"GlareOne\",\"url\":\"https:\/\/glareone.eu\/cs\/en\/\",\"logo\":{\"@type\":\"ImageObject\",\"inLanguage\":\"cs\",\"@id\":\"https:\/\/glareone.eu\/cs\/en\/#\/schema\/logo\/image\/\",\"url\":\"http:\/\/glareone.eu\/wp-content\/uploads\/2024\/05\/glareone_logo2020_RGB-01-e1715773127189.png\",\"contentUrl\":\"http:\/\/glareone.eu\/wp-content\/uploads\/2024\/05\/glareone_logo2020_RGB-01-e1715773127189.png\",\"width\":1270,\"height\":321,\"caption\":\"GlareOne\"},\"image\":{\"@id\":\"https:\/\/glareone.eu\/cs\/en\/#\/schema\/logo\/image\/\"},\"sameAs\":[\"https:\/\/www.facebook.com\/GlareOneLighting\",\"https:\/\/www.instagram.com\/glareonelighting\/\",\"https:\/\/www.youtube.com\/@GlareOneTV\"]}]}<\/script>\n<!-- \/ Yoast SEO plugin. -->","yoast_head_json":{"title":"GlareOne Flash UR - odbiornik uniwersalny","description":"GlareOne Flash UR - odbiornik uniwersalny","robots":{"index":"index","follow":"follow","max-snippet":"max-snippet:-1","max-image-preview":"max-image-preview:large","max-video-preview":"max-video-preview:-1"},"canonical":"https:\/\/glareone.eu\/cs\/produkt\/glareone-flash-ur\/","og_locale":"cs_CZ","og_type":"article","og_title":"GlareOne Flash UR - odbiornik uniwersalny","og_description":"GlareOne Flash UR - odbiornik uniwersalny","og_url":"https:\/\/glareone.eu\/cs\/produkt\/glareone-flash-ur\/","og_site_name":"GlareOne","article_publisher":"https:\/\/www.facebook.com\/GlareOneLighting","article_modified_time":"2025-12-12T10:51:14+00:00","og_image":[{"width":1487,"height":1288,"url":"https:\/\/glareone.eu\/wp-content\/uploads\/2024\/04\/GlareOne-Flash-UR-odbiornik-uniwersalny.png","type":"image\/png"}],"twitter_card":"summary_large_image","twitter_title":"GlareOne Flash UR - odbiornik uniwersalny","schema":{"@context":"https:\/\/schema.org","@graph":[{"@type":"WebPage","@id":"https:\/\/glareone.eu\/cs\/produkt\/glareone-flash-ur\/","url":"https:\/\/glareone.eu\/cs\/produkt\/glareone-flash-ur\/","name":"GlareOne Flash UR - odbiornik uniwersalny","isPartOf":{"@id":"https:\/\/glareone.eu\/cs\/en\/#website"},"primaryImageOfPage":{"@id":"https:\/\/glareone.eu\/cs\/produkt\/glareone-flash-ur\/#primaryimage"},"image":{"@id":"https:\/\/glareone.eu\/cs\/produkt\/glareone-flash-ur\/#primaryimage"},"thumbnailUrl":"https:\/\/glareone.eu\/wp-content\/uploads\/2024\/04\/GlareOne-Flash-UR-odbiornik-uniwersalny.png","datePublished":"2024-04-18T19:26:20+00:00","dateModified":"2025-12-12T10:51:14+00:00","description":"GlareOne Flash UR - odbiornik uniwersalny","breadcrumb":{"@id":"https:\/\/glareone.eu\/cs\/produkt\/glareone-flash-ur\/#breadcrumb"},"inLanguage":"cs","potentialAction":[{"@type":"ReadAction","target":["https:\/\/glareone.eu\/cs\/produkt\/glareone-flash-ur\/"]}]},{"@type":"ImageObject","inLanguage":"cs","@id":"https:\/\/glareone.eu\/cs\/produkt\/glareone-flash-ur\/#primaryimage","url":"https:\/\/glareone.eu\/wp-content\/uploads\/2024\/04\/GlareOne-Flash-UR-odbiornik-uniwersalny.png","contentUrl":"https:\/\/glareone.eu\/wp-content\/uploads\/2024\/04\/GlareOne-Flash-UR-odbiornik-uniwersalny.png","width":1487,"height":1288},{"@type":"BreadcrumbList","@id":"https:\/\/glareone.eu\/cs\/produkt\/glareone-flash-ur\/#breadcrumb","itemListElement":[{"@type":"ListItem","position":1,"name":"Strona g\u0142\u00f3wna","item":"https:\/\/glareone.eu\/cs\/"},{"@type":"ListItem","position":2,"name":"V\u0161echny produkty","item":"https:\/\/glareone.eu\/cs\/produkty\/vsechny-produkty\/"},{"@type":"ListItem","position":3,"name":"GlareOne Flash UR &#8211; univerz\u00e1ln\u00ed p\u0159ij\u00edma\u010d"}]},{"@type":"WebSite","@id":"https:\/\/glareone.eu\/cs\/en\/#website","url":"https:\/\/glareone.eu\/cs\/en\/","name":"GlareOne","description":"Wyposa\u017cenie Studia","publisher":{"@id":"https:\/\/glareone.eu\/cs\/en\/#organization"},"potentialAction":[{"@type":"SearchAction","target":{"@type":"EntryPoint","urlTemplate":"https:\/\/glareone.eu\/cs\/en\/?s={search_term_string}"},"query-input":{"@type":"PropertyValueSpecification","valueRequired":true,"valueName":"search_term_string"}}],"inLanguage":"cs"},{"@type":"Organization","@id":"https:\/\/glareone.eu\/cs\/en\/#organization","name":"GlareOne","url":"https:\/\/glareone.eu\/cs\/en\/","logo":{"@type":"ImageObject","inLanguage":"cs","@id":"https:\/\/glareone.eu\/cs\/en\/#\/schema\/logo\/image\/","url":"http:\/\/glareone.eu\/wp-content\/uploads\/2024\/05\/glareone_logo2020_RGB-01-e1715773127189.png","contentUrl":"http:\/\/glareone.eu\/wp-content\/uploads\/2024\/05\/glareone_logo2020_RGB-01-e1715773127189.png","width":1270,"height":321,"caption":"GlareOne"},"image":{"@id":"https:\/\/glareone.eu\/cs\/en\/#\/schema\/logo\/image\/"},"sameAs":["https:\/\/www.facebook.com\/GlareOneLighting","https:\/\/www.instagram.com\/glareonelighting\/","https:\/\/www.youtube.com\/@GlareOneTV"]}]}},"_links":{"self":[{"href":"https:\/\/glareone.eu\/cs\/wp-json\/wp\/v2\/product\/18693","targetHints":{"allow":["GET"]}}],"collection":[{"href":"https:\/\/glareone.eu\/cs\/wp-json\/wp\/v2\/product"}],"about":[{"href":"https:\/\/glareone.eu\/cs\/wp-json\/wp\/v2\/types\/product"}],"wp:featuredmedia":[{"embeddable":true,"href":"https:\/\/glareone.eu\/cs\/wp-json\/wp\/v2\/media\/18694"}],"wp:attachment":[{"href":"https:\/\/glareone.eu\/cs\/wp-json\/wp\/v2\/media?parent=18693"}],"wp:term":[{"taxonomy":"product_brand","embeddable":true,"href":"https:\/\/glareone.eu\/cs\/wp-json\/wp\/v2\/product_brand?post=18693"},{"taxonomy":"product_cat","embeddable":true,"href":"https:\/\/glareone.eu\/cs\/wp-json\/wp\/v2\/product_cat?post=18693"},{"taxonomy":"product_tag","embeddable":true,"href":"https:\/\/glareone.eu\/cs\/wp-json\/wp\/v2\/product_tag?post=18693"}],"curies":[{"name":"wp","href":"https:\/\/api.w.org\/{rel}","templated":true}]}}