{"id":18660,"date":"2024-04-18T19:26:35","date_gmt":"2024-04-18T19:26:35","guid":{"rendered":"https:\/\/glareone.eu\/product\/glareone-led-1000-starter-kit\/"},"modified":"2025-06-03T11:34:47","modified_gmt":"2025-06-03T11:34:47","slug":"glareone-led-1000-starter-kit","status":"publish","type":"product","link":"https:\/\/glareone.eu\/cs\/produkt\/glareone-led-1000-starter-kit\/","title":{"rendered":"GlareOne LED 1000 Starter Kit"},"content":{"rendered":"<p>Startovac\u00ed sada pro v\u00fduku fotografie a filmov\u00e1n\u00ed obsahuj\u00edc\u00ed 2 sv\u011btla, 2 stativy, standardn\u00ed reflektor GlareOne, b\u00edl\u00fd de\u0161tn\u00edk 100 cm a pr\u016fhledn\u00fd de\u0161tn\u00edk 100 cm.<\/p>\n<h3>Obsah sady<\/h3>\n<p>Startovac\u00ed sada GlareOne LED 1000 je kompletn\u00ed sada, kter\u00e1 v\u00e1m umo\u017en\u00ed vstoupit do sv\u011bta studiov\u00e9 fotografie. Obsahuje:<\/p>\n<ul>\n<li>2 kompaktn\u00ed lampy GlareOne LED 1000 s v\u00fdkonem 100 W (nap\u00e1jec\u00ed kabel sou\u010d\u00e1st\u00ed balen\u00ed, reflektor nen\u00ed sou\u010d\u00e1st\u00ed balen\u00ed LED 1000 v sad\u011b).<\/li>\n<li>2 stojany GlareOne Black 220 s maxim\u00e1ln\u00ed v\u00fd\u0161kou 220 cm.<\/li>\n<li>Standardn\u00ed reflektor GlareOne.<\/li>\n<li>B\u00edl\u00fd de\u0161tn\u00edk 100 cm.<\/li>\n<li>Pr\u016fhledn\u00fd de\u0161tn\u00edk 100 cm.<\/li>\n<li>Kabel pro EU a UK.<\/li>\n<\/ul>\n<h3>Pou\u017eit\u00ed<\/h3>\n<p>Startovac\u00ed sada GlareOne LED 1000 v\u00e1m umo\u017en\u00ed snadn\u00fd vstup do sv\u011bta studiov\u00e9 fotografie a filmov\u00e9ho osv\u011btlen\u00ed. Jeliko\u017e obsahuje LED lampy s nep\u0159etr\u017eit\u00fdm sv\u011btlem, m\u016f\u017eete v re\u00e1ln\u00e9m \u010dase posoudit, jak je va\u0161e fotografick\u00e9 studio osv\u011btleno. Sada je vynikaj\u00edc\u00ed pro pou\u017eit\u00ed v dom\u00e1c\u00edm studiu a lze ji roz\u0161\u00ed\u0159it o r\u016fzn\u00e9 dopl\u0148ky pro tvarov\u00e1n\u00ed sv\u011btla, jako jsou reflektory nebo m\u0159\u00ed\u017eky.<br \/>\nPokud je va\u0161\u00edm c\u00edlem portr\u00e9tn\u00ed fotografie, tato sada v\u00e1m umo\u017en\u00ed vytv\u00e1\u0159et portr\u00e9ty osv\u011btlen\u00e9 m\u011bkk\u00fdm, jemn\u00fdm sv\u011btlem. Pokud hled\u00e1te snadn\u00fd zp\u016fsob, jak osv\u011btlit filmov\u00e9 studio, sada GlareOne LED 1000 Starter Kit je ide\u00e1ln\u00ed pro nat\u00e1\u010den\u00ed vide\u00ed pro soci\u00e1ln\u00ed s\u00edt\u011b, streamov\u00e1n\u00ed, videokonference a rozhovory.<br \/>\nPokud s kontinu\u00e1ln\u00edm osv\u011btlen\u00edm teprve za\u010d\u00edn\u00e1te, sada GlareOne LED 1000 Starter Kit je pro v\u00e1s ide\u00e1ln\u00ed volbou.<\/p>\n<h3>Vlastnosti GlareOne LED 1000:<\/h3>\n<ul>\n<li>vhodn\u00e9 pro fotografov\u00e1n\u00ed i nat\u00e1\u010den\u00ed film\u016f,<\/li>\n<li>lehk\u00e9, kompaktn\u00ed a snadno p\u0159enosn\u00e9 (v\u00e1\u017e\u00ed pouze 1,25 kg),<\/li>\n<li>sv\u011btlo p\u0159izp\u016fsoben\u00e9 barevn\u00e9 teplot\u011b denn\u00edho sv\u011btla (5500\u00b1200 K),<\/li>\n<li>vybaveno matic\u00ed 143 COB LED diod s celkov\u00fdm v\u00fdkonem 100 W,<\/li>\n<li>vysok\u00e9 parametry barevn\u00e9ho pod\u00e1n\u00ed (CRI &gt;96, TLCI &gt;98),<\/li>\n<li>plynul\u00e9, plynul\u00e9 nastaven\u00ed jasu (0~100 %),<\/li>\n<li>dr\u017e\u00e1k modifik\u00e1toru sv\u011btla typu Bowens,<\/li>\n<li>9 sv\u011bteln\u00fdch efekt\u016f simuluj\u00edc\u00edch mimo jin\u00e9 blesk, televizn\u00ed obrazovku nebo blikaj\u00edc\u00ed \u017e\u00e1rovku,<\/li>\n<li>tich\u00fd a \u00fa\u010dinn\u00fd aktivn\u00ed chladic\u00ed syst\u00e9m (&lt;35 dB),<\/li>\n<li>integrovan\u00fd dr\u017e\u00e1k de\u0161tn\u00edku,<\/li>\n<li>ergonomicky tvarovan\u00e1 rukoje\u0165 umo\u017e\u0148uj\u00edc\u00ed nastaven\u00ed \u00fahlu,<\/li>\n<li>dod\u00e1v\u00e1no s nap\u00e1jec\u00edm kabelem, reflektorem a ochrann\u00fdm krytem.<\/li>\n<\/ul>\n","protected":false},"excerpt":{"rendered":"<p>Startovac\u00ed sada pro v\u00fduku fotografie a filmov\u00e1n\u00ed obsahuj\u00edc\u00ed 2 sv\u011btla, 2 stativy, standardn\u00ed reflektor GlareOne, b\u00edl\u00fd de\u0161tn\u00edk 100 cm a pr\u016fhledn\u00fd de\u0161tn\u00edk 100 cm. Obsah sady Startovac\u00ed sada GlareOne LED 1000 je kompletn\u00ed sada, kter\u00e1 v\u00e1m umo\u017en\u00ed vstoupit do sv\u011bta studiov\u00e9 fotografie. Obsahuje: 2 kompaktn\u00ed lampy GlareOne LED 1000 s v\u00fdkonem 100 W (nap\u00e1jec\u00ed kabel [&hellip;]<\/p>\n","protected":false},"featured_media":18667,"template":"","meta":[],"product_brand":[],"product_cat":[547],"product_tag":[],"class_list":{"0":"post-18660","1":"product","2":"type-product","3":"status-publish","4":"has-post-thumbnail","6":"product_cat-led-lampy-s-upevnenim-bowens","8":"first","9":"instock","10":"product-type-simple"},"yoast_head":"<!-- This site is optimized with the Yoast SEO plugin v27.2 - https:\/\/yoast.com\/product\/yoast-seo-wordpress\/ -->\n<title>GlareOne LED 1000 Starter Kit<\/title>\n<meta name=\"description\" content=\"GlareOne LED 1000 Starter Kit - Starter set for learning photography and filmmaking.\" \/>\n<meta name=\"robots\" content=\"index, follow, max-snippet:-1, max-image-preview:large, max-video-preview:-1\" \/>\n<link rel=\"canonical\" href=\"https:\/\/glareone.eu\/cs\/produkt\/glareone-led-1000-starter-kit\/\" \/>\n<meta property=\"og:locale\" content=\"cs_CZ\" \/>\n<meta property=\"og:type\" content=\"article\" \/>\n<meta property=\"og:title\" content=\"GlareOne LED 1000 Starter Kit - zestaw o\u015bwietlenia studyjnego\" \/>\n<meta property=\"og:description\" content=\"GlareOne LED 1000 Starter Kit - Starter set for learning photography and filmmaking.\" \/>\n<meta property=\"og:url\" content=\"https:\/\/glareone.eu\/cs\/produkt\/glareone-led-1000-starter-kit\/\" \/>\n<meta property=\"og:site_name\" content=\"GlareOne\" \/>\n<meta property=\"article:publisher\" content=\"https:\/\/www.facebook.com\/GlareOneLighting\" \/>\n<meta property=\"article:modified_time\" content=\"2025-06-03T11:34:47+00:00\" \/>\n<meta property=\"og:image\" content=\"https:\/\/glareone.eu\/wp-content\/uploads\/2024\/04\/SLED1000KITS_01-min.jpg\" \/>\n\t<meta property=\"og:image:width\" content=\"1200\" \/>\n\t<meta property=\"og:image:height\" content=\"1200\" \/>\n\t<meta property=\"og:image:type\" content=\"image\/jpeg\" \/>\n<meta name=\"twitter:card\" content=\"summary_large_image\" \/>\n<meta name=\"twitter:title\" content=\"GlareOne LED 1000 Starter Kit - zestaw o\u015bwietlenia studyjnego\" \/>\n<meta name=\"twitter:label1\" content=\"Odhadovan\u00e1 doba \u010dten\u00ed\" \/>\n\t<meta name=\"twitter:data1\" content=\"2 minuty\" \/>\n<script type=\"application\/ld+json\" class=\"yoast-schema-graph\">{\"@context\":\"https:\/\/schema.org\",\"@graph\":[{\"@type\":\"WebPage\",\"@id\":\"https:\/\/glareone.eu\/cs\/produkt\/glareone-led-1000-starter-kit\/\",\"url\":\"https:\/\/glareone.eu\/cs\/produkt\/glareone-led-1000-starter-kit\/\",\"name\":\"GlareOne LED 1000 Starter Kit\",\"isPartOf\":{\"@id\":\"https:\/\/glareone.eu\/cs\/en\/#website\"},\"primaryImageOfPage\":{\"@id\":\"https:\/\/glareone.eu\/cs\/produkt\/glareone-led-1000-starter-kit\/#primaryimage\"},\"image\":{\"@id\":\"https:\/\/glareone.eu\/cs\/produkt\/glareone-led-1000-starter-kit\/#primaryimage\"},\"thumbnailUrl\":\"https:\/\/glareone.eu\/wp-content\/uploads\/2024\/04\/SLED1000KITS_01-min.jpg\",\"datePublished\":\"2024-04-18T19:26:35+00:00\",\"dateModified\":\"2025-06-03T11:34:47+00:00\",\"description\":\"GlareOne LED 1000 Starter Kit - Starter set for learning photography and filmmaking.\",\"breadcrumb\":{\"@id\":\"https:\/\/glareone.eu\/cs\/produkt\/glareone-led-1000-starter-kit\/#breadcrumb\"},\"inLanguage\":\"cs\",\"potentialAction\":[{\"@type\":\"ReadAction\",\"target\":[\"https:\/\/glareone.eu\/cs\/produkt\/glareone-led-1000-starter-kit\/\"]}]},{\"@type\":\"ImageObject\",\"inLanguage\":\"cs\",\"@id\":\"https:\/\/glareone.eu\/cs\/produkt\/glareone-led-1000-starter-kit\/#primaryimage\",\"url\":\"https:\/\/glareone.eu\/wp-content\/uploads\/2024\/04\/SLED1000KITS_01-min.jpg\",\"contentUrl\":\"https:\/\/glareone.eu\/wp-content\/uploads\/2024\/04\/SLED1000KITS_01-min.jpg\",\"width\":1200,\"height\":1200},{\"@type\":\"BreadcrumbList\",\"@id\":\"https:\/\/glareone.eu\/cs\/produkt\/glareone-led-1000-starter-kit\/#breadcrumb\",\"itemListElement\":[{\"@type\":\"ListItem\",\"position\":1,\"name\":\"Strona g\u0142\u00f3wna\",\"item\":\"https:\/\/glareone.eu\/cs\/\"},{\"@type\":\"ListItem\",\"position\":2,\"name\":\"V\u0161echny produkty\",\"item\":\"https:\/\/glareone.eu\/cs\/produkty\/vsechny-produkty\/\"},{\"@type\":\"ListItem\",\"position\":3,\"name\":\"GlareOne LED 1000 Starter Kit\"}]},{\"@type\":\"WebSite\",\"@id\":\"https:\/\/glareone.eu\/cs\/en\/#website\",\"url\":\"https:\/\/glareone.eu\/cs\/en\/\",\"name\":\"GlareOne\",\"description\":\"Wyposa\u017cenie Studia\",\"publisher\":{\"@id\":\"https:\/\/glareone.eu\/cs\/en\/#organization\"},\"potentialAction\":[{\"@type\":\"SearchAction\",\"target\":{\"@type\":\"EntryPoint\",\"urlTemplate\":\"https:\/\/glareone.eu\/cs\/en\/?s={search_term_string}\"},\"query-input\":{\"@type\":\"PropertyValueSpecification\",\"valueRequired\":true,\"valueName\":\"search_term_string\"}}],\"inLanguage\":\"cs\"},{\"@type\":\"Organization\",\"@id\":\"https:\/\/glareone.eu\/cs\/en\/#organization\",\"name\":\"GlareOne\",\"url\":\"https:\/\/glareone.eu\/cs\/en\/\",\"logo\":{\"@type\":\"ImageObject\",\"inLanguage\":\"cs\",\"@id\":\"https:\/\/glareone.eu\/cs\/en\/#\/schema\/logo\/image\/\",\"url\":\"http:\/\/glareone.eu\/wp-content\/uploads\/2024\/05\/glareone_logo2020_RGB-01-e1715773127189.png\",\"contentUrl\":\"http:\/\/glareone.eu\/wp-content\/uploads\/2024\/05\/glareone_logo2020_RGB-01-e1715773127189.png\",\"width\":1270,\"height\":321,\"caption\":\"GlareOne\"},\"image\":{\"@id\":\"https:\/\/glareone.eu\/cs\/en\/#\/schema\/logo\/image\/\"},\"sameAs\":[\"https:\/\/www.facebook.com\/GlareOneLighting\",\"https:\/\/www.instagram.com\/glareonelighting\/\",\"https:\/\/www.youtube.com\/@GlareOneTV\"]}]}<\/script>\n<!-- \/ Yoast SEO plugin. -->","yoast_head_json":{"title":"GlareOne LED 1000 Starter Kit","description":"GlareOne LED 1000 Starter Kit - Starter set for learning photography and filmmaking.","robots":{"index":"index","follow":"follow","max-snippet":"max-snippet:-1","max-image-preview":"max-image-preview:large","max-video-preview":"max-video-preview:-1"},"canonical":"https:\/\/glareone.eu\/cs\/produkt\/glareone-led-1000-starter-kit\/","og_locale":"cs_CZ","og_type":"article","og_title":"GlareOne LED 1000 Starter Kit - zestaw o\u015bwietlenia studyjnego","og_description":"GlareOne LED 1000 Starter Kit - Starter set for learning photography and filmmaking.","og_url":"https:\/\/glareone.eu\/cs\/produkt\/glareone-led-1000-starter-kit\/","og_site_name":"GlareOne","article_publisher":"https:\/\/www.facebook.com\/GlareOneLighting","article_modified_time":"2025-06-03T11:34:47+00:00","og_image":[{"width":1200,"height":1200,"url":"https:\/\/glareone.eu\/wp-content\/uploads\/2024\/04\/SLED1000KITS_01-min.jpg","type":"image\/jpeg"}],"twitter_card":"summary_large_image","twitter_title":"GlareOne LED 1000 Starter Kit - zestaw o\u015bwietlenia studyjnego","twitter_misc":{"Odhadovan\u00e1 doba \u010dten\u00ed":"2 minuty"},"schema":{"@context":"https:\/\/schema.org","@graph":[{"@type":"WebPage","@id":"https:\/\/glareone.eu\/cs\/produkt\/glareone-led-1000-starter-kit\/","url":"https:\/\/glareone.eu\/cs\/produkt\/glareone-led-1000-starter-kit\/","name":"GlareOne LED 1000 Starter Kit","isPartOf":{"@id":"https:\/\/glareone.eu\/cs\/en\/#website"},"primaryImageOfPage":{"@id":"https:\/\/glareone.eu\/cs\/produkt\/glareone-led-1000-starter-kit\/#primaryimage"},"image":{"@id":"https:\/\/glareone.eu\/cs\/produkt\/glareone-led-1000-starter-kit\/#primaryimage"},"thumbnailUrl":"https:\/\/glareone.eu\/wp-content\/uploads\/2024\/04\/SLED1000KITS_01-min.jpg","datePublished":"2024-04-18T19:26:35+00:00","dateModified":"2025-06-03T11:34:47+00:00","description":"GlareOne LED 1000 Starter Kit - Starter set for learning photography and filmmaking.","breadcrumb":{"@id":"https:\/\/glareone.eu\/cs\/produkt\/glareone-led-1000-starter-kit\/#breadcrumb"},"inLanguage":"cs","potentialAction":[{"@type":"ReadAction","target":["https:\/\/glareone.eu\/cs\/produkt\/glareone-led-1000-starter-kit\/"]}]},{"@type":"ImageObject","inLanguage":"cs","@id":"https:\/\/glareone.eu\/cs\/produkt\/glareone-led-1000-starter-kit\/#primaryimage","url":"https:\/\/glareone.eu\/wp-content\/uploads\/2024\/04\/SLED1000KITS_01-min.jpg","contentUrl":"https:\/\/glareone.eu\/wp-content\/uploads\/2024\/04\/SLED1000KITS_01-min.jpg","width":1200,"height":1200},{"@type":"BreadcrumbList","@id":"https:\/\/glareone.eu\/cs\/produkt\/glareone-led-1000-starter-kit\/#breadcrumb","itemListElement":[{"@type":"ListItem","position":1,"name":"Strona g\u0142\u00f3wna","item":"https:\/\/glareone.eu\/cs\/"},{"@type":"ListItem","position":2,"name":"V\u0161echny produkty","item":"https:\/\/glareone.eu\/cs\/produkty\/vsechny-produkty\/"},{"@type":"ListItem","position":3,"name":"GlareOne LED 1000 Starter Kit"}]},{"@type":"WebSite","@id":"https:\/\/glareone.eu\/cs\/en\/#website","url":"https:\/\/glareone.eu\/cs\/en\/","name":"GlareOne","description":"Wyposa\u017cenie Studia","publisher":{"@id":"https:\/\/glareone.eu\/cs\/en\/#organization"},"potentialAction":[{"@type":"SearchAction","target":{"@type":"EntryPoint","urlTemplate":"https:\/\/glareone.eu\/cs\/en\/?s={search_term_string}"},"query-input":{"@type":"PropertyValueSpecification","valueRequired":true,"valueName":"search_term_string"}}],"inLanguage":"cs"},{"@type":"Organization","@id":"https:\/\/glareone.eu\/cs\/en\/#organization","name":"GlareOne","url":"https:\/\/glareone.eu\/cs\/en\/","logo":{"@type":"ImageObject","inLanguage":"cs","@id":"https:\/\/glareone.eu\/cs\/en\/#\/schema\/logo\/image\/","url":"http:\/\/glareone.eu\/wp-content\/uploads\/2024\/05\/glareone_logo2020_RGB-01-e1715773127189.png","contentUrl":"http:\/\/glareone.eu\/wp-content\/uploads\/2024\/05\/glareone_logo2020_RGB-01-e1715773127189.png","width":1270,"height":321,"caption":"GlareOne"},"image":{"@id":"https:\/\/glareone.eu\/cs\/en\/#\/schema\/logo\/image\/"},"sameAs":["https:\/\/www.facebook.com\/GlareOneLighting","https:\/\/www.instagram.com\/glareonelighting\/","https:\/\/www.youtube.com\/@GlareOneTV"]}]}},"_links":{"self":[{"href":"https:\/\/glareone.eu\/cs\/wp-json\/wp\/v2\/product\/18660","targetHints":{"allow":["GET"]}}],"collection":[{"href":"https:\/\/glareone.eu\/cs\/wp-json\/wp\/v2\/product"}],"about":[{"href":"https:\/\/glareone.eu\/cs\/wp-json\/wp\/v2\/types\/product"}],"wp:featuredmedia":[{"embeddable":true,"href":"https:\/\/glareone.eu\/cs\/wp-json\/wp\/v2\/media\/18667"}],"wp:attachment":[{"href":"https:\/\/glareone.eu\/cs\/wp-json\/wp\/v2\/media?parent=18660"}],"wp:term":[{"taxonomy":"product_brand","embeddable":true,"href":"https:\/\/glareone.eu\/cs\/wp-json\/wp\/v2\/product_brand?post=18660"},{"taxonomy":"product_cat","embeddable":true,"href":"https:\/\/glareone.eu\/cs\/wp-json\/wp\/v2\/product_cat?post=18660"},{"taxonomy":"product_tag","embeddable":true,"href":"https:\/\/glareone.eu\/cs\/wp-json\/wp\/v2\/product_tag?post=18660"}],"curies":[{"name":"wp","href":"https:\/\/api.w.org\/{rel}","templated":true}]}}