{"id":18653,"date":"2024-04-18T19:26:20","date_gmt":"2024-04-18T19:26:20","guid":{"rendered":"https:\/\/glareone.eu\/product\/glareone-umbrella-orb-silver-110\/"},"modified":"2025-08-11T10:20:45","modified_gmt":"2025-08-11T10:20:45","slug":"glareone-orb-110-silver","status":"publish","type":"product","link":"https:\/\/glareone.eu\/cs\/produkt\/glareone-orb-110-silver\/","title":{"rendered":"GlareOne ORB 110 Silver"},"content":{"rendered":"<h3>Multifunk\u010dn\u00ed<\/h3>\n<p>Lze jej pou\u017e\u00edt v mnoha fotografick\u00fdch situac\u00edch, jak ve studiu, tak i venku. St\u0159\u00edbrn\u00e1 odrazov\u00e1 plocha zaji\u0161\u0165uje siln\u00e9 a kontrastn\u00ed sv\u011btlo, kter\u00e9 se hod\u00ed nap\u0159\u00edklad pro m\u00f3dn\u00ed fotografii. Po nasazen\u00ed difuz\u00e9ru se sv\u011btlo st\u00e1v\u00e1 m\u011bkk\u00fdm a rozpt\u00fdlen\u00fdm \u2013 ide\u00e1ln\u00ed pro jemn\u00e9 portr\u00e9ty. D\u00edky 16-st\u011bnn\u00e9 konstrukci m\u00e1 de\u0161tn\u00edk tvar podobn\u00fd kruhu, co\u017e zaru\u010duje p\u0159irozen\u00e9 odrazy v o\u010d\u00edch fotografovan\u00fdch osob.<\/p>\n<h3>Snadn\u00e9 pou\u017eit\u00ed<\/h3>\n<p>Jednodu\u0161e jej rozlo\u017ete jako b\u011b\u017en\u00fd de\u0161tn\u00edk a p\u0159ipevn\u011bte k blesku. Hod\u00ed se k jak\u00e9mukoli blesku nebo kontinu\u00e1ln\u00edmu sv\u011btlu.<\/p>\n<h3>Hlubok\u00fd<\/h3>\n<p>Velk\u00e1 hloubka de\u0161tn\u00edku usnad\u0148uje ovl\u00e1d\u00e1n\u00ed osv\u011btlen\u00ed sc\u00e9ny, a t\u00edm i dosa\u017een\u00ed po\u017eadovan\u00e9ho efektu. GlareOne Orb sm\u011bruje sv\u011btlo mnohem l\u00e9pe ne\u017e jeho m\u011bl\u010d\u00ed prot\u011bj\u0161ky.<\/p>\n<h3>Vlastnosti produktu:<\/h3>\n<ul>\n<li>funguje dob\u0159e jak ve studiu, tak venku<\/li>\n<li>umo\u017e\u0148uje dos\u00e1hnout kontrastn\u00edho osv\u011btlen\u00ed<\/li>\n<li>16-strann\u00fd tvar zaji\u0161\u0165uje p\u0159irozen\u00e9 odrazy v o\u010d\u00edch fotografovan\u00fdch osob<\/li>\n<li>d\u00edky hlubok\u00e9mu profilu poskytuje velmi dobrou kontrolu nad sv\u011btlem<\/li>\n<li>vybaveno p\u0159\u00eddavn\u00fdm difuzorem, kter\u00fd zm\u011bk\u010duje sv\u011btlo<\/li>\n<li>lze rychle rozlo\u017eit a slo\u017eit<\/li>\n<li>praktick\u00e9, lehk\u00e9 a snadno p\u0159enosn\u00e9<\/li>\n<li>na b\u00e1zi sklolamin\u00e1tov\u00e9ho r\u00e1mu<\/li>\n<li>kovov\u00e1 ty\u010d se hod\u00ed t\u00e9m\u011b\u0159 na v\u0161echny studiov\u00e9 lampy<\/li>\n<li>dod\u00e1v\u00e1no v praktick\u00e9m p\u0159enosn\u00e9m pouzd\u0159e<\/li>\n<\/ul>\n","protected":false},"excerpt":{"rendered":"<p>Multifunk\u010dn\u00ed Lze jej pou\u017e\u00edt v mnoha fotografick\u00fdch situac\u00edch, jak ve studiu, tak i venku. St\u0159\u00edbrn\u00e1 odrazov\u00e1 plocha zaji\u0161\u0165uje siln\u00e9 a kontrastn\u00ed sv\u011btlo, kter\u00e9 se hod\u00ed nap\u0159\u00edklad pro m\u00f3dn\u00ed fotografii. Po nasazen\u00ed difuz\u00e9ru se sv\u011btlo st\u00e1v\u00e1 m\u011bkk\u00fdm a rozpt\u00fdlen\u00fdm \u2013 ide\u00e1ln\u00ed pro jemn\u00e9 portr\u00e9ty. D\u00edky 16-st\u011bnn\u00e9 konstrukci m\u00e1 de\u0161tn\u00edk tvar podobn\u00fd kruhu, co\u017e zaru\u010duje p\u0159irozen\u00e9 odrazy [&hellip;]<\/p>\n","protected":false},"featured_media":18654,"template":"","meta":[],"product_brand":[],"product_cat":[580],"product_tag":[],"class_list":{"0":"post-18653","1":"product","2":"type-product","3":"status-publish","4":"has-post-thumbnail","6":"product_cat-orb-cs","8":"first","9":"instock","10":"product-type-simple"},"yoast_head":"<!-- This site is optimized with the Yoast SEO plugin v27.2 - https:\/\/yoast.com\/product\/yoast-seo-wordpress\/ -->\n<title>GlareOne Parasolka ORB srebrna 110 - g\u0142\u0119boki parasol z dyfuzorem<\/title>\n<meta name=\"description\" content=\"GlareOne Parasolka ORB srebrna 110 - g\u0142\u0119boki parasol z dyfuzorem\" \/>\n<meta name=\"robots\" content=\"index, follow, max-snippet:-1, max-image-preview:large, max-video-preview:-1\" \/>\n<link rel=\"canonical\" href=\"https:\/\/glareone.eu\/cs\/produkt\/glareone-orb-110-silver\/\" \/>\n<meta property=\"og:locale\" content=\"cs_CZ\" \/>\n<meta property=\"og:type\" content=\"article\" \/>\n<meta property=\"og:title\" content=\"GlareOne Parasolka ORB srebrna 110 - g\u0142\u0119boki parasol z dyfuzorem\" \/>\n<meta property=\"og:description\" content=\"GlareOne Parasolka ORB srebrna 110 - g\u0142\u0119boki parasol z dyfuzorem\" \/>\n<meta property=\"og:url\" content=\"https:\/\/glareone.eu\/cs\/produkt\/glareone-orb-110-silver\/\" \/>\n<meta property=\"og:site_name\" content=\"GlareOne\" \/>\n<meta property=\"article:publisher\" content=\"https:\/\/www.facebook.com\/GlareOneLighting\" \/>\n<meta property=\"article:modified_time\" content=\"2025-08-11T10:20:45+00:00\" \/>\n<meta property=\"og:image\" content=\"https:\/\/glareone.eu\/wp-content\/uploads\/2024\/04\/GlareOne-Orb-110-Silver-1_2k.jpg\" \/>\n\t<meta property=\"og:image:width\" content=\"2000\" \/>\n\t<meta property=\"og:image:height\" content=\"2000\" \/>\n\t<meta property=\"og:image:type\" content=\"image\/jpeg\" \/>\n<meta name=\"twitter:card\" content=\"summary_large_image\" \/>\n<meta name=\"twitter:title\" content=\"GlareOne Parasolka ORB srebrna 110 - g\u0142\u0119boki parasol z dyfuzorem\" \/>\n<meta name=\"twitter:label1\" content=\"Odhadovan\u00e1 doba \u010dten\u00ed\" \/>\n\t<meta name=\"twitter:data1\" content=\"1 minuta\" \/>\n<script type=\"application\/ld+json\" class=\"yoast-schema-graph\">{\"@context\":\"https:\/\/schema.org\",\"@graph\":[{\"@type\":\"WebPage\",\"@id\":\"https:\/\/glareone.eu\/cs\/produkt\/glareone-orb-110-silver\/\",\"url\":\"https:\/\/glareone.eu\/cs\/produkt\/glareone-orb-110-silver\/\",\"name\":\"GlareOne Parasolka ORB srebrna 110 - g\u0142\u0119boki parasol z dyfuzorem\",\"isPartOf\":{\"@id\":\"https:\/\/glareone.eu\/cs\/en\/#website\"},\"primaryImageOfPage\":{\"@id\":\"https:\/\/glareone.eu\/cs\/produkt\/glareone-orb-110-silver\/#primaryimage\"},\"image\":{\"@id\":\"https:\/\/glareone.eu\/cs\/produkt\/glareone-orb-110-silver\/#primaryimage\"},\"thumbnailUrl\":\"https:\/\/glareone.eu\/wp-content\/uploads\/2024\/04\/GlareOne-Orb-110-Silver-1_2k.jpg\",\"datePublished\":\"2024-04-18T19:26:20+00:00\",\"dateModified\":\"2025-08-11T10:20:45+00:00\",\"description\":\"GlareOne Parasolka ORB srebrna 110 - g\u0142\u0119boki parasol z dyfuzorem\",\"breadcrumb\":{\"@id\":\"https:\/\/glareone.eu\/cs\/produkt\/glareone-orb-110-silver\/#breadcrumb\"},\"inLanguage\":\"cs\",\"potentialAction\":[{\"@type\":\"ReadAction\",\"target\":[\"https:\/\/glareone.eu\/cs\/produkt\/glareone-orb-110-silver\/\"]}]},{\"@type\":\"ImageObject\",\"inLanguage\":\"cs\",\"@id\":\"https:\/\/glareone.eu\/cs\/produkt\/glareone-orb-110-silver\/#primaryimage\",\"url\":\"https:\/\/glareone.eu\/wp-content\/uploads\/2024\/04\/GlareOne-Orb-110-Silver-1_2k.jpg\",\"contentUrl\":\"https:\/\/glareone.eu\/wp-content\/uploads\/2024\/04\/GlareOne-Orb-110-Silver-1_2k.jpg\",\"width\":2000,\"height\":2000},{\"@type\":\"BreadcrumbList\",\"@id\":\"https:\/\/glareone.eu\/cs\/produkt\/glareone-orb-110-silver\/#breadcrumb\",\"itemListElement\":[{\"@type\":\"ListItem\",\"position\":1,\"name\":\"Strona g\u0142\u00f3wna\",\"item\":\"https:\/\/glareone.eu\/cs\/\"},{\"@type\":\"ListItem\",\"position\":2,\"name\":\"V\u0161echny produkty\",\"item\":\"https:\/\/glareone.eu\/cs\/produkty\/vsechny-produkty\/\"},{\"@type\":\"ListItem\",\"position\":3,\"name\":\"GlareOne ORB 110 Silver\"}]},{\"@type\":\"WebSite\",\"@id\":\"https:\/\/glareone.eu\/cs\/en\/#website\",\"url\":\"https:\/\/glareone.eu\/cs\/en\/\",\"name\":\"GlareOne\",\"description\":\"Wyposa\u017cenie Studia\",\"publisher\":{\"@id\":\"https:\/\/glareone.eu\/cs\/en\/#organization\"},\"potentialAction\":[{\"@type\":\"SearchAction\",\"target\":{\"@type\":\"EntryPoint\",\"urlTemplate\":\"https:\/\/glareone.eu\/cs\/en\/?s={search_term_string}\"},\"query-input\":{\"@type\":\"PropertyValueSpecification\",\"valueRequired\":true,\"valueName\":\"search_term_string\"}}],\"inLanguage\":\"cs\"},{\"@type\":\"Organization\",\"@id\":\"https:\/\/glareone.eu\/cs\/en\/#organization\",\"name\":\"GlareOne\",\"url\":\"https:\/\/glareone.eu\/cs\/en\/\",\"logo\":{\"@type\":\"ImageObject\",\"inLanguage\":\"cs\",\"@id\":\"https:\/\/glareone.eu\/cs\/en\/#\/schema\/logo\/image\/\",\"url\":\"http:\/\/glareone.eu\/wp-content\/uploads\/2024\/05\/glareone_logo2020_RGB-01-e1715773127189.png\",\"contentUrl\":\"http:\/\/glareone.eu\/wp-content\/uploads\/2024\/05\/glareone_logo2020_RGB-01-e1715773127189.png\",\"width\":1270,\"height\":321,\"caption\":\"GlareOne\"},\"image\":{\"@id\":\"https:\/\/glareone.eu\/cs\/en\/#\/schema\/logo\/image\/\"},\"sameAs\":[\"https:\/\/www.facebook.com\/GlareOneLighting\",\"https:\/\/www.instagram.com\/glareonelighting\/\",\"https:\/\/www.youtube.com\/@GlareOneTV\"]}]}<\/script>\n<!-- \/ Yoast SEO plugin. -->","yoast_head_json":{"title":"GlareOne Parasolka ORB srebrna 110 - g\u0142\u0119boki parasol z dyfuzorem","description":"GlareOne Parasolka ORB srebrna 110 - g\u0142\u0119boki parasol z dyfuzorem","robots":{"index":"index","follow":"follow","max-snippet":"max-snippet:-1","max-image-preview":"max-image-preview:large","max-video-preview":"max-video-preview:-1"},"canonical":"https:\/\/glareone.eu\/cs\/produkt\/glareone-orb-110-silver\/","og_locale":"cs_CZ","og_type":"article","og_title":"GlareOne Parasolka ORB srebrna 110 - g\u0142\u0119boki parasol z dyfuzorem","og_description":"GlareOne Parasolka ORB srebrna 110 - g\u0142\u0119boki parasol z dyfuzorem","og_url":"https:\/\/glareone.eu\/cs\/produkt\/glareone-orb-110-silver\/","og_site_name":"GlareOne","article_publisher":"https:\/\/www.facebook.com\/GlareOneLighting","article_modified_time":"2025-08-11T10:20:45+00:00","og_image":[{"width":2000,"height":2000,"url":"https:\/\/glareone.eu\/wp-content\/uploads\/2024\/04\/GlareOne-Orb-110-Silver-1_2k.jpg","type":"image\/jpeg"}],"twitter_card":"summary_large_image","twitter_title":"GlareOne Parasolka ORB srebrna 110 - g\u0142\u0119boki parasol z dyfuzorem","twitter_misc":{"Odhadovan\u00e1 doba \u010dten\u00ed":"1 minuta"},"schema":{"@context":"https:\/\/schema.org","@graph":[{"@type":"WebPage","@id":"https:\/\/glareone.eu\/cs\/produkt\/glareone-orb-110-silver\/","url":"https:\/\/glareone.eu\/cs\/produkt\/glareone-orb-110-silver\/","name":"GlareOne Parasolka ORB srebrna 110 - g\u0142\u0119boki parasol z dyfuzorem","isPartOf":{"@id":"https:\/\/glareone.eu\/cs\/en\/#website"},"primaryImageOfPage":{"@id":"https:\/\/glareone.eu\/cs\/produkt\/glareone-orb-110-silver\/#primaryimage"},"image":{"@id":"https:\/\/glareone.eu\/cs\/produkt\/glareone-orb-110-silver\/#primaryimage"},"thumbnailUrl":"https:\/\/glareone.eu\/wp-content\/uploads\/2024\/04\/GlareOne-Orb-110-Silver-1_2k.jpg","datePublished":"2024-04-18T19:26:20+00:00","dateModified":"2025-08-11T10:20:45+00:00","description":"GlareOne Parasolka ORB srebrna 110 - g\u0142\u0119boki parasol z dyfuzorem","breadcrumb":{"@id":"https:\/\/glareone.eu\/cs\/produkt\/glareone-orb-110-silver\/#breadcrumb"},"inLanguage":"cs","potentialAction":[{"@type":"ReadAction","target":["https:\/\/glareone.eu\/cs\/produkt\/glareone-orb-110-silver\/"]}]},{"@type":"ImageObject","inLanguage":"cs","@id":"https:\/\/glareone.eu\/cs\/produkt\/glareone-orb-110-silver\/#primaryimage","url":"https:\/\/glareone.eu\/wp-content\/uploads\/2024\/04\/GlareOne-Orb-110-Silver-1_2k.jpg","contentUrl":"https:\/\/glareone.eu\/wp-content\/uploads\/2024\/04\/GlareOne-Orb-110-Silver-1_2k.jpg","width":2000,"height":2000},{"@type":"BreadcrumbList","@id":"https:\/\/glareone.eu\/cs\/produkt\/glareone-orb-110-silver\/#breadcrumb","itemListElement":[{"@type":"ListItem","position":1,"name":"Strona g\u0142\u00f3wna","item":"https:\/\/glareone.eu\/cs\/"},{"@type":"ListItem","position":2,"name":"V\u0161echny produkty","item":"https:\/\/glareone.eu\/cs\/produkty\/vsechny-produkty\/"},{"@type":"ListItem","position":3,"name":"GlareOne ORB 110 Silver"}]},{"@type":"WebSite","@id":"https:\/\/glareone.eu\/cs\/en\/#website","url":"https:\/\/glareone.eu\/cs\/en\/","name":"GlareOne","description":"Wyposa\u017cenie Studia","publisher":{"@id":"https:\/\/glareone.eu\/cs\/en\/#organization"},"potentialAction":[{"@type":"SearchAction","target":{"@type":"EntryPoint","urlTemplate":"https:\/\/glareone.eu\/cs\/en\/?s={search_term_string}"},"query-input":{"@type":"PropertyValueSpecification","valueRequired":true,"valueName":"search_term_string"}}],"inLanguage":"cs"},{"@type":"Organization","@id":"https:\/\/glareone.eu\/cs\/en\/#organization","name":"GlareOne","url":"https:\/\/glareone.eu\/cs\/en\/","logo":{"@type":"ImageObject","inLanguage":"cs","@id":"https:\/\/glareone.eu\/cs\/en\/#\/schema\/logo\/image\/","url":"http:\/\/glareone.eu\/wp-content\/uploads\/2024\/05\/glareone_logo2020_RGB-01-e1715773127189.png","contentUrl":"http:\/\/glareone.eu\/wp-content\/uploads\/2024\/05\/glareone_logo2020_RGB-01-e1715773127189.png","width":1270,"height":321,"caption":"GlareOne"},"image":{"@id":"https:\/\/glareone.eu\/cs\/en\/#\/schema\/logo\/image\/"},"sameAs":["https:\/\/www.facebook.com\/GlareOneLighting","https:\/\/www.instagram.com\/glareonelighting\/","https:\/\/www.youtube.com\/@GlareOneTV"]}]}},"_links":{"self":[{"href":"https:\/\/glareone.eu\/cs\/wp-json\/wp\/v2\/product\/18653","targetHints":{"allow":["GET"]}}],"collection":[{"href":"https:\/\/glareone.eu\/cs\/wp-json\/wp\/v2\/product"}],"about":[{"href":"https:\/\/glareone.eu\/cs\/wp-json\/wp\/v2\/types\/product"}],"wp:featuredmedia":[{"embeddable":true,"href":"https:\/\/glareone.eu\/cs\/wp-json\/wp\/v2\/media\/18654"}],"wp:attachment":[{"href":"https:\/\/glareone.eu\/cs\/wp-json\/wp\/v2\/media?parent=18653"}],"wp:term":[{"taxonomy":"product_brand","embeddable":true,"href":"https:\/\/glareone.eu\/cs\/wp-json\/wp\/v2\/product_brand?post=18653"},{"taxonomy":"product_cat","embeddable":true,"href":"https:\/\/glareone.eu\/cs\/wp-json\/wp\/v2\/product_cat?post=18653"},{"taxonomy":"product_tag","embeddable":true,"href":"https:\/\/glareone.eu\/cs\/wp-json\/wp\/v2\/product_tag?post=18653"}],"curies":[{"name":"wp","href":"https:\/\/api.w.org\/{rel}","templated":true}]}}