{"id":18649,"date":"2024-04-18T19:26:20","date_gmt":"2024-04-18T19:26:20","guid":{"rendered":"https:\/\/glareone.eu\/product\/glareone-led-rc\/"},"modified":"2025-06-03T11:27:51","modified_gmt":"2025-06-03T11:27:51","slug":"glareone-led-rc","status":"publish","type":"product","link":"https:\/\/glareone.eu\/cs\/produkt\/glareone-led-rc\/","title":{"rendered":"GlareOne LED RC"},"content":{"rendered":"<p>Kapesn\u00ed d\u00e1lkov\u00fd ovlada\u010d pro v\u0161echna LED sv\u011btla GlareOne umo\u017e\u0148uj\u00edc\u00ed bezdr\u00e1tov\u00e9 ovl\u00e1d\u00e1n\u00ed jasu a barevn\u00e9 teploty.<br \/>\nGlareOne LED RC je vybaven LCD displejem a sadou tla\u010d\u00edtek pro p\u0159\u00edstup ke v\u0161em z\u00e1kladn\u00edm provozn\u00edm parametr\u016fm. Za\u0159\u00edzen\u00ed je snadno ovladateln\u00e9, ergonomicky tvarovan\u00e9 a d\u00edky sv\u00fdm mal\u00fdm rozm\u011br\u016fm a n\u00edzk\u00e9 hmotnosti se pohodln\u011b p\u0159en\u00e1\u0161\u00ed.<br \/>\nV\u0161echna LED sv\u011btla GlareOne jsou vybavena vestav\u011bn\u00fdmi p\u0159ij\u00edma\u010di pro LED RC, tak\u017ee je mo\u017en\u00e9 m\u011bnit jas a barevnou teplotu sv\u011btla na d\u00e1lku. Tato funkce je velmi u\u017eite\u010dn\u00e1 v p\u0159\u00edpad\u011b v\u00edce sv\u011bteln\u00fdch sestav, zejm\u00e9na pokud je p\u0159\u00edstup k ovl\u00e1dac\u00edmu panelu sv\u011btla omezen\u00fd. K dispozici je 16 r\u00e1diov\u00fdch kan\u00e1l\u016f a 10 skupin pro odd\u011blen\u00ed jednotliv\u00fdch sv\u011btel a lep\u0161\u00ed ovl\u00e1d\u00e1n\u00ed mnoha sv\u011bteln\u00fdch zdroj\u016f.<\/p>\n<h3>Vlastnosti GlareOne LED RC<\/h3>\n<ul>\n<li>Kapesn\u00ed bezdr\u00e1tov\u00e9 d\u00e1lkov\u00e9 ovl\u00e1d\u00e1n\u00ed jasu a barevn\u00e9 teploty<\/li>\n<li>Kompatibiln\u00ed se v\u0161emi LED sv\u011btly GlareOne<\/li>\n<li>Vyu\u017e\u00edv\u00e1 r\u00e1diovou frekvenci 2,4 GHz, kter\u00e1 zaji\u0161\u0165uje dosah a\u017e 100 m<\/li>\n<li>Podporuje a\u017e 16 kan\u00e1l\u016f a 10 skupin pro p\u0159esn\u00e9 ovl\u00e1d\u00e1n\u00ed jednotliv\u00fdch sv\u011btel<\/li>\n<li>Vybaven LCD displejem pro rychl\u00e9 \u010dten\u00ed provozn\u00edch parametr\u016f<\/li>\n<li>Nap\u00e1jeno dv\u011bma bateriemi AAA<\/li>\n<\/ul>\n","protected":false},"excerpt":{"rendered":"<p>Kapesn\u00ed d\u00e1lkov\u00fd ovlada\u010d pro v\u0161echna LED sv\u011btla GlareOne umo\u017e\u0148uj\u00edc\u00ed bezdr\u00e1tov\u00e9 ovl\u00e1d\u00e1n\u00ed jasu a barevn\u00e9 teploty. GlareOne LED RC je vybaven LCD displejem a sadou tla\u010d\u00edtek pro p\u0159\u00edstup ke v\u0161em z\u00e1kladn\u00edm provozn\u00edm parametr\u016fm. Za\u0159\u00edzen\u00ed je snadno ovladateln\u00e9, ergonomicky tvarovan\u00e9 a d\u00edky sv\u00fdm mal\u00fdm rozm\u011br\u016fm a n\u00edzk\u00e9 hmotnosti se pohodln\u011b p\u0159en\u00e1\u0161\u00ed. V\u0161echna LED sv\u011btla GlareOne jsou vybavena [&hellip;]<\/p>\n","protected":false},"featured_media":18650,"template":"","meta":[],"product_brand":[],"product_cat":[547],"product_tag":[],"class_list":{"0":"post-18649","1":"product","2":"type-product","3":"status-publish","4":"has-post-thumbnail","6":"product_cat-led-lampy-s-upevnenim-bowens","8":"first","9":"instock","10":"product-type-simple"},"yoast_head":"<!-- This site is optimized with the Yoast SEO plugin v27.2 - https:\/\/yoast.com\/product\/yoast-seo-wordpress\/ -->\n<title>GlareOne LED RC<\/title>\n<meta name=\"description\" content=\"GlareOne LED RC is a remote control for GlareOne LED lamps. Provides remote control over the brightness and color temperature of the light,\" \/>\n<meta name=\"robots\" content=\"index, follow, max-snippet:-1, max-image-preview:large, max-video-preview:-1\" \/>\n<link rel=\"canonical\" href=\"https:\/\/glareone.eu\/cs\/produkt\/glareone-led-rc\/\" \/>\n<meta property=\"og:locale\" content=\"cs_CZ\" \/>\n<meta property=\"og:type\" content=\"article\" \/>\n<meta property=\"og:title\" content=\"GlareOne LED RC\" \/>\n<meta property=\"og:description\" content=\"GlareOne LED RC is a remote control for GlareOne LED lamps. Provides remote control over the brightness and color temperature of the light,\" \/>\n<meta property=\"og:url\" content=\"https:\/\/glareone.eu\/cs\/produkt\/glareone-led-rc\/\" \/>\n<meta property=\"og:site_name\" content=\"GlareOne\" \/>\n<meta property=\"article:publisher\" content=\"https:\/\/www.facebook.com\/GlareOneLighting\" \/>\n<meta property=\"article:modified_time\" content=\"2025-06-03T11:27:51+00:00\" \/>\n<meta property=\"og:image\" content=\"https:\/\/glareone.eu\/wp-content\/uploads\/2024\/04\/GlareOne-LED-RC-01.png\" \/>\n\t<meta property=\"og:image:width\" content=\"2000\" \/>\n\t<meta property=\"og:image:height\" content=\"2000\" \/>\n\t<meta property=\"og:image:type\" content=\"image\/png\" \/>\n<meta name=\"twitter:card\" content=\"summary_large_image\" \/>\n<meta name=\"twitter:title\" content=\"GlareOne LED RC\" \/>\n<meta name=\"twitter:label1\" content=\"Odhadovan\u00e1 doba \u010dten\u00ed\" \/>\n\t<meta name=\"twitter:data1\" content=\"1 minuta\" \/>\n<script type=\"application\/ld+json\" class=\"yoast-schema-graph\">{\"@context\":\"https:\/\/schema.org\",\"@graph\":[{\"@type\":\"WebPage\",\"@id\":\"https:\/\/glareone.eu\/cs\/produkt\/glareone-led-rc\/\",\"url\":\"https:\/\/glareone.eu\/cs\/produkt\/glareone-led-rc\/\",\"name\":\"GlareOne LED RC\",\"isPartOf\":{\"@id\":\"https:\/\/glareone.eu\/cs\/en\/#website\"},\"primaryImageOfPage\":{\"@id\":\"https:\/\/glareone.eu\/cs\/produkt\/glareone-led-rc\/#primaryimage\"},\"image\":{\"@id\":\"https:\/\/glareone.eu\/cs\/produkt\/glareone-led-rc\/#primaryimage\"},\"thumbnailUrl\":\"https:\/\/glareone.eu\/wp-content\/uploads\/2024\/04\/GlareOne-LED-RC-01.png\",\"datePublished\":\"2024-04-18T19:26:20+00:00\",\"dateModified\":\"2025-06-03T11:27:51+00:00\",\"description\":\"GlareOne LED RC is a remote control for GlareOne LED lamps. Provides remote control over the brightness and color temperature of the light,\",\"breadcrumb\":{\"@id\":\"https:\/\/glareone.eu\/cs\/produkt\/glareone-led-rc\/#breadcrumb\"},\"inLanguage\":\"cs\",\"potentialAction\":[{\"@type\":\"ReadAction\",\"target\":[\"https:\/\/glareone.eu\/cs\/produkt\/glareone-led-rc\/\"]}]},{\"@type\":\"ImageObject\",\"inLanguage\":\"cs\",\"@id\":\"https:\/\/glareone.eu\/cs\/produkt\/glareone-led-rc\/#primaryimage\",\"url\":\"https:\/\/glareone.eu\/wp-content\/uploads\/2024\/04\/GlareOne-LED-RC-01.png\",\"contentUrl\":\"https:\/\/glareone.eu\/wp-content\/uploads\/2024\/04\/GlareOne-LED-RC-01.png\",\"width\":2000,\"height\":2000},{\"@type\":\"BreadcrumbList\",\"@id\":\"https:\/\/glareone.eu\/cs\/produkt\/glareone-led-rc\/#breadcrumb\",\"itemListElement\":[{\"@type\":\"ListItem\",\"position\":1,\"name\":\"Strona g\u0142\u00f3wna\",\"item\":\"https:\/\/glareone.eu\/cs\/\"},{\"@type\":\"ListItem\",\"position\":2,\"name\":\"V\u0161echny produkty\",\"item\":\"https:\/\/glareone.eu\/cs\/produkty\/vsechny-produkty\/\"},{\"@type\":\"ListItem\",\"position\":3,\"name\":\"GlareOne LED RC\"}]},{\"@type\":\"WebSite\",\"@id\":\"https:\/\/glareone.eu\/cs\/en\/#website\",\"url\":\"https:\/\/glareone.eu\/cs\/en\/\",\"name\":\"GlareOne\",\"description\":\"Wyposa\u017cenie Studia\",\"publisher\":{\"@id\":\"https:\/\/glareone.eu\/cs\/en\/#organization\"},\"potentialAction\":[{\"@type\":\"SearchAction\",\"target\":{\"@type\":\"EntryPoint\",\"urlTemplate\":\"https:\/\/glareone.eu\/cs\/en\/?s={search_term_string}\"},\"query-input\":{\"@type\":\"PropertyValueSpecification\",\"valueRequired\":true,\"valueName\":\"search_term_string\"}}],\"inLanguage\":\"cs\"},{\"@type\":\"Organization\",\"@id\":\"https:\/\/glareone.eu\/cs\/en\/#organization\",\"name\":\"GlareOne\",\"url\":\"https:\/\/glareone.eu\/cs\/en\/\",\"logo\":{\"@type\":\"ImageObject\",\"inLanguage\":\"cs\",\"@id\":\"https:\/\/glareone.eu\/cs\/en\/#\/schema\/logo\/image\/\",\"url\":\"http:\/\/glareone.eu\/wp-content\/uploads\/2024\/05\/glareone_logo2020_RGB-01-e1715773127189.png\",\"contentUrl\":\"http:\/\/glareone.eu\/wp-content\/uploads\/2024\/05\/glareone_logo2020_RGB-01-e1715773127189.png\",\"width\":1270,\"height\":321,\"caption\":\"GlareOne\"},\"image\":{\"@id\":\"https:\/\/glareone.eu\/cs\/en\/#\/schema\/logo\/image\/\"},\"sameAs\":[\"https:\/\/www.facebook.com\/GlareOneLighting\",\"https:\/\/www.instagram.com\/glareonelighting\/\",\"https:\/\/www.youtube.com\/@GlareOneTV\"]}]}<\/script>\n<!-- \/ Yoast SEO plugin. -->","yoast_head_json":{"title":"GlareOne LED RC","description":"GlareOne LED RC is a remote control for GlareOne LED lamps. Provides remote control over the brightness and color temperature of the light,","robots":{"index":"index","follow":"follow","max-snippet":"max-snippet:-1","max-image-preview":"max-image-preview:large","max-video-preview":"max-video-preview:-1"},"canonical":"https:\/\/glareone.eu\/cs\/produkt\/glareone-led-rc\/","og_locale":"cs_CZ","og_type":"article","og_title":"GlareOne LED RC","og_description":"GlareOne LED RC is a remote control for GlareOne LED lamps. Provides remote control over the brightness and color temperature of the light,","og_url":"https:\/\/glareone.eu\/cs\/produkt\/glareone-led-rc\/","og_site_name":"GlareOne","article_publisher":"https:\/\/www.facebook.com\/GlareOneLighting","article_modified_time":"2025-06-03T11:27:51+00:00","og_image":[{"width":2000,"height":2000,"url":"https:\/\/glareone.eu\/wp-content\/uploads\/2024\/04\/GlareOne-LED-RC-01.png","type":"image\/png"}],"twitter_card":"summary_large_image","twitter_title":"GlareOne LED RC","twitter_misc":{"Odhadovan\u00e1 doba \u010dten\u00ed":"1 minuta"},"schema":{"@context":"https:\/\/schema.org","@graph":[{"@type":"WebPage","@id":"https:\/\/glareone.eu\/cs\/produkt\/glareone-led-rc\/","url":"https:\/\/glareone.eu\/cs\/produkt\/glareone-led-rc\/","name":"GlareOne LED RC","isPartOf":{"@id":"https:\/\/glareone.eu\/cs\/en\/#website"},"primaryImageOfPage":{"@id":"https:\/\/glareone.eu\/cs\/produkt\/glareone-led-rc\/#primaryimage"},"image":{"@id":"https:\/\/glareone.eu\/cs\/produkt\/glareone-led-rc\/#primaryimage"},"thumbnailUrl":"https:\/\/glareone.eu\/wp-content\/uploads\/2024\/04\/GlareOne-LED-RC-01.png","datePublished":"2024-04-18T19:26:20+00:00","dateModified":"2025-06-03T11:27:51+00:00","description":"GlareOne LED RC is a remote control for GlareOne LED lamps. Provides remote control over the brightness and color temperature of the light,","breadcrumb":{"@id":"https:\/\/glareone.eu\/cs\/produkt\/glareone-led-rc\/#breadcrumb"},"inLanguage":"cs","potentialAction":[{"@type":"ReadAction","target":["https:\/\/glareone.eu\/cs\/produkt\/glareone-led-rc\/"]}]},{"@type":"ImageObject","inLanguage":"cs","@id":"https:\/\/glareone.eu\/cs\/produkt\/glareone-led-rc\/#primaryimage","url":"https:\/\/glareone.eu\/wp-content\/uploads\/2024\/04\/GlareOne-LED-RC-01.png","contentUrl":"https:\/\/glareone.eu\/wp-content\/uploads\/2024\/04\/GlareOne-LED-RC-01.png","width":2000,"height":2000},{"@type":"BreadcrumbList","@id":"https:\/\/glareone.eu\/cs\/produkt\/glareone-led-rc\/#breadcrumb","itemListElement":[{"@type":"ListItem","position":1,"name":"Strona g\u0142\u00f3wna","item":"https:\/\/glareone.eu\/cs\/"},{"@type":"ListItem","position":2,"name":"V\u0161echny produkty","item":"https:\/\/glareone.eu\/cs\/produkty\/vsechny-produkty\/"},{"@type":"ListItem","position":3,"name":"GlareOne LED RC"}]},{"@type":"WebSite","@id":"https:\/\/glareone.eu\/cs\/en\/#website","url":"https:\/\/glareone.eu\/cs\/en\/","name":"GlareOne","description":"Wyposa\u017cenie Studia","publisher":{"@id":"https:\/\/glareone.eu\/cs\/en\/#organization"},"potentialAction":[{"@type":"SearchAction","target":{"@type":"EntryPoint","urlTemplate":"https:\/\/glareone.eu\/cs\/en\/?s={search_term_string}"},"query-input":{"@type":"PropertyValueSpecification","valueRequired":true,"valueName":"search_term_string"}}],"inLanguage":"cs"},{"@type":"Organization","@id":"https:\/\/glareone.eu\/cs\/en\/#organization","name":"GlareOne","url":"https:\/\/glareone.eu\/cs\/en\/","logo":{"@type":"ImageObject","inLanguage":"cs","@id":"https:\/\/glareone.eu\/cs\/en\/#\/schema\/logo\/image\/","url":"http:\/\/glareone.eu\/wp-content\/uploads\/2024\/05\/glareone_logo2020_RGB-01-e1715773127189.png","contentUrl":"http:\/\/glareone.eu\/wp-content\/uploads\/2024\/05\/glareone_logo2020_RGB-01-e1715773127189.png","width":1270,"height":321,"caption":"GlareOne"},"image":{"@id":"https:\/\/glareone.eu\/cs\/en\/#\/schema\/logo\/image\/"},"sameAs":["https:\/\/www.facebook.com\/GlareOneLighting","https:\/\/www.instagram.com\/glareonelighting\/","https:\/\/www.youtube.com\/@GlareOneTV"]}]}},"_links":{"self":[{"href":"https:\/\/glareone.eu\/cs\/wp-json\/wp\/v2\/product\/18649","targetHints":{"allow":["GET"]}}],"collection":[{"href":"https:\/\/glareone.eu\/cs\/wp-json\/wp\/v2\/product"}],"about":[{"href":"https:\/\/glareone.eu\/cs\/wp-json\/wp\/v2\/types\/product"}],"wp:featuredmedia":[{"embeddable":true,"href":"https:\/\/glareone.eu\/cs\/wp-json\/wp\/v2\/media\/18650"}],"wp:attachment":[{"href":"https:\/\/glareone.eu\/cs\/wp-json\/wp\/v2\/media?parent=18649"}],"wp:term":[{"taxonomy":"product_brand","embeddable":true,"href":"https:\/\/glareone.eu\/cs\/wp-json\/wp\/v2\/product_brand?post=18649"},{"taxonomy":"product_cat","embeddable":true,"href":"https:\/\/glareone.eu\/cs\/wp-json\/wp\/v2\/product_cat?post=18649"},{"taxonomy":"product_tag","embeddable":true,"href":"https:\/\/glareone.eu\/cs\/wp-json\/wp\/v2\/product_tag?post=18649"}],"curies":[{"name":"wp","href":"https:\/\/api.w.org\/{rel}","templated":true}]}}