{"id":18642,"date":"2024-04-18T19:26:20","date_gmt":"2024-04-18T19:26:20","guid":{"rendered":"https:\/\/glareone.eu\/product\/glareone-background-support-kit\/"},"modified":"2025-06-03T11:25:29","modified_gmt":"2025-06-03T11:25:29","slug":"glareone-background-support-kit","status":"publish","type":"product","link":"https:\/\/glareone.eu\/cs\/produkt\/glareone-background-support-kit\/","title":{"rendered":"GlareOne Background Support Kit With Telescopic Crossbar And Bag"},"content":{"rendered":"<p><span style=\"font-weight: 400;\">Skl\u00e1dac\u00ed syst\u00e9m pro zav\u011b\u0161en\u00ed pozad\u00ed umo\u017e\u0148uje snadn\u00e9 a rychl\u00e9 zav\u011b\u0161en\u00ed fotografick\u00e9ho nebo videopozad\u00ed.<\/span><\/p>\n<p><span style=\"font-weight: 400;\">Syst\u00e9m se vyzna\u010duje jednoduchou a intuitivn\u00ed instalac\u00ed. D\u00edky snadn\u00e9 mont\u00e1\u017ei a mo\u017enosti rozebr\u00e1n\u00ed cel\u00e9ho syst\u00e9mu na jednotliv\u00e9 \u010d\u00e1sti je ide\u00e1ln\u00ed pro venkovn\u00ed a p\u0159\u00edle\u017eitostn\u00e9 focen\u00ed, stejn\u011b jako pro m\u00edsta, kde nem\u00e1me mnoho prostoru pro pozad\u00ed a pou\u017e\u00edv\u00e1me ho jen p\u0159\u00edle\u017eitostn\u011b.<\/span><\/p>\n<p><span style=\"font-weight: 400;\">Teleskopick\u00e1 p\u0159\u00ed\u010dka pro zav\u011b\u0161en\u00ed pozad\u00ed s pracovn\u00edm rozsahem 114 cm a\u017e 300 cm. Mont\u00e1\u017e na osv\u011btlovac\u00ed stativ s 16mm trnem. Je ur\u010dena pro zav\u011b\u0161en\u00ed fotografick\u00fdch pozad\u00ed o maxim\u00e1ln\u00ed \u0161\u00ed\u0159ce 300 cm. Trn m\u00e1 t\u0159i segmenty, z nich\u017e ka\u017ed\u00fd lze zablokovat v libovoln\u00e9 velikosti, co\u017e umo\u017e\u0148uje spr\u00e1vn\u011b nastavit \u0161\u00ed\u0159ku p\u0159\u00ed\u010dky podle pozad\u00ed nebo omezen\u00e9ho prostoru pro syst\u00e9m zav\u011b\u0161en\u00ed pozad\u00ed.<\/span><\/p>\n<h4><b>Syst\u00e9m se skl\u00e1d\u00e1 z:<\/b><\/h4>\n<ul>\n<li style=\"font-weight: 400;\" aria-level=\"1\"><span style=\"font-weight: 400;\">2 x osv\u011btlovac\u00ed stativ s maxim\u00e1ln\u00ed v\u00fd\u0161kou 260 cm<\/span><\/li>\n<li style=\"font-weight: 400;\" aria-level=\"1\"><span style=\"font-weight: 400;\">teleskopick\u00e1 ty\u010d s pracovn\u00edm rozsahem 114 cm a\u017e 300 cm<\/span><\/li>\n<li style=\"font-weight: 400;\" aria-level=\"1\"><span style=\"font-weight: 400;\">velk\u00e9 pohodln\u00e9 p\u0159epravn\u00ed pouzdro<\/span><\/li>\n<\/ul>\n","protected":false},"excerpt":{"rendered":"<p>Skl\u00e1dac\u00ed syst\u00e9m pro zav\u011b\u0161en\u00ed pozad\u00ed umo\u017e\u0148uje snadn\u00e9 a rychl\u00e9 zav\u011b\u0161en\u00ed fotografick\u00e9ho nebo videopozad\u00ed. Syst\u00e9m se vyzna\u010duje jednoduchou a intuitivn\u00ed instalac\u00ed. D\u00edky snadn\u00e9 mont\u00e1\u017ei a mo\u017enosti rozebr\u00e1n\u00ed cel\u00e9ho syst\u00e9mu na jednotliv\u00e9 \u010d\u00e1sti je ide\u00e1ln\u00ed pro venkovn\u00ed a p\u0159\u00edle\u017eitostn\u00e9 focen\u00ed, stejn\u011b jako pro m\u00edsta, kde nem\u00e1me mnoho prostoru pro pozad\u00ed a pou\u017e\u00edv\u00e1me ho jen p\u0159\u00edle\u017eitostn\u011b. Teleskopick\u00e1 p\u0159\u00ed\u010dka [&hellip;]<\/p>\n","protected":false},"featured_media":18643,"template":"","meta":[],"product_brand":[],"product_cat":[577],"product_tag":[],"class_list":{"0":"post-18642","1":"product","2":"type-product","3":"status-publish","4":"has-post-thumbnail","6":"product_cat-systemy-zaveseni-pozadi","8":"first","9":"instock","10":"product-type-simple"},"yoast_head":"<!-- This site is optimized with the Yoast SEO plugin v27.2 - https:\/\/yoast.com\/product\/yoast-seo-wordpress\/ -->\n<title>GlareOne System zawieszania t\u0142a z poprzeczk\u0105 teleskopow\u0105 oraz pokrowcem<\/title>\n<meta name=\"description\" content=\"GlareOne System zawieszania t\u0142a z poprzeczk\u0105 teleskopow\u0105 oraz pokrowcem\" \/>\n<meta name=\"robots\" content=\"index, follow, max-snippet:-1, max-image-preview:large, max-video-preview:-1\" \/>\n<link rel=\"canonical\" href=\"https:\/\/glareone.eu\/cs\/produkt\/glareone-background-support-kit\/\" \/>\n<meta property=\"og:locale\" content=\"cs_CZ\" \/>\n<meta property=\"og:type\" content=\"article\" \/>\n<meta property=\"og:title\" content=\"GlareOne System zawieszania t\u0142a z poprzeczk\u0105 teleskopow\u0105 oraz pokrowcem\" \/>\n<meta property=\"og:description\" content=\"GlareOne System zawieszania t\u0142a z poprzeczk\u0105 teleskopow\u0105 oraz pokrowcem\" \/>\n<meta property=\"og:url\" content=\"https:\/\/glareone.eu\/cs\/produkt\/glareone-background-support-kit\/\" \/>\n<meta property=\"og:site_name\" content=\"GlareOne\" \/>\n<meta property=\"article:publisher\" content=\"https:\/\/www.facebook.com\/GlareOneLighting\" \/>\n<meta property=\"article:modified_time\" content=\"2025-06-03T11:25:29+00:00\" \/>\n<meta property=\"og:image\" content=\"https:\/\/glareone.eu\/wp-content\/uploads\/2024\/04\/BS901AS_001.jpg\" \/>\n\t<meta property=\"og:image:width\" content=\"1000\" \/>\n\t<meta property=\"og:image:height\" content=\"1000\" \/>\n\t<meta property=\"og:image:type\" content=\"image\/jpeg\" \/>\n<meta name=\"twitter:card\" content=\"summary_large_image\" \/>\n<meta name=\"twitter:title\" content=\"GlareOne System zawieszania t\u0142a z poprzeczk\u0105 teleskopow\u0105 oraz pokrowcem\" \/>\n<meta name=\"twitter:label1\" content=\"Odhadovan\u00e1 doba \u010dten\u00ed\" \/>\n\t<meta name=\"twitter:data1\" content=\"1 minuta\" \/>\n<script type=\"application\/ld+json\" class=\"yoast-schema-graph\">{\"@context\":\"https:\/\/schema.org\",\"@graph\":[{\"@type\":\"WebPage\",\"@id\":\"https:\/\/glareone.eu\/cs\/produkt\/glareone-background-support-kit\/\",\"url\":\"https:\/\/glareone.eu\/cs\/produkt\/glareone-background-support-kit\/\",\"name\":\"GlareOne System zawieszania t\u0142a z poprzeczk\u0105 teleskopow\u0105 oraz pokrowcem\",\"isPartOf\":{\"@id\":\"https:\/\/glareone.eu\/cs\/en\/#website\"},\"primaryImageOfPage\":{\"@id\":\"https:\/\/glareone.eu\/cs\/produkt\/glareone-background-support-kit\/#primaryimage\"},\"image\":{\"@id\":\"https:\/\/glareone.eu\/cs\/produkt\/glareone-background-support-kit\/#primaryimage\"},\"thumbnailUrl\":\"https:\/\/glareone.eu\/wp-content\/uploads\/2024\/04\/BS901AS_001.jpg\",\"datePublished\":\"2024-04-18T19:26:20+00:00\",\"dateModified\":\"2025-06-03T11:25:29+00:00\",\"description\":\"GlareOne System zawieszania t\u0142a z poprzeczk\u0105 teleskopow\u0105 oraz pokrowcem\",\"breadcrumb\":{\"@id\":\"https:\/\/glareone.eu\/cs\/produkt\/glareone-background-support-kit\/#breadcrumb\"},\"inLanguage\":\"cs\",\"potentialAction\":[{\"@type\":\"ReadAction\",\"target\":[\"https:\/\/glareone.eu\/cs\/produkt\/glareone-background-support-kit\/\"]}]},{\"@type\":\"ImageObject\",\"inLanguage\":\"cs\",\"@id\":\"https:\/\/glareone.eu\/cs\/produkt\/glareone-background-support-kit\/#primaryimage\",\"url\":\"https:\/\/glareone.eu\/wp-content\/uploads\/2024\/04\/BS901AS_001.jpg\",\"contentUrl\":\"https:\/\/glareone.eu\/wp-content\/uploads\/2024\/04\/BS901AS_001.jpg\",\"width\":1000,\"height\":1000},{\"@type\":\"BreadcrumbList\",\"@id\":\"https:\/\/glareone.eu\/cs\/produkt\/glareone-background-support-kit\/#breadcrumb\",\"itemListElement\":[{\"@type\":\"ListItem\",\"position\":1,\"name\":\"Strona g\u0142\u00f3wna\",\"item\":\"https:\/\/glareone.eu\/cs\/\"},{\"@type\":\"ListItem\",\"position\":2,\"name\":\"V\u0161echny produkty\",\"item\":\"https:\/\/glareone.eu\/cs\/produkty\/vsechny-produkty\/\"},{\"@type\":\"ListItem\",\"position\":3,\"name\":\"GlareOne Background Support Kit With Telescopic Crossbar And Bag\"}]},{\"@type\":\"WebSite\",\"@id\":\"https:\/\/glareone.eu\/cs\/en\/#website\",\"url\":\"https:\/\/glareone.eu\/cs\/en\/\",\"name\":\"GlareOne\",\"description\":\"Wyposa\u017cenie Studia\",\"publisher\":{\"@id\":\"https:\/\/glareone.eu\/cs\/en\/#organization\"},\"potentialAction\":[{\"@type\":\"SearchAction\",\"target\":{\"@type\":\"EntryPoint\",\"urlTemplate\":\"https:\/\/glareone.eu\/cs\/en\/?s={search_term_string}\"},\"query-input\":{\"@type\":\"PropertyValueSpecification\",\"valueRequired\":true,\"valueName\":\"search_term_string\"}}],\"inLanguage\":\"cs\"},{\"@type\":\"Organization\",\"@id\":\"https:\/\/glareone.eu\/cs\/en\/#organization\",\"name\":\"GlareOne\",\"url\":\"https:\/\/glareone.eu\/cs\/en\/\",\"logo\":{\"@type\":\"ImageObject\",\"inLanguage\":\"cs\",\"@id\":\"https:\/\/glareone.eu\/cs\/en\/#\/schema\/logo\/image\/\",\"url\":\"http:\/\/glareone.eu\/wp-content\/uploads\/2024\/05\/glareone_logo2020_RGB-01-e1715773127189.png\",\"contentUrl\":\"http:\/\/glareone.eu\/wp-content\/uploads\/2024\/05\/glareone_logo2020_RGB-01-e1715773127189.png\",\"width\":1270,\"height\":321,\"caption\":\"GlareOne\"},\"image\":{\"@id\":\"https:\/\/glareone.eu\/cs\/en\/#\/schema\/logo\/image\/\"},\"sameAs\":[\"https:\/\/www.facebook.com\/GlareOneLighting\",\"https:\/\/www.instagram.com\/glareonelighting\/\",\"https:\/\/www.youtube.com\/@GlareOneTV\"]}]}<\/script>\n<!-- \/ Yoast SEO plugin. -->","yoast_head_json":{"title":"GlareOne System zawieszania t\u0142a z poprzeczk\u0105 teleskopow\u0105 oraz pokrowcem","description":"GlareOne System zawieszania t\u0142a z poprzeczk\u0105 teleskopow\u0105 oraz pokrowcem","robots":{"index":"index","follow":"follow","max-snippet":"max-snippet:-1","max-image-preview":"max-image-preview:large","max-video-preview":"max-video-preview:-1"},"canonical":"https:\/\/glareone.eu\/cs\/produkt\/glareone-background-support-kit\/","og_locale":"cs_CZ","og_type":"article","og_title":"GlareOne System zawieszania t\u0142a z poprzeczk\u0105 teleskopow\u0105 oraz pokrowcem","og_description":"GlareOne System zawieszania t\u0142a z poprzeczk\u0105 teleskopow\u0105 oraz pokrowcem","og_url":"https:\/\/glareone.eu\/cs\/produkt\/glareone-background-support-kit\/","og_site_name":"GlareOne","article_publisher":"https:\/\/www.facebook.com\/GlareOneLighting","article_modified_time":"2025-06-03T11:25:29+00:00","og_image":[{"width":1000,"height":1000,"url":"https:\/\/glareone.eu\/wp-content\/uploads\/2024\/04\/BS901AS_001.jpg","type":"image\/jpeg"}],"twitter_card":"summary_large_image","twitter_title":"GlareOne System zawieszania t\u0142a z poprzeczk\u0105 teleskopow\u0105 oraz pokrowcem","twitter_misc":{"Odhadovan\u00e1 doba \u010dten\u00ed":"1 minuta"},"schema":{"@context":"https:\/\/schema.org","@graph":[{"@type":"WebPage","@id":"https:\/\/glareone.eu\/cs\/produkt\/glareone-background-support-kit\/","url":"https:\/\/glareone.eu\/cs\/produkt\/glareone-background-support-kit\/","name":"GlareOne System zawieszania t\u0142a z poprzeczk\u0105 teleskopow\u0105 oraz pokrowcem","isPartOf":{"@id":"https:\/\/glareone.eu\/cs\/en\/#website"},"primaryImageOfPage":{"@id":"https:\/\/glareone.eu\/cs\/produkt\/glareone-background-support-kit\/#primaryimage"},"image":{"@id":"https:\/\/glareone.eu\/cs\/produkt\/glareone-background-support-kit\/#primaryimage"},"thumbnailUrl":"https:\/\/glareone.eu\/wp-content\/uploads\/2024\/04\/BS901AS_001.jpg","datePublished":"2024-04-18T19:26:20+00:00","dateModified":"2025-06-03T11:25:29+00:00","description":"GlareOne System zawieszania t\u0142a z poprzeczk\u0105 teleskopow\u0105 oraz pokrowcem","breadcrumb":{"@id":"https:\/\/glareone.eu\/cs\/produkt\/glareone-background-support-kit\/#breadcrumb"},"inLanguage":"cs","potentialAction":[{"@type":"ReadAction","target":["https:\/\/glareone.eu\/cs\/produkt\/glareone-background-support-kit\/"]}]},{"@type":"ImageObject","inLanguage":"cs","@id":"https:\/\/glareone.eu\/cs\/produkt\/glareone-background-support-kit\/#primaryimage","url":"https:\/\/glareone.eu\/wp-content\/uploads\/2024\/04\/BS901AS_001.jpg","contentUrl":"https:\/\/glareone.eu\/wp-content\/uploads\/2024\/04\/BS901AS_001.jpg","width":1000,"height":1000},{"@type":"BreadcrumbList","@id":"https:\/\/glareone.eu\/cs\/produkt\/glareone-background-support-kit\/#breadcrumb","itemListElement":[{"@type":"ListItem","position":1,"name":"Strona g\u0142\u00f3wna","item":"https:\/\/glareone.eu\/cs\/"},{"@type":"ListItem","position":2,"name":"V\u0161echny produkty","item":"https:\/\/glareone.eu\/cs\/produkty\/vsechny-produkty\/"},{"@type":"ListItem","position":3,"name":"GlareOne Background Support Kit With Telescopic Crossbar And Bag"}]},{"@type":"WebSite","@id":"https:\/\/glareone.eu\/cs\/en\/#website","url":"https:\/\/glareone.eu\/cs\/en\/","name":"GlareOne","description":"Wyposa\u017cenie Studia","publisher":{"@id":"https:\/\/glareone.eu\/cs\/en\/#organization"},"potentialAction":[{"@type":"SearchAction","target":{"@type":"EntryPoint","urlTemplate":"https:\/\/glareone.eu\/cs\/en\/?s={search_term_string}"},"query-input":{"@type":"PropertyValueSpecification","valueRequired":true,"valueName":"search_term_string"}}],"inLanguage":"cs"},{"@type":"Organization","@id":"https:\/\/glareone.eu\/cs\/en\/#organization","name":"GlareOne","url":"https:\/\/glareone.eu\/cs\/en\/","logo":{"@type":"ImageObject","inLanguage":"cs","@id":"https:\/\/glareone.eu\/cs\/en\/#\/schema\/logo\/image\/","url":"http:\/\/glareone.eu\/wp-content\/uploads\/2024\/05\/glareone_logo2020_RGB-01-e1715773127189.png","contentUrl":"http:\/\/glareone.eu\/wp-content\/uploads\/2024\/05\/glareone_logo2020_RGB-01-e1715773127189.png","width":1270,"height":321,"caption":"GlareOne"},"image":{"@id":"https:\/\/glareone.eu\/cs\/en\/#\/schema\/logo\/image\/"},"sameAs":["https:\/\/www.facebook.com\/GlareOneLighting","https:\/\/www.instagram.com\/glareonelighting\/","https:\/\/www.youtube.com\/@GlareOneTV"]}]}},"_links":{"self":[{"href":"https:\/\/glareone.eu\/cs\/wp-json\/wp\/v2\/product\/18642","targetHints":{"allow":["GET"]}}],"collection":[{"href":"https:\/\/glareone.eu\/cs\/wp-json\/wp\/v2\/product"}],"about":[{"href":"https:\/\/glareone.eu\/cs\/wp-json\/wp\/v2\/types\/product"}],"wp:featuredmedia":[{"embeddable":true,"href":"https:\/\/glareone.eu\/cs\/wp-json\/wp\/v2\/media\/18643"}],"wp:attachment":[{"href":"https:\/\/glareone.eu\/cs\/wp-json\/wp\/v2\/media?parent=18642"}],"wp:term":[{"taxonomy":"product_brand","embeddable":true,"href":"https:\/\/glareone.eu\/cs\/wp-json\/wp\/v2\/product_brand?post=18642"},{"taxonomy":"product_cat","embeddable":true,"href":"https:\/\/glareone.eu\/cs\/wp-json\/wp\/v2\/product_cat?post=18642"},{"taxonomy":"product_tag","embeddable":true,"href":"https:\/\/glareone.eu\/cs\/wp-json\/wp\/v2\/product_tag?post=18642"}],"curies":[{"name":"wp","href":"https:\/\/api.w.org\/{rel}","templated":true}]}}