{"id":18627,"date":"2024-04-18T19:26:24","date_gmt":"2024-04-18T19:26:24","guid":{"rendered":"https:\/\/glareone.eu\/product\/glareone-combo-boom\/"},"modified":"2025-06-03T11:21:39","modified_gmt":"2025-06-03T11:21:39","slug":"glareone-combo-boom","status":"publish","type":"product","link":"https:\/\/glareone.eu\/cs\/produkt\/glareone-combo-boom\/","title":{"rendered":"GlareOne Combo Boom"},"content":{"rendered":"<h3>Skute\u010dn\u00fd 2 v 1<\/h3>\n<p>Combo Boom lze pou\u017e\u00edt jako stativ ve fotografick\u00fdch studi\u00edch a na filmov\u00fdch nat\u00e1\u010den\u00edch. Maxim\u00e1ln\u00ed nosnost 8 kg snadno unese lampu s hexagon\u00e1ln\u00edm softboxem o pr\u016fm\u011bru a\u017e 120 cm. D\u00edky mechanismu sklopn\u00e9ho st\u0159edov\u00e9ho sloupu se d\u00e1 rychle p\u0159em\u011bnit na boom stativ s extra dlouh\u00fdm ramenem. V t\u00e9to konfiguraci se d\u00e1 pou\u017e\u00edt k upevn\u011bn\u00ed lehk\u00fdch a mal\u00fdch lamp nebo LED panel\u016f nad sc\u00e9nou. Koncovka ramene je odn\u00edmateln\u00e1, oto\u010dn\u00e1 a m\u00e1 dva upev\u0148ovac\u00ed body (1\/4 a 3\/8 palce), d\u00edky \u010demu\u017e se Combo Boom hod\u00ed i jako mikrofonn\u00ed stojan nad sc\u00e9nou.<\/p>\n<h3>Odolnost<\/h3>\n<p>Stativ je t\u00e9m\u011b\u0159 cel\u00fd vyroben z kovov\u00fdch d\u00edl\u016f, co\u017e mu zaji\u0161\u0165uje mimo\u0159\u00e1dnou odolnost. Jedin\u00e9 nekovov\u00e9 \u010d\u00e1sti jsou dr\u017e\u00e1ky sek\u010dn\u00edch zaji\u0161\u0165ovac\u00edch \u0161roub\u016f a samotn\u00e9 nohy. V\u0161echny ostatn\u00ed d\u00edly, kter\u00e9 jsou rozhoduj\u00edc\u00ed pro odolnost konstrukce, jsou vyrobeny z hlin\u00edku.<\/p>\n<h3>Detaily<\/h3>\n<p>Knofl\u00edky jsou ergonomicky tvarovan\u00e9 a dostate\u010dn\u011b velk\u00e9, aby zajistily pevn\u00fd \u00fachop a zabr\u00e1nily zachycen\u00ed prst\u016f p\u0159i nastavov\u00e1n\u00ed v\u00fd\u0161ky. Mechanismus aretace st\u0159edov\u00e9ho sloupu je vyroben ze 100% kovu a je vybaven extra velkou rukojet\u00ed s mo\u017enost\u00ed nastaven\u00ed polohy. Nohy jsou dlouh\u00e9, co\u017e zaji\u0161\u0165uje \u0161irok\u00fd rozestup a t\u00edm i vysokou stabilitu. Ramena stativu jsou zakon\u010dena hlavou, kter\u00e1 umo\u017e\u0148uje vertik\u00e1ln\u00ed nebo horizont\u00e1ln\u00ed upevn\u011bn\u00ed stylusu, a jsou tvarov\u00e1na tak, aby zabr\u00e1nila ot\u00e1\u010den\u00ed lampy zav\u011b\u0161en\u00e9 nad nat\u00e1\u010dec\u00edm setem. Druh\u00fd konec ramena je vybaven protiz\u00e1va\u017e\u00edm, kter\u00e9 je nezbytn\u00e9 pro bezpe\u010dn\u00e9 pou\u017e\u00edv\u00e1n\u00ed ramene. Nohy o pr\u016fm\u011bru 22 mm lze opat\u0159it p\u0159\u00eddavn\u00fdmi kole\u010dky, kter\u00e9 usnad\u0148uj\u00ed pr\u00e1ci ve studiu, zejm\u00e9na s velk\u00fdmi modifik\u00e1tory sv\u011btla.<\/p>\n<h3>Vlastnosti produktu:<\/h3>\n<ul>\n<li>Lehk\u00fd a odoln\u00fd, proto\u017ee je vyroben z hlin\u00edku<\/li>\n<li>D\u00edky sklopn\u00e9mu st\u0159edov\u00e9mu sloupu lze pou\u017e\u00edt jako rameno<\/li>\n<li>Dosahuje maxim\u00e1ln\u00ed v\u00fd\u0161ky 4 metry<\/li>\n<li>\u0160irok\u00fd rozchod nohou pro vysokou stabilitu<\/li>\n<li>Kovov\u00e9 svorky a mechanismus pro uvoln\u011bn\u00ed st\u0159edov\u00e9ho sloupu<\/li>\n<li>Mont\u00e1\u017en\u00ed trn je oto\u010dn\u00fd a odn\u00edmateln\u00fd<\/li>\n<li>Up\u00ednac\u00ed knofl\u00edky jsou velk\u00e9 a ergonomicky tvarovan\u00e9<\/li>\n<li>Rameno v\u00fdsuvn\u00e9ho ramena je velmi dlouh\u00e9 (a\u017e 205 cm)<\/li>\n<li>Lze dodate\u010dn\u011b vybavit kole\u010dky<\/li>\n<li>Ve slo\u017een\u00e9m stavu je kompaktn\u00ed<\/li>\n<li>V\u00e1\u017e\u00ed a\u017e 8 kg<\/li>\n<li>Dod\u00e1v\u00e1 se s ta\u0161kou na protiz\u00e1va\u017e\u00ed<\/li>\n<\/ul>\n","protected":false},"excerpt":{"rendered":"<p>Skute\u010dn\u00fd 2 v 1 Combo Boom lze pou\u017e\u00edt jako stativ ve fotografick\u00fdch studi\u00edch a na filmov\u00fdch nat\u00e1\u010den\u00edch. Maxim\u00e1ln\u00ed nosnost 8 kg snadno unese lampu s hexagon\u00e1ln\u00edm softboxem o pr\u016fm\u011bru a\u017e 120 cm. D\u00edky mechanismu sklopn\u00e9ho st\u0159edov\u00e9ho sloupu se d\u00e1 rychle p\u0159em\u011bnit na boom stativ s extra dlouh\u00fdm ramenem. V t\u00e9to konfiguraci se d\u00e1 pou\u017e\u00edt k [&hellip;]<\/p>\n","protected":false},"featured_media":18629,"template":"","meta":[],"product_brand":[],"product_cat":[576],"product_tag":[],"class_list":{"0":"post-18627","1":"product","2":"type-product","3":"status-publish","4":"has-post-thumbnail","6":"product_cat-klasicke-stativy","8":"first","9":"instock","10":"product-type-simple"},"yoast_head":"<!-- This site is optimized with the Yoast SEO plugin v27.2 - https:\/\/yoast.com\/product\/yoast-seo-wordpress\/ -->\n<title>GlareOne Combo Boom - statyw typu boom<\/title>\n<meta name=\"description\" content=\"GlareOne Combo Boom - statyw typu boom\" \/>\n<meta name=\"robots\" content=\"index, follow, max-snippet:-1, max-image-preview:large, max-video-preview:-1\" \/>\n<link rel=\"canonical\" href=\"https:\/\/glareone.eu\/cs\/produkt\/glareone-combo-boom\/\" \/>\n<meta property=\"og:locale\" content=\"cs_CZ\" \/>\n<meta property=\"og:type\" content=\"article\" \/>\n<meta property=\"og:title\" content=\"GlareOne Combo Boom - statyw typu boom\" \/>\n<meta property=\"og:description\" content=\"GlareOne Combo Boom - statyw typu boom\" \/>\n<meta property=\"og:url\" content=\"https:\/\/glareone.eu\/cs\/produkt\/glareone-combo-boom\/\" \/>\n<meta property=\"og:site_name\" content=\"GlareOne\" \/>\n<meta property=\"article:publisher\" content=\"https:\/\/www.facebook.com\/GlareOneLighting\" \/>\n<meta property=\"article:modified_time\" content=\"2025-06-03T11:21:39+00:00\" \/>\n<meta property=\"og:image\" content=\"https:\/\/glareone.eu\/wp-content\/uploads\/2024\/04\/GlareOne-Combo-Boom-13-1.jpg\" \/>\n\t<meta property=\"og:image:width\" content=\"1200\" \/>\n\t<meta property=\"og:image:height\" content=\"1200\" \/>\n\t<meta property=\"og:image:type\" content=\"image\/jpeg\" \/>\n<meta name=\"twitter:card\" content=\"summary_large_image\" \/>\n<meta name=\"twitter:title\" content=\"GlareOne Combo Boom - statyw typu boom\" \/>\n<meta name=\"twitter:label1\" content=\"Odhadovan\u00e1 doba \u010dten\u00ed\" \/>\n\t<meta name=\"twitter:data1\" content=\"2 minuty\" \/>\n<script type=\"application\/ld+json\" class=\"yoast-schema-graph\">{\"@context\":\"https:\/\/schema.org\",\"@graph\":[{\"@type\":\"WebPage\",\"@id\":\"https:\/\/glareone.eu\/cs\/produkt\/glareone-combo-boom\/\",\"url\":\"https:\/\/glareone.eu\/cs\/produkt\/glareone-combo-boom\/\",\"name\":\"GlareOne Combo Boom - statyw typu boom\",\"isPartOf\":{\"@id\":\"https:\/\/glareone.eu\/cs\/en\/#website\"},\"primaryImageOfPage\":{\"@id\":\"https:\/\/glareone.eu\/cs\/produkt\/glareone-combo-boom\/#primaryimage\"},\"image\":{\"@id\":\"https:\/\/glareone.eu\/cs\/produkt\/glareone-combo-boom\/#primaryimage\"},\"thumbnailUrl\":\"https:\/\/glareone.eu\/wp-content\/uploads\/2024\/04\/GlareOne-Combo-Boom-13-1.jpg\",\"datePublished\":\"2024-04-18T19:26:24+00:00\",\"dateModified\":\"2025-06-03T11:21:39+00:00\",\"description\":\"GlareOne Combo Boom - statyw typu boom\",\"breadcrumb\":{\"@id\":\"https:\/\/glareone.eu\/cs\/produkt\/glareone-combo-boom\/#breadcrumb\"},\"inLanguage\":\"cs\",\"potentialAction\":[{\"@type\":\"ReadAction\",\"target\":[\"https:\/\/glareone.eu\/cs\/produkt\/glareone-combo-boom\/\"]}]},{\"@type\":\"ImageObject\",\"inLanguage\":\"cs\",\"@id\":\"https:\/\/glareone.eu\/cs\/produkt\/glareone-combo-boom\/#primaryimage\",\"url\":\"https:\/\/glareone.eu\/wp-content\/uploads\/2024\/04\/GlareOne-Combo-Boom-13-1.jpg\",\"contentUrl\":\"https:\/\/glareone.eu\/wp-content\/uploads\/2024\/04\/GlareOne-Combo-Boom-13-1.jpg\",\"width\":1200,\"height\":1200},{\"@type\":\"BreadcrumbList\",\"@id\":\"https:\/\/glareone.eu\/cs\/produkt\/glareone-combo-boom\/#breadcrumb\",\"itemListElement\":[{\"@type\":\"ListItem\",\"position\":1,\"name\":\"Strona g\u0142\u00f3wna\",\"item\":\"https:\/\/glareone.eu\/cs\/\"},{\"@type\":\"ListItem\",\"position\":2,\"name\":\"V\u0161echny produkty\",\"item\":\"https:\/\/glareone.eu\/cs\/produkty\/vsechny-produkty\/\"},{\"@type\":\"ListItem\",\"position\":3,\"name\":\"GlareOne Combo Boom\"}]},{\"@type\":\"WebSite\",\"@id\":\"https:\/\/glareone.eu\/cs\/en\/#website\",\"url\":\"https:\/\/glareone.eu\/cs\/en\/\",\"name\":\"GlareOne\",\"description\":\"Wyposa\u017cenie Studia\",\"publisher\":{\"@id\":\"https:\/\/glareone.eu\/cs\/en\/#organization\"},\"potentialAction\":[{\"@type\":\"SearchAction\",\"target\":{\"@type\":\"EntryPoint\",\"urlTemplate\":\"https:\/\/glareone.eu\/cs\/en\/?s={search_term_string}\"},\"query-input\":{\"@type\":\"PropertyValueSpecification\",\"valueRequired\":true,\"valueName\":\"search_term_string\"}}],\"inLanguage\":\"cs\"},{\"@type\":\"Organization\",\"@id\":\"https:\/\/glareone.eu\/cs\/en\/#organization\",\"name\":\"GlareOne\",\"url\":\"https:\/\/glareone.eu\/cs\/en\/\",\"logo\":{\"@type\":\"ImageObject\",\"inLanguage\":\"cs\",\"@id\":\"https:\/\/glareone.eu\/cs\/en\/#\/schema\/logo\/image\/\",\"url\":\"http:\/\/glareone.eu\/wp-content\/uploads\/2024\/05\/glareone_logo2020_RGB-01-e1715773127189.png\",\"contentUrl\":\"http:\/\/glareone.eu\/wp-content\/uploads\/2024\/05\/glareone_logo2020_RGB-01-e1715773127189.png\",\"width\":1270,\"height\":321,\"caption\":\"GlareOne\"},\"image\":{\"@id\":\"https:\/\/glareone.eu\/cs\/en\/#\/schema\/logo\/image\/\"},\"sameAs\":[\"https:\/\/www.facebook.com\/GlareOneLighting\",\"https:\/\/www.instagram.com\/glareonelighting\/\",\"https:\/\/www.youtube.com\/@GlareOneTV\"]}]}<\/script>\n<!-- \/ Yoast SEO plugin. -->","yoast_head_json":{"title":"GlareOne Combo Boom - statyw typu boom","description":"GlareOne Combo Boom - statyw typu boom","robots":{"index":"index","follow":"follow","max-snippet":"max-snippet:-1","max-image-preview":"max-image-preview:large","max-video-preview":"max-video-preview:-1"},"canonical":"https:\/\/glareone.eu\/cs\/produkt\/glareone-combo-boom\/","og_locale":"cs_CZ","og_type":"article","og_title":"GlareOne Combo Boom - statyw typu boom","og_description":"GlareOne Combo Boom - statyw typu boom","og_url":"https:\/\/glareone.eu\/cs\/produkt\/glareone-combo-boom\/","og_site_name":"GlareOne","article_publisher":"https:\/\/www.facebook.com\/GlareOneLighting","article_modified_time":"2025-06-03T11:21:39+00:00","og_image":[{"width":1200,"height":1200,"url":"https:\/\/glareone.eu\/wp-content\/uploads\/2024\/04\/GlareOne-Combo-Boom-13-1.jpg","type":"image\/jpeg"}],"twitter_card":"summary_large_image","twitter_title":"GlareOne Combo Boom - statyw typu boom","twitter_misc":{"Odhadovan\u00e1 doba \u010dten\u00ed":"2 minuty"},"schema":{"@context":"https:\/\/schema.org","@graph":[{"@type":"WebPage","@id":"https:\/\/glareone.eu\/cs\/produkt\/glareone-combo-boom\/","url":"https:\/\/glareone.eu\/cs\/produkt\/glareone-combo-boom\/","name":"GlareOne Combo Boom - statyw typu boom","isPartOf":{"@id":"https:\/\/glareone.eu\/cs\/en\/#website"},"primaryImageOfPage":{"@id":"https:\/\/glareone.eu\/cs\/produkt\/glareone-combo-boom\/#primaryimage"},"image":{"@id":"https:\/\/glareone.eu\/cs\/produkt\/glareone-combo-boom\/#primaryimage"},"thumbnailUrl":"https:\/\/glareone.eu\/wp-content\/uploads\/2024\/04\/GlareOne-Combo-Boom-13-1.jpg","datePublished":"2024-04-18T19:26:24+00:00","dateModified":"2025-06-03T11:21:39+00:00","description":"GlareOne Combo Boom - statyw typu boom","breadcrumb":{"@id":"https:\/\/glareone.eu\/cs\/produkt\/glareone-combo-boom\/#breadcrumb"},"inLanguage":"cs","potentialAction":[{"@type":"ReadAction","target":["https:\/\/glareone.eu\/cs\/produkt\/glareone-combo-boom\/"]}]},{"@type":"ImageObject","inLanguage":"cs","@id":"https:\/\/glareone.eu\/cs\/produkt\/glareone-combo-boom\/#primaryimage","url":"https:\/\/glareone.eu\/wp-content\/uploads\/2024\/04\/GlareOne-Combo-Boom-13-1.jpg","contentUrl":"https:\/\/glareone.eu\/wp-content\/uploads\/2024\/04\/GlareOne-Combo-Boom-13-1.jpg","width":1200,"height":1200},{"@type":"BreadcrumbList","@id":"https:\/\/glareone.eu\/cs\/produkt\/glareone-combo-boom\/#breadcrumb","itemListElement":[{"@type":"ListItem","position":1,"name":"Strona g\u0142\u00f3wna","item":"https:\/\/glareone.eu\/cs\/"},{"@type":"ListItem","position":2,"name":"V\u0161echny produkty","item":"https:\/\/glareone.eu\/cs\/produkty\/vsechny-produkty\/"},{"@type":"ListItem","position":3,"name":"GlareOne Combo Boom"}]},{"@type":"WebSite","@id":"https:\/\/glareone.eu\/cs\/en\/#website","url":"https:\/\/glareone.eu\/cs\/en\/","name":"GlareOne","description":"Wyposa\u017cenie Studia","publisher":{"@id":"https:\/\/glareone.eu\/cs\/en\/#organization"},"potentialAction":[{"@type":"SearchAction","target":{"@type":"EntryPoint","urlTemplate":"https:\/\/glareone.eu\/cs\/en\/?s={search_term_string}"},"query-input":{"@type":"PropertyValueSpecification","valueRequired":true,"valueName":"search_term_string"}}],"inLanguage":"cs"},{"@type":"Organization","@id":"https:\/\/glareone.eu\/cs\/en\/#organization","name":"GlareOne","url":"https:\/\/glareone.eu\/cs\/en\/","logo":{"@type":"ImageObject","inLanguage":"cs","@id":"https:\/\/glareone.eu\/cs\/en\/#\/schema\/logo\/image\/","url":"http:\/\/glareone.eu\/wp-content\/uploads\/2024\/05\/glareone_logo2020_RGB-01-e1715773127189.png","contentUrl":"http:\/\/glareone.eu\/wp-content\/uploads\/2024\/05\/glareone_logo2020_RGB-01-e1715773127189.png","width":1270,"height":321,"caption":"GlareOne"},"image":{"@id":"https:\/\/glareone.eu\/cs\/en\/#\/schema\/logo\/image\/"},"sameAs":["https:\/\/www.facebook.com\/GlareOneLighting","https:\/\/www.instagram.com\/glareonelighting\/","https:\/\/www.youtube.com\/@GlareOneTV"]}]}},"_links":{"self":[{"href":"https:\/\/glareone.eu\/cs\/wp-json\/wp\/v2\/product\/18627","targetHints":{"allow":["GET"]}}],"collection":[{"href":"https:\/\/glareone.eu\/cs\/wp-json\/wp\/v2\/product"}],"about":[{"href":"https:\/\/glareone.eu\/cs\/wp-json\/wp\/v2\/types\/product"}],"wp:featuredmedia":[{"embeddable":true,"href":"https:\/\/glareone.eu\/cs\/wp-json\/wp\/v2\/media\/18629"}],"wp:attachment":[{"href":"https:\/\/glareone.eu\/cs\/wp-json\/wp\/v2\/media?parent=18627"}],"wp:term":[{"taxonomy":"product_brand","embeddable":true,"href":"https:\/\/glareone.eu\/cs\/wp-json\/wp\/v2\/product_brand?post=18627"},{"taxonomy":"product_cat","embeddable":true,"href":"https:\/\/glareone.eu\/cs\/wp-json\/wp\/v2\/product_cat?post=18627"},{"taxonomy":"product_tag","embeddable":true,"href":"https:\/\/glareone.eu\/cs\/wp-json\/wp\/v2\/product_tag?post=18627"}],"curies":[{"name":"wp","href":"https:\/\/api.w.org\/{rel}","templated":true}]}}