{"id":18620,"date":"2024-04-18T19:26:24","date_gmt":"2024-04-18T19:26:24","guid":{"rendered":"https:\/\/glareone.eu\/product\/glareone-prime-boom\/"},"modified":"2025-06-03T11:18:13","modified_gmt":"2025-06-03T11:18:13","slug":"glareone-prime-boom","status":"publish","type":"product","link":"https:\/\/glareone.eu\/cs\/produkt\/glareone-prime-boom\/","title":{"rendered":"GlareOne Prime Boom"},"content":{"rendered":"<h3>Boom<\/h3>\n<p>Boom (je\u0159\u00e1b) je jedn\u00edm ze z\u00e1kladn\u00edch stativ\u016f, kter\u00fd by nem\u011bl chyb\u011bt v \u017e\u00e1dn\u00e9 fotografick\u00e9 nebo filmov\u00e9 d\u00edln\u011b. Nej\u010dast\u011bji se pou\u017e\u00edv\u00e1 k um\u00edst\u011bn\u00ed lamp nad sc\u00e9nu pro osv\u011btlen\u00ed shora. Je\u0159\u00e1b je tak\u00e9 u\u017eite\u010dn\u00fd, kdy\u017e je t\u0159eba um\u00edstit lampu nad fotoapar\u00e1t nebo kameru, co\u017e m\u016f\u017ee b\u00fdt s b\u011b\u017en\u00fdm stativem obt\u00ed\u017en\u00e9 nebo dokonce nemo\u017en\u00e9. Stativ je dod\u00e1v\u00e1n s 4kg protiz\u00e1va\u017e\u00edm pro vyv\u00e1\u017een\u00ed ramena je\u0159\u00e1bu.<\/p>\n<h3>Odolnost<\/h3>\n<p>Prime Boom se vyzna\u010duje velk\u00fdm pr\u016fm\u011brem st\u0159edov\u00e9 \u010d\u00e1sti sloupu a ramena, co\u017e zaji\u0161\u0165uje vysokou tuhost konstrukce. Mechanismus pro nastaven\u00ed ot\u00e1\u010den\u00ed je\u0159\u00e1bu je vyroben v\u00fdhradn\u011b z kovu, co\u017e zaru\u010duje jeho zna\u010dnou pevnost a dlouhou \u017eivotnost. Spojka pro nohy a st\u0159edov\u00fd sloup, svorky, protiz\u00e1va\u017e\u00ed a hlava, kter\u00e1 dr\u017e\u00ed mont\u00e1\u017en\u00ed \u010dep, jsou tak\u00e9 vyrobeny v\u00fdhradn\u011b z kovu.<\/p>\n<h3>Detaily<\/h3>\n<p>Aby se zabr\u00e1nilo ot\u00e1\u010den\u00ed lampy namontovan\u00e9 na je\u0159\u00e1bu b\u011bhem provozu, je mont\u00e1\u017en\u00ed h\u0159\u00eddel r\u00fdhovan\u00e1. Mechanismus nakl\u00e1p\u011bn\u00ed ramene je vybaven velkou rukojet\u00ed, kter\u00e1 zaru\u010duje bezpe\u010dn\u00fd \u00fachop, kter\u00fd je tak d\u016fle\u017eit\u00fd pro bezpe\u010dnou pr\u00e1ci. Rameno je zakon\u010deno pevnou hlavou, kter\u00e1 umo\u017e\u0148uje mont\u00e1\u017e trnu kolmo a rovnob\u011b\u017en\u011b s jeho osou. Druh\u00fd konec ramene je vybaven gumovou rukojet\u00ed, kter\u00e1 usnad\u0148uje nastaven\u00ed \u00fahlu sklonu. Zaji\u0161\u0165ovac\u00ed mechanismus protiz\u00e1va\u017e\u00ed umo\u017e\u0148uje jeho posun pod\u00e9l osy ramene, co\u017e umo\u017e\u0148uje rychl\u00e9 vyv\u00e1\u017een\u00ed hmotnosti lampy. Stativ lze dodate\u010dn\u011b vybavit kole\u010dky, co\u017e velmi usnad\u0148uje pr\u00e1ci ve studiu.<\/p>\n<h3>Vlastnosti produktu:<\/h3>\n<ul>\n<li>Ide\u00e1ln\u00ed pro pr\u00e1ci se studiovou lampou s mal\u00fdm softboxem<\/li>\n<li>Dosahuje maxim\u00e1ln\u00ed v\u00fd\u0161ky 3 metry<\/li>\n<li>\u0160irok\u00fd rozestup nohou, kter\u00fd zaji\u0161\u0165uje vysokou stabilitu<\/li>\n<li>Sek\u010dn\u00ed svorky a mechanismus ramene vyroben\u00e9 z kovu<\/li>\n<li>Upev\u0148ovac\u00ed trn je oto\u010dn\u00fd a odn\u00edmateln\u00fd<\/li>\n<li>Up\u00ednac\u00ed knofl\u00edky jsou velk\u00e9 a ergonomicky tvarovan\u00e9<\/li>\n<li>Maxim\u00e1ln\u00ed d\u00e9lka ramene je 220 cm<\/li>\n<li>Lze doplnit kole\u010dky<\/li>\n<li>Nosnost a\u017e 7 kg<\/li>\n<li>Dod\u00e1v\u00e1 se se \u010dty\u0159kilogramov\u00fdm protiz\u00e1va\u017e\u00edm<\/li>\n<\/ul>\n","protected":false},"excerpt":{"rendered":"<p>Boom Boom (je\u0159\u00e1b) je jedn\u00edm ze z\u00e1kladn\u00edch stativ\u016f, kter\u00fd by nem\u011bl chyb\u011bt v \u017e\u00e1dn\u00e9 fotografick\u00e9 nebo filmov\u00e9 d\u00edln\u011b. Nej\u010dast\u011bji se pou\u017e\u00edv\u00e1 k um\u00edst\u011bn\u00ed lamp nad sc\u00e9nu pro osv\u011btlen\u00ed shora. Je\u0159\u00e1b je tak\u00e9 u\u017eite\u010dn\u00fd, kdy\u017e je t\u0159eba um\u00edstit lampu nad fotoapar\u00e1t nebo kameru, co\u017e m\u016f\u017ee b\u00fdt s b\u011b\u017en\u00fdm stativem obt\u00ed\u017en\u00e9 nebo dokonce nemo\u017en\u00e9. Stativ je dod\u00e1v\u00e1n [&hellip;]<\/p>\n","protected":false},"featured_media":18622,"template":"","meta":[],"product_brand":[],"product_cat":[576],"product_tag":[],"class_list":{"0":"post-18620","1":"product","2":"type-product","3":"status-publish","4":"has-post-thumbnail","6":"product_cat-klasicke-stativy","8":"first","9":"instock","10":"product-type-simple"},"yoast_head":"<!-- This site is optimized with the Yoast SEO plugin v27.2 - https:\/\/yoast.com\/product\/yoast-seo-wordpress\/ -->\n<title>GlareOne Prime Boom - statyw typu boom<\/title>\n<meta name=\"description\" content=\"GlareOne Prime Boom - statyw typu boom\" \/>\n<meta name=\"robots\" content=\"index, follow, max-snippet:-1, max-image-preview:large, max-video-preview:-1\" \/>\n<link rel=\"canonical\" href=\"https:\/\/glareone.eu\/cs\/produkt\/glareone-prime-boom\/\" \/>\n<meta property=\"og:locale\" content=\"cs_CZ\" \/>\n<meta property=\"og:type\" content=\"article\" \/>\n<meta property=\"og:title\" content=\"GlareOne Prime Boom - statyw typu boom\" \/>\n<meta property=\"og:description\" content=\"GlareOne Prime Boom - statyw typu boom\" \/>\n<meta property=\"og:url\" content=\"https:\/\/glareone.eu\/cs\/produkt\/glareone-prime-boom\/\" \/>\n<meta property=\"og:site_name\" content=\"GlareOne\" \/>\n<meta property=\"article:publisher\" content=\"https:\/\/www.facebook.com\/GlareOneLighting\" \/>\n<meta property=\"article:modified_time\" content=\"2025-06-03T11:18:13+00:00\" \/>\n<meta property=\"og:image\" content=\"https:\/\/glareone.eu\/wp-content\/uploads\/2024\/04\/GlareOne-Prime-Boom-11-5.jpg\" \/>\n\t<meta property=\"og:image:width\" content=\"1200\" \/>\n\t<meta property=\"og:image:height\" content=\"1200\" \/>\n\t<meta property=\"og:image:type\" content=\"image\/jpeg\" \/>\n<meta name=\"twitter:card\" content=\"summary_large_image\" \/>\n<meta name=\"twitter:title\" content=\"GlareOne Prime Boom - statyw typu boom\" \/>\n<meta name=\"twitter:label1\" content=\"Odhadovan\u00e1 doba \u010dten\u00ed\" \/>\n\t<meta name=\"twitter:data1\" content=\"2 minuty\" \/>\n<script type=\"application\/ld+json\" class=\"yoast-schema-graph\">{\"@context\":\"https:\/\/schema.org\",\"@graph\":[{\"@type\":\"WebPage\",\"@id\":\"https:\/\/glareone.eu\/cs\/produkt\/glareone-prime-boom\/\",\"url\":\"https:\/\/glareone.eu\/cs\/produkt\/glareone-prime-boom\/\",\"name\":\"GlareOne Prime Boom - statyw typu boom\",\"isPartOf\":{\"@id\":\"https:\/\/glareone.eu\/cs\/en\/#website\"},\"primaryImageOfPage\":{\"@id\":\"https:\/\/glareone.eu\/cs\/produkt\/glareone-prime-boom\/#primaryimage\"},\"image\":{\"@id\":\"https:\/\/glareone.eu\/cs\/produkt\/glareone-prime-boom\/#primaryimage\"},\"thumbnailUrl\":\"https:\/\/glareone.eu\/wp-content\/uploads\/2024\/04\/GlareOne-Prime-Boom-11-5.jpg\",\"datePublished\":\"2024-04-18T19:26:24+00:00\",\"dateModified\":\"2025-06-03T11:18:13+00:00\",\"description\":\"GlareOne Prime Boom - statyw typu boom\",\"breadcrumb\":{\"@id\":\"https:\/\/glareone.eu\/cs\/produkt\/glareone-prime-boom\/#breadcrumb\"},\"inLanguage\":\"cs\",\"potentialAction\":[{\"@type\":\"ReadAction\",\"target\":[\"https:\/\/glareone.eu\/cs\/produkt\/glareone-prime-boom\/\"]}]},{\"@type\":\"ImageObject\",\"inLanguage\":\"cs\",\"@id\":\"https:\/\/glareone.eu\/cs\/produkt\/glareone-prime-boom\/#primaryimage\",\"url\":\"https:\/\/glareone.eu\/wp-content\/uploads\/2024\/04\/GlareOne-Prime-Boom-11-5.jpg\",\"contentUrl\":\"https:\/\/glareone.eu\/wp-content\/uploads\/2024\/04\/GlareOne-Prime-Boom-11-5.jpg\",\"width\":1200,\"height\":1200},{\"@type\":\"BreadcrumbList\",\"@id\":\"https:\/\/glareone.eu\/cs\/produkt\/glareone-prime-boom\/#breadcrumb\",\"itemListElement\":[{\"@type\":\"ListItem\",\"position\":1,\"name\":\"Strona g\u0142\u00f3wna\",\"item\":\"https:\/\/glareone.eu\/cs\/\"},{\"@type\":\"ListItem\",\"position\":2,\"name\":\"V\u0161echny produkty\",\"item\":\"https:\/\/glareone.eu\/cs\/produkty\/vsechny-produkty\/\"},{\"@type\":\"ListItem\",\"position\":3,\"name\":\"GlareOne Prime Boom\"}]},{\"@type\":\"WebSite\",\"@id\":\"https:\/\/glareone.eu\/cs\/en\/#website\",\"url\":\"https:\/\/glareone.eu\/cs\/en\/\",\"name\":\"GlareOne\",\"description\":\"Wyposa\u017cenie Studia\",\"publisher\":{\"@id\":\"https:\/\/glareone.eu\/cs\/en\/#organization\"},\"potentialAction\":[{\"@type\":\"SearchAction\",\"target\":{\"@type\":\"EntryPoint\",\"urlTemplate\":\"https:\/\/glareone.eu\/cs\/en\/?s={search_term_string}\"},\"query-input\":{\"@type\":\"PropertyValueSpecification\",\"valueRequired\":true,\"valueName\":\"search_term_string\"}}],\"inLanguage\":\"cs\"},{\"@type\":\"Organization\",\"@id\":\"https:\/\/glareone.eu\/cs\/en\/#organization\",\"name\":\"GlareOne\",\"url\":\"https:\/\/glareone.eu\/cs\/en\/\",\"logo\":{\"@type\":\"ImageObject\",\"inLanguage\":\"cs\",\"@id\":\"https:\/\/glareone.eu\/cs\/en\/#\/schema\/logo\/image\/\",\"url\":\"http:\/\/glareone.eu\/wp-content\/uploads\/2024\/05\/glareone_logo2020_RGB-01-e1715773127189.png\",\"contentUrl\":\"http:\/\/glareone.eu\/wp-content\/uploads\/2024\/05\/glareone_logo2020_RGB-01-e1715773127189.png\",\"width\":1270,\"height\":321,\"caption\":\"GlareOne\"},\"image\":{\"@id\":\"https:\/\/glareone.eu\/cs\/en\/#\/schema\/logo\/image\/\"},\"sameAs\":[\"https:\/\/www.facebook.com\/GlareOneLighting\",\"https:\/\/www.instagram.com\/glareonelighting\/\",\"https:\/\/www.youtube.com\/@GlareOneTV\"]}]}<\/script>\n<!-- \/ Yoast SEO plugin. -->","yoast_head_json":{"title":"GlareOne Prime Boom - statyw typu boom","description":"GlareOne Prime Boom - statyw typu boom","robots":{"index":"index","follow":"follow","max-snippet":"max-snippet:-1","max-image-preview":"max-image-preview:large","max-video-preview":"max-video-preview:-1"},"canonical":"https:\/\/glareone.eu\/cs\/produkt\/glareone-prime-boom\/","og_locale":"cs_CZ","og_type":"article","og_title":"GlareOne Prime Boom - statyw typu boom","og_description":"GlareOne Prime Boom - statyw typu boom","og_url":"https:\/\/glareone.eu\/cs\/produkt\/glareone-prime-boom\/","og_site_name":"GlareOne","article_publisher":"https:\/\/www.facebook.com\/GlareOneLighting","article_modified_time":"2025-06-03T11:18:13+00:00","og_image":[{"width":1200,"height":1200,"url":"https:\/\/glareone.eu\/wp-content\/uploads\/2024\/04\/GlareOne-Prime-Boom-11-5.jpg","type":"image\/jpeg"}],"twitter_card":"summary_large_image","twitter_title":"GlareOne Prime Boom - statyw typu boom","twitter_misc":{"Odhadovan\u00e1 doba \u010dten\u00ed":"2 minuty"},"schema":{"@context":"https:\/\/schema.org","@graph":[{"@type":"WebPage","@id":"https:\/\/glareone.eu\/cs\/produkt\/glareone-prime-boom\/","url":"https:\/\/glareone.eu\/cs\/produkt\/glareone-prime-boom\/","name":"GlareOne Prime Boom - statyw typu boom","isPartOf":{"@id":"https:\/\/glareone.eu\/cs\/en\/#website"},"primaryImageOfPage":{"@id":"https:\/\/glareone.eu\/cs\/produkt\/glareone-prime-boom\/#primaryimage"},"image":{"@id":"https:\/\/glareone.eu\/cs\/produkt\/glareone-prime-boom\/#primaryimage"},"thumbnailUrl":"https:\/\/glareone.eu\/wp-content\/uploads\/2024\/04\/GlareOne-Prime-Boom-11-5.jpg","datePublished":"2024-04-18T19:26:24+00:00","dateModified":"2025-06-03T11:18:13+00:00","description":"GlareOne Prime Boom - statyw typu boom","breadcrumb":{"@id":"https:\/\/glareone.eu\/cs\/produkt\/glareone-prime-boom\/#breadcrumb"},"inLanguage":"cs","potentialAction":[{"@type":"ReadAction","target":["https:\/\/glareone.eu\/cs\/produkt\/glareone-prime-boom\/"]}]},{"@type":"ImageObject","inLanguage":"cs","@id":"https:\/\/glareone.eu\/cs\/produkt\/glareone-prime-boom\/#primaryimage","url":"https:\/\/glareone.eu\/wp-content\/uploads\/2024\/04\/GlareOne-Prime-Boom-11-5.jpg","contentUrl":"https:\/\/glareone.eu\/wp-content\/uploads\/2024\/04\/GlareOne-Prime-Boom-11-5.jpg","width":1200,"height":1200},{"@type":"BreadcrumbList","@id":"https:\/\/glareone.eu\/cs\/produkt\/glareone-prime-boom\/#breadcrumb","itemListElement":[{"@type":"ListItem","position":1,"name":"Strona g\u0142\u00f3wna","item":"https:\/\/glareone.eu\/cs\/"},{"@type":"ListItem","position":2,"name":"V\u0161echny produkty","item":"https:\/\/glareone.eu\/cs\/produkty\/vsechny-produkty\/"},{"@type":"ListItem","position":3,"name":"GlareOne Prime Boom"}]},{"@type":"WebSite","@id":"https:\/\/glareone.eu\/cs\/en\/#website","url":"https:\/\/glareone.eu\/cs\/en\/","name":"GlareOne","description":"Wyposa\u017cenie Studia","publisher":{"@id":"https:\/\/glareone.eu\/cs\/en\/#organization"},"potentialAction":[{"@type":"SearchAction","target":{"@type":"EntryPoint","urlTemplate":"https:\/\/glareone.eu\/cs\/en\/?s={search_term_string}"},"query-input":{"@type":"PropertyValueSpecification","valueRequired":true,"valueName":"search_term_string"}}],"inLanguage":"cs"},{"@type":"Organization","@id":"https:\/\/glareone.eu\/cs\/en\/#organization","name":"GlareOne","url":"https:\/\/glareone.eu\/cs\/en\/","logo":{"@type":"ImageObject","inLanguage":"cs","@id":"https:\/\/glareone.eu\/cs\/en\/#\/schema\/logo\/image\/","url":"http:\/\/glareone.eu\/wp-content\/uploads\/2024\/05\/glareone_logo2020_RGB-01-e1715773127189.png","contentUrl":"http:\/\/glareone.eu\/wp-content\/uploads\/2024\/05\/glareone_logo2020_RGB-01-e1715773127189.png","width":1270,"height":321,"caption":"GlareOne"},"image":{"@id":"https:\/\/glareone.eu\/cs\/en\/#\/schema\/logo\/image\/"},"sameAs":["https:\/\/www.facebook.com\/GlareOneLighting","https:\/\/www.instagram.com\/glareonelighting\/","https:\/\/www.youtube.com\/@GlareOneTV"]}]}},"_links":{"self":[{"href":"https:\/\/glareone.eu\/cs\/wp-json\/wp\/v2\/product\/18620","targetHints":{"allow":["GET"]}}],"collection":[{"href":"https:\/\/glareone.eu\/cs\/wp-json\/wp\/v2\/product"}],"about":[{"href":"https:\/\/glareone.eu\/cs\/wp-json\/wp\/v2\/types\/product"}],"wp:featuredmedia":[{"embeddable":true,"href":"https:\/\/glareone.eu\/cs\/wp-json\/wp\/v2\/media\/18622"}],"wp:attachment":[{"href":"https:\/\/glareone.eu\/cs\/wp-json\/wp\/v2\/media?parent=18620"}],"wp:term":[{"taxonomy":"product_brand","embeddable":true,"href":"https:\/\/glareone.eu\/cs\/wp-json\/wp\/v2\/product_brand?post=18620"},{"taxonomy":"product_cat","embeddable":true,"href":"https:\/\/glareone.eu\/cs\/wp-json\/wp\/v2\/product_cat?post=18620"},{"taxonomy":"product_tag","embeddable":true,"href":"https:\/\/glareone.eu\/cs\/wp-json\/wp\/v2\/product_tag?post=18620"}],"curies":[{"name":"wp","href":"https:\/\/api.w.org\/{rel}","templated":true}]}}