{"id":18614,"date":"2024-04-18T19:26:24","date_gmt":"2024-04-18T19:26:24","guid":{"rendered":"https:\/\/glareone.eu\/product\/glareone-hightower\/"},"modified":"2025-08-11T10:17:53","modified_gmt":"2025-08-11T10:17:53","slug":"glareone-hightower","status":"publish","type":"product","link":"https:\/\/glareone.eu\/cs\/produkt\/glareone-hightower\/","title":{"rendered":"GlareOne Hightower Glide \u2013 ocelov\u00fd sloupov\u00fd stojan"},"content":{"rendered":"<h3>Sloup<\/h3>\n<p>Nejv\u011bt\u0161\u00ed v\u00fdhodou stativu Hightower je jeho konstrukce, kter\u00e1 je zalo\u017eena na pou\u017eit\u00ed jedin\u00e9ho centr\u00e1ln\u00edho sloupu, po kter\u00e9m se posouv\u00e1 hlava slou\u017e\u00edc\u00ed k upevn\u011bn\u00ed lamp a p\u0159\u00edslu\u0161enstv\u00ed. Tato konstrukce sni\u017euje t\u011b\u017ei\u0161t\u011b, d\u00edky \u010demu\u017e je stativ velmi stabiln\u00ed. Nav\u00edc zab\u00edr\u00e1 m\u00e9n\u011b m\u00edsta ne\u017e b\u011b\u017en\u00e9 stativy, co\u017e je velmi d\u016fle\u017eit\u00e9 zejm\u00e9na v mal\u00fdch studi\u00edch. Nejd\u016fle\u017eit\u011bj\u0161\u00ed v\u00fdhodou stativu Hightower je velmi vysok\u00fd rozsah nastaven\u00ed pracovn\u00ed v\u00fd\u0161ky. D\u00edky mo\u017enosti t\u00e9m\u011b\u0159 voln\u00e9ho pohybu hlavy na centr\u00e1ln\u00edm sloupu lze lampu upevnit ve v\u00fd\u0161ce od 34 do 222 centimetr\u016f od zem\u011b.<\/p>\n<h3>Odolnost<\/h3>\n<p>St\u0159edov\u00fd sloup stativu je vyroben z pochromovan\u00fdch ocelov\u00fdch trubek o pr\u016fm\u011bru 35 mm a voz\u00edk a hlava jsou vyrobeny z oceli s pr\u00e1\u0161kov\u00fdm n\u00e1st\u0159ikem. Tyto materi\u00e1ly \u010din\u00ed tento stativ velmi odoln\u00fdm a dlouhou \u017eivotnost\u00ed.<\/p>\n<h3>Stabilita<\/h3>\n<p>Sloup je namontov\u00e1n na t\u0159\u00edkolov\u00e9m voz\u00edku, d\u00edky \u010demu\u017e m\u00e1 velmi n\u00edzk\u00e9 t\u011b\u017ei\u0161t\u011b. Kole\u010dka jsou um\u00edst\u011bna 55 cm od osy sloupu, co\u017e d\u00e1v\u00e1 Hightoweru \u0161irokou z\u00e1kladnu, kter\u00e1 zlep\u0161uje stabilitu a bezpe\u010dnost. Kole\u010dka maj\u00ed pr\u016fm\u011br 75 mm, d\u00edky \u010demu\u017e se stativ snadno pohybuje i na nerovn\u00e9m povrchu.<\/p>\n<h3>Nosnost<\/h3>\n<p>Hightower unese a\u017e 15 kg p\u0159i hmotnosti n\u011bco p\u0159es 9 kg. Vysok\u00e1 hmotnost stativu je d\u00e1na pou\u017eit\u00edm pevn\u00fdch konstruk\u010dn\u00edch prvk\u016f z oceli. Dod\u00e1van\u00e1 hlava unese a\u017e 6 kg, co\u017e je dostate\u010dn\u00e9 pro upevn\u011bn\u00ed v\u00fdkonn\u00e9 lampy s velk\u00fdm modifik\u00e1torem sv\u011btla.<\/p>\n<h3>Hlava<\/h3>\n<p>Hightower se dod\u00e1v\u00e1 s jednou hlavou, ale v p\u0159\u00edpad\u011b pot\u0159eby si m\u016f\u017eete dokoupit dal\u0161\u00ed, co\u017e v\u00e1m umo\u017en\u00ed p\u0159ipevnit na jeden stativ dal\u0161\u00ed lampy nebo jin\u00e9 p\u0159\u00edslu\u0161enstv\u00ed. Hlava m\u00e1 velmi charakteristick\u00fd tvar pistole a zaji\u0161t\u011bn\u00ed jej\u00ed polohy na st\u0159edov\u00e9m sloupu p\u0159ipom\u00edn\u00e1 spou\u0161\u0165. V\u00fd\u0161kov\u00e9 nastaven\u00ed je \u0161irok\u00e9 (34~222 cm), velmi rychl\u00e9 a, co je d\u016fle\u017eit\u00e9, plynul\u00e9. Stativov\u00e1 hlava o pr\u016fm\u011bru 16 mm je oto\u010dn\u00e1, odn\u00edmateln\u00e1 a m\u00e1 jeden upev\u0148ovac\u00ed bod se z\u00e1vitem 1\/4&#8243;, ke kter\u00e9mu m\u016f\u017eete p\u0159ipevnit fotoapar\u00e1t, videokameru, mikrofon atd.<\/p>\n<h3>Detaily<\/h3>\n<p>T\u00e9m\u011b\u0159 v\u0161echny spoje stativu jsou vyrobeny pomoc\u00ed \u0161roub\u016f nam\u00edsto n\u00fdt\u016f, kter\u00e9 se nej\u010dast\u011bji pou\u017e\u00edvaj\u00ed u levn\u011bj\u0161\u00edch stativ\u016f. Heavy Glide je dod\u00e1v\u00e1n se sadou kl\u00ed\u010d\u016f, kter\u00e9 jsou pot\u0159ebn\u00e9 k p\u0159ipevn\u011bn\u00ed kole\u010dek a uta\u017een\u00ed \u0161roub\u016f v p\u0159\u00edpad\u011b pot\u0159eby. Nakl\u00e1p\u011bc\u00ed mechanismus ramena je vybaven velkou rukojet\u00ed, kter\u00e1 zaru\u010duje pevn\u00e9 uchopen\u00ed, kter\u00e9 je tak d\u016fle\u017eit\u00e9 pro bezpe\u010dnou pr\u00e1ci. Druh\u00fd konec ramena je vybaven smy\u010dkou pro zav\u011b\u0161en\u00ed protiz\u00e1va\u017e\u00ed. Kole\u010dka maj\u00ed velk\u00fd pr\u016fm\u011br (10 mm) a jsou vybavena brzdami. V\u0161echny \u010d\u00e1sti stativu jsou odpru\u017eeny pru\u017einami.<\/p>\n<h3>Vlastnosti produktu:<\/h3>\n<ul>\n<li>Vyrobeno v\u00fdhradn\u011b z oceli<\/li>\n<li>Dod\u00e1v\u00e1no s jednou pistolovou hlavou<\/li>\n<li>\u0160iroce nastaviteln\u00e1 poloha hlavy (34~222 cm)<\/li>\n<li>Lze pou\u017e\u00edt jako stativ pro fotoapar\u00e1t nebo videokameru<\/li>\n<li>Plynul\u00e1 a velmi rychl\u00e1 regulace v\u00fd\u0161ky<\/li>\n<li>Vybaveno z\u00e1vitem 3\/8\u201e (16 mm) a 1\/4\u201c<\/li>\n<li>Vybaveno kole\u010dky s velk\u00fdm pr\u016fm\u011brem<\/li>\n<li>Nosnost a\u017e 15 kg<\/li>\n<li>Sou\u010d\u00e1st\u00ed balen\u00ed je kl\u00ed\u010d pot\u0159ebn\u00fd k mont\u00e1\u017ei<\/li>\n<\/ul>\n","protected":false},"excerpt":{"rendered":"<p>Sloup Nejv\u011bt\u0161\u00ed v\u00fdhodou stativu Hightower je jeho konstrukce, kter\u00e1 je zalo\u017eena na pou\u017eit\u00ed jedin\u00e9ho centr\u00e1ln\u00edho sloupu, po kter\u00e9m se posouv\u00e1 hlava slou\u017e\u00edc\u00ed k upevn\u011bn\u00ed lamp a p\u0159\u00edslu\u0161enstv\u00ed. Tato konstrukce sni\u017euje t\u011b\u017ei\u0161t\u011b, d\u00edky \u010demu\u017e je stativ velmi stabiln\u00ed. Nav\u00edc zab\u00edr\u00e1 m\u00e9n\u011b m\u00edsta ne\u017e b\u011b\u017en\u00e9 stativy, co\u017e je velmi d\u016fle\u017eit\u00e9 zejm\u00e9na v mal\u00fdch studi\u00edch. Nejd\u016fle\u017eit\u011bj\u0161\u00ed v\u00fdhodou stativu [&hellip;]<\/p>\n","protected":false},"featured_media":18616,"template":"","meta":[],"product_brand":[],"product_cat":[574],"product_tag":[],"class_list":{"0":"post-18614","1":"product","2":"type-product","3":"status-publish","4":"has-post-thumbnail","6":"product_cat-glide-cs","8":"first","9":"instock","10":"product-type-simple"},"yoast_head":"<!-- This site is optimized with the Yoast SEO plugin v27.2 - https:\/\/yoast.com\/product\/yoast-seo-wordpress\/ -->\n<title>GlareOne Hightower Glide - statyw kolumnowy<\/title>\n<meta name=\"description\" content=\"GlareOne Hightower Glide - statyw kolumnowy\" \/>\n<meta name=\"robots\" content=\"index, follow, max-snippet:-1, max-image-preview:large, max-video-preview:-1\" \/>\n<link rel=\"canonical\" href=\"https:\/\/glareone.eu\/cs\/produkt\/glareone-hightower\/\" \/>\n<meta property=\"og:locale\" content=\"cs_CZ\" \/>\n<meta property=\"og:type\" content=\"article\" \/>\n<meta property=\"og:title\" content=\"GlareOne Hightower Glide - statyw kolumnowy\" \/>\n<meta property=\"og:description\" content=\"GlareOne Hightower Glide - statyw kolumnowy\" \/>\n<meta property=\"og:url\" content=\"https:\/\/glareone.eu\/cs\/produkt\/glareone-hightower\/\" \/>\n<meta property=\"og:site_name\" content=\"GlareOne\" \/>\n<meta property=\"article:publisher\" content=\"https:\/\/www.facebook.com\/GlareOneLighting\" \/>\n<meta property=\"article:modified_time\" content=\"2025-08-11T10:17:53+00:00\" \/>\n<meta property=\"og:image\" content=\"https:\/\/glareone.eu\/wp-content\/uploads\/2024\/04\/GlareOne-Hightower-Glide-12.jpg\" \/>\n\t<meta property=\"og:image:width\" content=\"1200\" \/>\n\t<meta property=\"og:image:height\" content=\"1200\" \/>\n\t<meta property=\"og:image:type\" content=\"image\/jpeg\" \/>\n<meta name=\"twitter:card\" content=\"summary_large_image\" \/>\n<meta name=\"twitter:title\" content=\"GlareOne Hightower Glide - statyw kolumnowy\" \/>\n<meta name=\"twitter:label1\" content=\"Odhadovan\u00e1 doba \u010dten\u00ed\" \/>\n\t<meta name=\"twitter:data1\" content=\"2 minuty\" \/>\n<script type=\"application\/ld+json\" class=\"yoast-schema-graph\">{\"@context\":\"https:\/\/schema.org\",\"@graph\":[{\"@type\":\"WebPage\",\"@id\":\"https:\/\/glareone.eu\/cs\/produkt\/glareone-hightower\/\",\"url\":\"https:\/\/glareone.eu\/cs\/produkt\/glareone-hightower\/\",\"name\":\"GlareOne Hightower Glide - statyw kolumnowy\",\"isPartOf\":{\"@id\":\"https:\/\/glareone.eu\/cs\/en\/#website\"},\"primaryImageOfPage\":{\"@id\":\"https:\/\/glareone.eu\/cs\/produkt\/glareone-hightower\/#primaryimage\"},\"image\":{\"@id\":\"https:\/\/glareone.eu\/cs\/produkt\/glareone-hightower\/#primaryimage\"},\"thumbnailUrl\":\"https:\/\/glareone.eu\/wp-content\/uploads\/2024\/04\/GlareOne-Hightower-Glide-12.jpg\",\"datePublished\":\"2024-04-18T19:26:24+00:00\",\"dateModified\":\"2025-08-11T10:17:53+00:00\",\"description\":\"GlareOne Hightower Glide - statyw kolumnowy\",\"breadcrumb\":{\"@id\":\"https:\/\/glareone.eu\/cs\/produkt\/glareone-hightower\/#breadcrumb\"},\"inLanguage\":\"cs\",\"potentialAction\":[{\"@type\":\"ReadAction\",\"target\":[\"https:\/\/glareone.eu\/cs\/produkt\/glareone-hightower\/\"]}]},{\"@type\":\"ImageObject\",\"inLanguage\":\"cs\",\"@id\":\"https:\/\/glareone.eu\/cs\/produkt\/glareone-hightower\/#primaryimage\",\"url\":\"https:\/\/glareone.eu\/wp-content\/uploads\/2024\/04\/GlareOne-Hightower-Glide-12.jpg\",\"contentUrl\":\"https:\/\/glareone.eu\/wp-content\/uploads\/2024\/04\/GlareOne-Hightower-Glide-12.jpg\",\"width\":1200,\"height\":1200},{\"@type\":\"BreadcrumbList\",\"@id\":\"https:\/\/glareone.eu\/cs\/produkt\/glareone-hightower\/#breadcrumb\",\"itemListElement\":[{\"@type\":\"ListItem\",\"position\":1,\"name\":\"Strona g\u0142\u00f3wna\",\"item\":\"https:\/\/glareone.eu\/cs\/\"},{\"@type\":\"ListItem\",\"position\":2,\"name\":\"V\u0161echny produkty\",\"item\":\"https:\/\/glareone.eu\/cs\/produkty\/vsechny-produkty\/\"},{\"@type\":\"ListItem\",\"position\":3,\"name\":\"GlareOne Hightower Glide \u2013 ocelov\u00fd sloupov\u00fd stojan\"}]},{\"@type\":\"WebSite\",\"@id\":\"https:\/\/glareone.eu\/cs\/en\/#website\",\"url\":\"https:\/\/glareone.eu\/cs\/en\/\",\"name\":\"GlareOne\",\"description\":\"Wyposa\u017cenie Studia\",\"publisher\":{\"@id\":\"https:\/\/glareone.eu\/cs\/en\/#organization\"},\"potentialAction\":[{\"@type\":\"SearchAction\",\"target\":{\"@type\":\"EntryPoint\",\"urlTemplate\":\"https:\/\/glareone.eu\/cs\/en\/?s={search_term_string}\"},\"query-input\":{\"@type\":\"PropertyValueSpecification\",\"valueRequired\":true,\"valueName\":\"search_term_string\"}}],\"inLanguage\":\"cs\"},{\"@type\":\"Organization\",\"@id\":\"https:\/\/glareone.eu\/cs\/en\/#organization\",\"name\":\"GlareOne\",\"url\":\"https:\/\/glareone.eu\/cs\/en\/\",\"logo\":{\"@type\":\"ImageObject\",\"inLanguage\":\"cs\",\"@id\":\"https:\/\/glareone.eu\/cs\/en\/#\/schema\/logo\/image\/\",\"url\":\"http:\/\/glareone.eu\/wp-content\/uploads\/2024\/05\/glareone_logo2020_RGB-01-e1715773127189.png\",\"contentUrl\":\"http:\/\/glareone.eu\/wp-content\/uploads\/2024\/05\/glareone_logo2020_RGB-01-e1715773127189.png\",\"width\":1270,\"height\":321,\"caption\":\"GlareOne\"},\"image\":{\"@id\":\"https:\/\/glareone.eu\/cs\/en\/#\/schema\/logo\/image\/\"},\"sameAs\":[\"https:\/\/www.facebook.com\/GlareOneLighting\",\"https:\/\/www.instagram.com\/glareonelighting\/\",\"https:\/\/www.youtube.com\/@GlareOneTV\"]}]}<\/script>\n<!-- \/ Yoast SEO plugin. -->","yoast_head_json":{"title":"GlareOne Hightower Glide - statyw kolumnowy","description":"GlareOne Hightower Glide - statyw kolumnowy","robots":{"index":"index","follow":"follow","max-snippet":"max-snippet:-1","max-image-preview":"max-image-preview:large","max-video-preview":"max-video-preview:-1"},"canonical":"https:\/\/glareone.eu\/cs\/produkt\/glareone-hightower\/","og_locale":"cs_CZ","og_type":"article","og_title":"GlareOne Hightower Glide - statyw kolumnowy","og_description":"GlareOne Hightower Glide - statyw kolumnowy","og_url":"https:\/\/glareone.eu\/cs\/produkt\/glareone-hightower\/","og_site_name":"GlareOne","article_publisher":"https:\/\/www.facebook.com\/GlareOneLighting","article_modified_time":"2025-08-11T10:17:53+00:00","og_image":[{"width":1200,"height":1200,"url":"https:\/\/glareone.eu\/wp-content\/uploads\/2024\/04\/GlareOne-Hightower-Glide-12.jpg","type":"image\/jpeg"}],"twitter_card":"summary_large_image","twitter_title":"GlareOne Hightower Glide - statyw kolumnowy","twitter_misc":{"Odhadovan\u00e1 doba \u010dten\u00ed":"2 minuty"},"schema":{"@context":"https:\/\/schema.org","@graph":[{"@type":"WebPage","@id":"https:\/\/glareone.eu\/cs\/produkt\/glareone-hightower\/","url":"https:\/\/glareone.eu\/cs\/produkt\/glareone-hightower\/","name":"GlareOne Hightower Glide - statyw kolumnowy","isPartOf":{"@id":"https:\/\/glareone.eu\/cs\/en\/#website"},"primaryImageOfPage":{"@id":"https:\/\/glareone.eu\/cs\/produkt\/glareone-hightower\/#primaryimage"},"image":{"@id":"https:\/\/glareone.eu\/cs\/produkt\/glareone-hightower\/#primaryimage"},"thumbnailUrl":"https:\/\/glareone.eu\/wp-content\/uploads\/2024\/04\/GlareOne-Hightower-Glide-12.jpg","datePublished":"2024-04-18T19:26:24+00:00","dateModified":"2025-08-11T10:17:53+00:00","description":"GlareOne Hightower Glide - statyw kolumnowy","breadcrumb":{"@id":"https:\/\/glareone.eu\/cs\/produkt\/glareone-hightower\/#breadcrumb"},"inLanguage":"cs","potentialAction":[{"@type":"ReadAction","target":["https:\/\/glareone.eu\/cs\/produkt\/glareone-hightower\/"]}]},{"@type":"ImageObject","inLanguage":"cs","@id":"https:\/\/glareone.eu\/cs\/produkt\/glareone-hightower\/#primaryimage","url":"https:\/\/glareone.eu\/wp-content\/uploads\/2024\/04\/GlareOne-Hightower-Glide-12.jpg","contentUrl":"https:\/\/glareone.eu\/wp-content\/uploads\/2024\/04\/GlareOne-Hightower-Glide-12.jpg","width":1200,"height":1200},{"@type":"BreadcrumbList","@id":"https:\/\/glareone.eu\/cs\/produkt\/glareone-hightower\/#breadcrumb","itemListElement":[{"@type":"ListItem","position":1,"name":"Strona g\u0142\u00f3wna","item":"https:\/\/glareone.eu\/cs\/"},{"@type":"ListItem","position":2,"name":"V\u0161echny produkty","item":"https:\/\/glareone.eu\/cs\/produkty\/vsechny-produkty\/"},{"@type":"ListItem","position":3,"name":"GlareOne Hightower Glide \u2013 ocelov\u00fd sloupov\u00fd stojan"}]},{"@type":"WebSite","@id":"https:\/\/glareone.eu\/cs\/en\/#website","url":"https:\/\/glareone.eu\/cs\/en\/","name":"GlareOne","description":"Wyposa\u017cenie Studia","publisher":{"@id":"https:\/\/glareone.eu\/cs\/en\/#organization"},"potentialAction":[{"@type":"SearchAction","target":{"@type":"EntryPoint","urlTemplate":"https:\/\/glareone.eu\/cs\/en\/?s={search_term_string}"},"query-input":{"@type":"PropertyValueSpecification","valueRequired":true,"valueName":"search_term_string"}}],"inLanguage":"cs"},{"@type":"Organization","@id":"https:\/\/glareone.eu\/cs\/en\/#organization","name":"GlareOne","url":"https:\/\/glareone.eu\/cs\/en\/","logo":{"@type":"ImageObject","inLanguage":"cs","@id":"https:\/\/glareone.eu\/cs\/en\/#\/schema\/logo\/image\/","url":"http:\/\/glareone.eu\/wp-content\/uploads\/2024\/05\/glareone_logo2020_RGB-01-e1715773127189.png","contentUrl":"http:\/\/glareone.eu\/wp-content\/uploads\/2024\/05\/glareone_logo2020_RGB-01-e1715773127189.png","width":1270,"height":321,"caption":"GlareOne"},"image":{"@id":"https:\/\/glareone.eu\/cs\/en\/#\/schema\/logo\/image\/"},"sameAs":["https:\/\/www.facebook.com\/GlareOneLighting","https:\/\/www.instagram.com\/glareonelighting\/","https:\/\/www.youtube.com\/@GlareOneTV"]}]}},"_links":{"self":[{"href":"https:\/\/glareone.eu\/cs\/wp-json\/wp\/v2\/product\/18614","targetHints":{"allow":["GET"]}}],"collection":[{"href":"https:\/\/glareone.eu\/cs\/wp-json\/wp\/v2\/product"}],"about":[{"href":"https:\/\/glareone.eu\/cs\/wp-json\/wp\/v2\/types\/product"}],"wp:featuredmedia":[{"embeddable":true,"href":"https:\/\/glareone.eu\/cs\/wp-json\/wp\/v2\/media\/18616"}],"wp:attachment":[{"href":"https:\/\/glareone.eu\/cs\/wp-json\/wp\/v2\/media?parent=18614"}],"wp:term":[{"taxonomy":"product_brand","embeddable":true,"href":"https:\/\/glareone.eu\/cs\/wp-json\/wp\/v2\/product_brand?post=18614"},{"taxonomy":"product_cat","embeddable":true,"href":"https:\/\/glareone.eu\/cs\/wp-json\/wp\/v2\/product_cat?post=18614"},{"taxonomy":"product_tag","embeddable":true,"href":"https:\/\/glareone.eu\/cs\/wp-json\/wp\/v2\/product_tag?post=18614"}],"curies":[{"name":"wp","href":"https:\/\/api.w.org\/{rel}","templated":true}]}}