{"id":18594,"date":"2024-04-18T19:26:20","date_gmt":"2024-04-18T19:26:20","guid":{"rendered":"https:\/\/glareone.eu\/product\/glareone-alki-200\/"},"modified":"2025-08-11T10:11:51","modified_gmt":"2025-08-11T10:11:51","slug":"glareone-alki-200","status":"publish","type":"product","link":"https:\/\/glareone.eu\/cs\/produkt\/glareone-alki-200\/","title":{"rendered":"GlareOne Alki 200"},"content":{"rendered":"<p>Alki 200 je ide\u00e1ln\u00ed volbou, pokud je d\u016fle\u017eit\u00e1 n\u00edzk\u00e1 hmotnost, kompaktn\u00ed rozm\u011bry a maxim\u00e1ln\u00ed pou\u017eitelnost. Tento stativ je d\u00edky mechanismu skl\u00e1d\u00e1n\u00ed nohou do sebe extr\u00e9mn\u011b kompaktn\u00ed (m\u011b\u0159\u00ed pouze 51 cm). Z\u00e1rove\u0148 jej lze d\u00edky \u010dty\u0159d\u00edln\u00e9 konstrukci st\u0159edov\u00e9ho sloupku vysunout do v\u00fd\u0161ky a\u017e 200 cm.<\/p>\n<p>Stativ je t\u00e9m\u011b\u0159 cel\u00fd vyroben z kovu. Nohy jsou vyrobeny z oceli, aby byla zaji\u0161t\u011bna co nejvy\u0161\u0161\u00ed stabilita a odolnost, zat\u00edmco prvky st\u0159edov\u00e9ho sloupu a spojky nohou jsou vyrobeny z hlin\u00edku, aby byla zachov\u00e1na n\u00edzk\u00e1 hmotnost. Maxim\u00e1ln\u00ed zat\u00ed\u017een\u00ed, kter\u00e9 Alki 200 unese, je 1,5 kg, tak\u017ee je vhodn\u00fd jako z\u00e1kladna pro jak\u00fdkoli report\u00e1\u017en\u00ed blesk nebo mal\u00fd studiov\u00fd blesk nap\u00e1jen\u00fd z bateri\u00ed.<\/p>\n<p>Krom\u011b toho se Alki 200 perfektn\u011b hod\u00ed ke v\u0161em LED panel\u016fm GlareOne, ale lze jej pou\u017e\u00edt i s jak\u00fdmikoli jin\u00fdmi mal\u00fdmi LED sv\u011btly od jin\u00fdch v\u00fdrobc\u016f.<\/p>\n<p>D\u00edky tomu je Alki 200 extr\u00e9mn\u011b univerz\u00e1ln\u00edm stativem, kter\u00fd se hod\u00ed ka\u017ed\u00e9mu fotografovi, kameramanovi nebo vloggerovi. Alki 200 lze pou\u017e\u00edt jako stativ jak venku, tak ve studiu. Je obzvl\u00e1\u0161t\u011b u\u017eite\u010dn\u00fd v mal\u00e9m dom\u00e1c\u00edm studiu, kde z\u00e1le\u017e\u00ed na ka\u017ed\u00e9m centimetru. Pokud pot\u0159ebujete nastavit osv\u011btlen\u00ed pro videokonferenci nebo um\u00edstit lampu n\u00edzko nad zem, aby osv\u011btlovala pozad\u00ed, Alki 200 je pro tento \u00fa\u010del ide\u00e1ln\u00ed. Ale to nen\u00ed v\u0161e, proto\u017ee st\u0159edov\u00fd sloupek lze odd\u011blit od nohou a p\u0159em\u011bnit na prodlu\u017eovac\u00ed rameno, pomoc\u00ed kter\u00e9ho m\u016f\u017eeme my nebo n\u00e1\u0161 asistent um\u00edstit lampu vysoko nad hlavu.<\/p>\n<h3>Vlastnosti produktu:<\/h3>\n<ul>\n<li>Robustn\u00ed, univerz\u00e1ln\u00ed a kompaktn\u00ed stativ na lampu<\/li>\n<li>Ide\u00e1ln\u00ed pro fotografy, filma\u0159e a vlogery ve studiu i mimo n\u011bj<\/li>\n<li>Vybaven mechanismem pro sklopen\u00ed nohou pro v\u00fdjime\u010dnou mobilitu<\/li>\n<li>Dosahuje v\u00fd\u0161ky 200 cm, p\u0159i slo\u017een\u00ed z\u016fst\u00e1v\u00e1 d\u00e9lka 51 cm<\/li>\n<li>Maxim\u00e1ln\u00ed nosnost 1,5 kg je ide\u00e1ln\u00ed pro mal\u00e9 LED panely a report\u00e1\u017en\u00ed blesky<\/li>\n<li>V\u00e1\u017e\u00ed m\u00e9n\u011b ne\u017e 1 kg<\/li>\n<li>Rychl\u00e9 rozlo\u017een\u00ed a slo\u017een\u00ed d\u00edky svork\u00e1m na st\u0159edn\u00edm sloupu<\/li>\n<li>Vybaven odn\u00edmateln\u00fdmi nohami, kter\u00e9 jej lze p\u0159em\u011bnit na prodlu\u017eovac\u00ed rameno<\/li>\n<li>Vybaven \u00bc&#8220; \u0161roubem pro upevn\u011bn\u00ed r\u016fzn\u00fdch p\u0159\u00edslu\u0161enstv\u00ed, jako jsou blesky a mikrofony<\/li>\n<li>St\u0159edov\u00fd sloup a nohy jsou vyrobeny z kovu<\/li>\n<\/ul>\n","protected":false},"excerpt":{"rendered":"<p>Alki 200 je ide\u00e1ln\u00ed volbou, pokud je d\u016fle\u017eit\u00e1 n\u00edzk\u00e1 hmotnost, kompaktn\u00ed rozm\u011bry a maxim\u00e1ln\u00ed pou\u017eitelnost. Tento stativ je d\u00edky mechanismu skl\u00e1d\u00e1n\u00ed nohou do sebe extr\u00e9mn\u011b kompaktn\u00ed (m\u011b\u0159\u00ed pouze 51 cm). Z\u00e1rove\u0148 jej lze d\u00edky \u010dty\u0159d\u00edln\u00e9 konstrukci st\u0159edov\u00e9ho sloupku vysunout do v\u00fd\u0161ky a\u017e 200 cm. Stativ je t\u00e9m\u011b\u0159 cel\u00fd vyroben z kovu. Nohy jsou vyrobeny z [&hellip;]<\/p>\n","protected":false},"featured_media":18596,"template":"","meta":[],"product_brand":[],"product_cat":[575],"product_tag":[],"class_list":{"0":"post-18594","1":"product","2":"type-product","3":"status-publish","4":"has-post-thumbnail","6":"product_cat-ostatni","8":"first","9":"instock","10":"product-type-simple"},"yoast_head":"<!-- This site is optimized with the Yoast SEO plugin v27.2 - https:\/\/yoast.com\/product\/yoast-seo-wordpress\/ -->\n<title>GlareOne Alki 200 - statyw o\u015bwietleniowy<\/title>\n<meta name=\"description\" content=\"GlareOne Alki 200 - statyw o\u015bwietleniowy\" \/>\n<meta name=\"robots\" content=\"index, follow, max-snippet:-1, max-image-preview:large, max-video-preview:-1\" \/>\n<link rel=\"canonical\" href=\"https:\/\/glareone.eu\/cs\/produkt\/glareone-alki-200\/\" \/>\n<meta property=\"og:locale\" content=\"cs_CZ\" \/>\n<meta property=\"og:type\" content=\"article\" \/>\n<meta property=\"og:title\" content=\"GlareOne Alki 200 - statyw o\u015bwietleniowy\" \/>\n<meta property=\"og:description\" content=\"GlareOne Alki 200 - statyw o\u015bwietleniowy\" \/>\n<meta property=\"og:url\" content=\"https:\/\/glareone.eu\/cs\/produkt\/glareone-alki-200\/\" \/>\n<meta property=\"og:site_name\" content=\"GlareOne\" \/>\n<meta property=\"article:publisher\" content=\"https:\/\/www.facebook.com\/GlareOneLighting\" \/>\n<meta property=\"article:modified_time\" content=\"2025-08-11T10:11:51+00:00\" \/>\n<meta property=\"og:image\" content=\"https:\/\/glareone.eu\/wp-content\/uploads\/2024\/04\/SLSF200-GlareOne-Alki-200-002-scaled.jpg\" \/>\n\t<meta property=\"og:image:width\" content=\"2560\" \/>\n\t<meta property=\"og:image:height\" content=\"2560\" \/>\n\t<meta property=\"og:image:type\" content=\"image\/jpeg\" \/>\n<meta name=\"twitter:card\" content=\"summary_large_image\" \/>\n<meta name=\"twitter:title\" content=\"GlareOne Alki 200 - statyw o\u015bwietleniowy\" \/>\n<meta name=\"twitter:label1\" content=\"Odhadovan\u00e1 doba \u010dten\u00ed\" \/>\n\t<meta name=\"twitter:data1\" content=\"2 minuty\" \/>\n<script type=\"application\/ld+json\" class=\"yoast-schema-graph\">{\"@context\":\"https:\/\/schema.org\",\"@graph\":[{\"@type\":\"WebPage\",\"@id\":\"https:\/\/glareone.eu\/cs\/produkt\/glareone-alki-200\/\",\"url\":\"https:\/\/glareone.eu\/cs\/produkt\/glareone-alki-200\/\",\"name\":\"GlareOne Alki 200 - statyw o\u015bwietleniowy\",\"isPartOf\":{\"@id\":\"https:\/\/glareone.eu\/cs\/en\/#website\"},\"primaryImageOfPage\":{\"@id\":\"https:\/\/glareone.eu\/cs\/produkt\/glareone-alki-200\/#primaryimage\"},\"image\":{\"@id\":\"https:\/\/glareone.eu\/cs\/produkt\/glareone-alki-200\/#primaryimage\"},\"thumbnailUrl\":\"https:\/\/glareone.eu\/wp-content\/uploads\/2024\/04\/SLSF200-GlareOne-Alki-200-002-scaled.jpg\",\"datePublished\":\"2024-04-18T19:26:20+00:00\",\"dateModified\":\"2025-08-11T10:11:51+00:00\",\"description\":\"GlareOne Alki 200 - statyw o\u015bwietleniowy\",\"breadcrumb\":{\"@id\":\"https:\/\/glareone.eu\/cs\/produkt\/glareone-alki-200\/#breadcrumb\"},\"inLanguage\":\"cs\",\"potentialAction\":[{\"@type\":\"ReadAction\",\"target\":[\"https:\/\/glareone.eu\/cs\/produkt\/glareone-alki-200\/\"]}]},{\"@type\":\"ImageObject\",\"inLanguage\":\"cs\",\"@id\":\"https:\/\/glareone.eu\/cs\/produkt\/glareone-alki-200\/#primaryimage\",\"url\":\"https:\/\/glareone.eu\/wp-content\/uploads\/2024\/04\/SLSF200-GlareOne-Alki-200-002-scaled.jpg\",\"contentUrl\":\"https:\/\/glareone.eu\/wp-content\/uploads\/2024\/04\/SLSF200-GlareOne-Alki-200-002-scaled.jpg\",\"width\":2560,\"height\":2560},{\"@type\":\"BreadcrumbList\",\"@id\":\"https:\/\/glareone.eu\/cs\/produkt\/glareone-alki-200\/#breadcrumb\",\"itemListElement\":[{\"@type\":\"ListItem\",\"position\":1,\"name\":\"Strona g\u0142\u00f3wna\",\"item\":\"https:\/\/glareone.eu\/cs\/\"},{\"@type\":\"ListItem\",\"position\":2,\"name\":\"V\u0161echny produkty\",\"item\":\"https:\/\/glareone.eu\/cs\/produkty\/vsechny-produkty\/\"},{\"@type\":\"ListItem\",\"position\":3,\"name\":\"GlareOne Alki 200\"}]},{\"@type\":\"WebSite\",\"@id\":\"https:\/\/glareone.eu\/cs\/en\/#website\",\"url\":\"https:\/\/glareone.eu\/cs\/en\/\",\"name\":\"GlareOne\",\"description\":\"Wyposa\u017cenie Studia\",\"publisher\":{\"@id\":\"https:\/\/glareone.eu\/cs\/en\/#organization\"},\"potentialAction\":[{\"@type\":\"SearchAction\",\"target\":{\"@type\":\"EntryPoint\",\"urlTemplate\":\"https:\/\/glareone.eu\/cs\/en\/?s={search_term_string}\"},\"query-input\":{\"@type\":\"PropertyValueSpecification\",\"valueRequired\":true,\"valueName\":\"search_term_string\"}}],\"inLanguage\":\"cs\"},{\"@type\":\"Organization\",\"@id\":\"https:\/\/glareone.eu\/cs\/en\/#organization\",\"name\":\"GlareOne\",\"url\":\"https:\/\/glareone.eu\/cs\/en\/\",\"logo\":{\"@type\":\"ImageObject\",\"inLanguage\":\"cs\",\"@id\":\"https:\/\/glareone.eu\/cs\/en\/#\/schema\/logo\/image\/\",\"url\":\"http:\/\/glareone.eu\/wp-content\/uploads\/2024\/05\/glareone_logo2020_RGB-01-e1715773127189.png\",\"contentUrl\":\"http:\/\/glareone.eu\/wp-content\/uploads\/2024\/05\/glareone_logo2020_RGB-01-e1715773127189.png\",\"width\":1270,\"height\":321,\"caption\":\"GlareOne\"},\"image\":{\"@id\":\"https:\/\/glareone.eu\/cs\/en\/#\/schema\/logo\/image\/\"},\"sameAs\":[\"https:\/\/www.facebook.com\/GlareOneLighting\",\"https:\/\/www.instagram.com\/glareonelighting\/\",\"https:\/\/www.youtube.com\/@GlareOneTV\"]}]}<\/script>\n<!-- \/ Yoast SEO plugin. -->","yoast_head_json":{"title":"GlareOne Alki 200 - statyw o\u015bwietleniowy","description":"GlareOne Alki 200 - statyw o\u015bwietleniowy","robots":{"index":"index","follow":"follow","max-snippet":"max-snippet:-1","max-image-preview":"max-image-preview:large","max-video-preview":"max-video-preview:-1"},"canonical":"https:\/\/glareone.eu\/cs\/produkt\/glareone-alki-200\/","og_locale":"cs_CZ","og_type":"article","og_title":"GlareOne Alki 200 - statyw o\u015bwietleniowy","og_description":"GlareOne Alki 200 - statyw o\u015bwietleniowy","og_url":"https:\/\/glareone.eu\/cs\/produkt\/glareone-alki-200\/","og_site_name":"GlareOne","article_publisher":"https:\/\/www.facebook.com\/GlareOneLighting","article_modified_time":"2025-08-11T10:11:51+00:00","og_image":[{"width":2560,"height":2560,"url":"https:\/\/glareone.eu\/wp-content\/uploads\/2024\/04\/SLSF200-GlareOne-Alki-200-002-scaled.jpg","type":"image\/jpeg"}],"twitter_card":"summary_large_image","twitter_title":"GlareOne Alki 200 - statyw o\u015bwietleniowy","twitter_misc":{"Odhadovan\u00e1 doba \u010dten\u00ed":"2 minuty"},"schema":{"@context":"https:\/\/schema.org","@graph":[{"@type":"WebPage","@id":"https:\/\/glareone.eu\/cs\/produkt\/glareone-alki-200\/","url":"https:\/\/glareone.eu\/cs\/produkt\/glareone-alki-200\/","name":"GlareOne Alki 200 - statyw o\u015bwietleniowy","isPartOf":{"@id":"https:\/\/glareone.eu\/cs\/en\/#website"},"primaryImageOfPage":{"@id":"https:\/\/glareone.eu\/cs\/produkt\/glareone-alki-200\/#primaryimage"},"image":{"@id":"https:\/\/glareone.eu\/cs\/produkt\/glareone-alki-200\/#primaryimage"},"thumbnailUrl":"https:\/\/glareone.eu\/wp-content\/uploads\/2024\/04\/SLSF200-GlareOne-Alki-200-002-scaled.jpg","datePublished":"2024-04-18T19:26:20+00:00","dateModified":"2025-08-11T10:11:51+00:00","description":"GlareOne Alki 200 - statyw o\u015bwietleniowy","breadcrumb":{"@id":"https:\/\/glareone.eu\/cs\/produkt\/glareone-alki-200\/#breadcrumb"},"inLanguage":"cs","potentialAction":[{"@type":"ReadAction","target":["https:\/\/glareone.eu\/cs\/produkt\/glareone-alki-200\/"]}]},{"@type":"ImageObject","inLanguage":"cs","@id":"https:\/\/glareone.eu\/cs\/produkt\/glareone-alki-200\/#primaryimage","url":"https:\/\/glareone.eu\/wp-content\/uploads\/2024\/04\/SLSF200-GlareOne-Alki-200-002-scaled.jpg","contentUrl":"https:\/\/glareone.eu\/wp-content\/uploads\/2024\/04\/SLSF200-GlareOne-Alki-200-002-scaled.jpg","width":2560,"height":2560},{"@type":"BreadcrumbList","@id":"https:\/\/glareone.eu\/cs\/produkt\/glareone-alki-200\/#breadcrumb","itemListElement":[{"@type":"ListItem","position":1,"name":"Strona g\u0142\u00f3wna","item":"https:\/\/glareone.eu\/cs\/"},{"@type":"ListItem","position":2,"name":"V\u0161echny produkty","item":"https:\/\/glareone.eu\/cs\/produkty\/vsechny-produkty\/"},{"@type":"ListItem","position":3,"name":"GlareOne Alki 200"}]},{"@type":"WebSite","@id":"https:\/\/glareone.eu\/cs\/en\/#website","url":"https:\/\/glareone.eu\/cs\/en\/","name":"GlareOne","description":"Wyposa\u017cenie Studia","publisher":{"@id":"https:\/\/glareone.eu\/cs\/en\/#organization"},"potentialAction":[{"@type":"SearchAction","target":{"@type":"EntryPoint","urlTemplate":"https:\/\/glareone.eu\/cs\/en\/?s={search_term_string}"},"query-input":{"@type":"PropertyValueSpecification","valueRequired":true,"valueName":"search_term_string"}}],"inLanguage":"cs"},{"@type":"Organization","@id":"https:\/\/glareone.eu\/cs\/en\/#organization","name":"GlareOne","url":"https:\/\/glareone.eu\/cs\/en\/","logo":{"@type":"ImageObject","inLanguage":"cs","@id":"https:\/\/glareone.eu\/cs\/en\/#\/schema\/logo\/image\/","url":"http:\/\/glareone.eu\/wp-content\/uploads\/2024\/05\/glareone_logo2020_RGB-01-e1715773127189.png","contentUrl":"http:\/\/glareone.eu\/wp-content\/uploads\/2024\/05\/glareone_logo2020_RGB-01-e1715773127189.png","width":1270,"height":321,"caption":"GlareOne"},"image":{"@id":"https:\/\/glareone.eu\/cs\/en\/#\/schema\/logo\/image\/"},"sameAs":["https:\/\/www.facebook.com\/GlareOneLighting","https:\/\/www.instagram.com\/glareonelighting\/","https:\/\/www.youtube.com\/@GlareOneTV"]}]}},"_links":{"self":[{"href":"https:\/\/glareone.eu\/cs\/wp-json\/wp\/v2\/product\/18594","targetHints":{"allow":["GET"]}}],"collection":[{"href":"https:\/\/glareone.eu\/cs\/wp-json\/wp\/v2\/product"}],"about":[{"href":"https:\/\/glareone.eu\/cs\/wp-json\/wp\/v2\/types\/product"}],"wp:featuredmedia":[{"embeddable":true,"href":"https:\/\/glareone.eu\/cs\/wp-json\/wp\/v2\/media\/18596"}],"wp:attachment":[{"href":"https:\/\/glareone.eu\/cs\/wp-json\/wp\/v2\/media?parent=18594"}],"wp:term":[{"taxonomy":"product_brand","embeddable":true,"href":"https:\/\/glareone.eu\/cs\/wp-json\/wp\/v2\/product_brand?post=18594"},{"taxonomy":"product_cat","embeddable":true,"href":"https:\/\/glareone.eu\/cs\/wp-json\/wp\/v2\/product_cat?post=18594"},{"taxonomy":"product_tag","embeddable":true,"href":"https:\/\/glareone.eu\/cs\/wp-json\/wp\/v2\/product_tag?post=18594"}],"curies":[{"name":"wp","href":"https:\/\/api.w.org\/{rel}","templated":true}]}}