{"id":18540,"date":"2024-04-18T19:26:20","date_gmt":"2024-04-18T19:26:20","guid":{"rendered":"https:\/\/glareone.eu\/product\/glareone-ledav\/"},"modified":"2025-06-02T13:52:37","modified_gmt":"2025-06-02T13:52:37","slug":"glareone-ledav","status":"publish","type":"product","link":"https:\/\/glareone.eu\/cs\/produkt\/glareone-ledav\/","title":{"rendered":"GlareOne LEDAV &#8211; V-mount battery power adapter"},"content":{"rendered":"<p>GlareOne LEDAV je adapt\u00e9r baterie s V-mountem ur\u010den\u00fd pro LED sv\u00edtidla GlareOne, kter\u00fd umo\u017e\u0148uje pou\u017eit\u00ed sv\u011btla na m\u00edst\u011b, daleko od elektrick\u00e9 s\u00edt\u011b.<\/p>\n<h3>Flexibilita<\/h3>\n<p>D\u00edky adapt\u00e9ru LEDAV lze LED hlavu GlareOne pou\u017e\u00edvat nejen v profesion\u00e1ln\u00edm foto\/video studiu, ale tak\u00e9 mimo elektrickou s\u00ed\u0165 \u2013 dokonce i venku.<br \/>\nTo v\u00e1m poskytuje velkou svobodu a flexibilitu p\u0159i pr\u00e1ci na place a p\u0159i tvarov\u00e1n\u00ed osv\u011btlen\u00ed, kter\u00e9ho chcete dos\u00e1hnout t\u00e9m\u011b\u0159 na jak\u00e9mkoli m\u00edst\u011b.<\/p>\n<h3>Nap\u00e1jen\u00ed<\/h3>\n<p>V z\u00e1vislosti na typu LED a jej\u00ed maxim\u00e1ln\u00ed spot\u0159eb\u011b energie byste m\u011bli m\u00edt jednu nebo dv\u011b kvalitn\u00ed dob\u00edjec\u00ed baterie s V-mountem. Nap\u0159\u00edklad pokud m\u00e1te 200Wh V-mount, bude to sta\u010dit k nap\u00e1jen\u00ed GlareOne LED 160 BiColor D nastaven\u00e9ho na pln\u00fd v\u00fdkon po dobu p\u0159ibli\u017en\u011b 1 hodiny. P\u0159i pou\u017eit\u00ed dvou takov\u00fdch bateri\u00ed m\u016f\u017eete pracovat nep\u0159etr\u017eit\u011b a\u017e 2 hodiny. Pro dosa\u017een\u00ed nejlep\u0161\u00edch v\u00fdsledk\u016f a dlouh\u00e9 pracovn\u00ed doby se doporu\u010duje pou\u017e\u00edt dv\u011b vysoce kvalitn\u00ed baterie V-mount s kapacitou nejm\u00e9n\u011b 200 Wh. Pou\u017eit\u00ed bateri\u00ed s kapacitou ni\u017e\u0161\u00ed ne\u017e 200 Wh m\u016f\u017ee sn\u00ed\u017eit maxim\u00e1ln\u00ed v\u00fdkon LED hlavy na p\u0159ibli\u017en\u011b 60 % nebo zp\u016fsobit, \u017ee nebude fungovat v\u016fbec.<\/p>\n<h3>Sada<\/h3>\n<p>GlareOne LEDAV je dod\u00e1v\u00e1n se svorkou pro p\u0159ipevn\u011bn\u00ed p\u0159\u00edmo ke stojanu, na kter\u00e9m je um\u00edst\u011bna hlava. Krom\u011b toho je k dispozici tak\u00e9 2,5 m kabel pro p\u0159ipojen\u00ed adapt\u00e9ru k LED GlareOne. D\u00e9lka je dostate\u010dn\u00e1 pro um\u00edst\u011bn\u00ed adapt\u00e9ru n\u00edzko nad zem\u00ed pro v\u011bt\u0161\u00ed bezpe\u010dnost (ni\u017e\u0161\u00ed t\u011b\u017ei\u0161t\u011b) a snadn\u00fd p\u0159\u00edstup k baterii.<\/p>\n<h3>Vlastnosti adapt\u00e9ru GlareOne LEDAV:<\/h3>\n<ul>\n<li>Speci\u00e1ln\u011b navr\u017een pro LED hlavy GlareOne, jako jsou 160 BiColor D, LED 220 BiColor D a LED 300 BiColor D<\/li>\n<li>Kompatibiln\u00ed se v\u0161emi bateriemi s V-mount<\/li>\n<li>Vestav\u011bn\u00e9 2 sloty pro desky<\/li>\n<li>Vybaven indik\u00e1torem kapacity baterie<\/li>\n<li>Dod\u00e1v\u00e1 se s 2,5 m nap\u00e1jec\u00edm kabelem a svorkou na stojan<\/li>\n<\/ul>\n","protected":false},"excerpt":{"rendered":"<p>GlareOne LEDAV je adapt\u00e9r baterie s V-mountem ur\u010den\u00fd pro LED sv\u00edtidla GlareOne, kter\u00fd umo\u017e\u0148uje pou\u017eit\u00ed sv\u011btla na m\u00edst\u011b, daleko od elektrick\u00e9 s\u00edt\u011b. Flexibilita D\u00edky adapt\u00e9ru LEDAV lze LED hlavu GlareOne pou\u017e\u00edvat nejen v profesion\u00e1ln\u00edm foto\/video studiu, ale tak\u00e9 mimo elektrickou s\u00ed\u0165 \u2013 dokonce i venku. To v\u00e1m poskytuje velkou svobodu a flexibilitu p\u0159i pr\u00e1ci na [&hellip;]<\/p>\n","protected":false},"featured_media":18541,"template":"","meta":[],"product_brand":[],"product_cat":[547],"product_tag":[],"class_list":{"0":"post-18540","1":"product","2":"type-product","3":"status-publish","4":"has-post-thumbnail","6":"product_cat-led-lampy-s-upevnenim-bowens","8":"first","9":"instock","10":"product-type-simple"},"yoast_head":"<!-- This site is optimized with the Yoast SEO plugin v27.2 - https:\/\/yoast.com\/product\/yoast-seo-wordpress\/ -->\n<title>GlareOne LEDAV adapter zasilania z akumulator\u00f3w V-mount<\/title>\n<meta name=\"description\" content=\"GlareOne LEDAV adapter zasilania z akumulator\u00f3w V-mount\" \/>\n<meta name=\"robots\" content=\"index, follow, max-snippet:-1, max-image-preview:large, max-video-preview:-1\" \/>\n<link rel=\"canonical\" href=\"https:\/\/glareone.eu\/cs\/produkt\/glareone-ledav\/\" \/>\n<meta property=\"og:locale\" content=\"cs_CZ\" \/>\n<meta property=\"og:type\" content=\"article\" \/>\n<meta property=\"og:title\" content=\"GlareOne LEDAV adapter zasilania z akumulator\u00f3w V-mount\" \/>\n<meta property=\"og:description\" content=\"GlareOne LEDAV adapter zasilania z akumulator\u00f3w V-mount\" \/>\n<meta property=\"og:url\" content=\"https:\/\/glareone.eu\/cs\/produkt\/glareone-ledav\/\" \/>\n<meta property=\"og:site_name\" content=\"GlareOne\" \/>\n<meta property=\"article:publisher\" content=\"https:\/\/www.facebook.com\/GlareOneLighting\" \/>\n<meta property=\"article:modified_time\" content=\"2025-06-02T13:52:37+00:00\" \/>\n<meta property=\"og:image\" content=\"https:\/\/glareone.eu\/wp-content\/uploads\/2024\/04\/GlareOne_LEDAV_adapter_01_2k.jpg\" \/>\n\t<meta property=\"og:image:width\" content=\"2000\" \/>\n\t<meta property=\"og:image:height\" content=\"1333\" \/>\n\t<meta property=\"og:image:type\" content=\"image\/jpeg\" \/>\n<meta name=\"twitter:card\" content=\"summary_large_image\" \/>\n<meta name=\"twitter:title\" content=\"GlareOne LEDAV adapter zasilania z akumulator\u00f3w V-mount\" \/>\n<meta name=\"twitter:label1\" content=\"Odhadovan\u00e1 doba \u010dten\u00ed\" \/>\n\t<meta name=\"twitter:data1\" content=\"2 minuty\" \/>\n<script type=\"application\/ld+json\" class=\"yoast-schema-graph\">{\"@context\":\"https:\/\/schema.org\",\"@graph\":[{\"@type\":\"WebPage\",\"@id\":\"https:\/\/glareone.eu\/cs\/produkt\/glareone-ledav\/\",\"url\":\"https:\/\/glareone.eu\/cs\/produkt\/glareone-ledav\/\",\"name\":\"GlareOne LEDAV adapter zasilania z akumulator\u00f3w V-mount\",\"isPartOf\":{\"@id\":\"https:\/\/glareone.eu\/cs\/en\/#website\"},\"primaryImageOfPage\":{\"@id\":\"https:\/\/glareone.eu\/cs\/produkt\/glareone-ledav\/#primaryimage\"},\"image\":{\"@id\":\"https:\/\/glareone.eu\/cs\/produkt\/glareone-ledav\/#primaryimage\"},\"thumbnailUrl\":\"https:\/\/glareone.eu\/wp-content\/uploads\/2024\/04\/GlareOne_LEDAV_adapter_01_2k.jpg\",\"datePublished\":\"2024-04-18T19:26:20+00:00\",\"dateModified\":\"2025-06-02T13:52:37+00:00\",\"description\":\"GlareOne LEDAV adapter zasilania z akumulator\u00f3w V-mount\",\"breadcrumb\":{\"@id\":\"https:\/\/glareone.eu\/cs\/produkt\/glareone-ledav\/#breadcrumb\"},\"inLanguage\":\"cs\",\"potentialAction\":[{\"@type\":\"ReadAction\",\"target\":[\"https:\/\/glareone.eu\/cs\/produkt\/glareone-ledav\/\"]}]},{\"@type\":\"ImageObject\",\"inLanguage\":\"cs\",\"@id\":\"https:\/\/glareone.eu\/cs\/produkt\/glareone-ledav\/#primaryimage\",\"url\":\"https:\/\/glareone.eu\/wp-content\/uploads\/2024\/04\/GlareOne_LEDAV_adapter_01_2k.jpg\",\"contentUrl\":\"https:\/\/glareone.eu\/wp-content\/uploads\/2024\/04\/GlareOne_LEDAV_adapter_01_2k.jpg\",\"width\":2000,\"height\":1333},{\"@type\":\"BreadcrumbList\",\"@id\":\"https:\/\/glareone.eu\/cs\/produkt\/glareone-ledav\/#breadcrumb\",\"itemListElement\":[{\"@type\":\"ListItem\",\"position\":1,\"name\":\"Strona g\u0142\u00f3wna\",\"item\":\"https:\/\/glareone.eu\/cs\/\"},{\"@type\":\"ListItem\",\"position\":2,\"name\":\"V\u0161echny produkty\",\"item\":\"https:\/\/glareone.eu\/cs\/produkty\/vsechny-produkty\/\"},{\"@type\":\"ListItem\",\"position\":3,\"name\":\"GlareOne LEDAV &#8211; V-mount battery power adapter\"}]},{\"@type\":\"WebSite\",\"@id\":\"https:\/\/glareone.eu\/cs\/en\/#website\",\"url\":\"https:\/\/glareone.eu\/cs\/en\/\",\"name\":\"GlareOne\",\"description\":\"Wyposa\u017cenie Studia\",\"publisher\":{\"@id\":\"https:\/\/glareone.eu\/cs\/en\/#organization\"},\"potentialAction\":[{\"@type\":\"SearchAction\",\"target\":{\"@type\":\"EntryPoint\",\"urlTemplate\":\"https:\/\/glareone.eu\/cs\/en\/?s={search_term_string}\"},\"query-input\":{\"@type\":\"PropertyValueSpecification\",\"valueRequired\":true,\"valueName\":\"search_term_string\"}}],\"inLanguage\":\"cs\"},{\"@type\":\"Organization\",\"@id\":\"https:\/\/glareone.eu\/cs\/en\/#organization\",\"name\":\"GlareOne\",\"url\":\"https:\/\/glareone.eu\/cs\/en\/\",\"logo\":{\"@type\":\"ImageObject\",\"inLanguage\":\"cs\",\"@id\":\"https:\/\/glareone.eu\/cs\/en\/#\/schema\/logo\/image\/\",\"url\":\"http:\/\/glareone.eu\/wp-content\/uploads\/2024\/05\/glareone_logo2020_RGB-01-e1715773127189.png\",\"contentUrl\":\"http:\/\/glareone.eu\/wp-content\/uploads\/2024\/05\/glareone_logo2020_RGB-01-e1715773127189.png\",\"width\":1270,\"height\":321,\"caption\":\"GlareOne\"},\"image\":{\"@id\":\"https:\/\/glareone.eu\/cs\/en\/#\/schema\/logo\/image\/\"},\"sameAs\":[\"https:\/\/www.facebook.com\/GlareOneLighting\",\"https:\/\/www.instagram.com\/glareonelighting\/\",\"https:\/\/www.youtube.com\/@GlareOneTV\"]}]}<\/script>\n<!-- \/ Yoast SEO plugin. -->","yoast_head_json":{"title":"GlareOne LEDAV adapter zasilania z akumulator\u00f3w V-mount","description":"GlareOne LEDAV adapter zasilania z akumulator\u00f3w V-mount","robots":{"index":"index","follow":"follow","max-snippet":"max-snippet:-1","max-image-preview":"max-image-preview:large","max-video-preview":"max-video-preview:-1"},"canonical":"https:\/\/glareone.eu\/cs\/produkt\/glareone-ledav\/","og_locale":"cs_CZ","og_type":"article","og_title":"GlareOne LEDAV adapter zasilania z akumulator\u00f3w V-mount","og_description":"GlareOne LEDAV adapter zasilania z akumulator\u00f3w V-mount","og_url":"https:\/\/glareone.eu\/cs\/produkt\/glareone-ledav\/","og_site_name":"GlareOne","article_publisher":"https:\/\/www.facebook.com\/GlareOneLighting","article_modified_time":"2025-06-02T13:52:37+00:00","og_image":[{"width":2000,"height":1333,"url":"https:\/\/glareone.eu\/wp-content\/uploads\/2024\/04\/GlareOne_LEDAV_adapter_01_2k.jpg","type":"image\/jpeg"}],"twitter_card":"summary_large_image","twitter_title":"GlareOne LEDAV adapter zasilania z akumulator\u00f3w V-mount","twitter_misc":{"Odhadovan\u00e1 doba \u010dten\u00ed":"2 minuty"},"schema":{"@context":"https:\/\/schema.org","@graph":[{"@type":"WebPage","@id":"https:\/\/glareone.eu\/cs\/produkt\/glareone-ledav\/","url":"https:\/\/glareone.eu\/cs\/produkt\/glareone-ledav\/","name":"GlareOne LEDAV adapter zasilania z akumulator\u00f3w V-mount","isPartOf":{"@id":"https:\/\/glareone.eu\/cs\/en\/#website"},"primaryImageOfPage":{"@id":"https:\/\/glareone.eu\/cs\/produkt\/glareone-ledav\/#primaryimage"},"image":{"@id":"https:\/\/glareone.eu\/cs\/produkt\/glareone-ledav\/#primaryimage"},"thumbnailUrl":"https:\/\/glareone.eu\/wp-content\/uploads\/2024\/04\/GlareOne_LEDAV_adapter_01_2k.jpg","datePublished":"2024-04-18T19:26:20+00:00","dateModified":"2025-06-02T13:52:37+00:00","description":"GlareOne LEDAV adapter zasilania z akumulator\u00f3w V-mount","breadcrumb":{"@id":"https:\/\/glareone.eu\/cs\/produkt\/glareone-ledav\/#breadcrumb"},"inLanguage":"cs","potentialAction":[{"@type":"ReadAction","target":["https:\/\/glareone.eu\/cs\/produkt\/glareone-ledav\/"]}]},{"@type":"ImageObject","inLanguage":"cs","@id":"https:\/\/glareone.eu\/cs\/produkt\/glareone-ledav\/#primaryimage","url":"https:\/\/glareone.eu\/wp-content\/uploads\/2024\/04\/GlareOne_LEDAV_adapter_01_2k.jpg","contentUrl":"https:\/\/glareone.eu\/wp-content\/uploads\/2024\/04\/GlareOne_LEDAV_adapter_01_2k.jpg","width":2000,"height":1333},{"@type":"BreadcrumbList","@id":"https:\/\/glareone.eu\/cs\/produkt\/glareone-ledav\/#breadcrumb","itemListElement":[{"@type":"ListItem","position":1,"name":"Strona g\u0142\u00f3wna","item":"https:\/\/glareone.eu\/cs\/"},{"@type":"ListItem","position":2,"name":"V\u0161echny produkty","item":"https:\/\/glareone.eu\/cs\/produkty\/vsechny-produkty\/"},{"@type":"ListItem","position":3,"name":"GlareOne LEDAV &#8211; V-mount battery power adapter"}]},{"@type":"WebSite","@id":"https:\/\/glareone.eu\/cs\/en\/#website","url":"https:\/\/glareone.eu\/cs\/en\/","name":"GlareOne","description":"Wyposa\u017cenie Studia","publisher":{"@id":"https:\/\/glareone.eu\/cs\/en\/#organization"},"potentialAction":[{"@type":"SearchAction","target":{"@type":"EntryPoint","urlTemplate":"https:\/\/glareone.eu\/cs\/en\/?s={search_term_string}"},"query-input":{"@type":"PropertyValueSpecification","valueRequired":true,"valueName":"search_term_string"}}],"inLanguage":"cs"},{"@type":"Organization","@id":"https:\/\/glareone.eu\/cs\/en\/#organization","name":"GlareOne","url":"https:\/\/glareone.eu\/cs\/en\/","logo":{"@type":"ImageObject","inLanguage":"cs","@id":"https:\/\/glareone.eu\/cs\/en\/#\/schema\/logo\/image\/","url":"http:\/\/glareone.eu\/wp-content\/uploads\/2024\/05\/glareone_logo2020_RGB-01-e1715773127189.png","contentUrl":"http:\/\/glareone.eu\/wp-content\/uploads\/2024\/05\/glareone_logo2020_RGB-01-e1715773127189.png","width":1270,"height":321,"caption":"GlareOne"},"image":{"@id":"https:\/\/glareone.eu\/cs\/en\/#\/schema\/logo\/image\/"},"sameAs":["https:\/\/www.facebook.com\/GlareOneLighting","https:\/\/www.instagram.com\/glareonelighting\/","https:\/\/www.youtube.com\/@GlareOneTV"]}]}},"_links":{"self":[{"href":"https:\/\/glareone.eu\/cs\/wp-json\/wp\/v2\/product\/18540","targetHints":{"allow":["GET"]}}],"collection":[{"href":"https:\/\/glareone.eu\/cs\/wp-json\/wp\/v2\/product"}],"about":[{"href":"https:\/\/glareone.eu\/cs\/wp-json\/wp\/v2\/types\/product"}],"wp:featuredmedia":[{"embeddable":true,"href":"https:\/\/glareone.eu\/cs\/wp-json\/wp\/v2\/media\/18541"}],"wp:attachment":[{"href":"https:\/\/glareone.eu\/cs\/wp-json\/wp\/v2\/media?parent=18540"}],"wp:term":[{"taxonomy":"product_brand","embeddable":true,"href":"https:\/\/glareone.eu\/cs\/wp-json\/wp\/v2\/product_brand?post=18540"},{"taxonomy":"product_cat","embeddable":true,"href":"https:\/\/glareone.eu\/cs\/wp-json\/wp\/v2\/product_cat?post=18540"},{"taxonomy":"product_tag","embeddable":true,"href":"https:\/\/glareone.eu\/cs\/wp-json\/wp\/v2\/product_tag?post=18540"}],"curies":[{"name":"wp","href":"https:\/\/api.w.org\/{rel}","templated":true}]}}