{"id":18522,"date":"2024-04-18T19:26:20","date_gmt":"2024-04-18T19:26:20","guid":{"rendered":"https:\/\/glareone.eu\/product\/glareone-softbox-grid-hexa-70-easy-fold-deep\/"},"modified":"2025-06-02T13:30:39","modified_gmt":"2025-06-02T13:30:39","slug":"glareone-softbox-grid-hexa-70-easy-fold-deep","status":"publish","type":"product","link":"https:\/\/glareone.eu\/cs\/produkt\/glareone-softbox-grid-hexa-70-easy-fold-deep\/","title":{"rendered":"GlareOne Softbox Grid Hexa 70 Easy Fold Deep"},"content":{"rendered":"<p><span style=\"font-weight: 400;\">Vo\u0161tinov\u00e1 m\u0159\u00ed\u017eka ur\u010den\u00e1 pro pou\u017eit\u00ed se softboxy GlareOne Hexa Easy Fold Deep 70 cm, ale lze ji pou\u017e\u00edt s jak\u00fdmkoli jin\u00fdm \u0161estn\u00e1ctistrann\u00fdm softboxem vybaven\u00fdm dr\u017e\u00e1kem m\u0159\u00ed\u017eky a pr\u016fm\u011brem 70 cm.<\/span><\/p>\n<h3><b>Vlastnosti produktu:<\/b><\/h3>\n<ul>\n<li style=\"font-weight: 400;\" aria-level=\"1\"><span style=\"font-weight: 400;\">poskytuje v\u011bt\u0161\u00ed kontrolu nad m\u011bkk\u00fdm sv\u011btlem vych\u00e1zej\u00edc\u00edm ze softboxu<\/span><\/li>\n<li style=\"font-weight: 400;\" aria-level=\"1\"><span style=\"font-weight: 400;\">umo\u017e\u0148uje siln\u011bj\u0161\u00ed odd\u011blen\u00ed fotografovan\u00e9ho objektu od pozad\u00ed<\/span><\/li>\n<li style=\"font-weight: 400;\" aria-level=\"1\"><span style=\"font-weight: 400;\">m\u00edrn\u011b zvy\u0161uje kontrast fotografovan\u00e9 sc\u00e9ny<\/span><\/li>\n<li style=\"font-weight: 400;\" aria-level=\"1\"><span style=\"font-weight: 400;\">u\u017eite\u010dn\u00e9 p\u0159i fotografov\u00e1n\u00ed m\u00f3dy, portr\u00e9t\u016f a produkt\u016f<\/span><\/li>\n<li style=\"font-weight: 400;\" aria-level=\"1\"><span style=\"font-weight: 400;\">snadno se skl\u00e1d\u00e1 a ukl\u00e1d\u00e1 do p\u0159enosn\u00e9ho pouzdra spole\u010dn\u011b se softboxem<\/span><\/li>\n<li style=\"font-weight: 400;\" aria-level=\"1\"><span style=\"font-weight: 400;\">k softboxu se p\u0159ipev\u0148uje pomoc\u00ed such\u00e9ho zipu<\/span><\/li>\n<\/ul>\n","protected":false},"excerpt":{"rendered":"<p>Vo\u0161tinov\u00e1 m\u0159\u00ed\u017eka ur\u010den\u00e1 pro pou\u017eit\u00ed se softboxy GlareOne Hexa Easy Fold Deep 70 cm, ale lze ji pou\u017e\u00edt s jak\u00fdmkoli jin\u00fdm \u0161estn\u00e1ctistrann\u00fdm softboxem vybaven\u00fdm dr\u017e\u00e1kem m\u0159\u00ed\u017eky a pr\u016fm\u011brem 70 cm. Vlastnosti produktu: poskytuje v\u011bt\u0161\u00ed kontrolu nad m\u011bkk\u00fdm sv\u011btlem vych\u00e1zej\u00edc\u00edm ze softboxu umo\u017e\u0148uje siln\u011bj\u0161\u00ed odd\u011blen\u00ed fotografovan\u00e9ho objektu od pozad\u00ed m\u00edrn\u011b zvy\u0161uje kontrast fotografovan\u00e9 sc\u00e9ny u\u017eite\u010dn\u00e9 p\u0159i [&hellip;]<\/p>\n","protected":false},"featured_media":18524,"template":"","meta":[],"product_brand":[],"product_cat":[559],"product_tag":[],"class_list":{"0":"post-18522","1":"product","2":"type-product","3":"status-publish","4":"has-post-thumbnail","6":"product_cat-grid-softboxy","8":"first","9":"instock","10":"product-type-simple"},"yoast_head":"<!-- This site is optimized with the Yoast SEO plugin v27.2 - https:\/\/yoast.com\/product\/yoast-seo-wordpress\/ -->\n<title>GlareOne Grid do softbox\u00f3w Hexa 70 Easy Fold Deep<\/title>\n<meta name=\"description\" content=\"GlareOne Grid do softbox\u00f3w Hexa 70 Easy Fold Deep\" \/>\n<meta name=\"robots\" content=\"index, follow, max-snippet:-1, max-image-preview:large, max-video-preview:-1\" \/>\n<link rel=\"canonical\" href=\"https:\/\/glareone.eu\/cs\/produkt\/glareone-softbox-grid-hexa-70-easy-fold-deep\/\" \/>\n<meta property=\"og:locale\" content=\"cs_CZ\" \/>\n<meta property=\"og:type\" content=\"article\" \/>\n<meta property=\"og:title\" content=\"GlareOne Grid do softbox\u00f3w Hexa 70 Easy Fold Deep\" \/>\n<meta property=\"og:description\" content=\"GlareOne Grid do softbox\u00f3w Hexa 70 Easy Fold Deep\" \/>\n<meta property=\"og:url\" content=\"https:\/\/glareone.eu\/cs\/produkt\/glareone-softbox-grid-hexa-70-easy-fold-deep\/\" \/>\n<meta property=\"og:site_name\" content=\"GlareOne\" \/>\n<meta property=\"article:publisher\" content=\"https:\/\/www.facebook.com\/GlareOneLighting\" \/>\n<meta property=\"article:modified_time\" content=\"2025-06-02T13:30:39+00:00\" \/>\n<meta property=\"og:image\" content=\"https:\/\/glareone.eu\/wp-content\/uploads\/2024\/04\/SHGP70-02.jpg\" \/>\n\t<meta property=\"og:image:width\" content=\"1000\" \/>\n\t<meta property=\"og:image:height\" content=\"1000\" \/>\n\t<meta property=\"og:image:type\" content=\"image\/jpeg\" \/>\n<meta name=\"twitter:card\" content=\"summary_large_image\" \/>\n<meta name=\"twitter:title\" content=\"GlareOne Grid do softbox\u00f3w Hexa 70 Easy Fold Deep\" \/>\n<meta name=\"twitter:label1\" content=\"Odhadovan\u00e1 doba \u010dten\u00ed\" \/>\n\t<meta name=\"twitter:data1\" content=\"1 minuta\" \/>\n<script type=\"application\/ld+json\" class=\"yoast-schema-graph\">{\"@context\":\"https:\/\/schema.org\",\"@graph\":[{\"@type\":\"WebPage\",\"@id\":\"https:\/\/glareone.eu\/cs\/produkt\/glareone-softbox-grid-hexa-70-easy-fold-deep\/\",\"url\":\"https:\/\/glareone.eu\/cs\/produkt\/glareone-softbox-grid-hexa-70-easy-fold-deep\/\",\"name\":\"GlareOne Grid do softbox\u00f3w Hexa 70 Easy Fold Deep\",\"isPartOf\":{\"@id\":\"https:\/\/glareone.eu\/cs\/en\/#website\"},\"primaryImageOfPage\":{\"@id\":\"https:\/\/glareone.eu\/cs\/produkt\/glareone-softbox-grid-hexa-70-easy-fold-deep\/#primaryimage\"},\"image\":{\"@id\":\"https:\/\/glareone.eu\/cs\/produkt\/glareone-softbox-grid-hexa-70-easy-fold-deep\/#primaryimage\"},\"thumbnailUrl\":\"https:\/\/glareone.eu\/wp-content\/uploads\/2024\/04\/SHGP70-02.jpg\",\"datePublished\":\"2024-04-18T19:26:20+00:00\",\"dateModified\":\"2025-06-02T13:30:39+00:00\",\"description\":\"GlareOne Grid do softbox\u00f3w Hexa 70 Easy Fold Deep\",\"breadcrumb\":{\"@id\":\"https:\/\/glareone.eu\/cs\/produkt\/glareone-softbox-grid-hexa-70-easy-fold-deep\/#breadcrumb\"},\"inLanguage\":\"cs\",\"potentialAction\":[{\"@type\":\"ReadAction\",\"target\":[\"https:\/\/glareone.eu\/cs\/produkt\/glareone-softbox-grid-hexa-70-easy-fold-deep\/\"]}]},{\"@type\":\"ImageObject\",\"inLanguage\":\"cs\",\"@id\":\"https:\/\/glareone.eu\/cs\/produkt\/glareone-softbox-grid-hexa-70-easy-fold-deep\/#primaryimage\",\"url\":\"https:\/\/glareone.eu\/wp-content\/uploads\/2024\/04\/SHGP70-02.jpg\",\"contentUrl\":\"https:\/\/glareone.eu\/wp-content\/uploads\/2024\/04\/SHGP70-02.jpg\",\"width\":1000,\"height\":1000,\"caption\":\"PLATINSTUDIO.COM\"},{\"@type\":\"BreadcrumbList\",\"@id\":\"https:\/\/glareone.eu\/cs\/produkt\/glareone-softbox-grid-hexa-70-easy-fold-deep\/#breadcrumb\",\"itemListElement\":[{\"@type\":\"ListItem\",\"position\":1,\"name\":\"Strona g\u0142\u00f3wna\",\"item\":\"https:\/\/glareone.eu\/cs\/\"},{\"@type\":\"ListItem\",\"position\":2,\"name\":\"V\u0161echny produkty\",\"item\":\"https:\/\/glareone.eu\/cs\/produkty\/vsechny-produkty\/\"},{\"@type\":\"ListItem\",\"position\":3,\"name\":\"GlareOne Softbox Grid Hexa 70 Easy Fold Deep\"}]},{\"@type\":\"WebSite\",\"@id\":\"https:\/\/glareone.eu\/cs\/en\/#website\",\"url\":\"https:\/\/glareone.eu\/cs\/en\/\",\"name\":\"GlareOne\",\"description\":\"Wyposa\u017cenie Studia\",\"publisher\":{\"@id\":\"https:\/\/glareone.eu\/cs\/en\/#organization\"},\"potentialAction\":[{\"@type\":\"SearchAction\",\"target\":{\"@type\":\"EntryPoint\",\"urlTemplate\":\"https:\/\/glareone.eu\/cs\/en\/?s={search_term_string}\"},\"query-input\":{\"@type\":\"PropertyValueSpecification\",\"valueRequired\":true,\"valueName\":\"search_term_string\"}}],\"inLanguage\":\"cs\"},{\"@type\":\"Organization\",\"@id\":\"https:\/\/glareone.eu\/cs\/en\/#organization\",\"name\":\"GlareOne\",\"url\":\"https:\/\/glareone.eu\/cs\/en\/\",\"logo\":{\"@type\":\"ImageObject\",\"inLanguage\":\"cs\",\"@id\":\"https:\/\/glareone.eu\/cs\/en\/#\/schema\/logo\/image\/\",\"url\":\"http:\/\/glareone.eu\/wp-content\/uploads\/2024\/05\/glareone_logo2020_RGB-01-e1715773127189.png\",\"contentUrl\":\"http:\/\/glareone.eu\/wp-content\/uploads\/2024\/05\/glareone_logo2020_RGB-01-e1715773127189.png\",\"width\":1270,\"height\":321,\"caption\":\"GlareOne\"},\"image\":{\"@id\":\"https:\/\/glareone.eu\/cs\/en\/#\/schema\/logo\/image\/\"},\"sameAs\":[\"https:\/\/www.facebook.com\/GlareOneLighting\",\"https:\/\/www.instagram.com\/glareonelighting\/\",\"https:\/\/www.youtube.com\/@GlareOneTV\"]}]}<\/script>\n<!-- \/ Yoast SEO plugin. -->","yoast_head_json":{"title":"GlareOne Grid do softbox\u00f3w Hexa 70 Easy Fold Deep","description":"GlareOne Grid do softbox\u00f3w Hexa 70 Easy Fold Deep","robots":{"index":"index","follow":"follow","max-snippet":"max-snippet:-1","max-image-preview":"max-image-preview:large","max-video-preview":"max-video-preview:-1"},"canonical":"https:\/\/glareone.eu\/cs\/produkt\/glareone-softbox-grid-hexa-70-easy-fold-deep\/","og_locale":"cs_CZ","og_type":"article","og_title":"GlareOne Grid do softbox\u00f3w Hexa 70 Easy Fold Deep","og_description":"GlareOne Grid do softbox\u00f3w Hexa 70 Easy Fold Deep","og_url":"https:\/\/glareone.eu\/cs\/produkt\/glareone-softbox-grid-hexa-70-easy-fold-deep\/","og_site_name":"GlareOne","article_publisher":"https:\/\/www.facebook.com\/GlareOneLighting","article_modified_time":"2025-06-02T13:30:39+00:00","og_image":[{"width":1000,"height":1000,"url":"https:\/\/glareone.eu\/wp-content\/uploads\/2024\/04\/SHGP70-02.jpg","type":"image\/jpeg"}],"twitter_card":"summary_large_image","twitter_title":"GlareOne Grid do softbox\u00f3w Hexa 70 Easy Fold Deep","twitter_misc":{"Odhadovan\u00e1 doba \u010dten\u00ed":"1 minuta"},"schema":{"@context":"https:\/\/schema.org","@graph":[{"@type":"WebPage","@id":"https:\/\/glareone.eu\/cs\/produkt\/glareone-softbox-grid-hexa-70-easy-fold-deep\/","url":"https:\/\/glareone.eu\/cs\/produkt\/glareone-softbox-grid-hexa-70-easy-fold-deep\/","name":"GlareOne Grid do softbox\u00f3w Hexa 70 Easy Fold Deep","isPartOf":{"@id":"https:\/\/glareone.eu\/cs\/en\/#website"},"primaryImageOfPage":{"@id":"https:\/\/glareone.eu\/cs\/produkt\/glareone-softbox-grid-hexa-70-easy-fold-deep\/#primaryimage"},"image":{"@id":"https:\/\/glareone.eu\/cs\/produkt\/glareone-softbox-grid-hexa-70-easy-fold-deep\/#primaryimage"},"thumbnailUrl":"https:\/\/glareone.eu\/wp-content\/uploads\/2024\/04\/SHGP70-02.jpg","datePublished":"2024-04-18T19:26:20+00:00","dateModified":"2025-06-02T13:30:39+00:00","description":"GlareOne Grid do softbox\u00f3w Hexa 70 Easy Fold Deep","breadcrumb":{"@id":"https:\/\/glareone.eu\/cs\/produkt\/glareone-softbox-grid-hexa-70-easy-fold-deep\/#breadcrumb"},"inLanguage":"cs","potentialAction":[{"@type":"ReadAction","target":["https:\/\/glareone.eu\/cs\/produkt\/glareone-softbox-grid-hexa-70-easy-fold-deep\/"]}]},{"@type":"ImageObject","inLanguage":"cs","@id":"https:\/\/glareone.eu\/cs\/produkt\/glareone-softbox-grid-hexa-70-easy-fold-deep\/#primaryimage","url":"https:\/\/glareone.eu\/wp-content\/uploads\/2024\/04\/SHGP70-02.jpg","contentUrl":"https:\/\/glareone.eu\/wp-content\/uploads\/2024\/04\/SHGP70-02.jpg","width":1000,"height":1000,"caption":"PLATINSTUDIO.COM"},{"@type":"BreadcrumbList","@id":"https:\/\/glareone.eu\/cs\/produkt\/glareone-softbox-grid-hexa-70-easy-fold-deep\/#breadcrumb","itemListElement":[{"@type":"ListItem","position":1,"name":"Strona g\u0142\u00f3wna","item":"https:\/\/glareone.eu\/cs\/"},{"@type":"ListItem","position":2,"name":"V\u0161echny produkty","item":"https:\/\/glareone.eu\/cs\/produkty\/vsechny-produkty\/"},{"@type":"ListItem","position":3,"name":"GlareOne Softbox Grid Hexa 70 Easy Fold Deep"}]},{"@type":"WebSite","@id":"https:\/\/glareone.eu\/cs\/en\/#website","url":"https:\/\/glareone.eu\/cs\/en\/","name":"GlareOne","description":"Wyposa\u017cenie Studia","publisher":{"@id":"https:\/\/glareone.eu\/cs\/en\/#organization"},"potentialAction":[{"@type":"SearchAction","target":{"@type":"EntryPoint","urlTemplate":"https:\/\/glareone.eu\/cs\/en\/?s={search_term_string}"},"query-input":{"@type":"PropertyValueSpecification","valueRequired":true,"valueName":"search_term_string"}}],"inLanguage":"cs"},{"@type":"Organization","@id":"https:\/\/glareone.eu\/cs\/en\/#organization","name":"GlareOne","url":"https:\/\/glareone.eu\/cs\/en\/","logo":{"@type":"ImageObject","inLanguage":"cs","@id":"https:\/\/glareone.eu\/cs\/en\/#\/schema\/logo\/image\/","url":"http:\/\/glareone.eu\/wp-content\/uploads\/2024\/05\/glareone_logo2020_RGB-01-e1715773127189.png","contentUrl":"http:\/\/glareone.eu\/wp-content\/uploads\/2024\/05\/glareone_logo2020_RGB-01-e1715773127189.png","width":1270,"height":321,"caption":"GlareOne"},"image":{"@id":"https:\/\/glareone.eu\/cs\/en\/#\/schema\/logo\/image\/"},"sameAs":["https:\/\/www.facebook.com\/GlareOneLighting","https:\/\/www.instagram.com\/glareonelighting\/","https:\/\/www.youtube.com\/@GlareOneTV"]}]}},"_links":{"self":[{"href":"https:\/\/glareone.eu\/cs\/wp-json\/wp\/v2\/product\/18522","targetHints":{"allow":["GET"]}}],"collection":[{"href":"https:\/\/glareone.eu\/cs\/wp-json\/wp\/v2\/product"}],"about":[{"href":"https:\/\/glareone.eu\/cs\/wp-json\/wp\/v2\/types\/product"}],"wp:featuredmedia":[{"embeddable":true,"href":"https:\/\/glareone.eu\/cs\/wp-json\/wp\/v2\/media\/18524"}],"wp:attachment":[{"href":"https:\/\/glareone.eu\/cs\/wp-json\/wp\/v2\/media?parent=18522"}],"wp:term":[{"taxonomy":"product_brand","embeddable":true,"href":"https:\/\/glareone.eu\/cs\/wp-json\/wp\/v2\/product_brand?post=18522"},{"taxonomy":"product_cat","embeddable":true,"href":"https:\/\/glareone.eu\/cs\/wp-json\/wp\/v2\/product_cat?post=18522"},{"taxonomy":"product_tag","embeddable":true,"href":"https:\/\/glareone.eu\/cs\/wp-json\/wp\/v2\/product_tag?post=18522"}],"curies":[{"name":"wp","href":"https:\/\/api.w.org\/{rel}","templated":true}]}}