{"id":18506,"date":"2024-04-18T19:26:24","date_gmt":"2024-04-18T19:26:24","guid":{"rendered":"https:\/\/glareone.eu\/product\/glareone-longbow-reflector\/"},"modified":"2025-06-02T13:19:43","modified_gmt":"2025-06-02T13:19:43","slug":"glareone-longbow-reflector","status":"publish","type":"product","link":"https:\/\/glareone.eu\/cs\/produkt\/glareone-longbow-reflector\/","title":{"rendered":"GlareOne Longbow Reflector"},"content":{"rendered":"<h3>P\u0159esnost<\/h3>\n<p>Longbow je reflektor navr\u017een\u00fd tak, aby co nejp\u0159esn\u011bji sm\u011b\u0159oval sv\u011btlo z lampy, odtud poch\u00e1z\u00ed jeho charakteristick\u00fd tvar. Velk\u00e1 hloubka v kombinaci se st\u0159\u00edbrn\u00fdm povrchem vnit\u0159ku umo\u017e\u0148uje Longbow p\u0159esn\u011b prom\u00edtat sv\u011btlo na dlouh\u00e9 vzd\u00e1lenosti. \u00dahel osv\u011btlen\u00ed reflektoru je p\u0159ibli\u017en\u011b 45\u00b0, ale v p\u0159\u00edpad\u011b pot\u0159eby lze dokoupit dal\u0161\u00ed vo\u0161tinu (m\u0159\u00ed\u017eku) pro \u00fahel 15\u00b0, kter\u00e1 v\u00e1m umo\u017en\u00ed je\u0161t\u011b lep\u0161\u00ed kontrolu nad sm\u011brem sv\u011btla.<\/p>\n<h3>Sv\u011btlo<\/h3>\n<p>Sv\u011bteln\u00fd bod, kter\u00fd lze t\u00edmto reflektorem dos\u00e1hnout, se vyzna\u010duje t\u00edm, \u017ee mezi st\u0159edem a okrajem je pokles intenzity sv\u011btla minim\u00e1ln\u00ed. To umo\u017e\u0148uje rovnom\u011brn\u00e9 osv\u011btlen\u00ed objektu i na velk\u00e9 vzd\u00e1lenosti. D\u00edky t\u00e9to vlastnosti je Longbow ide\u00e1ln\u00ed pro venkovn\u00ed fotografov\u00e1n\u00ed a v situac\u00edch, kdy mus\u00ed b\u00fdt lampa um\u00edst\u011bna mimo sc\u00e9nu, nap\u0159\u00edklad p\u0159i fotografov\u00e1n\u00ed ve velk\u00fdch ar\u00e9n\u00e1ch a sportovn\u00edch hal\u00e1ch.<\/p>\n<h3>Vlastnosti produktu:<\/h3>\n<ul>\n<li>Poskytuje siln\u00e9 a koncentrovan\u00e9 sv\u011btlo<\/li>\n<li>Umo\u017e\u0148uje nasm\u011brovat a ovl\u00e1dat sv\u011btlo z blesku<\/li>\n<li>Vhodn\u00fd pro blesky a kontinu\u00e1ln\u00ed sv\u011btla (v\u010detn\u011b LED)<\/li>\n<li>Lze vybavit p\u0159\u00eddavnou vo\u0161tinou (m\u0159\u00ed\u017ekou)<\/li>\n<li>Je vyroben v\u00fdhradn\u011b z hlin\u00edku<\/li>\n<li>M\u00e1 uchycen\u00ed typu Bowens<\/li>\n<\/ul>\n","protected":false},"excerpt":{"rendered":"<p>P\u0159esnost Longbow je reflektor navr\u017een\u00fd tak, aby co nejp\u0159esn\u011bji sm\u011b\u0159oval sv\u011btlo z lampy, odtud poch\u00e1z\u00ed jeho charakteristick\u00fd tvar. Velk\u00e1 hloubka v kombinaci se st\u0159\u00edbrn\u00fdm povrchem vnit\u0159ku umo\u017e\u0148uje Longbow p\u0159esn\u011b prom\u00edtat sv\u011btlo na dlouh\u00e9 vzd\u00e1lenosti. \u00dahel osv\u011btlen\u00ed reflektoru je p\u0159ibli\u017en\u011b 45\u00b0, ale v p\u0159\u00edpad\u011b pot\u0159eby lze dokoupit dal\u0161\u00ed vo\u0161tinu (m\u0159\u00ed\u017eku) pro \u00fahel 15\u00b0, kter\u00e1 v\u00e1m umo\u017en\u00ed [&hellip;]<\/p>\n","protected":false},"featured_media":18507,"template":"","meta":[],"product_brand":[],"product_cat":[564],"product_tag":[],"class_list":{"0":"post-18506","1":"product","2":"type-product","3":"status-publish","4":"has-post-thumbnail","6":"product_cat-reflektory-kominky-a-reflektory","8":"first","9":"instock","10":"product-type-simple"},"yoast_head":"<!-- This site is optimized with the Yoast SEO plugin v27.2 - https:\/\/yoast.com\/product\/yoast-seo-wordpress\/ -->\n<title>GlareOne Longbow Reflector - czasza w\u0105skok\u0105tna<\/title>\n<meta name=\"description\" content=\"GlareOne Longbow Reflector - czasza w\u0105skok\u0105tna\" \/>\n<meta name=\"robots\" content=\"index, follow, max-snippet:-1, max-image-preview:large, max-video-preview:-1\" \/>\n<link rel=\"canonical\" href=\"https:\/\/glareone.eu\/cs\/produkt\/glareone-longbow-reflector\/\" \/>\n<meta property=\"og:locale\" content=\"cs_CZ\" \/>\n<meta property=\"og:type\" content=\"article\" \/>\n<meta property=\"og:title\" content=\"GlareOne Longbow Reflector - czasza w\u0105skok\u0105tna\" \/>\n<meta property=\"og:description\" content=\"GlareOne Longbow Reflector - czasza w\u0105skok\u0105tna\" \/>\n<meta property=\"og:url\" content=\"https:\/\/glareone.eu\/cs\/produkt\/glareone-longbow-reflector\/\" \/>\n<meta property=\"og:site_name\" content=\"GlareOne\" \/>\n<meta property=\"article:publisher\" content=\"https:\/\/www.facebook.com\/GlareOneLighting\" \/>\n<meta property=\"article:modified_time\" content=\"2025-06-02T13:19:43+00:00\" \/>\n<meta property=\"og:image\" content=\"https:\/\/glareone.eu\/wp-content\/uploads\/2024\/04\/GlareOne-Longbow-01.jpg\" \/>\n\t<meta property=\"og:image:width\" content=\"1200\" \/>\n\t<meta property=\"og:image:height\" content=\"1200\" \/>\n\t<meta property=\"og:image:type\" content=\"image\/jpeg\" \/>\n<meta name=\"twitter:card\" content=\"summary_large_image\" \/>\n<meta name=\"twitter:title\" content=\"GlareOne Longbow Reflector - czasza w\u0105skok\u0105tna\" \/>\n<meta name=\"twitter:label1\" content=\"Odhadovan\u00e1 doba \u010dten\u00ed\" \/>\n\t<meta name=\"twitter:data1\" content=\"1 minuta\" \/>\n<script type=\"application\/ld+json\" class=\"yoast-schema-graph\">{\"@context\":\"https:\/\/schema.org\",\"@graph\":[{\"@type\":\"WebPage\",\"@id\":\"https:\/\/glareone.eu\/cs\/produkt\/glareone-longbow-reflector\/\",\"url\":\"https:\/\/glareone.eu\/cs\/produkt\/glareone-longbow-reflector\/\",\"name\":\"GlareOne Longbow Reflector - czasza w\u0105skok\u0105tna\",\"isPartOf\":{\"@id\":\"https:\/\/glareone.eu\/cs\/en\/#website\"},\"primaryImageOfPage\":{\"@id\":\"https:\/\/glareone.eu\/cs\/produkt\/glareone-longbow-reflector\/#primaryimage\"},\"image\":{\"@id\":\"https:\/\/glareone.eu\/cs\/produkt\/glareone-longbow-reflector\/#primaryimage\"},\"thumbnailUrl\":\"https:\/\/glareone.eu\/wp-content\/uploads\/2024\/04\/GlareOne-Longbow-01.jpg\",\"datePublished\":\"2024-04-18T19:26:24+00:00\",\"dateModified\":\"2025-06-02T13:19:43+00:00\",\"description\":\"GlareOne Longbow Reflector - czasza w\u0105skok\u0105tna\",\"breadcrumb\":{\"@id\":\"https:\/\/glareone.eu\/cs\/produkt\/glareone-longbow-reflector\/#breadcrumb\"},\"inLanguage\":\"cs\",\"potentialAction\":[{\"@type\":\"ReadAction\",\"target\":[\"https:\/\/glareone.eu\/cs\/produkt\/glareone-longbow-reflector\/\"]}]},{\"@type\":\"ImageObject\",\"inLanguage\":\"cs\",\"@id\":\"https:\/\/glareone.eu\/cs\/produkt\/glareone-longbow-reflector\/#primaryimage\",\"url\":\"https:\/\/glareone.eu\/wp-content\/uploads\/2024\/04\/GlareOne-Longbow-01.jpg\",\"contentUrl\":\"https:\/\/glareone.eu\/wp-content\/uploads\/2024\/04\/GlareOne-Longbow-01.jpg\",\"width\":1200,\"height\":1200},{\"@type\":\"BreadcrumbList\",\"@id\":\"https:\/\/glareone.eu\/cs\/produkt\/glareone-longbow-reflector\/#breadcrumb\",\"itemListElement\":[{\"@type\":\"ListItem\",\"position\":1,\"name\":\"Strona g\u0142\u00f3wna\",\"item\":\"https:\/\/glareone.eu\/cs\/\"},{\"@type\":\"ListItem\",\"position\":2,\"name\":\"V\u0161echny produkty\",\"item\":\"https:\/\/glareone.eu\/cs\/produkty\/vsechny-produkty\/\"},{\"@type\":\"ListItem\",\"position\":3,\"name\":\"GlareOne Longbow Reflector\"}]},{\"@type\":\"WebSite\",\"@id\":\"https:\/\/glareone.eu\/cs\/en\/#website\",\"url\":\"https:\/\/glareone.eu\/cs\/en\/\",\"name\":\"GlareOne\",\"description\":\"Wyposa\u017cenie Studia\",\"publisher\":{\"@id\":\"https:\/\/glareone.eu\/cs\/en\/#organization\"},\"potentialAction\":[{\"@type\":\"SearchAction\",\"target\":{\"@type\":\"EntryPoint\",\"urlTemplate\":\"https:\/\/glareone.eu\/cs\/en\/?s={search_term_string}\"},\"query-input\":{\"@type\":\"PropertyValueSpecification\",\"valueRequired\":true,\"valueName\":\"search_term_string\"}}],\"inLanguage\":\"cs\"},{\"@type\":\"Organization\",\"@id\":\"https:\/\/glareone.eu\/cs\/en\/#organization\",\"name\":\"GlareOne\",\"url\":\"https:\/\/glareone.eu\/cs\/en\/\",\"logo\":{\"@type\":\"ImageObject\",\"inLanguage\":\"cs\",\"@id\":\"https:\/\/glareone.eu\/cs\/en\/#\/schema\/logo\/image\/\",\"url\":\"http:\/\/glareone.eu\/wp-content\/uploads\/2024\/05\/glareone_logo2020_RGB-01-e1715773127189.png\",\"contentUrl\":\"http:\/\/glareone.eu\/wp-content\/uploads\/2024\/05\/glareone_logo2020_RGB-01-e1715773127189.png\",\"width\":1270,\"height\":321,\"caption\":\"GlareOne\"},\"image\":{\"@id\":\"https:\/\/glareone.eu\/cs\/en\/#\/schema\/logo\/image\/\"},\"sameAs\":[\"https:\/\/www.facebook.com\/GlareOneLighting\",\"https:\/\/www.instagram.com\/glareonelighting\/\",\"https:\/\/www.youtube.com\/@GlareOneTV\"]}]}<\/script>\n<!-- \/ Yoast SEO plugin. -->","yoast_head_json":{"title":"GlareOne Longbow Reflector - czasza w\u0105skok\u0105tna","description":"GlareOne Longbow Reflector - czasza w\u0105skok\u0105tna","robots":{"index":"index","follow":"follow","max-snippet":"max-snippet:-1","max-image-preview":"max-image-preview:large","max-video-preview":"max-video-preview:-1"},"canonical":"https:\/\/glareone.eu\/cs\/produkt\/glareone-longbow-reflector\/","og_locale":"cs_CZ","og_type":"article","og_title":"GlareOne Longbow Reflector - czasza w\u0105skok\u0105tna","og_description":"GlareOne Longbow Reflector - czasza w\u0105skok\u0105tna","og_url":"https:\/\/glareone.eu\/cs\/produkt\/glareone-longbow-reflector\/","og_site_name":"GlareOne","article_publisher":"https:\/\/www.facebook.com\/GlareOneLighting","article_modified_time":"2025-06-02T13:19:43+00:00","og_image":[{"width":1200,"height":1200,"url":"https:\/\/glareone.eu\/wp-content\/uploads\/2024\/04\/GlareOne-Longbow-01.jpg","type":"image\/jpeg"}],"twitter_card":"summary_large_image","twitter_title":"GlareOne Longbow Reflector - czasza w\u0105skok\u0105tna","twitter_misc":{"Odhadovan\u00e1 doba \u010dten\u00ed":"1 minuta"},"schema":{"@context":"https:\/\/schema.org","@graph":[{"@type":"WebPage","@id":"https:\/\/glareone.eu\/cs\/produkt\/glareone-longbow-reflector\/","url":"https:\/\/glareone.eu\/cs\/produkt\/glareone-longbow-reflector\/","name":"GlareOne Longbow Reflector - czasza w\u0105skok\u0105tna","isPartOf":{"@id":"https:\/\/glareone.eu\/cs\/en\/#website"},"primaryImageOfPage":{"@id":"https:\/\/glareone.eu\/cs\/produkt\/glareone-longbow-reflector\/#primaryimage"},"image":{"@id":"https:\/\/glareone.eu\/cs\/produkt\/glareone-longbow-reflector\/#primaryimage"},"thumbnailUrl":"https:\/\/glareone.eu\/wp-content\/uploads\/2024\/04\/GlareOne-Longbow-01.jpg","datePublished":"2024-04-18T19:26:24+00:00","dateModified":"2025-06-02T13:19:43+00:00","description":"GlareOne Longbow Reflector - czasza w\u0105skok\u0105tna","breadcrumb":{"@id":"https:\/\/glareone.eu\/cs\/produkt\/glareone-longbow-reflector\/#breadcrumb"},"inLanguage":"cs","potentialAction":[{"@type":"ReadAction","target":["https:\/\/glareone.eu\/cs\/produkt\/glareone-longbow-reflector\/"]}]},{"@type":"ImageObject","inLanguage":"cs","@id":"https:\/\/glareone.eu\/cs\/produkt\/glareone-longbow-reflector\/#primaryimage","url":"https:\/\/glareone.eu\/wp-content\/uploads\/2024\/04\/GlareOne-Longbow-01.jpg","contentUrl":"https:\/\/glareone.eu\/wp-content\/uploads\/2024\/04\/GlareOne-Longbow-01.jpg","width":1200,"height":1200},{"@type":"BreadcrumbList","@id":"https:\/\/glareone.eu\/cs\/produkt\/glareone-longbow-reflector\/#breadcrumb","itemListElement":[{"@type":"ListItem","position":1,"name":"Strona g\u0142\u00f3wna","item":"https:\/\/glareone.eu\/cs\/"},{"@type":"ListItem","position":2,"name":"V\u0161echny produkty","item":"https:\/\/glareone.eu\/cs\/produkty\/vsechny-produkty\/"},{"@type":"ListItem","position":3,"name":"GlareOne Longbow Reflector"}]},{"@type":"WebSite","@id":"https:\/\/glareone.eu\/cs\/en\/#website","url":"https:\/\/glareone.eu\/cs\/en\/","name":"GlareOne","description":"Wyposa\u017cenie Studia","publisher":{"@id":"https:\/\/glareone.eu\/cs\/en\/#organization"},"potentialAction":[{"@type":"SearchAction","target":{"@type":"EntryPoint","urlTemplate":"https:\/\/glareone.eu\/cs\/en\/?s={search_term_string}"},"query-input":{"@type":"PropertyValueSpecification","valueRequired":true,"valueName":"search_term_string"}}],"inLanguage":"cs"},{"@type":"Organization","@id":"https:\/\/glareone.eu\/cs\/en\/#organization","name":"GlareOne","url":"https:\/\/glareone.eu\/cs\/en\/","logo":{"@type":"ImageObject","inLanguage":"cs","@id":"https:\/\/glareone.eu\/cs\/en\/#\/schema\/logo\/image\/","url":"http:\/\/glareone.eu\/wp-content\/uploads\/2024\/05\/glareone_logo2020_RGB-01-e1715773127189.png","contentUrl":"http:\/\/glareone.eu\/wp-content\/uploads\/2024\/05\/glareone_logo2020_RGB-01-e1715773127189.png","width":1270,"height":321,"caption":"GlareOne"},"image":{"@id":"https:\/\/glareone.eu\/cs\/en\/#\/schema\/logo\/image\/"},"sameAs":["https:\/\/www.facebook.com\/GlareOneLighting","https:\/\/www.instagram.com\/glareonelighting\/","https:\/\/www.youtube.com\/@GlareOneTV"]}]}},"_links":{"self":[{"href":"https:\/\/glareone.eu\/cs\/wp-json\/wp\/v2\/product\/18506","targetHints":{"allow":["GET"]}}],"collection":[{"href":"https:\/\/glareone.eu\/cs\/wp-json\/wp\/v2\/product"}],"about":[{"href":"https:\/\/glareone.eu\/cs\/wp-json\/wp\/v2\/types\/product"}],"wp:featuredmedia":[{"embeddable":true,"href":"https:\/\/glareone.eu\/cs\/wp-json\/wp\/v2\/media\/18507"}],"wp:attachment":[{"href":"https:\/\/glareone.eu\/cs\/wp-json\/wp\/v2\/media?parent=18506"}],"wp:term":[{"taxonomy":"product_brand","embeddable":true,"href":"https:\/\/glareone.eu\/cs\/wp-json\/wp\/v2\/product_brand?post=18506"},{"taxonomy":"product_cat","embeddable":true,"href":"https:\/\/glareone.eu\/cs\/wp-json\/wp\/v2\/product_cat?post=18506"},{"taxonomy":"product_tag","embeddable":true,"href":"https:\/\/glareone.eu\/cs\/wp-json\/wp\/v2\/product_tag?post=18506"}],"curies":[{"name":"wp","href":"https:\/\/api.w.org\/{rel}","templated":true}]}}