{"id":18492,"date":"2024-04-18T19:26:24","date_gmt":"2024-04-18T19:26:24","guid":{"rendered":"https:\/\/glareone.eu\/product\/glareone-standard-grid-kit\/"},"modified":"2026-02-10T11:41:47","modified_gmt":"2026-02-10T11:41:47","slug":"glareone-standard-grid-kit","status":"publish","type":"product","link":"https:\/\/glareone.eu\/cs\/produkt\/glareone-standard-grid-kit\/","title":{"rendered":"GlareOne Standard Grid Kit"},"content":{"rendered":"<p><span style=\"font-weight: 400;\">Reflektor GlareOne Standard a sada \u010dty\u0159 vo\u0161tin.<\/span><\/p>\n<p><span style=\"font-weight: 400;\">P\u0159i focen\u00ed, kde je pot\u0159eba velmi p\u0159esn\u00e9 osv\u011btlen\u00ed, se mohou osv\u011bd\u010dit vo\u0161tinov\u00e9 filtry. \u00dahel paprsku, kter\u00e9ho dos\u00e1hnete p\u0159i pou\u017eit\u00ed standardn\u00edho reflektoru, je asi 55\u00b0, ale s vo\u0161tinov\u00fdmi filtry m\u016f\u017eete tento \u00fahel sn\u00ed\u017eit na 40, 30, 20 nebo dokonce 10\u00b0, co\u017e odpov\u00edd\u00e1 efekt\u016fm, kter\u00e9 z\u00edsk\u00e1te s bodov\u00fdm sv\u011btlem.<\/span><\/p>\n<p><span style=\"font-weight: 400;\">Patchy jsou vyrobeny z hlin\u00edku, tak\u017ee jsou lehk\u00e9 a odoln\u00e9. Jejich instalace na reflektor je velmi jednoduch\u00e1 a spo\u010d\u00edv\u00e1 v jednoduch\u00e9m zasunut\u00ed pl\u00e1tku do st\u00ednidla reflektoru. Ka\u017ed\u00fd pl\u00e1tek je pro snadnou identifikaci jasn\u011b ozna\u010den \u0161t\u00edtkem.<\/span><\/p>\n<p><span style=\"font-weight: 400;\">Reflektor GlareOne Standard je sou\u010d\u00e1st\u00ed sady.<\/span><\/p>\n<h4><b>Vlastnosti produktu:<\/b><\/h4>\n<ul>\n<li style=\"font-weight: 400;\" aria-level=\"1\"><span style=\"font-weight: 400;\">Umo\u017e\u0148uj\u00ed p\u0159esn\u00e9 ovl\u00e1d\u00e1n\u00ed sv\u011btla<\/span><\/li>\n<li style=\"font-weight: 400;\" aria-level=\"1\"><span style=\"font-weight: 400;\">Roz\u0161i\u0159uj\u00ed u\u017eite\u010dnost standardn\u00edho reflektoru<\/span><\/li>\n<li style=\"font-weight: 400;\" aria-level=\"1\"><span style=\"font-weight: 400;\">Vhodn\u00e9 pro produktovou a portr\u00e9tn\u00ed fotografii<\/span><\/li>\n<li style=\"font-weight: 400;\" aria-level=\"1\"><span style=\"font-weight: 400;\">Sou\u010d\u00e1st\u00ed balen\u00ed jsou \u010dty\u0159i varianty n\u00e1\u0161ivek: 40\u00b0, 30\u00b0, 20\u00b0 a 10\u00b0<\/span><\/li>\n<li style=\"font-weight: 400;\" aria-level=\"1\"><span style=\"font-weight: 400;\">Vyrobeno z hlin\u00edku<\/span><\/li>\n<\/ul>\n","protected":false},"excerpt":{"rendered":"<p>Reflektor GlareOne Standard a sada \u010dty\u0159 vo\u0161tin. P\u0159i focen\u00ed, kde je pot\u0159eba velmi p\u0159esn\u00e9 osv\u011btlen\u00ed, se mohou osv\u011bd\u010dit vo\u0161tinov\u00e9 filtry. \u00dahel paprsku, kter\u00e9ho dos\u00e1hnete p\u0159i pou\u017eit\u00ed standardn\u00edho reflektoru, je asi 55\u00b0, ale s vo\u0161tinov\u00fdmi filtry m\u016f\u017eete tento \u00fahel sn\u00ed\u017eit na 40, 30, 20 nebo dokonce 10\u00b0, co\u017e odpov\u00edd\u00e1 efekt\u016fm, kter\u00e9 z\u00edsk\u00e1te s bodov\u00fdm sv\u011btlem. Patchy [&hellip;]<\/p>\n","protected":false},"featured_media":18493,"template":"","meta":[],"product_brand":[],"product_cat":[564],"product_tag":[],"class_list":{"0":"post-18492","1":"product","2":"type-product","3":"status-publish","4":"has-post-thumbnail","6":"product_cat-reflektory-kominky-a-reflektory","8":"first","9":"instock","10":"product-type-simple"},"yoast_head":"<!-- This site is optimized with the Yoast SEO plugin v27.2 - https:\/\/yoast.com\/product\/yoast-seo-wordpress\/ -->\n<title>GlareOne Standard Grid Kit - zestaw grid\u00f3w do czaszy Standard<\/title>\n<meta name=\"description\" content=\"GlareOne Standard Grid Kit - zestaw grid\u00f3w do czaszy Standard\" \/>\n<meta name=\"robots\" content=\"index, follow, max-snippet:-1, max-image-preview:large, max-video-preview:-1\" \/>\n<link rel=\"canonical\" href=\"https:\/\/glareone.eu\/cs\/produkt\/glareone-standard-grid-kit\/\" \/>\n<meta property=\"og:locale\" content=\"cs_CZ\" \/>\n<meta property=\"og:type\" content=\"article\" \/>\n<meta property=\"og:title\" content=\"GlareOne Standard Grid Kit - zestaw grid\u00f3w do czaszy Standard\" \/>\n<meta property=\"og:description\" content=\"GlareOne Standard Grid Kit - zestaw grid\u00f3w do czaszy Standard\" \/>\n<meta property=\"og:url\" content=\"https:\/\/glareone.eu\/cs\/produkt\/glareone-standard-grid-kit\/\" \/>\n<meta property=\"og:site_name\" content=\"GlareOne\" \/>\n<meta property=\"article:publisher\" content=\"https:\/\/www.facebook.com\/GlareOneLighting\" \/>\n<meta property=\"article:modified_time\" content=\"2026-02-10T11:41:47+00:00\" \/>\n<meta property=\"og:image\" content=\"https:\/\/glareone.eu\/wp-content\/uploads\/2024\/04\/GlareOne-Standard-Grid-Kit-01.jpg\" \/>\n\t<meta property=\"og:image:width\" content=\"1200\" \/>\n\t<meta property=\"og:image:height\" content=\"1200\" \/>\n\t<meta property=\"og:image:type\" content=\"image\/jpeg\" \/>\n<meta name=\"twitter:card\" content=\"summary_large_image\" \/>\n<meta name=\"twitter:title\" content=\"GlareOne Standard Grid Kit - zestaw grid\u00f3w do czaszy Standard\" \/>\n<meta name=\"twitter:label1\" content=\"Odhadovan\u00e1 doba \u010dten\u00ed\" \/>\n\t<meta name=\"twitter:data1\" content=\"1 minuta\" \/>\n<script type=\"application\/ld+json\" class=\"yoast-schema-graph\">{\"@context\":\"https:\/\/schema.org\",\"@graph\":[{\"@type\":\"WebPage\",\"@id\":\"https:\/\/glareone.eu\/cs\/produkt\/glareone-standard-grid-kit\/\",\"url\":\"https:\/\/glareone.eu\/cs\/produkt\/glareone-standard-grid-kit\/\",\"name\":\"GlareOne Standard Grid Kit - zestaw grid\u00f3w do czaszy Standard\",\"isPartOf\":{\"@id\":\"https:\/\/glareone.eu\/cs\/en\/#website\"},\"primaryImageOfPage\":{\"@id\":\"https:\/\/glareone.eu\/cs\/produkt\/glareone-standard-grid-kit\/#primaryimage\"},\"image\":{\"@id\":\"https:\/\/glareone.eu\/cs\/produkt\/glareone-standard-grid-kit\/#primaryimage\"},\"thumbnailUrl\":\"https:\/\/glareone.eu\/wp-content\/uploads\/2024\/04\/GlareOne-Standard-Grid-Kit-01.jpg\",\"datePublished\":\"2024-04-18T19:26:24+00:00\",\"dateModified\":\"2026-02-10T11:41:47+00:00\",\"description\":\"GlareOne Standard Grid Kit - zestaw grid\u00f3w do czaszy Standard\",\"breadcrumb\":{\"@id\":\"https:\/\/glareone.eu\/cs\/produkt\/glareone-standard-grid-kit\/#breadcrumb\"},\"inLanguage\":\"cs\",\"potentialAction\":[{\"@type\":\"ReadAction\",\"target\":[\"https:\/\/glareone.eu\/cs\/produkt\/glareone-standard-grid-kit\/\"]}]},{\"@type\":\"ImageObject\",\"inLanguage\":\"cs\",\"@id\":\"https:\/\/glareone.eu\/cs\/produkt\/glareone-standard-grid-kit\/#primaryimage\",\"url\":\"https:\/\/glareone.eu\/wp-content\/uploads\/2024\/04\/GlareOne-Standard-Grid-Kit-01.jpg\",\"contentUrl\":\"https:\/\/glareone.eu\/wp-content\/uploads\/2024\/04\/GlareOne-Standard-Grid-Kit-01.jpg\",\"width\":1200,\"height\":1200},{\"@type\":\"BreadcrumbList\",\"@id\":\"https:\/\/glareone.eu\/cs\/produkt\/glareone-standard-grid-kit\/#breadcrumb\",\"itemListElement\":[{\"@type\":\"ListItem\",\"position\":1,\"name\":\"Strona g\u0142\u00f3wna\",\"item\":\"https:\/\/glareone.eu\/cs\/\"},{\"@type\":\"ListItem\",\"position\":2,\"name\":\"V\u0161echny produkty\",\"item\":\"https:\/\/glareone.eu\/cs\/produkty\/vsechny-produkty\/\"},{\"@type\":\"ListItem\",\"position\":3,\"name\":\"GlareOne Standard Grid Kit\"}]},{\"@type\":\"WebSite\",\"@id\":\"https:\/\/glareone.eu\/cs\/en\/#website\",\"url\":\"https:\/\/glareone.eu\/cs\/en\/\",\"name\":\"GlareOne\",\"description\":\"Wyposa\u017cenie Studia\",\"publisher\":{\"@id\":\"https:\/\/glareone.eu\/cs\/en\/#organization\"},\"potentialAction\":[{\"@type\":\"SearchAction\",\"target\":{\"@type\":\"EntryPoint\",\"urlTemplate\":\"https:\/\/glareone.eu\/cs\/en\/?s={search_term_string}\"},\"query-input\":{\"@type\":\"PropertyValueSpecification\",\"valueRequired\":true,\"valueName\":\"search_term_string\"}}],\"inLanguage\":\"cs\"},{\"@type\":\"Organization\",\"@id\":\"https:\/\/glareone.eu\/cs\/en\/#organization\",\"name\":\"GlareOne\",\"url\":\"https:\/\/glareone.eu\/cs\/en\/\",\"logo\":{\"@type\":\"ImageObject\",\"inLanguage\":\"cs\",\"@id\":\"https:\/\/glareone.eu\/cs\/en\/#\/schema\/logo\/image\/\",\"url\":\"http:\/\/glareone.eu\/wp-content\/uploads\/2024\/05\/glareone_logo2020_RGB-01-e1715773127189.png\",\"contentUrl\":\"http:\/\/glareone.eu\/wp-content\/uploads\/2024\/05\/glareone_logo2020_RGB-01-e1715773127189.png\",\"width\":1270,\"height\":321,\"caption\":\"GlareOne\"},\"image\":{\"@id\":\"https:\/\/glareone.eu\/cs\/en\/#\/schema\/logo\/image\/\"},\"sameAs\":[\"https:\/\/www.facebook.com\/GlareOneLighting\",\"https:\/\/www.instagram.com\/glareonelighting\/\",\"https:\/\/www.youtube.com\/@GlareOneTV\"]}]}<\/script>\n<!-- \/ Yoast SEO plugin. -->","yoast_head_json":{"title":"GlareOne Standard Grid Kit - zestaw grid\u00f3w do czaszy Standard","description":"GlareOne Standard Grid Kit - zestaw grid\u00f3w do czaszy Standard","robots":{"index":"index","follow":"follow","max-snippet":"max-snippet:-1","max-image-preview":"max-image-preview:large","max-video-preview":"max-video-preview:-1"},"canonical":"https:\/\/glareone.eu\/cs\/produkt\/glareone-standard-grid-kit\/","og_locale":"cs_CZ","og_type":"article","og_title":"GlareOne Standard Grid Kit - zestaw grid\u00f3w do czaszy Standard","og_description":"GlareOne Standard Grid Kit - zestaw grid\u00f3w do czaszy Standard","og_url":"https:\/\/glareone.eu\/cs\/produkt\/glareone-standard-grid-kit\/","og_site_name":"GlareOne","article_publisher":"https:\/\/www.facebook.com\/GlareOneLighting","article_modified_time":"2026-02-10T11:41:47+00:00","og_image":[{"width":1200,"height":1200,"url":"https:\/\/glareone.eu\/wp-content\/uploads\/2024\/04\/GlareOne-Standard-Grid-Kit-01.jpg","type":"image\/jpeg"}],"twitter_card":"summary_large_image","twitter_title":"GlareOne Standard Grid Kit - zestaw grid\u00f3w do czaszy Standard","twitter_misc":{"Odhadovan\u00e1 doba \u010dten\u00ed":"1 minuta"},"schema":{"@context":"https:\/\/schema.org","@graph":[{"@type":"WebPage","@id":"https:\/\/glareone.eu\/cs\/produkt\/glareone-standard-grid-kit\/","url":"https:\/\/glareone.eu\/cs\/produkt\/glareone-standard-grid-kit\/","name":"GlareOne Standard Grid Kit - zestaw grid\u00f3w do czaszy Standard","isPartOf":{"@id":"https:\/\/glareone.eu\/cs\/en\/#website"},"primaryImageOfPage":{"@id":"https:\/\/glareone.eu\/cs\/produkt\/glareone-standard-grid-kit\/#primaryimage"},"image":{"@id":"https:\/\/glareone.eu\/cs\/produkt\/glareone-standard-grid-kit\/#primaryimage"},"thumbnailUrl":"https:\/\/glareone.eu\/wp-content\/uploads\/2024\/04\/GlareOne-Standard-Grid-Kit-01.jpg","datePublished":"2024-04-18T19:26:24+00:00","dateModified":"2026-02-10T11:41:47+00:00","description":"GlareOne Standard Grid Kit - zestaw grid\u00f3w do czaszy Standard","breadcrumb":{"@id":"https:\/\/glareone.eu\/cs\/produkt\/glareone-standard-grid-kit\/#breadcrumb"},"inLanguage":"cs","potentialAction":[{"@type":"ReadAction","target":["https:\/\/glareone.eu\/cs\/produkt\/glareone-standard-grid-kit\/"]}]},{"@type":"ImageObject","inLanguage":"cs","@id":"https:\/\/glareone.eu\/cs\/produkt\/glareone-standard-grid-kit\/#primaryimage","url":"https:\/\/glareone.eu\/wp-content\/uploads\/2024\/04\/GlareOne-Standard-Grid-Kit-01.jpg","contentUrl":"https:\/\/glareone.eu\/wp-content\/uploads\/2024\/04\/GlareOne-Standard-Grid-Kit-01.jpg","width":1200,"height":1200},{"@type":"BreadcrumbList","@id":"https:\/\/glareone.eu\/cs\/produkt\/glareone-standard-grid-kit\/#breadcrumb","itemListElement":[{"@type":"ListItem","position":1,"name":"Strona g\u0142\u00f3wna","item":"https:\/\/glareone.eu\/cs\/"},{"@type":"ListItem","position":2,"name":"V\u0161echny produkty","item":"https:\/\/glareone.eu\/cs\/produkty\/vsechny-produkty\/"},{"@type":"ListItem","position":3,"name":"GlareOne Standard Grid Kit"}]},{"@type":"WebSite","@id":"https:\/\/glareone.eu\/cs\/en\/#website","url":"https:\/\/glareone.eu\/cs\/en\/","name":"GlareOne","description":"Wyposa\u017cenie Studia","publisher":{"@id":"https:\/\/glareone.eu\/cs\/en\/#organization"},"potentialAction":[{"@type":"SearchAction","target":{"@type":"EntryPoint","urlTemplate":"https:\/\/glareone.eu\/cs\/en\/?s={search_term_string}"},"query-input":{"@type":"PropertyValueSpecification","valueRequired":true,"valueName":"search_term_string"}}],"inLanguage":"cs"},{"@type":"Organization","@id":"https:\/\/glareone.eu\/cs\/en\/#organization","name":"GlareOne","url":"https:\/\/glareone.eu\/cs\/en\/","logo":{"@type":"ImageObject","inLanguage":"cs","@id":"https:\/\/glareone.eu\/cs\/en\/#\/schema\/logo\/image\/","url":"http:\/\/glareone.eu\/wp-content\/uploads\/2024\/05\/glareone_logo2020_RGB-01-e1715773127189.png","contentUrl":"http:\/\/glareone.eu\/wp-content\/uploads\/2024\/05\/glareone_logo2020_RGB-01-e1715773127189.png","width":1270,"height":321,"caption":"GlareOne"},"image":{"@id":"https:\/\/glareone.eu\/cs\/en\/#\/schema\/logo\/image\/"},"sameAs":["https:\/\/www.facebook.com\/GlareOneLighting","https:\/\/www.instagram.com\/glareonelighting\/","https:\/\/www.youtube.com\/@GlareOneTV"]}]}},"_links":{"self":[{"href":"https:\/\/glareone.eu\/cs\/wp-json\/wp\/v2\/product\/18492","targetHints":{"allow":["GET"]}}],"collection":[{"href":"https:\/\/glareone.eu\/cs\/wp-json\/wp\/v2\/product"}],"about":[{"href":"https:\/\/glareone.eu\/cs\/wp-json\/wp\/v2\/types\/product"}],"wp:featuredmedia":[{"embeddable":true,"href":"https:\/\/glareone.eu\/cs\/wp-json\/wp\/v2\/media\/18493"}],"wp:attachment":[{"href":"https:\/\/glareone.eu\/cs\/wp-json\/wp\/v2\/media?parent=18492"}],"wp:term":[{"taxonomy":"product_brand","embeddable":true,"href":"https:\/\/glareone.eu\/cs\/wp-json\/wp\/v2\/product_brand?post=18492"},{"taxonomy":"product_cat","embeddable":true,"href":"https:\/\/glareone.eu\/cs\/wp-json\/wp\/v2\/product_cat?post=18492"},{"taxonomy":"product_tag","embeddable":true,"href":"https:\/\/glareone.eu\/cs\/wp-json\/wp\/v2\/product_tag?post=18492"}],"curies":[{"name":"wp","href":"https:\/\/api.w.org\/{rel}","templated":true}]}}