{"id":18488,"date":"2024-04-18T19:26:24","date_gmt":"2024-04-18T19:26:24","guid":{"rendered":"https:\/\/glareone.eu\/product\/glareone-standard-reflector\/"},"modified":"2025-05-23T13:33:48","modified_gmt":"2025-05-23T13:33:48","slug":"glareone-standard-reflector","status":"publish","type":"product","link":"https:\/\/glareone.eu\/cs\/produkt\/glareone-standard-reflector\/","title":{"rendered":"GlareOne Standard Reflector"},"content":{"rendered":"<h3>Standard<\/h3>\n<p>Tento typ reflektoru je z\u00e1kladn\u00edm modifik\u00e1torem, kter\u00fd by nem\u011bl chyb\u011bt v \u017e\u00e1dn\u00e9m fotografick\u00e9m studiu. Umo\u017e\u0148uje nasm\u011brovat sv\u011btlo z blesku do konkr\u00e9tn\u00edho sm\u011bru a pou\u017e\u00edt ho k p\u0159\u00edm\u00e9mu osv\u011btlen\u00ed fotografick\u00e9ho setu, nebo ho odrazit od difuzoru \u010di nechat proj\u00edt difuz\u00e9rem. Lze ho tak\u00e9 pou\u017e\u00edt v kombinaci s roletou, reflexn\u00edm nebo pr\u016fhledn\u00fdm de\u0161tn\u00edkem, a to d\u00edky tomu, \u017ee st\u00ednidlo m\u00e1 na h\u0159\u00eddeli pr\u016f\u0159ez.<\/p>\n<h3>Sv\u011btlo<\/h3>\n<p>Sv\u011btlo, kter\u00e9 z\u00edsk\u00e1me pomoc\u00ed standardn\u00edho reflektoru, se vyzna\u010duje vysok\u00fdm kontrastem, je sm\u011brov\u00e9 a vytv\u00e1\u0159\u00ed hlubok\u00e9 st\u00edny. D\u00edky tomu jej lze pou\u017e\u00edt k z\u00edsk\u00e1n\u00ed sv\u011btla, kter\u00e9 zd\u016fraz\u0148uje tvar a strukturu fotografovan\u00e9ho objektu. \u00dahel paprsku je p\u0159ibli\u017en\u011b 55\u00b0, co\u017e je ide\u00e1ln\u00ed pro st\u0159edn\u00ed a kr\u00e1tk\u00e9 vzd\u00e1lenosti. Pou\u017eit\u00edm p\u0159\u00eddavn\u00e9 sady Standard Grid Kit s vo\u0161tinovou m\u0159\u00ed\u017ekou lze tento \u00fahel sn\u00ed\u017eit a\u017e o 10\u00b0.<\/p>\n<h3>Vlastnosti produktu:<\/h3>\n<ul>\n<li>Poskytuje ostr\u00e9 a kontrastn\u00ed sv\u011btlo<\/li>\n<li>Umo\u017e\u0148uje nasm\u011brovat a l\u00e9pe ovl\u00e1dat sv\u011btlo z blesku<\/li>\n<li>Navr\u017eeno pro blesky, ale lze pou\u017e\u00edt i s LED sv\u011btly<\/li>\n<li>Lze vybavit p\u0159\u00eddavnou vo\u0161tinou (m\u0159\u00ed\u017ekou)<\/li>\n<li>Je cel\u00e9 vyrobeno z hlin\u00edku<\/li>\n<li>M\u00e1 \u00fachyt Bowens a otvor pro ty\u010d de\u0161tn\u00edku<\/li>\n<li>Lze kombinovat s klapkami<\/li>\n<\/ul>\n","protected":false},"excerpt":{"rendered":"<p>Standard Tento typ reflektoru je z\u00e1kladn\u00edm modifik\u00e1torem, kter\u00fd by nem\u011bl chyb\u011bt v \u017e\u00e1dn\u00e9m fotografick\u00e9m studiu. Umo\u017e\u0148uje nasm\u011brovat sv\u011btlo z blesku do konkr\u00e9tn\u00edho sm\u011bru a pou\u017e\u00edt ho k p\u0159\u00edm\u00e9mu osv\u011btlen\u00ed fotografick\u00e9ho setu, nebo ho odrazit od difuzoru \u010di nechat proj\u00edt difuz\u00e9rem. Lze ho tak\u00e9 pou\u017e\u00edt v kombinaci s roletou, reflexn\u00edm nebo pr\u016fhledn\u00fdm de\u0161tn\u00edkem, a to d\u00edky [&hellip;]<\/p>\n","protected":false},"featured_media":18489,"template":"","meta":[],"product_brand":[],"product_cat":[564],"product_tag":[],"class_list":{"0":"post-18488","1":"product","2":"type-product","3":"status-publish","4":"has-post-thumbnail","6":"product_cat-reflektory-kominky-a-reflektory","8":"first","9":"instock","10":"product-type-simple"},"yoast_head":"<!-- This site is optimized with the Yoast SEO plugin v27.2 - https:\/\/yoast.com\/product\/yoast-seo-wordpress\/ -->\n<title>GlareOne Standard Reflector<\/title>\n<meta name=\"description\" content=\"GlareOne Standard Reflector\" \/>\n<meta name=\"robots\" content=\"index, follow, max-snippet:-1, max-image-preview:large, max-video-preview:-1\" \/>\n<link rel=\"canonical\" href=\"https:\/\/glareone.eu\/cs\/produkt\/glareone-standard-reflector\/\" \/>\n<meta property=\"og:locale\" content=\"cs_CZ\" \/>\n<meta property=\"og:type\" content=\"article\" \/>\n<meta property=\"og:title\" content=\"GlareOne Standard - czasza podstawowa\" \/>\n<meta property=\"og:description\" content=\"GlareOne Standard Reflector\" \/>\n<meta property=\"og:url\" content=\"https:\/\/glareone.eu\/cs\/produkt\/glareone-standard-reflector\/\" \/>\n<meta property=\"og:site_name\" content=\"GlareOne\" \/>\n<meta property=\"article:publisher\" content=\"https:\/\/www.facebook.com\/GlareOneLighting\" \/>\n<meta property=\"article:modified_time\" content=\"2025-05-23T13:33:48+00:00\" \/>\n<meta property=\"og:image\" content=\"https:\/\/glareone.eu\/wp-content\/uploads\/2024\/04\/GlareOne-Standard-01.jpg\" \/>\n\t<meta property=\"og:image:width\" content=\"1200\" \/>\n\t<meta property=\"og:image:height\" content=\"1200\" \/>\n\t<meta property=\"og:image:type\" content=\"image\/jpeg\" \/>\n<meta name=\"twitter:card\" content=\"summary_large_image\" \/>\n<meta name=\"twitter:title\" content=\"GlareOne Standard - czasza podstawowa\" \/>\n<meta name=\"twitter:label1\" content=\"Odhadovan\u00e1 doba \u010dten\u00ed\" \/>\n\t<meta name=\"twitter:data1\" content=\"1 minuta\" \/>\n<script type=\"application\/ld+json\" class=\"yoast-schema-graph\">{\"@context\":\"https:\/\/schema.org\",\"@graph\":[{\"@type\":\"WebPage\",\"@id\":\"https:\/\/glareone.eu\/cs\/produkt\/glareone-standard-reflector\/\",\"url\":\"https:\/\/glareone.eu\/cs\/produkt\/glareone-standard-reflector\/\",\"name\":\"GlareOne Standard Reflector\",\"isPartOf\":{\"@id\":\"https:\/\/glareone.eu\/cs\/en\/#website\"},\"primaryImageOfPage\":{\"@id\":\"https:\/\/glareone.eu\/cs\/produkt\/glareone-standard-reflector\/#primaryimage\"},\"image\":{\"@id\":\"https:\/\/glareone.eu\/cs\/produkt\/glareone-standard-reflector\/#primaryimage\"},\"thumbnailUrl\":\"https:\/\/glareone.eu\/wp-content\/uploads\/2024\/04\/GlareOne-Standard-01.jpg\",\"datePublished\":\"2024-04-18T19:26:24+00:00\",\"dateModified\":\"2025-05-23T13:33:48+00:00\",\"description\":\"GlareOne Standard Reflector\",\"breadcrumb\":{\"@id\":\"https:\/\/glareone.eu\/cs\/produkt\/glareone-standard-reflector\/#breadcrumb\"},\"inLanguage\":\"cs\",\"potentialAction\":[{\"@type\":\"ReadAction\",\"target\":[\"https:\/\/glareone.eu\/cs\/produkt\/glareone-standard-reflector\/\"]}]},{\"@type\":\"ImageObject\",\"inLanguage\":\"cs\",\"@id\":\"https:\/\/glareone.eu\/cs\/produkt\/glareone-standard-reflector\/#primaryimage\",\"url\":\"https:\/\/glareone.eu\/wp-content\/uploads\/2024\/04\/GlareOne-Standard-01.jpg\",\"contentUrl\":\"https:\/\/glareone.eu\/wp-content\/uploads\/2024\/04\/GlareOne-Standard-01.jpg\",\"width\":1200,\"height\":1200},{\"@type\":\"BreadcrumbList\",\"@id\":\"https:\/\/glareone.eu\/cs\/produkt\/glareone-standard-reflector\/#breadcrumb\",\"itemListElement\":[{\"@type\":\"ListItem\",\"position\":1,\"name\":\"Strona g\u0142\u00f3wna\",\"item\":\"https:\/\/glareone.eu\/cs\/\"},{\"@type\":\"ListItem\",\"position\":2,\"name\":\"V\u0161echny produkty\",\"item\":\"https:\/\/glareone.eu\/cs\/produkty\/vsechny-produkty\/\"},{\"@type\":\"ListItem\",\"position\":3,\"name\":\"GlareOne Standard Reflector\"}]},{\"@type\":\"WebSite\",\"@id\":\"https:\/\/glareone.eu\/cs\/en\/#website\",\"url\":\"https:\/\/glareone.eu\/cs\/en\/\",\"name\":\"GlareOne\",\"description\":\"Wyposa\u017cenie Studia\",\"publisher\":{\"@id\":\"https:\/\/glareone.eu\/cs\/en\/#organization\"},\"potentialAction\":[{\"@type\":\"SearchAction\",\"target\":{\"@type\":\"EntryPoint\",\"urlTemplate\":\"https:\/\/glareone.eu\/cs\/en\/?s={search_term_string}\"},\"query-input\":{\"@type\":\"PropertyValueSpecification\",\"valueRequired\":true,\"valueName\":\"search_term_string\"}}],\"inLanguage\":\"cs\"},{\"@type\":\"Organization\",\"@id\":\"https:\/\/glareone.eu\/cs\/en\/#organization\",\"name\":\"GlareOne\",\"url\":\"https:\/\/glareone.eu\/cs\/en\/\",\"logo\":{\"@type\":\"ImageObject\",\"inLanguage\":\"cs\",\"@id\":\"https:\/\/glareone.eu\/cs\/en\/#\/schema\/logo\/image\/\",\"url\":\"http:\/\/glareone.eu\/wp-content\/uploads\/2024\/05\/glareone_logo2020_RGB-01-e1715773127189.png\",\"contentUrl\":\"http:\/\/glareone.eu\/wp-content\/uploads\/2024\/05\/glareone_logo2020_RGB-01-e1715773127189.png\",\"width\":1270,\"height\":321,\"caption\":\"GlareOne\"},\"image\":{\"@id\":\"https:\/\/glareone.eu\/cs\/en\/#\/schema\/logo\/image\/\"},\"sameAs\":[\"https:\/\/www.facebook.com\/GlareOneLighting\",\"https:\/\/www.instagram.com\/glareonelighting\/\",\"https:\/\/www.youtube.com\/@GlareOneTV\"]}]}<\/script>\n<!-- \/ Yoast SEO plugin. -->","yoast_head_json":{"title":"GlareOne Standard Reflector","description":"GlareOne Standard Reflector","robots":{"index":"index","follow":"follow","max-snippet":"max-snippet:-1","max-image-preview":"max-image-preview:large","max-video-preview":"max-video-preview:-1"},"canonical":"https:\/\/glareone.eu\/cs\/produkt\/glareone-standard-reflector\/","og_locale":"cs_CZ","og_type":"article","og_title":"GlareOne Standard - czasza podstawowa","og_description":"GlareOne Standard Reflector","og_url":"https:\/\/glareone.eu\/cs\/produkt\/glareone-standard-reflector\/","og_site_name":"GlareOne","article_publisher":"https:\/\/www.facebook.com\/GlareOneLighting","article_modified_time":"2025-05-23T13:33:48+00:00","og_image":[{"width":1200,"height":1200,"url":"https:\/\/glareone.eu\/wp-content\/uploads\/2024\/04\/GlareOne-Standard-01.jpg","type":"image\/jpeg"}],"twitter_card":"summary_large_image","twitter_title":"GlareOne Standard - czasza podstawowa","twitter_misc":{"Odhadovan\u00e1 doba \u010dten\u00ed":"1 minuta"},"schema":{"@context":"https:\/\/schema.org","@graph":[{"@type":"WebPage","@id":"https:\/\/glareone.eu\/cs\/produkt\/glareone-standard-reflector\/","url":"https:\/\/glareone.eu\/cs\/produkt\/glareone-standard-reflector\/","name":"GlareOne Standard Reflector","isPartOf":{"@id":"https:\/\/glareone.eu\/cs\/en\/#website"},"primaryImageOfPage":{"@id":"https:\/\/glareone.eu\/cs\/produkt\/glareone-standard-reflector\/#primaryimage"},"image":{"@id":"https:\/\/glareone.eu\/cs\/produkt\/glareone-standard-reflector\/#primaryimage"},"thumbnailUrl":"https:\/\/glareone.eu\/wp-content\/uploads\/2024\/04\/GlareOne-Standard-01.jpg","datePublished":"2024-04-18T19:26:24+00:00","dateModified":"2025-05-23T13:33:48+00:00","description":"GlareOne Standard Reflector","breadcrumb":{"@id":"https:\/\/glareone.eu\/cs\/produkt\/glareone-standard-reflector\/#breadcrumb"},"inLanguage":"cs","potentialAction":[{"@type":"ReadAction","target":["https:\/\/glareone.eu\/cs\/produkt\/glareone-standard-reflector\/"]}]},{"@type":"ImageObject","inLanguage":"cs","@id":"https:\/\/glareone.eu\/cs\/produkt\/glareone-standard-reflector\/#primaryimage","url":"https:\/\/glareone.eu\/wp-content\/uploads\/2024\/04\/GlareOne-Standard-01.jpg","contentUrl":"https:\/\/glareone.eu\/wp-content\/uploads\/2024\/04\/GlareOne-Standard-01.jpg","width":1200,"height":1200},{"@type":"BreadcrumbList","@id":"https:\/\/glareone.eu\/cs\/produkt\/glareone-standard-reflector\/#breadcrumb","itemListElement":[{"@type":"ListItem","position":1,"name":"Strona g\u0142\u00f3wna","item":"https:\/\/glareone.eu\/cs\/"},{"@type":"ListItem","position":2,"name":"V\u0161echny produkty","item":"https:\/\/glareone.eu\/cs\/produkty\/vsechny-produkty\/"},{"@type":"ListItem","position":3,"name":"GlareOne Standard Reflector"}]},{"@type":"WebSite","@id":"https:\/\/glareone.eu\/cs\/en\/#website","url":"https:\/\/glareone.eu\/cs\/en\/","name":"GlareOne","description":"Wyposa\u017cenie Studia","publisher":{"@id":"https:\/\/glareone.eu\/cs\/en\/#organization"},"potentialAction":[{"@type":"SearchAction","target":{"@type":"EntryPoint","urlTemplate":"https:\/\/glareone.eu\/cs\/en\/?s={search_term_string}"},"query-input":{"@type":"PropertyValueSpecification","valueRequired":true,"valueName":"search_term_string"}}],"inLanguage":"cs"},{"@type":"Organization","@id":"https:\/\/glareone.eu\/cs\/en\/#organization","name":"GlareOne","url":"https:\/\/glareone.eu\/cs\/en\/","logo":{"@type":"ImageObject","inLanguage":"cs","@id":"https:\/\/glareone.eu\/cs\/en\/#\/schema\/logo\/image\/","url":"http:\/\/glareone.eu\/wp-content\/uploads\/2024\/05\/glareone_logo2020_RGB-01-e1715773127189.png","contentUrl":"http:\/\/glareone.eu\/wp-content\/uploads\/2024\/05\/glareone_logo2020_RGB-01-e1715773127189.png","width":1270,"height":321,"caption":"GlareOne"},"image":{"@id":"https:\/\/glareone.eu\/cs\/en\/#\/schema\/logo\/image\/"},"sameAs":["https:\/\/www.facebook.com\/GlareOneLighting","https:\/\/www.instagram.com\/glareonelighting\/","https:\/\/www.youtube.com\/@GlareOneTV"]}]}},"_links":{"self":[{"href":"https:\/\/glareone.eu\/cs\/wp-json\/wp\/v2\/product\/18488","targetHints":{"allow":["GET"]}}],"collection":[{"href":"https:\/\/glareone.eu\/cs\/wp-json\/wp\/v2\/product"}],"about":[{"href":"https:\/\/glareone.eu\/cs\/wp-json\/wp\/v2\/types\/product"}],"wp:featuredmedia":[{"embeddable":true,"href":"https:\/\/glareone.eu\/cs\/wp-json\/wp\/v2\/media\/18489"}],"wp:attachment":[{"href":"https:\/\/glareone.eu\/cs\/wp-json\/wp\/v2\/media?parent=18488"}],"wp:term":[{"taxonomy":"product_brand","embeddable":true,"href":"https:\/\/glareone.eu\/cs\/wp-json\/wp\/v2\/product_brand?post=18488"},{"taxonomy":"product_cat","embeddable":true,"href":"https:\/\/glareone.eu\/cs\/wp-json\/wp\/v2\/product_cat?post=18488"},{"taxonomy":"product_tag","embeddable":true,"href":"https:\/\/glareone.eu\/cs\/wp-json\/wp\/v2\/product_tag?post=18488"}],"curies":[{"name":"wp","href":"https:\/\/api.w.org\/{rel}","templated":true}]}}