{"id":18484,"date":"2024-04-18T19:26:20","date_gmt":"2024-04-18T19:26:20","guid":{"rendered":"https:\/\/glareone.eu\/product\/glareone-barn-door-kit-with-grid-and-gels-for-18cm-reflectors\/"},"modified":"2025-05-23T13:31:08","modified_gmt":"2025-05-23T13:31:08","slug":"glareone-barn-door-kit-with-grid-and-gels-for-18cm-reflectors","status":"publish","type":"product","link":"https:\/\/glareone.eu\/cs\/produkt\/glareone-barn-door-kit-with-grid-and-gels-for-18cm-reflectors\/","title":{"rendered":"GlareOne Barn Door Kit with Grid and Gels for 18cm Reflectors"},"content":{"rendered":"<p><span style=\"font-weight: 400;\">Klapky GlareOne jsou p\u0159izp\u016fsobeny reflektoru o pr\u016fm\u011bru 18 cm a slou\u017e\u00ed k modelov\u00e1n\u00ed sv\u011btla dopadaj\u00edc\u00edho na sc\u00e9nu. Polohu k\u0159\u00eddel klapek lze nastavit, co\u017e pom\u00e1h\u00e1 nejen p\u0159i \u00faprav\u011b sv\u011btla, ale tak\u00e9 umo\u017e\u0148uje omezit efekt odlesk\u016f v objektivu nebo rozptyl sv\u011btla na objekty, kter\u00e9 chcete nechat ve st\u00ednu.<\/span><\/p>\n<p><span style=\"font-weight: 400;\">Sou\u010d\u00e1st\u00ed balen\u00ed s barndoors je tak\u00e9 vo\u0161tina pro lep\u0161\u00ed kontrolu sv\u011btla a sada \u010dty\u0159 z\u00e1kladn\u00edch barevn\u00fdch filtr\u016f (\u017elut\u00fd, \u010derven\u00fd, zelen\u00fd, modr\u00fd). Tyto filtry jsou p\u0159ipevn\u011bny k kovov\u00fdm r\u00e1m\u016fm, kter\u00e9 lze snadno namontovat do barndoors pomoc\u00ed vestav\u011bn\u00fdch magnet\u016f.<\/span><\/p>\n<h3><b>Vlastnosti produktu:<\/b><\/h3>\n<ul>\n<li style=\"font-weight: 400;\" aria-level=\"1\"><span style=\"font-weight: 400;\">hod\u00ed se t\u00e9m\u011b\u0159 na v\u0161echny reflektory o pr\u016fm\u011bru 18 cm (7&#8243;)<\/span><\/li>\n<li style=\"font-weight: 400;\" aria-level=\"1\"><span style=\"font-weight: 400;\">sou\u010d\u00e1st\u00ed balen\u00ed je sada barevn\u00fdch filtr\u016f (\u017elut\u00fd, \u010derven\u00fd, zelen\u00fd, modr\u00fd)<\/span><\/li>\n<li style=\"font-weight: 400;\" aria-level=\"1\"><span style=\"font-weight: 400;\">dod\u00e1v\u00e1no s vo\u0161tinou 30\u00b0, kter\u00e1 umo\u017e\u0148uje p\u0159esn\u011bj\u0161\u00ed kontrolu sv\u011btla<\/span><\/li>\n<li style=\"font-weight: 400;\" aria-level=\"1\"><span style=\"font-weight: 400;\">vyrobeno v\u00fdhradn\u011b z kovu<\/span><\/li>\n<\/ul>\n","protected":false},"excerpt":{"rendered":"<p>Klapky GlareOne jsou p\u0159izp\u016fsobeny reflektoru o pr\u016fm\u011bru 18 cm a slou\u017e\u00ed k modelov\u00e1n\u00ed sv\u011btla dopadaj\u00edc\u00edho na sc\u00e9nu. Polohu k\u0159\u00eddel klapek lze nastavit, co\u017e pom\u00e1h\u00e1 nejen p\u0159i \u00faprav\u011b sv\u011btla, ale tak\u00e9 umo\u017e\u0148uje omezit efekt odlesk\u016f v objektivu nebo rozptyl sv\u011btla na objekty, kter\u00e9 chcete nechat ve st\u00ednu. Sou\u010d\u00e1st\u00ed balen\u00ed s barndoors je tak\u00e9 vo\u0161tina pro lep\u0161\u00ed [&hellip;]<\/p>\n","protected":false},"featured_media":18485,"template":"","meta":[],"product_brand":[],"product_cat":[564],"product_tag":[],"class_list":{"0":"post-18484","1":"product","2":"type-product","3":"status-publish","4":"has-post-thumbnail","6":"product_cat-reflektory-kominky-a-reflektory","8":"first","9":"instock","10":"product-type-simple"},"yoast_head":"<!-- This site is optimized with the Yoast SEO plugin v27.2 - https:\/\/yoast.com\/product\/yoast-seo-wordpress\/ -->\n<title>GlareOne Barn Door Kit with Grid and Gels<\/title>\n<meta name=\"description\" content=\"GlareOne Barn Door Kit with Grid and Gels for 18cm Reflectors\" \/>\n<meta name=\"robots\" content=\"index, follow, max-snippet:-1, max-image-preview:large, max-video-preview:-1\" \/>\n<link rel=\"canonical\" href=\"https:\/\/glareone.eu\/cs\/produkt\/glareone-barn-door-kit-with-grid-and-gels-for-18cm-reflectors\/\" \/>\n<meta property=\"og:locale\" content=\"cs_CZ\" \/>\n<meta property=\"og:type\" content=\"article\" \/>\n<meta property=\"og:title\" content=\"GlareOne Wrota z plastrem miodu i zestawem filtr\u00f3w kolorowych do czasz 18 cm\" \/>\n<meta property=\"og:description\" content=\"GlareOne Barn Door Kit with Grid and Gels for 18cm Reflectors\" \/>\n<meta property=\"og:url\" content=\"https:\/\/glareone.eu\/cs\/produkt\/glareone-barn-door-kit-with-grid-and-gels-for-18cm-reflectors\/\" \/>\n<meta property=\"og:site_name\" content=\"GlareOne\" \/>\n<meta property=\"article:publisher\" content=\"https:\/\/www.facebook.com\/GlareOneLighting\" \/>\n<meta property=\"article:modified_time\" content=\"2025-05-23T13:31:08+00:00\" \/>\n<meta property=\"og:image\" content=\"https:\/\/glareone.eu\/wp-content\/uploads\/2024\/04\/SBD65-10-B.jpg\" \/>\n\t<meta property=\"og:image:width\" content=\"1000\" \/>\n\t<meta property=\"og:image:height\" content=\"1000\" \/>\n\t<meta property=\"og:image:type\" content=\"image\/jpeg\" \/>\n<meta name=\"twitter:card\" content=\"summary_large_image\" \/>\n<meta name=\"twitter:title\" content=\"GlareOne Wrota z plastrem miodu i zestawem filtr\u00f3w kolorowych do czasz 18 cm\" \/>\n<meta name=\"twitter:label1\" content=\"Odhadovan\u00e1 doba \u010dten\u00ed\" \/>\n\t<meta name=\"twitter:data1\" content=\"1 minuta\" \/>\n<script type=\"application\/ld+json\" class=\"yoast-schema-graph\">{\"@context\":\"https:\/\/schema.org\",\"@graph\":[{\"@type\":\"WebPage\",\"@id\":\"https:\/\/glareone.eu\/cs\/produkt\/glareone-barn-door-kit-with-grid-and-gels-for-18cm-reflectors\/\",\"url\":\"https:\/\/glareone.eu\/cs\/produkt\/glareone-barn-door-kit-with-grid-and-gels-for-18cm-reflectors\/\",\"name\":\"GlareOne Barn Door Kit with Grid and Gels\",\"isPartOf\":{\"@id\":\"https:\/\/glareone.eu\/cs\/en\/#website\"},\"primaryImageOfPage\":{\"@id\":\"https:\/\/glareone.eu\/cs\/produkt\/glareone-barn-door-kit-with-grid-and-gels-for-18cm-reflectors\/#primaryimage\"},\"image\":{\"@id\":\"https:\/\/glareone.eu\/cs\/produkt\/glareone-barn-door-kit-with-grid-and-gels-for-18cm-reflectors\/#primaryimage\"},\"thumbnailUrl\":\"https:\/\/glareone.eu\/wp-content\/uploads\/2024\/04\/SBD65-10-B.jpg\",\"datePublished\":\"2024-04-18T19:26:20+00:00\",\"dateModified\":\"2025-05-23T13:31:08+00:00\",\"description\":\"GlareOne Barn Door Kit with Grid and Gels for 18cm Reflectors\",\"breadcrumb\":{\"@id\":\"https:\/\/glareone.eu\/cs\/produkt\/glareone-barn-door-kit-with-grid-and-gels-for-18cm-reflectors\/#breadcrumb\"},\"inLanguage\":\"cs\",\"potentialAction\":[{\"@type\":\"ReadAction\",\"target\":[\"https:\/\/glareone.eu\/cs\/produkt\/glareone-barn-door-kit-with-grid-and-gels-for-18cm-reflectors\/\"]}]},{\"@type\":\"ImageObject\",\"inLanguage\":\"cs\",\"@id\":\"https:\/\/glareone.eu\/cs\/produkt\/glareone-barn-door-kit-with-grid-and-gels-for-18cm-reflectors\/#primaryimage\",\"url\":\"https:\/\/glareone.eu\/wp-content\/uploads\/2024\/04\/SBD65-10-B.jpg\",\"contentUrl\":\"https:\/\/glareone.eu\/wp-content\/uploads\/2024\/04\/SBD65-10-B.jpg\",\"width\":1000,\"height\":1000,\"caption\":\"PLATINSTUDIO.COM\"},{\"@type\":\"BreadcrumbList\",\"@id\":\"https:\/\/glareone.eu\/cs\/produkt\/glareone-barn-door-kit-with-grid-and-gels-for-18cm-reflectors\/#breadcrumb\",\"itemListElement\":[{\"@type\":\"ListItem\",\"position\":1,\"name\":\"Strona g\u0142\u00f3wna\",\"item\":\"https:\/\/glareone.eu\/cs\/\"},{\"@type\":\"ListItem\",\"position\":2,\"name\":\"V\u0161echny produkty\",\"item\":\"https:\/\/glareone.eu\/cs\/produkty\/vsechny-produkty\/\"},{\"@type\":\"ListItem\",\"position\":3,\"name\":\"GlareOne Barn Door Kit with Grid and Gels for 18cm Reflectors\"}]},{\"@type\":\"WebSite\",\"@id\":\"https:\/\/glareone.eu\/cs\/en\/#website\",\"url\":\"https:\/\/glareone.eu\/cs\/en\/\",\"name\":\"GlareOne\",\"description\":\"Wyposa\u017cenie Studia\",\"publisher\":{\"@id\":\"https:\/\/glareone.eu\/cs\/en\/#organization\"},\"potentialAction\":[{\"@type\":\"SearchAction\",\"target\":{\"@type\":\"EntryPoint\",\"urlTemplate\":\"https:\/\/glareone.eu\/cs\/en\/?s={search_term_string}\"},\"query-input\":{\"@type\":\"PropertyValueSpecification\",\"valueRequired\":true,\"valueName\":\"search_term_string\"}}],\"inLanguage\":\"cs\"},{\"@type\":\"Organization\",\"@id\":\"https:\/\/glareone.eu\/cs\/en\/#organization\",\"name\":\"GlareOne\",\"url\":\"https:\/\/glareone.eu\/cs\/en\/\",\"logo\":{\"@type\":\"ImageObject\",\"inLanguage\":\"cs\",\"@id\":\"https:\/\/glareone.eu\/cs\/en\/#\/schema\/logo\/image\/\",\"url\":\"http:\/\/glareone.eu\/wp-content\/uploads\/2024\/05\/glareone_logo2020_RGB-01-e1715773127189.png\",\"contentUrl\":\"http:\/\/glareone.eu\/wp-content\/uploads\/2024\/05\/glareone_logo2020_RGB-01-e1715773127189.png\",\"width\":1270,\"height\":321,\"caption\":\"GlareOne\"},\"image\":{\"@id\":\"https:\/\/glareone.eu\/cs\/en\/#\/schema\/logo\/image\/\"},\"sameAs\":[\"https:\/\/www.facebook.com\/GlareOneLighting\",\"https:\/\/www.instagram.com\/glareonelighting\/\",\"https:\/\/www.youtube.com\/@GlareOneTV\"]}]}<\/script>\n<!-- \/ Yoast SEO plugin. -->","yoast_head_json":{"title":"GlareOne Barn Door Kit with Grid and Gels","description":"GlareOne Barn Door Kit with Grid and Gels for 18cm Reflectors","robots":{"index":"index","follow":"follow","max-snippet":"max-snippet:-1","max-image-preview":"max-image-preview:large","max-video-preview":"max-video-preview:-1"},"canonical":"https:\/\/glareone.eu\/cs\/produkt\/glareone-barn-door-kit-with-grid-and-gels-for-18cm-reflectors\/","og_locale":"cs_CZ","og_type":"article","og_title":"GlareOne Wrota z plastrem miodu i zestawem filtr\u00f3w kolorowych do czasz 18 cm","og_description":"GlareOne Barn Door Kit with Grid and Gels for 18cm Reflectors","og_url":"https:\/\/glareone.eu\/cs\/produkt\/glareone-barn-door-kit-with-grid-and-gels-for-18cm-reflectors\/","og_site_name":"GlareOne","article_publisher":"https:\/\/www.facebook.com\/GlareOneLighting","article_modified_time":"2025-05-23T13:31:08+00:00","og_image":[{"width":1000,"height":1000,"url":"https:\/\/glareone.eu\/wp-content\/uploads\/2024\/04\/SBD65-10-B.jpg","type":"image\/jpeg"}],"twitter_card":"summary_large_image","twitter_title":"GlareOne Wrota z plastrem miodu i zestawem filtr\u00f3w kolorowych do czasz 18 cm","twitter_misc":{"Odhadovan\u00e1 doba \u010dten\u00ed":"1 minuta"},"schema":{"@context":"https:\/\/schema.org","@graph":[{"@type":"WebPage","@id":"https:\/\/glareone.eu\/cs\/produkt\/glareone-barn-door-kit-with-grid-and-gels-for-18cm-reflectors\/","url":"https:\/\/glareone.eu\/cs\/produkt\/glareone-barn-door-kit-with-grid-and-gels-for-18cm-reflectors\/","name":"GlareOne Barn Door Kit with Grid and Gels","isPartOf":{"@id":"https:\/\/glareone.eu\/cs\/en\/#website"},"primaryImageOfPage":{"@id":"https:\/\/glareone.eu\/cs\/produkt\/glareone-barn-door-kit-with-grid-and-gels-for-18cm-reflectors\/#primaryimage"},"image":{"@id":"https:\/\/glareone.eu\/cs\/produkt\/glareone-barn-door-kit-with-grid-and-gels-for-18cm-reflectors\/#primaryimage"},"thumbnailUrl":"https:\/\/glareone.eu\/wp-content\/uploads\/2024\/04\/SBD65-10-B.jpg","datePublished":"2024-04-18T19:26:20+00:00","dateModified":"2025-05-23T13:31:08+00:00","description":"GlareOne Barn Door Kit with Grid and Gels for 18cm Reflectors","breadcrumb":{"@id":"https:\/\/glareone.eu\/cs\/produkt\/glareone-barn-door-kit-with-grid-and-gels-for-18cm-reflectors\/#breadcrumb"},"inLanguage":"cs","potentialAction":[{"@type":"ReadAction","target":["https:\/\/glareone.eu\/cs\/produkt\/glareone-barn-door-kit-with-grid-and-gels-for-18cm-reflectors\/"]}]},{"@type":"ImageObject","inLanguage":"cs","@id":"https:\/\/glareone.eu\/cs\/produkt\/glareone-barn-door-kit-with-grid-and-gels-for-18cm-reflectors\/#primaryimage","url":"https:\/\/glareone.eu\/wp-content\/uploads\/2024\/04\/SBD65-10-B.jpg","contentUrl":"https:\/\/glareone.eu\/wp-content\/uploads\/2024\/04\/SBD65-10-B.jpg","width":1000,"height":1000,"caption":"PLATINSTUDIO.COM"},{"@type":"BreadcrumbList","@id":"https:\/\/glareone.eu\/cs\/produkt\/glareone-barn-door-kit-with-grid-and-gels-for-18cm-reflectors\/#breadcrumb","itemListElement":[{"@type":"ListItem","position":1,"name":"Strona g\u0142\u00f3wna","item":"https:\/\/glareone.eu\/cs\/"},{"@type":"ListItem","position":2,"name":"V\u0161echny produkty","item":"https:\/\/glareone.eu\/cs\/produkty\/vsechny-produkty\/"},{"@type":"ListItem","position":3,"name":"GlareOne Barn Door Kit with Grid and Gels for 18cm Reflectors"}]},{"@type":"WebSite","@id":"https:\/\/glareone.eu\/cs\/en\/#website","url":"https:\/\/glareone.eu\/cs\/en\/","name":"GlareOne","description":"Wyposa\u017cenie Studia","publisher":{"@id":"https:\/\/glareone.eu\/cs\/en\/#organization"},"potentialAction":[{"@type":"SearchAction","target":{"@type":"EntryPoint","urlTemplate":"https:\/\/glareone.eu\/cs\/en\/?s={search_term_string}"},"query-input":{"@type":"PropertyValueSpecification","valueRequired":true,"valueName":"search_term_string"}}],"inLanguage":"cs"},{"@type":"Organization","@id":"https:\/\/glareone.eu\/cs\/en\/#organization","name":"GlareOne","url":"https:\/\/glareone.eu\/cs\/en\/","logo":{"@type":"ImageObject","inLanguage":"cs","@id":"https:\/\/glareone.eu\/cs\/en\/#\/schema\/logo\/image\/","url":"http:\/\/glareone.eu\/wp-content\/uploads\/2024\/05\/glareone_logo2020_RGB-01-e1715773127189.png","contentUrl":"http:\/\/glareone.eu\/wp-content\/uploads\/2024\/05\/glareone_logo2020_RGB-01-e1715773127189.png","width":1270,"height":321,"caption":"GlareOne"},"image":{"@id":"https:\/\/glareone.eu\/cs\/en\/#\/schema\/logo\/image\/"},"sameAs":["https:\/\/www.facebook.com\/GlareOneLighting","https:\/\/www.instagram.com\/glareonelighting\/","https:\/\/www.youtube.com\/@GlareOneTV"]}]}},"_links":{"self":[{"href":"https:\/\/glareone.eu\/cs\/wp-json\/wp\/v2\/product\/18484","targetHints":{"allow":["GET"]}}],"collection":[{"href":"https:\/\/glareone.eu\/cs\/wp-json\/wp\/v2\/product"}],"about":[{"href":"https:\/\/glareone.eu\/cs\/wp-json\/wp\/v2\/types\/product"}],"wp:featuredmedia":[{"embeddable":true,"href":"https:\/\/glareone.eu\/cs\/wp-json\/wp\/v2\/media\/18485"}],"wp:attachment":[{"href":"https:\/\/glareone.eu\/cs\/wp-json\/wp\/v2\/media?parent=18484"}],"wp:term":[{"taxonomy":"product_brand","embeddable":true,"href":"https:\/\/glareone.eu\/cs\/wp-json\/wp\/v2\/product_brand?post=18484"},{"taxonomy":"product_cat","embeddable":true,"href":"https:\/\/glareone.eu\/cs\/wp-json\/wp\/v2\/product_cat?post=18484"},{"taxonomy":"product_tag","embeddable":true,"href":"https:\/\/glareone.eu\/cs\/wp-json\/wp\/v2\/product_tag?post=18484"}],"curies":[{"name":"wp","href":"https:\/\/api.w.org\/{rel}","templated":true}]}}