{"id":18475,"date":"2024-04-18T19:26:18","date_gmt":"2024-04-18T19:26:18","guid":{"rendered":"https:\/\/glareone.eu\/product\/glareone-led-ring-lamp-60w\/"},"modified":"2025-10-30T09:21:53","modified_gmt":"2025-10-30T09:21:53","slug":"glareone-led-ring-lamp-60w","status":"publish","type":"product","link":"https:\/\/glareone.eu\/cs\/produkt\/glareone-led-ring-lamp-60w\/","title":{"rendered":"GlareOne LED ring lamp 60W 3000-6000K AC \/ DC"},"content":{"rendered":"<p><span style=\"font-weight: 400;\">LED kruhov\u00e1 lampa GlareOne 60W s nastavitelnou jasnost\u00ed a barevnou teplotou 3000-6000K s mo\u017enost\u00ed nap\u00e1jen\u00ed z baterie nebo 230V.<\/span><\/p>\n<p><span style=\"font-weight: 400;\">Lampa m\u00e1 vestav\u011bn\u00fd difuzor, kter\u00fd rozptyluje a zjem\u0148uje sv\u011btlo. Na vnit\u0159n\u00ed stran\u011b kruhu jsou dv\u011b patice (horn\u00ed a doln\u00ed) \/ dr\u017e\u00e1ky ve standardn\u00edm hork\u00e9m bot\u011b pro p\u0159ipevn\u011bn\u00ed p\u0159\u00edslu\u0161enstv\u00ed, jako je kulov\u00e1 hlava. Vedle nap\u00e1jec\u00ed z\u00e1suvky jsou dva knofl\u00edky pro nastaven\u00ed jasu a barevn\u00e9 teploty. Lampa m\u00e1 standardn\u00ed stativov\u00fd dr\u017e\u00e1k s kloubem, kter\u00fd umo\u017e\u0148uje naklonit lampu dop\u0159edu\/dozadu v rozsahu +\/-90\u00ba. Sada obsahuje s\u00ed\u0165ov\u00fd adapt\u00e9r. Blesk funguje dob\u0159e jako zdroj sv\u011btla p\u0159i portr\u00e9tn\u00edch a beauty focen\u00edch, produktov\u00e9 fotografii, makrofotografii nebo p\u0159i l\u00ed\u010den\u00ed.<\/span><\/p>\n<p><span style=\"font-weight: 400;\">Na zadn\u00edm panelu lampy jsou dva sloty pro baterie Sony F970\/F750, kter\u00e9 umo\u017e\u0148uj\u00ed pou\u017eit\u00ed lampy v ter\u00e9nu nebo b\u011bhem focen\u00ed, kdy nem\u00e1te p\u0159\u00edstup k nap\u00e1jen\u00ed ze s\u00edt\u011b. To se tak\u00e9 osv\u011bd\u010duje jako velmi praktick\u00e1 volba p\u0159i l\u00ed\u010den\u00ed, kdy nap\u00e1jec\u00ed kabely p\u0159ek\u00e1\u017eej\u00ed p\u0159i \u010dast\u00e9m m\u011bn\u011bn\u00ed polohy nebo m\u00edsta pou\u017eit\u00ed lampy.<\/span><\/p>\n<h4><b>V\u00fdhody kruhov\u00fdch sv\u011btel GlareOne:<\/b><\/h4>\n<ul>\n<li style=\"font-weight: 400;\" aria-level=\"1\"><span style=\"font-weight: 400;\">lampa je dod\u00e1v\u00e1na s praktick\u00fdm p\u0159enosn\u00fdm kuf\u0159\u00edkem \/ bra\u0161nou p\u0159es rameno pro snadnou p\u0159epravu produktu<\/span><\/li>\n<li style=\"font-weight: 400;\" aria-level=\"1\"><span style=\"font-weight: 400;\">umo\u017e\u0148uje rovnom\u011brn\u00e9 osv\u011btlen\u00ed fotografovan\u00e9 nebo filmovan\u00e9 sc\u00e9ny<\/span><\/li>\n<li style=\"font-weight: 400;\" aria-level=\"1\"><span style=\"font-weight: 400;\">obklopuje objektiv konstantn\u00edm, rovnom\u011brn\u00fdm, m\u011bkk\u00fdm sv\u011btlem bez odlesk\u016f<\/span><\/li>\n<li style=\"font-weight: 400;\" aria-level=\"1\"><span style=\"font-weight: 400;\">bez dal\u0161\u00edch modifik\u00e1tor\u016f eliminuje st\u00edny vznikaj\u00edc\u00ed na krku \/ pod bradou v r\u00e1mech \/ portr\u00e9tn\u00edch sn\u00edmc\u00edch<\/span><\/li>\n<li style=\"font-weight: 400;\" aria-level=\"1\"><span style=\"font-weight: 400;\">plynul\u00e1 regulace v\u00fdkonu umo\u017e\u0148uje p\u0159izp\u016fsobit jas individu\u00e1ln\u00edm pot\u0159eb\u00e1m<\/span><\/li>\n<li style=\"font-weight: 400;\" aria-level=\"1\"><span style=\"font-weight: 400;\">plynul\u00e1 regulace barevn\u00e9 teploty umo\u017e\u0148uje p\u0159izp\u016fsobit barvu sv\u011btla osv\u011btlen\u00ed<\/span><\/li>\n<li style=\"font-weight: 400;\" aria-level=\"1\"><span style=\"font-weight: 400;\">nepostradateln\u00e9 p\u0159i portr\u00e9tn\u00edch focen\u00edch, produktov\u00e9 fotografii nebo makrofotografii<\/span><\/li>\n<li style=\"font-weight: 400;\" aria-level=\"1\"><span style=\"font-weight: 400;\">univerz\u00e1ln\u00ed, lze p\u0159ipevnit na stativ, st\u00ednov\u00fd st\u016fl, na dr\u017e\u00e1k s nastaviteln\u00fdm \u00fahlem sklonu<\/span><\/li>\n<li style=\"font-weight: 400;\" aria-level=\"1\"><span style=\"font-weight: 400;\">snadn\u00e9 pou\u017eit\u00ed, doporu\u010deno tak\u00e9 pro amat\u00e9ry a osoby fotografuj\u00edc\u00ed smartphony<\/span><\/li>\n<li style=\"font-weight: 400;\" aria-level=\"1\"><span style=\"font-weight: 400;\">maj\u00ed mont\u00e1\u017en\u00ed dr\u017e\u00e1k \/ san\u011b pro p\u0159\u00edslu\u0161enstv\u00ed, jako je dr\u017e\u00e1k na smartphone nebo tablet, zrcadlo<\/span><\/li>\n<\/ul>\n<h4><b>Obsah balen\u00ed:<\/b><\/h4>\n<ul>\n<li style=\"font-weight: 400;\" aria-level=\"1\"><span style=\"font-weight: 400;\">LED lampa<\/span><\/li>\n<li style=\"font-weight: 400;\" aria-level=\"1\"><span style=\"font-weight: 400;\">dr\u017e\u00e1k na telefon<\/span><\/li>\n<li style=\"font-weight: 400;\" aria-level=\"1\"><span style=\"font-weight: 400;\">mini kulov\u00e1 hlava<\/span><\/li>\n<li style=\"font-weight: 400;\" aria-level=\"1\"><span style=\"font-weight: 400;\">nap\u00e1jec\u00ed zdroj s 200cm kabelem<\/span><\/li>\n<li style=\"font-weight: 400;\" aria-level=\"1\"><span style=\"font-weight: 400;\">p\u0159epravn\u00ed ta\u0161ka<\/span><\/li>\n<\/ul>\n","protected":false},"excerpt":{"rendered":"<p><span style=\"color: #ff0000;\">Archivovan\u00fd produkt.<\/span><\/p>\n","protected":false},"featured_media":18476,"template":"","meta":[],"product_brand":[],"product_cat":[555],"product_tag":[],"class_list":{"0":"post-18475","1":"product","2":"type-product","3":"status-publish","4":"has-post-thumbnail","6":"product_cat-krouzkove-lampy","8":"first","9":"instock","10":"product-type-simple"},"yoast_head":"<!-- This site is optimized with the Yoast SEO plugin v27.2 - https:\/\/yoast.com\/product\/yoast-seo-wordpress\/ -->\n<title>GlareOne LED 60W 3000-6000K AC \/ DC - lampa pier\u015bcieniowa<\/title>\n<meta name=\"description\" content=\"GlareOne LED 60W 3000-6000K AC \/ DC - lampa pier\u015bcieniowa\" \/>\n<meta name=\"robots\" content=\"index, follow, max-snippet:-1, max-image-preview:large, max-video-preview:-1\" \/>\n<link rel=\"canonical\" href=\"https:\/\/glareone.eu\/cs\/produkt\/glareone-led-ring-lamp-60w\/\" \/>\n<meta property=\"og:locale\" content=\"cs_CZ\" \/>\n<meta property=\"og:type\" content=\"article\" \/>\n<meta property=\"og:title\" content=\"GlareOne LED 60W 3000-6000K AC \/ DC - lampa pier\u015bcieniowa\" \/>\n<meta property=\"og:description\" content=\"GlareOne LED 60W 3000-6000K AC \/ DC - lampa pier\u015bcieniowa\" \/>\n<meta property=\"og:url\" content=\"https:\/\/glareone.eu\/cs\/produkt\/glareone-led-ring-lamp-60w\/\" \/>\n<meta property=\"og:site_name\" content=\"GlareOne\" \/>\n<meta property=\"article:publisher\" content=\"https:\/\/www.facebook.com\/GlareOneLighting\" \/>\n<meta property=\"article:modified_time\" content=\"2025-10-30T09:21:53+00:00\" \/>\n<meta property=\"og:image\" content=\"https:\/\/glareone.eu\/wp-content\/uploads\/2024\/04\/SRLED48_00.jpg\" \/>\n\t<meta property=\"og:image:width\" content=\"1000\" \/>\n\t<meta property=\"og:image:height\" content=\"1000\" \/>\n\t<meta property=\"og:image:type\" content=\"image\/jpeg\" \/>\n<meta name=\"twitter:card\" content=\"summary_large_image\" \/>\n<meta name=\"twitter:title\" content=\"GlareOne LED 60W 3000-6000K AC \/ DC - lampa pier\u015bcieniowa\" \/>\n<meta name=\"twitter:label1\" content=\"Odhadovan\u00e1 doba \u010dten\u00ed\" \/>\n\t<meta name=\"twitter:data1\" content=\"2 minuty\" \/>\n<script type=\"application\/ld+json\" class=\"yoast-schema-graph\">{\"@context\":\"https:\/\/schema.org\",\"@graph\":[{\"@type\":\"WebPage\",\"@id\":\"https:\/\/glareone.eu\/cs\/produkt\/glareone-led-ring-lamp-60w\/\",\"url\":\"https:\/\/glareone.eu\/cs\/produkt\/glareone-led-ring-lamp-60w\/\",\"name\":\"GlareOne LED 60W 3000-6000K AC \/ DC - lampa pier\u015bcieniowa\",\"isPartOf\":{\"@id\":\"https:\/\/glareone.eu\/cs\/en\/#website\"},\"primaryImageOfPage\":{\"@id\":\"https:\/\/glareone.eu\/cs\/produkt\/glareone-led-ring-lamp-60w\/#primaryimage\"},\"image\":{\"@id\":\"https:\/\/glareone.eu\/cs\/produkt\/glareone-led-ring-lamp-60w\/#primaryimage\"},\"thumbnailUrl\":\"https:\/\/glareone.eu\/wp-content\/uploads\/2024\/04\/SRLED48_00.jpg\",\"datePublished\":\"2024-04-18T19:26:18+00:00\",\"dateModified\":\"2025-10-30T09:21:53+00:00\",\"description\":\"GlareOne LED 60W 3000-6000K AC \/ DC - lampa pier\u015bcieniowa\",\"breadcrumb\":{\"@id\":\"https:\/\/glareone.eu\/cs\/produkt\/glareone-led-ring-lamp-60w\/#breadcrumb\"},\"inLanguage\":\"cs\",\"potentialAction\":[{\"@type\":\"ReadAction\",\"target\":[\"https:\/\/glareone.eu\/cs\/produkt\/glareone-led-ring-lamp-60w\/\"]}]},{\"@type\":\"ImageObject\",\"inLanguage\":\"cs\",\"@id\":\"https:\/\/glareone.eu\/cs\/produkt\/glareone-led-ring-lamp-60w\/#primaryimage\",\"url\":\"https:\/\/glareone.eu\/wp-content\/uploads\/2024\/04\/SRLED48_00.jpg\",\"contentUrl\":\"https:\/\/glareone.eu\/wp-content\/uploads\/2024\/04\/SRLED48_00.jpg\",\"width\":1000,\"height\":1000},{\"@type\":\"BreadcrumbList\",\"@id\":\"https:\/\/glareone.eu\/cs\/produkt\/glareone-led-ring-lamp-60w\/#breadcrumb\",\"itemListElement\":[{\"@type\":\"ListItem\",\"position\":1,\"name\":\"Strona g\u0142\u00f3wna\",\"item\":\"https:\/\/glareone.eu\/cs\/\"},{\"@type\":\"ListItem\",\"position\":2,\"name\":\"V\u0161echny produkty\",\"item\":\"https:\/\/glareone.eu\/cs\/produkty\/vsechny-produkty\/\"},{\"@type\":\"ListItem\",\"position\":3,\"name\":\"GlareOne LED ring lamp 60W 3000-6000K AC \/ DC\"}]},{\"@type\":\"WebSite\",\"@id\":\"https:\/\/glareone.eu\/cs\/en\/#website\",\"url\":\"https:\/\/glareone.eu\/cs\/en\/\",\"name\":\"GlareOne\",\"description\":\"Wyposa\u017cenie Studia\",\"publisher\":{\"@id\":\"https:\/\/glareone.eu\/cs\/en\/#organization\"},\"potentialAction\":[{\"@type\":\"SearchAction\",\"target\":{\"@type\":\"EntryPoint\",\"urlTemplate\":\"https:\/\/glareone.eu\/cs\/en\/?s={search_term_string}\"},\"query-input\":{\"@type\":\"PropertyValueSpecification\",\"valueRequired\":true,\"valueName\":\"search_term_string\"}}],\"inLanguage\":\"cs\"},{\"@type\":\"Organization\",\"@id\":\"https:\/\/glareone.eu\/cs\/en\/#organization\",\"name\":\"GlareOne\",\"url\":\"https:\/\/glareone.eu\/cs\/en\/\",\"logo\":{\"@type\":\"ImageObject\",\"inLanguage\":\"cs\",\"@id\":\"https:\/\/glareone.eu\/cs\/en\/#\/schema\/logo\/image\/\",\"url\":\"http:\/\/glareone.eu\/wp-content\/uploads\/2024\/05\/glareone_logo2020_RGB-01-e1715773127189.png\",\"contentUrl\":\"http:\/\/glareone.eu\/wp-content\/uploads\/2024\/05\/glareone_logo2020_RGB-01-e1715773127189.png\",\"width\":1270,\"height\":321,\"caption\":\"GlareOne\"},\"image\":{\"@id\":\"https:\/\/glareone.eu\/cs\/en\/#\/schema\/logo\/image\/\"},\"sameAs\":[\"https:\/\/www.facebook.com\/GlareOneLighting\",\"https:\/\/www.instagram.com\/glareonelighting\/\",\"https:\/\/www.youtube.com\/@GlareOneTV\"]}]}<\/script>\n<!-- \/ Yoast SEO plugin. -->","yoast_head_json":{"title":"GlareOne LED 60W 3000-6000K AC \/ DC - lampa pier\u015bcieniowa","description":"GlareOne LED 60W 3000-6000K AC \/ DC - lampa pier\u015bcieniowa","robots":{"index":"index","follow":"follow","max-snippet":"max-snippet:-1","max-image-preview":"max-image-preview:large","max-video-preview":"max-video-preview:-1"},"canonical":"https:\/\/glareone.eu\/cs\/produkt\/glareone-led-ring-lamp-60w\/","og_locale":"cs_CZ","og_type":"article","og_title":"GlareOne LED 60W 3000-6000K AC \/ DC - lampa pier\u015bcieniowa","og_description":"GlareOne LED 60W 3000-6000K AC \/ DC - lampa pier\u015bcieniowa","og_url":"https:\/\/glareone.eu\/cs\/produkt\/glareone-led-ring-lamp-60w\/","og_site_name":"GlareOne","article_publisher":"https:\/\/www.facebook.com\/GlareOneLighting","article_modified_time":"2025-10-30T09:21:53+00:00","og_image":[{"width":1000,"height":1000,"url":"https:\/\/glareone.eu\/wp-content\/uploads\/2024\/04\/SRLED48_00.jpg","type":"image\/jpeg"}],"twitter_card":"summary_large_image","twitter_title":"GlareOne LED 60W 3000-6000K AC \/ DC - lampa pier\u015bcieniowa","twitter_misc":{"Odhadovan\u00e1 doba \u010dten\u00ed":"2 minuty"},"schema":{"@context":"https:\/\/schema.org","@graph":[{"@type":"WebPage","@id":"https:\/\/glareone.eu\/cs\/produkt\/glareone-led-ring-lamp-60w\/","url":"https:\/\/glareone.eu\/cs\/produkt\/glareone-led-ring-lamp-60w\/","name":"GlareOne LED 60W 3000-6000K AC \/ DC - lampa pier\u015bcieniowa","isPartOf":{"@id":"https:\/\/glareone.eu\/cs\/en\/#website"},"primaryImageOfPage":{"@id":"https:\/\/glareone.eu\/cs\/produkt\/glareone-led-ring-lamp-60w\/#primaryimage"},"image":{"@id":"https:\/\/glareone.eu\/cs\/produkt\/glareone-led-ring-lamp-60w\/#primaryimage"},"thumbnailUrl":"https:\/\/glareone.eu\/wp-content\/uploads\/2024\/04\/SRLED48_00.jpg","datePublished":"2024-04-18T19:26:18+00:00","dateModified":"2025-10-30T09:21:53+00:00","description":"GlareOne LED 60W 3000-6000K AC \/ DC - lampa pier\u015bcieniowa","breadcrumb":{"@id":"https:\/\/glareone.eu\/cs\/produkt\/glareone-led-ring-lamp-60w\/#breadcrumb"},"inLanguage":"cs","potentialAction":[{"@type":"ReadAction","target":["https:\/\/glareone.eu\/cs\/produkt\/glareone-led-ring-lamp-60w\/"]}]},{"@type":"ImageObject","inLanguage":"cs","@id":"https:\/\/glareone.eu\/cs\/produkt\/glareone-led-ring-lamp-60w\/#primaryimage","url":"https:\/\/glareone.eu\/wp-content\/uploads\/2024\/04\/SRLED48_00.jpg","contentUrl":"https:\/\/glareone.eu\/wp-content\/uploads\/2024\/04\/SRLED48_00.jpg","width":1000,"height":1000},{"@type":"BreadcrumbList","@id":"https:\/\/glareone.eu\/cs\/produkt\/glareone-led-ring-lamp-60w\/#breadcrumb","itemListElement":[{"@type":"ListItem","position":1,"name":"Strona g\u0142\u00f3wna","item":"https:\/\/glareone.eu\/cs\/"},{"@type":"ListItem","position":2,"name":"V\u0161echny produkty","item":"https:\/\/glareone.eu\/cs\/produkty\/vsechny-produkty\/"},{"@type":"ListItem","position":3,"name":"GlareOne LED ring lamp 60W 3000-6000K AC \/ DC"}]},{"@type":"WebSite","@id":"https:\/\/glareone.eu\/cs\/en\/#website","url":"https:\/\/glareone.eu\/cs\/en\/","name":"GlareOne","description":"Wyposa\u017cenie Studia","publisher":{"@id":"https:\/\/glareone.eu\/cs\/en\/#organization"},"potentialAction":[{"@type":"SearchAction","target":{"@type":"EntryPoint","urlTemplate":"https:\/\/glareone.eu\/cs\/en\/?s={search_term_string}"},"query-input":{"@type":"PropertyValueSpecification","valueRequired":true,"valueName":"search_term_string"}}],"inLanguage":"cs"},{"@type":"Organization","@id":"https:\/\/glareone.eu\/cs\/en\/#organization","name":"GlareOne","url":"https:\/\/glareone.eu\/cs\/en\/","logo":{"@type":"ImageObject","inLanguage":"cs","@id":"https:\/\/glareone.eu\/cs\/en\/#\/schema\/logo\/image\/","url":"http:\/\/glareone.eu\/wp-content\/uploads\/2024\/05\/glareone_logo2020_RGB-01-e1715773127189.png","contentUrl":"http:\/\/glareone.eu\/wp-content\/uploads\/2024\/05\/glareone_logo2020_RGB-01-e1715773127189.png","width":1270,"height":321,"caption":"GlareOne"},"image":{"@id":"https:\/\/glareone.eu\/cs\/en\/#\/schema\/logo\/image\/"},"sameAs":["https:\/\/www.facebook.com\/GlareOneLighting","https:\/\/www.instagram.com\/glareonelighting\/","https:\/\/www.youtube.com\/@GlareOneTV"]}]}},"_links":{"self":[{"href":"https:\/\/glareone.eu\/cs\/wp-json\/wp\/v2\/product\/18475","targetHints":{"allow":["GET"]}}],"collection":[{"href":"https:\/\/glareone.eu\/cs\/wp-json\/wp\/v2\/product"}],"about":[{"href":"https:\/\/glareone.eu\/cs\/wp-json\/wp\/v2\/types\/product"}],"wp:featuredmedia":[{"embeddable":true,"href":"https:\/\/glareone.eu\/cs\/wp-json\/wp\/v2\/media\/18476"}],"wp:attachment":[{"href":"https:\/\/glareone.eu\/cs\/wp-json\/wp\/v2\/media?parent=18475"}],"wp:term":[{"taxonomy":"product_brand","embeddable":true,"href":"https:\/\/glareone.eu\/cs\/wp-json\/wp\/v2\/product_brand?post=18475"},{"taxonomy":"product_cat","embeddable":true,"href":"https:\/\/glareone.eu\/cs\/wp-json\/wp\/v2\/product_cat?post=18475"},{"taxonomy":"product_tag","embeddable":true,"href":"https:\/\/glareone.eu\/cs\/wp-json\/wp\/v2\/product_tag?post=18475"}],"curies":[{"name":"wp","href":"https:\/\/api.w.org\/{rel}","templated":true}]}}