{"id":18469,"date":"2024-04-18T19:26:14","date_gmt":"2024-04-18T19:26:14","guid":{"rendered":"https:\/\/glareone.eu\/product\/glareone-backdrop-hanging-system-atelier-300x244cm\/"},"modified":"2025-05-23T13:28:41","modified_gmt":"2025-05-23T13:28:41","slug":"glareone-backdrop-hanging-system-atelier-300x244cm","status":"publish","type":"product","link":"https:\/\/glareone.eu\/cs\/produkt\/glareone-backdrop-hanging-system-atelier-300x244cm\/","title":{"rendered":"GlareOne backdrop hanging system, Atelier 300x244cm"},"content":{"rendered":"<p><span style=\"font-weight: 400;\">Skl\u00e1dac\u00ed syst\u00e9m pro zav\u011b\u0161en\u00ed pozad\u00ed umo\u017e\u0148uje snadn\u00e9 a rychl\u00e9 zav\u011b\u0161en\u00ed fotografick\u00e9ho nebo videopozad\u00ed.<\/span><\/p>\n<p><span style=\"font-weight: 400;\">Syst\u00e9m se vyzna\u010duje jednoduchou a intuitivn\u00ed instalac\u00ed. D\u00edky snadn\u00e9 mont\u00e1\u017ei a mo\u017enosti rozlo\u017een\u00ed cel\u00e9ho syst\u00e9mu na jednotliv\u00e9 \u010d\u00e1sti je ide\u00e1ln\u00ed pro venkovn\u00ed a p\u0159\u00edle\u017eitostn\u00e9 focen\u00ed, ale tak\u00e9 tam, kde nem\u00e1me ka\u017ed\u00fd den dostatek m\u00edsta pro rozlo\u017een\u00ed pozad\u00ed a pou\u017e\u00edv\u00e1me ho jen p\u0159\u00edle\u017eitostn\u011b.<\/span><\/p>\n<p><span style=\"font-weight: 400;\">D\u00edky speci\u00e1ln\u00ed konstrukci skl\u00e1dac\u00ed p\u0159\u00ed\u010dky lze sestavit 3 r\u016fzn\u00e9 varianty pracovn\u00ed \u0161\u00ed\u0159ky, tak\u017ee sada bude u\u017eite\u010dn\u00e1 jak pro focen\u00ed skupiny osob \u2013 \u0161\u00ed\u0159ka 305 cm, tak pro produktovou fotografii mal\u00fdch p\u0159edm\u011bt\u016f \u2013 \u0161\u00ed\u0159ka 155 cm.<\/span><\/p>\n<h4><b>Syst\u00e9m se skl\u00e1d\u00e1 z:<\/b><\/h4>\n<ul>\n<li style=\"font-weight: 400;\" aria-level=\"1\"><span style=\"font-weight: 400;\">2 x osv\u011btlovac\u00ed stativ, teleskopick\u00fd, zakon\u010den\u00fd utahovac\u00edmi mot\u00fdlky<\/span><\/li>\n<li style=\"font-weight: 400;\" aria-level=\"1\"><span style=\"font-weight: 400;\">p\u0159\u00ed\u010dka slo\u017een\u00e1 ze 4 prvk\u016f, umo\u017e\u0148uj\u00edc\u00ed slo\u017een\u00ed na \u0161\u00ed\u0159ku: 155 cm, 230 cm nebo 305 cm<\/span><\/li>\n<li style=\"font-weight: 400;\" aria-level=\"1\"><span style=\"font-weight: 400;\">p\u0159epravn\u00ed ta\u0161ka pro pohodln\u00e9 p\u0159en\u00e1\u0161en\u00ed cel\u00e9 slo\u017een\u00e9 sady<\/span><\/li>\n<\/ul>\n","protected":false},"excerpt":{"rendered":"<p>Skl\u00e1dac\u00ed syst\u00e9m pro zav\u011b\u0161en\u00ed pozad\u00ed umo\u017e\u0148uje snadn\u00e9 a rychl\u00e9 zav\u011b\u0161en\u00ed fotografick\u00e9ho nebo videopozad\u00ed. Syst\u00e9m se vyzna\u010duje jednoduchou a intuitivn\u00ed instalac\u00ed. D\u00edky snadn\u00e9 mont\u00e1\u017ei a mo\u017enosti rozlo\u017een\u00ed cel\u00e9ho syst\u00e9mu na jednotliv\u00e9 \u010d\u00e1sti je ide\u00e1ln\u00ed pro venkovn\u00ed a p\u0159\u00edle\u017eitostn\u00e9 focen\u00ed, ale tak\u00e9 tam, kde nem\u00e1me ka\u017ed\u00fd den dostatek m\u00edsta pro rozlo\u017een\u00ed pozad\u00ed a pou\u017e\u00edv\u00e1me ho jen p\u0159\u00edle\u017eitostn\u011b. [&hellip;]<\/p>\n","protected":false},"featured_media":18470,"template":"","meta":[],"product_brand":[],"product_cat":[577],"product_tag":[],"class_list":{"0":"post-18469","1":"product","2":"type-product","3":"status-publish","4":"has-post-thumbnail","6":"product_cat-systemy-zaveseni-pozadi","8":"first","9":"instock","10":"product-type-simple"},"yoast_head":"<!-- This site is optimized with the Yoast SEO plugin v27.2 - https:\/\/yoast.com\/product\/yoast-seo-wordpress\/ -->\n<title>GlareOne System zawieszania t\u0142a z pokrowcem, Atelier 300x244cm<\/title>\n<meta name=\"description\" content=\"GlareOne System zawieszania t\u0142a z pokrowcem, Atelier 300x244cm\" \/>\n<meta name=\"robots\" content=\"index, follow, max-snippet:-1, max-image-preview:large, max-video-preview:-1\" \/>\n<link rel=\"canonical\" href=\"https:\/\/glareone.eu\/cs\/produkt\/glareone-backdrop-hanging-system-atelier-300x244cm\/\" \/>\n<meta property=\"og:locale\" content=\"cs_CZ\" \/>\n<meta property=\"og:type\" content=\"article\" \/>\n<meta property=\"og:title\" content=\"GlareOne System zawieszania t\u0142a z pokrowcem, Atelier 300x244cm\" \/>\n<meta property=\"og:description\" content=\"GlareOne System zawieszania t\u0142a z pokrowcem, Atelier 300x244cm\" \/>\n<meta property=\"og:url\" content=\"https:\/\/glareone.eu\/cs\/produkt\/glareone-backdrop-hanging-system-atelier-300x244cm\/\" \/>\n<meta property=\"og:site_name\" content=\"GlareOne\" \/>\n<meta property=\"article:publisher\" content=\"https:\/\/www.facebook.com\/GlareOneLighting\" \/>\n<meta property=\"article:modified_time\" content=\"2025-05-23T13:28:41+00:00\" \/>\n<meta property=\"og:image\" content=\"https:\/\/glareone.eu\/wp-content\/uploads\/2024\/04\/SBS300H244_001.jpg\" \/>\n\t<meta property=\"og:image:width\" content=\"1000\" \/>\n\t<meta property=\"og:image:height\" content=\"1000\" \/>\n\t<meta property=\"og:image:type\" content=\"image\/jpeg\" \/>\n<meta name=\"twitter:card\" content=\"summary_large_image\" \/>\n<meta name=\"twitter:title\" content=\"GlareOne System zawieszania t\u0142a z pokrowcem, Atelier 300x244cm\" \/>\n<meta name=\"twitter:label1\" content=\"Odhadovan\u00e1 doba \u010dten\u00ed\" \/>\n\t<meta name=\"twitter:data1\" content=\"1 minuta\" \/>\n<script type=\"application\/ld+json\" class=\"yoast-schema-graph\">{\"@context\":\"https:\/\/schema.org\",\"@graph\":[{\"@type\":\"WebPage\",\"@id\":\"https:\/\/glareone.eu\/cs\/produkt\/glareone-backdrop-hanging-system-atelier-300x244cm\/\",\"url\":\"https:\/\/glareone.eu\/cs\/produkt\/glareone-backdrop-hanging-system-atelier-300x244cm\/\",\"name\":\"GlareOne System zawieszania t\u0142a z pokrowcem, Atelier 300x244cm\",\"isPartOf\":{\"@id\":\"https:\/\/glareone.eu\/cs\/en\/#website\"},\"primaryImageOfPage\":{\"@id\":\"https:\/\/glareone.eu\/cs\/produkt\/glareone-backdrop-hanging-system-atelier-300x244cm\/#primaryimage\"},\"image\":{\"@id\":\"https:\/\/glareone.eu\/cs\/produkt\/glareone-backdrop-hanging-system-atelier-300x244cm\/#primaryimage\"},\"thumbnailUrl\":\"https:\/\/glareone.eu\/wp-content\/uploads\/2024\/04\/SBS300H244_001.jpg\",\"datePublished\":\"2024-04-18T19:26:14+00:00\",\"dateModified\":\"2025-05-23T13:28:41+00:00\",\"description\":\"GlareOne System zawieszania t\u0142a z pokrowcem, Atelier 300x244cm\",\"breadcrumb\":{\"@id\":\"https:\/\/glareone.eu\/cs\/produkt\/glareone-backdrop-hanging-system-atelier-300x244cm\/#breadcrumb\"},\"inLanguage\":\"cs\",\"potentialAction\":[{\"@type\":\"ReadAction\",\"target\":[\"https:\/\/glareone.eu\/cs\/produkt\/glareone-backdrop-hanging-system-atelier-300x244cm\/\"]}]},{\"@type\":\"ImageObject\",\"inLanguage\":\"cs\",\"@id\":\"https:\/\/glareone.eu\/cs\/produkt\/glareone-backdrop-hanging-system-atelier-300x244cm\/#primaryimage\",\"url\":\"https:\/\/glareone.eu\/wp-content\/uploads\/2024\/04\/SBS300H244_001.jpg\",\"contentUrl\":\"https:\/\/glareone.eu\/wp-content\/uploads\/2024\/04\/SBS300H244_001.jpg\",\"width\":1000,\"height\":1000},{\"@type\":\"BreadcrumbList\",\"@id\":\"https:\/\/glareone.eu\/cs\/produkt\/glareone-backdrop-hanging-system-atelier-300x244cm\/#breadcrumb\",\"itemListElement\":[{\"@type\":\"ListItem\",\"position\":1,\"name\":\"Strona g\u0142\u00f3wna\",\"item\":\"https:\/\/glareone.eu\/cs\/\"},{\"@type\":\"ListItem\",\"position\":2,\"name\":\"V\u0161echny produkty\",\"item\":\"https:\/\/glareone.eu\/cs\/produkty\/vsechny-produkty\/\"},{\"@type\":\"ListItem\",\"position\":3,\"name\":\"GlareOne backdrop hanging system, Atelier 300x244cm\"}]},{\"@type\":\"WebSite\",\"@id\":\"https:\/\/glareone.eu\/cs\/en\/#website\",\"url\":\"https:\/\/glareone.eu\/cs\/en\/\",\"name\":\"GlareOne\",\"description\":\"Wyposa\u017cenie Studia\",\"publisher\":{\"@id\":\"https:\/\/glareone.eu\/cs\/en\/#organization\"},\"potentialAction\":[{\"@type\":\"SearchAction\",\"target\":{\"@type\":\"EntryPoint\",\"urlTemplate\":\"https:\/\/glareone.eu\/cs\/en\/?s={search_term_string}\"},\"query-input\":{\"@type\":\"PropertyValueSpecification\",\"valueRequired\":true,\"valueName\":\"search_term_string\"}}],\"inLanguage\":\"cs\"},{\"@type\":\"Organization\",\"@id\":\"https:\/\/glareone.eu\/cs\/en\/#organization\",\"name\":\"GlareOne\",\"url\":\"https:\/\/glareone.eu\/cs\/en\/\",\"logo\":{\"@type\":\"ImageObject\",\"inLanguage\":\"cs\",\"@id\":\"https:\/\/glareone.eu\/cs\/en\/#\/schema\/logo\/image\/\",\"url\":\"http:\/\/glareone.eu\/wp-content\/uploads\/2024\/05\/glareone_logo2020_RGB-01-e1715773127189.png\",\"contentUrl\":\"http:\/\/glareone.eu\/wp-content\/uploads\/2024\/05\/glareone_logo2020_RGB-01-e1715773127189.png\",\"width\":1270,\"height\":321,\"caption\":\"GlareOne\"},\"image\":{\"@id\":\"https:\/\/glareone.eu\/cs\/en\/#\/schema\/logo\/image\/\"},\"sameAs\":[\"https:\/\/www.facebook.com\/GlareOneLighting\",\"https:\/\/www.instagram.com\/glareonelighting\/\",\"https:\/\/www.youtube.com\/@GlareOneTV\"]}]}<\/script>\n<!-- \/ Yoast SEO plugin. -->","yoast_head_json":{"title":"GlareOne System zawieszania t\u0142a z pokrowcem, Atelier 300x244cm","description":"GlareOne System zawieszania t\u0142a z pokrowcem, Atelier 300x244cm","robots":{"index":"index","follow":"follow","max-snippet":"max-snippet:-1","max-image-preview":"max-image-preview:large","max-video-preview":"max-video-preview:-1"},"canonical":"https:\/\/glareone.eu\/cs\/produkt\/glareone-backdrop-hanging-system-atelier-300x244cm\/","og_locale":"cs_CZ","og_type":"article","og_title":"GlareOne System zawieszania t\u0142a z pokrowcem, Atelier 300x244cm","og_description":"GlareOne System zawieszania t\u0142a z pokrowcem, Atelier 300x244cm","og_url":"https:\/\/glareone.eu\/cs\/produkt\/glareone-backdrop-hanging-system-atelier-300x244cm\/","og_site_name":"GlareOne","article_publisher":"https:\/\/www.facebook.com\/GlareOneLighting","article_modified_time":"2025-05-23T13:28:41+00:00","og_image":[{"width":1000,"height":1000,"url":"https:\/\/glareone.eu\/wp-content\/uploads\/2024\/04\/SBS300H244_001.jpg","type":"image\/jpeg"}],"twitter_card":"summary_large_image","twitter_title":"GlareOne System zawieszania t\u0142a z pokrowcem, Atelier 300x244cm","twitter_misc":{"Odhadovan\u00e1 doba \u010dten\u00ed":"1 minuta"},"schema":{"@context":"https:\/\/schema.org","@graph":[{"@type":"WebPage","@id":"https:\/\/glareone.eu\/cs\/produkt\/glareone-backdrop-hanging-system-atelier-300x244cm\/","url":"https:\/\/glareone.eu\/cs\/produkt\/glareone-backdrop-hanging-system-atelier-300x244cm\/","name":"GlareOne System zawieszania t\u0142a z pokrowcem, Atelier 300x244cm","isPartOf":{"@id":"https:\/\/glareone.eu\/cs\/en\/#website"},"primaryImageOfPage":{"@id":"https:\/\/glareone.eu\/cs\/produkt\/glareone-backdrop-hanging-system-atelier-300x244cm\/#primaryimage"},"image":{"@id":"https:\/\/glareone.eu\/cs\/produkt\/glareone-backdrop-hanging-system-atelier-300x244cm\/#primaryimage"},"thumbnailUrl":"https:\/\/glareone.eu\/wp-content\/uploads\/2024\/04\/SBS300H244_001.jpg","datePublished":"2024-04-18T19:26:14+00:00","dateModified":"2025-05-23T13:28:41+00:00","description":"GlareOne System zawieszania t\u0142a z pokrowcem, Atelier 300x244cm","breadcrumb":{"@id":"https:\/\/glareone.eu\/cs\/produkt\/glareone-backdrop-hanging-system-atelier-300x244cm\/#breadcrumb"},"inLanguage":"cs","potentialAction":[{"@type":"ReadAction","target":["https:\/\/glareone.eu\/cs\/produkt\/glareone-backdrop-hanging-system-atelier-300x244cm\/"]}]},{"@type":"ImageObject","inLanguage":"cs","@id":"https:\/\/glareone.eu\/cs\/produkt\/glareone-backdrop-hanging-system-atelier-300x244cm\/#primaryimage","url":"https:\/\/glareone.eu\/wp-content\/uploads\/2024\/04\/SBS300H244_001.jpg","contentUrl":"https:\/\/glareone.eu\/wp-content\/uploads\/2024\/04\/SBS300H244_001.jpg","width":1000,"height":1000},{"@type":"BreadcrumbList","@id":"https:\/\/glareone.eu\/cs\/produkt\/glareone-backdrop-hanging-system-atelier-300x244cm\/#breadcrumb","itemListElement":[{"@type":"ListItem","position":1,"name":"Strona g\u0142\u00f3wna","item":"https:\/\/glareone.eu\/cs\/"},{"@type":"ListItem","position":2,"name":"V\u0161echny produkty","item":"https:\/\/glareone.eu\/cs\/produkty\/vsechny-produkty\/"},{"@type":"ListItem","position":3,"name":"GlareOne backdrop hanging system, Atelier 300x244cm"}]},{"@type":"WebSite","@id":"https:\/\/glareone.eu\/cs\/en\/#website","url":"https:\/\/glareone.eu\/cs\/en\/","name":"GlareOne","description":"Wyposa\u017cenie Studia","publisher":{"@id":"https:\/\/glareone.eu\/cs\/en\/#organization"},"potentialAction":[{"@type":"SearchAction","target":{"@type":"EntryPoint","urlTemplate":"https:\/\/glareone.eu\/cs\/en\/?s={search_term_string}"},"query-input":{"@type":"PropertyValueSpecification","valueRequired":true,"valueName":"search_term_string"}}],"inLanguage":"cs"},{"@type":"Organization","@id":"https:\/\/glareone.eu\/cs\/en\/#organization","name":"GlareOne","url":"https:\/\/glareone.eu\/cs\/en\/","logo":{"@type":"ImageObject","inLanguage":"cs","@id":"https:\/\/glareone.eu\/cs\/en\/#\/schema\/logo\/image\/","url":"http:\/\/glareone.eu\/wp-content\/uploads\/2024\/05\/glareone_logo2020_RGB-01-e1715773127189.png","contentUrl":"http:\/\/glareone.eu\/wp-content\/uploads\/2024\/05\/glareone_logo2020_RGB-01-e1715773127189.png","width":1270,"height":321,"caption":"GlareOne"},"image":{"@id":"https:\/\/glareone.eu\/cs\/en\/#\/schema\/logo\/image\/"},"sameAs":["https:\/\/www.facebook.com\/GlareOneLighting","https:\/\/www.instagram.com\/glareonelighting\/","https:\/\/www.youtube.com\/@GlareOneTV"]}]}},"_links":{"self":[{"href":"https:\/\/glareone.eu\/cs\/wp-json\/wp\/v2\/product\/18469","targetHints":{"allow":["GET"]}}],"collection":[{"href":"https:\/\/glareone.eu\/cs\/wp-json\/wp\/v2\/product"}],"about":[{"href":"https:\/\/glareone.eu\/cs\/wp-json\/wp\/v2\/types\/product"}],"wp:featuredmedia":[{"embeddable":true,"href":"https:\/\/glareone.eu\/cs\/wp-json\/wp\/v2\/media\/18470"}],"wp:attachment":[{"href":"https:\/\/glareone.eu\/cs\/wp-json\/wp\/v2\/media?parent=18469"}],"wp:term":[{"taxonomy":"product_brand","embeddable":true,"href":"https:\/\/glareone.eu\/cs\/wp-json\/wp\/v2\/product_brand?post=18469"},{"taxonomy":"product_cat","embeddable":true,"href":"https:\/\/glareone.eu\/cs\/wp-json\/wp\/v2\/product_cat?post=18469"},{"taxonomy":"product_tag","embeddable":true,"href":"https:\/\/glareone.eu\/cs\/wp-json\/wp\/v2\/product_tag?post=18469"}],"curies":[{"name":"wp","href":"https:\/\/api.w.org\/{rel}","templated":true}]}}