{"id":18461,"date":"2024-04-18T19:26:11","date_gmt":"2024-04-18T19:26:11","guid":{"rendered":"https:\/\/glareone.eu\/product\/glareone-background-support-system-set-for-3-backgrounds\/"},"modified":"2025-05-23T13:26:18","modified_gmt":"2025-05-23T13:26:18","slug":"glareone-background-support-system-set-for-3-backgrounds","status":"publish","type":"product","link":"https:\/\/glareone.eu\/cs\/produkt\/glareone-background-support-system-set-for-3-backgrounds\/","title":{"rendered":"GlareOne Background Support System &#8211; set for 3 backgrounds"},"content":{"rendered":"<p><span style=\"font-weight: 400;\">\u0158et\u011bzov\u00fd mont\u00e1\u017en\u00ed syst\u00e9m pro pozad\u00ed je ur\u010den pro instalaci na st\u011bnu nebo strop. Je ur\u010den pro pr\u00e1ci s pozad\u00edmi navinut\u00fdmi na kartonov\u00fdch nebo hlin\u00edkov\u00fdch j\u00e1drech o pr\u016fm\u011bru od 4,5 cm do 6,5 cm. Sada umo\u017e\u0148uje zav\u011b\u0161en\u00ed 1-3 pozad\u00ed. Ka\u017ed\u00e9 pozad\u00ed by m\u011blo b\u00fdt navinuto na kartonov\u00e9 nebo hlin\u00edkov\u00e9 j\u00e1dro po\u017eadovan\u00e9ho pr\u016fm\u011bru. K upevn\u011bn\u00ed pozad\u00ed na syst\u00e9m se pou\u017e\u00edvaj\u00ed rozta\u017en\u00e9 hmo\u017edinky. Jedn\u00e1 se o praktick\u00e9 \u0159e\u0161en\u00ed, kter\u00e9 pom\u00e1h\u00e1 u\u0161et\u0159it m\u00edsto ve studiu.<\/span><\/p>\n<h3><b>Pozad\u00ed jak\u00e9koli \u0161\u00ed\u0159ky<\/b><\/h3>\n<p><span style=\"font-weight: 400;\">\u0158et\u011bzov\u00fd syst\u00e9m umo\u017e\u0148uje upevn\u011bn\u00ed pozad\u00ed jak\u00e9koli \u0161\u00ed\u0159ky. To je umo\u017en\u011bno d\u00edky mont\u00e1\u017en\u00edm konzol\u00e1m, kter\u00e9 lze instalovat v libovoln\u00e9 vzd\u00e1lenosti od sebe.<\/span><\/p>\n<h3><b>Jak upevnit pozad\u00ed na \u0159et\u011bzov\u00fd syst\u00e9m?<\/b><\/h3>\n<p><span style=\"font-weight: 400;\">K upevn\u011bn\u00ed pozad\u00ed na syst\u00e9m se pou\u017e\u00edvaj\u00ed rozta\u017eiteln\u00e9 hmo\u017edinky. Rozta\u017een\u00e9 hmo\u017edinky se zasunou do jader s pozad\u00edm a ot\u00e1\u010den\u00edm se zv\u011bt\u0161uje jejich pr\u016fm\u011br, a\u017e se zafixuj\u00ed uvnit\u0159 j\u00e1dra.<\/span><\/p>\n<p><span style=\"font-weight: 400;\">V galerii produkt\u016f najdete obr\u00e1zek s n\u00e1vodem. Legenda obr\u00e1zku:<\/span><\/p>\n<p><span style=\"font-weight: 400;\">A \u2013 nastaven\u00ed rozta\u017een\u00ed rozta\u017en\u00e9 hmo\u017edinky,<\/span><\/p>\n<p><span style=\"font-weight: 400;\">B \u2013 rozsah nastaven\u00ed od h\u00e1ku k h\u00e1ku,<\/span><\/p>\n<p><span style=\"font-weight: 400;\">C \u2013 mont\u00e1\u017en\u00ed vybr\u00e1n\u00ed,<\/span><\/p>\n<p><span style=\"font-weight: 400;\">D \u2013 hlin\u00edkov\u00e1 obj\u00edmka.<\/span><\/p>\n<p><span style=\"font-weight: 400;\">Rozp\u00ednac\u00ed kol\u00edky tvo\u0159\u00ed kompletn\u00ed sadu \u00fachyt\u016f pro h\u00e1ky. Lev\u00fd rozp\u00ednac\u00ed kol\u00edk umo\u017e\u0148uje nastaven\u00ed \u0161\u00ed\u0159ky k ji\u017e zav\u011b\u0161en\u00fdm h\u00e1k\u016fm v rozsahu +\/-5 cm. Na prav\u00fd rozp\u00ednac\u00ed kol\u00edk p\u0159ipevn\u00edme \u0159et\u011bz pro nastaven\u00ed d\u00e9lky pozad\u00ed. Pozad\u00ed p\u0159ipraven\u00e9 t\u00edmto zp\u016fsobem s rozp\u00ednac\u00edmi kol\u00edky se um\u00edst\u00ed na h\u00e1ky\/mont\u00e1\u017en\u00ed konzoly, kter\u00e9 jsou p\u0159edem p\u0159ipevn\u011bny ke st\u011bn\u011b nebo stropu. Na ozuben\u00e9 kolo v prav\u00e9m roz\u0161i\u0159ova\u010di nasad\u00edme p\u0159ilo\u017een\u00fd nastavovac\u00ed \u0159et\u011bz s z\u00e1va\u017e\u00edm, aby byla zaji\u0161t\u011bna jeho spr\u00e1vn\u00e1 poloha b\u011bhem pr\u00e1ce. Pokud je p\u0159\u00edstup k pozad\u00edm namontovan\u00fdm na dr\u017e\u00e1c\u00edch obt\u00ed\u017en\u00fd, lze \u0159et\u011bz nasadit p\u0159ed mont\u00e1\u017e\u00ed pozad\u00ed na dr\u017e\u00e1k<\/span><\/p>\n<p><span style=\"font-weight: 400;\">Spr\u00e1vn\u011b nasazen\u00e1 pozad\u00ed s \u0159et\u011bzy umo\u017e\u0148uj\u00ed zved\u00e1n\u00ed a spou\u0161t\u011bn\u00ed vybran\u00e9ho pozad\u00ed do po\u017eadovan\u00fdch poloh.<\/span><\/p>\n<h3><b>Co je t\u0159eba m\u00edt na pam\u011bti p\u0159ed instalac\u00ed syst\u00e9mu:<\/b><\/h3>\n<ul>\n<li style=\"font-weight: 400;\" aria-level=\"1\"><span style=\"font-weight: 400;\">spr\u00e1vn\u00e9 rozvr\u017een\u00ed mont\u00e1\u017en\u00edch konzol \/ h\u00e1\u010dk\u016f na st\u011bn\u011b \/ strop\u011b \u2013 mus\u00ed b\u00fdt asi o 3 cm a\u017e 8 cm \u0161ir\u0161\u00ed ne\u017e pouzdro s navinut\u00fdm pozad\u00edm \u2013 lev\u00fd rozp\u00ednac\u00ed prvek pom\u00e1h\u00e1 vyrovnat rozd\u00edl 5 cm v \u0161\u00ed\u0159ce mezi pozad\u00edm s rozp\u00ednac\u00edmi prvky a n\u00e1st\u011bnnou konzolou<\/span><\/li>\n<li style=\"font-weight: 400;\" aria-level=\"1\"><span style=\"font-weight: 400;\">Spr\u00e1vn\u00e9 um\u00edst\u011bn\u00ed lev\u00e9ho a prav\u00e9ho roz\u0161i\u0159ova\u010de. Tak, aby pouze na jedn\u00e9 stran\u011b, nap\u0159. vpravo, byly roz\u0161i\u0159ova\u010de s nastaven\u00edm \u0159et\u011bzu a na opa\u010dn\u00e9 stran\u011b byly mont\u00e1\u017en\u00ed roz\u0161i\u0159ova\u010de s nastaven\u00edm \u0161\u00ed\u0159ky +\/- 5 cm.<\/span><\/li>\n<\/ul>\n<h3><b>Doporu\u010den\u00fd postup mont\u00e1\u017ee:<\/b><\/h3>\n<ol>\n<li style=\"font-weight: 400;\" aria-level=\"1\"><span style=\"font-weight: 400;\">Spr\u00e1vn\u00e1 instalace roz\u0161i\u0159ova\u010de do pouzdra pozad\u00ed spolu s instalac\u00ed \u0159et\u011bzu a z\u00e1va\u017e\u00ed \u2013 tak, aby za\u010d\u00e1tek a konec roz\u0161i\u0159ovac\u00ed \u010d\u00e1sti byl uvnit\u0159 pouzdra<\/span><\/li>\n<li style=\"font-weight: 400;\" aria-level=\"1\"><span style=\"font-weight: 400;\">Zm\u011b\u0159te \u0161\u00ed\u0159ku spr\u00e1vn\u011b upevn\u011bn\u00fdch rozp\u00ednac\u00edch prvk\u016f v pouzd\u0159e pozad\u00ed.<\/span><\/li>\n<li style=\"font-weight: 400;\" aria-level=\"1\"><span style=\"font-weight: 400;\">Namontujte h\u00e1\u010dky \/ dr\u017e\u00e1ky na ze\u010f nebo strop ve vzd\u00e1lenosti mezi dr\u017e\u00e1ky rovnaj\u00edc\u00ed se \u0161\u00ed\u0159ce pozad\u00ed s rozp\u00ednac\u00edmi prvky + 4 cm.<\/span><\/li>\n<li style=\"font-weight: 400;\" aria-level=\"1\"><span style=\"font-weight: 400;\">Namontujte sadu pozad\u00ed s pouzdrem a rozp\u00ednac\u00edm prvkem na rukoje\u0165 \/ h\u00e1\u010dek na prav\u00e9 stran\u011b.<\/span><\/li>\n<li style=\"font-weight: 400;\" aria-level=\"1\"><span style=\"font-weight: 400;\">Um\u00edst\u011bte sadu pozad\u00ed s pouzdrem a rozp\u00ednac\u00edm prvkem na dr\u017e\u00e1k \/ h\u00e1\u010dek na lev\u00e9 stran\u011b a vyrovnejte st\u00e1vaj\u00edc\u00ed rozd\u00edl nastaven\u00edm \u0161\u00ed\u0159ky na lev\u00e9m rozp\u00ednac\u00edm prvku.<\/span><\/li>\n<\/ol>\n<h3><b>V sad\u011b:<\/b><\/h3>\n<p><span style=\"font-weight: 400;\">2 x kovov\u00e9 dr\u017e\u00e1ky pro mont\u00e1\u017e na ze\u010f pro ka\u017ed\u00fd rozp\u00ednac\u00ed prvek<\/span><\/p>\n<p><span style=\"font-weight: 400;\">Mont\u00e1\u017en\u00ed hmo\u017edinky pro dr\u017e\u00e1ky<\/span><\/p>\n<p><span style=\"font-weight: 400;\">3 p\u00e1ry rozp\u00ednac\u00edch prvk\u016f pro upevn\u011bn\u00ed jader k pozad\u00ed: lev\u00fd a prav\u00fd rozp\u00ednac\u00ed prvek, \u0159et\u011bz, z\u00e1va\u017e\u00ed<\/span><\/p>\n<p><span style=\"font-weight: 400;\">Nastavovac\u00ed \u0159et\u011bzy<\/span><\/p>\n","protected":false},"excerpt":{"rendered":"<p>\u0158et\u011bzov\u00fd mont\u00e1\u017en\u00ed syst\u00e9m pro pozad\u00ed je ur\u010den pro instalaci na st\u011bnu nebo strop. Je ur\u010den pro pr\u00e1ci s pozad\u00edmi navinut\u00fdmi na kartonov\u00fdch nebo hlin\u00edkov\u00fdch j\u00e1drech o pr\u016fm\u011bru od 4,5 cm do 6,5 cm. Sada umo\u017e\u0148uje zav\u011b\u0161en\u00ed 1-3 pozad\u00ed. Ka\u017ed\u00e9 pozad\u00ed by m\u011blo b\u00fdt navinuto na kartonov\u00e9 nebo hlin\u00edkov\u00e9 j\u00e1dro po\u017eadovan\u00e9ho pr\u016fm\u011bru. K upevn\u011bn\u00ed pozad\u00ed na [&hellip;]<\/p>\n","protected":false},"featured_media":18462,"template":"","meta":[],"product_brand":[],"product_cat":[577],"product_tag":[],"class_list":{"0":"post-18461","1":"product","2":"type-product","3":"status-publish","4":"has-post-thumbnail","6":"product_cat-systemy-zaveseni-pozadi","8":"first","9":"instock","10":"product-type-simple"},"yoast_head":"<!-- This site is optimized with the Yoast SEO plugin v27.2 - https:\/\/yoast.com\/product\/yoast-seo-wordpress\/ -->\n<title>GlareOne System zawieszenia t\u0142a - \u0142a\u0144cuszkowy, komplet na 3 t\u0142a<\/title>\n<meta name=\"description\" content=\"GlareOne System zawieszenia t\u0142a - \u0142a\u0144cuszkowy, komplet na 3 t\u0142a\" \/>\n<meta name=\"robots\" content=\"index, follow, max-snippet:-1, max-image-preview:large, max-video-preview:-1\" \/>\n<link rel=\"canonical\" href=\"https:\/\/glareone.eu\/cs\/produkt\/glareone-background-support-system-set-for-3-backgrounds\/\" \/>\n<meta property=\"og:locale\" content=\"cs_CZ\" \/>\n<meta property=\"og:type\" content=\"article\" \/>\n<meta property=\"og:title\" content=\"GlareOne System zawieszenia t\u0142a - \u0142a\u0144cuszkowy, komplet na 3 t\u0142a\" \/>\n<meta property=\"og:description\" content=\"GlareOne System zawieszenia t\u0142a - \u0142a\u0144cuszkowy, komplet na 3 t\u0142a\" \/>\n<meta property=\"og:url\" content=\"https:\/\/glareone.eu\/cs\/produkt\/glareone-background-support-system-set-for-3-backgrounds\/\" \/>\n<meta property=\"og:site_name\" content=\"GlareOne\" \/>\n<meta property=\"article:publisher\" content=\"https:\/\/www.facebook.com\/GlareOneLighting\" \/>\n<meta property=\"article:modified_time\" content=\"2025-05-23T13:26:18+00:00\" \/>\n<meta property=\"og:image\" content=\"https:\/\/glareone.eu\/wp-content\/uploads\/2024\/04\/SBRX3_001.jpg\" \/>\n\t<meta property=\"og:image:width\" content=\"1000\" \/>\n\t<meta property=\"og:image:height\" content=\"1000\" \/>\n\t<meta property=\"og:image:type\" content=\"image\/jpeg\" \/>\n<meta name=\"twitter:card\" content=\"summary_large_image\" \/>\n<meta name=\"twitter:title\" content=\"GlareOne System zawieszenia t\u0142a - \u0142a\u0144cuszkowy, komplet na 3 t\u0142a\" \/>\n<meta name=\"twitter:label1\" content=\"Odhadovan\u00e1 doba \u010dten\u00ed\" \/>\n\t<meta name=\"twitter:data1\" content=\"3 minuty\" \/>\n<script type=\"application\/ld+json\" class=\"yoast-schema-graph\">{\"@context\":\"https:\/\/schema.org\",\"@graph\":[{\"@type\":\"WebPage\",\"@id\":\"https:\/\/glareone.eu\/cs\/produkt\/glareone-background-support-system-set-for-3-backgrounds\/\",\"url\":\"https:\/\/glareone.eu\/cs\/produkt\/glareone-background-support-system-set-for-3-backgrounds\/\",\"name\":\"GlareOne System zawieszenia t\u0142a - \u0142a\u0144cuszkowy, komplet na 3 t\u0142a\",\"isPartOf\":{\"@id\":\"https:\/\/glareone.eu\/cs\/en\/#website\"},\"primaryImageOfPage\":{\"@id\":\"https:\/\/glareone.eu\/cs\/produkt\/glareone-background-support-system-set-for-3-backgrounds\/#primaryimage\"},\"image\":{\"@id\":\"https:\/\/glareone.eu\/cs\/produkt\/glareone-background-support-system-set-for-3-backgrounds\/#primaryimage\"},\"thumbnailUrl\":\"https:\/\/glareone.eu\/wp-content\/uploads\/2024\/04\/SBRX3_001.jpg\",\"datePublished\":\"2024-04-18T19:26:11+00:00\",\"dateModified\":\"2025-05-23T13:26:18+00:00\",\"description\":\"GlareOne System zawieszenia t\u0142a - \u0142a\u0144cuszkowy, komplet na 3 t\u0142a\",\"breadcrumb\":{\"@id\":\"https:\/\/glareone.eu\/cs\/produkt\/glareone-background-support-system-set-for-3-backgrounds\/#breadcrumb\"},\"inLanguage\":\"cs\",\"potentialAction\":[{\"@type\":\"ReadAction\",\"target\":[\"https:\/\/glareone.eu\/cs\/produkt\/glareone-background-support-system-set-for-3-backgrounds\/\"]}]},{\"@type\":\"ImageObject\",\"inLanguage\":\"cs\",\"@id\":\"https:\/\/glareone.eu\/cs\/produkt\/glareone-background-support-system-set-for-3-backgrounds\/#primaryimage\",\"url\":\"https:\/\/glareone.eu\/wp-content\/uploads\/2024\/04\/SBRX3_001.jpg\",\"contentUrl\":\"https:\/\/glareone.eu\/wp-content\/uploads\/2024\/04\/SBRX3_001.jpg\",\"width\":1000,\"height\":1000},{\"@type\":\"BreadcrumbList\",\"@id\":\"https:\/\/glareone.eu\/cs\/produkt\/glareone-background-support-system-set-for-3-backgrounds\/#breadcrumb\",\"itemListElement\":[{\"@type\":\"ListItem\",\"position\":1,\"name\":\"Strona g\u0142\u00f3wna\",\"item\":\"https:\/\/glareone.eu\/cs\/\"},{\"@type\":\"ListItem\",\"position\":2,\"name\":\"V\u0161echny produkty\",\"item\":\"https:\/\/glareone.eu\/cs\/produkty\/vsechny-produkty\/\"},{\"@type\":\"ListItem\",\"position\":3,\"name\":\"GlareOne Background Support System &#8211; set for 3 backgrounds\"}]},{\"@type\":\"WebSite\",\"@id\":\"https:\/\/glareone.eu\/cs\/en\/#website\",\"url\":\"https:\/\/glareone.eu\/cs\/en\/\",\"name\":\"GlareOne\",\"description\":\"Wyposa\u017cenie Studia\",\"publisher\":{\"@id\":\"https:\/\/glareone.eu\/cs\/en\/#organization\"},\"potentialAction\":[{\"@type\":\"SearchAction\",\"target\":{\"@type\":\"EntryPoint\",\"urlTemplate\":\"https:\/\/glareone.eu\/cs\/en\/?s={search_term_string}\"},\"query-input\":{\"@type\":\"PropertyValueSpecification\",\"valueRequired\":true,\"valueName\":\"search_term_string\"}}],\"inLanguage\":\"cs\"},{\"@type\":\"Organization\",\"@id\":\"https:\/\/glareone.eu\/cs\/en\/#organization\",\"name\":\"GlareOne\",\"url\":\"https:\/\/glareone.eu\/cs\/en\/\",\"logo\":{\"@type\":\"ImageObject\",\"inLanguage\":\"cs\",\"@id\":\"https:\/\/glareone.eu\/cs\/en\/#\/schema\/logo\/image\/\",\"url\":\"http:\/\/glareone.eu\/wp-content\/uploads\/2024\/05\/glareone_logo2020_RGB-01-e1715773127189.png\",\"contentUrl\":\"http:\/\/glareone.eu\/wp-content\/uploads\/2024\/05\/glareone_logo2020_RGB-01-e1715773127189.png\",\"width\":1270,\"height\":321,\"caption\":\"GlareOne\"},\"image\":{\"@id\":\"https:\/\/glareone.eu\/cs\/en\/#\/schema\/logo\/image\/\"},\"sameAs\":[\"https:\/\/www.facebook.com\/GlareOneLighting\",\"https:\/\/www.instagram.com\/glareonelighting\/\",\"https:\/\/www.youtube.com\/@GlareOneTV\"]}]}<\/script>\n<!-- \/ Yoast SEO plugin. -->","yoast_head_json":{"title":"GlareOne System zawieszenia t\u0142a - \u0142a\u0144cuszkowy, komplet na 3 t\u0142a","description":"GlareOne System zawieszenia t\u0142a - \u0142a\u0144cuszkowy, komplet na 3 t\u0142a","robots":{"index":"index","follow":"follow","max-snippet":"max-snippet:-1","max-image-preview":"max-image-preview:large","max-video-preview":"max-video-preview:-1"},"canonical":"https:\/\/glareone.eu\/cs\/produkt\/glareone-background-support-system-set-for-3-backgrounds\/","og_locale":"cs_CZ","og_type":"article","og_title":"GlareOne System zawieszenia t\u0142a - \u0142a\u0144cuszkowy, komplet na 3 t\u0142a","og_description":"GlareOne System zawieszenia t\u0142a - \u0142a\u0144cuszkowy, komplet na 3 t\u0142a","og_url":"https:\/\/glareone.eu\/cs\/produkt\/glareone-background-support-system-set-for-3-backgrounds\/","og_site_name":"GlareOne","article_publisher":"https:\/\/www.facebook.com\/GlareOneLighting","article_modified_time":"2025-05-23T13:26:18+00:00","og_image":[{"width":1000,"height":1000,"url":"https:\/\/glareone.eu\/wp-content\/uploads\/2024\/04\/SBRX3_001.jpg","type":"image\/jpeg"}],"twitter_card":"summary_large_image","twitter_title":"GlareOne System zawieszenia t\u0142a - \u0142a\u0144cuszkowy, komplet na 3 t\u0142a","twitter_misc":{"Odhadovan\u00e1 doba \u010dten\u00ed":"3 minuty"},"schema":{"@context":"https:\/\/schema.org","@graph":[{"@type":"WebPage","@id":"https:\/\/glareone.eu\/cs\/produkt\/glareone-background-support-system-set-for-3-backgrounds\/","url":"https:\/\/glareone.eu\/cs\/produkt\/glareone-background-support-system-set-for-3-backgrounds\/","name":"GlareOne System zawieszenia t\u0142a - \u0142a\u0144cuszkowy, komplet na 3 t\u0142a","isPartOf":{"@id":"https:\/\/glareone.eu\/cs\/en\/#website"},"primaryImageOfPage":{"@id":"https:\/\/glareone.eu\/cs\/produkt\/glareone-background-support-system-set-for-3-backgrounds\/#primaryimage"},"image":{"@id":"https:\/\/glareone.eu\/cs\/produkt\/glareone-background-support-system-set-for-3-backgrounds\/#primaryimage"},"thumbnailUrl":"https:\/\/glareone.eu\/wp-content\/uploads\/2024\/04\/SBRX3_001.jpg","datePublished":"2024-04-18T19:26:11+00:00","dateModified":"2025-05-23T13:26:18+00:00","description":"GlareOne System zawieszenia t\u0142a - \u0142a\u0144cuszkowy, komplet na 3 t\u0142a","breadcrumb":{"@id":"https:\/\/glareone.eu\/cs\/produkt\/glareone-background-support-system-set-for-3-backgrounds\/#breadcrumb"},"inLanguage":"cs","potentialAction":[{"@type":"ReadAction","target":["https:\/\/glareone.eu\/cs\/produkt\/glareone-background-support-system-set-for-3-backgrounds\/"]}]},{"@type":"ImageObject","inLanguage":"cs","@id":"https:\/\/glareone.eu\/cs\/produkt\/glareone-background-support-system-set-for-3-backgrounds\/#primaryimage","url":"https:\/\/glareone.eu\/wp-content\/uploads\/2024\/04\/SBRX3_001.jpg","contentUrl":"https:\/\/glareone.eu\/wp-content\/uploads\/2024\/04\/SBRX3_001.jpg","width":1000,"height":1000},{"@type":"BreadcrumbList","@id":"https:\/\/glareone.eu\/cs\/produkt\/glareone-background-support-system-set-for-3-backgrounds\/#breadcrumb","itemListElement":[{"@type":"ListItem","position":1,"name":"Strona g\u0142\u00f3wna","item":"https:\/\/glareone.eu\/cs\/"},{"@type":"ListItem","position":2,"name":"V\u0161echny produkty","item":"https:\/\/glareone.eu\/cs\/produkty\/vsechny-produkty\/"},{"@type":"ListItem","position":3,"name":"GlareOne Background Support System &#8211; set for 3 backgrounds"}]},{"@type":"WebSite","@id":"https:\/\/glareone.eu\/cs\/en\/#website","url":"https:\/\/glareone.eu\/cs\/en\/","name":"GlareOne","description":"Wyposa\u017cenie Studia","publisher":{"@id":"https:\/\/glareone.eu\/cs\/en\/#organization"},"potentialAction":[{"@type":"SearchAction","target":{"@type":"EntryPoint","urlTemplate":"https:\/\/glareone.eu\/cs\/en\/?s={search_term_string}"},"query-input":{"@type":"PropertyValueSpecification","valueRequired":true,"valueName":"search_term_string"}}],"inLanguage":"cs"},{"@type":"Organization","@id":"https:\/\/glareone.eu\/cs\/en\/#organization","name":"GlareOne","url":"https:\/\/glareone.eu\/cs\/en\/","logo":{"@type":"ImageObject","inLanguage":"cs","@id":"https:\/\/glareone.eu\/cs\/en\/#\/schema\/logo\/image\/","url":"http:\/\/glareone.eu\/wp-content\/uploads\/2024\/05\/glareone_logo2020_RGB-01-e1715773127189.png","contentUrl":"http:\/\/glareone.eu\/wp-content\/uploads\/2024\/05\/glareone_logo2020_RGB-01-e1715773127189.png","width":1270,"height":321,"caption":"GlareOne"},"image":{"@id":"https:\/\/glareone.eu\/cs\/en\/#\/schema\/logo\/image\/"},"sameAs":["https:\/\/www.facebook.com\/GlareOneLighting","https:\/\/www.instagram.com\/glareonelighting\/","https:\/\/www.youtube.com\/@GlareOneTV"]}]}},"_links":{"self":[{"href":"https:\/\/glareone.eu\/cs\/wp-json\/wp\/v2\/product\/18461","targetHints":{"allow":["GET"]}}],"collection":[{"href":"https:\/\/glareone.eu\/cs\/wp-json\/wp\/v2\/product"}],"about":[{"href":"https:\/\/glareone.eu\/cs\/wp-json\/wp\/v2\/types\/product"}],"wp:featuredmedia":[{"embeddable":true,"href":"https:\/\/glareone.eu\/cs\/wp-json\/wp\/v2\/media\/18462"}],"wp:attachment":[{"href":"https:\/\/glareone.eu\/cs\/wp-json\/wp\/v2\/media?parent=18461"}],"wp:term":[{"taxonomy":"product_brand","embeddable":true,"href":"https:\/\/glareone.eu\/cs\/wp-json\/wp\/v2\/product_brand?post=18461"},{"taxonomy":"product_cat","embeddable":true,"href":"https:\/\/glareone.eu\/cs\/wp-json\/wp\/v2\/product_cat?post=18461"},{"taxonomy":"product_tag","embeddable":true,"href":"https:\/\/glareone.eu\/cs\/wp-json\/wp\/v2\/product_tag?post=18461"}],"curies":[{"name":"wp","href":"https:\/\/api.w.org\/{rel}","templated":true}]}}