{"id":18428,"date":"2024-04-18T19:26:11","date_gmt":"2024-04-18T19:26:11","guid":{"rendered":"https:\/\/glareone.eu\/product\/glareone-telescopic-crossbar-75-190-cm\/"},"modified":"2025-05-23T13:13:33","modified_gmt":"2025-05-23T13:13:33","slug":"glareone-telescopic-crossbar-75-190-cm","status":"publish","type":"product","link":"https:\/\/glareone.eu\/cs\/produkt\/glareone-telescopic-crossbar-75-190-cm\/","title":{"rendered":"GlareOne Telescopic crossbar 75-190 cm"},"content":{"rendered":"<p><span style=\"font-weight: 400;\">Teleskopick\u00e1 p\u0159\u00ed\u010dka pro zav\u011b\u0161en\u00ed pozad\u00ed, pracovn\u00ed rozsah 75 cm a\u017e 190 cm. Mont\u00e1\u017e na osv\u011btlovac\u00ed stativ s 16 mm trnem. Je ur\u010dena pro zav\u011b\u0161en\u00ed fotografick\u00fdch pozad\u00ed o maxim\u00e1ln\u00ed \u0161\u00ed\u0159ce 185 cm. Nosn\u00edk m\u00e1 t\u0159i segmenty, z nich\u017e ka\u017ed\u00fd lze zafixovat v libovoln\u00e9 poloze, co\u017e umo\u017e\u0148uje p\u0159esn\u00e9 p\u0159izp\u016fsoben\u00ed \u0161\u00ed\u0159ky nosn\u00edku pozad\u00ed nebo omezen\u00e9mu prostoru pro zav\u011b\u0161en\u00ed pozad\u00ed.<\/span><\/p>\n<p><span style=\"font-weight: 400;\">Ty\u010d je vyrobena z vysoce kvalitn\u00edho hlin\u00edku, kter\u00fd v sob\u011b spojuje stabilitu, pevnost a mobilitu. Po sestaven\u00ed se snadno p\u0159epravuje a d\u00edky teleskopick\u00e9mu proveden\u00ed se velmi snadno rozkl\u00e1d\u00e1.<\/span><\/p>\n<p><span style=\"font-weight: 400;\">Ka\u017ed\u00fd okraj ty\u010de je zakon\u010den konzolou se 3 mont\u00e1\u017en\u00edmi otvory o pr\u016fm\u011bru 16 mm se sv\u011brnou \u0161roubem. D\u00edky tomu lze ty\u010d p\u0159ipevnit ze spodn\u00ed, horn\u00ed a bo\u010dn\u00ed strany \u2013 zvenku. Tento posledn\u00ed mont\u00e1\u017en\u00ed otvor umo\u017e\u0148uje namontovat ty\u010d nap\u0159\u00edklad na dv\u011b dr\u017e\u00e1ky GlareOne Superclamp, kter\u00e9 jsou k dispozici samostatn\u011b.<\/span><\/p>\n","protected":false},"excerpt":{"rendered":"<p>Teleskopick\u00e1 p\u0159\u00ed\u010dka pro zav\u011b\u0161en\u00ed pozad\u00ed, pracovn\u00ed rozsah 75 cm a\u017e 190 cm. Mont\u00e1\u017e na osv\u011btlovac\u00ed stativ s 16 mm trnem. Je ur\u010dena pro zav\u011b\u0161en\u00ed fotografick\u00fdch pozad\u00ed o maxim\u00e1ln\u00ed \u0161\u00ed\u0159ce 185 cm. Nosn\u00edk m\u00e1 t\u0159i segmenty, z nich\u017e ka\u017ed\u00fd lze zafixovat v libovoln\u00e9 poloze, co\u017e umo\u017e\u0148uje p\u0159esn\u00e9 p\u0159izp\u016fsoben\u00ed \u0161\u00ed\u0159ky nosn\u00edku pozad\u00ed nebo omezen\u00e9mu prostoru pro zav\u011b\u0161en\u00ed [&hellip;]<\/p>\n","protected":false},"featured_media":18429,"template":"","meta":[],"product_brand":[],"product_cat":[577],"product_tag":[],"class_list":{"0":"post-18428","1":"product","2":"type-product","3":"status-publish","4":"has-post-thumbnail","6":"product_cat-systemy-zaveseni-pozadi","8":"first","9":"instock","10":"product-type-simple"},"yoast_head":"<!-- This site is optimized with the Yoast SEO plugin v27.2 - https:\/\/yoast.com\/product\/yoast-seo-wordpress\/ -->\n<title>GlareOne Poprzeczka teleskopowa 75-190 cm<\/title>\n<meta name=\"description\" content=\"GlareOne Poprzeczka teleskopowa 75-190 cm\" \/>\n<meta name=\"robots\" content=\"index, follow, max-snippet:-1, max-image-preview:large, max-video-preview:-1\" \/>\n<link rel=\"canonical\" href=\"https:\/\/glareone.eu\/cs\/produkt\/glareone-telescopic-crossbar-75-190-cm\/\" \/>\n<meta property=\"og:locale\" content=\"cs_CZ\" \/>\n<meta property=\"og:type\" content=\"article\" \/>\n<meta property=\"og:title\" content=\"GlareOne Poprzeczka teleskopowa 75-190 cm\" \/>\n<meta property=\"og:description\" content=\"GlareOne Poprzeczka teleskopowa 75-190 cm\" \/>\n<meta property=\"og:url\" content=\"https:\/\/glareone.eu\/cs\/produkt\/glareone-telescopic-crossbar-75-190-cm\/\" \/>\n<meta property=\"og:site_name\" content=\"GlareOne\" \/>\n<meta property=\"article:publisher\" content=\"https:\/\/www.facebook.com\/GlareOneLighting\" \/>\n<meta property=\"article:modified_time\" content=\"2025-05-23T13:13:33+00:00\" \/>\n<meta property=\"og:image\" content=\"https:\/\/glareone.eu\/wp-content\/uploads\/2024\/04\/SCB190_01.jpg\" \/>\n\t<meta property=\"og:image:width\" content=\"1000\" \/>\n\t<meta property=\"og:image:height\" content=\"1000\" \/>\n\t<meta property=\"og:image:type\" content=\"image\/jpeg\" \/>\n<meta name=\"twitter:card\" content=\"summary_large_image\" \/>\n<meta name=\"twitter:title\" content=\"GlareOne Poprzeczka teleskopowa 75-190 cm\" \/>\n<meta name=\"twitter:label1\" content=\"Odhadovan\u00e1 doba \u010dten\u00ed\" \/>\n\t<meta name=\"twitter:data1\" content=\"1 minuta\" \/>\n<script type=\"application\/ld+json\" class=\"yoast-schema-graph\">{\"@context\":\"https:\/\/schema.org\",\"@graph\":[{\"@type\":\"WebPage\",\"@id\":\"https:\/\/glareone.eu\/cs\/produkt\/glareone-telescopic-crossbar-75-190-cm\/\",\"url\":\"https:\/\/glareone.eu\/cs\/produkt\/glareone-telescopic-crossbar-75-190-cm\/\",\"name\":\"GlareOne Poprzeczka teleskopowa 75-190 cm\",\"isPartOf\":{\"@id\":\"https:\/\/glareone.eu\/cs\/en\/#website\"},\"primaryImageOfPage\":{\"@id\":\"https:\/\/glareone.eu\/cs\/produkt\/glareone-telescopic-crossbar-75-190-cm\/#primaryimage\"},\"image\":{\"@id\":\"https:\/\/glareone.eu\/cs\/produkt\/glareone-telescopic-crossbar-75-190-cm\/#primaryimage\"},\"thumbnailUrl\":\"https:\/\/glareone.eu\/wp-content\/uploads\/2024\/04\/SCB190_01.jpg\",\"datePublished\":\"2024-04-18T19:26:11+00:00\",\"dateModified\":\"2025-05-23T13:13:33+00:00\",\"description\":\"GlareOne Poprzeczka teleskopowa 75-190 cm\",\"breadcrumb\":{\"@id\":\"https:\/\/glareone.eu\/cs\/produkt\/glareone-telescopic-crossbar-75-190-cm\/#breadcrumb\"},\"inLanguage\":\"cs\",\"potentialAction\":[{\"@type\":\"ReadAction\",\"target\":[\"https:\/\/glareone.eu\/cs\/produkt\/glareone-telescopic-crossbar-75-190-cm\/\"]}]},{\"@type\":\"ImageObject\",\"inLanguage\":\"cs\",\"@id\":\"https:\/\/glareone.eu\/cs\/produkt\/glareone-telescopic-crossbar-75-190-cm\/#primaryimage\",\"url\":\"https:\/\/glareone.eu\/wp-content\/uploads\/2024\/04\/SCB190_01.jpg\",\"contentUrl\":\"https:\/\/glareone.eu\/wp-content\/uploads\/2024\/04\/SCB190_01.jpg\",\"width\":1000,\"height\":1000},{\"@type\":\"BreadcrumbList\",\"@id\":\"https:\/\/glareone.eu\/cs\/produkt\/glareone-telescopic-crossbar-75-190-cm\/#breadcrumb\",\"itemListElement\":[{\"@type\":\"ListItem\",\"position\":1,\"name\":\"Strona g\u0142\u00f3wna\",\"item\":\"https:\/\/glareone.eu\/cs\/\"},{\"@type\":\"ListItem\",\"position\":2,\"name\":\"V\u0161echny produkty\",\"item\":\"https:\/\/glareone.eu\/cs\/produkty\/vsechny-produkty\/\"},{\"@type\":\"ListItem\",\"position\":3,\"name\":\"GlareOne Telescopic crossbar 75-190 cm\"}]},{\"@type\":\"WebSite\",\"@id\":\"https:\/\/glareone.eu\/cs\/en\/#website\",\"url\":\"https:\/\/glareone.eu\/cs\/en\/\",\"name\":\"GlareOne\",\"description\":\"Wyposa\u017cenie Studia\",\"publisher\":{\"@id\":\"https:\/\/glareone.eu\/cs\/en\/#organization\"},\"potentialAction\":[{\"@type\":\"SearchAction\",\"target\":{\"@type\":\"EntryPoint\",\"urlTemplate\":\"https:\/\/glareone.eu\/cs\/en\/?s={search_term_string}\"},\"query-input\":{\"@type\":\"PropertyValueSpecification\",\"valueRequired\":true,\"valueName\":\"search_term_string\"}}],\"inLanguage\":\"cs\"},{\"@type\":\"Organization\",\"@id\":\"https:\/\/glareone.eu\/cs\/en\/#organization\",\"name\":\"GlareOne\",\"url\":\"https:\/\/glareone.eu\/cs\/en\/\",\"logo\":{\"@type\":\"ImageObject\",\"inLanguage\":\"cs\",\"@id\":\"https:\/\/glareone.eu\/cs\/en\/#\/schema\/logo\/image\/\",\"url\":\"http:\/\/glareone.eu\/wp-content\/uploads\/2024\/05\/glareone_logo2020_RGB-01-e1715773127189.png\",\"contentUrl\":\"http:\/\/glareone.eu\/wp-content\/uploads\/2024\/05\/glareone_logo2020_RGB-01-e1715773127189.png\",\"width\":1270,\"height\":321,\"caption\":\"GlareOne\"},\"image\":{\"@id\":\"https:\/\/glareone.eu\/cs\/en\/#\/schema\/logo\/image\/\"},\"sameAs\":[\"https:\/\/www.facebook.com\/GlareOneLighting\",\"https:\/\/www.instagram.com\/glareonelighting\/\",\"https:\/\/www.youtube.com\/@GlareOneTV\"]}]}<\/script>\n<!-- \/ Yoast SEO plugin. -->","yoast_head_json":{"title":"GlareOne Poprzeczka teleskopowa 75-190 cm","description":"GlareOne Poprzeczka teleskopowa 75-190 cm","robots":{"index":"index","follow":"follow","max-snippet":"max-snippet:-1","max-image-preview":"max-image-preview:large","max-video-preview":"max-video-preview:-1"},"canonical":"https:\/\/glareone.eu\/cs\/produkt\/glareone-telescopic-crossbar-75-190-cm\/","og_locale":"cs_CZ","og_type":"article","og_title":"GlareOne Poprzeczka teleskopowa 75-190 cm","og_description":"GlareOne Poprzeczka teleskopowa 75-190 cm","og_url":"https:\/\/glareone.eu\/cs\/produkt\/glareone-telescopic-crossbar-75-190-cm\/","og_site_name":"GlareOne","article_publisher":"https:\/\/www.facebook.com\/GlareOneLighting","article_modified_time":"2025-05-23T13:13:33+00:00","og_image":[{"width":1000,"height":1000,"url":"https:\/\/glareone.eu\/wp-content\/uploads\/2024\/04\/SCB190_01.jpg","type":"image\/jpeg"}],"twitter_card":"summary_large_image","twitter_title":"GlareOne Poprzeczka teleskopowa 75-190 cm","twitter_misc":{"Odhadovan\u00e1 doba \u010dten\u00ed":"1 minuta"},"schema":{"@context":"https:\/\/schema.org","@graph":[{"@type":"WebPage","@id":"https:\/\/glareone.eu\/cs\/produkt\/glareone-telescopic-crossbar-75-190-cm\/","url":"https:\/\/glareone.eu\/cs\/produkt\/glareone-telescopic-crossbar-75-190-cm\/","name":"GlareOne Poprzeczka teleskopowa 75-190 cm","isPartOf":{"@id":"https:\/\/glareone.eu\/cs\/en\/#website"},"primaryImageOfPage":{"@id":"https:\/\/glareone.eu\/cs\/produkt\/glareone-telescopic-crossbar-75-190-cm\/#primaryimage"},"image":{"@id":"https:\/\/glareone.eu\/cs\/produkt\/glareone-telescopic-crossbar-75-190-cm\/#primaryimage"},"thumbnailUrl":"https:\/\/glareone.eu\/wp-content\/uploads\/2024\/04\/SCB190_01.jpg","datePublished":"2024-04-18T19:26:11+00:00","dateModified":"2025-05-23T13:13:33+00:00","description":"GlareOne Poprzeczka teleskopowa 75-190 cm","breadcrumb":{"@id":"https:\/\/glareone.eu\/cs\/produkt\/glareone-telescopic-crossbar-75-190-cm\/#breadcrumb"},"inLanguage":"cs","potentialAction":[{"@type":"ReadAction","target":["https:\/\/glareone.eu\/cs\/produkt\/glareone-telescopic-crossbar-75-190-cm\/"]}]},{"@type":"ImageObject","inLanguage":"cs","@id":"https:\/\/glareone.eu\/cs\/produkt\/glareone-telescopic-crossbar-75-190-cm\/#primaryimage","url":"https:\/\/glareone.eu\/wp-content\/uploads\/2024\/04\/SCB190_01.jpg","contentUrl":"https:\/\/glareone.eu\/wp-content\/uploads\/2024\/04\/SCB190_01.jpg","width":1000,"height":1000},{"@type":"BreadcrumbList","@id":"https:\/\/glareone.eu\/cs\/produkt\/glareone-telescopic-crossbar-75-190-cm\/#breadcrumb","itemListElement":[{"@type":"ListItem","position":1,"name":"Strona g\u0142\u00f3wna","item":"https:\/\/glareone.eu\/cs\/"},{"@type":"ListItem","position":2,"name":"V\u0161echny produkty","item":"https:\/\/glareone.eu\/cs\/produkty\/vsechny-produkty\/"},{"@type":"ListItem","position":3,"name":"GlareOne Telescopic crossbar 75-190 cm"}]},{"@type":"WebSite","@id":"https:\/\/glareone.eu\/cs\/en\/#website","url":"https:\/\/glareone.eu\/cs\/en\/","name":"GlareOne","description":"Wyposa\u017cenie Studia","publisher":{"@id":"https:\/\/glareone.eu\/cs\/en\/#organization"},"potentialAction":[{"@type":"SearchAction","target":{"@type":"EntryPoint","urlTemplate":"https:\/\/glareone.eu\/cs\/en\/?s={search_term_string}"},"query-input":{"@type":"PropertyValueSpecification","valueRequired":true,"valueName":"search_term_string"}}],"inLanguage":"cs"},{"@type":"Organization","@id":"https:\/\/glareone.eu\/cs\/en\/#organization","name":"GlareOne","url":"https:\/\/glareone.eu\/cs\/en\/","logo":{"@type":"ImageObject","inLanguage":"cs","@id":"https:\/\/glareone.eu\/cs\/en\/#\/schema\/logo\/image\/","url":"http:\/\/glareone.eu\/wp-content\/uploads\/2024\/05\/glareone_logo2020_RGB-01-e1715773127189.png","contentUrl":"http:\/\/glareone.eu\/wp-content\/uploads\/2024\/05\/glareone_logo2020_RGB-01-e1715773127189.png","width":1270,"height":321,"caption":"GlareOne"},"image":{"@id":"https:\/\/glareone.eu\/cs\/en\/#\/schema\/logo\/image\/"},"sameAs":["https:\/\/www.facebook.com\/GlareOneLighting","https:\/\/www.instagram.com\/glareonelighting\/","https:\/\/www.youtube.com\/@GlareOneTV"]}]}},"_links":{"self":[{"href":"https:\/\/glareone.eu\/cs\/wp-json\/wp\/v2\/product\/18428","targetHints":{"allow":["GET"]}}],"collection":[{"href":"https:\/\/glareone.eu\/cs\/wp-json\/wp\/v2\/product"}],"about":[{"href":"https:\/\/glareone.eu\/cs\/wp-json\/wp\/v2\/types\/product"}],"wp:featuredmedia":[{"embeddable":true,"href":"https:\/\/glareone.eu\/cs\/wp-json\/wp\/v2\/media\/18429"}],"wp:attachment":[{"href":"https:\/\/glareone.eu\/cs\/wp-json\/wp\/v2\/media?parent=18428"}],"wp:term":[{"taxonomy":"product_brand","embeddable":true,"href":"https:\/\/glareone.eu\/cs\/wp-json\/wp\/v2\/product_brand?post=18428"},{"taxonomy":"product_cat","embeddable":true,"href":"https:\/\/glareone.eu\/cs\/wp-json\/wp\/v2\/product_cat?post=18428"},{"taxonomy":"product_tag","embeddable":true,"href":"https:\/\/glareone.eu\/cs\/wp-json\/wp\/v2\/product_tag?post=18428"}],"curies":[{"name":"wp","href":"https:\/\/api.w.org\/{rel}","templated":true}]}}