{"id":18418,"date":"2024-04-18T19:26:20","date_gmt":"2024-04-18T19:26:20","guid":{"rendered":"https:\/\/glareone.eu\/product\/glareone-softbox-umbrella-80x120\/"},"modified":"2025-08-11T10:17:45","modified_gmt":"2025-08-11T10:17:45","slug":"glareone-softbox-umbrella-80x120","status":"publish","type":"product","link":"https:\/\/glareone.eu\/cs\/produkt\/glareone-softbox-umbrella-80x120\/","title":{"rendered":"GlareOne Softbox de\u0161tn\u00edk 80&#215;120"},"content":{"rendered":"<p><span style=\"font-weight: 400;\">De\u0161tn\u00edkov\u00fd softbox s difuz\u00e9rem o rozm\u011brech 80 x 120 cm je vynikaj\u00edc\u00edm \u0159e\u0161en\u00edm jak pro bleskov\u00e1 sv\u011btla, tak pro kontinu\u00e1ln\u00ed osv\u011btlen\u00ed.<\/span><\/p>\n<p><span style=\"font-weight: 400;\">Praktick\u00fd zp\u016fsob skl\u00e1d\u00e1n\u00ed (jako de\u0161tn\u00edk) umo\u017e\u0148uje rychl\u00e9 a snadn\u00e9 nastaven\u00ed p\u0159i venkovn\u00edch focen\u00edch.<\/span><\/p>\n<p><span style=\"font-weight: 400;\">Konstrukce softboxu sm\u011b\u0159uje ve\u0161ker\u00e9 sv\u011btlo k vn\u011bj\u0161\u00edmu difuz\u00e9ru, kter\u00fd zaji\u0161\u0165uje m\u011bkk\u00e9 a rovnom\u011brn\u00e9 osv\u011btlen\u00ed.<\/span><\/p>\n<p><span style=\"font-weight: 400;\">Nastaven\u00ed mont\u00e1\u017en\u00ed vzd\u00e1lenosti lamp umo\u017e\u0148uje vytvo\u0159en\u00ed oboustrann\u00e9 kapsy ve spodn\u00ed \u010d\u00e1sti softboxu. To umo\u017e\u0148uje mont\u00e1\u017e jak\u00e9hokoli bleskov\u00e9ho sv\u011btla nebo \u017e\u00e1rovky pro nep\u0159etr\u017eit\u00e9 osv\u011btlen\u00ed.<\/span><\/p>\n<p><span style=\"font-weight: 400;\">Velikost difuzn\u00ed plochy softboxu: 80 x 120 cm<\/span><\/p>\n","protected":false},"excerpt":{"rendered":"<p>De\u0161tn\u00edkov\u00fd softbox s difuz\u00e9rem o rozm\u011brech 80 x 120 cm je vynikaj\u00edc\u00edm \u0159e\u0161en\u00edm jak pro bleskov\u00e1 sv\u011btla, tak pro kontinu\u00e1ln\u00ed osv\u011btlen\u00ed. Praktick\u00fd zp\u016fsob skl\u00e1d\u00e1n\u00ed (jako de\u0161tn\u00edk) umo\u017e\u0148uje rychl\u00e9 a snadn\u00e9 nastaven\u00ed p\u0159i venkovn\u00edch focen\u00edch. Konstrukce softboxu sm\u011b\u0159uje ve\u0161ker\u00e9 sv\u011btlo k vn\u011bj\u0161\u00edmu difuz\u00e9ru, kter\u00fd zaji\u0161\u0165uje m\u011bkk\u00e9 a rovnom\u011brn\u00e9 osv\u011btlen\u00ed. Nastaven\u00ed mont\u00e1\u017en\u00ed vzd\u00e1lenosti lamp umo\u017e\u0148uje vytvo\u0159en\u00ed oboustrann\u00e9 [&hellip;]<\/p>\n","protected":false},"featured_media":18420,"template":"","meta":[],"product_brand":[],"product_cat":[560],"product_tag":[],"class_list":{"0":"post-18418","1":"product","2":"type-product","3":"status-publish","4":"has-post-thumbnail","6":"product_cat-ostatni-softboxy","8":"first","9":"instock","10":"product-type-simple"},"yoast_head":"<!-- This site is optimized with the Yoast SEO plugin v27.2 - https:\/\/yoast.com\/product\/yoast-seo-wordpress\/ -->\n<title>GlareOne Softbox Parasolkowy 80x120 do lamp reporterskich<\/title>\n<meta name=\"description\" content=\"GlareOne Softbox Parasolkowy 80x120 do lamp reporterskich\" \/>\n<meta name=\"robots\" content=\"index, follow, max-snippet:-1, max-image-preview:large, max-video-preview:-1\" \/>\n<link rel=\"canonical\" href=\"https:\/\/glareone.eu\/cs\/produkt\/glareone-softbox-umbrella-80x120\/\" \/>\n<meta property=\"og:locale\" content=\"cs_CZ\" \/>\n<meta property=\"og:type\" content=\"article\" \/>\n<meta property=\"og:title\" content=\"GlareOne Softbox Parasolkowy 80x120 do lamp reporterskich\" \/>\n<meta property=\"og:description\" content=\"GlareOne Softbox Parasolkowy 80x120 do lamp reporterskich\" \/>\n<meta property=\"og:url\" content=\"https:\/\/glareone.eu\/cs\/produkt\/glareone-softbox-umbrella-80x120\/\" \/>\n<meta property=\"og:site_name\" content=\"GlareOne\" \/>\n<meta property=\"article:publisher\" content=\"https:\/\/www.facebook.com\/GlareOneLighting\" \/>\n<meta property=\"article:modified_time\" content=\"2025-08-11T10:17:45+00:00\" \/>\n<meta property=\"og:image\" content=\"https:\/\/glareone.eu\/wp-content\/uploads\/2024\/04\/SERSOFT80X120_001.jpg\" \/>\n\t<meta property=\"og:image:width\" content=\"1000\" \/>\n\t<meta property=\"og:image:height\" content=\"1000\" \/>\n\t<meta property=\"og:image:type\" content=\"image\/jpeg\" \/>\n<meta name=\"twitter:card\" content=\"summary_large_image\" \/>\n<meta name=\"twitter:title\" content=\"GlareOne Softbox Parasolkowy 80x120 do lamp reporterskich\" \/>\n<meta name=\"twitter:label1\" content=\"Odhadovan\u00e1 doba \u010dten\u00ed\" \/>\n\t<meta name=\"twitter:data1\" content=\"1 minuta\" \/>\n<script type=\"application\/ld+json\" class=\"yoast-schema-graph\">{\"@context\":\"https:\/\/schema.org\",\"@graph\":[{\"@type\":\"WebPage\",\"@id\":\"https:\/\/glareone.eu\/cs\/produkt\/glareone-softbox-umbrella-80x120\/\",\"url\":\"https:\/\/glareone.eu\/cs\/produkt\/glareone-softbox-umbrella-80x120\/\",\"name\":\"GlareOne Softbox Parasolkowy 80x120 do lamp reporterskich\",\"isPartOf\":{\"@id\":\"https:\/\/glareone.eu\/cs\/en\/#website\"},\"primaryImageOfPage\":{\"@id\":\"https:\/\/glareone.eu\/cs\/produkt\/glareone-softbox-umbrella-80x120\/#primaryimage\"},\"image\":{\"@id\":\"https:\/\/glareone.eu\/cs\/produkt\/glareone-softbox-umbrella-80x120\/#primaryimage\"},\"thumbnailUrl\":\"https:\/\/glareone.eu\/wp-content\/uploads\/2024\/04\/SERSOFT80X120_001.jpg\",\"datePublished\":\"2024-04-18T19:26:20+00:00\",\"dateModified\":\"2025-08-11T10:17:45+00:00\",\"description\":\"GlareOne Softbox Parasolkowy 80x120 do lamp reporterskich\",\"breadcrumb\":{\"@id\":\"https:\/\/glareone.eu\/cs\/produkt\/glareone-softbox-umbrella-80x120\/#breadcrumb\"},\"inLanguage\":\"cs\",\"potentialAction\":[{\"@type\":\"ReadAction\",\"target\":[\"https:\/\/glareone.eu\/cs\/produkt\/glareone-softbox-umbrella-80x120\/\"]}]},{\"@type\":\"ImageObject\",\"inLanguage\":\"cs\",\"@id\":\"https:\/\/glareone.eu\/cs\/produkt\/glareone-softbox-umbrella-80x120\/#primaryimage\",\"url\":\"https:\/\/glareone.eu\/wp-content\/uploads\/2024\/04\/SERSOFT80X120_001.jpg\",\"contentUrl\":\"https:\/\/glareone.eu\/wp-content\/uploads\/2024\/04\/SERSOFT80X120_001.jpg\",\"width\":1000,\"height\":1000},{\"@type\":\"BreadcrumbList\",\"@id\":\"https:\/\/glareone.eu\/cs\/produkt\/glareone-softbox-umbrella-80x120\/#breadcrumb\",\"itemListElement\":[{\"@type\":\"ListItem\",\"position\":1,\"name\":\"Strona g\u0142\u00f3wna\",\"item\":\"https:\/\/glareone.eu\/cs\/\"},{\"@type\":\"ListItem\",\"position\":2,\"name\":\"V\u0161echny produkty\",\"item\":\"https:\/\/glareone.eu\/cs\/produkty\/vsechny-produkty\/\"},{\"@type\":\"ListItem\",\"position\":3,\"name\":\"GlareOne Softbox de\u0161tn\u00edk 80&#215;120\"}]},{\"@type\":\"WebSite\",\"@id\":\"https:\/\/glareone.eu\/cs\/en\/#website\",\"url\":\"https:\/\/glareone.eu\/cs\/en\/\",\"name\":\"GlareOne\",\"description\":\"Wyposa\u017cenie Studia\",\"publisher\":{\"@id\":\"https:\/\/glareone.eu\/cs\/en\/#organization\"},\"potentialAction\":[{\"@type\":\"SearchAction\",\"target\":{\"@type\":\"EntryPoint\",\"urlTemplate\":\"https:\/\/glareone.eu\/cs\/en\/?s={search_term_string}\"},\"query-input\":{\"@type\":\"PropertyValueSpecification\",\"valueRequired\":true,\"valueName\":\"search_term_string\"}}],\"inLanguage\":\"cs\"},{\"@type\":\"Organization\",\"@id\":\"https:\/\/glareone.eu\/cs\/en\/#organization\",\"name\":\"GlareOne\",\"url\":\"https:\/\/glareone.eu\/cs\/en\/\",\"logo\":{\"@type\":\"ImageObject\",\"inLanguage\":\"cs\",\"@id\":\"https:\/\/glareone.eu\/cs\/en\/#\/schema\/logo\/image\/\",\"url\":\"http:\/\/glareone.eu\/wp-content\/uploads\/2024\/05\/glareone_logo2020_RGB-01-e1715773127189.png\",\"contentUrl\":\"http:\/\/glareone.eu\/wp-content\/uploads\/2024\/05\/glareone_logo2020_RGB-01-e1715773127189.png\",\"width\":1270,\"height\":321,\"caption\":\"GlareOne\"},\"image\":{\"@id\":\"https:\/\/glareone.eu\/cs\/en\/#\/schema\/logo\/image\/\"},\"sameAs\":[\"https:\/\/www.facebook.com\/GlareOneLighting\",\"https:\/\/www.instagram.com\/glareonelighting\/\",\"https:\/\/www.youtube.com\/@GlareOneTV\"]}]}<\/script>\n<!-- \/ Yoast SEO plugin. -->","yoast_head_json":{"title":"GlareOne Softbox Parasolkowy 80x120 do lamp reporterskich","description":"GlareOne Softbox Parasolkowy 80x120 do lamp reporterskich","robots":{"index":"index","follow":"follow","max-snippet":"max-snippet:-1","max-image-preview":"max-image-preview:large","max-video-preview":"max-video-preview:-1"},"canonical":"https:\/\/glareone.eu\/cs\/produkt\/glareone-softbox-umbrella-80x120\/","og_locale":"cs_CZ","og_type":"article","og_title":"GlareOne Softbox Parasolkowy 80x120 do lamp reporterskich","og_description":"GlareOne Softbox Parasolkowy 80x120 do lamp reporterskich","og_url":"https:\/\/glareone.eu\/cs\/produkt\/glareone-softbox-umbrella-80x120\/","og_site_name":"GlareOne","article_publisher":"https:\/\/www.facebook.com\/GlareOneLighting","article_modified_time":"2025-08-11T10:17:45+00:00","og_image":[{"width":1000,"height":1000,"url":"https:\/\/glareone.eu\/wp-content\/uploads\/2024\/04\/SERSOFT80X120_001.jpg","type":"image\/jpeg"}],"twitter_card":"summary_large_image","twitter_title":"GlareOne Softbox Parasolkowy 80x120 do lamp reporterskich","twitter_misc":{"Odhadovan\u00e1 doba \u010dten\u00ed":"1 minuta"},"schema":{"@context":"https:\/\/schema.org","@graph":[{"@type":"WebPage","@id":"https:\/\/glareone.eu\/cs\/produkt\/glareone-softbox-umbrella-80x120\/","url":"https:\/\/glareone.eu\/cs\/produkt\/glareone-softbox-umbrella-80x120\/","name":"GlareOne Softbox Parasolkowy 80x120 do lamp reporterskich","isPartOf":{"@id":"https:\/\/glareone.eu\/cs\/en\/#website"},"primaryImageOfPage":{"@id":"https:\/\/glareone.eu\/cs\/produkt\/glareone-softbox-umbrella-80x120\/#primaryimage"},"image":{"@id":"https:\/\/glareone.eu\/cs\/produkt\/glareone-softbox-umbrella-80x120\/#primaryimage"},"thumbnailUrl":"https:\/\/glareone.eu\/wp-content\/uploads\/2024\/04\/SERSOFT80X120_001.jpg","datePublished":"2024-04-18T19:26:20+00:00","dateModified":"2025-08-11T10:17:45+00:00","description":"GlareOne Softbox Parasolkowy 80x120 do lamp reporterskich","breadcrumb":{"@id":"https:\/\/glareone.eu\/cs\/produkt\/glareone-softbox-umbrella-80x120\/#breadcrumb"},"inLanguage":"cs","potentialAction":[{"@type":"ReadAction","target":["https:\/\/glareone.eu\/cs\/produkt\/glareone-softbox-umbrella-80x120\/"]}]},{"@type":"ImageObject","inLanguage":"cs","@id":"https:\/\/glareone.eu\/cs\/produkt\/glareone-softbox-umbrella-80x120\/#primaryimage","url":"https:\/\/glareone.eu\/wp-content\/uploads\/2024\/04\/SERSOFT80X120_001.jpg","contentUrl":"https:\/\/glareone.eu\/wp-content\/uploads\/2024\/04\/SERSOFT80X120_001.jpg","width":1000,"height":1000},{"@type":"BreadcrumbList","@id":"https:\/\/glareone.eu\/cs\/produkt\/glareone-softbox-umbrella-80x120\/#breadcrumb","itemListElement":[{"@type":"ListItem","position":1,"name":"Strona g\u0142\u00f3wna","item":"https:\/\/glareone.eu\/cs\/"},{"@type":"ListItem","position":2,"name":"V\u0161echny produkty","item":"https:\/\/glareone.eu\/cs\/produkty\/vsechny-produkty\/"},{"@type":"ListItem","position":3,"name":"GlareOne Softbox de\u0161tn\u00edk 80&#215;120"}]},{"@type":"WebSite","@id":"https:\/\/glareone.eu\/cs\/en\/#website","url":"https:\/\/glareone.eu\/cs\/en\/","name":"GlareOne","description":"Wyposa\u017cenie Studia","publisher":{"@id":"https:\/\/glareone.eu\/cs\/en\/#organization"},"potentialAction":[{"@type":"SearchAction","target":{"@type":"EntryPoint","urlTemplate":"https:\/\/glareone.eu\/cs\/en\/?s={search_term_string}"},"query-input":{"@type":"PropertyValueSpecification","valueRequired":true,"valueName":"search_term_string"}}],"inLanguage":"cs"},{"@type":"Organization","@id":"https:\/\/glareone.eu\/cs\/en\/#organization","name":"GlareOne","url":"https:\/\/glareone.eu\/cs\/en\/","logo":{"@type":"ImageObject","inLanguage":"cs","@id":"https:\/\/glareone.eu\/cs\/en\/#\/schema\/logo\/image\/","url":"http:\/\/glareone.eu\/wp-content\/uploads\/2024\/05\/glareone_logo2020_RGB-01-e1715773127189.png","contentUrl":"http:\/\/glareone.eu\/wp-content\/uploads\/2024\/05\/glareone_logo2020_RGB-01-e1715773127189.png","width":1270,"height":321,"caption":"GlareOne"},"image":{"@id":"https:\/\/glareone.eu\/cs\/en\/#\/schema\/logo\/image\/"},"sameAs":["https:\/\/www.facebook.com\/GlareOneLighting","https:\/\/www.instagram.com\/glareonelighting\/","https:\/\/www.youtube.com\/@GlareOneTV"]}]}},"_links":{"self":[{"href":"https:\/\/glareone.eu\/cs\/wp-json\/wp\/v2\/product\/18418","targetHints":{"allow":["GET"]}}],"collection":[{"href":"https:\/\/glareone.eu\/cs\/wp-json\/wp\/v2\/product"}],"about":[{"href":"https:\/\/glareone.eu\/cs\/wp-json\/wp\/v2\/types\/product"}],"wp:featuredmedia":[{"embeddable":true,"href":"https:\/\/glareone.eu\/cs\/wp-json\/wp\/v2\/media\/18420"}],"wp:attachment":[{"href":"https:\/\/glareone.eu\/cs\/wp-json\/wp\/v2\/media?parent=18418"}],"wp:term":[{"taxonomy":"product_brand","embeddable":true,"href":"https:\/\/glareone.eu\/cs\/wp-json\/wp\/v2\/product_brand?post=18418"},{"taxonomy":"product_cat","embeddable":true,"href":"https:\/\/glareone.eu\/cs\/wp-json\/wp\/v2\/product_cat?post=18418"},{"taxonomy":"product_tag","embeddable":true,"href":"https:\/\/glareone.eu\/cs\/wp-json\/wp\/v2\/product_tag?post=18418"}],"curies":[{"name":"wp","href":"https:\/\/api.w.org\/{rel}","templated":true}]}}