{"id":18413,"date":"2024-04-18T19:26:31","date_gmt":"2024-04-18T19:26:31","guid":{"rendered":"https:\/\/glareone.eu\/product\/glareone-boom-pin-male\/"},"modified":"2025-05-23T13:11:09","modified_gmt":"2025-05-23T13:11:09","slug":"glareone-boom-pin-male","status":"publish","type":"product","link":"https:\/\/glareone.eu\/cs\/produkt\/glareone-boom-pin-male\/","title":{"rendered":"GlareOne Boom Pin Male 1\/4&#8243; &#8211; Male 3\/8&#8243;"},"content":{"rendered":"<p><span style=\"font-weight: 400;\">GlareOne Boom Pin Male 1\/4\u201e &#8211; Male 3\/8\u201c<\/span><\/p>\n<p><span style=\"font-weight: 400;\">Speci\u00e1ln\u00ed kol\u00edk GlareOne 1\/4\u201e- 3\/8\u201c.<\/span><\/p>\n<p><span style=\"font-weight: 400;\">Speci\u00e1ln\u011b tvarovan\u00fd, aby zabr\u00e1nil nekontrolovan\u00e9mu ot\u00e1\u010den\u00ed lampy p\u0159i um\u00edst\u011bn\u00ed na stojanu.<\/span><\/p>\n<p><span style=\"font-weight: 400;\">Hod\u00ed se na v\u0161echny standardn\u00ed stojany. Zvl\u00e1\u0161t\u011b doporu\u010deno pro boom stojany.<\/span><\/p>\n<p><span style=\"font-weight: 400;\">Z\u00e1vit 1\/4&#8243; se hod\u00ed pro v\u011bt\u0161inu fotoapar\u00e1t\u016f a videokamer.<\/span><\/p>\n<p><span style=\"font-weight: 400;\">Z\u00e1vit 3\/8&#8243; se nej\u010dast\u011bji pou\u017e\u00edv\u00e1 u fotografick\u00fdch hlav.<\/span><\/p>\n","protected":false},"excerpt":{"rendered":"<p>GlareOne Boom Pin Male 1\/4\u201e &#8211; Male 3\/8\u201c Speci\u00e1ln\u00ed kol\u00edk GlareOne 1\/4\u201e- 3\/8\u201c. Speci\u00e1ln\u011b tvarovan\u00fd, aby zabr\u00e1nil nekontrolovan\u00e9mu ot\u00e1\u010den\u00ed lampy p\u0159i um\u00edst\u011bn\u00ed na stojanu. Hod\u00ed se na v\u0161echny standardn\u00ed stojany. Zvl\u00e1\u0161t\u011b doporu\u010deno pro boom stojany. Z\u00e1vit 1\/4&#8243; se hod\u00ed pro v\u011bt\u0161inu fotoapar\u00e1t\u016f a videokamer. Z\u00e1vit 3\/8&#8243; se nej\u010dast\u011bji pou\u017e\u00edv\u00e1 u fotografick\u00fdch hlav.<\/p>\n","protected":false},"featured_media":18414,"template":"","meta":[],"product_brand":[],"product_cat":[550],"product_tag":[],"class_list":{"0":"post-18413","1":"product","2":"type-product","3":"status-publish","4":"has-post-thumbnail","6":"product_cat-dalsi-prislusenstvi","8":"first","9":"instock","10":"product-type-simple"},"yoast_head":"<!-- This site is optimized with the Yoast SEO plugin v27.2 - https:\/\/yoast.com\/product\/yoast-seo-wordpress\/ -->\n<title>GlareOne Boom Pin - trzpie\u0144 do statyw\u00f3w boom, m\u0119ski 1\/4&quot; i 3\/8&quot;<\/title>\n<meta name=\"description\" content=\"GlareOne Boom Pin - trzpie\u0144 do statyw\u00f3w boom, m\u0119ski 1\/4&quot; i 3\/8&quot;\" \/>\n<meta name=\"robots\" content=\"index, follow, max-snippet:-1, max-image-preview:large, max-video-preview:-1\" \/>\n<link rel=\"canonical\" href=\"https:\/\/glareone.eu\/cs\/produkt\/glareone-boom-pin-male\/\" \/>\n<meta property=\"og:locale\" content=\"cs_CZ\" \/>\n<meta property=\"og:type\" content=\"article\" \/>\n<meta property=\"og:title\" content=\"GlareOne Boom Pin - trzpie\u0144 do statyw\u00f3w boom, m\u0119ski 1\/4&quot; i 3\/8&quot;\" \/>\n<meta property=\"og:description\" content=\"GlareOne Boom Pin - trzpie\u0144 do statyw\u00f3w boom, m\u0119ski 1\/4&quot; i 3\/8&quot;\" \/>\n<meta property=\"og:url\" content=\"https:\/\/glareone.eu\/cs\/produkt\/glareone-boom-pin-male\/\" \/>\n<meta property=\"og:site_name\" content=\"GlareOne\" \/>\n<meta property=\"article:publisher\" content=\"https:\/\/www.facebook.com\/GlareOneLighting\" \/>\n<meta property=\"article:modified_time\" content=\"2025-05-23T13:11:09+00:00\" \/>\n<meta property=\"og:image\" content=\"https:\/\/glareone.eu\/wp-content\/uploads\/2024\/04\/SSAM14M38B_01.jpg\" \/>\n\t<meta property=\"og:image:width\" content=\"1200\" \/>\n\t<meta property=\"og:image:height\" content=\"1200\" \/>\n\t<meta property=\"og:image:type\" content=\"image\/jpeg\" \/>\n<meta name=\"twitter:card\" content=\"summary_large_image\" \/>\n<meta name=\"twitter:title\" content=\"GlareOne Boom Pin - trzpie\u0144 do statyw\u00f3w boom, m\u0119ski 1\/4&quot; i 3\/8&quot;\" \/>\n<meta name=\"twitter:label1\" content=\"Odhadovan\u00e1 doba \u010dten\u00ed\" \/>\n\t<meta name=\"twitter:data1\" content=\"1 minuta\" \/>\n<script type=\"application\/ld+json\" class=\"yoast-schema-graph\">{\"@context\":\"https:\/\/schema.org\",\"@graph\":[{\"@type\":\"WebPage\",\"@id\":\"https:\/\/glareone.eu\/cs\/produkt\/glareone-boom-pin-male\/\",\"url\":\"https:\/\/glareone.eu\/cs\/produkt\/glareone-boom-pin-male\/\",\"name\":\"GlareOne Boom Pin - trzpie\u0144 do statyw\u00f3w boom, m\u0119ski 1\/4\\\" i 3\/8\\\"\",\"isPartOf\":{\"@id\":\"https:\/\/glareone.eu\/cs\/en\/#website\"},\"primaryImageOfPage\":{\"@id\":\"https:\/\/glareone.eu\/cs\/produkt\/glareone-boom-pin-male\/#primaryimage\"},\"image\":{\"@id\":\"https:\/\/glareone.eu\/cs\/produkt\/glareone-boom-pin-male\/#primaryimage\"},\"thumbnailUrl\":\"https:\/\/glareone.eu\/wp-content\/uploads\/2024\/04\/SSAM14M38B_01.jpg\",\"datePublished\":\"2024-04-18T19:26:31+00:00\",\"dateModified\":\"2025-05-23T13:11:09+00:00\",\"description\":\"GlareOne Boom Pin - trzpie\u0144 do statyw\u00f3w boom, m\u0119ski 1\/4\\\" i 3\/8\\\"\",\"breadcrumb\":{\"@id\":\"https:\/\/glareone.eu\/cs\/produkt\/glareone-boom-pin-male\/#breadcrumb\"},\"inLanguage\":\"cs\",\"potentialAction\":[{\"@type\":\"ReadAction\",\"target\":[\"https:\/\/glareone.eu\/cs\/produkt\/glareone-boom-pin-male\/\"]}]},{\"@type\":\"ImageObject\",\"inLanguage\":\"cs\",\"@id\":\"https:\/\/glareone.eu\/cs\/produkt\/glareone-boom-pin-male\/#primaryimage\",\"url\":\"https:\/\/glareone.eu\/wp-content\/uploads\/2024\/04\/SSAM14M38B_01.jpg\",\"contentUrl\":\"https:\/\/glareone.eu\/wp-content\/uploads\/2024\/04\/SSAM14M38B_01.jpg\",\"width\":1200,\"height\":1200},{\"@type\":\"BreadcrumbList\",\"@id\":\"https:\/\/glareone.eu\/cs\/produkt\/glareone-boom-pin-male\/#breadcrumb\",\"itemListElement\":[{\"@type\":\"ListItem\",\"position\":1,\"name\":\"Strona g\u0142\u00f3wna\",\"item\":\"https:\/\/glareone.eu\/cs\/\"},{\"@type\":\"ListItem\",\"position\":2,\"name\":\"V\u0161echny produkty\",\"item\":\"https:\/\/glareone.eu\/cs\/produkty\/vsechny-produkty\/\"},{\"@type\":\"ListItem\",\"position\":3,\"name\":\"GlareOne Boom Pin Male 1\/4&#8243; &#8211; Male 3\/8&#8243;\"}]},{\"@type\":\"WebSite\",\"@id\":\"https:\/\/glareone.eu\/cs\/en\/#website\",\"url\":\"https:\/\/glareone.eu\/cs\/en\/\",\"name\":\"GlareOne\",\"description\":\"Wyposa\u017cenie Studia\",\"publisher\":{\"@id\":\"https:\/\/glareone.eu\/cs\/en\/#organization\"},\"potentialAction\":[{\"@type\":\"SearchAction\",\"target\":{\"@type\":\"EntryPoint\",\"urlTemplate\":\"https:\/\/glareone.eu\/cs\/en\/?s={search_term_string}\"},\"query-input\":{\"@type\":\"PropertyValueSpecification\",\"valueRequired\":true,\"valueName\":\"search_term_string\"}}],\"inLanguage\":\"cs\"},{\"@type\":\"Organization\",\"@id\":\"https:\/\/glareone.eu\/cs\/en\/#organization\",\"name\":\"GlareOne\",\"url\":\"https:\/\/glareone.eu\/cs\/en\/\",\"logo\":{\"@type\":\"ImageObject\",\"inLanguage\":\"cs\",\"@id\":\"https:\/\/glareone.eu\/cs\/en\/#\/schema\/logo\/image\/\",\"url\":\"http:\/\/glareone.eu\/wp-content\/uploads\/2024\/05\/glareone_logo2020_RGB-01-e1715773127189.png\",\"contentUrl\":\"http:\/\/glareone.eu\/wp-content\/uploads\/2024\/05\/glareone_logo2020_RGB-01-e1715773127189.png\",\"width\":1270,\"height\":321,\"caption\":\"GlareOne\"},\"image\":{\"@id\":\"https:\/\/glareone.eu\/cs\/en\/#\/schema\/logo\/image\/\"},\"sameAs\":[\"https:\/\/www.facebook.com\/GlareOneLighting\",\"https:\/\/www.instagram.com\/glareonelighting\/\",\"https:\/\/www.youtube.com\/@GlareOneTV\"]}]}<\/script>\n<!-- \/ Yoast SEO plugin. -->","yoast_head_json":{"title":"GlareOne Boom Pin - trzpie\u0144 do statyw\u00f3w boom, m\u0119ski 1\/4\" i 3\/8\"","description":"GlareOne Boom Pin - trzpie\u0144 do statyw\u00f3w boom, m\u0119ski 1\/4\" i 3\/8\"","robots":{"index":"index","follow":"follow","max-snippet":"max-snippet:-1","max-image-preview":"max-image-preview:large","max-video-preview":"max-video-preview:-1"},"canonical":"https:\/\/glareone.eu\/cs\/produkt\/glareone-boom-pin-male\/","og_locale":"cs_CZ","og_type":"article","og_title":"GlareOne Boom Pin - trzpie\u0144 do statyw\u00f3w boom, m\u0119ski 1\/4\" i 3\/8\"","og_description":"GlareOne Boom Pin - trzpie\u0144 do statyw\u00f3w boom, m\u0119ski 1\/4\" i 3\/8\"","og_url":"https:\/\/glareone.eu\/cs\/produkt\/glareone-boom-pin-male\/","og_site_name":"GlareOne","article_publisher":"https:\/\/www.facebook.com\/GlareOneLighting","article_modified_time":"2025-05-23T13:11:09+00:00","og_image":[{"width":1200,"height":1200,"url":"https:\/\/glareone.eu\/wp-content\/uploads\/2024\/04\/SSAM14M38B_01.jpg","type":"image\/jpeg"}],"twitter_card":"summary_large_image","twitter_title":"GlareOne Boom Pin - trzpie\u0144 do statyw\u00f3w boom, m\u0119ski 1\/4\" i 3\/8\"","twitter_misc":{"Odhadovan\u00e1 doba \u010dten\u00ed":"1 minuta"},"schema":{"@context":"https:\/\/schema.org","@graph":[{"@type":"WebPage","@id":"https:\/\/glareone.eu\/cs\/produkt\/glareone-boom-pin-male\/","url":"https:\/\/glareone.eu\/cs\/produkt\/glareone-boom-pin-male\/","name":"GlareOne Boom Pin - trzpie\u0144 do statyw\u00f3w boom, m\u0119ski 1\/4\" i 3\/8\"","isPartOf":{"@id":"https:\/\/glareone.eu\/cs\/en\/#website"},"primaryImageOfPage":{"@id":"https:\/\/glareone.eu\/cs\/produkt\/glareone-boom-pin-male\/#primaryimage"},"image":{"@id":"https:\/\/glareone.eu\/cs\/produkt\/glareone-boom-pin-male\/#primaryimage"},"thumbnailUrl":"https:\/\/glareone.eu\/wp-content\/uploads\/2024\/04\/SSAM14M38B_01.jpg","datePublished":"2024-04-18T19:26:31+00:00","dateModified":"2025-05-23T13:11:09+00:00","description":"GlareOne Boom Pin - trzpie\u0144 do statyw\u00f3w boom, m\u0119ski 1\/4\" i 3\/8\"","breadcrumb":{"@id":"https:\/\/glareone.eu\/cs\/produkt\/glareone-boom-pin-male\/#breadcrumb"},"inLanguage":"cs","potentialAction":[{"@type":"ReadAction","target":["https:\/\/glareone.eu\/cs\/produkt\/glareone-boom-pin-male\/"]}]},{"@type":"ImageObject","inLanguage":"cs","@id":"https:\/\/glareone.eu\/cs\/produkt\/glareone-boom-pin-male\/#primaryimage","url":"https:\/\/glareone.eu\/wp-content\/uploads\/2024\/04\/SSAM14M38B_01.jpg","contentUrl":"https:\/\/glareone.eu\/wp-content\/uploads\/2024\/04\/SSAM14M38B_01.jpg","width":1200,"height":1200},{"@type":"BreadcrumbList","@id":"https:\/\/glareone.eu\/cs\/produkt\/glareone-boom-pin-male\/#breadcrumb","itemListElement":[{"@type":"ListItem","position":1,"name":"Strona g\u0142\u00f3wna","item":"https:\/\/glareone.eu\/cs\/"},{"@type":"ListItem","position":2,"name":"V\u0161echny produkty","item":"https:\/\/glareone.eu\/cs\/produkty\/vsechny-produkty\/"},{"@type":"ListItem","position":3,"name":"GlareOne Boom Pin Male 1\/4&#8243; &#8211; Male 3\/8&#8243;"}]},{"@type":"WebSite","@id":"https:\/\/glareone.eu\/cs\/en\/#website","url":"https:\/\/glareone.eu\/cs\/en\/","name":"GlareOne","description":"Wyposa\u017cenie Studia","publisher":{"@id":"https:\/\/glareone.eu\/cs\/en\/#organization"},"potentialAction":[{"@type":"SearchAction","target":{"@type":"EntryPoint","urlTemplate":"https:\/\/glareone.eu\/cs\/en\/?s={search_term_string}"},"query-input":{"@type":"PropertyValueSpecification","valueRequired":true,"valueName":"search_term_string"}}],"inLanguage":"cs"},{"@type":"Organization","@id":"https:\/\/glareone.eu\/cs\/en\/#organization","name":"GlareOne","url":"https:\/\/glareone.eu\/cs\/en\/","logo":{"@type":"ImageObject","inLanguage":"cs","@id":"https:\/\/glareone.eu\/cs\/en\/#\/schema\/logo\/image\/","url":"http:\/\/glareone.eu\/wp-content\/uploads\/2024\/05\/glareone_logo2020_RGB-01-e1715773127189.png","contentUrl":"http:\/\/glareone.eu\/wp-content\/uploads\/2024\/05\/glareone_logo2020_RGB-01-e1715773127189.png","width":1270,"height":321,"caption":"GlareOne"},"image":{"@id":"https:\/\/glareone.eu\/cs\/en\/#\/schema\/logo\/image\/"},"sameAs":["https:\/\/www.facebook.com\/GlareOneLighting","https:\/\/www.instagram.com\/glareonelighting\/","https:\/\/www.youtube.com\/@GlareOneTV"]}]}},"_links":{"self":[{"href":"https:\/\/glareone.eu\/cs\/wp-json\/wp\/v2\/product\/18413","targetHints":{"allow":["GET"]}}],"collection":[{"href":"https:\/\/glareone.eu\/cs\/wp-json\/wp\/v2\/product"}],"about":[{"href":"https:\/\/glareone.eu\/cs\/wp-json\/wp\/v2\/types\/product"}],"wp:featuredmedia":[{"embeddable":true,"href":"https:\/\/glareone.eu\/cs\/wp-json\/wp\/v2\/media\/18414"}],"wp:attachment":[{"href":"https:\/\/glareone.eu\/cs\/wp-json\/wp\/v2\/media?parent=18413"}],"wp:term":[{"taxonomy":"product_brand","embeddable":true,"href":"https:\/\/glareone.eu\/cs\/wp-json\/wp\/v2\/product_brand?post=18413"},{"taxonomy":"product_cat","embeddable":true,"href":"https:\/\/glareone.eu\/cs\/wp-json\/wp\/v2\/product_cat?post=18413"},{"taxonomy":"product_tag","embeddable":true,"href":"https:\/\/glareone.eu\/cs\/wp-json\/wp\/v2\/product_tag?post=18413"}],"curies":[{"name":"wp","href":"https:\/\/api.w.org\/{rel}","templated":true}]}}