{"id":18363,"date":"2024-04-18T19:26:24","date_gmt":"2024-04-18T19:26:24","guid":{"rendered":"https:\/\/glareone.eu\/product\/glareone-grip-head\/"},"modified":"2025-05-23T12:41:48","modified_gmt":"2025-05-23T12:41:48","slug":"glareone-grip-head","status":"publish","type":"product","link":"https:\/\/glareone.eu\/cs\/produkt\/glareone-grip-head\/","title":{"rendered":"GlareOne Grip Head"},"content":{"rendered":"<h3>Bezpe\u010dn\u00e9 uchopen\u00ed<\/h3>\n<p>Hlava se skl\u00e1d\u00e1 ze dvou hlin\u00edkov\u00fdch disk\u016f, kter\u00e9 lze plynule nastavit do po\u017eadovan\u00e9 polohy. Disky jsou vybaveny \u010delistmi ve tvaru p\u00edsmene \u201eV\u201c, kter\u00e9 jsou nav\u00edc opat\u0159eny zuby. D\u00edky t\u00e9to konstrukci je hlava stabiln\u00ed a bezpe\u010dn\u011b dr\u017e\u00ed v\u0161e, co je mezi \u010delistmi uchopeno, ani\u017e by hrozilo nebezpe\u010d\u00ed oto\u010den\u00ed vlajky nebo ramene kolem sv\u00e9 osy.<\/p>\n<h3>Odolnost<\/h3>\n<p>Hlava je zcela vyrobena z kovu a konstruov\u00e1na tak, aby zaji\u0161\u0165ovala maxim\u00e1ln\u00ed \u017eivotnost a odolnost. Centr\u00e1ln\u00ed \u0161roub, na kter\u00e9m je konstrukce hlavy zalo\u017eena, je vyroben z oceli. \u010celistn\u00ed disky, stativov\u00fd dr\u017e\u00e1k a rukojeti a knofl\u00edky jsou z lit\u00e9ho hlin\u00edku.<\/p>\n<h3>Detaily<\/h3>\n<p>Knofl\u00edk, kter\u00fd sv\u00edr\u00e1 disky, je naddimenzovan\u00fd a tvarovan\u00fd do tvaru \u201eT\u201c, aby zajistil co nejbezpe\u010dn\u011bj\u0161\u00ed uchopen\u00ed. Up\u00ednac\u00ed \u0161roub je vybaven axi\u00e1ln\u00edm kuli\u010dkov\u00fdm lo\u017eiskem, kter\u00e9 zaji\u0161\u0165uje vysokou \u00fa\u010dinnost upnut\u00ed a vysokou kultivu provozu. Mo\u017enost plynul\u00e9ho ot\u00e1\u010den\u00ed disk\u016f poskytuje velkou flexibilitu p\u0159i nastavov\u00e1n\u00ed vlajek, prapor\u016f atd.<\/p>\n<h3>Vlastnosti produktu:<\/h3>\n<ul>\n<li>Pou\u017e\u00edv\u00e1 se k upevn\u011bn\u00ed p\u0159\u00edslu\u0161enstv\u00ed na stativy<\/li>\n<li>M\u00e1 \u010dty\u0159i \u010delistn\u00ed otvory<\/li>\n<li>Lze namontovat na standardn\u00ed stativovou ty\u010d<\/li>\n<li>\u010celisti jsou ve tvaru \u201eV\u201c a maj\u00ed zuby<\/li>\n<li>\u00dachyt up\u00ednac\u00edho \u0161roubu je velk\u00fd a tvarovan\u00fd do tvaru \u201eT\u201c<\/li>\n<li>Je vyroben z lit\u00e9ho hlin\u00edku a centr\u00e1ln\u00ed \u0161roub je ocelov\u00fd<\/li>\n<li>Up\u00ednac\u00ed \u0161roub je vybaven kuli\u010dkov\u00fdm lo\u017eiskem<\/li>\n<li>\u010celistov\u00e9 disky lze ot\u00e1\u010det o 360\u00b0 (plynule)<\/li>\n<\/ul>\n","protected":false},"excerpt":{"rendered":"<p>Bezpe\u010dn\u00e9 uchopen\u00ed Hlava se skl\u00e1d\u00e1 ze dvou hlin\u00edkov\u00fdch disk\u016f, kter\u00e9 lze plynule nastavit do po\u017eadovan\u00e9 polohy. Disky jsou vybaveny \u010delistmi ve tvaru p\u00edsmene \u201eV\u201c, kter\u00e9 jsou nav\u00edc opat\u0159eny zuby. D\u00edky t\u00e9to konstrukci je hlava stabiln\u00ed a bezpe\u010dn\u011b dr\u017e\u00ed v\u0161e, co je mezi \u010delistmi uchopeno, ani\u017e by hrozilo nebezpe\u010d\u00ed oto\u010den\u00ed vlajky nebo ramene kolem sv\u00e9 osy. [&hellip;]<\/p>\n","protected":false},"featured_media":18364,"template":"","meta":[],"product_brand":[],"product_cat":[550],"product_tag":[],"class_list":{"0":"post-18363","1":"product","2":"type-product","3":"status-publish","4":"has-post-thumbnail","6":"product_cat-dalsi-prislusenstvi","8":"first","9":"instock","10":"product-type-simple"},"yoast_head":"<!-- This site is optimized with the Yoast SEO plugin v27.2 - https:\/\/yoast.com\/product\/yoast-seo-wordpress\/ -->\n<title>GlareOne Grip Head - g\u0142owica do statyw\u00f3w<\/title>\n<meta name=\"description\" content=\"GlareOne Grip Head - g\u0142owica do statyw\u00f3w\" \/>\n<meta name=\"robots\" content=\"index, follow, max-snippet:-1, max-image-preview:large, max-video-preview:-1\" \/>\n<link rel=\"canonical\" href=\"https:\/\/glareone.eu\/cs\/produkt\/glareone-grip-head\/\" \/>\n<meta property=\"og:locale\" content=\"cs_CZ\" \/>\n<meta property=\"og:type\" content=\"article\" \/>\n<meta property=\"og:title\" content=\"GlareOne Grip Head - g\u0142owica do statyw\u00f3w\" \/>\n<meta property=\"og:description\" content=\"GlareOne Grip Head - g\u0142owica do statyw\u00f3w\" \/>\n<meta property=\"og:url\" content=\"https:\/\/glareone.eu\/cs\/produkt\/glareone-grip-head\/\" \/>\n<meta property=\"og:site_name\" content=\"GlareOne\" \/>\n<meta property=\"article:publisher\" content=\"https:\/\/www.facebook.com\/GlareOneLighting\" \/>\n<meta property=\"article:modified_time\" content=\"2025-05-23T12:41:48+00:00\" \/>\n<meta property=\"og:image\" content=\"https:\/\/glareone.eu\/wp-content\/uploads\/2024\/04\/GlareOne-Grip-Head-18-1.jpg\" \/>\n\t<meta property=\"og:image:width\" content=\"1200\" \/>\n\t<meta property=\"og:image:height\" content=\"1200\" \/>\n\t<meta property=\"og:image:type\" content=\"image\/jpeg\" \/>\n<meta name=\"twitter:card\" content=\"summary_large_image\" \/>\n<meta name=\"twitter:title\" content=\"GlareOne Grip Head - g\u0142owica do statyw\u00f3w\" \/>\n<meta name=\"twitter:label1\" content=\"Odhadovan\u00e1 doba \u010dten\u00ed\" \/>\n\t<meta name=\"twitter:data1\" content=\"1 minuta\" \/>\n<script type=\"application\/ld+json\" class=\"yoast-schema-graph\">{\"@context\":\"https:\/\/schema.org\",\"@graph\":[{\"@type\":\"WebPage\",\"@id\":\"https:\/\/glareone.eu\/cs\/produkt\/glareone-grip-head\/\",\"url\":\"https:\/\/glareone.eu\/cs\/produkt\/glareone-grip-head\/\",\"name\":\"GlareOne Grip Head - g\u0142owica do statyw\u00f3w\",\"isPartOf\":{\"@id\":\"https:\/\/glareone.eu\/cs\/en\/#website\"},\"primaryImageOfPage\":{\"@id\":\"https:\/\/glareone.eu\/cs\/produkt\/glareone-grip-head\/#primaryimage\"},\"image\":{\"@id\":\"https:\/\/glareone.eu\/cs\/produkt\/glareone-grip-head\/#primaryimage\"},\"thumbnailUrl\":\"https:\/\/glareone.eu\/wp-content\/uploads\/2024\/04\/GlareOne-Grip-Head-18-1.jpg\",\"datePublished\":\"2024-04-18T19:26:24+00:00\",\"dateModified\":\"2025-05-23T12:41:48+00:00\",\"description\":\"GlareOne Grip Head - g\u0142owica do statyw\u00f3w\",\"breadcrumb\":{\"@id\":\"https:\/\/glareone.eu\/cs\/produkt\/glareone-grip-head\/#breadcrumb\"},\"inLanguage\":\"cs\",\"potentialAction\":[{\"@type\":\"ReadAction\",\"target\":[\"https:\/\/glareone.eu\/cs\/produkt\/glareone-grip-head\/\"]}]},{\"@type\":\"ImageObject\",\"inLanguage\":\"cs\",\"@id\":\"https:\/\/glareone.eu\/cs\/produkt\/glareone-grip-head\/#primaryimage\",\"url\":\"https:\/\/glareone.eu\/wp-content\/uploads\/2024\/04\/GlareOne-Grip-Head-18-1.jpg\",\"contentUrl\":\"https:\/\/glareone.eu\/wp-content\/uploads\/2024\/04\/GlareOne-Grip-Head-18-1.jpg\",\"width\":1200,\"height\":1200},{\"@type\":\"BreadcrumbList\",\"@id\":\"https:\/\/glareone.eu\/cs\/produkt\/glareone-grip-head\/#breadcrumb\",\"itemListElement\":[{\"@type\":\"ListItem\",\"position\":1,\"name\":\"Strona g\u0142\u00f3wna\",\"item\":\"https:\/\/glareone.eu\/cs\/\"},{\"@type\":\"ListItem\",\"position\":2,\"name\":\"V\u0161echny produkty\",\"item\":\"https:\/\/glareone.eu\/cs\/produkty\/vsechny-produkty\/\"},{\"@type\":\"ListItem\",\"position\":3,\"name\":\"GlareOne Grip Head\"}]},{\"@type\":\"WebSite\",\"@id\":\"https:\/\/glareone.eu\/cs\/en\/#website\",\"url\":\"https:\/\/glareone.eu\/cs\/en\/\",\"name\":\"GlareOne\",\"description\":\"Wyposa\u017cenie Studia\",\"publisher\":{\"@id\":\"https:\/\/glareone.eu\/cs\/en\/#organization\"},\"potentialAction\":[{\"@type\":\"SearchAction\",\"target\":{\"@type\":\"EntryPoint\",\"urlTemplate\":\"https:\/\/glareone.eu\/cs\/en\/?s={search_term_string}\"},\"query-input\":{\"@type\":\"PropertyValueSpecification\",\"valueRequired\":true,\"valueName\":\"search_term_string\"}}],\"inLanguage\":\"cs\"},{\"@type\":\"Organization\",\"@id\":\"https:\/\/glareone.eu\/cs\/en\/#organization\",\"name\":\"GlareOne\",\"url\":\"https:\/\/glareone.eu\/cs\/en\/\",\"logo\":{\"@type\":\"ImageObject\",\"inLanguage\":\"cs\",\"@id\":\"https:\/\/glareone.eu\/cs\/en\/#\/schema\/logo\/image\/\",\"url\":\"http:\/\/glareone.eu\/wp-content\/uploads\/2024\/05\/glareone_logo2020_RGB-01-e1715773127189.png\",\"contentUrl\":\"http:\/\/glareone.eu\/wp-content\/uploads\/2024\/05\/glareone_logo2020_RGB-01-e1715773127189.png\",\"width\":1270,\"height\":321,\"caption\":\"GlareOne\"},\"image\":{\"@id\":\"https:\/\/glareone.eu\/cs\/en\/#\/schema\/logo\/image\/\"},\"sameAs\":[\"https:\/\/www.facebook.com\/GlareOneLighting\",\"https:\/\/www.instagram.com\/glareonelighting\/\",\"https:\/\/www.youtube.com\/@GlareOneTV\"]}]}<\/script>\n<!-- \/ Yoast SEO plugin. -->","yoast_head_json":{"title":"GlareOne Grip Head - g\u0142owica do statyw\u00f3w","description":"GlareOne Grip Head - g\u0142owica do statyw\u00f3w","robots":{"index":"index","follow":"follow","max-snippet":"max-snippet:-1","max-image-preview":"max-image-preview:large","max-video-preview":"max-video-preview:-1"},"canonical":"https:\/\/glareone.eu\/cs\/produkt\/glareone-grip-head\/","og_locale":"cs_CZ","og_type":"article","og_title":"GlareOne Grip Head - g\u0142owica do statyw\u00f3w","og_description":"GlareOne Grip Head - g\u0142owica do statyw\u00f3w","og_url":"https:\/\/glareone.eu\/cs\/produkt\/glareone-grip-head\/","og_site_name":"GlareOne","article_publisher":"https:\/\/www.facebook.com\/GlareOneLighting","article_modified_time":"2025-05-23T12:41:48+00:00","og_image":[{"width":1200,"height":1200,"url":"https:\/\/glareone.eu\/wp-content\/uploads\/2024\/04\/GlareOne-Grip-Head-18-1.jpg","type":"image\/jpeg"}],"twitter_card":"summary_large_image","twitter_title":"GlareOne Grip Head - g\u0142owica do statyw\u00f3w","twitter_misc":{"Odhadovan\u00e1 doba \u010dten\u00ed":"1 minuta"},"schema":{"@context":"https:\/\/schema.org","@graph":[{"@type":"WebPage","@id":"https:\/\/glareone.eu\/cs\/produkt\/glareone-grip-head\/","url":"https:\/\/glareone.eu\/cs\/produkt\/glareone-grip-head\/","name":"GlareOne Grip Head - g\u0142owica do statyw\u00f3w","isPartOf":{"@id":"https:\/\/glareone.eu\/cs\/en\/#website"},"primaryImageOfPage":{"@id":"https:\/\/glareone.eu\/cs\/produkt\/glareone-grip-head\/#primaryimage"},"image":{"@id":"https:\/\/glareone.eu\/cs\/produkt\/glareone-grip-head\/#primaryimage"},"thumbnailUrl":"https:\/\/glareone.eu\/wp-content\/uploads\/2024\/04\/GlareOne-Grip-Head-18-1.jpg","datePublished":"2024-04-18T19:26:24+00:00","dateModified":"2025-05-23T12:41:48+00:00","description":"GlareOne Grip Head - g\u0142owica do statyw\u00f3w","breadcrumb":{"@id":"https:\/\/glareone.eu\/cs\/produkt\/glareone-grip-head\/#breadcrumb"},"inLanguage":"cs","potentialAction":[{"@type":"ReadAction","target":["https:\/\/glareone.eu\/cs\/produkt\/glareone-grip-head\/"]}]},{"@type":"ImageObject","inLanguage":"cs","@id":"https:\/\/glareone.eu\/cs\/produkt\/glareone-grip-head\/#primaryimage","url":"https:\/\/glareone.eu\/wp-content\/uploads\/2024\/04\/GlareOne-Grip-Head-18-1.jpg","contentUrl":"https:\/\/glareone.eu\/wp-content\/uploads\/2024\/04\/GlareOne-Grip-Head-18-1.jpg","width":1200,"height":1200},{"@type":"BreadcrumbList","@id":"https:\/\/glareone.eu\/cs\/produkt\/glareone-grip-head\/#breadcrumb","itemListElement":[{"@type":"ListItem","position":1,"name":"Strona g\u0142\u00f3wna","item":"https:\/\/glareone.eu\/cs\/"},{"@type":"ListItem","position":2,"name":"V\u0161echny produkty","item":"https:\/\/glareone.eu\/cs\/produkty\/vsechny-produkty\/"},{"@type":"ListItem","position":3,"name":"GlareOne Grip Head"}]},{"@type":"WebSite","@id":"https:\/\/glareone.eu\/cs\/en\/#website","url":"https:\/\/glareone.eu\/cs\/en\/","name":"GlareOne","description":"Wyposa\u017cenie Studia","publisher":{"@id":"https:\/\/glareone.eu\/cs\/en\/#organization"},"potentialAction":[{"@type":"SearchAction","target":{"@type":"EntryPoint","urlTemplate":"https:\/\/glareone.eu\/cs\/en\/?s={search_term_string}"},"query-input":{"@type":"PropertyValueSpecification","valueRequired":true,"valueName":"search_term_string"}}],"inLanguage":"cs"},{"@type":"Organization","@id":"https:\/\/glareone.eu\/cs\/en\/#organization","name":"GlareOne","url":"https:\/\/glareone.eu\/cs\/en\/","logo":{"@type":"ImageObject","inLanguage":"cs","@id":"https:\/\/glareone.eu\/cs\/en\/#\/schema\/logo\/image\/","url":"http:\/\/glareone.eu\/wp-content\/uploads\/2024\/05\/glareone_logo2020_RGB-01-e1715773127189.png","contentUrl":"http:\/\/glareone.eu\/wp-content\/uploads\/2024\/05\/glareone_logo2020_RGB-01-e1715773127189.png","width":1270,"height":321,"caption":"GlareOne"},"image":{"@id":"https:\/\/glareone.eu\/cs\/en\/#\/schema\/logo\/image\/"},"sameAs":["https:\/\/www.facebook.com\/GlareOneLighting","https:\/\/www.instagram.com\/glareonelighting\/","https:\/\/www.youtube.com\/@GlareOneTV"]}]}},"_links":{"self":[{"href":"https:\/\/glareone.eu\/cs\/wp-json\/wp\/v2\/product\/18363","targetHints":{"allow":["GET"]}}],"collection":[{"href":"https:\/\/glareone.eu\/cs\/wp-json\/wp\/v2\/product"}],"about":[{"href":"https:\/\/glareone.eu\/cs\/wp-json\/wp\/v2\/types\/product"}],"wp:featuredmedia":[{"embeddable":true,"href":"https:\/\/glareone.eu\/cs\/wp-json\/wp\/v2\/media\/18364"}],"wp:attachment":[{"href":"https:\/\/glareone.eu\/cs\/wp-json\/wp\/v2\/media?parent=18363"}],"wp:term":[{"taxonomy":"product_brand","embeddable":true,"href":"https:\/\/glareone.eu\/cs\/wp-json\/wp\/v2\/product_brand?post=18363"},{"taxonomy":"product_cat","embeddable":true,"href":"https:\/\/glareone.eu\/cs\/wp-json\/wp\/v2\/product_cat?post=18363"},{"taxonomy":"product_tag","embeddable":true,"href":"https:\/\/glareone.eu\/cs\/wp-json\/wp\/v2\/product_tag?post=18363"}],"curies":[{"name":"wp","href":"https:\/\/api.w.org\/{rel}","templated":true}]}}