{"id":18341,"date":"2024-04-18T19:26:20","date_gmt":"2024-04-18T19:26:20","guid":{"rendered":"https:\/\/glareone.eu\/product\/glareone-mini-ballhead\/"},"modified":"2025-05-23T11:06:20","modified_gmt":"2025-05-23T11:06:20","slug":"glareone-mini-ballhead","status":"publish","type":"product","link":"https:\/\/glareone.eu\/cs\/produkt\/glareone-mini-ballhead\/","title":{"rendered":"GlareOne Mini Ballhead"},"content":{"rendered":"<p><span style=\"font-weight: 400;\">GlareOne Mini Ballhead je mal\u00e1 kulov\u00e1 hlava, kter\u00e1 se hod\u00ed do studia ka\u017ed\u00e9ho fotografa nebo filma\u0159e. Umo\u017e\u0148uje snadn\u00e9 p\u0159ipevn\u011bn\u00ed p\u0159\u00eddavn\u00e9ho osv\u011btlen\u00ed p\u0159\u00edmo na fotoapar\u00e1t nebo videokameru, zabudov\u00e1n\u00ed LED panelu do stativu nebo p\u0159ipevn\u011bn\u00ed p\u0159\u00eddavn\u00e9 sportovn\u00ed kamery p\u0159i nastavov\u00e1n\u00ed jejich polohy. Tento typ hlavy m\u00e1 mnoho mo\u017en\u00fdch pou\u017eit\u00ed.<\/span><\/p>\n<p><span style=\"font-weight: 400;\">Hlava je vybavena od\u0161roubovateln\u00fdm adapt\u00e9rem, tak\u017ee ji lze p\u0159ipevnit p\u0159\u00edmo na patici t\u00e9m\u011b\u0159 v\u0161ech digit\u00e1ln\u00edch zrcadlovek, bezzrcadlovek a videokamer. Krom\u011b adapt\u00e9ru na nohu jsou k dispozici dva 1\/4&#8243;-20 mont\u00e1\u017en\u00ed z\u00e1vity (samec a samice), d\u00edky kter\u00fdm lze hlavu p\u0159ipevnit na t\u00e9m\u011b\u0159 ka\u017ed\u00fd stativ.<\/span><\/p>\n<p><span style=\"font-weight: 400;\">GlareOne Mini Ballhead je vyroben z kovu, kter\u00fd zaji\u0161\u0165uje vysokou odolnost. Maxim\u00e1ln\u00ed nosnost je p\u0159ibli\u017en\u011b 500 g. Kuli\u010dka je vybavena polohovac\u00ed svorkou a vertik\u00e1ln\u00ed aretac\u00ed.<\/span><\/p>\n<h3><b>Vlastnosti produktu:<\/b><\/h3>\n<ul>\n<li style=\"font-weight: 400;\" aria-level=\"1\"><span style=\"font-weight: 400;\">snadno pou\u017eiteln\u00e1 a kompaktn\u00ed kulov\u00e1 hlava pro p\u0159ipevn\u011bn\u00ed lehk\u00e9ho p\u0159\u00edslu\u0161enstv\u00ed<\/span><\/li>\n<li style=\"font-weight: 400;\" aria-level=\"1\"><span style=\"font-weight: 400;\">lze pou\u017e\u00edt se zrcadlovkami, bezzrcadlovkami a videokamerami<\/span><\/li>\n<li style=\"font-weight: 400;\" aria-level=\"1\"><span style=\"font-weight: 400;\">hod\u00ed se tak\u00e9 na stativy, v\u010detn\u011b studiov\u00fdch stativ\u016f<\/span><\/li>\n<li style=\"font-weight: 400;\" aria-level=\"1\"><span style=\"font-weight: 400;\">vybaven\u00e1 aretac\u00ed polohy kuli\u010dky<\/span><\/li>\n<li style=\"font-weight: 400;\" aria-level=\"1\"><span style=\"font-weight: 400;\">m\u00e1 \u0161irok\u00fd rozsah vertik\u00e1ln\u00edho nastaven\u00ed: -90\u00b0\/+40<\/span><\/li>\n<li style=\"font-weight: 400;\" aria-level=\"1\"><span style=\"font-weight: 400;\">dva vestav\u011bn\u00e9 upev\u0148ovac\u00ed body 1\/4&#8243;-20 (samec a samice)<\/span><\/li>\n<li style=\"font-weight: 400;\" aria-level=\"1\"><span style=\"font-weight: 400;\">dod\u00e1v\u00e1no s adapt\u00e9rem pro studen\u00e9 patky<\/span><\/li>\n<\/ul>\n","protected":false},"excerpt":{"rendered":"<p>GlareOne Mini Ballhead je mal\u00e1 kulov\u00e1 hlava, kter\u00e1 se hod\u00ed do studia ka\u017ed\u00e9ho fotografa nebo filma\u0159e. Umo\u017e\u0148uje snadn\u00e9 p\u0159ipevn\u011bn\u00ed p\u0159\u00eddavn\u00e9ho osv\u011btlen\u00ed p\u0159\u00edmo na fotoapar\u00e1t nebo videokameru, zabudov\u00e1n\u00ed LED panelu do stativu nebo p\u0159ipevn\u011bn\u00ed p\u0159\u00eddavn\u00e9 sportovn\u00ed kamery p\u0159i nastavov\u00e1n\u00ed jejich polohy. Tento typ hlavy m\u00e1 mnoho mo\u017en\u00fdch pou\u017eit\u00ed. Hlava je vybavena od\u0161roubovateln\u00fdm adapt\u00e9rem, tak\u017ee ji lze [&hellip;]<\/p>\n","protected":false},"featured_media":18343,"template":"","meta":[],"product_brand":[],"product_cat":[550],"product_tag":[],"class_list":{"0":"post-18341","1":"product","2":"type-product","3":"status-publish","4":"has-post-thumbnail","6":"product_cat-dalsi-prislusenstvi","8":"first","9":"instock","10":"product-type-simple"},"yoast_head":"<!-- This site is optimized with the Yoast SEO plugin v27.2 - https:\/\/yoast.com\/product\/yoast-seo-wordpress\/ -->\n<title>GlareOne Mini g\u0142owica z gor\u0105c\u0105 stopk\u0105<\/title>\n<meta name=\"description\" content=\"GlareOne Mini g\u0142owica z gor\u0105c\u0105 stopk\u0105\" \/>\n<meta name=\"robots\" content=\"index, follow, max-snippet:-1, max-image-preview:large, max-video-preview:-1\" \/>\n<link rel=\"canonical\" href=\"https:\/\/glareone.eu\/cs\/produkt\/glareone-mini-ballhead\/\" \/>\n<meta property=\"og:locale\" content=\"cs_CZ\" \/>\n<meta property=\"og:type\" content=\"article\" \/>\n<meta property=\"og:title\" content=\"GlareOne Mini g\u0142owica z gor\u0105c\u0105 stopk\u0105\" \/>\n<meta property=\"og:description\" content=\"GlareOne Mini g\u0142owica z gor\u0105c\u0105 stopk\u0105\" \/>\n<meta property=\"og:url\" content=\"https:\/\/glareone.eu\/cs\/produkt\/glareone-mini-ballhead\/\" \/>\n<meta property=\"og:site_name\" content=\"GlareOne\" \/>\n<meta property=\"article:publisher\" content=\"https:\/\/www.facebook.com\/GlareOneLighting\" \/>\n<meta property=\"article:modified_time\" content=\"2025-05-23T11:06:20+00:00\" \/>\n<meta property=\"og:image\" content=\"https:\/\/glareone.eu\/wp-content\/uploads\/2024\/04\/SBMIN2-02.jpg\" \/>\n\t<meta property=\"og:image:width\" content=\"1000\" \/>\n\t<meta property=\"og:image:height\" content=\"1000\" \/>\n\t<meta property=\"og:image:type\" content=\"image\/jpeg\" \/>\n<meta name=\"twitter:card\" content=\"summary_large_image\" \/>\n<meta name=\"twitter:title\" content=\"GlareOne Mini g\u0142owica z gor\u0105c\u0105 stopk\u0105\" \/>\n<meta name=\"twitter:label1\" content=\"Odhadovan\u00e1 doba \u010dten\u00ed\" \/>\n\t<meta name=\"twitter:data1\" content=\"1 minuta\" \/>\n<script type=\"application\/ld+json\" class=\"yoast-schema-graph\">{\"@context\":\"https:\/\/schema.org\",\"@graph\":[{\"@type\":\"WebPage\",\"@id\":\"https:\/\/glareone.eu\/cs\/produkt\/glareone-mini-ballhead\/\",\"url\":\"https:\/\/glareone.eu\/cs\/produkt\/glareone-mini-ballhead\/\",\"name\":\"GlareOne Mini g\u0142owica z gor\u0105c\u0105 stopk\u0105\",\"isPartOf\":{\"@id\":\"https:\/\/glareone.eu\/cs\/en\/#website\"},\"primaryImageOfPage\":{\"@id\":\"https:\/\/glareone.eu\/cs\/produkt\/glareone-mini-ballhead\/#primaryimage\"},\"image\":{\"@id\":\"https:\/\/glareone.eu\/cs\/produkt\/glareone-mini-ballhead\/#primaryimage\"},\"thumbnailUrl\":\"https:\/\/glareone.eu\/wp-content\/uploads\/2024\/04\/SBMIN2-02.jpg\",\"datePublished\":\"2024-04-18T19:26:20+00:00\",\"dateModified\":\"2025-05-23T11:06:20+00:00\",\"description\":\"GlareOne Mini g\u0142owica z gor\u0105c\u0105 stopk\u0105\",\"breadcrumb\":{\"@id\":\"https:\/\/glareone.eu\/cs\/produkt\/glareone-mini-ballhead\/#breadcrumb\"},\"inLanguage\":\"cs\",\"potentialAction\":[{\"@type\":\"ReadAction\",\"target\":[\"https:\/\/glareone.eu\/cs\/produkt\/glareone-mini-ballhead\/\"]}]},{\"@type\":\"ImageObject\",\"inLanguage\":\"cs\",\"@id\":\"https:\/\/glareone.eu\/cs\/produkt\/glareone-mini-ballhead\/#primaryimage\",\"url\":\"https:\/\/glareone.eu\/wp-content\/uploads\/2024\/04\/SBMIN2-02.jpg\",\"contentUrl\":\"https:\/\/glareone.eu\/wp-content\/uploads\/2024\/04\/SBMIN2-02.jpg\",\"width\":1000,\"height\":1000,\"caption\":\"PLATINSTUDIO.COM\"},{\"@type\":\"BreadcrumbList\",\"@id\":\"https:\/\/glareone.eu\/cs\/produkt\/glareone-mini-ballhead\/#breadcrumb\",\"itemListElement\":[{\"@type\":\"ListItem\",\"position\":1,\"name\":\"Strona g\u0142\u00f3wna\",\"item\":\"https:\/\/glareone.eu\/cs\/\"},{\"@type\":\"ListItem\",\"position\":2,\"name\":\"V\u0161echny produkty\",\"item\":\"https:\/\/glareone.eu\/cs\/produkty\/vsechny-produkty\/\"},{\"@type\":\"ListItem\",\"position\":3,\"name\":\"GlareOne Mini Ballhead\"}]},{\"@type\":\"WebSite\",\"@id\":\"https:\/\/glareone.eu\/cs\/en\/#website\",\"url\":\"https:\/\/glareone.eu\/cs\/en\/\",\"name\":\"GlareOne\",\"description\":\"Wyposa\u017cenie Studia\",\"publisher\":{\"@id\":\"https:\/\/glareone.eu\/cs\/en\/#organization\"},\"potentialAction\":[{\"@type\":\"SearchAction\",\"target\":{\"@type\":\"EntryPoint\",\"urlTemplate\":\"https:\/\/glareone.eu\/cs\/en\/?s={search_term_string}\"},\"query-input\":{\"@type\":\"PropertyValueSpecification\",\"valueRequired\":true,\"valueName\":\"search_term_string\"}}],\"inLanguage\":\"cs\"},{\"@type\":\"Organization\",\"@id\":\"https:\/\/glareone.eu\/cs\/en\/#organization\",\"name\":\"GlareOne\",\"url\":\"https:\/\/glareone.eu\/cs\/en\/\",\"logo\":{\"@type\":\"ImageObject\",\"inLanguage\":\"cs\",\"@id\":\"https:\/\/glareone.eu\/cs\/en\/#\/schema\/logo\/image\/\",\"url\":\"http:\/\/glareone.eu\/wp-content\/uploads\/2024\/05\/glareone_logo2020_RGB-01-e1715773127189.png\",\"contentUrl\":\"http:\/\/glareone.eu\/wp-content\/uploads\/2024\/05\/glareone_logo2020_RGB-01-e1715773127189.png\",\"width\":1270,\"height\":321,\"caption\":\"GlareOne\"},\"image\":{\"@id\":\"https:\/\/glareone.eu\/cs\/en\/#\/schema\/logo\/image\/\"},\"sameAs\":[\"https:\/\/www.facebook.com\/GlareOneLighting\",\"https:\/\/www.instagram.com\/glareonelighting\/\",\"https:\/\/www.youtube.com\/@GlareOneTV\"]}]}<\/script>\n<!-- \/ Yoast SEO plugin. -->","yoast_head_json":{"title":"GlareOne Mini g\u0142owica z gor\u0105c\u0105 stopk\u0105","description":"GlareOne Mini g\u0142owica z gor\u0105c\u0105 stopk\u0105","robots":{"index":"index","follow":"follow","max-snippet":"max-snippet:-1","max-image-preview":"max-image-preview:large","max-video-preview":"max-video-preview:-1"},"canonical":"https:\/\/glareone.eu\/cs\/produkt\/glareone-mini-ballhead\/","og_locale":"cs_CZ","og_type":"article","og_title":"GlareOne Mini g\u0142owica z gor\u0105c\u0105 stopk\u0105","og_description":"GlareOne Mini g\u0142owica z gor\u0105c\u0105 stopk\u0105","og_url":"https:\/\/glareone.eu\/cs\/produkt\/glareone-mini-ballhead\/","og_site_name":"GlareOne","article_publisher":"https:\/\/www.facebook.com\/GlareOneLighting","article_modified_time":"2025-05-23T11:06:20+00:00","og_image":[{"width":1000,"height":1000,"url":"https:\/\/glareone.eu\/wp-content\/uploads\/2024\/04\/SBMIN2-02.jpg","type":"image\/jpeg"}],"twitter_card":"summary_large_image","twitter_title":"GlareOne Mini g\u0142owica z gor\u0105c\u0105 stopk\u0105","twitter_misc":{"Odhadovan\u00e1 doba \u010dten\u00ed":"1 minuta"},"schema":{"@context":"https:\/\/schema.org","@graph":[{"@type":"WebPage","@id":"https:\/\/glareone.eu\/cs\/produkt\/glareone-mini-ballhead\/","url":"https:\/\/glareone.eu\/cs\/produkt\/glareone-mini-ballhead\/","name":"GlareOne Mini g\u0142owica z gor\u0105c\u0105 stopk\u0105","isPartOf":{"@id":"https:\/\/glareone.eu\/cs\/en\/#website"},"primaryImageOfPage":{"@id":"https:\/\/glareone.eu\/cs\/produkt\/glareone-mini-ballhead\/#primaryimage"},"image":{"@id":"https:\/\/glareone.eu\/cs\/produkt\/glareone-mini-ballhead\/#primaryimage"},"thumbnailUrl":"https:\/\/glareone.eu\/wp-content\/uploads\/2024\/04\/SBMIN2-02.jpg","datePublished":"2024-04-18T19:26:20+00:00","dateModified":"2025-05-23T11:06:20+00:00","description":"GlareOne Mini g\u0142owica z gor\u0105c\u0105 stopk\u0105","breadcrumb":{"@id":"https:\/\/glareone.eu\/cs\/produkt\/glareone-mini-ballhead\/#breadcrumb"},"inLanguage":"cs","potentialAction":[{"@type":"ReadAction","target":["https:\/\/glareone.eu\/cs\/produkt\/glareone-mini-ballhead\/"]}]},{"@type":"ImageObject","inLanguage":"cs","@id":"https:\/\/glareone.eu\/cs\/produkt\/glareone-mini-ballhead\/#primaryimage","url":"https:\/\/glareone.eu\/wp-content\/uploads\/2024\/04\/SBMIN2-02.jpg","contentUrl":"https:\/\/glareone.eu\/wp-content\/uploads\/2024\/04\/SBMIN2-02.jpg","width":1000,"height":1000,"caption":"PLATINSTUDIO.COM"},{"@type":"BreadcrumbList","@id":"https:\/\/glareone.eu\/cs\/produkt\/glareone-mini-ballhead\/#breadcrumb","itemListElement":[{"@type":"ListItem","position":1,"name":"Strona g\u0142\u00f3wna","item":"https:\/\/glareone.eu\/cs\/"},{"@type":"ListItem","position":2,"name":"V\u0161echny produkty","item":"https:\/\/glareone.eu\/cs\/produkty\/vsechny-produkty\/"},{"@type":"ListItem","position":3,"name":"GlareOne Mini Ballhead"}]},{"@type":"WebSite","@id":"https:\/\/glareone.eu\/cs\/en\/#website","url":"https:\/\/glareone.eu\/cs\/en\/","name":"GlareOne","description":"Wyposa\u017cenie Studia","publisher":{"@id":"https:\/\/glareone.eu\/cs\/en\/#organization"},"potentialAction":[{"@type":"SearchAction","target":{"@type":"EntryPoint","urlTemplate":"https:\/\/glareone.eu\/cs\/en\/?s={search_term_string}"},"query-input":{"@type":"PropertyValueSpecification","valueRequired":true,"valueName":"search_term_string"}}],"inLanguage":"cs"},{"@type":"Organization","@id":"https:\/\/glareone.eu\/cs\/en\/#organization","name":"GlareOne","url":"https:\/\/glareone.eu\/cs\/en\/","logo":{"@type":"ImageObject","inLanguage":"cs","@id":"https:\/\/glareone.eu\/cs\/en\/#\/schema\/logo\/image\/","url":"http:\/\/glareone.eu\/wp-content\/uploads\/2024\/05\/glareone_logo2020_RGB-01-e1715773127189.png","contentUrl":"http:\/\/glareone.eu\/wp-content\/uploads\/2024\/05\/glareone_logo2020_RGB-01-e1715773127189.png","width":1270,"height":321,"caption":"GlareOne"},"image":{"@id":"https:\/\/glareone.eu\/cs\/en\/#\/schema\/logo\/image\/"},"sameAs":["https:\/\/www.facebook.com\/GlareOneLighting","https:\/\/www.instagram.com\/glareonelighting\/","https:\/\/www.youtube.com\/@GlareOneTV"]}]}},"_links":{"self":[{"href":"https:\/\/glareone.eu\/cs\/wp-json\/wp\/v2\/product\/18341","targetHints":{"allow":["GET"]}}],"collection":[{"href":"https:\/\/glareone.eu\/cs\/wp-json\/wp\/v2\/product"}],"about":[{"href":"https:\/\/glareone.eu\/cs\/wp-json\/wp\/v2\/types\/product"}],"wp:featuredmedia":[{"embeddable":true,"href":"https:\/\/glareone.eu\/cs\/wp-json\/wp\/v2\/media\/18343"}],"wp:attachment":[{"href":"https:\/\/glareone.eu\/cs\/wp-json\/wp\/v2\/media?parent=18341"}],"wp:term":[{"taxonomy":"product_brand","embeddable":true,"href":"https:\/\/glareone.eu\/cs\/wp-json\/wp\/v2\/product_brand?post=18341"},{"taxonomy":"product_cat","embeddable":true,"href":"https:\/\/glareone.eu\/cs\/wp-json\/wp\/v2\/product_cat?post=18341"},{"taxonomy":"product_tag","embeddable":true,"href":"https:\/\/glareone.eu\/cs\/wp-json\/wp\/v2\/product_tag?post=18341"}],"curies":[{"name":"wp","href":"https:\/\/api.w.org\/{rel}","templated":true}]}}