{"id":18296,"date":"2024-04-18T19:26:14","date_gmt":"2024-04-18T19:26:14","guid":{"rendered":"https:\/\/glareone.eu\/product\/glareone-snoot-with-grid-and-4-filters\/"},"modified":"2025-08-11T10:08:22","modified_gmt":"2025-08-11T10:08:22","slug":"glareone-snoot-s-mrizkou-a-4-filtry","status":"publish","type":"product","link":"https:\/\/glareone.eu\/cs\/produkt\/glareone-snoot-s-mrizkou-a-4-filtry\/","title":{"rendered":"GlareOne Snoot s m\u0159\u00ed\u017ekou a 4 filtry"},"content":{"rendered":"<p><span style=\"font-weight: 400;\">Sv\u011bteln\u00fd paprsek se obvykle pou\u017e\u00edv\u00e1 pro speci\u00e1ln\u00ed \u00fakoly. Pou\u017e\u00edv\u00e1 se v produktov\u00e9 a portr\u00e9tn\u00ed fotografii k bodov\u00e9mu osv\u011btlen\u00ed pozad\u00ed, postav, tv\u00e1\u0159\u00ed, vlas\u016f. P\u0159i osv\u011btlen\u00ed tv\u00e1\u0159e je vid\u011bt, \u017ee je osv\u011btlena pouze mal\u00e1 \u010d\u00e1st sn\u00edmku, co\u017e je zp\u016fsobeno mal\u00fdm v\u00fdstupn\u00edm otvorem.<\/span><\/p>\n<p><span style=\"font-weight: 400;\">D\u016fle\u017eitou vlastnost\u00ed produktu je jeho zadn\u00ed konstrukce, kter\u00e1 zaji\u0161\u0165uje dostate\u010dn\u00e9 v\u011btr\u00e1n\u00ed lampy a modelovac\u00ed \u017e\u00e1rovky. D\u00edky tomu se injektor nezah\u0159\u00edv\u00e1 tolik jako jin\u00e9 produkty tohoto typu.<\/span><\/p>\n<p><span style=\"font-weight: 400;\">Kone\u010dn\u00fd efekt modifik\u00e1toru lze zm\u011bnit pomoc\u00ed p\u0159ilo\u017een\u00e9ho p\u0159\u00edslu\u0161enstv\u00ed:<\/span><\/p>\n<ul>\n<li style=\"font-weight: 400;\" aria-level=\"1\"><b>m\u0159\u00ed\u017eka<\/b><span style=\"font-weight: 400;\"> &#8211; sm\u011brov\u00e1n\u00ed sv\u011btla<\/span><\/li>\n<li><b>barevn\u00e9 filtry<\/b><span style=\"font-weight: 400;\"> &#8211; pro dosa\u017een\u00ed po\u017eadovan\u00e9 barvy sv\u011btla<\/span><\/li>\n<\/ul>\n","protected":false},"excerpt":{"rendered":"<p>Sv\u011bteln\u00fd paprsek se obvykle pou\u017e\u00edv\u00e1 pro speci\u00e1ln\u00ed \u00fakoly. Pou\u017e\u00edv\u00e1 se v produktov\u00e9 a portr\u00e9tn\u00ed fotografii k bodov\u00e9mu osv\u011btlen\u00ed pozad\u00ed, postav, tv\u00e1\u0159\u00ed, vlas\u016f. P\u0159i osv\u011btlen\u00ed tv\u00e1\u0159e je vid\u011bt, \u017ee je osv\u011btlena pouze mal\u00e1 \u010d\u00e1st sn\u00edmku, co\u017e je zp\u016fsobeno mal\u00fdm v\u00fdstupn\u00edm otvorem. D\u016fle\u017eitou vlastnost\u00ed produktu je jeho zadn\u00ed konstrukce, kter\u00e1 zaji\u0161\u0165uje dostate\u010dn\u00e9 v\u011btr\u00e1n\u00ed lampy a modelovac\u00ed \u017e\u00e1rovky. [&hellip;]<\/p>\n","protected":false},"featured_media":18297,"template":"","meta":[],"product_brand":[],"product_cat":[564],"product_tag":[],"class_list":{"0":"post-18296","1":"product","2":"type-product","3":"status-publish","4":"has-post-thumbnail","6":"product_cat-reflektory-kominky-a-reflektory","8":"first","9":"instock","10":"product-type-simple"},"yoast_head":"<!-- This site is optimized with the Yoast SEO plugin v27.2 - https:\/\/yoast.com\/product\/yoast-seo-wordpress\/ -->\n<title>GlareOne Snoot - strumienica z plastrem miodu i 4 filtrami<\/title>\n<meta name=\"description\" content=\"GlareOne Snoot - strumienica z plastrem miodu i 4 filtrami\" \/>\n<meta name=\"robots\" content=\"index, follow, max-snippet:-1, max-image-preview:large, max-video-preview:-1\" \/>\n<link rel=\"canonical\" href=\"https:\/\/glareone.eu\/cs\/produkt\/glareone-snoot-s-mrizkou-a-4-filtry\/\" \/>\n<meta property=\"og:locale\" content=\"cs_CZ\" \/>\n<meta property=\"og:type\" content=\"article\" \/>\n<meta property=\"og:title\" content=\"GlareOne Snoot - strumienica z plastrem miodu i 4 filtrami\" \/>\n<meta property=\"og:description\" content=\"GlareOne Snoot - strumienica z plastrem miodu i 4 filtrami\" \/>\n<meta property=\"og:url\" content=\"https:\/\/glareone.eu\/cs\/produkt\/glareone-snoot-s-mrizkou-a-4-filtry\/\" \/>\n<meta property=\"og:site_name\" content=\"GlareOne\" \/>\n<meta property=\"article:publisher\" content=\"https:\/\/www.facebook.com\/GlareOneLighting\" \/>\n<meta property=\"article:modified_time\" content=\"2025-08-11T10:08:22+00:00\" \/>\n<meta property=\"og:image\" content=\"https:\/\/glareone.eu\/wp-content\/uploads\/2024\/04\/SSNOOTBW_001.jpg\" \/>\n\t<meta property=\"og:image:width\" content=\"1000\" \/>\n\t<meta property=\"og:image:height\" content=\"1000\" \/>\n\t<meta property=\"og:image:type\" content=\"image\/jpeg\" \/>\n<meta name=\"twitter:card\" content=\"summary_large_image\" \/>\n<meta name=\"twitter:title\" content=\"GlareOne Snoot - strumienica z plastrem miodu i 4 filtrami\" \/>\n<meta name=\"twitter:label1\" content=\"Odhadovan\u00e1 doba \u010dten\u00ed\" \/>\n\t<meta name=\"twitter:data1\" content=\"1 minuta\" \/>\n<script type=\"application\/ld+json\" class=\"yoast-schema-graph\">{\"@context\":\"https:\/\/schema.org\",\"@graph\":[{\"@type\":\"WebPage\",\"@id\":\"https:\/\/glareone.eu\/cs\/produkt\/glareone-snoot-s-mrizkou-a-4-filtry\/\",\"url\":\"https:\/\/glareone.eu\/cs\/produkt\/glareone-snoot-s-mrizkou-a-4-filtry\/\",\"name\":\"GlareOne Snoot - strumienica z plastrem miodu i 4 filtrami\",\"isPartOf\":{\"@id\":\"https:\/\/glareone.eu\/cs\/en\/#website\"},\"primaryImageOfPage\":{\"@id\":\"https:\/\/glareone.eu\/cs\/produkt\/glareone-snoot-s-mrizkou-a-4-filtry\/#primaryimage\"},\"image\":{\"@id\":\"https:\/\/glareone.eu\/cs\/produkt\/glareone-snoot-s-mrizkou-a-4-filtry\/#primaryimage\"},\"thumbnailUrl\":\"https:\/\/glareone.eu\/wp-content\/uploads\/2024\/04\/SSNOOTBW_001.jpg\",\"datePublished\":\"2024-04-18T19:26:14+00:00\",\"dateModified\":\"2025-08-11T10:08:22+00:00\",\"description\":\"GlareOne Snoot - strumienica z plastrem miodu i 4 filtrami\",\"breadcrumb\":{\"@id\":\"https:\/\/glareone.eu\/cs\/produkt\/glareone-snoot-s-mrizkou-a-4-filtry\/#breadcrumb\"},\"inLanguage\":\"cs\",\"potentialAction\":[{\"@type\":\"ReadAction\",\"target\":[\"https:\/\/glareone.eu\/cs\/produkt\/glareone-snoot-s-mrizkou-a-4-filtry\/\"]}]},{\"@type\":\"ImageObject\",\"inLanguage\":\"cs\",\"@id\":\"https:\/\/glareone.eu\/cs\/produkt\/glareone-snoot-s-mrizkou-a-4-filtry\/#primaryimage\",\"url\":\"https:\/\/glareone.eu\/wp-content\/uploads\/2024\/04\/SSNOOTBW_001.jpg\",\"contentUrl\":\"https:\/\/glareone.eu\/wp-content\/uploads\/2024\/04\/SSNOOTBW_001.jpg\",\"width\":1000,\"height\":1000},{\"@type\":\"BreadcrumbList\",\"@id\":\"https:\/\/glareone.eu\/cs\/produkt\/glareone-snoot-s-mrizkou-a-4-filtry\/#breadcrumb\",\"itemListElement\":[{\"@type\":\"ListItem\",\"position\":1,\"name\":\"Strona g\u0142\u00f3wna\",\"item\":\"https:\/\/glareone.eu\/cs\/\"},{\"@type\":\"ListItem\",\"position\":2,\"name\":\"V\u0161echny produkty\",\"item\":\"https:\/\/glareone.eu\/cs\/produkty\/vsechny-produkty\/\"},{\"@type\":\"ListItem\",\"position\":3,\"name\":\"GlareOne Snoot s m\u0159\u00ed\u017ekou a 4 filtry\"}]},{\"@type\":\"WebSite\",\"@id\":\"https:\/\/glareone.eu\/cs\/en\/#website\",\"url\":\"https:\/\/glareone.eu\/cs\/en\/\",\"name\":\"GlareOne\",\"description\":\"Wyposa\u017cenie Studia\",\"publisher\":{\"@id\":\"https:\/\/glareone.eu\/cs\/en\/#organization\"},\"potentialAction\":[{\"@type\":\"SearchAction\",\"target\":{\"@type\":\"EntryPoint\",\"urlTemplate\":\"https:\/\/glareone.eu\/cs\/en\/?s={search_term_string}\"},\"query-input\":{\"@type\":\"PropertyValueSpecification\",\"valueRequired\":true,\"valueName\":\"search_term_string\"}}],\"inLanguage\":\"cs\"},{\"@type\":\"Organization\",\"@id\":\"https:\/\/glareone.eu\/cs\/en\/#organization\",\"name\":\"GlareOne\",\"url\":\"https:\/\/glareone.eu\/cs\/en\/\",\"logo\":{\"@type\":\"ImageObject\",\"inLanguage\":\"cs\",\"@id\":\"https:\/\/glareone.eu\/cs\/en\/#\/schema\/logo\/image\/\",\"url\":\"http:\/\/glareone.eu\/wp-content\/uploads\/2024\/05\/glareone_logo2020_RGB-01-e1715773127189.png\",\"contentUrl\":\"http:\/\/glareone.eu\/wp-content\/uploads\/2024\/05\/glareone_logo2020_RGB-01-e1715773127189.png\",\"width\":1270,\"height\":321,\"caption\":\"GlareOne\"},\"image\":{\"@id\":\"https:\/\/glareone.eu\/cs\/en\/#\/schema\/logo\/image\/\"},\"sameAs\":[\"https:\/\/www.facebook.com\/GlareOneLighting\",\"https:\/\/www.instagram.com\/glareonelighting\/\",\"https:\/\/www.youtube.com\/@GlareOneTV\"]}]}<\/script>\n<!-- \/ Yoast SEO plugin. -->","yoast_head_json":{"title":"GlareOne Snoot - strumienica z plastrem miodu i 4 filtrami","description":"GlareOne Snoot - strumienica z plastrem miodu i 4 filtrami","robots":{"index":"index","follow":"follow","max-snippet":"max-snippet:-1","max-image-preview":"max-image-preview:large","max-video-preview":"max-video-preview:-1"},"canonical":"https:\/\/glareone.eu\/cs\/produkt\/glareone-snoot-s-mrizkou-a-4-filtry\/","og_locale":"cs_CZ","og_type":"article","og_title":"GlareOne Snoot - strumienica z plastrem miodu i 4 filtrami","og_description":"GlareOne Snoot - strumienica z plastrem miodu i 4 filtrami","og_url":"https:\/\/glareone.eu\/cs\/produkt\/glareone-snoot-s-mrizkou-a-4-filtry\/","og_site_name":"GlareOne","article_publisher":"https:\/\/www.facebook.com\/GlareOneLighting","article_modified_time":"2025-08-11T10:08:22+00:00","og_image":[{"width":1000,"height":1000,"url":"https:\/\/glareone.eu\/wp-content\/uploads\/2024\/04\/SSNOOTBW_001.jpg","type":"image\/jpeg"}],"twitter_card":"summary_large_image","twitter_title":"GlareOne Snoot - strumienica z plastrem miodu i 4 filtrami","twitter_misc":{"Odhadovan\u00e1 doba \u010dten\u00ed":"1 minuta"},"schema":{"@context":"https:\/\/schema.org","@graph":[{"@type":"WebPage","@id":"https:\/\/glareone.eu\/cs\/produkt\/glareone-snoot-s-mrizkou-a-4-filtry\/","url":"https:\/\/glareone.eu\/cs\/produkt\/glareone-snoot-s-mrizkou-a-4-filtry\/","name":"GlareOne Snoot - strumienica z plastrem miodu i 4 filtrami","isPartOf":{"@id":"https:\/\/glareone.eu\/cs\/en\/#website"},"primaryImageOfPage":{"@id":"https:\/\/glareone.eu\/cs\/produkt\/glareone-snoot-s-mrizkou-a-4-filtry\/#primaryimage"},"image":{"@id":"https:\/\/glareone.eu\/cs\/produkt\/glareone-snoot-s-mrizkou-a-4-filtry\/#primaryimage"},"thumbnailUrl":"https:\/\/glareone.eu\/wp-content\/uploads\/2024\/04\/SSNOOTBW_001.jpg","datePublished":"2024-04-18T19:26:14+00:00","dateModified":"2025-08-11T10:08:22+00:00","description":"GlareOne Snoot - strumienica z plastrem miodu i 4 filtrami","breadcrumb":{"@id":"https:\/\/glareone.eu\/cs\/produkt\/glareone-snoot-s-mrizkou-a-4-filtry\/#breadcrumb"},"inLanguage":"cs","potentialAction":[{"@type":"ReadAction","target":["https:\/\/glareone.eu\/cs\/produkt\/glareone-snoot-s-mrizkou-a-4-filtry\/"]}]},{"@type":"ImageObject","inLanguage":"cs","@id":"https:\/\/glareone.eu\/cs\/produkt\/glareone-snoot-s-mrizkou-a-4-filtry\/#primaryimage","url":"https:\/\/glareone.eu\/wp-content\/uploads\/2024\/04\/SSNOOTBW_001.jpg","contentUrl":"https:\/\/glareone.eu\/wp-content\/uploads\/2024\/04\/SSNOOTBW_001.jpg","width":1000,"height":1000},{"@type":"BreadcrumbList","@id":"https:\/\/glareone.eu\/cs\/produkt\/glareone-snoot-s-mrizkou-a-4-filtry\/#breadcrumb","itemListElement":[{"@type":"ListItem","position":1,"name":"Strona g\u0142\u00f3wna","item":"https:\/\/glareone.eu\/cs\/"},{"@type":"ListItem","position":2,"name":"V\u0161echny produkty","item":"https:\/\/glareone.eu\/cs\/produkty\/vsechny-produkty\/"},{"@type":"ListItem","position":3,"name":"GlareOne Snoot s m\u0159\u00ed\u017ekou a 4 filtry"}]},{"@type":"WebSite","@id":"https:\/\/glareone.eu\/cs\/en\/#website","url":"https:\/\/glareone.eu\/cs\/en\/","name":"GlareOne","description":"Wyposa\u017cenie Studia","publisher":{"@id":"https:\/\/glareone.eu\/cs\/en\/#organization"},"potentialAction":[{"@type":"SearchAction","target":{"@type":"EntryPoint","urlTemplate":"https:\/\/glareone.eu\/cs\/en\/?s={search_term_string}"},"query-input":{"@type":"PropertyValueSpecification","valueRequired":true,"valueName":"search_term_string"}}],"inLanguage":"cs"},{"@type":"Organization","@id":"https:\/\/glareone.eu\/cs\/en\/#organization","name":"GlareOne","url":"https:\/\/glareone.eu\/cs\/en\/","logo":{"@type":"ImageObject","inLanguage":"cs","@id":"https:\/\/glareone.eu\/cs\/en\/#\/schema\/logo\/image\/","url":"http:\/\/glareone.eu\/wp-content\/uploads\/2024\/05\/glareone_logo2020_RGB-01-e1715773127189.png","contentUrl":"http:\/\/glareone.eu\/wp-content\/uploads\/2024\/05\/glareone_logo2020_RGB-01-e1715773127189.png","width":1270,"height":321,"caption":"GlareOne"},"image":{"@id":"https:\/\/glareone.eu\/cs\/en\/#\/schema\/logo\/image\/"},"sameAs":["https:\/\/www.facebook.com\/GlareOneLighting","https:\/\/www.instagram.com\/glareonelighting\/","https:\/\/www.youtube.com\/@GlareOneTV"]}]}},"_links":{"self":[{"href":"https:\/\/glareone.eu\/cs\/wp-json\/wp\/v2\/product\/18296","targetHints":{"allow":["GET"]}}],"collection":[{"href":"https:\/\/glareone.eu\/cs\/wp-json\/wp\/v2\/product"}],"about":[{"href":"https:\/\/glareone.eu\/cs\/wp-json\/wp\/v2\/types\/product"}],"wp:featuredmedia":[{"embeddable":true,"href":"https:\/\/glareone.eu\/cs\/wp-json\/wp\/v2\/media\/18297"}],"wp:attachment":[{"href":"https:\/\/glareone.eu\/cs\/wp-json\/wp\/v2\/media?parent=18296"}],"wp:term":[{"taxonomy":"product_brand","embeddable":true,"href":"https:\/\/glareone.eu\/cs\/wp-json\/wp\/v2\/product_brand?post=18296"},{"taxonomy":"product_cat","embeddable":true,"href":"https:\/\/glareone.eu\/cs\/wp-json\/wp\/v2\/product_cat?post=18296"},{"taxonomy":"product_tag","embeddable":true,"href":"https:\/\/glareone.eu\/cs\/wp-json\/wp\/v2\/product_tag?post=18296"}],"curies":[{"name":"wp","href":"https:\/\/api.w.org\/{rel}","templated":true}]}}