{"id":18261,"date":"2024-04-18T19:26:11","date_gmt":"2024-04-18T19:26:11","guid":{"rendered":"https:\/\/glareone.eu\/product\/glareone-two-side-screw-mini-male-1-4-male-3-8\/"},"modified":"2025-05-23T10:44:23","modified_gmt":"2025-05-23T10:44:23","slug":"glareone-two-side-screw-mini-male-1-4-male-3-8","status":"publish","type":"product","link":"https:\/\/glareone.eu\/cs\/produkt\/glareone-two-side-screw-mini-male-1-4-male-3-8\/","title":{"rendered":"GlareOne Two Side Screw Mini Male 1\/4&#8243; &#8211; Male 3\/8&#8243;"},"content":{"rendered":"<p><span style=\"font-weight: 400;\">Univerz\u00e1ln\u00ed \u0161roub GlareOne umo\u017e\u0148uje spojit dv\u011b 1\/4\u201e a 3\/8\u201c z\u00e1suvky.<\/span><\/p>\n<p><span style=\"font-weight: 400;\">Z\u00e1vit 1\/4\u201e je vhodn\u00fd pro v\u011bt\u0161inu fotoapar\u00e1t\u016f a videokamer.<\/span><\/p>\n<p><span style=\"font-weight: 400;\">Z\u00e1vit 3\/8\u201c se nej\u010dast\u011bji pou\u017e\u00edv\u00e1 u fotografick\u00fdch hlav.<\/span><\/p>\n<p><span style=\"font-weight: 400;\">\u0160estihrann\u00fd tvar st\u0159edn\u00ed \u010d\u00e1sti umo\u017e\u0148uje uta\u017een\u00ed \u0161roubu 13mm kl\u00ed\u010dem.<\/span><\/p>\n","protected":false},"excerpt":{"rendered":"<p>Univerz\u00e1ln\u00ed \u0161roub GlareOne umo\u017e\u0148uje spojit dv\u011b 1\/4\u201e a 3\/8\u201c z\u00e1suvky. Z\u00e1vit 1\/4\u201e je vhodn\u00fd pro v\u011bt\u0161inu fotoapar\u00e1t\u016f a videokamer. Z\u00e1vit 3\/8\u201c se nej\u010dast\u011bji pou\u017e\u00edv\u00e1 u fotografick\u00fdch hlav. \u0160estihrann\u00fd tvar st\u0159edn\u00ed \u010d\u00e1sti umo\u017e\u0148uje uta\u017een\u00ed \u0161roubu 13mm kl\u00ed\u010dem.<\/p>\n","protected":false},"featured_media":18262,"template":"","meta":[],"product_brand":[],"product_cat":[550],"product_tag":[],"class_list":{"0":"post-18261","1":"product","2":"type-product","3":"status-publish","4":"has-post-thumbnail","6":"product_cat-dalsi-prislusenstvi","8":"first","9":"instock","10":"product-type-simple"},"yoast_head":"<!-- This site is optimized with the Yoast SEO plugin v27.2 - https:\/\/yoast.com\/product\/yoast-seo-wordpress\/ -->\n<title>GlareOne \u015aruba dwustronna mini m\u0119ski 1\/4&quot; - m\u0119ski 3\/8&quot;<\/title>\n<meta name=\"description\" content=\"GlareOne \u015aruba dwustronna mini m\u0119ski 1\/4&quot; - m\u0119ski 3\/8&quot;\" \/>\n<meta name=\"robots\" content=\"index, follow, max-snippet:-1, max-image-preview:large, max-video-preview:-1\" \/>\n<link rel=\"canonical\" href=\"https:\/\/glareone.eu\/cs\/produkt\/glareone-two-side-screw-mini-male-1-4-male-3-8\/\" \/>\n<meta property=\"og:locale\" content=\"cs_CZ\" \/>\n<meta property=\"og:type\" content=\"article\" \/>\n<meta property=\"og:title\" content=\"GlareOne \u015aruba dwustronna mini m\u0119ski 1\/4&quot; - m\u0119ski 3\/8&quot;\" \/>\n<meta property=\"og:description\" content=\"GlareOne \u015aruba dwustronna mini m\u0119ski 1\/4&quot; - m\u0119ski 3\/8&quot;\" \/>\n<meta property=\"og:url\" content=\"https:\/\/glareone.eu\/cs\/produkt\/glareone-two-side-screw-mini-male-1-4-male-3-8\/\" \/>\n<meta property=\"og:site_name\" content=\"GlareOne\" \/>\n<meta property=\"article:publisher\" content=\"https:\/\/www.facebook.com\/GlareOneLighting\" \/>\n<meta property=\"article:modified_time\" content=\"2025-05-23T10:44:23+00:00\" \/>\n<meta property=\"og:image\" content=\"https:\/\/glareone.eu\/wp-content\/uploads\/2024\/04\/SSDMM14M38_01.jpg\" \/>\n\t<meta property=\"og:image:width\" content=\"1200\" \/>\n\t<meta property=\"og:image:height\" content=\"1200\" \/>\n\t<meta property=\"og:image:type\" content=\"image\/jpeg\" \/>\n<meta name=\"twitter:card\" content=\"summary_large_image\" \/>\n<meta name=\"twitter:title\" content=\"GlareOne \u015aruba dwustronna mini m\u0119ski 1\/4&quot; - m\u0119ski 3\/8&quot;\" \/>\n<meta name=\"twitter:label1\" content=\"Odhadovan\u00e1 doba \u010dten\u00ed\" \/>\n\t<meta name=\"twitter:data1\" content=\"1 minuta\" \/>\n<script type=\"application\/ld+json\" class=\"yoast-schema-graph\">{\"@context\":\"https:\/\/schema.org\",\"@graph\":[{\"@type\":\"WebPage\",\"@id\":\"https:\/\/glareone.eu\/cs\/produkt\/glareone-two-side-screw-mini-male-1-4-male-3-8\/\",\"url\":\"https:\/\/glareone.eu\/cs\/produkt\/glareone-two-side-screw-mini-male-1-4-male-3-8\/\",\"name\":\"GlareOne \u015aruba dwustronna mini m\u0119ski 1\/4\\\" - m\u0119ski 3\/8\\\"\",\"isPartOf\":{\"@id\":\"https:\/\/glareone.eu\/cs\/en\/#website\"},\"primaryImageOfPage\":{\"@id\":\"https:\/\/glareone.eu\/cs\/produkt\/glareone-two-side-screw-mini-male-1-4-male-3-8\/#primaryimage\"},\"image\":{\"@id\":\"https:\/\/glareone.eu\/cs\/produkt\/glareone-two-side-screw-mini-male-1-4-male-3-8\/#primaryimage\"},\"thumbnailUrl\":\"https:\/\/glareone.eu\/wp-content\/uploads\/2024\/04\/SSDMM14M38_01.jpg\",\"datePublished\":\"2024-04-18T19:26:11+00:00\",\"dateModified\":\"2025-05-23T10:44:23+00:00\",\"description\":\"GlareOne \u015aruba dwustronna mini m\u0119ski 1\/4\\\" - m\u0119ski 3\/8\\\"\",\"breadcrumb\":{\"@id\":\"https:\/\/glareone.eu\/cs\/produkt\/glareone-two-side-screw-mini-male-1-4-male-3-8\/#breadcrumb\"},\"inLanguage\":\"cs\",\"potentialAction\":[{\"@type\":\"ReadAction\",\"target\":[\"https:\/\/glareone.eu\/cs\/produkt\/glareone-two-side-screw-mini-male-1-4-male-3-8\/\"]}]},{\"@type\":\"ImageObject\",\"inLanguage\":\"cs\",\"@id\":\"https:\/\/glareone.eu\/cs\/produkt\/glareone-two-side-screw-mini-male-1-4-male-3-8\/#primaryimage\",\"url\":\"https:\/\/glareone.eu\/wp-content\/uploads\/2024\/04\/SSDMM14M38_01.jpg\",\"contentUrl\":\"https:\/\/glareone.eu\/wp-content\/uploads\/2024\/04\/SSDMM14M38_01.jpg\",\"width\":1200,\"height\":1200},{\"@type\":\"BreadcrumbList\",\"@id\":\"https:\/\/glareone.eu\/cs\/produkt\/glareone-two-side-screw-mini-male-1-4-male-3-8\/#breadcrumb\",\"itemListElement\":[{\"@type\":\"ListItem\",\"position\":1,\"name\":\"Strona g\u0142\u00f3wna\",\"item\":\"https:\/\/glareone.eu\/cs\/\"},{\"@type\":\"ListItem\",\"position\":2,\"name\":\"V\u0161echny produkty\",\"item\":\"https:\/\/glareone.eu\/cs\/produkty\/vsechny-produkty\/\"},{\"@type\":\"ListItem\",\"position\":3,\"name\":\"GlareOne Two Side Screw Mini Male 1\/4&#8243; &#8211; Male 3\/8&#8243;\"}]},{\"@type\":\"WebSite\",\"@id\":\"https:\/\/glareone.eu\/cs\/en\/#website\",\"url\":\"https:\/\/glareone.eu\/cs\/en\/\",\"name\":\"GlareOne\",\"description\":\"Wyposa\u017cenie Studia\",\"publisher\":{\"@id\":\"https:\/\/glareone.eu\/cs\/en\/#organization\"},\"potentialAction\":[{\"@type\":\"SearchAction\",\"target\":{\"@type\":\"EntryPoint\",\"urlTemplate\":\"https:\/\/glareone.eu\/cs\/en\/?s={search_term_string}\"},\"query-input\":{\"@type\":\"PropertyValueSpecification\",\"valueRequired\":true,\"valueName\":\"search_term_string\"}}],\"inLanguage\":\"cs\"},{\"@type\":\"Organization\",\"@id\":\"https:\/\/glareone.eu\/cs\/en\/#organization\",\"name\":\"GlareOne\",\"url\":\"https:\/\/glareone.eu\/cs\/en\/\",\"logo\":{\"@type\":\"ImageObject\",\"inLanguage\":\"cs\",\"@id\":\"https:\/\/glareone.eu\/cs\/en\/#\/schema\/logo\/image\/\",\"url\":\"http:\/\/glareone.eu\/wp-content\/uploads\/2024\/05\/glareone_logo2020_RGB-01-e1715773127189.png\",\"contentUrl\":\"http:\/\/glareone.eu\/wp-content\/uploads\/2024\/05\/glareone_logo2020_RGB-01-e1715773127189.png\",\"width\":1270,\"height\":321,\"caption\":\"GlareOne\"},\"image\":{\"@id\":\"https:\/\/glareone.eu\/cs\/en\/#\/schema\/logo\/image\/\"},\"sameAs\":[\"https:\/\/www.facebook.com\/GlareOneLighting\",\"https:\/\/www.instagram.com\/glareonelighting\/\",\"https:\/\/www.youtube.com\/@GlareOneTV\"]}]}<\/script>\n<!-- \/ Yoast SEO plugin. -->","yoast_head_json":{"title":"GlareOne \u015aruba dwustronna mini m\u0119ski 1\/4\" - m\u0119ski 3\/8\"","description":"GlareOne \u015aruba dwustronna mini m\u0119ski 1\/4\" - m\u0119ski 3\/8\"","robots":{"index":"index","follow":"follow","max-snippet":"max-snippet:-1","max-image-preview":"max-image-preview:large","max-video-preview":"max-video-preview:-1"},"canonical":"https:\/\/glareone.eu\/cs\/produkt\/glareone-two-side-screw-mini-male-1-4-male-3-8\/","og_locale":"cs_CZ","og_type":"article","og_title":"GlareOne \u015aruba dwustronna mini m\u0119ski 1\/4\" - m\u0119ski 3\/8\"","og_description":"GlareOne \u015aruba dwustronna mini m\u0119ski 1\/4\" - m\u0119ski 3\/8\"","og_url":"https:\/\/glareone.eu\/cs\/produkt\/glareone-two-side-screw-mini-male-1-4-male-3-8\/","og_site_name":"GlareOne","article_publisher":"https:\/\/www.facebook.com\/GlareOneLighting","article_modified_time":"2025-05-23T10:44:23+00:00","og_image":[{"width":1200,"height":1200,"url":"https:\/\/glareone.eu\/wp-content\/uploads\/2024\/04\/SSDMM14M38_01.jpg","type":"image\/jpeg"}],"twitter_card":"summary_large_image","twitter_title":"GlareOne \u015aruba dwustronna mini m\u0119ski 1\/4\" - m\u0119ski 3\/8\"","twitter_misc":{"Odhadovan\u00e1 doba \u010dten\u00ed":"1 minuta"},"schema":{"@context":"https:\/\/schema.org","@graph":[{"@type":"WebPage","@id":"https:\/\/glareone.eu\/cs\/produkt\/glareone-two-side-screw-mini-male-1-4-male-3-8\/","url":"https:\/\/glareone.eu\/cs\/produkt\/glareone-two-side-screw-mini-male-1-4-male-3-8\/","name":"GlareOne \u015aruba dwustronna mini m\u0119ski 1\/4\" - m\u0119ski 3\/8\"","isPartOf":{"@id":"https:\/\/glareone.eu\/cs\/en\/#website"},"primaryImageOfPage":{"@id":"https:\/\/glareone.eu\/cs\/produkt\/glareone-two-side-screw-mini-male-1-4-male-3-8\/#primaryimage"},"image":{"@id":"https:\/\/glareone.eu\/cs\/produkt\/glareone-two-side-screw-mini-male-1-4-male-3-8\/#primaryimage"},"thumbnailUrl":"https:\/\/glareone.eu\/wp-content\/uploads\/2024\/04\/SSDMM14M38_01.jpg","datePublished":"2024-04-18T19:26:11+00:00","dateModified":"2025-05-23T10:44:23+00:00","description":"GlareOne \u015aruba dwustronna mini m\u0119ski 1\/4\" - m\u0119ski 3\/8\"","breadcrumb":{"@id":"https:\/\/glareone.eu\/cs\/produkt\/glareone-two-side-screw-mini-male-1-4-male-3-8\/#breadcrumb"},"inLanguage":"cs","potentialAction":[{"@type":"ReadAction","target":["https:\/\/glareone.eu\/cs\/produkt\/glareone-two-side-screw-mini-male-1-4-male-3-8\/"]}]},{"@type":"ImageObject","inLanguage":"cs","@id":"https:\/\/glareone.eu\/cs\/produkt\/glareone-two-side-screw-mini-male-1-4-male-3-8\/#primaryimage","url":"https:\/\/glareone.eu\/wp-content\/uploads\/2024\/04\/SSDMM14M38_01.jpg","contentUrl":"https:\/\/glareone.eu\/wp-content\/uploads\/2024\/04\/SSDMM14M38_01.jpg","width":1200,"height":1200},{"@type":"BreadcrumbList","@id":"https:\/\/glareone.eu\/cs\/produkt\/glareone-two-side-screw-mini-male-1-4-male-3-8\/#breadcrumb","itemListElement":[{"@type":"ListItem","position":1,"name":"Strona g\u0142\u00f3wna","item":"https:\/\/glareone.eu\/cs\/"},{"@type":"ListItem","position":2,"name":"V\u0161echny produkty","item":"https:\/\/glareone.eu\/cs\/produkty\/vsechny-produkty\/"},{"@type":"ListItem","position":3,"name":"GlareOne Two Side Screw Mini Male 1\/4&#8243; &#8211; Male 3\/8&#8243;"}]},{"@type":"WebSite","@id":"https:\/\/glareone.eu\/cs\/en\/#website","url":"https:\/\/glareone.eu\/cs\/en\/","name":"GlareOne","description":"Wyposa\u017cenie Studia","publisher":{"@id":"https:\/\/glareone.eu\/cs\/en\/#organization"},"potentialAction":[{"@type":"SearchAction","target":{"@type":"EntryPoint","urlTemplate":"https:\/\/glareone.eu\/cs\/en\/?s={search_term_string}"},"query-input":{"@type":"PropertyValueSpecification","valueRequired":true,"valueName":"search_term_string"}}],"inLanguage":"cs"},{"@type":"Organization","@id":"https:\/\/glareone.eu\/cs\/en\/#organization","name":"GlareOne","url":"https:\/\/glareone.eu\/cs\/en\/","logo":{"@type":"ImageObject","inLanguage":"cs","@id":"https:\/\/glareone.eu\/cs\/en\/#\/schema\/logo\/image\/","url":"http:\/\/glareone.eu\/wp-content\/uploads\/2024\/05\/glareone_logo2020_RGB-01-e1715773127189.png","contentUrl":"http:\/\/glareone.eu\/wp-content\/uploads\/2024\/05\/glareone_logo2020_RGB-01-e1715773127189.png","width":1270,"height":321,"caption":"GlareOne"},"image":{"@id":"https:\/\/glareone.eu\/cs\/en\/#\/schema\/logo\/image\/"},"sameAs":["https:\/\/www.facebook.com\/GlareOneLighting","https:\/\/www.instagram.com\/glareonelighting\/","https:\/\/www.youtube.com\/@GlareOneTV"]}]}},"_links":{"self":[{"href":"https:\/\/glareone.eu\/cs\/wp-json\/wp\/v2\/product\/18261","targetHints":{"allow":["GET"]}}],"collection":[{"href":"https:\/\/glareone.eu\/cs\/wp-json\/wp\/v2\/product"}],"about":[{"href":"https:\/\/glareone.eu\/cs\/wp-json\/wp\/v2\/types\/product"}],"wp:featuredmedia":[{"embeddable":true,"href":"https:\/\/glareone.eu\/cs\/wp-json\/wp\/v2\/media\/18262"}],"wp:attachment":[{"href":"https:\/\/glareone.eu\/cs\/wp-json\/wp\/v2\/media?parent=18261"}],"wp:term":[{"taxonomy":"product_brand","embeddable":true,"href":"https:\/\/glareone.eu\/cs\/wp-json\/wp\/v2\/product_brand?post=18261"},{"taxonomy":"product_cat","embeddable":true,"href":"https:\/\/glareone.eu\/cs\/wp-json\/wp\/v2\/product_cat?post=18261"},{"taxonomy":"product_tag","embeddable":true,"href":"https:\/\/glareone.eu\/cs\/wp-json\/wp\/v2\/product_tag?post=18261"}],"curies":[{"name":"wp","href":"https:\/\/api.w.org\/{rel}","templated":true}]}}