{"id":18154,"date":"2024-04-18T19:26:16","date_gmt":"2024-04-18T19:26:16","guid":{"rendered":"https:\/\/glareone.eu\/product\/glareone-light-table-60x130-cm\/"},"modified":"2025-05-23T09:36:17","modified_gmt":"2025-05-23T09:36:17","slug":"glareone-light-table-60x130-cm","status":"publish","type":"product","link":"https:\/\/glareone.eu\/cs\/produkt\/glareone-light-table-60x130-cm\/","title":{"rendered":"GlareOne Light Table 60\u00d7130 cm"},"content":{"rendered":"<p><span style=\"font-weight: 400;\">Sv\u011bteln\u00fd st\u016fl GlareOne \u00fa\u010dinn\u011b rozptyluje sv\u011btlo a zachycuje i ty nejmen\u0161\u00ed detaily fotografovan\u00e9ho objektu. Je nepostradateln\u00fd pro produktovou, technickou nebo reklamn\u00ed fotografii.<\/span><\/p>\n<h3><b>V\u00fdhody bezst\u00ednov\u00fdch stol\u016f GlareOne:<\/b><\/h3>\n<ul>\n<li style=\"font-weight: 400;\" aria-level=\"1\"><span style=\"font-weight: 400;\">\u00fa\u010dinn\u011b rozptyluj\u00ed sv\u011btlo a zachycuj\u00ed i ty nejmen\u0161\u00ed detaily fotografovan\u00e9ho objektu<\/span><\/li>\n<li style=\"font-weight: 400;\" aria-level=\"1\"><span style=\"font-weight: 400;\">nenahraditeln\u00e9 pro produktovou, technickou a reklamn\u00ed fotografii<\/span><\/li>\n<li style=\"font-weight: 400;\" aria-level=\"1\"><span style=\"font-weight: 400;\">doporu\u010den\u00e9 pro profesion\u00e1ly i za\u010d\u00e1te\u010dn\u00edky<\/span><\/li>\n<li style=\"font-weight: 400;\" aria-level=\"1\"><span style=\"font-weight: 400;\">d\u00edky mo\u017enosti pou\u017eit\u00ed sv\u011btla z boku nebo ze spodn\u00ed strany nevytv\u00e1\u0159ej\u00ed ne\u017e\u00e1douc\u00ed st\u00edny a nevzhledn\u00e9 odrazy<\/span><\/li>\n<li style=\"font-weight: 400;\" aria-level=\"1\"><span style=\"font-weight: 400;\">lehk\u00e1 a odoln\u00e1 hlin\u00edkov\u00e1 konstrukce<\/span><\/li>\n<li style=\"font-weight: 400;\" aria-level=\"1\"><span style=\"font-weight: 400;\">odn\u00edmateln\u00e1 pracovn\u00ed plocha z odoln\u00e9ho, polopropustn\u00e9ho b\u00edl\u00e9ho akrylu<\/span><\/li>\n<li style=\"font-weight: 400;\" aria-level=\"1\"><span style=\"font-weight: 400;\">univerz\u00e1ln\u00ed svorky s 16mm \u010depem a 1\/4&#8243; z\u00e1vitem umo\u017e\u0148uj\u00ed upevn\u011bn\u00ed lamp, fotoapar\u00e1tu nebo jin\u00e9ho fotografick\u00e9ho p\u0159\u00edslu\u0161enstv\u00ed na libovoln\u00e9m m\u00edst\u011b stojanu<\/span><\/li>\n<li style=\"font-weight: 400;\" aria-level=\"1\"><span style=\"font-weight: 400;\">nastaviteln\u00fd \u00fahel sklonu zadn\u00ed plochy stolu<\/span><\/li>\n<li style=\"font-weight: 400;\" aria-level=\"1\"><span style=\"font-weight: 400;\">kompletn\u00ed s krytem pro ochranu stolu bez st\u00edn\u016f b\u011bhem p\u0159epravy<\/span><\/li>\n<\/ul>\n<h3><b>Dostupn\u00e9 verze bezst\u00ednov\u00fdch stol\u016f GlareOne:<\/b><\/h3>\n<ul>\n<li style=\"font-weight: 400;\" aria-level=\"1\"><span style=\"font-weight: 400;\">bezst\u00ednov\u00fd st\u016fl GLAREONE 60&#215;130 cm<\/span><\/li>\n<li style=\"font-weight: 400;\" aria-level=\"1\"><span style=\"font-weight: 400;\">bezst\u00ednov\u00fd st\u016fl GLAREONE 100&#215;200 cm<\/span><\/li>\n<li style=\"font-weight: 400;\" aria-level=\"1\"><span style=\"font-weight: 400;\">bezst\u00ednov\u00fd st\u016fl GLAREONE 60&#215;100 &#8211; rychl\u00e1 mont\u00e1\u017e<\/span><\/li>\n<li style=\"font-weight: 400;\" aria-level=\"1\"><span style=\"font-weight: 400;\">St\u016fl bez st\u00edn\u016f GLAREONE 60&#215;130 cm \u2013 rychl\u00e1 mont\u00e1\u017e<\/span><\/li>\n<\/ul>\n<h3><b>Specifikace:<\/b><\/h3>\n<ul>\n<li style=\"font-weight: 400;\" aria-level=\"1\"><span style=\"font-weight: 400;\">v\u00fd\u0161ka stolu \u2013 z\u00e1kladn\u00ed pracovn\u00ed plocha \u2013 53 cm<\/span><\/li>\n<li style=\"font-weight: 400;\" aria-level=\"1\"><span style=\"font-weight: 400;\">rozm\u011bry difuzn\u00ed plochy \u2013 \u0161\u00ed\u0159ka 60 cm, d\u00e9lka 130 cm<\/span><\/li>\n<li style=\"font-weight: 400;\" aria-level=\"1\"><span style=\"font-weight: 400;\">dal\u0161\u00ed dr\u017e\u00e1ky s \u010depem pro lampy \u2013 2 kusy<\/span><\/li>\n<li style=\"font-weight: 400;\" aria-level=\"1\"><span style=\"font-weight: 400;\">p\u0159epravn\u00ed kufr<\/span><\/li>\n<\/ul>\n","protected":false},"excerpt":{"rendered":"<p>Sv\u011bteln\u00fd st\u016fl GlareOne \u00fa\u010dinn\u011b rozptyluje sv\u011btlo a zachycuje i ty nejmen\u0161\u00ed detaily fotografovan\u00e9ho objektu. Je nepostradateln\u00fd pro produktovou, technickou nebo reklamn\u00ed fotografii. V\u00fdhody bezst\u00ednov\u00fdch stol\u016f GlareOne: \u00fa\u010dinn\u011b rozptyluj\u00ed sv\u011btlo a zachycuj\u00ed i ty nejmen\u0161\u00ed detaily fotografovan\u00e9ho objektu nenahraditeln\u00e9 pro produktovou, technickou a reklamn\u00ed fotografii doporu\u010den\u00e9 pro profesion\u00e1ly i za\u010d\u00e1te\u010dn\u00edky d\u00edky mo\u017enosti pou\u017eit\u00ed sv\u011btla z boku [&hellip;]<\/p>\n","protected":false},"featured_media":18155,"template":"","meta":[],"product_brand":[],"product_cat":[571],"product_tag":[],"class_list":{"0":"post-18154","1":"product","2":"type-product","3":"status-publish","4":"has-post-thumbnail","6":"product_cat-fotografie-bez-stinu","8":"first","9":"instock","10":"product-type-simple"},"yoast_head":"<!-- This site is optimized with the Yoast SEO plugin v27.2 - https:\/\/yoast.com\/product\/yoast-seo-wordpress\/ -->\n<title>GlareOne St\u00f3\u0142 bezcieniowy 60x130 cm<\/title>\n<meta name=\"description\" content=\"GlareOne St\u00f3\u0142 bezcieniowy 60x130 cm\" \/>\n<meta name=\"robots\" content=\"index, follow, max-snippet:-1, max-image-preview:large, max-video-preview:-1\" \/>\n<link rel=\"canonical\" href=\"https:\/\/glareone.eu\/cs\/produkt\/glareone-light-table-60x130-cm\/\" \/>\n<meta property=\"og:locale\" content=\"cs_CZ\" \/>\n<meta property=\"og:type\" content=\"article\" \/>\n<meta property=\"og:title\" content=\"GlareOne St\u00f3\u0142 bezcieniowy 60x130 cm\" \/>\n<meta property=\"og:description\" content=\"GlareOne St\u00f3\u0142 bezcieniowy 60x130 cm\" \/>\n<meta property=\"og:url\" content=\"https:\/\/glareone.eu\/cs\/produkt\/glareone-light-table-60x130-cm\/\" \/>\n<meta property=\"og:site_name\" content=\"GlareOne\" \/>\n<meta property=\"article:publisher\" content=\"https:\/\/www.facebook.com\/GlareOneLighting\" \/>\n<meta property=\"article:modified_time\" content=\"2025-05-23T09:36:17+00:00\" \/>\n<meta property=\"og:image\" content=\"https:\/\/glareone.eu\/wp-content\/uploads\/2024\/04\/SST60X130_01-1.jpg\" \/>\n\t<meta property=\"og:image:width\" content=\"1000\" \/>\n\t<meta property=\"og:image:height\" content=\"1000\" \/>\n\t<meta property=\"og:image:type\" content=\"image\/jpeg\" \/>\n<meta name=\"twitter:card\" content=\"summary_large_image\" \/>\n<meta name=\"twitter:title\" content=\"GlareOne St\u00f3\u0142 bezcieniowy 60x130 cm\" \/>\n<meta name=\"twitter:label1\" content=\"Odhadovan\u00e1 doba \u010dten\u00ed\" \/>\n\t<meta name=\"twitter:data1\" content=\"1 minuta\" \/>\n<script type=\"application\/ld+json\" class=\"yoast-schema-graph\">{\"@context\":\"https:\/\/schema.org\",\"@graph\":[{\"@type\":\"WebPage\",\"@id\":\"https:\/\/glareone.eu\/cs\/produkt\/glareone-light-table-60x130-cm\/\",\"url\":\"https:\/\/glareone.eu\/cs\/produkt\/glareone-light-table-60x130-cm\/\",\"name\":\"GlareOne St\u00f3\u0142 bezcieniowy 60x130 cm\",\"isPartOf\":{\"@id\":\"https:\/\/glareone.eu\/cs\/en\/#website\"},\"primaryImageOfPage\":{\"@id\":\"https:\/\/glareone.eu\/cs\/produkt\/glareone-light-table-60x130-cm\/#primaryimage\"},\"image\":{\"@id\":\"https:\/\/glareone.eu\/cs\/produkt\/glareone-light-table-60x130-cm\/#primaryimage\"},\"thumbnailUrl\":\"https:\/\/glareone.eu\/wp-content\/uploads\/2024\/04\/SST60X130_01-1.jpg\",\"datePublished\":\"2024-04-18T19:26:16+00:00\",\"dateModified\":\"2025-05-23T09:36:17+00:00\",\"description\":\"GlareOne St\u00f3\u0142 bezcieniowy 60x130 cm\",\"breadcrumb\":{\"@id\":\"https:\/\/glareone.eu\/cs\/produkt\/glareone-light-table-60x130-cm\/#breadcrumb\"},\"inLanguage\":\"cs\",\"potentialAction\":[{\"@type\":\"ReadAction\",\"target\":[\"https:\/\/glareone.eu\/cs\/produkt\/glareone-light-table-60x130-cm\/\"]}]},{\"@type\":\"ImageObject\",\"inLanguage\":\"cs\",\"@id\":\"https:\/\/glareone.eu\/cs\/produkt\/glareone-light-table-60x130-cm\/#primaryimage\",\"url\":\"https:\/\/glareone.eu\/wp-content\/uploads\/2024\/04\/SST60X130_01-1.jpg\",\"contentUrl\":\"https:\/\/glareone.eu\/wp-content\/uploads\/2024\/04\/SST60X130_01-1.jpg\",\"width\":1000,\"height\":1000},{\"@type\":\"BreadcrumbList\",\"@id\":\"https:\/\/glareone.eu\/cs\/produkt\/glareone-light-table-60x130-cm\/#breadcrumb\",\"itemListElement\":[{\"@type\":\"ListItem\",\"position\":1,\"name\":\"Strona g\u0142\u00f3wna\",\"item\":\"https:\/\/glareone.eu\/cs\/\"},{\"@type\":\"ListItem\",\"position\":2,\"name\":\"V\u0161echny produkty\",\"item\":\"https:\/\/glareone.eu\/cs\/produkty\/vsechny-produkty\/\"},{\"@type\":\"ListItem\",\"position\":3,\"name\":\"GlareOne Light Table 60\u00d7130 cm\"}]},{\"@type\":\"WebSite\",\"@id\":\"https:\/\/glareone.eu\/cs\/en\/#website\",\"url\":\"https:\/\/glareone.eu\/cs\/en\/\",\"name\":\"GlareOne\",\"description\":\"Wyposa\u017cenie Studia\",\"publisher\":{\"@id\":\"https:\/\/glareone.eu\/cs\/en\/#organization\"},\"potentialAction\":[{\"@type\":\"SearchAction\",\"target\":{\"@type\":\"EntryPoint\",\"urlTemplate\":\"https:\/\/glareone.eu\/cs\/en\/?s={search_term_string}\"},\"query-input\":{\"@type\":\"PropertyValueSpecification\",\"valueRequired\":true,\"valueName\":\"search_term_string\"}}],\"inLanguage\":\"cs\"},{\"@type\":\"Organization\",\"@id\":\"https:\/\/glareone.eu\/cs\/en\/#organization\",\"name\":\"GlareOne\",\"url\":\"https:\/\/glareone.eu\/cs\/en\/\",\"logo\":{\"@type\":\"ImageObject\",\"inLanguage\":\"cs\",\"@id\":\"https:\/\/glareone.eu\/cs\/en\/#\/schema\/logo\/image\/\",\"url\":\"http:\/\/glareone.eu\/wp-content\/uploads\/2024\/05\/glareone_logo2020_RGB-01-e1715773127189.png\",\"contentUrl\":\"http:\/\/glareone.eu\/wp-content\/uploads\/2024\/05\/glareone_logo2020_RGB-01-e1715773127189.png\",\"width\":1270,\"height\":321,\"caption\":\"GlareOne\"},\"image\":{\"@id\":\"https:\/\/glareone.eu\/cs\/en\/#\/schema\/logo\/image\/\"},\"sameAs\":[\"https:\/\/www.facebook.com\/GlareOneLighting\",\"https:\/\/www.instagram.com\/glareonelighting\/\",\"https:\/\/www.youtube.com\/@GlareOneTV\"]}]}<\/script>\n<!-- \/ Yoast SEO plugin. -->","yoast_head_json":{"title":"GlareOne St\u00f3\u0142 bezcieniowy 60x130 cm","description":"GlareOne St\u00f3\u0142 bezcieniowy 60x130 cm","robots":{"index":"index","follow":"follow","max-snippet":"max-snippet:-1","max-image-preview":"max-image-preview:large","max-video-preview":"max-video-preview:-1"},"canonical":"https:\/\/glareone.eu\/cs\/produkt\/glareone-light-table-60x130-cm\/","og_locale":"cs_CZ","og_type":"article","og_title":"GlareOne St\u00f3\u0142 bezcieniowy 60x130 cm","og_description":"GlareOne St\u00f3\u0142 bezcieniowy 60x130 cm","og_url":"https:\/\/glareone.eu\/cs\/produkt\/glareone-light-table-60x130-cm\/","og_site_name":"GlareOne","article_publisher":"https:\/\/www.facebook.com\/GlareOneLighting","article_modified_time":"2025-05-23T09:36:17+00:00","og_image":[{"width":1000,"height":1000,"url":"https:\/\/glareone.eu\/wp-content\/uploads\/2024\/04\/SST60X130_01-1.jpg","type":"image\/jpeg"}],"twitter_card":"summary_large_image","twitter_title":"GlareOne St\u00f3\u0142 bezcieniowy 60x130 cm","twitter_misc":{"Odhadovan\u00e1 doba \u010dten\u00ed":"1 minuta"},"schema":{"@context":"https:\/\/schema.org","@graph":[{"@type":"WebPage","@id":"https:\/\/glareone.eu\/cs\/produkt\/glareone-light-table-60x130-cm\/","url":"https:\/\/glareone.eu\/cs\/produkt\/glareone-light-table-60x130-cm\/","name":"GlareOne St\u00f3\u0142 bezcieniowy 60x130 cm","isPartOf":{"@id":"https:\/\/glareone.eu\/cs\/en\/#website"},"primaryImageOfPage":{"@id":"https:\/\/glareone.eu\/cs\/produkt\/glareone-light-table-60x130-cm\/#primaryimage"},"image":{"@id":"https:\/\/glareone.eu\/cs\/produkt\/glareone-light-table-60x130-cm\/#primaryimage"},"thumbnailUrl":"https:\/\/glareone.eu\/wp-content\/uploads\/2024\/04\/SST60X130_01-1.jpg","datePublished":"2024-04-18T19:26:16+00:00","dateModified":"2025-05-23T09:36:17+00:00","description":"GlareOne St\u00f3\u0142 bezcieniowy 60x130 cm","breadcrumb":{"@id":"https:\/\/glareone.eu\/cs\/produkt\/glareone-light-table-60x130-cm\/#breadcrumb"},"inLanguage":"cs","potentialAction":[{"@type":"ReadAction","target":["https:\/\/glareone.eu\/cs\/produkt\/glareone-light-table-60x130-cm\/"]}]},{"@type":"ImageObject","inLanguage":"cs","@id":"https:\/\/glareone.eu\/cs\/produkt\/glareone-light-table-60x130-cm\/#primaryimage","url":"https:\/\/glareone.eu\/wp-content\/uploads\/2024\/04\/SST60X130_01-1.jpg","contentUrl":"https:\/\/glareone.eu\/wp-content\/uploads\/2024\/04\/SST60X130_01-1.jpg","width":1000,"height":1000},{"@type":"BreadcrumbList","@id":"https:\/\/glareone.eu\/cs\/produkt\/glareone-light-table-60x130-cm\/#breadcrumb","itemListElement":[{"@type":"ListItem","position":1,"name":"Strona g\u0142\u00f3wna","item":"https:\/\/glareone.eu\/cs\/"},{"@type":"ListItem","position":2,"name":"V\u0161echny produkty","item":"https:\/\/glareone.eu\/cs\/produkty\/vsechny-produkty\/"},{"@type":"ListItem","position":3,"name":"GlareOne Light Table 60\u00d7130 cm"}]},{"@type":"WebSite","@id":"https:\/\/glareone.eu\/cs\/en\/#website","url":"https:\/\/glareone.eu\/cs\/en\/","name":"GlareOne","description":"Wyposa\u017cenie Studia","publisher":{"@id":"https:\/\/glareone.eu\/cs\/en\/#organization"},"potentialAction":[{"@type":"SearchAction","target":{"@type":"EntryPoint","urlTemplate":"https:\/\/glareone.eu\/cs\/en\/?s={search_term_string}"},"query-input":{"@type":"PropertyValueSpecification","valueRequired":true,"valueName":"search_term_string"}}],"inLanguage":"cs"},{"@type":"Organization","@id":"https:\/\/glareone.eu\/cs\/en\/#organization","name":"GlareOne","url":"https:\/\/glareone.eu\/cs\/en\/","logo":{"@type":"ImageObject","inLanguage":"cs","@id":"https:\/\/glareone.eu\/cs\/en\/#\/schema\/logo\/image\/","url":"http:\/\/glareone.eu\/wp-content\/uploads\/2024\/05\/glareone_logo2020_RGB-01-e1715773127189.png","contentUrl":"http:\/\/glareone.eu\/wp-content\/uploads\/2024\/05\/glareone_logo2020_RGB-01-e1715773127189.png","width":1270,"height":321,"caption":"GlareOne"},"image":{"@id":"https:\/\/glareone.eu\/cs\/en\/#\/schema\/logo\/image\/"},"sameAs":["https:\/\/www.facebook.com\/GlareOneLighting","https:\/\/www.instagram.com\/glareonelighting\/","https:\/\/www.youtube.com\/@GlareOneTV"]}]}},"_links":{"self":[{"href":"https:\/\/glareone.eu\/cs\/wp-json\/wp\/v2\/product\/18154","targetHints":{"allow":["GET"]}}],"collection":[{"href":"https:\/\/glareone.eu\/cs\/wp-json\/wp\/v2\/product"}],"about":[{"href":"https:\/\/glareone.eu\/cs\/wp-json\/wp\/v2\/types\/product"}],"wp:featuredmedia":[{"embeddable":true,"href":"https:\/\/glareone.eu\/cs\/wp-json\/wp\/v2\/media\/18155"}],"wp:attachment":[{"href":"https:\/\/glareone.eu\/cs\/wp-json\/wp\/v2\/media?parent=18154"}],"wp:term":[{"taxonomy":"product_brand","embeddable":true,"href":"https:\/\/glareone.eu\/cs\/wp-json\/wp\/v2\/product_brand?post=18154"},{"taxonomy":"product_cat","embeddable":true,"href":"https:\/\/glareone.eu\/cs\/wp-json\/wp\/v2\/product_cat?post=18154"},{"taxonomy":"product_tag","embeddable":true,"href":"https:\/\/glareone.eu\/cs\/wp-json\/wp\/v2\/product_tag?post=18154"}],"curies":[{"name":"wp","href":"https:\/\/api.w.org\/{rel}","templated":true}]}}