{"id":18100,"date":"2024-04-18T19:26:38","date_gmt":"2024-04-18T19:26:38","guid":{"rendered":"https:\/\/glareone.eu\/product\/glareone-black-220\/"},"modified":"2025-08-11T10:21:25","modified_gmt":"2025-08-11T10:21:25","slug":"glareone-black-220","status":"publish","type":"product","link":"https:\/\/glareone.eu\/cs\/produkt\/glareone-black-220\/","title":{"rendered":"GlareOne Black 220 &#8211; studiov\u00fd stojan"},"content":{"rendered":"<p><span style=\"font-weight: 400;\">GlareOne Black 220 je polstrovan\u00fd univerz\u00e1ln\u00ed studiov\u00fd stativ s nosnost\u00ed a\u017e 4 kg.<\/span><\/p>\n<h3><b>Vlastnosti produktu:<\/b><\/h3>\n<ul>\n<li style=\"font-weight: 400;\" aria-level=\"1\"><span style=\"font-weight: 400;\">Nosnost stativu umo\u017e\u0148uje upevn\u011bn\u00ed lampy Vega 400 s modifik\u00e1torem, jako je nap\u0159\u00edklad Hexa 100 Pro.<\/span><\/li>\n<li style=\"font-weight: 400;\" aria-level=\"1\"><span style=\"font-weight: 400;\">St\u0159edov\u00fd sloup se t\u0159emi sekcemi zvy\u0161uje stabilitu stojanu \u2013 \u010d\u00edm m\u00e9n\u011b sekc\u00ed, t\u00edm v\u011bt\u0161\u00ed stabilita. T\u0159\u00edd\u00edln\u00fd st\u0159edov\u00fd sloup a pokro\u010dil\u00fd syst\u00e9m aretace sekc\u00ed umo\u017enily pou\u017eit\u00ed men\u0161\u00edch pr\u016fm\u011br\u016f jednotliv\u00fdch segment\u016f. T\u00edm se sn\u00ed\u017eila hmotnost stojanu, ani\u017e by byla ovlivn\u011bna jeho stabilita a nosnost.<\/span><\/li>\n<li style=\"font-weight: 400;\" aria-level=\"1\"><span style=\"font-weight: 400;\">Sou\u010d\u00e1sti stojanu jsou vyrobeny z hlin\u00edku a ABS plastu.<\/span><\/li>\n<li style=\"font-weight: 400;\" aria-level=\"1\"><span style=\"font-weight: 400;\">Vylep\u0161en\u00fd syst\u00e9m aretace sekc\u00ed a centr\u00e1ln\u00ed sloup s p\u0159\u00edtla\u010dnou deskou zabra\u0148uj\u00ed deformaci prvk\u016f p\u0159i nadm\u011brn\u00e9m uta\u017een\u00ed. Na rozd\u00edl od jin\u00fdch stojan\u016f se svorkov\u00fdmi z\u00e1mky tento syst\u00e9m nem\u00e1 probl\u00e9my s uvol\u0148ov\u00e1n\u00edm z\u00e1mku sloupu.<\/span><\/li>\n<li style=\"font-weight: 400;\" aria-level=\"1\"><span style=\"font-weight: 400;\">Pr\u016fm\u011bry jednotliv\u00fdch sekc\u00ed jsou 19, 22,5 a 25 mm a pr\u016fm\u011br nohou je 20 mm.<\/span><\/li>\n<li style=\"font-weight: 400;\" aria-level=\"1\"><span style=\"font-weight: 400;\">Pru\u017einov\u00e1 brzda chr\u00e1n\u00edc\u00ed studiov\u00e9 vybaven\u00ed p\u0159ed mechanick\u00fdm po\u0161kozen\u00edm, nap\u0159. p\u0159i zm\u011bn\u011b pracovn\u00ed v\u00fd\u0161ky.<\/span><\/li>\n<li style=\"font-weight: 400;\" aria-level=\"1\"><span style=\"font-weight: 400;\">Nezbytn\u00fd pro pr\u00e1ci ve studiu i venkovn\u00ed focen\u00ed.<\/span><\/li>\n<li style=\"font-weight: 400;\" aria-level=\"1\"><span style=\"font-weight: 400;\">Skv\u011ble funguje se st\u00ednom\u011bry, dr\u017e\u00e1ky sv\u011btel nebo blesky.<\/span><\/li>\n<li style=\"font-weight: 400;\" aria-level=\"1\"><span style=\"font-weight: 400;\">Plynul\u00e1 regulace v\u00fd\u0161ky umo\u017e\u0148uje nastavit v\u00fd\u0161ku stojanu podle individu\u00e1ln\u00edch pot\u0159eb fotografa.<\/span><\/li>\n<li style=\"font-weight: 400;\" aria-level=\"1\"><span style=\"font-weight: 400;\">Lehk\u00e1 konstrukce a kompaktn\u00ed rozm\u011bry ve slo\u017een\u00e9m stavu.<\/span><\/li>\n<li style=\"font-weight: 400;\" aria-level=\"1\"><span style=\"font-weight: 400;\">Vybaveno pevn\u011b namontovan\u00fdm 1\/4&#8243; z\u00e1vitem.<\/span><\/li>\n<\/ul>\n<h3><b>Dostupn\u00e9 verze stojanu GlareOne Black:<\/b><\/h3>\n<ul>\n<li style=\"font-weight: 400;\" aria-level=\"1\"><span style=\"font-weight: 400;\">Black 190 osv\u011btlovac\u00ed stojan \u2013 190 cm<\/span><\/li>\n<li style=\"font-weight: 400;\" aria-level=\"1\"><span style=\"font-weight: 400;\">Black 280 osv\u011btlovac\u00ed stojan \u2013 280 cm<\/span><\/li>\n<\/ul>\n<h3><b>Co m\u016f\u017eete bezpe\u010dn\u011b p\u0159ipevnit na stojan GlareOne Black:<\/b><\/h3>\n<p>&nbsp;<\/p>\n<table>\n<tbody>\n<tr>\n<td><\/td>\n<td><span style=\"font-weight: 400;\">Black 190<\/span><\/td>\n<td><b>Black 220<\/b><\/td>\n<td><span style=\"font-weight: 400;\">Black 280<\/span><\/td>\n<\/tr>\n<tr>\n<td><span style=\"font-weight: 400;\">Speedlite lights<\/span><\/td>\n<td>\n<p style=\"text-align: center;\"><span style=\"font-weight: 400;\">X<\/span><\/p>\n<\/td>\n<td style=\"text-align: center;\"><b>X<\/b><\/td>\n<td>\n<p style=\"text-align: center;\"><span style=\"font-weight: 400;\">X<\/span><\/p>\n<\/td>\n<\/tr>\n<tr>\n<td><span style=\"font-weight: 400;\">Vega 200\/400 + parasol Orb 100<\/span><\/td>\n<td>\n<p style=\"text-align: center;\"><span style=\"font-weight: 400;\">X<\/span><\/p>\n<\/td>\n<td style=\"text-align: center;\"><b>X<\/b><\/td>\n<td>\n<p style=\"text-align: center;\"><span style=\"font-weight: 400;\">X<\/span><\/p>\n<\/td>\n<\/tr>\n<tr>\n<td><span style=\"font-weight: 400;\">Vega 200\/400 + parasol Orb 150<\/span><\/td>\n<td><\/td>\n<td><\/td>\n<td>\n<p style=\"text-align: center;\"><span style=\"font-weight: 400;\">X<\/span><\/p>\n<\/td>\n<\/tr>\n<tr>\n<td><span style=\"font-weight: 400;\">Vega 200\/400 + Octa 100 Pro<\/span><\/td>\n<td>\n<p style=\"text-align: center;\"><span style=\"font-weight: 400;\">X<\/span><\/p>\n<\/td>\n<td style=\"text-align: center;\"><b>X<\/b><\/td>\n<td>\n<p style=\"text-align: center;\"><span style=\"font-weight: 400;\">X<\/span><\/p>\n<\/td>\n<\/tr>\n<tr>\n<td><span style=\"font-weight: 400;\">Vega 200\/400 + Octa 120 Pro<\/span><\/td>\n<td><\/td>\n<td>\n<p style=\"text-align: center;\"><b>X<\/b><\/p>\n<\/td>\n<td>\n<p style=\"text-align: center;\"><span style=\"font-weight: 400;\">X<\/span><\/p>\n<\/td>\n<\/tr>\n<tr>\n<td><span style=\"font-weight: 400;\">LED 80\/120 + Octa 100 Pro\u00a0<\/span><\/td>\n<td>\n<p style=\"text-align: center;\"><span style=\"font-weight: 400;\">X<\/span><\/p>\n<\/td>\n<td style=\"text-align: center;\"><b>X<\/b><\/td>\n<td>\n<p style=\"text-align: center;\"><span style=\"font-weight: 400;\">X<\/span><\/p>\n<\/td>\n<\/tr>\n<tr>\n<td><span style=\"font-weight: 400;\">LED 80\/120 + Octa 120 Pro\u00a0<\/span><\/td>\n<td><\/td>\n<td>\n<p style=\"text-align: center;\"><b>X<\/b><\/p>\n<\/td>\n<td>\n<p style=\"text-align: center;\"><span style=\"font-weight: 400;\">X<\/span><\/p>\n<\/td>\n<\/tr>\n<tr>\n<td><span style=\"font-weight: 400;\">Antares 600 + Octa 150 Pro<\/span><\/td>\n<td><\/td>\n<td><\/td>\n<td>\n<p style=\"text-align: center;\"><span style=\"font-weight: 400;\">X<\/span><\/p>\n<\/td>\n<\/tr>\n<tr>\n<td><span style=\"font-weight: 400;\">Antares 600 + Hexa 120 Pro<\/span><\/td>\n<td><\/td>\n<td><\/td>\n<td>\n<p style=\"text-align: center;\"><span style=\"font-weight: 400;\">X<\/span><\/p>\n<\/td>\n<\/tr>\n<tr>\n<td><span style=\"font-weight: 400;\">LED 160 + Octa 120 Pro<\/span><\/td>\n<td><\/td>\n<td>\n<p style=\"text-align: center;\"><b>X<\/b><\/p>\n<\/td>\n<td>\n<p style=\"text-align: center;\"><span style=\"font-weight: 400;\">X<\/span><\/p>\n<\/td>\n<\/tr>\n<tr>\n<td><span style=\"font-weight: 400;\">LED 300 + Octa 150 Pro<\/span><\/td>\n<td><\/td>\n<td><\/td>\n<td>\n<p style=\"text-align: center;\"><span style=\"font-weight: 400;\">X<\/span><\/p>\n<\/td>\n<\/tr>\n<tr>\n<td><span style=\"font-weight: 400;\">LED 300 + Hexa 120 Pro<\/span><\/td>\n<td><\/td>\n<td><\/td>\n<td>\n<p style=\"text-align: center;\"><span style=\"font-weight: 400;\">X<\/span><\/p>\n<\/td>\n<\/tr>\n<\/tbody>\n<\/table>\n<p>&nbsp;<\/p>\n","protected":false},"excerpt":{"rendered":"<p>GlareOne Black 220 je polstrovan\u00fd univerz\u00e1ln\u00ed studiov\u00fd stativ s nosnost\u00ed a\u017e 4 kg. Vlastnosti produktu: Nosnost stativu umo\u017e\u0148uje upevn\u011bn\u00ed lampy Vega 400 s modifik\u00e1torem, jako je nap\u0159\u00edklad Hexa 100 Pro. St\u0159edov\u00fd sloup se t\u0159emi sekcemi zvy\u0161uje stabilitu stojanu \u2013 \u010d\u00edm m\u00e9n\u011b sekc\u00ed, t\u00edm v\u011bt\u0161\u00ed stabilita. T\u0159\u00edd\u00edln\u00fd st\u0159edov\u00fd sloup a pokro\u010dil\u00fd syst\u00e9m aretace sekc\u00ed umo\u017enily pou\u017eit\u00ed [&hellip;]<\/p>\n","protected":false},"featured_media":18101,"template":"","meta":[],"product_brand":[],"product_cat":[576],"product_tag":[],"class_list":{"0":"post-18100","1":"product","2":"type-product","3":"status-publish","4":"has-post-thumbnail","6":"product_cat-klasicke-stativy","8":"first","9":"instock","10":"product-type-simple"},"yoast_head":"<!-- This site is optimized with the Yoast SEO plugin v27.2 - https:\/\/yoast.com\/product\/yoast-seo-wordpress\/ -->\n<title>GlareOne Black 220<\/title>\n<meta name=\"description\" content=\"GlareOne Black 220 is a cushioned, universal studio tripod. Indispensable for studio and outdoor work. High quality, 3 year warranty.\" \/>\n<meta name=\"robots\" content=\"index, follow, max-snippet:-1, max-image-preview:large, max-video-preview:-1\" \/>\n<link rel=\"canonical\" href=\"https:\/\/glareone.eu\/cs\/produkt\/glareone-black-220\/\" \/>\n<meta property=\"og:locale\" content=\"cs_CZ\" \/>\n<meta property=\"og:type\" content=\"article\" \/>\n<meta property=\"og:title\" content=\"GlareOne Black 220\" \/>\n<meta property=\"og:description\" content=\"GlareOne Black 220 is a cushioned, universal studio tripod. Indispensable for studio and outdoor work. High quality, 3 year warranty.\" \/>\n<meta property=\"og:url\" content=\"https:\/\/glareone.eu\/cs\/produkt\/glareone-black-220\/\" \/>\n<meta property=\"og:site_name\" content=\"GlareOne\" \/>\n<meta property=\"article:publisher\" content=\"https:\/\/www.facebook.com\/GlareOneLighting\" \/>\n<meta property=\"article:modified_time\" content=\"2025-08-11T10:21:25+00:00\" \/>\n<meta property=\"og:image\" content=\"https:\/\/glareone.eu\/wp-content\/uploads\/2024\/04\/SLS220AL_01.jpg\" \/>\n\t<meta property=\"og:image:width\" content=\"1200\" \/>\n\t<meta property=\"og:image:height\" content=\"1200\" \/>\n\t<meta property=\"og:image:type\" content=\"image\/jpeg\" \/>\n<meta name=\"twitter:card\" content=\"summary_large_image\" \/>\n<meta name=\"twitter:title\" content=\"GlareOne Black 220\" \/>\n<meta name=\"twitter:label1\" content=\"Odhadovan\u00e1 doba \u010dten\u00ed\" \/>\n\t<meta name=\"twitter:data1\" content=\"2 minuty\" \/>\n<script type=\"application\/ld+json\" class=\"yoast-schema-graph\">{\"@context\":\"https:\/\/schema.org\",\"@graph\":[{\"@type\":\"WebPage\",\"@id\":\"https:\/\/glareone.eu\/cs\/produkt\/glareone-black-220\/\",\"url\":\"https:\/\/glareone.eu\/cs\/produkt\/glareone-black-220\/\",\"name\":\"GlareOne Black 220\",\"isPartOf\":{\"@id\":\"https:\/\/glareone.eu\/cs\/en\/#website\"},\"primaryImageOfPage\":{\"@id\":\"https:\/\/glareone.eu\/cs\/produkt\/glareone-black-220\/#primaryimage\"},\"image\":{\"@id\":\"https:\/\/glareone.eu\/cs\/produkt\/glareone-black-220\/#primaryimage\"},\"thumbnailUrl\":\"https:\/\/glareone.eu\/wp-content\/uploads\/2024\/04\/SLS220AL_01.jpg\",\"datePublished\":\"2024-04-18T19:26:38+00:00\",\"dateModified\":\"2025-08-11T10:21:25+00:00\",\"description\":\"GlareOne Black 220 is a cushioned, universal studio tripod. Indispensable for studio and outdoor work. High quality, 3 year warranty.\",\"breadcrumb\":{\"@id\":\"https:\/\/glareone.eu\/cs\/produkt\/glareone-black-220\/#breadcrumb\"},\"inLanguage\":\"cs\",\"potentialAction\":[{\"@type\":\"ReadAction\",\"target\":[\"https:\/\/glareone.eu\/cs\/produkt\/glareone-black-220\/\"]}]},{\"@type\":\"ImageObject\",\"inLanguage\":\"cs\",\"@id\":\"https:\/\/glareone.eu\/cs\/produkt\/glareone-black-220\/#primaryimage\",\"url\":\"https:\/\/glareone.eu\/wp-content\/uploads\/2024\/04\/SLS220AL_01.jpg\",\"contentUrl\":\"https:\/\/glareone.eu\/wp-content\/uploads\/2024\/04\/SLS220AL_01.jpg\",\"width\":1200,\"height\":1200},{\"@type\":\"BreadcrumbList\",\"@id\":\"https:\/\/glareone.eu\/cs\/produkt\/glareone-black-220\/#breadcrumb\",\"itemListElement\":[{\"@type\":\"ListItem\",\"position\":1,\"name\":\"Strona g\u0142\u00f3wna\",\"item\":\"https:\/\/glareone.eu\/cs\/\"},{\"@type\":\"ListItem\",\"position\":2,\"name\":\"V\u0161echny produkty\",\"item\":\"https:\/\/glareone.eu\/cs\/produkty\/vsechny-produkty\/\"},{\"@type\":\"ListItem\",\"position\":3,\"name\":\"GlareOne Black 220 &#8211; studiov\u00fd stojan\"}]},{\"@type\":\"WebSite\",\"@id\":\"https:\/\/glareone.eu\/cs\/en\/#website\",\"url\":\"https:\/\/glareone.eu\/cs\/en\/\",\"name\":\"GlareOne\",\"description\":\"Wyposa\u017cenie Studia\",\"publisher\":{\"@id\":\"https:\/\/glareone.eu\/cs\/en\/#organization\"},\"potentialAction\":[{\"@type\":\"SearchAction\",\"target\":{\"@type\":\"EntryPoint\",\"urlTemplate\":\"https:\/\/glareone.eu\/cs\/en\/?s={search_term_string}\"},\"query-input\":{\"@type\":\"PropertyValueSpecification\",\"valueRequired\":true,\"valueName\":\"search_term_string\"}}],\"inLanguage\":\"cs\"},{\"@type\":\"Organization\",\"@id\":\"https:\/\/glareone.eu\/cs\/en\/#organization\",\"name\":\"GlareOne\",\"url\":\"https:\/\/glareone.eu\/cs\/en\/\",\"logo\":{\"@type\":\"ImageObject\",\"inLanguage\":\"cs\",\"@id\":\"https:\/\/glareone.eu\/cs\/en\/#\/schema\/logo\/image\/\",\"url\":\"http:\/\/glareone.eu\/wp-content\/uploads\/2024\/05\/glareone_logo2020_RGB-01-e1715773127189.png\",\"contentUrl\":\"http:\/\/glareone.eu\/wp-content\/uploads\/2024\/05\/glareone_logo2020_RGB-01-e1715773127189.png\",\"width\":1270,\"height\":321,\"caption\":\"GlareOne\"},\"image\":{\"@id\":\"https:\/\/glareone.eu\/cs\/en\/#\/schema\/logo\/image\/\"},\"sameAs\":[\"https:\/\/www.facebook.com\/GlareOneLighting\",\"https:\/\/www.instagram.com\/glareonelighting\/\",\"https:\/\/www.youtube.com\/@GlareOneTV\"]}]}<\/script>\n<!-- \/ Yoast SEO plugin. -->","yoast_head_json":{"title":"GlareOne Black 220","description":"GlareOne Black 220 is a cushioned, universal studio tripod. Indispensable for studio and outdoor work. High quality, 3 year warranty.","robots":{"index":"index","follow":"follow","max-snippet":"max-snippet:-1","max-image-preview":"max-image-preview:large","max-video-preview":"max-video-preview:-1"},"canonical":"https:\/\/glareone.eu\/cs\/produkt\/glareone-black-220\/","og_locale":"cs_CZ","og_type":"article","og_title":"GlareOne Black 220","og_description":"GlareOne Black 220 is a cushioned, universal studio tripod. Indispensable for studio and outdoor work. High quality, 3 year warranty.","og_url":"https:\/\/glareone.eu\/cs\/produkt\/glareone-black-220\/","og_site_name":"GlareOne","article_publisher":"https:\/\/www.facebook.com\/GlareOneLighting","article_modified_time":"2025-08-11T10:21:25+00:00","og_image":[{"width":1200,"height":1200,"url":"https:\/\/glareone.eu\/wp-content\/uploads\/2024\/04\/SLS220AL_01.jpg","type":"image\/jpeg"}],"twitter_card":"summary_large_image","twitter_title":"GlareOne Black 220","twitter_misc":{"Odhadovan\u00e1 doba \u010dten\u00ed":"2 minuty"},"schema":{"@context":"https:\/\/schema.org","@graph":[{"@type":"WebPage","@id":"https:\/\/glareone.eu\/cs\/produkt\/glareone-black-220\/","url":"https:\/\/glareone.eu\/cs\/produkt\/glareone-black-220\/","name":"GlareOne Black 220","isPartOf":{"@id":"https:\/\/glareone.eu\/cs\/en\/#website"},"primaryImageOfPage":{"@id":"https:\/\/glareone.eu\/cs\/produkt\/glareone-black-220\/#primaryimage"},"image":{"@id":"https:\/\/glareone.eu\/cs\/produkt\/glareone-black-220\/#primaryimage"},"thumbnailUrl":"https:\/\/glareone.eu\/wp-content\/uploads\/2024\/04\/SLS220AL_01.jpg","datePublished":"2024-04-18T19:26:38+00:00","dateModified":"2025-08-11T10:21:25+00:00","description":"GlareOne Black 220 is a cushioned, universal studio tripod. Indispensable for studio and outdoor work. High quality, 3 year warranty.","breadcrumb":{"@id":"https:\/\/glareone.eu\/cs\/produkt\/glareone-black-220\/#breadcrumb"},"inLanguage":"cs","potentialAction":[{"@type":"ReadAction","target":["https:\/\/glareone.eu\/cs\/produkt\/glareone-black-220\/"]}]},{"@type":"ImageObject","inLanguage":"cs","@id":"https:\/\/glareone.eu\/cs\/produkt\/glareone-black-220\/#primaryimage","url":"https:\/\/glareone.eu\/wp-content\/uploads\/2024\/04\/SLS220AL_01.jpg","contentUrl":"https:\/\/glareone.eu\/wp-content\/uploads\/2024\/04\/SLS220AL_01.jpg","width":1200,"height":1200},{"@type":"BreadcrumbList","@id":"https:\/\/glareone.eu\/cs\/produkt\/glareone-black-220\/#breadcrumb","itemListElement":[{"@type":"ListItem","position":1,"name":"Strona g\u0142\u00f3wna","item":"https:\/\/glareone.eu\/cs\/"},{"@type":"ListItem","position":2,"name":"V\u0161echny produkty","item":"https:\/\/glareone.eu\/cs\/produkty\/vsechny-produkty\/"},{"@type":"ListItem","position":3,"name":"GlareOne Black 220 &#8211; studiov\u00fd stojan"}]},{"@type":"WebSite","@id":"https:\/\/glareone.eu\/cs\/en\/#website","url":"https:\/\/glareone.eu\/cs\/en\/","name":"GlareOne","description":"Wyposa\u017cenie Studia","publisher":{"@id":"https:\/\/glareone.eu\/cs\/en\/#organization"},"potentialAction":[{"@type":"SearchAction","target":{"@type":"EntryPoint","urlTemplate":"https:\/\/glareone.eu\/cs\/en\/?s={search_term_string}"},"query-input":{"@type":"PropertyValueSpecification","valueRequired":true,"valueName":"search_term_string"}}],"inLanguage":"cs"},{"@type":"Organization","@id":"https:\/\/glareone.eu\/cs\/en\/#organization","name":"GlareOne","url":"https:\/\/glareone.eu\/cs\/en\/","logo":{"@type":"ImageObject","inLanguage":"cs","@id":"https:\/\/glareone.eu\/cs\/en\/#\/schema\/logo\/image\/","url":"http:\/\/glareone.eu\/wp-content\/uploads\/2024\/05\/glareone_logo2020_RGB-01-e1715773127189.png","contentUrl":"http:\/\/glareone.eu\/wp-content\/uploads\/2024\/05\/glareone_logo2020_RGB-01-e1715773127189.png","width":1270,"height":321,"caption":"GlareOne"},"image":{"@id":"https:\/\/glareone.eu\/cs\/en\/#\/schema\/logo\/image\/"},"sameAs":["https:\/\/www.facebook.com\/GlareOneLighting","https:\/\/www.instagram.com\/glareonelighting\/","https:\/\/www.youtube.com\/@GlareOneTV"]}]}},"_links":{"self":[{"href":"https:\/\/glareone.eu\/cs\/wp-json\/wp\/v2\/product\/18100","targetHints":{"allow":["GET"]}}],"collection":[{"href":"https:\/\/glareone.eu\/cs\/wp-json\/wp\/v2\/product"}],"about":[{"href":"https:\/\/glareone.eu\/cs\/wp-json\/wp\/v2\/types\/product"}],"wp:featuredmedia":[{"embeddable":true,"href":"https:\/\/glareone.eu\/cs\/wp-json\/wp\/v2\/media\/18101"}],"wp:attachment":[{"href":"https:\/\/glareone.eu\/cs\/wp-json\/wp\/v2\/media?parent=18100"}],"wp:term":[{"taxonomy":"product_brand","embeddable":true,"href":"https:\/\/glareone.eu\/cs\/wp-json\/wp\/v2\/product_brand?post=18100"},{"taxonomy":"product_cat","embeddable":true,"href":"https:\/\/glareone.eu\/cs\/wp-json\/wp\/v2\/product_cat?post=18100"},{"taxonomy":"product_tag","embeddable":true,"href":"https:\/\/glareone.eu\/cs\/wp-json\/wp\/v2\/product_tag?post=18100"}],"curies":[{"name":"wp","href":"https:\/\/api.w.org\/{rel}","templated":true}]}}