{"id":18040,"date":"2024-04-18T19:26:38","date_gmt":"2024-04-18T19:26:38","guid":{"rendered":"https:\/\/glareone.eu\/product\/glareone-orb-150-white\/"},"modified":"2025-05-23T08:37:25","modified_gmt":"2025-05-23T08:37:25","slug":"glareone-orb-150-white","status":"publish","type":"product","link":"https:\/\/glareone.eu\/cs\/produkt\/glareone-orb-150-white\/","title":{"rendered":"GlareOne Orb 150 White"},"content":{"rendered":"<p><span style=\"font-weight: 400;\">GlareOne Orb 150 White je velk\u00fd hlubok\u00fd de\u0161tn\u00edk s b\u00edl\u00fdm odrazn\u00fdm povrchem a difuzorem.<\/span><\/p>\n<p><span style=\"font-weight: 400;\">D\u00edky velmi velk\u00e9 b\u00edl\u00e9 odrazn\u00e9 plo\u0161e vytv\u00e1\u0159\u00ed m\u011bkk\u00e9, vysoce rozpt\u00fdlen\u00e9 sv\u011btlo, kter\u00e9 je ide\u00e1ln\u00ed pro portr\u00e9ty. 16strann\u00fd design vytv\u00e1\u0159\u00ed p\u0159irozen\u00fd, t\u00e9m\u011b\u0159 kruhov\u00fd odraz v o\u010d\u00edch fotografovan\u00fdch osob. Sta\u010d\u00ed jej rozlo\u017eit jako b\u011b\u017en\u00fd de\u0161tn\u00edk a p\u0159ipevnit k blesku. Hod\u00ed se k jak\u00e9mukoli blesku nebo kontinu\u00e1ln\u00edmu sv\u011btlu.<\/span><\/p>\n<p><span style=\"font-weight: 400;\">Mal\u00e1 hloubka de\u0161tn\u00edku usnad\u0148uje pou\u017eit\u00ed i v relativn\u011b st\u00edsn\u011bn\u00fdch prostorech, zejm\u00e9na p\u0159i n\u00edzk\u00e9m stropu.<\/span><\/p>\n<h3><b>Vlastnosti produktu:<\/b><\/h3>\n<ul>\n<li style=\"font-weight: 400;\" aria-level=\"1\"><span style=\"font-weight: 400;\">funguje dob\u0159e jak ve studiu, tak venku<\/span><\/li>\n<li style=\"font-weight: 400;\" aria-level=\"1\"><span style=\"font-weight: 400;\">poskytuje velmi m\u011bkk\u00e9 sv\u011btlo<\/span><\/li>\n<li style=\"font-weight: 400;\" aria-level=\"1\"><span style=\"font-weight: 400;\">16strann\u00fd tvar zaji\u0161\u0165uje p\u0159irozen\u00e9 odrazy v o\u010d\u00edch fotografovan\u00fdch osob<\/span><\/li>\n<li style=\"font-weight: 400;\" aria-level=\"1\"><span style=\"font-weight: 400;\">vybaveno p\u0159\u00eddavn\u00fdm difuz\u00e9rem<\/span><\/li>\n<li style=\"font-weight: 400;\" aria-level=\"1\"><span style=\"font-weight: 400;\">lze rychle rozlo\u017eit a slo\u017eit<\/span><\/li>\n<li style=\"font-weight: 400;\" aria-level=\"1\"><span style=\"font-weight: 400;\">praktick\u00e9, lehk\u00e9 a snadno p\u0159enosn\u00e9<\/span><\/li>\n<li style=\"font-weight: 400;\" aria-level=\"1\"><span style=\"font-weight: 400;\">na b\u00e1zi sklolamin\u00e1tov\u00e9ho r\u00e1mu<\/span><\/li>\n<li style=\"font-weight: 400;\" aria-level=\"1\"><span style=\"font-weight: 400;\">kovov\u00e1 ty\u010d se hod\u00ed t\u00e9m\u011b\u0159 na v\u0161echny studiov\u00e9 lampy<\/span><\/li>\n<li style=\"font-weight: 400;\" aria-level=\"1\"><span style=\"font-weight: 400;\">dod\u00e1v\u00e1no v praktick\u00e9m p\u0159enosn\u00e9m pouzd\u0159e<\/span><\/li>\n<\/ul>\n","protected":false},"excerpt":{"rendered":"<p>GlareOne Orb 150 White je velk\u00fd hlubok\u00fd de\u0161tn\u00edk s b\u00edl\u00fdm odrazn\u00fdm povrchem a difuzorem. D\u00edky velmi velk\u00e9 b\u00edl\u00e9 odrazn\u00e9 plo\u0161e vytv\u00e1\u0159\u00ed m\u011bkk\u00e9, vysoce rozpt\u00fdlen\u00e9 sv\u011btlo, kter\u00e9 je ide\u00e1ln\u00ed pro portr\u00e9ty. 16strann\u00fd design vytv\u00e1\u0159\u00ed p\u0159irozen\u00fd, t\u00e9m\u011b\u0159 kruhov\u00fd odraz v o\u010d\u00edch fotografovan\u00fdch osob. Sta\u010d\u00ed jej rozlo\u017eit jako b\u011b\u017en\u00fd de\u0161tn\u00edk a p\u0159ipevnit k blesku. Hod\u00ed se k jak\u00e9mukoli [&hellip;]<\/p>\n","protected":false},"featured_media":18049,"template":"","meta":[],"product_brand":[],"product_cat":[580],"product_tag":[],"class_list":{"0":"post-18040","1":"product","2":"type-product","3":"status-publish","4":"has-post-thumbnail","6":"product_cat-orb-cs","8":"first","9":"instock","10":"product-type-simple"},"yoast_head":"<!-- This site is optimized with the Yoast SEO plugin v27.2 - https:\/\/yoast.com\/product\/yoast-seo-wordpress\/ -->\n<title>GlareOne Orb 150 White<\/title>\n<meta name=\"description\" content=\"GlareOne Orb 150 White\" \/>\n<meta name=\"robots\" content=\"index, follow, max-snippet:-1, max-image-preview:large, max-video-preview:-1\" \/>\n<link rel=\"canonical\" href=\"https:\/\/glareone.eu\/cs\/produkt\/glareone-orb-150-white\/\" \/>\n<meta property=\"og:locale\" content=\"cs_CZ\" \/>\n<meta property=\"og:type\" content=\"article\" \/>\n<meta property=\"og:title\" content=\"GlareOne Orb 150 White\" \/>\n<meta property=\"og:description\" content=\"GlareOne Orb 150 White\" \/>\n<meta property=\"og:url\" content=\"https:\/\/glareone.eu\/cs\/produkt\/glareone-orb-150-white\/\" \/>\n<meta property=\"og:site_name\" content=\"GlareOne\" \/>\n<meta property=\"article:publisher\" content=\"https:\/\/www.facebook.com\/GlareOneLighting\" \/>\n<meta property=\"article:modified_time\" content=\"2025-05-23T08:37:25+00:00\" \/>\n<meta property=\"og:image\" content=\"https:\/\/glareone.eu\/wp-content\/uploads\/2024\/04\/SORB150W_01-min.jpg\" \/>\n\t<meta property=\"og:image:width\" content=\"1200\" \/>\n\t<meta property=\"og:image:height\" content=\"1200\" \/>\n\t<meta property=\"og:image:type\" content=\"image\/jpeg\" \/>\n<meta name=\"twitter:card\" content=\"summary_large_image\" \/>\n<meta name=\"twitter:title\" content=\"GlareOne Orb 150 White\" \/>\n<meta name=\"twitter:label1\" content=\"Odhadovan\u00e1 doba \u010dten\u00ed\" \/>\n\t<meta name=\"twitter:data1\" content=\"1 minuta\" \/>\n<script type=\"application\/ld+json\" class=\"yoast-schema-graph\">{\"@context\":\"https:\/\/schema.org\",\"@graph\":[{\"@type\":\"WebPage\",\"@id\":\"https:\/\/glareone.eu\/cs\/produkt\/glareone-orb-150-white\/\",\"url\":\"https:\/\/glareone.eu\/cs\/produkt\/glareone-orb-150-white\/\",\"name\":\"GlareOne Orb 150 White\",\"isPartOf\":{\"@id\":\"https:\/\/glareone.eu\/cs\/en\/#website\"},\"primaryImageOfPage\":{\"@id\":\"https:\/\/glareone.eu\/cs\/produkt\/glareone-orb-150-white\/#primaryimage\"},\"image\":{\"@id\":\"https:\/\/glareone.eu\/cs\/produkt\/glareone-orb-150-white\/#primaryimage\"},\"thumbnailUrl\":\"https:\/\/glareone.eu\/wp-content\/uploads\/2024\/04\/SORB150W_01-min.jpg\",\"datePublished\":\"2024-04-18T19:26:38+00:00\",\"dateModified\":\"2025-05-23T08:37:25+00:00\",\"description\":\"GlareOne Orb 150 White\",\"breadcrumb\":{\"@id\":\"https:\/\/glareone.eu\/cs\/produkt\/glareone-orb-150-white\/#breadcrumb\"},\"inLanguage\":\"cs\",\"potentialAction\":[{\"@type\":\"ReadAction\",\"target\":[\"https:\/\/glareone.eu\/cs\/produkt\/glareone-orb-150-white\/\"]}]},{\"@type\":\"ImageObject\",\"inLanguage\":\"cs\",\"@id\":\"https:\/\/glareone.eu\/cs\/produkt\/glareone-orb-150-white\/#primaryimage\",\"url\":\"https:\/\/glareone.eu\/wp-content\/uploads\/2024\/04\/SORB150W_01-min.jpg\",\"contentUrl\":\"https:\/\/glareone.eu\/wp-content\/uploads\/2024\/04\/SORB150W_01-min.jpg\",\"width\":1200,\"height\":1200},{\"@type\":\"BreadcrumbList\",\"@id\":\"https:\/\/glareone.eu\/cs\/produkt\/glareone-orb-150-white\/#breadcrumb\",\"itemListElement\":[{\"@type\":\"ListItem\",\"position\":1,\"name\":\"Strona g\u0142\u00f3wna\",\"item\":\"https:\/\/glareone.eu\/cs\/\"},{\"@type\":\"ListItem\",\"position\":2,\"name\":\"V\u0161echny produkty\",\"item\":\"https:\/\/glareone.eu\/cs\/produkty\/vsechny-produkty\/\"},{\"@type\":\"ListItem\",\"position\":3,\"name\":\"GlareOne Orb 150 White\"}]},{\"@type\":\"WebSite\",\"@id\":\"https:\/\/glareone.eu\/cs\/en\/#website\",\"url\":\"https:\/\/glareone.eu\/cs\/en\/\",\"name\":\"GlareOne\",\"description\":\"Wyposa\u017cenie Studia\",\"publisher\":{\"@id\":\"https:\/\/glareone.eu\/cs\/en\/#organization\"},\"potentialAction\":[{\"@type\":\"SearchAction\",\"target\":{\"@type\":\"EntryPoint\",\"urlTemplate\":\"https:\/\/glareone.eu\/cs\/en\/?s={search_term_string}\"},\"query-input\":{\"@type\":\"PropertyValueSpecification\",\"valueRequired\":true,\"valueName\":\"search_term_string\"}}],\"inLanguage\":\"cs\"},{\"@type\":\"Organization\",\"@id\":\"https:\/\/glareone.eu\/cs\/en\/#organization\",\"name\":\"GlareOne\",\"url\":\"https:\/\/glareone.eu\/cs\/en\/\",\"logo\":{\"@type\":\"ImageObject\",\"inLanguage\":\"cs\",\"@id\":\"https:\/\/glareone.eu\/cs\/en\/#\/schema\/logo\/image\/\",\"url\":\"http:\/\/glareone.eu\/wp-content\/uploads\/2024\/05\/glareone_logo2020_RGB-01-e1715773127189.png\",\"contentUrl\":\"http:\/\/glareone.eu\/wp-content\/uploads\/2024\/05\/glareone_logo2020_RGB-01-e1715773127189.png\",\"width\":1270,\"height\":321,\"caption\":\"GlareOne\"},\"image\":{\"@id\":\"https:\/\/glareone.eu\/cs\/en\/#\/schema\/logo\/image\/\"},\"sameAs\":[\"https:\/\/www.facebook.com\/GlareOneLighting\",\"https:\/\/www.instagram.com\/glareonelighting\/\",\"https:\/\/www.youtube.com\/@GlareOneTV\"]}]}<\/script>\n<!-- \/ Yoast SEO plugin. -->","yoast_head_json":{"title":"GlareOne Orb 150 White","description":"GlareOne Orb 150 White","robots":{"index":"index","follow":"follow","max-snippet":"max-snippet:-1","max-image-preview":"max-image-preview:large","max-video-preview":"max-video-preview:-1"},"canonical":"https:\/\/glareone.eu\/cs\/produkt\/glareone-orb-150-white\/","og_locale":"cs_CZ","og_type":"article","og_title":"GlareOne Orb 150 White","og_description":"GlareOne Orb 150 White","og_url":"https:\/\/glareone.eu\/cs\/produkt\/glareone-orb-150-white\/","og_site_name":"GlareOne","article_publisher":"https:\/\/www.facebook.com\/GlareOneLighting","article_modified_time":"2025-05-23T08:37:25+00:00","og_image":[{"width":1200,"height":1200,"url":"https:\/\/glareone.eu\/wp-content\/uploads\/2024\/04\/SORB150W_01-min.jpg","type":"image\/jpeg"}],"twitter_card":"summary_large_image","twitter_title":"GlareOne Orb 150 White","twitter_misc":{"Odhadovan\u00e1 doba \u010dten\u00ed":"1 minuta"},"schema":{"@context":"https:\/\/schema.org","@graph":[{"@type":"WebPage","@id":"https:\/\/glareone.eu\/cs\/produkt\/glareone-orb-150-white\/","url":"https:\/\/glareone.eu\/cs\/produkt\/glareone-orb-150-white\/","name":"GlareOne Orb 150 White","isPartOf":{"@id":"https:\/\/glareone.eu\/cs\/en\/#website"},"primaryImageOfPage":{"@id":"https:\/\/glareone.eu\/cs\/produkt\/glareone-orb-150-white\/#primaryimage"},"image":{"@id":"https:\/\/glareone.eu\/cs\/produkt\/glareone-orb-150-white\/#primaryimage"},"thumbnailUrl":"https:\/\/glareone.eu\/wp-content\/uploads\/2024\/04\/SORB150W_01-min.jpg","datePublished":"2024-04-18T19:26:38+00:00","dateModified":"2025-05-23T08:37:25+00:00","description":"GlareOne Orb 150 White","breadcrumb":{"@id":"https:\/\/glareone.eu\/cs\/produkt\/glareone-orb-150-white\/#breadcrumb"},"inLanguage":"cs","potentialAction":[{"@type":"ReadAction","target":["https:\/\/glareone.eu\/cs\/produkt\/glareone-orb-150-white\/"]}]},{"@type":"ImageObject","inLanguage":"cs","@id":"https:\/\/glareone.eu\/cs\/produkt\/glareone-orb-150-white\/#primaryimage","url":"https:\/\/glareone.eu\/wp-content\/uploads\/2024\/04\/SORB150W_01-min.jpg","contentUrl":"https:\/\/glareone.eu\/wp-content\/uploads\/2024\/04\/SORB150W_01-min.jpg","width":1200,"height":1200},{"@type":"BreadcrumbList","@id":"https:\/\/glareone.eu\/cs\/produkt\/glareone-orb-150-white\/#breadcrumb","itemListElement":[{"@type":"ListItem","position":1,"name":"Strona g\u0142\u00f3wna","item":"https:\/\/glareone.eu\/cs\/"},{"@type":"ListItem","position":2,"name":"V\u0161echny produkty","item":"https:\/\/glareone.eu\/cs\/produkty\/vsechny-produkty\/"},{"@type":"ListItem","position":3,"name":"GlareOne Orb 150 White"}]},{"@type":"WebSite","@id":"https:\/\/glareone.eu\/cs\/en\/#website","url":"https:\/\/glareone.eu\/cs\/en\/","name":"GlareOne","description":"Wyposa\u017cenie Studia","publisher":{"@id":"https:\/\/glareone.eu\/cs\/en\/#organization"},"potentialAction":[{"@type":"SearchAction","target":{"@type":"EntryPoint","urlTemplate":"https:\/\/glareone.eu\/cs\/en\/?s={search_term_string}"},"query-input":{"@type":"PropertyValueSpecification","valueRequired":true,"valueName":"search_term_string"}}],"inLanguage":"cs"},{"@type":"Organization","@id":"https:\/\/glareone.eu\/cs\/en\/#organization","name":"GlareOne","url":"https:\/\/glareone.eu\/cs\/en\/","logo":{"@type":"ImageObject","inLanguage":"cs","@id":"https:\/\/glareone.eu\/cs\/en\/#\/schema\/logo\/image\/","url":"http:\/\/glareone.eu\/wp-content\/uploads\/2024\/05\/glareone_logo2020_RGB-01-e1715773127189.png","contentUrl":"http:\/\/glareone.eu\/wp-content\/uploads\/2024\/05\/glareone_logo2020_RGB-01-e1715773127189.png","width":1270,"height":321,"caption":"GlareOne"},"image":{"@id":"https:\/\/glareone.eu\/cs\/en\/#\/schema\/logo\/image\/"},"sameAs":["https:\/\/www.facebook.com\/GlareOneLighting","https:\/\/www.instagram.com\/glareonelighting\/","https:\/\/www.youtube.com\/@GlareOneTV"]}]}},"_links":{"self":[{"href":"https:\/\/glareone.eu\/cs\/wp-json\/wp\/v2\/product\/18040","targetHints":{"allow":["GET"]}}],"collection":[{"href":"https:\/\/glareone.eu\/cs\/wp-json\/wp\/v2\/product"}],"about":[{"href":"https:\/\/glareone.eu\/cs\/wp-json\/wp\/v2\/types\/product"}],"wp:featuredmedia":[{"embeddable":true,"href":"https:\/\/glareone.eu\/cs\/wp-json\/wp\/v2\/media\/18049"}],"wp:attachment":[{"href":"https:\/\/glareone.eu\/cs\/wp-json\/wp\/v2\/media?parent=18040"}],"wp:term":[{"taxonomy":"product_brand","embeddable":true,"href":"https:\/\/glareone.eu\/cs\/wp-json\/wp\/v2\/product_brand?post=18040"},{"taxonomy":"product_cat","embeddable":true,"href":"https:\/\/glareone.eu\/cs\/wp-json\/wp\/v2\/product_cat?post=18040"},{"taxonomy":"product_tag","embeddable":true,"href":"https:\/\/glareone.eu\/cs\/wp-json\/wp\/v2\/product_tag?post=18040"}],"curies":[{"name":"wp","href":"https:\/\/api.w.org\/{rel}","templated":true}]}}