{"id":18014,"date":"2024-04-18T19:26:40","date_gmt":"2024-04-18T19:26:40","guid":{"rendered":"https:\/\/glareone.eu\/product\/glareone-air-glide-150\/"},"modified":"2025-05-23T08:27:33","modified_gmt":"2025-05-23T08:27:33","slug":"glareone-air-glide-150","status":"publish","type":"product","link":"https:\/\/glareone.eu\/cs\/produkt\/glareone-air-glide-150\/","title":{"rendered":"GlareOne Air Glide 150"},"content":{"rendered":"<p><span style=\"font-weight: 400;\">Dvoud\u00edln\u00fd stojan s vzduchov\u00fdm polstrov\u00e1n\u00edm, um\u00edst\u011bn\u00fd na rovn\u00e9 z\u00e1kladn\u011b, vybaven\u00fd kole\u010dky.<\/span><\/p>\n<h3><b>Pohodl\u00ed u\u017eivatele<\/b><\/h3>\n<p><span style=\"font-weight: 400;\">Nejv\u011bt\u0161\u00ed v\u00fdhodou stojanu GlareOne Air Glide 150 je pohodl\u00ed u\u017eivatele. Pou\u017eit\u00ed ploch\u00e9 z\u00e1kladny umo\u017e\u0148uje vybavit stojan dod\u00e1van\u00fdmi kole\u010dky, d\u00edky \u010demu\u017e je lehk\u00fd, praktick\u00fd a bezpe\u010dn\u00fd p\u0159i pou\u017e\u00edv\u00e1n\u00ed. N\u00edzk\u00e1 v\u00fd\u0161ka z\u00e1kladny umo\u017e\u0148uje snadn\u00e9 man\u00e9vrov\u00e1n\u00ed stojanu Air Glide mezi jin\u00fdmi stojany nebo prvky sestavy. Air Glide je ide\u00e1ln\u00ed pro m\u00edsta jako fotografick\u00e1 a filmov\u00e1 studia, kosmetick\u00e9 salony nebo tetovac\u00ed studia.<\/span><\/p>\n<h3><b>Stojanov\u00e1 kolona<\/b><\/h3>\n<p><span style=\"font-weight: 400;\">Stojan GlareOne Air Glide 150 je vybaven sloupem odvozen\u00fdm od lehk\u00fdch stojan\u016f \u0159ady Air. Sloup poskytuje vzduchov\u00e9 odpru\u017een\u00ed pro ka\u017edou \u010d\u00e1st stojanu. Verze Air Glide 150 se d\u00e1 vysunout do maxim\u00e1ln\u00ed v\u00fd\u0161ky 150 cm (k dispozici je tak\u00e9 verze 275 cm, Air Glide 275). Hlava sloupu je opat\u0159ena odn\u00edmateln\u00fdm mont\u00e1\u017en\u00edm \u010depem, kter\u00fd lze um\u00edstit svisle nebo vodorovn\u011b, co\u017e zvy\u0161uje univerz\u00e1lnost stojanu.<\/span><\/p>\n<h3><b>Stabilita<\/b><\/h3>\n<p><span style=\"font-weight: 400;\">Sloup je upevn\u011bn na ploch\u00e9 z\u00e1kladn\u011b se t\u0159emi kole\u010dky, kter\u00e9 sni\u017euj\u00ed t\u011b\u017ei\u0161t\u011b. Kole\u010dka jsou um\u00edst\u011bna ve vzd\u00e1lenosti 42 cm od osy sloupu, co\u017e zaji\u0161\u0165uje stabilitu a bezpe\u010dn\u00e9 pou\u017e\u00edv\u00e1n\u00ed. Kole\u010dka o pr\u016fm\u011bru 75 mm umo\u017e\u0148uj\u00ed snadn\u00fd pohyb stojanu i na nerovn\u00e9m povrchu.<\/span><\/p>\n<h3><b>Vlastnosti produktu:<\/b><\/h3>\n<ul>\n<li style=\"font-weight: 400;\" aria-level=\"1\"><span style=\"font-weight: 400;\">nastaviteln\u00e1 v\u00fd\u0161ka v rozmez\u00ed 85\u2013150 cm,<\/span><\/li>\n<li style=\"font-weight: 400;\" aria-level=\"1\"><span style=\"font-weight: 400;\">vybaven vzduchov\u00fdm odpru\u017een\u00edm,<\/span><\/li>\n<li style=\"font-weight: 400;\" aria-level=\"1\"><span style=\"font-weight: 400;\">vybaven 3\/8\u201e (16 mm) mont\u00e1\u017en\u00edm \u010depem a 1\/4\u201c z\u00e1vitem,<\/span><\/li>\n<li style=\"font-weight: 400;\" aria-level=\"1\"><span style=\"font-weight: 400;\">vybaven velk\u00fdmi kole\u010dky o pr\u016fm\u011bru 75 mm,<\/span><\/li>\n<li style=\"font-weight: 400;\" aria-level=\"1\"><span style=\"font-weight: 400;\">mo\u017enost aretace kole\u010dek,<\/span><\/li>\n<li style=\"font-weight: 400;\" aria-level=\"1\"><span style=\"font-weight: 400;\">nosnost a\u017e 8 kg.<\/span><\/li>\n<\/ul>\n<h3><b>Co lze bezpe\u010dn\u011b p\u0159ipevnit na stojan Air Glide:<\/b><\/h3>\n<table>\n<tbody>\n<tr>\n<td><\/td>\n<td><b>Air Glide 150<\/b><\/td>\n<td><span style=\"font-weight: 400;\">Air Glide 275<\/span><\/td>\n<\/tr>\n<tr>\n<td><span style=\"font-weight: 400;\">Speedlite lights<\/span><\/td>\n<td><b>X<\/b><\/td>\n<td><span style=\"font-weight: 400;\">X<\/span><\/td>\n<\/tr>\n<tr>\n<td><span style=\"font-weight: 400;\">LED Ring lights<\/span><\/td>\n<td><b>X<\/b><\/td>\n<td><span style=\"font-weight: 400;\">X<\/span><\/td>\n<\/tr>\n<tr>\n<td><span style=\"font-weight: 400;\">Vega 200\/400 + parasol Orb 100<\/span><\/td>\n<td><b>X<\/b><\/td>\n<td><span style=\"font-weight: 400;\">X<\/span><\/td>\n<\/tr>\n<tr>\n<td><span style=\"font-weight: 400;\">Vega 200\/400 + parasol Orb 150<\/span><\/td>\n<td><b>X<\/b><\/td>\n<td><span style=\"font-weight: 400;\">X<\/span><\/td>\n<\/tr>\n<tr>\n<td><span style=\"font-weight: 400;\">Vega 200\/400 + Octa 100 Pro<\/span><\/td>\n<td><b>X<\/b><\/td>\n<td><span style=\"font-weight: 400;\">X<\/span><\/td>\n<\/tr>\n<tr>\n<td><span style=\"font-weight: 400;\">Vega 200\/400 + Octa 120 Pro<\/span><\/td>\n<td><\/td>\n<td><span style=\"font-weight: 400;\">X<\/span><\/td>\n<\/tr>\n<tr>\n<td><span style=\"font-weight: 400;\">LED 80\/120 + Octa 100 Pro\u00a0<\/span><\/td>\n<td><b>X<\/b><\/td>\n<td><span style=\"font-weight: 400;\">X<\/span><\/td>\n<\/tr>\n<tr>\n<td><span style=\"font-weight: 400;\">LED 80\/120 + Octa 120 Pro\u00a0<\/span><\/td>\n<td><\/td>\n<td><span style=\"font-weight: 400;\">X<\/span><\/td>\n<\/tr>\n<tr>\n<td><span style=\"font-weight: 400;\">Antares 600 + Octa 150 Pro<\/span><\/td>\n<td><\/td>\n<td><span style=\"font-weight: 400;\">X<\/span><\/td>\n<\/tr>\n<tr>\n<td><span style=\"font-weight: 400;\">Antares 600 + Hexa 120 Pro<\/span><\/td>\n<td><\/td>\n<td><span style=\"font-weight: 400;\">X<\/span><\/td>\n<\/tr>\n<tr>\n<td><span style=\"font-weight: 400;\">LED 160 + Octa 120 Pro<\/span><\/td>\n<td><b>X<\/b><\/td>\n<td><span style=\"font-weight: 400;\">X<\/span><\/td>\n<\/tr>\n<tr>\n<td><span style=\"font-weight: 400;\">LED 300 + Octa 150 Pro<\/span><\/td>\n<td><\/td>\n<td><span style=\"font-weight: 400;\">X<\/span><\/td>\n<\/tr>\n<tr>\n<td><span style=\"font-weight: 400;\">LED 300 + Hexa 120 Pro<\/span><\/td>\n<td><\/td>\n<td><span style=\"font-weight: 400;\">X<\/span><\/td>\n<\/tr>\n<\/tbody>\n<\/table>\n","protected":false},"excerpt":{"rendered":"<p>Dvoud\u00edln\u00fd stojan s vzduchov\u00fdm polstrov\u00e1n\u00edm, um\u00edst\u011bn\u00fd na rovn\u00e9 z\u00e1kladn\u011b, vybaven\u00fd kole\u010dky. Pohodl\u00ed u\u017eivatele Nejv\u011bt\u0161\u00ed v\u00fdhodou stojanu GlareOne Air Glide 150 je pohodl\u00ed u\u017eivatele. Pou\u017eit\u00ed ploch\u00e9 z\u00e1kladny umo\u017e\u0148uje vybavit stojan dod\u00e1van\u00fdmi kole\u010dky, d\u00edky \u010demu\u017e je lehk\u00fd, praktick\u00fd a bezpe\u010dn\u00fd p\u0159i pou\u017e\u00edv\u00e1n\u00ed. N\u00edzk\u00e1 v\u00fd\u0161ka z\u00e1kladny umo\u017e\u0148uje snadn\u00e9 man\u00e9vrov\u00e1n\u00ed stojanu Air Glide mezi jin\u00fdmi stojany nebo prvky sestavy. [&hellip;]<\/p>\n","protected":false},"featured_media":18022,"template":"","meta":[],"product_brand":[],"product_cat":[576],"product_tag":[],"class_list":{"0":"post-18014","1":"product","2":"type-product","3":"status-publish","4":"has-post-thumbnail","6":"product_cat-klasicke-stativy","8":"first","9":"instock","10":"product-type-simple"},"yoast_head":"<!-- This site is optimized with the Yoast SEO plugin v27.2 - https:\/\/yoast.com\/product\/yoast-seo-wordpress\/ -->\n<title>GlareOne Air Glide 150<\/title>\n<meta name=\"description\" content=\"GlareOne Air Glide 150 - Two-section air-cushioned stand, set on a flat basis, equipped with casters.\" \/>\n<meta name=\"robots\" content=\"index, follow, max-snippet:-1, max-image-preview:large, max-video-preview:-1\" \/>\n<link rel=\"canonical\" href=\"https:\/\/glareone.eu\/cs\/produkt\/glareone-air-glide-150\/\" \/>\n<meta property=\"og:locale\" content=\"cs_CZ\" \/>\n<meta property=\"og:type\" content=\"article\" \/>\n<meta property=\"og:title\" content=\"GlareOne Air Glide 150 - statyw z k\u00f3lkami i amortyzacj\u0105 powietrzn\u0105\" \/>\n<meta property=\"og:description\" content=\"GlareOne Air Glide 150 - Two-section air-cushioned stand, set on a flat basis, equipped with casters.\" \/>\n<meta property=\"og:url\" content=\"https:\/\/glareone.eu\/cs\/produkt\/glareone-air-glide-150\/\" \/>\n<meta property=\"og:site_name\" content=\"GlareOne\" \/>\n<meta property=\"article:publisher\" content=\"https:\/\/www.facebook.com\/GlareOneLighting\" \/>\n<meta property=\"article:modified_time\" content=\"2025-05-23T08:27:33+00:00\" \/>\n<meta property=\"og:image\" content=\"https:\/\/glareone.eu\/wp-content\/uploads\/2024\/04\/SLSA150G_01-min.jpg\" \/>\n\t<meta property=\"og:image:width\" content=\"1200\" \/>\n\t<meta property=\"og:image:height\" content=\"1200\" \/>\n\t<meta property=\"og:image:type\" content=\"image\/jpeg\" \/>\n<meta name=\"twitter:card\" content=\"summary_large_image\" \/>\n<meta name=\"twitter:title\" content=\"GlareOne Air Glide 150 - statyw z k\u00f3lkami i amortyzacj\u0105 powietrzn\u0105\" \/>\n<meta name=\"twitter:label1\" content=\"Odhadovan\u00e1 doba \u010dten\u00ed\" \/>\n\t<meta name=\"twitter:data1\" content=\"2 minuty\" \/>\n<script type=\"application\/ld+json\" class=\"yoast-schema-graph\">{\"@context\":\"https:\/\/schema.org\",\"@graph\":[{\"@type\":\"WebPage\",\"@id\":\"https:\/\/glareone.eu\/cs\/produkt\/glareone-air-glide-150\/\",\"url\":\"https:\/\/glareone.eu\/cs\/produkt\/glareone-air-glide-150\/\",\"name\":\"GlareOne Air Glide 150\",\"isPartOf\":{\"@id\":\"https:\/\/glareone.eu\/cs\/en\/#website\"},\"primaryImageOfPage\":{\"@id\":\"https:\/\/glareone.eu\/cs\/produkt\/glareone-air-glide-150\/#primaryimage\"},\"image\":{\"@id\":\"https:\/\/glareone.eu\/cs\/produkt\/glareone-air-glide-150\/#primaryimage\"},\"thumbnailUrl\":\"https:\/\/glareone.eu\/wp-content\/uploads\/2024\/04\/SLSA150G_01-min.jpg\",\"datePublished\":\"2024-04-18T19:26:40+00:00\",\"dateModified\":\"2025-05-23T08:27:33+00:00\",\"description\":\"GlareOne Air Glide 150 - Two-section air-cushioned stand, set on a flat basis, equipped with casters.\",\"breadcrumb\":{\"@id\":\"https:\/\/glareone.eu\/cs\/produkt\/glareone-air-glide-150\/#breadcrumb\"},\"inLanguage\":\"cs\",\"potentialAction\":[{\"@type\":\"ReadAction\",\"target\":[\"https:\/\/glareone.eu\/cs\/produkt\/glareone-air-glide-150\/\"]}]},{\"@type\":\"ImageObject\",\"inLanguage\":\"cs\",\"@id\":\"https:\/\/glareone.eu\/cs\/produkt\/glareone-air-glide-150\/#primaryimage\",\"url\":\"https:\/\/glareone.eu\/wp-content\/uploads\/2024\/04\/SLSA150G_01-min.jpg\",\"contentUrl\":\"https:\/\/glareone.eu\/wp-content\/uploads\/2024\/04\/SLSA150G_01-min.jpg\",\"width\":1200,\"height\":1200},{\"@type\":\"BreadcrumbList\",\"@id\":\"https:\/\/glareone.eu\/cs\/produkt\/glareone-air-glide-150\/#breadcrumb\",\"itemListElement\":[{\"@type\":\"ListItem\",\"position\":1,\"name\":\"Strona g\u0142\u00f3wna\",\"item\":\"https:\/\/glareone.eu\/cs\/\"},{\"@type\":\"ListItem\",\"position\":2,\"name\":\"V\u0161echny produkty\",\"item\":\"https:\/\/glareone.eu\/cs\/produkty\/vsechny-produkty\/\"},{\"@type\":\"ListItem\",\"position\":3,\"name\":\"GlareOne Air Glide 150\"}]},{\"@type\":\"WebSite\",\"@id\":\"https:\/\/glareone.eu\/cs\/en\/#website\",\"url\":\"https:\/\/glareone.eu\/cs\/en\/\",\"name\":\"GlareOne\",\"description\":\"Wyposa\u017cenie Studia\",\"publisher\":{\"@id\":\"https:\/\/glareone.eu\/cs\/en\/#organization\"},\"potentialAction\":[{\"@type\":\"SearchAction\",\"target\":{\"@type\":\"EntryPoint\",\"urlTemplate\":\"https:\/\/glareone.eu\/cs\/en\/?s={search_term_string}\"},\"query-input\":{\"@type\":\"PropertyValueSpecification\",\"valueRequired\":true,\"valueName\":\"search_term_string\"}}],\"inLanguage\":\"cs\"},{\"@type\":\"Organization\",\"@id\":\"https:\/\/glareone.eu\/cs\/en\/#organization\",\"name\":\"GlareOne\",\"url\":\"https:\/\/glareone.eu\/cs\/en\/\",\"logo\":{\"@type\":\"ImageObject\",\"inLanguage\":\"cs\",\"@id\":\"https:\/\/glareone.eu\/cs\/en\/#\/schema\/logo\/image\/\",\"url\":\"http:\/\/glareone.eu\/wp-content\/uploads\/2024\/05\/glareone_logo2020_RGB-01-e1715773127189.png\",\"contentUrl\":\"http:\/\/glareone.eu\/wp-content\/uploads\/2024\/05\/glareone_logo2020_RGB-01-e1715773127189.png\",\"width\":1270,\"height\":321,\"caption\":\"GlareOne\"},\"image\":{\"@id\":\"https:\/\/glareone.eu\/cs\/en\/#\/schema\/logo\/image\/\"},\"sameAs\":[\"https:\/\/www.facebook.com\/GlareOneLighting\",\"https:\/\/www.instagram.com\/glareonelighting\/\",\"https:\/\/www.youtube.com\/@GlareOneTV\"]}]}<\/script>\n<!-- \/ Yoast SEO plugin. -->","yoast_head_json":{"title":"GlareOne Air Glide 150","description":"GlareOne Air Glide 150 - Two-section air-cushioned stand, set on a flat basis, equipped with casters.","robots":{"index":"index","follow":"follow","max-snippet":"max-snippet:-1","max-image-preview":"max-image-preview:large","max-video-preview":"max-video-preview:-1"},"canonical":"https:\/\/glareone.eu\/cs\/produkt\/glareone-air-glide-150\/","og_locale":"cs_CZ","og_type":"article","og_title":"GlareOne Air Glide 150 - statyw z k\u00f3lkami i amortyzacj\u0105 powietrzn\u0105","og_description":"GlareOne Air Glide 150 - Two-section air-cushioned stand, set on a flat basis, equipped with casters.","og_url":"https:\/\/glareone.eu\/cs\/produkt\/glareone-air-glide-150\/","og_site_name":"GlareOne","article_publisher":"https:\/\/www.facebook.com\/GlareOneLighting","article_modified_time":"2025-05-23T08:27:33+00:00","og_image":[{"width":1200,"height":1200,"url":"https:\/\/glareone.eu\/wp-content\/uploads\/2024\/04\/SLSA150G_01-min.jpg","type":"image\/jpeg"}],"twitter_card":"summary_large_image","twitter_title":"GlareOne Air Glide 150 - statyw z k\u00f3lkami i amortyzacj\u0105 powietrzn\u0105","twitter_misc":{"Odhadovan\u00e1 doba \u010dten\u00ed":"2 minuty"},"schema":{"@context":"https:\/\/schema.org","@graph":[{"@type":"WebPage","@id":"https:\/\/glareone.eu\/cs\/produkt\/glareone-air-glide-150\/","url":"https:\/\/glareone.eu\/cs\/produkt\/glareone-air-glide-150\/","name":"GlareOne Air Glide 150","isPartOf":{"@id":"https:\/\/glareone.eu\/cs\/en\/#website"},"primaryImageOfPage":{"@id":"https:\/\/glareone.eu\/cs\/produkt\/glareone-air-glide-150\/#primaryimage"},"image":{"@id":"https:\/\/glareone.eu\/cs\/produkt\/glareone-air-glide-150\/#primaryimage"},"thumbnailUrl":"https:\/\/glareone.eu\/wp-content\/uploads\/2024\/04\/SLSA150G_01-min.jpg","datePublished":"2024-04-18T19:26:40+00:00","dateModified":"2025-05-23T08:27:33+00:00","description":"GlareOne Air Glide 150 - Two-section air-cushioned stand, set on a flat basis, equipped with casters.","breadcrumb":{"@id":"https:\/\/glareone.eu\/cs\/produkt\/glareone-air-glide-150\/#breadcrumb"},"inLanguage":"cs","potentialAction":[{"@type":"ReadAction","target":["https:\/\/glareone.eu\/cs\/produkt\/glareone-air-glide-150\/"]}]},{"@type":"ImageObject","inLanguage":"cs","@id":"https:\/\/glareone.eu\/cs\/produkt\/glareone-air-glide-150\/#primaryimage","url":"https:\/\/glareone.eu\/wp-content\/uploads\/2024\/04\/SLSA150G_01-min.jpg","contentUrl":"https:\/\/glareone.eu\/wp-content\/uploads\/2024\/04\/SLSA150G_01-min.jpg","width":1200,"height":1200},{"@type":"BreadcrumbList","@id":"https:\/\/glareone.eu\/cs\/produkt\/glareone-air-glide-150\/#breadcrumb","itemListElement":[{"@type":"ListItem","position":1,"name":"Strona g\u0142\u00f3wna","item":"https:\/\/glareone.eu\/cs\/"},{"@type":"ListItem","position":2,"name":"V\u0161echny produkty","item":"https:\/\/glareone.eu\/cs\/produkty\/vsechny-produkty\/"},{"@type":"ListItem","position":3,"name":"GlareOne Air Glide 150"}]},{"@type":"WebSite","@id":"https:\/\/glareone.eu\/cs\/en\/#website","url":"https:\/\/glareone.eu\/cs\/en\/","name":"GlareOne","description":"Wyposa\u017cenie Studia","publisher":{"@id":"https:\/\/glareone.eu\/cs\/en\/#organization"},"potentialAction":[{"@type":"SearchAction","target":{"@type":"EntryPoint","urlTemplate":"https:\/\/glareone.eu\/cs\/en\/?s={search_term_string}"},"query-input":{"@type":"PropertyValueSpecification","valueRequired":true,"valueName":"search_term_string"}}],"inLanguage":"cs"},{"@type":"Organization","@id":"https:\/\/glareone.eu\/cs\/en\/#organization","name":"GlareOne","url":"https:\/\/glareone.eu\/cs\/en\/","logo":{"@type":"ImageObject","inLanguage":"cs","@id":"https:\/\/glareone.eu\/cs\/en\/#\/schema\/logo\/image\/","url":"http:\/\/glareone.eu\/wp-content\/uploads\/2024\/05\/glareone_logo2020_RGB-01-e1715773127189.png","contentUrl":"http:\/\/glareone.eu\/wp-content\/uploads\/2024\/05\/glareone_logo2020_RGB-01-e1715773127189.png","width":1270,"height":321,"caption":"GlareOne"},"image":{"@id":"https:\/\/glareone.eu\/cs\/en\/#\/schema\/logo\/image\/"},"sameAs":["https:\/\/www.facebook.com\/GlareOneLighting","https:\/\/www.instagram.com\/glareonelighting\/","https:\/\/www.youtube.com\/@GlareOneTV"]}]}},"_links":{"self":[{"href":"https:\/\/glareone.eu\/cs\/wp-json\/wp\/v2\/product\/18014","targetHints":{"allow":["GET"]}}],"collection":[{"href":"https:\/\/glareone.eu\/cs\/wp-json\/wp\/v2\/product"}],"about":[{"href":"https:\/\/glareone.eu\/cs\/wp-json\/wp\/v2\/types\/product"}],"wp:featuredmedia":[{"embeddable":true,"href":"https:\/\/glareone.eu\/cs\/wp-json\/wp\/v2\/media\/18022"}],"wp:attachment":[{"href":"https:\/\/glareone.eu\/cs\/wp-json\/wp\/v2\/media?parent=18014"}],"wp:term":[{"taxonomy":"product_brand","embeddable":true,"href":"https:\/\/glareone.eu\/cs\/wp-json\/wp\/v2\/product_brand?post=18014"},{"taxonomy":"product_cat","embeddable":true,"href":"https:\/\/glareone.eu\/cs\/wp-json\/wp\/v2\/product_cat?post=18014"},{"taxonomy":"product_tag","embeddable":true,"href":"https:\/\/glareone.eu\/cs\/wp-json\/wp\/v2\/product_tag?post=18014"}],"curies":[{"name":"wp","href":"https:\/\/api.w.org\/{rel}","templated":true}]}}