{"id":18003,"date":"2024-04-18T19:26:40","date_gmt":"2024-04-18T19:26:40","guid":{"rendered":"https:\/\/glareone.eu\/product\/glareone-air-glide-275\/"},"modified":"2025-05-23T08:21:53","modified_gmt":"2025-05-23T08:21:53","slug":"glareone-air-glide-275","status":"publish","type":"product","link":"https:\/\/glareone.eu\/cs\/produkt\/glareone-air-glide-275\/","title":{"rendered":"GlareOne Air Glide 275"},"content":{"rendered":"<p>T\u0159\u00edd\u00edln\u00fd stojan s vzduchov\u00fdm polstrov\u00e1n\u00edm, postaven\u00fd na rovn\u00e9 z\u00e1kladn\u011b, vybaven\u00fd kole\u010dky.<\/p>\n<h3>Pohodl\u00ed u\u017eivatele<\/h3>\n<p>Nejv\u011bt\u0161\u00ed v\u00fdhodou stojanu GlareOne Air Glide 275 je pohodl\u00ed u\u017eivatele. Pou\u017eit\u00ed ploch\u00e9 z\u00e1kladny umo\u017e\u0148uje vybavit stojan dod\u00e1van\u00fdmi kole\u010dky, d\u00edky nim\u017e je lehk\u00fd, praktick\u00fd a bezpe\u010dn\u00fd p\u0159i pou\u017e\u00edv\u00e1n\u00ed. N\u00edzk\u00e1 v\u00fd\u0161ka z\u00e1kladny umo\u017e\u0148uje snadn\u00e9 man\u00e9vrov\u00e1n\u00ed stojanu Air Glide mezi jin\u00fdmi stojany nebo prvky sestavy. Air Glide je ide\u00e1ln\u00ed pro m\u00edsta jako fotografick\u00e1 a filmov\u00e1 studia, kosmetick\u00e9 salony nebo tetovac\u00ed studia.<\/p>\n<h3>Stojanov\u00e1 kolona<\/h3>\n<p>Stojan GlareOne Air Glide 275 je vybaven sloupem odvozen\u00fdm od lehk\u00fdch stojan\u016f \u0159ady Air. Sloup poskytuje vzduchov\u00e9 odpru\u017een\u00ed pro ka\u017edou \u010d\u00e1st stojanu. Verze Air Glide 275 se vysouv\u00e1 do maxim\u00e1ln\u00ed v\u00fd\u0161ky 275 cm (k dispozici je tak\u00e9 verze 150 cm, Air Glide 150). Hlava sloupu je opat\u0159ena odn\u00edmateln\u00fdm mont\u00e1\u017en\u00edm \u010depem, kter\u00fd lze um\u00edstit svisle nebo vodorovn\u011b, co\u017e zvy\u0161uje univerz\u00e1lnost stojanu.<\/p>\n<h3>Stabilita<\/h3>\n<p>Sloup je upevn\u011bn na ploch\u00e9 z\u00e1kladn\u011b se t\u0159emi kole\u010dky, kter\u00e9 sni\u017euj\u00ed t\u011b\u017ei\u0161t\u011b. Kole\u010dka jsou um\u00edst\u011bna ve vzd\u00e1lenosti 62 cm od osy sloupu, co\u017e zaji\u0161\u0165uje stabilitu a bezpe\u010dn\u00e9 pou\u017e\u00edv\u00e1n\u00ed. Kole\u010dka o pr\u016fm\u011bru 75 mm umo\u017e\u0148uj\u00ed snadn\u00fd pohyb stojanu i na nerovn\u00e9m povrchu.<\/p>\n<h3>Vlastnosti produktu:<\/h3>\n<ul>\n<li>nastaviteln\u00e1 v\u00fd\u0161ka v rozmez\u00ed 105\u2013275 cm,<\/li>\n<li>vybaven vzduchov\u00fdm odpru\u017een\u00edm,<\/li>\n<li>vybaven 3\/8\u201e (16 mm) mont\u00e1\u017en\u00edm \u010depem a 1\/4\u201c z\u00e1vitem,<\/li>\n<li>vybaven velk\u00fdmi kole\u010dky o pr\u016fm\u011bru 75 mm,<\/li>\n<li>mo\u017enost aretace kole\u010dek,<\/li>\n<li>nosnost a\u017e 10 kg.<\/li>\n<\/ul>\n<h3>Co lze bezpe\u010dn\u011b p\u0159ipevnit na stojan Air Glide:<\/h3>\n<table>\n<tbody>\n<tr>\n<td><span style=\"font-size: 16px;\">\u00a0<\/span><\/td>\n<td><span style=\"font-weight: 400;\">Air Glide 150<\/span><\/td>\n<td><span style=\"font-size: 16px;\">Air Glide 275<\/span><\/td>\n<\/tr>\n<tr>\n<td><span style=\"font-weight: 400;\">Lampy Speedlite<\/span><\/td>\n<td><span style=\"font-weight: 400;\">X<\/span><\/td>\n<td><span style=\"font-size: 16px;\">X<\/span><\/td>\n<\/tr>\n<tr>\n<td><span style=\"font-weight: 400;\">Lampy LED Ring<\/span><\/td>\n<td><span style=\"font-weight: 400;\">X<\/span><\/td>\n<td><span style=\"font-size: 16px;\">X<\/span><\/td>\n<\/tr>\n<tr>\n<td><span style=\"font-weight: 400;\">Vega 200\/400 + parasol Orb 100<\/span><\/td>\n<td><span style=\"font-weight: 400;\">X<\/span><\/td>\n<td><span style=\"font-size: 16px;\">X<\/span><\/td>\n<\/tr>\n<tr>\n<td><span style=\"font-weight: 400;\">Vega 200\/400 + parasol Orb 150<\/span><\/td>\n<td><span style=\"font-weight: 400;\">X<\/span><\/td>\n<td><span style=\"font-size: 16px;\">X<\/span><\/td>\n<\/tr>\n<tr>\n<td><span style=\"font-weight: 400;\">Vega 200\/400 + Octa 100 Pro<\/span><\/td>\n<td><span style=\"font-weight: 400;\">X<\/span><\/td>\n<td><span style=\"font-size: 16px;\">X<\/span><\/td>\n<\/tr>\n<tr>\n<td><span style=\"font-weight: 400;\">Vega 200\/400 + Octa 120 Pro<\/span><\/td>\n<td><span style=\"font-size: 16px;\">\u00a0<\/span><\/td>\n<td><span style=\"font-size: 16px;\">X<\/span><\/td>\n<\/tr>\n<tr>\n<td><span style=\"font-weight: 400;\">LED 80\/120 + Octa 100 Pro\u00a0<\/span><\/td>\n<td><span style=\"font-weight: 400;\">X<\/span><\/td>\n<td><span style=\"font-size: 16px;\">X<\/span><\/td>\n<\/tr>\n<tr>\n<td><span style=\"font-weight: 400;\">LED 80\/120 + Octa 120 Pro\u00a0<\/span><\/td>\n<td><span style=\"font-size: 16px;\">\u00a0<\/span><\/td>\n<td><span style=\"font-size: 16px;\">X<\/span><\/td>\n<\/tr>\n<tr>\n<td><span style=\"font-weight: 400;\">Antares 600 + Octa 150 Pro<\/span><\/td>\n<td><span style=\"font-size: 16px;\">\u00a0<\/span><\/td>\n<td><span style=\"font-size: 16px;\">X<\/span><\/td>\n<\/tr>\n<tr>\n<td><span style=\"font-weight: 400;\">Antares 600 + Hexa 120 Pro<\/span><\/td>\n<td><span style=\"font-size: 16px;\">\u00a0<\/span><\/td>\n<td><span style=\"font-size: 16px;\">X<\/span><\/td>\n<\/tr>\n<tr>\n<td><span style=\"font-weight: 400;\">LED 160 + Octa 120 Pro<\/span><\/td>\n<td><span style=\"font-weight: 400;\">X<\/span><\/td>\n<td><span style=\"font-size: 16px;\">X<\/span><\/td>\n<\/tr>\n<tr>\n<td><span style=\"font-weight: 400;\">LED 300 + Octa 150 Pro<\/span><\/td>\n<td><span style=\"font-size: 16px;\">\u00a0<\/span><\/td>\n<td><span style=\"font-size: 16px;\">X<\/span><\/td>\n<\/tr>\n<tr>\n<td><span style=\"font-weight: 400;\">LED 300 + Hexa 120 Pro<\/span><\/td>\n<td><span style=\"font-size: 16px;\">\u00a0<\/span><\/td>\n<td><span style=\"font-size: 16px;\">X<\/span><\/td>\n<\/tr>\n<\/tbody>\n<\/table>\n","protected":false},"excerpt":{"rendered":"<p>T\u0159\u00edd\u00edln\u00fd stojan s vzduchov\u00fdm polstrov\u00e1n\u00edm, postaven\u00fd na rovn\u00e9 z\u00e1kladn\u011b, vybaven\u00fd kole\u010dky. Pohodl\u00ed u\u017eivatele Nejv\u011bt\u0161\u00ed v\u00fdhodou stojanu GlareOne Air Glide 275 je pohodl\u00ed u\u017eivatele. Pou\u017eit\u00ed ploch\u00e9 z\u00e1kladny umo\u017e\u0148uje vybavit stojan dod\u00e1van\u00fdmi kole\u010dky, d\u00edky nim\u017e je lehk\u00fd, praktick\u00fd a bezpe\u010dn\u00fd p\u0159i pou\u017e\u00edv\u00e1n\u00ed. N\u00edzk\u00e1 v\u00fd\u0161ka z\u00e1kladny umo\u017e\u0148uje snadn\u00e9 man\u00e9vrov\u00e1n\u00ed stojanu Air Glide mezi jin\u00fdmi stojany nebo prvky sestavy. [&hellip;]<\/p>\n","protected":false},"featured_media":18004,"template":"","meta":[],"product_brand":[],"product_cat":[576],"product_tag":[],"class_list":{"0":"post-18003","1":"product","2":"type-product","3":"status-publish","4":"has-post-thumbnail","6":"product_cat-klasicke-stativy","8":"first","9":"instock","10":"product-type-simple"},"yoast_head":"<!-- This site is optimized with the Yoast SEO plugin v27.2 - https:\/\/yoast.com\/product\/yoast-seo-wordpress\/ -->\n<title>GlareOne Air Glide 275<\/title>\n<meta name=\"description\" content=\"GlareOne Air Glide 275 - Three-section air-cushioned stand, set on a flat basis, equipped with casters.\" \/>\n<meta name=\"robots\" content=\"index, follow, max-snippet:-1, max-image-preview:large, max-video-preview:-1\" \/>\n<link rel=\"canonical\" href=\"https:\/\/glareone.eu\/cs\/produkt\/glareone-air-glide-275\/\" \/>\n<meta property=\"og:locale\" content=\"cs_CZ\" \/>\n<meta property=\"og:type\" content=\"article\" \/>\n<meta property=\"og:title\" content=\"GlareOne Air Glide 275 - statyw z k\u00f3\u0142kami i amortyzacj\u0105 powietrzn\u0105\" \/>\n<meta property=\"og:description\" content=\"GlareOne Air Glide 275 - Three-section air-cushioned stand, set on a flat basis, equipped with casters.\" \/>\n<meta property=\"og:url\" content=\"https:\/\/glareone.eu\/cs\/produkt\/glareone-air-glide-275\/\" \/>\n<meta property=\"og:site_name\" content=\"GlareOne\" \/>\n<meta property=\"article:publisher\" content=\"https:\/\/www.facebook.com\/GlareOneLighting\" \/>\n<meta property=\"article:modified_time\" content=\"2025-05-23T08:21:53+00:00\" \/>\n<meta property=\"og:image\" content=\"https:\/\/glareone.eu\/wp-content\/uploads\/2024\/04\/SLSA275G_01-min.jpg\" \/>\n\t<meta property=\"og:image:width\" content=\"1200\" \/>\n\t<meta property=\"og:image:height\" content=\"1200\" \/>\n\t<meta property=\"og:image:type\" content=\"image\/jpeg\" \/>\n<meta name=\"twitter:card\" content=\"summary_large_image\" \/>\n<meta name=\"twitter:title\" content=\"GlareOne Air Glide 275 - statyw z k\u00f3\u0142kami i amortyzacj\u0105 powietrzn\u0105\" \/>\n<meta name=\"twitter:label1\" content=\"Odhadovan\u00e1 doba \u010dten\u00ed\" \/>\n\t<meta name=\"twitter:data1\" content=\"2 minuty\" \/>\n<script type=\"application\/ld+json\" class=\"yoast-schema-graph\">{\"@context\":\"https:\/\/schema.org\",\"@graph\":[{\"@type\":\"WebPage\",\"@id\":\"https:\/\/glareone.eu\/cs\/produkt\/glareone-air-glide-275\/\",\"url\":\"https:\/\/glareone.eu\/cs\/produkt\/glareone-air-glide-275\/\",\"name\":\"GlareOne Air Glide 275\",\"isPartOf\":{\"@id\":\"https:\/\/glareone.eu\/cs\/en\/#website\"},\"primaryImageOfPage\":{\"@id\":\"https:\/\/glareone.eu\/cs\/produkt\/glareone-air-glide-275\/#primaryimage\"},\"image\":{\"@id\":\"https:\/\/glareone.eu\/cs\/produkt\/glareone-air-glide-275\/#primaryimage\"},\"thumbnailUrl\":\"https:\/\/glareone.eu\/wp-content\/uploads\/2024\/04\/SLSA275G_01-min.jpg\",\"datePublished\":\"2024-04-18T19:26:40+00:00\",\"dateModified\":\"2025-05-23T08:21:53+00:00\",\"description\":\"GlareOne Air Glide 275 - Three-section air-cushioned stand, set on a flat basis, equipped with casters.\",\"breadcrumb\":{\"@id\":\"https:\/\/glareone.eu\/cs\/produkt\/glareone-air-glide-275\/#breadcrumb\"},\"inLanguage\":\"cs\",\"potentialAction\":[{\"@type\":\"ReadAction\",\"target\":[\"https:\/\/glareone.eu\/cs\/produkt\/glareone-air-glide-275\/\"]}]},{\"@type\":\"ImageObject\",\"inLanguage\":\"cs\",\"@id\":\"https:\/\/glareone.eu\/cs\/produkt\/glareone-air-glide-275\/#primaryimage\",\"url\":\"https:\/\/glareone.eu\/wp-content\/uploads\/2024\/04\/SLSA275G_01-min.jpg\",\"contentUrl\":\"https:\/\/glareone.eu\/wp-content\/uploads\/2024\/04\/SLSA275G_01-min.jpg\",\"width\":1200,\"height\":1200},{\"@type\":\"BreadcrumbList\",\"@id\":\"https:\/\/glareone.eu\/cs\/produkt\/glareone-air-glide-275\/#breadcrumb\",\"itemListElement\":[{\"@type\":\"ListItem\",\"position\":1,\"name\":\"Strona g\u0142\u00f3wna\",\"item\":\"https:\/\/glareone.eu\/cs\/\"},{\"@type\":\"ListItem\",\"position\":2,\"name\":\"V\u0161echny produkty\",\"item\":\"https:\/\/glareone.eu\/cs\/produkty\/vsechny-produkty\/\"},{\"@type\":\"ListItem\",\"position\":3,\"name\":\"GlareOne Air Glide 275\"}]},{\"@type\":\"WebSite\",\"@id\":\"https:\/\/glareone.eu\/cs\/en\/#website\",\"url\":\"https:\/\/glareone.eu\/cs\/en\/\",\"name\":\"GlareOne\",\"description\":\"Wyposa\u017cenie Studia\",\"publisher\":{\"@id\":\"https:\/\/glareone.eu\/cs\/en\/#organization\"},\"potentialAction\":[{\"@type\":\"SearchAction\",\"target\":{\"@type\":\"EntryPoint\",\"urlTemplate\":\"https:\/\/glareone.eu\/cs\/en\/?s={search_term_string}\"},\"query-input\":{\"@type\":\"PropertyValueSpecification\",\"valueRequired\":true,\"valueName\":\"search_term_string\"}}],\"inLanguage\":\"cs\"},{\"@type\":\"Organization\",\"@id\":\"https:\/\/glareone.eu\/cs\/en\/#organization\",\"name\":\"GlareOne\",\"url\":\"https:\/\/glareone.eu\/cs\/en\/\",\"logo\":{\"@type\":\"ImageObject\",\"inLanguage\":\"cs\",\"@id\":\"https:\/\/glareone.eu\/cs\/en\/#\/schema\/logo\/image\/\",\"url\":\"http:\/\/glareone.eu\/wp-content\/uploads\/2024\/05\/glareone_logo2020_RGB-01-e1715773127189.png\",\"contentUrl\":\"http:\/\/glareone.eu\/wp-content\/uploads\/2024\/05\/glareone_logo2020_RGB-01-e1715773127189.png\",\"width\":1270,\"height\":321,\"caption\":\"GlareOne\"},\"image\":{\"@id\":\"https:\/\/glareone.eu\/cs\/en\/#\/schema\/logo\/image\/\"},\"sameAs\":[\"https:\/\/www.facebook.com\/GlareOneLighting\",\"https:\/\/www.instagram.com\/glareonelighting\/\",\"https:\/\/www.youtube.com\/@GlareOneTV\"]}]}<\/script>\n<!-- \/ Yoast SEO plugin. -->","yoast_head_json":{"title":"GlareOne Air Glide 275","description":"GlareOne Air Glide 275 - Three-section air-cushioned stand, set on a flat basis, equipped with casters.","robots":{"index":"index","follow":"follow","max-snippet":"max-snippet:-1","max-image-preview":"max-image-preview:large","max-video-preview":"max-video-preview:-1"},"canonical":"https:\/\/glareone.eu\/cs\/produkt\/glareone-air-glide-275\/","og_locale":"cs_CZ","og_type":"article","og_title":"GlareOne Air Glide 275 - statyw z k\u00f3\u0142kami i amortyzacj\u0105 powietrzn\u0105","og_description":"GlareOne Air Glide 275 - Three-section air-cushioned stand, set on a flat basis, equipped with casters.","og_url":"https:\/\/glareone.eu\/cs\/produkt\/glareone-air-glide-275\/","og_site_name":"GlareOne","article_publisher":"https:\/\/www.facebook.com\/GlareOneLighting","article_modified_time":"2025-05-23T08:21:53+00:00","og_image":[{"width":1200,"height":1200,"url":"https:\/\/glareone.eu\/wp-content\/uploads\/2024\/04\/SLSA275G_01-min.jpg","type":"image\/jpeg"}],"twitter_card":"summary_large_image","twitter_title":"GlareOne Air Glide 275 - statyw z k\u00f3\u0142kami i amortyzacj\u0105 powietrzn\u0105","twitter_misc":{"Odhadovan\u00e1 doba \u010dten\u00ed":"2 minuty"},"schema":{"@context":"https:\/\/schema.org","@graph":[{"@type":"WebPage","@id":"https:\/\/glareone.eu\/cs\/produkt\/glareone-air-glide-275\/","url":"https:\/\/glareone.eu\/cs\/produkt\/glareone-air-glide-275\/","name":"GlareOne Air Glide 275","isPartOf":{"@id":"https:\/\/glareone.eu\/cs\/en\/#website"},"primaryImageOfPage":{"@id":"https:\/\/glareone.eu\/cs\/produkt\/glareone-air-glide-275\/#primaryimage"},"image":{"@id":"https:\/\/glareone.eu\/cs\/produkt\/glareone-air-glide-275\/#primaryimage"},"thumbnailUrl":"https:\/\/glareone.eu\/wp-content\/uploads\/2024\/04\/SLSA275G_01-min.jpg","datePublished":"2024-04-18T19:26:40+00:00","dateModified":"2025-05-23T08:21:53+00:00","description":"GlareOne Air Glide 275 - Three-section air-cushioned stand, set on a flat basis, equipped with casters.","breadcrumb":{"@id":"https:\/\/glareone.eu\/cs\/produkt\/glareone-air-glide-275\/#breadcrumb"},"inLanguage":"cs","potentialAction":[{"@type":"ReadAction","target":["https:\/\/glareone.eu\/cs\/produkt\/glareone-air-glide-275\/"]}]},{"@type":"ImageObject","inLanguage":"cs","@id":"https:\/\/glareone.eu\/cs\/produkt\/glareone-air-glide-275\/#primaryimage","url":"https:\/\/glareone.eu\/wp-content\/uploads\/2024\/04\/SLSA275G_01-min.jpg","contentUrl":"https:\/\/glareone.eu\/wp-content\/uploads\/2024\/04\/SLSA275G_01-min.jpg","width":1200,"height":1200},{"@type":"BreadcrumbList","@id":"https:\/\/glareone.eu\/cs\/produkt\/glareone-air-glide-275\/#breadcrumb","itemListElement":[{"@type":"ListItem","position":1,"name":"Strona g\u0142\u00f3wna","item":"https:\/\/glareone.eu\/cs\/"},{"@type":"ListItem","position":2,"name":"V\u0161echny produkty","item":"https:\/\/glareone.eu\/cs\/produkty\/vsechny-produkty\/"},{"@type":"ListItem","position":3,"name":"GlareOne Air Glide 275"}]},{"@type":"WebSite","@id":"https:\/\/glareone.eu\/cs\/en\/#website","url":"https:\/\/glareone.eu\/cs\/en\/","name":"GlareOne","description":"Wyposa\u017cenie Studia","publisher":{"@id":"https:\/\/glareone.eu\/cs\/en\/#organization"},"potentialAction":[{"@type":"SearchAction","target":{"@type":"EntryPoint","urlTemplate":"https:\/\/glareone.eu\/cs\/en\/?s={search_term_string}"},"query-input":{"@type":"PropertyValueSpecification","valueRequired":true,"valueName":"search_term_string"}}],"inLanguage":"cs"},{"@type":"Organization","@id":"https:\/\/glareone.eu\/cs\/en\/#organization","name":"GlareOne","url":"https:\/\/glareone.eu\/cs\/en\/","logo":{"@type":"ImageObject","inLanguage":"cs","@id":"https:\/\/glareone.eu\/cs\/en\/#\/schema\/logo\/image\/","url":"http:\/\/glareone.eu\/wp-content\/uploads\/2024\/05\/glareone_logo2020_RGB-01-e1715773127189.png","contentUrl":"http:\/\/glareone.eu\/wp-content\/uploads\/2024\/05\/glareone_logo2020_RGB-01-e1715773127189.png","width":1270,"height":321,"caption":"GlareOne"},"image":{"@id":"https:\/\/glareone.eu\/cs\/en\/#\/schema\/logo\/image\/"},"sameAs":["https:\/\/www.facebook.com\/GlareOneLighting","https:\/\/www.instagram.com\/glareonelighting\/","https:\/\/www.youtube.com\/@GlareOneTV"]}]}},"_links":{"self":[{"href":"https:\/\/glareone.eu\/cs\/wp-json\/wp\/v2\/product\/18003","targetHints":{"allow":["GET"]}}],"collection":[{"href":"https:\/\/glareone.eu\/cs\/wp-json\/wp\/v2\/product"}],"about":[{"href":"https:\/\/glareone.eu\/cs\/wp-json\/wp\/v2\/types\/product"}],"wp:featuredmedia":[{"embeddable":true,"href":"https:\/\/glareone.eu\/cs\/wp-json\/wp\/v2\/media\/18004"}],"wp:attachment":[{"href":"https:\/\/glareone.eu\/cs\/wp-json\/wp\/v2\/media?parent=18003"}],"wp:term":[{"taxonomy":"product_brand","embeddable":true,"href":"https:\/\/glareone.eu\/cs\/wp-json\/wp\/v2\/product_brand?post=18003"},{"taxonomy":"product_cat","embeddable":true,"href":"https:\/\/glareone.eu\/cs\/wp-json\/wp\/v2\/product_cat?post=18003"},{"taxonomy":"product_tag","embeddable":true,"href":"https:\/\/glareone.eu\/cs\/wp-json\/wp\/v2\/product_tag?post=18003"}],"curies":[{"name":"wp","href":"https:\/\/api.w.org\/{rel}","templated":true}]}}