{"id":17988,"date":"2024-04-18T19:26:38","date_gmt":"2024-04-18T19:26:38","guid":{"rendered":"https:\/\/glareone.eu\/product\/glareone-led-panel-12-bicolor\/"},"modified":"2025-05-23T08:00:35","modified_gmt":"2025-05-23T08:00:35","slug":"glareone-led-panel-12-bicolor","status":"publish","type":"product","link":"https:\/\/glareone.eu\/cs\/produkt\/glareone-led-panel-12-bicolor\/","title":{"rendered":"GlareOne LED Panel 12 BiColor (2024)"},"content":{"rendered":"<p>12W dvoubarevn\u00fd LED panel vybaven\u00fd vestav\u011bnou LI-ION bateri\u00ed a USB-C portem. D\u00edky kompaktn\u00ed velikosti a snadn\u00e9mu pou\u017eit\u00ed je ide\u00e1ln\u00edm sv\u011btlem pro vlogov\u00e1n\u00ed, streamov\u00e1n\u00ed videa nebo fotografov\u00e1n\u00ed.<\/p>\n<h3>Snadn\u00e9 pou\u017eit\u00ed<\/h3>\n<p>GlareOne LED Panel 12 BiColor je panel s nep\u0159etr\u017eit\u00fdm sv\u011btlem a jeho ovl\u00e1d\u00e1n\u00ed je neuv\u011b\u0159iteln\u011b jednoduch\u00e9. D\u00edky automatick\u00e9mu m\u011b\u0159en\u00ed sv\u011btla a nastaven\u00ed expozice fotoapar\u00e1tu nen\u00ed t\u0159eba pou\u017e\u00edvat dal\u0161\u00ed m\u011b\u0159i\u010de sv\u011btla. To usnad\u0148uje vytv\u00e1\u0159en\u00ed ide\u00e1ln\u00edch nastaven\u00ed osv\u011btlen\u00ed, proto\u017ee kone\u010dn\u00fd efekt lze p\u0159ed po\u0159\u00edzen\u00edm fotografie p\u0159edem zkontrolovat.<\/p>\n<h3>V\u0161estrannost<\/h3>\n<p>Panel nab\u00edz\u00ed prakticky neomezen\u00e9 mo\u017enosti pou\u017eit\u00ed. Perfektn\u011b se hod\u00ed pro r\u016fzn\u00e9 typy fotografov\u00e1n\u00ed \u2013 od portr\u00e9t\u016f po produktov\u00e9 fotografie nebo makrofotografii. Tento panel s nep\u0159etr\u017eit\u00fdm sv\u011btlem je tak\u00e9 vhodn\u00fd pro streamov\u00e1n\u00ed, nahr\u00e1v\u00e1n\u00ed rozhovor\u016f, vlog\u016f nebo reels. Panel je vybaven 1\/4&#8243; z\u00e1vitem a dr\u017e\u00e1kem na studen\u00e9 patky, co\u017e umo\u017e\u0148uje snadnou instalaci na fotoapar\u00e1t, DSLR nebo studiov\u00fd stativ.<\/p>\n<h3>Vysok\u00e1 kvalita barev<\/h3>\n<p>Panel GlareOne vyza\u0159uje sv\u011btlo, kter\u00e9 p\u0159esn\u011b vykresluje barvy, co\u017e je z\u00e1sadn\u00ed v situac\u00edch, kter\u00e9 vy\u017eaduj\u00ed p\u0159esnou v\u011brnost barev, jako je fotografov\u00e1n\u00ed lid\u00ed, kde je nezbytn\u00e1 p\u0159esn\u00e1 reprodukce t\u00f3n\u016f pleti. M\u00e1 CRI (index barevn\u00e9ho pod\u00e1n\u00ed) 96, TLCI 98 a TM-30 95.<\/p>\n<h3>Nastaven\u00ed barevn\u00e9 teploty<\/h3>\n<p>D\u00edky nastaviteln\u00e9mu rozsahu barevn\u00e9 teploty od 2700 do 7500 K m\u016f\u017ee panel napodobovat r\u016fzn\u00e9 zdroje sv\u011btla \u2013 od tepl\u00e9ho svitu sv\u00ed\u010dky a\u017e po p\u0159irozen\u00e9 denn\u00ed sv\u011btlo. To umo\u017e\u0148uje p\u0159izp\u016fsobit osv\u011btlen\u00ed individu\u00e1ln\u00edm pot\u0159eb\u00e1m u\u017eivatele a podm\u00ednk\u00e1m fotografov\u00e1n\u00ed nebo nahr\u00e1v\u00e1n\u00ed.<\/p>\n<h3>Nap\u00e1jen\u00ed<\/h3>\n<p>Panel GlareOne je nap\u00e1jen vestav\u011bnou bateri\u00ed, kterou lze dob\u00edjet p\u0159es port USB-C. Proto\u017ee panel nemus\u00ed b\u00fdt neust\u00e1le p\u0159ipojen k s\u00edti, lze jej voln\u011b p\u0159ipevnit na vysok\u00fd stojan nebo um\u00edstit t\u00e9m\u011b\u0159 kamkoli. D\u00edky tomu je sv\u011btlo vhodn\u00e9 pro fotografov\u00e1n\u00ed a nat\u00e1\u010den\u00ed v r\u016fzn\u00fdch podm\u00ednk\u00e1ch, v\u010detn\u011b venkovn\u00edch prost\u0159ed\u00ed.<\/p>\n<h3>Sv\u011bteln\u00e9 efekty<\/h3>\n<p>Sv\u011btlo nab\u00edz\u00ed 9 r\u016fzn\u00fdch efekt\u016f, kter\u00e9 mohou simulovat sv\u011bteln\u00e9 zdroje, jako jsou oh\u0148ostroje, blesky nebo televize, a poskytuj\u00ed tak kreativn\u00ed mo\u017enosti p\u0159i nat\u00e1\u010den\u00ed a fotografov\u00e1n\u00ed.<\/p>\n<h3>Vlastnosti LED panelu GlareOne 12 BICOLOR D:<\/h3>\n<ul>\n<li>Snadno pou\u017eiteln\u00e9 sv\u011btlo pro fotografov\u00e1n\u00ed a nat\u00e1\u010den\u00ed<\/li>\n<li>Kompaktn\u00ed rozm\u011bry a n\u00edzk\u00e1 hmotnost<\/li>\n<li>Nastaviteln\u00e1 teplota barev od 2700 do 7500 K<\/li>\n<li>Maxim\u00e1ln\u00ed v\u00fdkon 12 W<\/li>\n<li>Vysok\u00e9 parametry barevn\u00e9ho pod\u00e1n\u00ed (CRI &gt; 96, TLCI &gt; 98, TM-30 &gt; 95)<\/li>\n<li>Vestav\u011bn\u00e1 baterie<\/li>\n<li>Plynul\u00e9 nastaven\u00ed jasu<\/li>\n<li>Pasivn\u00ed (zcela tich\u00fd) syst\u00e9m chlazen\u00ed<\/li>\n<li>Vybaveno 1\/4&#8243; dr\u017e\u00e1kem na stativ<\/li>\n<li>Zahrnuje dr\u017e\u00e1k na studen\u00e9 patky<\/li>\n<li>Vybaveno 9 sv\u011bteln\u00fdmi efekty<\/li>\n<li>Nab\u00edjen\u00ed p\u0159es USB-C<\/li>\n<\/ul>\n<h3>Obsah balen\u00ed<\/h3>\n<p>1x GlareOne LED Panel 12 BiColor<br \/>\n1x kabel<br \/>\n1x mini hlava<br \/>\n1x u\u017eivatelsk\u00e1 p\u0159\u00edru\u010dka<\/p>\n","protected":false},"excerpt":{"rendered":"<p>12W dvoubarevn\u00fd LED panel vybaven\u00fd vestav\u011bnou LI-ION bateri\u00ed a USB-C portem. D\u00edky kompaktn\u00ed velikosti a snadn\u00e9mu pou\u017eit\u00ed je ide\u00e1ln\u00edm sv\u011btlem pro vlogov\u00e1n\u00ed, streamov\u00e1n\u00ed videa nebo fotografov\u00e1n\u00ed. Snadn\u00e9 pou\u017eit\u00ed GlareOne LED Panel 12 BiColor je panel s nep\u0159etr\u017eit\u00fdm sv\u011btlem a jeho ovl\u00e1d\u00e1n\u00ed je neuv\u011b\u0159iteln\u011b jednoduch\u00e9. D\u00edky automatick\u00e9mu m\u011b\u0159en\u00ed sv\u011btla a nastaven\u00ed expozice fotoapar\u00e1tu nen\u00ed t\u0159eba pou\u017e\u00edvat [&hellip;]<\/p>\n","protected":false},"featured_media":17989,"template":"","meta":[],"product_brand":[],"product_cat":[554],"product_tag":[],"class_list":{"0":"post-17988","1":"product","2":"type-product","3":"status-publish","4":"has-post-thumbnail","6":"product_cat-led-tube-panel-cs","8":"first","9":"instock","10":"product-type-simple"},"yoast_head":"<!-- This site is optimized with the Yoast SEO plugin v27.2 - https:\/\/yoast.com\/product\/yoast-seo-wordpress\/ -->\n<title>GlareOne LED Panel 12 BiColor (2024)<\/title>\n<meta name=\"description\" content=\"GlareOne LED Panel 12 BiColor (2024)\" \/>\n<meta name=\"robots\" content=\"index, follow, max-snippet:-1, max-image-preview:large, max-video-preview:-1\" \/>\n<link rel=\"canonical\" href=\"https:\/\/glareone.eu\/cs\/produkt\/glareone-led-panel-12-bicolor\/\" \/>\n<meta property=\"og:locale\" content=\"cs_CZ\" \/>\n<meta property=\"og:type\" content=\"article\" \/>\n<meta property=\"og:title\" content=\"GlareOne LED Panel 12 BiColor (2024)\" \/>\n<meta property=\"og:description\" content=\"GlareOne LED Panel 12 BiColor (2024)\" \/>\n<meta property=\"og:url\" content=\"https:\/\/glareone.eu\/cs\/produkt\/glareone-led-panel-12-bicolor\/\" \/>\n<meta property=\"og:site_name\" content=\"GlareOne\" \/>\n<meta property=\"article:publisher\" content=\"https:\/\/www.facebook.com\/GlareOneLighting\" \/>\n<meta property=\"article:modified_time\" content=\"2025-05-23T08:00:35+00:00\" \/>\n<meta property=\"og:image\" content=\"https:\/\/glareone.eu\/wp-content\/uploads\/2024\/11\/SLEDP12BC2_01.jpg\" \/>\n\t<meta property=\"og:image:width\" content=\"1200\" \/>\n\t<meta property=\"og:image:height\" content=\"1200\" \/>\n\t<meta property=\"og:image:type\" content=\"image\/jpeg\" \/>\n<meta name=\"twitter:card\" content=\"summary_large_image\" \/>\n<meta name=\"twitter:title\" content=\"GlareOne LED Panel 12 BiColor (2024)\" \/>\n<meta name=\"twitter:label1\" content=\"Odhadovan\u00e1 doba \u010dten\u00ed\" \/>\n\t<meta name=\"twitter:data1\" content=\"2 minuty\" \/>\n<script type=\"application\/ld+json\" class=\"yoast-schema-graph\">{\"@context\":\"https:\/\/schema.org\",\"@graph\":[{\"@type\":\"WebPage\",\"@id\":\"https:\/\/glareone.eu\/cs\/produkt\/glareone-led-panel-12-bicolor\/\",\"url\":\"https:\/\/glareone.eu\/cs\/produkt\/glareone-led-panel-12-bicolor\/\",\"name\":\"GlareOne LED Panel 12 BiColor (2024)\",\"isPartOf\":{\"@id\":\"https:\/\/glareone.eu\/cs\/en\/#website\"},\"primaryImageOfPage\":{\"@id\":\"https:\/\/glareone.eu\/cs\/produkt\/glareone-led-panel-12-bicolor\/#primaryimage\"},\"image\":{\"@id\":\"https:\/\/glareone.eu\/cs\/produkt\/glareone-led-panel-12-bicolor\/#primaryimage\"},\"thumbnailUrl\":\"https:\/\/glareone.eu\/wp-content\/uploads\/2024\/11\/SLEDP12BC2_01.jpg\",\"datePublished\":\"2024-04-18T19:26:38+00:00\",\"dateModified\":\"2025-05-23T08:00:35+00:00\",\"description\":\"GlareOne LED Panel 12 BiColor (2024)\",\"breadcrumb\":{\"@id\":\"https:\/\/glareone.eu\/cs\/produkt\/glareone-led-panel-12-bicolor\/#breadcrumb\"},\"inLanguage\":\"cs\",\"potentialAction\":[{\"@type\":\"ReadAction\",\"target\":[\"https:\/\/glareone.eu\/cs\/produkt\/glareone-led-panel-12-bicolor\/\"]}]},{\"@type\":\"ImageObject\",\"inLanguage\":\"cs\",\"@id\":\"https:\/\/glareone.eu\/cs\/produkt\/glareone-led-panel-12-bicolor\/#primaryimage\",\"url\":\"https:\/\/glareone.eu\/wp-content\/uploads\/2024\/11\/SLEDP12BC2_01.jpg\",\"contentUrl\":\"https:\/\/glareone.eu\/wp-content\/uploads\/2024\/11\/SLEDP12BC2_01.jpg\",\"width\":1200,\"height\":1200},{\"@type\":\"BreadcrumbList\",\"@id\":\"https:\/\/glareone.eu\/cs\/produkt\/glareone-led-panel-12-bicolor\/#breadcrumb\",\"itemListElement\":[{\"@type\":\"ListItem\",\"position\":1,\"name\":\"Strona g\u0142\u00f3wna\",\"item\":\"https:\/\/glareone.eu\/cs\/\"},{\"@type\":\"ListItem\",\"position\":2,\"name\":\"V\u0161echny produkty\",\"item\":\"https:\/\/glareone.eu\/cs\/produkty\/vsechny-produkty\/\"},{\"@type\":\"ListItem\",\"position\":3,\"name\":\"GlareOne LED Panel 12 BiColor (2024)\"}]},{\"@type\":\"WebSite\",\"@id\":\"https:\/\/glareone.eu\/cs\/en\/#website\",\"url\":\"https:\/\/glareone.eu\/cs\/en\/\",\"name\":\"GlareOne\",\"description\":\"Wyposa\u017cenie Studia\",\"publisher\":{\"@id\":\"https:\/\/glareone.eu\/cs\/en\/#organization\"},\"potentialAction\":[{\"@type\":\"SearchAction\",\"target\":{\"@type\":\"EntryPoint\",\"urlTemplate\":\"https:\/\/glareone.eu\/cs\/en\/?s={search_term_string}\"},\"query-input\":{\"@type\":\"PropertyValueSpecification\",\"valueRequired\":true,\"valueName\":\"search_term_string\"}}],\"inLanguage\":\"cs\"},{\"@type\":\"Organization\",\"@id\":\"https:\/\/glareone.eu\/cs\/en\/#organization\",\"name\":\"GlareOne\",\"url\":\"https:\/\/glareone.eu\/cs\/en\/\",\"logo\":{\"@type\":\"ImageObject\",\"inLanguage\":\"cs\",\"@id\":\"https:\/\/glareone.eu\/cs\/en\/#\/schema\/logo\/image\/\",\"url\":\"http:\/\/glareone.eu\/wp-content\/uploads\/2024\/05\/glareone_logo2020_RGB-01-e1715773127189.png\",\"contentUrl\":\"http:\/\/glareone.eu\/wp-content\/uploads\/2024\/05\/glareone_logo2020_RGB-01-e1715773127189.png\",\"width\":1270,\"height\":321,\"caption\":\"GlareOne\"},\"image\":{\"@id\":\"https:\/\/glareone.eu\/cs\/en\/#\/schema\/logo\/image\/\"},\"sameAs\":[\"https:\/\/www.facebook.com\/GlareOneLighting\",\"https:\/\/www.instagram.com\/glareonelighting\/\",\"https:\/\/www.youtube.com\/@GlareOneTV\"]}]}<\/script>\n<!-- \/ Yoast SEO plugin. -->","yoast_head_json":{"title":"GlareOne LED Panel 12 BiColor (2024)","description":"GlareOne LED Panel 12 BiColor (2024)","robots":{"index":"index","follow":"follow","max-snippet":"max-snippet:-1","max-image-preview":"max-image-preview:large","max-video-preview":"max-video-preview:-1"},"canonical":"https:\/\/glareone.eu\/cs\/produkt\/glareone-led-panel-12-bicolor\/","og_locale":"cs_CZ","og_type":"article","og_title":"GlareOne LED Panel 12 BiColor (2024)","og_description":"GlareOne LED Panel 12 BiColor (2024)","og_url":"https:\/\/glareone.eu\/cs\/produkt\/glareone-led-panel-12-bicolor\/","og_site_name":"GlareOne","article_publisher":"https:\/\/www.facebook.com\/GlareOneLighting","article_modified_time":"2025-05-23T08:00:35+00:00","og_image":[{"width":1200,"height":1200,"url":"https:\/\/glareone.eu\/wp-content\/uploads\/2024\/11\/SLEDP12BC2_01.jpg","type":"image\/jpeg"}],"twitter_card":"summary_large_image","twitter_title":"GlareOne LED Panel 12 BiColor (2024)","twitter_misc":{"Odhadovan\u00e1 doba \u010dten\u00ed":"2 minuty"},"schema":{"@context":"https:\/\/schema.org","@graph":[{"@type":"WebPage","@id":"https:\/\/glareone.eu\/cs\/produkt\/glareone-led-panel-12-bicolor\/","url":"https:\/\/glareone.eu\/cs\/produkt\/glareone-led-panel-12-bicolor\/","name":"GlareOne LED Panel 12 BiColor (2024)","isPartOf":{"@id":"https:\/\/glareone.eu\/cs\/en\/#website"},"primaryImageOfPage":{"@id":"https:\/\/glareone.eu\/cs\/produkt\/glareone-led-panel-12-bicolor\/#primaryimage"},"image":{"@id":"https:\/\/glareone.eu\/cs\/produkt\/glareone-led-panel-12-bicolor\/#primaryimage"},"thumbnailUrl":"https:\/\/glareone.eu\/wp-content\/uploads\/2024\/11\/SLEDP12BC2_01.jpg","datePublished":"2024-04-18T19:26:38+00:00","dateModified":"2025-05-23T08:00:35+00:00","description":"GlareOne LED Panel 12 BiColor (2024)","breadcrumb":{"@id":"https:\/\/glareone.eu\/cs\/produkt\/glareone-led-panel-12-bicolor\/#breadcrumb"},"inLanguage":"cs","potentialAction":[{"@type":"ReadAction","target":["https:\/\/glareone.eu\/cs\/produkt\/glareone-led-panel-12-bicolor\/"]}]},{"@type":"ImageObject","inLanguage":"cs","@id":"https:\/\/glareone.eu\/cs\/produkt\/glareone-led-panel-12-bicolor\/#primaryimage","url":"https:\/\/glareone.eu\/wp-content\/uploads\/2024\/11\/SLEDP12BC2_01.jpg","contentUrl":"https:\/\/glareone.eu\/wp-content\/uploads\/2024\/11\/SLEDP12BC2_01.jpg","width":1200,"height":1200},{"@type":"BreadcrumbList","@id":"https:\/\/glareone.eu\/cs\/produkt\/glareone-led-panel-12-bicolor\/#breadcrumb","itemListElement":[{"@type":"ListItem","position":1,"name":"Strona g\u0142\u00f3wna","item":"https:\/\/glareone.eu\/cs\/"},{"@type":"ListItem","position":2,"name":"V\u0161echny produkty","item":"https:\/\/glareone.eu\/cs\/produkty\/vsechny-produkty\/"},{"@type":"ListItem","position":3,"name":"GlareOne LED Panel 12 BiColor (2024)"}]},{"@type":"WebSite","@id":"https:\/\/glareone.eu\/cs\/en\/#website","url":"https:\/\/glareone.eu\/cs\/en\/","name":"GlareOne","description":"Wyposa\u017cenie Studia","publisher":{"@id":"https:\/\/glareone.eu\/cs\/en\/#organization"},"potentialAction":[{"@type":"SearchAction","target":{"@type":"EntryPoint","urlTemplate":"https:\/\/glareone.eu\/cs\/en\/?s={search_term_string}"},"query-input":{"@type":"PropertyValueSpecification","valueRequired":true,"valueName":"search_term_string"}}],"inLanguage":"cs"},{"@type":"Organization","@id":"https:\/\/glareone.eu\/cs\/en\/#organization","name":"GlareOne","url":"https:\/\/glareone.eu\/cs\/en\/","logo":{"@type":"ImageObject","inLanguage":"cs","@id":"https:\/\/glareone.eu\/cs\/en\/#\/schema\/logo\/image\/","url":"http:\/\/glareone.eu\/wp-content\/uploads\/2024\/05\/glareone_logo2020_RGB-01-e1715773127189.png","contentUrl":"http:\/\/glareone.eu\/wp-content\/uploads\/2024\/05\/glareone_logo2020_RGB-01-e1715773127189.png","width":1270,"height":321,"caption":"GlareOne"},"image":{"@id":"https:\/\/glareone.eu\/cs\/en\/#\/schema\/logo\/image\/"},"sameAs":["https:\/\/www.facebook.com\/GlareOneLighting","https:\/\/www.instagram.com\/glareonelighting\/","https:\/\/www.youtube.com\/@GlareOneTV"]}]}},"_links":{"self":[{"href":"https:\/\/glareone.eu\/cs\/wp-json\/wp\/v2\/product\/17988","targetHints":{"allow":["GET"]}}],"collection":[{"href":"https:\/\/glareone.eu\/cs\/wp-json\/wp\/v2\/product"}],"about":[{"href":"https:\/\/glareone.eu\/cs\/wp-json\/wp\/v2\/types\/product"}],"wp:featuredmedia":[{"embeddable":true,"href":"https:\/\/glareone.eu\/cs\/wp-json\/wp\/v2\/media\/17989"}],"wp:attachment":[{"href":"https:\/\/glareone.eu\/cs\/wp-json\/wp\/v2\/media?parent=17988"}],"wp:term":[{"taxonomy":"product_brand","embeddable":true,"href":"https:\/\/glareone.eu\/cs\/wp-json\/wp\/v2\/product_brand?post=17988"},{"taxonomy":"product_cat","embeddable":true,"href":"https:\/\/glareone.eu\/cs\/wp-json\/wp\/v2\/product_cat?post=17988"},{"taxonomy":"product_tag","embeddable":true,"href":"https:\/\/glareone.eu\/cs\/wp-json\/wp\/v2\/product_tag?post=17988"}],"curies":[{"name":"wp","href":"https:\/\/api.w.org\/{rel}","templated":true}]}}