{"id":17940,"date":"2024-04-18T19:26:38","date_gmt":"2024-04-18T19:26:38","guid":{"rendered":"https:\/\/glareone.eu\/product\/glareone-led-panel-80-rgb-d\/"},"modified":"2025-05-22T11:36:14","modified_gmt":"2025-05-22T11:36:14","slug":"glareone-led-panel-80-rgb-d","status":"publish","type":"product","link":"https:\/\/glareone.eu\/cs\/produkt\/glareone-led-panel-80-rgb-d\/","title":{"rendered":"GlareOne LED Panel 80 RGB D"},"content":{"rendered":"<p>LED panel GlareOne 80 RGB je 80W profesion\u00e1ln\u00ed LED panel s pln\u00fdm spektrem barev RGB a nastavitelnou barevnou teplotou. Dod\u00e1v\u00e1 se se softboxem, klapkami a p\u0159enosn\u00fdm kufrem. Vysok\u00fd v\u00fdkon a robustn\u00ed konstrukce ho p\u0159edur\u010duj\u00ed pro fotografov\u00e1n\u00ed a videoprodukci.<\/p>\n<h3>Pln\u00e9 spektrum barev RGB<\/h3>\n<p>D\u00edky funkci RGB nab\u00edz\u00ed panel 360 barev sv\u011btla v re\u017eimu HSI, co\u017e umo\u017e\u0148uje p\u0159esn\u00e9 nastaven\u00ed odst\u00ednu, sytosti a jasu. Funkce nastaven\u00ed odst\u00ednu poskytuje je\u0161t\u011b v\u011bt\u0161\u00ed kontrolu nad barvou sv\u011btla, co\u017e umo\u017e\u0148uje korekce nebo p\u0159izp\u016fsoben\u00ed sv\u011bteln\u00fdch podm\u00ednek na place.<\/p>\n<h3>Nastaven\u00ed barevn\u00e9 teploty<\/h3>\n<p>S nastaviteln\u00fdm rozsahem barevn\u00e9 teploty od 2700 do 7500 K m\u016f\u017ee panel napodobovat r\u016fzn\u00e9 zdroje sv\u011btla \u2013 od tepl\u00e9ho svitu sv\u00ed\u010dky a\u017e po p\u0159irozen\u00e9 denn\u00ed sv\u011btlo. To umo\u017e\u0148uje p\u0159izp\u016fsobit osv\u011btlen\u00ed individu\u00e1ln\u00edm pot\u0159eb\u00e1m u\u017eivatele a podm\u00ednk\u00e1m fotografov\u00e1n\u00ed nebo nahr\u00e1v\u00e1n\u00ed.<\/p>\n<h3>Dod\u00e1van\u00e9 p\u0159\u00edslu\u0161enstv\u00ed<\/h3>\n<p>Panel je dod\u00e1v\u00e1n s:<\/p>\n<ul>\n<li>Klapky \u2013 Tyto \u010dty\u0159i clony v\u00e1m poskytuj\u00ed v\u011bt\u0161\u00ed kontrolu nad sv\u011btlem a zabra\u0148uj\u00ed jeho dopadu na ur\u010dit\u00e9 \u010d\u00e1sti sc\u00e9ny. Klapky jsou odn\u00edmateln\u00e9.<\/li>\n<li>Softbox s difuzorem \u2013 tento n\u00e1stavec lze pou\u017e\u00edt pro rovnom\u011brn\u011bj\u0161\u00ed a lichotiv\u011bj\u0161\u00ed osv\u011btlen\u00ed a d\u00edky sv\u00e9mu n\u00edzk\u00e9mu profilu se s n\u00edm snadno pracuje i v omezen\u00fdch prostorech. Sou\u010d\u00e1st\u00ed balen\u00ed je pouzdro, kter\u00e9 usnad\u0148uje p\u0159epravu a skladov\u00e1n\u00ed.<\/li>\n<li>M\u0159\u00ed\u017eka pro softbox \u2013 vo\u0161tinov\u00e1 m\u0159\u00ed\u017eka p\u0159ipevn\u011bn\u00e1 k softboxu pom\u00e1h\u00e1 kontrolovat rozptyl sv\u011btla na objektu a v cel\u00e9 sc\u00e9n\u011b. M\u0159\u00ed\u017eka omezuje rozptyl sv\u011btla a m\u00edrn\u011b zvy\u0161uje kontrast.<\/li>\n<li>P\u0159epravn\u00ed ta\u0161ka \u2013 praktick\u00e9 pouzdro pro snadn\u011bj\u0161\u00ed skladov\u00e1n\u00ed a p\u0159epravu je sou\u010d\u00e1st\u00ed balen\u00ed.<\/li>\n<\/ul>\n<h3>Snadn\u00e9 pou\u017eit\u00ed<\/h3>\n<p>GlareOne LED Panel 80 RGB D je panel s nep\u0159etr\u017eit\u00fdm sv\u011btlem a jeho pou\u017eit\u00ed je neuv\u011b\u0159iteln\u011b jednoduch\u00e9. D\u00edky automatick\u00e9mu m\u011b\u0159en\u00ed sv\u011btla a nastaven\u00ed expozice fotoapar\u00e1tu nen\u00ed t\u0159eba pou\u017e\u00edvat dal\u0161\u00ed m\u011b\u0159i\u010de sv\u011btla. To usnad\u0148uje vytv\u00e1\u0159en\u00ed ide\u00e1ln\u00edch nastaven\u00ed osv\u011btlen\u00ed, proto\u017ee kone\u010dn\u00fd efekt lze p\u0159ed po\u0159\u00edzen\u00edm fotografie p\u0159edem zkontrolovat.<\/p>\n<h3>V\u0161estrannost<\/h3>\n<p>Panel nab\u00edz\u00ed prakticky neomezen\u00e9 mo\u017enosti pou\u017eit\u00ed. Skv\u011ble se hod\u00ed pro r\u016fzn\u00e9 typy fotografov\u00e1n\u00ed \u2013 od portr\u00e9t\u016f p\u0159es produktov\u00e9 fotografie a\u017e po makrofotografii. Tento panel s nep\u0159etr\u017eit\u00fdm sv\u011btlem je tak\u00e9 vhodn\u00fd pro streamov\u00e1n\u00ed, nahr\u00e1v\u00e1n\u00ed rozhovor\u016f, vlog\u016f nebo reel\u016f. Panel je vybaven z\u00e1vitem 5\/8&#8243; a dr\u017e\u00e1kem na studen\u00e9 patky, co\u017e umo\u017e\u0148uje snadnou instalaci na fotoapar\u00e1t, zrcadlovku nebo studiov\u00fd stativ.<\/p>\n<h3>Vysok\u00e1 kvalita barev<\/h3>\n<p>Panel GlareOne vyza\u0159uje sv\u011btlo, kter\u00e9 p\u0159esn\u011b reprodukuje barvy, co\u017e je z\u00e1sadn\u00ed v situac\u00edch, kter\u00e9 vy\u017eaduj\u00ed p\u0159esnou v\u011brnost barev, jako je fotografov\u00e1n\u00ed lid\u00ed, kde je nezbytn\u00e1 p\u0159esn\u00e1 reprodukce t\u00f3n\u016f pleti. M\u00e1 CRI (index barevn\u00e9ho pod\u00e1n\u00ed) 98, TLCI 96 a TM-30 96.<\/p>\n<h3>Nap\u00e1jen\u00ed<\/h3>\n<p>Panel GlareOne lze nap\u00e1jet dv\u011bma zp\u016fsoby: pomoc\u00ed p\u0159ilo\u017een\u00e9ho s\u00ed\u0165ov\u00e9ho adapt\u00e9ru nebo bateri\u00ed NP-F, co\u017e nab\u00edz\u00ed velkou flexibilitu. Mo\u017enost nap\u00e1jen\u00ed ze s\u00edt\u011b i z bateri\u00ed \u010din\u00ed panel vysoce p\u0159enosn\u00fdm, a to i v m\u00edstech s omezen\u00fdm p\u0159\u00edstupem k elekt\u0159in\u011b.<\/p>\n<h3>Sv\u011bteln\u00e9 efekty<\/h3>\n<p>Sv\u011btlo nab\u00edz\u00ed 20 p\u0159ednastaven\u00fdch a 6 individu\u00e1ln\u00edch speci\u00e1ln\u00edch efekt\u016f, kter\u00e9 mohou simulovat sv\u011bteln\u00e9 zdroje, jako jsou oh\u0148ostroje, blesky nebo televize, a poskytuj\u00ed tak kreativn\u00ed mo\u017enosti p\u0159i nat\u00e1\u010den\u00ed a fotografov\u00e1n\u00ed.<\/p>\n<h3>D\u00e1lkov\u00e9 ovl\u00e1d\u00e1n\u00ed<\/h3>\n<p>Vestav\u011bn\u00fd r\u00e1diov\u00fd p\u0159ij\u00edma\u010d umo\u017e\u0148uje d\u00e1lkov\u00e9 ovl\u00e1d\u00e1n\u00ed sv\u011btla pomoc\u00ed d\u00e1lkov\u00e9ho ovlada\u010de GlareOne LED RC nebo prost\u0159ednictv\u00edm aplikace GlareOne Studio, co\u017e poskytuje pohodl\u00ed a plnou kontrolu nad osv\u011btlen\u00edm z jak\u00e9hokoli m\u00edsta na place.<\/p>\n<h3>Vlastnosti LED panelu GlareOne 80 RGB D:<\/h3>\n<ul>\n<li>Snadno pou\u017eiteln\u00fd LED panel pro fotografov\u00e1n\u00ed a videoz\u00e1znamy<\/li>\n<li>360 barev RGB (HSI)<\/li>\n<li>Nastaven\u00ed sytosti barev<\/li>\n<li>Nastaviteln\u00e1 teplota barev od 2700 do 7500 K<\/li>\n<li>Mo\u017enost nastaven\u00ed odst\u00ednu<\/li>\n<li>Maxim\u00e1ln\u00ed v\u00fdkon 80 W<\/li>\n<li>Vysok\u00fd v\u00fdkon barevn\u00e9ho pod\u00e1n\u00ed (CRI &gt; 96, TLCI &gt; 98, TM-30 &gt; 96)<\/li>\n<li>Nap\u00e1jen\u00ed ze s\u00edt\u011b nebo bateri\u00ed NP-F<\/li>\n<li>Plynul\u00e9 nastaven\u00ed jasu<\/li>\n<li>Tich\u00fd aktivn\u00ed chladic\u00ed syst\u00e9m (&lt;30 dB) s mo\u017enost\u00ed vypnut\u00ed<\/li>\n<li>Vybaveno 5\/8&#8243; dr\u017e\u00e1kem na stativ (samice)<\/li>\n<li>Obsahuje odn\u00edmateln\u00e9 kovov\u00e9 klapky a softbox s m\u0159\u00ed\u017ekou<\/li>\n<li>Dod\u00e1v\u00e1 se s odn\u00edmateln\u00fdm difuzorem<\/li>\n<li>Vybaveno 20 p\u0159ednastaven\u00fdmi a 6 individu\u00e1ln\u00edmi sv\u011bteln\u00fdmi efekty<\/li>\n<li>Lze ovl\u00e1dat pomoc\u00ed d\u00e1lkov\u00e9ho ovlada\u010de LED RC nebo LED RC II<\/li>\n<li>Kompatibiln\u00ed s aplikac\u00ed GlareOne Studio, kter\u00e1 umo\u017e\u0148uje ovl\u00e1d\u00e1n\u00ed pomoc\u00ed telefonu nebo tabletu<\/li>\n<\/ul>\n<h3>Obsah balen\u00ed<\/h3>\n<p>1x LED panel GlareOne 80 RGB D<br \/>\n1x klapky<br \/>\n1x s\u00ed\u0165ov\u00fd adapt\u00e9r<br \/>\n1x kabel EU<br \/>\n1x kabel UK<br \/>\n1x p\u0159epravn\u00ed ta\u0161ka<br \/>\n1x softbox<br \/>\n1x m\u0159\u00ed\u017eka<br \/>\n1x u\u017eivatelsk\u00e1 p\u0159\u00edru\u010dka<\/p>\n","protected":false},"excerpt":{"rendered":"<p>LED panel GlareOne 80 RGB je 80W profesion\u00e1ln\u00ed LED panel s pln\u00fdm spektrem barev RGB a nastavitelnou barevnou teplotou. Dod\u00e1v\u00e1 se se softboxem, klapkami a p\u0159enosn\u00fdm kufrem. Vysok\u00fd v\u00fdkon a robustn\u00ed konstrukce ho p\u0159edur\u010duj\u00ed pro fotografov\u00e1n\u00ed a videoprodukci. Pln\u00e9 spektrum barev RGB D\u00edky funkci RGB nab\u00edz\u00ed panel 360 barev sv\u011btla v re\u017eimu HSI, co\u017e umo\u017e\u0148uje [&hellip;]<\/p>\n","protected":false},"featured_media":17941,"template":"","meta":[],"product_brand":[],"product_cat":[554],"product_tag":[],"class_list":{"0":"post-17940","1":"product","2":"type-product","3":"status-publish","4":"has-post-thumbnail","6":"product_cat-led-tube-panel-cs","8":"first","9":"instock","10":"product-type-simple"},"yoast_head":"<!-- This site is optimized with the Yoast SEO plugin v27.2 - https:\/\/yoast.com\/product\/yoast-seo-wordpress\/ -->\n<title>GlareOne LED Panel 80 RGB D<\/title>\n<meta name=\"description\" content=\"GlareOne LED Panel 80 RGB D\" \/>\n<meta name=\"robots\" content=\"index, follow, max-snippet:-1, max-image-preview:large, max-video-preview:-1\" \/>\n<link rel=\"canonical\" href=\"https:\/\/glareone.eu\/cs\/produkt\/glareone-led-panel-80-rgb-d\/\" \/>\n<meta property=\"og:locale\" content=\"cs_CZ\" \/>\n<meta property=\"og:type\" content=\"article\" \/>\n<meta property=\"og:title\" content=\"GlareOne LED Panel 80 RGB D\" \/>\n<meta property=\"og:description\" content=\"GlareOne LED Panel 80 RGB D\" \/>\n<meta property=\"og:url\" content=\"https:\/\/glareone.eu\/cs\/produkt\/glareone-led-panel-80-rgb-d\/\" \/>\n<meta property=\"og:site_name\" content=\"GlareOne\" \/>\n<meta property=\"article:publisher\" content=\"https:\/\/www.facebook.com\/GlareOneLighting\" \/>\n<meta property=\"article:modified_time\" content=\"2025-05-22T11:36:14+00:00\" \/>\n<meta property=\"og:image\" content=\"https:\/\/glareone.eu\/wp-content\/uploads\/2024\/04\/SLEDP80RGBD_01-min.jpg\" \/>\n\t<meta property=\"og:image:width\" content=\"1200\" \/>\n\t<meta property=\"og:image:height\" content=\"1200\" \/>\n\t<meta property=\"og:image:type\" content=\"image\/jpeg\" \/>\n<meta name=\"twitter:card\" content=\"summary_large_image\" \/>\n<meta name=\"twitter:title\" content=\"GlareOne LED Panel 80 RGB D\" \/>\n<meta name=\"twitter:label1\" content=\"Odhadovan\u00e1 doba \u010dten\u00ed\" \/>\n\t<meta name=\"twitter:data1\" content=\"3 minuty\" \/>\n<script type=\"application\/ld+json\" class=\"yoast-schema-graph\">{\"@context\":\"https:\/\/schema.org\",\"@graph\":[{\"@type\":\"WebPage\",\"@id\":\"https:\/\/glareone.eu\/cs\/produkt\/glareone-led-panel-80-rgb-d\/\",\"url\":\"https:\/\/glareone.eu\/cs\/produkt\/glareone-led-panel-80-rgb-d\/\",\"name\":\"GlareOne LED Panel 80 RGB D\",\"isPartOf\":{\"@id\":\"https:\/\/glareone.eu\/cs\/en\/#website\"},\"primaryImageOfPage\":{\"@id\":\"https:\/\/glareone.eu\/cs\/produkt\/glareone-led-panel-80-rgb-d\/#primaryimage\"},\"image\":{\"@id\":\"https:\/\/glareone.eu\/cs\/produkt\/glareone-led-panel-80-rgb-d\/#primaryimage\"},\"thumbnailUrl\":\"https:\/\/glareone.eu\/wp-content\/uploads\/2024\/04\/SLEDP80RGBD_01-min.jpg\",\"datePublished\":\"2024-04-18T19:26:38+00:00\",\"dateModified\":\"2025-05-22T11:36:14+00:00\",\"description\":\"GlareOne LED Panel 80 RGB D\",\"breadcrumb\":{\"@id\":\"https:\/\/glareone.eu\/cs\/produkt\/glareone-led-panel-80-rgb-d\/#breadcrumb\"},\"inLanguage\":\"cs\",\"potentialAction\":[{\"@type\":\"ReadAction\",\"target\":[\"https:\/\/glareone.eu\/cs\/produkt\/glareone-led-panel-80-rgb-d\/\"]}]},{\"@type\":\"ImageObject\",\"inLanguage\":\"cs\",\"@id\":\"https:\/\/glareone.eu\/cs\/produkt\/glareone-led-panel-80-rgb-d\/#primaryimage\",\"url\":\"https:\/\/glareone.eu\/wp-content\/uploads\/2024\/04\/SLEDP80RGBD_01-min.jpg\",\"contentUrl\":\"https:\/\/glareone.eu\/wp-content\/uploads\/2024\/04\/SLEDP80RGBD_01-min.jpg\",\"width\":1200,\"height\":1200},{\"@type\":\"BreadcrumbList\",\"@id\":\"https:\/\/glareone.eu\/cs\/produkt\/glareone-led-panel-80-rgb-d\/#breadcrumb\",\"itemListElement\":[{\"@type\":\"ListItem\",\"position\":1,\"name\":\"Strona g\u0142\u00f3wna\",\"item\":\"https:\/\/glareone.eu\/cs\/\"},{\"@type\":\"ListItem\",\"position\":2,\"name\":\"V\u0161echny produkty\",\"item\":\"https:\/\/glareone.eu\/cs\/produkty\/vsechny-produkty\/\"},{\"@type\":\"ListItem\",\"position\":3,\"name\":\"GlareOne LED Panel 80 RGB D\"}]},{\"@type\":\"WebSite\",\"@id\":\"https:\/\/glareone.eu\/cs\/en\/#website\",\"url\":\"https:\/\/glareone.eu\/cs\/en\/\",\"name\":\"GlareOne\",\"description\":\"Wyposa\u017cenie Studia\",\"publisher\":{\"@id\":\"https:\/\/glareone.eu\/cs\/en\/#organization\"},\"potentialAction\":[{\"@type\":\"SearchAction\",\"target\":{\"@type\":\"EntryPoint\",\"urlTemplate\":\"https:\/\/glareone.eu\/cs\/en\/?s={search_term_string}\"},\"query-input\":{\"@type\":\"PropertyValueSpecification\",\"valueRequired\":true,\"valueName\":\"search_term_string\"}}],\"inLanguage\":\"cs\"},{\"@type\":\"Organization\",\"@id\":\"https:\/\/glareone.eu\/cs\/en\/#organization\",\"name\":\"GlareOne\",\"url\":\"https:\/\/glareone.eu\/cs\/en\/\",\"logo\":{\"@type\":\"ImageObject\",\"inLanguage\":\"cs\",\"@id\":\"https:\/\/glareone.eu\/cs\/en\/#\/schema\/logo\/image\/\",\"url\":\"http:\/\/glareone.eu\/wp-content\/uploads\/2024\/05\/glareone_logo2020_RGB-01-e1715773127189.png\",\"contentUrl\":\"http:\/\/glareone.eu\/wp-content\/uploads\/2024\/05\/glareone_logo2020_RGB-01-e1715773127189.png\",\"width\":1270,\"height\":321,\"caption\":\"GlareOne\"},\"image\":{\"@id\":\"https:\/\/glareone.eu\/cs\/en\/#\/schema\/logo\/image\/\"},\"sameAs\":[\"https:\/\/www.facebook.com\/GlareOneLighting\",\"https:\/\/www.instagram.com\/glareonelighting\/\",\"https:\/\/www.youtube.com\/@GlareOneTV\"]}]}<\/script>\n<!-- \/ Yoast SEO plugin. -->","yoast_head_json":{"title":"GlareOne LED Panel 80 RGB D","description":"GlareOne LED Panel 80 RGB D","robots":{"index":"index","follow":"follow","max-snippet":"max-snippet:-1","max-image-preview":"max-image-preview:large","max-video-preview":"max-video-preview:-1"},"canonical":"https:\/\/glareone.eu\/cs\/produkt\/glareone-led-panel-80-rgb-d\/","og_locale":"cs_CZ","og_type":"article","og_title":"GlareOne LED Panel 80 RGB D","og_description":"GlareOne LED Panel 80 RGB D","og_url":"https:\/\/glareone.eu\/cs\/produkt\/glareone-led-panel-80-rgb-d\/","og_site_name":"GlareOne","article_publisher":"https:\/\/www.facebook.com\/GlareOneLighting","article_modified_time":"2025-05-22T11:36:14+00:00","og_image":[{"width":1200,"height":1200,"url":"https:\/\/glareone.eu\/wp-content\/uploads\/2024\/04\/SLEDP80RGBD_01-min.jpg","type":"image\/jpeg"}],"twitter_card":"summary_large_image","twitter_title":"GlareOne LED Panel 80 RGB D","twitter_misc":{"Odhadovan\u00e1 doba \u010dten\u00ed":"3 minuty"},"schema":{"@context":"https:\/\/schema.org","@graph":[{"@type":"WebPage","@id":"https:\/\/glareone.eu\/cs\/produkt\/glareone-led-panel-80-rgb-d\/","url":"https:\/\/glareone.eu\/cs\/produkt\/glareone-led-panel-80-rgb-d\/","name":"GlareOne LED Panel 80 RGB D","isPartOf":{"@id":"https:\/\/glareone.eu\/cs\/en\/#website"},"primaryImageOfPage":{"@id":"https:\/\/glareone.eu\/cs\/produkt\/glareone-led-panel-80-rgb-d\/#primaryimage"},"image":{"@id":"https:\/\/glareone.eu\/cs\/produkt\/glareone-led-panel-80-rgb-d\/#primaryimage"},"thumbnailUrl":"https:\/\/glareone.eu\/wp-content\/uploads\/2024\/04\/SLEDP80RGBD_01-min.jpg","datePublished":"2024-04-18T19:26:38+00:00","dateModified":"2025-05-22T11:36:14+00:00","description":"GlareOne LED Panel 80 RGB D","breadcrumb":{"@id":"https:\/\/glareone.eu\/cs\/produkt\/glareone-led-panel-80-rgb-d\/#breadcrumb"},"inLanguage":"cs","potentialAction":[{"@type":"ReadAction","target":["https:\/\/glareone.eu\/cs\/produkt\/glareone-led-panel-80-rgb-d\/"]}]},{"@type":"ImageObject","inLanguage":"cs","@id":"https:\/\/glareone.eu\/cs\/produkt\/glareone-led-panel-80-rgb-d\/#primaryimage","url":"https:\/\/glareone.eu\/wp-content\/uploads\/2024\/04\/SLEDP80RGBD_01-min.jpg","contentUrl":"https:\/\/glareone.eu\/wp-content\/uploads\/2024\/04\/SLEDP80RGBD_01-min.jpg","width":1200,"height":1200},{"@type":"BreadcrumbList","@id":"https:\/\/glareone.eu\/cs\/produkt\/glareone-led-panel-80-rgb-d\/#breadcrumb","itemListElement":[{"@type":"ListItem","position":1,"name":"Strona g\u0142\u00f3wna","item":"https:\/\/glareone.eu\/cs\/"},{"@type":"ListItem","position":2,"name":"V\u0161echny produkty","item":"https:\/\/glareone.eu\/cs\/produkty\/vsechny-produkty\/"},{"@type":"ListItem","position":3,"name":"GlareOne LED Panel 80 RGB D"}]},{"@type":"WebSite","@id":"https:\/\/glareone.eu\/cs\/en\/#website","url":"https:\/\/glareone.eu\/cs\/en\/","name":"GlareOne","description":"Wyposa\u017cenie Studia","publisher":{"@id":"https:\/\/glareone.eu\/cs\/en\/#organization"},"potentialAction":[{"@type":"SearchAction","target":{"@type":"EntryPoint","urlTemplate":"https:\/\/glareone.eu\/cs\/en\/?s={search_term_string}"},"query-input":{"@type":"PropertyValueSpecification","valueRequired":true,"valueName":"search_term_string"}}],"inLanguage":"cs"},{"@type":"Organization","@id":"https:\/\/glareone.eu\/cs\/en\/#organization","name":"GlareOne","url":"https:\/\/glareone.eu\/cs\/en\/","logo":{"@type":"ImageObject","inLanguage":"cs","@id":"https:\/\/glareone.eu\/cs\/en\/#\/schema\/logo\/image\/","url":"http:\/\/glareone.eu\/wp-content\/uploads\/2024\/05\/glareone_logo2020_RGB-01-e1715773127189.png","contentUrl":"http:\/\/glareone.eu\/wp-content\/uploads\/2024\/05\/glareone_logo2020_RGB-01-e1715773127189.png","width":1270,"height":321,"caption":"GlareOne"},"image":{"@id":"https:\/\/glareone.eu\/cs\/en\/#\/schema\/logo\/image\/"},"sameAs":["https:\/\/www.facebook.com\/GlareOneLighting","https:\/\/www.instagram.com\/glareonelighting\/","https:\/\/www.youtube.com\/@GlareOneTV"]}]}},"_links":{"self":[{"href":"https:\/\/glareone.eu\/cs\/wp-json\/wp\/v2\/product\/17940","targetHints":{"allow":["GET"]}}],"collection":[{"href":"https:\/\/glareone.eu\/cs\/wp-json\/wp\/v2\/product"}],"about":[{"href":"https:\/\/glareone.eu\/cs\/wp-json\/wp\/v2\/types\/product"}],"wp:featuredmedia":[{"embeddable":true,"href":"https:\/\/glareone.eu\/cs\/wp-json\/wp\/v2\/media\/17941"}],"wp:attachment":[{"href":"https:\/\/glareone.eu\/cs\/wp-json\/wp\/v2\/media?parent=17940"}],"wp:term":[{"taxonomy":"product_brand","embeddable":true,"href":"https:\/\/glareone.eu\/cs\/wp-json\/wp\/v2\/product_brand?post=17940"},{"taxonomy":"product_cat","embeddable":true,"href":"https:\/\/glareone.eu\/cs\/wp-json\/wp\/v2\/product_cat?post=17940"},{"taxonomy":"product_tag","embeddable":true,"href":"https:\/\/glareone.eu\/cs\/wp-json\/wp\/v2\/product_tag?post=17940"}],"curies":[{"name":"wp","href":"https:\/\/api.w.org\/{rel}","templated":true}]}}