{"id":17890,"date":"2024-04-18T19:26:42","date_gmt":"2024-04-18T19:26:42","guid":{"rendered":"https:\/\/glareone.eu\/product\/glareone-botis-80\/"},"modified":"2026-01-21T11:49:39","modified_gmt":"2026-01-21T11:49:39","slug":"glareone-botis-80","status":"publish","type":"product","link":"https:\/\/glareone.eu\/cs\/produkt\/glareone-botis-80\/","title":{"rendered":"GlareOne Botis 80"},"content":{"rendered":"<p><span style=\"font-weight: 400;\">Botis 80 je profesion\u00e1ln\u00ed vysoce v\u00fdkonn\u00fd blesk vybaven\u00fd kulatou hlavou a velkou z\u00e1bleskovou trubic\u00ed pro intenzivn\u00ed a rovnom\u011brn\u00e9 osv\u011btlen\u00ed. D\u00edky dotykov\u00e9mu u\u017eivatelsk\u00e9mu rozhran\u00ed, baterii s dlouhou v\u00fddr\u017e\u00ed a integrovan\u00e9mu bezdr\u00e1tov\u00e9mu ovl\u00e1d\u00e1n\u00ed je ide\u00e1ln\u00edm bleskem pro fotografov\u00e1n\u00ed ve studiu i v exteri\u00e9ru, a to jak pro pou\u017eit\u00ed na fotoapar\u00e1tu, tak i samostatn\u011b.<\/span><\/p>\n<p style=\"margin: 1cm 4cm;\">\n<div class='avia-iframe-wrap'><iframe loading=\"lazy\" title=\"GlareOne Botis 80 i 80 S - prezentacja lampy speedlite\" width=\"1500\" height=\"844\" src=\"https:\/\/www.youtube.com\/embed\/iieyT4UKfCU?feature=oembed\" frameborder=\"0\" allow=\"accelerometer; autoplay; clipboard-write; encrypted-media; gyroscope; picture-in-picture; web-share\" referrerpolicy=\"strict-origin-when-cross-origin\" allowfullscreen><\/iframe><\/div>\n<\/p>\n<h3>V\u00fdkon a v\u00fdkonnost<\/h3>\n<p>Botis 80 nab\u00edz\u00ed maxim\u00e1ln\u00ed v\u00fdkon blesku 80 Ws, co\u017e poskytuje siln\u00fd a efektivn\u00ed zdroj sv\u011btla pro r\u016fzn\u00e9 fotografick\u00e9 aplikace. Je vysoce \u00fa\u010dinn\u00fd a zvl\u00e1dne i velmi intenzivn\u00ed pou\u017eit\u00ed p\u0159i dynamick\u00e9 svatebn\u00ed nebo extr\u00e9mn\u00ed sportovn\u00ed fotografii. Doba dob\u00edjen\u00ed p\u0159i maxim\u00e1ln\u00edm v\u00fdkonu je pouze 1,3 sekundy, co\u017e umo\u017e\u0148uje rychlou a efektivn\u00ed p\u0159\u00edpravu na dal\u0161\u00ed sn\u00edmky bez dlouh\u00fdch p\u0159eru\u0161en\u00ed.<\/p>\n<h3>Kvalita sv\u011btla<\/h3>\n<p>Konstrukce blesku s velkou z\u00e1bleskovou trubic\u00ed podobnou studiov\u00e9 osv\u011btlovac\u00ed technice zaji\u0161\u0165uje rovnom\u011brn\u00e9 rozlo\u017een\u00ed sv\u011btla a perfektn\u00ed spolupr\u00e1ci s p\u0159\u00edslu\u0161enstv\u00edm, jako jsou softboxy nebo de\u0161tn\u00edky. Blesk Botis 80 sv\u00edt\u00ed s barevnou teplotou denn\u00edho sv\u011btla, co\u017e zaru\u010duje p\u0159esnou reprodukci barev.<\/p>\n<h3>D\u00e9lka z\u00e1b\u011bru<\/h3>\n<p>Botis 80 je vybaven re\u017eimem Freeze s dobou z\u00e1blesku v rozmez\u00ed 1\/2430 a\u017e 1\/70000 sekundy (t0,5). To zaji\u0161\u0165uje, \u017ee fotografie po\u0159\u00edzen\u00e9 p\u0159i pln\u00e9m v\u00fdkonu budou ostr\u00e9 a ve\u0161ker\u00fd zachycen\u00fd pohyb bude zmrazen.<\/p>\n<h3>Kompatibilita a univerz\u00e1lnost<\/h3>\n<p>GlareOne Botis 80 je kompatibiln\u00ed s \u0161irokou \u0161k\u00e1lou fotoapar\u00e1t\u016f, v\u010detn\u011b Canon, Nikon, Fujifilm, Lumix a OM SYSTEM, co\u017e z n\u011bj \u010din\u00ed ide\u00e1ln\u00ed volbu pro fotografy pou\u017e\u00edvaj\u00edc\u00ed r\u016fzn\u00e9 syst\u00e9my. D\u00edky tomu je univerz\u00e1ln\u00edm n\u00e1strojem, kter\u00fd se snadno p\u0159izp\u016fsob\u00ed vybaven\u00ed u\u017eivatele.<\/p>\n<h3>Provozn\u00ed re\u017eimy a d\u00e1lkov\u00e9 ovl\u00e1d\u00e1n\u00ed<\/h3>\n<p>GlareOne Botis 80 nab\u00edz\u00ed re\u017eimy MASTER a SLAVE. V re\u017eimu MASTER m\u016f\u017ee fungovat jako d\u00e1lkov\u00e9 ovl\u00e1d\u00e1n\u00ed pro jin\u00e9 blesky. V re\u017eimu SLAVE m\u016f\u017ee b\u00fdt spou\u0161t\u011bn jin\u00fdmi za\u0159\u00edzen\u00edmi (blesky nebo vys\u00edla\u010di), co\u017e poskytuje plnou flexibilitu p\u0159i vytv\u00e1\u0159en\u00ed osv\u011btlen\u00ed na fotografick\u00e9m setu. Kompatibilita se syst\u00e9mem Canon RT nav\u00edc nab\u00edz\u00ed dal\u0161\u00ed mo\u017enosti synchronizace a ovl\u00e1d\u00e1n\u00ed blesk\u016f Canon.<\/p>\n<h3>Kompatibilita spou\u0161t\u011b<\/h3>\n<p>GlareOne Botis 80 spolupracuje se v\u0161emi spou\u0161t\u011b\u010di GlareOne, co\u017e umo\u017e\u0148uje snadnou integraci s dal\u0161\u00edmi blesky zna\u010dky GlareOne a zaji\u0161\u0165uje pohodl\u00ed a flexibilitu p\u0159i pr\u00e1ci.<\/p>\n<h3>Pokro\u010dil\u00e1 nastaven\u00ed kan\u00e1l\u016f a skupin<\/h3>\n<p>GlareOne Botis 80 umo\u017e\u0148uje provoz v 16 skupin\u00e1ch a na 32 kan\u00e1lech, co\u017e nab\u00edz\u00ed \u0161irokou \u0161k\u00e1lu mo\u017enost\u00ed konfigurace a ovl\u00e1d\u00e1n\u00ed v\u00edce blesk\u016f v r\u016fzn\u00fdch podm\u00ednk\u00e1ch.<\/p>\n<h3>TTL a HSS<\/h3>\n<p>Blesk nab\u00edz\u00ed synchronizaci se v\u0161emi rychlostmi z\u00e1v\u011brky (HSS), co\u017e je d\u016fle\u017eit\u00e9 pro pr\u00e1ci venku a portr\u00e9tn\u00ed fotografii s malou hloubkou ostrosti. Automatick\u00e9 m\u011b\u0159en\u00ed sv\u011btla TTL nav\u00edc zaji\u0161\u0165uje optim\u00e1ln\u00ed osv\u011btlen\u00ed bez nutnosti ru\u010dn\u00edho nastavov\u00e1n\u00ed parametr\u016f, co\u017e je pohodln\u00e9 a \u0161et\u0159\u00ed \u010das.<\/p>\n<h3>\u017divotnost baterie<\/h3>\n<p>D\u00edky pou\u017eit\u00ed lithium-iontov\u00e9 baterie m\u016f\u017ee GlareOne Botis 80 prov\u00e9st a\u017e 500 z\u00e1blesk\u016f na jedno nabit\u00ed, co\u017e zaji\u0161\u0165uje dlouhou \u017eivotnost a spolehliv\u00fd provoz i p\u0159i intenzivn\u00edm fotografov\u00e1n\u00ed.<\/p>\n<h3>Nastaven\u00ed v\u00fdkonu blesku<\/h3>\n<p>Blesk nab\u00edz\u00ed mo\u017enost nastaven\u00ed v\u00fdkonu blesku v 9 clonov\u00fdch stupn\u00edch, co\u017e umo\u017e\u0148uje p\u0159esn\u00e9 ovl\u00e1d\u00e1n\u00ed v\u00fdkonu blesku.<\/p>\n<h3>Vlastnosti GlareOne Botis 80:<\/h3>\n<ul>\n<li>Studiov\u00e1 bleskov\u00e1 trubice s v\u00fdkonem 80 Ws<\/li>\n<li>Vysokorychlostn\u00ed synchronizace (HSS) se v\u0161emi rychlostmi z\u00e1v\u011brky<\/li>\n<li>Automatick\u00fd syst\u00e9m m\u011b\u0159en\u00ed sv\u011btla TTL<\/li>\n<li>A\u017e 500 z\u00e1blesk\u016f na jedno nabit\u00ed baterie<\/li>\n<li>9 clonov\u00fdch stup\u0148\u016f nastaven\u00ed v\u00fdkonu<\/li>\n<li>Kr\u00e1tk\u00e1 doba nab\u00edjen\u00ed 0,05 ~ 1,3 s<\/li>\n<li>Kompatibiln\u00ed s Canon \/ Nikon \/ Fujifilm \/ Lumix \/ OM System<\/li>\n<li>Lze pou\u017e\u00edt v re\u017eimu Master nebo Slave<\/li>\n<li>Kompatibiln\u00ed se v\u0161emi spou\u0161t\u011b\u010di GlareOne a tak\u00e9 se syst\u00e9mem Canon RT<\/li>\n<li>16 skupin \/ 32 kan\u00e1l\u016f<\/li>\n<li>Spolupracuje s lampami Vega, Antares, Apus, Botis<\/li>\n<li>3W LED modelovac\u00ed sv\u011btlo<\/li>\n<\/ul>\n<h3>Balen\u00ed obsahuje:<\/h3>\n<p>1x GlareOne Botis 80<br \/>\n1x baterie B80BP<br \/>\n1x nab\u00edjec\u00ed adapt\u00e9r B80CH<br \/>\n1x nab\u00edjec\u00ed kabel USB-C<br \/>\n1x pouzdro<br \/>\n1x u\u017eivatelsk\u00e1 p\u0159\u00edru\u010dka<br \/>\n1x stojan<br \/>\n1x reflektor<\/p>\n","protected":false},"excerpt":{"rendered":"<p>Botis 80 je profesion\u00e1ln\u00ed vysoce v\u00fdkonn\u00fd blesk vybaven\u00fd kulatou hlavou a velkou z\u00e1bleskovou trubic\u00ed pro intenzivn\u00ed a rovnom\u011brn\u00e9 osv\u011btlen\u00ed. D\u00edky dotykov\u00e9mu u\u017eivatelsk\u00e9mu rozhran\u00ed, baterii s dlouhou v\u00fddr\u017e\u00ed a integrovan\u00e9mu bezdr\u00e1tov\u00e9mu ovl\u00e1d\u00e1n\u00ed je ide\u00e1ln\u00edm bleskem pro fotografov\u00e1n\u00ed ve studiu i v exteri\u00e9ru, a to jak pro pou\u017eit\u00ed na fotoapar\u00e1tu, tak i samostatn\u011b. V\u00fdkon a v\u00fdkonnost Botis [&hellip;]<\/p>\n","protected":false},"featured_media":17874,"template":"","meta":[],"product_brand":[],"product_cat":[584],"product_tag":[],"class_list":{"0":"post-17890","1":"product","2":"type-product","3":"status-publish","4":"has-post-thumbnail","6":"product_cat-akumulatorove-blesky","8":"first","9":"instock","10":"product-type-simple"},"yoast_head":"<!-- This site is optimized with the Yoast SEO plugin v27.2 - https:\/\/yoast.com\/product\/yoast-seo-wordpress\/ -->\n<title>GlareOne Botis 80<\/title>\n<meta name=\"description\" content=\"GlareOne Botis 80\" \/>\n<meta name=\"robots\" content=\"index, follow, max-snippet:-1, max-image-preview:large, max-video-preview:-1\" \/>\n<link rel=\"canonical\" href=\"https:\/\/glareone.eu\/cs\/produkt\/glareone-botis-80\/\" \/>\n<meta property=\"og:locale\" content=\"cs_CZ\" \/>\n<meta property=\"og:type\" content=\"article\" \/>\n<meta property=\"og:title\" content=\"GlareOne Botis 80\" \/>\n<meta property=\"og:description\" content=\"GlareOne Botis 80\" \/>\n<meta property=\"og:url\" content=\"https:\/\/glareone.eu\/cs\/produkt\/glareone-botis-80\/\" \/>\n<meta property=\"og:site_name\" content=\"GlareOne\" \/>\n<meta property=\"article:publisher\" content=\"https:\/\/www.facebook.com\/GlareOneLighting\" \/>\n<meta property=\"article:modified_time\" content=\"2026-01-21T11:49:39+00:00\" \/>\n<meta property=\"og:image\" content=\"https:\/\/glareone.eu\/wp-content\/uploads\/2024\/04\/SBOTIS80_16-2.jpg\" \/>\n\t<meta property=\"og:image:width\" content=\"1200\" \/>\n\t<meta property=\"og:image:height\" content=\"1200\" \/>\n\t<meta property=\"og:image:type\" content=\"image\/jpeg\" \/>\n<meta name=\"twitter:card\" content=\"summary_large_image\" \/>\n<meta name=\"twitter:title\" content=\"GlareOne Botis 80\" \/>\n<meta name=\"twitter:label1\" content=\"Odhadovan\u00e1 doba \u010dten\u00ed\" \/>\n\t<meta name=\"twitter:data1\" content=\"3 minuty\" \/>\n<script type=\"application\/ld+json\" class=\"yoast-schema-graph\">{\"@context\":\"https:\/\/schema.org\",\"@graph\":[{\"@type\":\"WebPage\",\"@id\":\"https:\/\/glareone.eu\/cs\/produkt\/glareone-botis-80\/\",\"url\":\"https:\/\/glareone.eu\/cs\/produkt\/glareone-botis-80\/\",\"name\":\"GlareOne Botis 80\",\"isPartOf\":{\"@id\":\"https:\/\/glareone.eu\/cs\/en\/#website\"},\"primaryImageOfPage\":{\"@id\":\"https:\/\/glareone.eu\/cs\/produkt\/glareone-botis-80\/#primaryimage\"},\"image\":{\"@id\":\"https:\/\/glareone.eu\/cs\/produkt\/glareone-botis-80\/#primaryimage\"},\"thumbnailUrl\":\"https:\/\/glareone.eu\/wp-content\/uploads\/2024\/04\/SBOTIS80_16-2.jpg\",\"datePublished\":\"2024-04-18T19:26:42+00:00\",\"dateModified\":\"2026-01-21T11:49:39+00:00\",\"description\":\"GlareOne Botis 80\",\"breadcrumb\":{\"@id\":\"https:\/\/glareone.eu\/cs\/produkt\/glareone-botis-80\/#breadcrumb\"},\"inLanguage\":\"cs\",\"potentialAction\":[{\"@type\":\"ReadAction\",\"target\":[\"https:\/\/glareone.eu\/cs\/produkt\/glareone-botis-80\/\"]}]},{\"@type\":\"ImageObject\",\"inLanguage\":\"cs\",\"@id\":\"https:\/\/glareone.eu\/cs\/produkt\/glareone-botis-80\/#primaryimage\",\"url\":\"https:\/\/glareone.eu\/wp-content\/uploads\/2024\/04\/SBOTIS80_16-2.jpg\",\"contentUrl\":\"https:\/\/glareone.eu\/wp-content\/uploads\/2024\/04\/SBOTIS80_16-2.jpg\",\"width\":1200,\"height\":1200},{\"@type\":\"BreadcrumbList\",\"@id\":\"https:\/\/glareone.eu\/cs\/produkt\/glareone-botis-80\/#breadcrumb\",\"itemListElement\":[{\"@type\":\"ListItem\",\"position\":1,\"name\":\"Strona g\u0142\u00f3wna\",\"item\":\"https:\/\/glareone.eu\/cs\/\"},{\"@type\":\"ListItem\",\"position\":2,\"name\":\"V\u0161echny produkty\",\"item\":\"https:\/\/glareone.eu\/cs\/produkty\/vsechny-produkty\/\"},{\"@type\":\"ListItem\",\"position\":3,\"name\":\"GlareOne Botis 80\"}]},{\"@type\":\"WebSite\",\"@id\":\"https:\/\/glareone.eu\/cs\/en\/#website\",\"url\":\"https:\/\/glareone.eu\/cs\/en\/\",\"name\":\"GlareOne\",\"description\":\"Wyposa\u017cenie Studia\",\"publisher\":{\"@id\":\"https:\/\/glareone.eu\/cs\/en\/#organization\"},\"potentialAction\":[{\"@type\":\"SearchAction\",\"target\":{\"@type\":\"EntryPoint\",\"urlTemplate\":\"https:\/\/glareone.eu\/cs\/en\/?s={search_term_string}\"},\"query-input\":{\"@type\":\"PropertyValueSpecification\",\"valueRequired\":true,\"valueName\":\"search_term_string\"}}],\"inLanguage\":\"cs\"},{\"@type\":\"Organization\",\"@id\":\"https:\/\/glareone.eu\/cs\/en\/#organization\",\"name\":\"GlareOne\",\"url\":\"https:\/\/glareone.eu\/cs\/en\/\",\"logo\":{\"@type\":\"ImageObject\",\"inLanguage\":\"cs\",\"@id\":\"https:\/\/glareone.eu\/cs\/en\/#\/schema\/logo\/image\/\",\"url\":\"http:\/\/glareone.eu\/wp-content\/uploads\/2024\/05\/glareone_logo2020_RGB-01-e1715773127189.png\",\"contentUrl\":\"http:\/\/glareone.eu\/wp-content\/uploads\/2024\/05\/glareone_logo2020_RGB-01-e1715773127189.png\",\"width\":1270,\"height\":321,\"caption\":\"GlareOne\"},\"image\":{\"@id\":\"https:\/\/glareone.eu\/cs\/en\/#\/schema\/logo\/image\/\"},\"sameAs\":[\"https:\/\/www.facebook.com\/GlareOneLighting\",\"https:\/\/www.instagram.com\/glareonelighting\/\",\"https:\/\/www.youtube.com\/@GlareOneTV\"]}]}<\/script>\n<!-- \/ Yoast SEO plugin. -->","yoast_head_json":{"title":"GlareOne Botis 80","description":"GlareOne Botis 80","robots":{"index":"index","follow":"follow","max-snippet":"max-snippet:-1","max-image-preview":"max-image-preview:large","max-video-preview":"max-video-preview:-1"},"canonical":"https:\/\/glareone.eu\/cs\/produkt\/glareone-botis-80\/","og_locale":"cs_CZ","og_type":"article","og_title":"GlareOne Botis 80","og_description":"GlareOne Botis 80","og_url":"https:\/\/glareone.eu\/cs\/produkt\/glareone-botis-80\/","og_site_name":"GlareOne","article_publisher":"https:\/\/www.facebook.com\/GlareOneLighting","article_modified_time":"2026-01-21T11:49:39+00:00","og_image":[{"width":1200,"height":1200,"url":"https:\/\/glareone.eu\/wp-content\/uploads\/2024\/04\/SBOTIS80_16-2.jpg","type":"image\/jpeg"}],"twitter_card":"summary_large_image","twitter_title":"GlareOne Botis 80","twitter_misc":{"Odhadovan\u00e1 doba \u010dten\u00ed":"3 minuty"},"schema":{"@context":"https:\/\/schema.org","@graph":[{"@type":"WebPage","@id":"https:\/\/glareone.eu\/cs\/produkt\/glareone-botis-80\/","url":"https:\/\/glareone.eu\/cs\/produkt\/glareone-botis-80\/","name":"GlareOne Botis 80","isPartOf":{"@id":"https:\/\/glareone.eu\/cs\/en\/#website"},"primaryImageOfPage":{"@id":"https:\/\/glareone.eu\/cs\/produkt\/glareone-botis-80\/#primaryimage"},"image":{"@id":"https:\/\/glareone.eu\/cs\/produkt\/glareone-botis-80\/#primaryimage"},"thumbnailUrl":"https:\/\/glareone.eu\/wp-content\/uploads\/2024\/04\/SBOTIS80_16-2.jpg","datePublished":"2024-04-18T19:26:42+00:00","dateModified":"2026-01-21T11:49:39+00:00","description":"GlareOne Botis 80","breadcrumb":{"@id":"https:\/\/glareone.eu\/cs\/produkt\/glareone-botis-80\/#breadcrumb"},"inLanguage":"cs","potentialAction":[{"@type":"ReadAction","target":["https:\/\/glareone.eu\/cs\/produkt\/glareone-botis-80\/"]}]},{"@type":"ImageObject","inLanguage":"cs","@id":"https:\/\/glareone.eu\/cs\/produkt\/glareone-botis-80\/#primaryimage","url":"https:\/\/glareone.eu\/wp-content\/uploads\/2024\/04\/SBOTIS80_16-2.jpg","contentUrl":"https:\/\/glareone.eu\/wp-content\/uploads\/2024\/04\/SBOTIS80_16-2.jpg","width":1200,"height":1200},{"@type":"BreadcrumbList","@id":"https:\/\/glareone.eu\/cs\/produkt\/glareone-botis-80\/#breadcrumb","itemListElement":[{"@type":"ListItem","position":1,"name":"Strona g\u0142\u00f3wna","item":"https:\/\/glareone.eu\/cs\/"},{"@type":"ListItem","position":2,"name":"V\u0161echny produkty","item":"https:\/\/glareone.eu\/cs\/produkty\/vsechny-produkty\/"},{"@type":"ListItem","position":3,"name":"GlareOne Botis 80"}]},{"@type":"WebSite","@id":"https:\/\/glareone.eu\/cs\/en\/#website","url":"https:\/\/glareone.eu\/cs\/en\/","name":"GlareOne","description":"Wyposa\u017cenie Studia","publisher":{"@id":"https:\/\/glareone.eu\/cs\/en\/#organization"},"potentialAction":[{"@type":"SearchAction","target":{"@type":"EntryPoint","urlTemplate":"https:\/\/glareone.eu\/cs\/en\/?s={search_term_string}"},"query-input":{"@type":"PropertyValueSpecification","valueRequired":true,"valueName":"search_term_string"}}],"inLanguage":"cs"},{"@type":"Organization","@id":"https:\/\/glareone.eu\/cs\/en\/#organization","name":"GlareOne","url":"https:\/\/glareone.eu\/cs\/en\/","logo":{"@type":"ImageObject","inLanguage":"cs","@id":"https:\/\/glareone.eu\/cs\/en\/#\/schema\/logo\/image\/","url":"http:\/\/glareone.eu\/wp-content\/uploads\/2024\/05\/glareone_logo2020_RGB-01-e1715773127189.png","contentUrl":"http:\/\/glareone.eu\/wp-content\/uploads\/2024\/05\/glareone_logo2020_RGB-01-e1715773127189.png","width":1270,"height":321,"caption":"GlareOne"},"image":{"@id":"https:\/\/glareone.eu\/cs\/en\/#\/schema\/logo\/image\/"},"sameAs":["https:\/\/www.facebook.com\/GlareOneLighting","https:\/\/www.instagram.com\/glareonelighting\/","https:\/\/www.youtube.com\/@GlareOneTV"]}]}},"_links":{"self":[{"href":"https:\/\/glareone.eu\/cs\/wp-json\/wp\/v2\/product\/17890","targetHints":{"allow":["GET"]}}],"collection":[{"href":"https:\/\/glareone.eu\/cs\/wp-json\/wp\/v2\/product"}],"about":[{"href":"https:\/\/glareone.eu\/cs\/wp-json\/wp\/v2\/types\/product"}],"wp:featuredmedia":[{"embeddable":true,"href":"https:\/\/glareone.eu\/cs\/wp-json\/wp\/v2\/media\/17874"}],"wp:attachment":[{"href":"https:\/\/glareone.eu\/cs\/wp-json\/wp\/v2\/media?parent=17890"}],"wp:term":[{"taxonomy":"product_brand","embeddable":true,"href":"https:\/\/glareone.eu\/cs\/wp-json\/wp\/v2\/product_brand?post=17890"},{"taxonomy":"product_cat","embeddable":true,"href":"https:\/\/glareone.eu\/cs\/wp-json\/wp\/v2\/product_cat?post=17890"},{"taxonomy":"product_tag","embeddable":true,"href":"https:\/\/glareone.eu\/cs\/wp-json\/wp\/v2\/product_tag?post=17890"}],"curies":[{"name":"wp","href":"https:\/\/api.w.org\/{rel}","templated":true}]}}