{"id":17845,"date":"2024-04-18T19:26:42","date_gmt":"2024-04-18T19:26:42","guid":{"rendered":"https:\/\/glareone.eu\/product\/glareone-apus-80-s\/"},"modified":"2026-01-21T11:48:49","modified_gmt":"2026-01-21T11:48:49","slug":"glareone-apus-80-s","status":"publish","type":"product","link":"https:\/\/glareone.eu\/cs\/produkt\/glareone-apus-80-s\/","title":{"rendered":"GlareOne Apus 80 S"},"content":{"rendered":"<p><span style=\"font-weight: 400;\">GlareOne Apus 80 S je vysoce v\u00fdkonn\u00fd blesk s re\u017eimy HSS a TTL, maxim\u00e1ln\u00edm v\u00fdkonem 80 Ws a dlouhou v\u00fddr\u017e\u00ed na jedno nabit\u00ed baterie. Spl\u0148uje po\u017eadavky profesion\u00e1ln\u00edch i amat\u00e9rsk\u00fdch fotograf\u016f.<\/span><\/p>\n<p style=\"margin: 1cm 4cm;\">\n<div class='avia-iframe-wrap'><iframe loading=\"lazy\" title=\"GlareOne Apus 80 i 80 S - prezentacja lampy speedlite\" width=\"1500\" height=\"844\" src=\"https:\/\/www.youtube.com\/embed\/b2xuNitHCrA?feature=oembed\" frameborder=\"0\" allow=\"accelerometer; autoplay; clipboard-write; encrypted-media; gyroscope; picture-in-picture; web-share\" referrerpolicy=\"strict-origin-when-cross-origin\" allowfullscreen><\/iframe><\/div>\n<\/p>\n<h3>Vysok\u00fd v\u00fdkon<\/h3>\n<p>GlareOne Apus 80 S nab\u00edz\u00ed pozoruhodn\u00fd v\u00fdkon 80 Ws. To je o 25 % v\u00edce ne\u017e u standardn\u00edch blesk\u016f jin\u00fdch v\u00fdrobc\u016f stejn\u00e9 velikosti, co\u017e z n\u011bj \u010din\u00ed nejv\u00fdkonn\u011bj\u0161\u00ed blesk ve sv\u00e9 t\u0159\u00edd\u011b.<\/p>\n<h3>Kompatibilita<\/h3>\n<p>GlareOne Apus 80 S je kompatibiln\u00ed pouze se za\u0159\u00edzen\u00edmi Sony prost\u0159ednictv\u00edm patice Sony Multi Interface.<\/p>\n<h3>Provozn\u00ed re\u017eimy a d\u00e1lkov\u00e9 ovl\u00e1d\u00e1n\u00ed<\/h3>\n<p>GlareOne Apus 80 S nab\u00edz\u00ed re\u017eimy MASTER a SLAVE. V re\u017eimu MASTER m\u016f\u017ee fungovat jako d\u00e1lkov\u00e9 ovl\u00e1d\u00e1n\u00ed pro jin\u00e9 blesky, co\u017e v\u00e1m umo\u017en\u00ed vytvo\u0159it pokro\u010dil\u00fd syst\u00e9m osv\u011btlen\u00ed. Na druhou stranu, v re\u017eimu SLAVE m\u016f\u017ee b\u00fdt spou\u0161t\u011bn jin\u00fdmi za\u0159\u00edzen\u00edmi (lampami nebo vys\u00edla\u010di), co\u017e v\u00e1m d\u00e1v\u00e1 plnou flexibilitu p\u0159i vytv\u00e1\u0159en\u00ed osv\u011btlen\u00ed na place. D\u00edky kompatibilit\u011b se syst\u00e9mem Canon RT nav\u00edc blesk nab\u00edz\u00ed dal\u0161\u00ed mo\u017enosti synchronizace a ovl\u00e1d\u00e1n\u00ed pro sv\u011btla Canon.<\/p>\n<h3>Kompatibilita spou\u0161t\u011b\u010d\u016f<\/h3>\n<p>GlareOne Apus 80 S funguje se v\u0161emi spou\u0161t\u011b\u010di GlareOne, co\u017e umo\u017e\u0148uje plnou integraci s dal\u0161\u00edmi blesky GlareOne, tak\u017ee je lze libovoln\u011b kombinovat do sad a roz\u0161i\u0159ovat ji\u017e existuj\u00edc\u00ed.<\/p>\n<h3>Pokro\u010dil\u00e1 nastaven\u00ed kan\u00e1l\u016f a skupin<\/h3>\n<p>GlareOne Apus 80 umo\u017e\u0148uje provoz v 16 skupin\u00e1ch a na 32 kan\u00e1lech, co\u017e nab\u00edz\u00ed \u0161irokou \u0161k\u00e1lu mo\u017enost\u00ed konfigurace a ovl\u00e1d\u00e1n\u00ed v\u00edce blesk\u016f v r\u016fzn\u00fdch podm\u00ednk\u00e1ch.<\/p>\n<h3>TTL a HSS<\/h3>\n<p>Blesk nab\u00edz\u00ed synchronizaci se v\u0161emi rychlostmi z\u00e1v\u011brky (HSS), co\u017e je d\u016fle\u017eit\u00e9 pro pr\u00e1ci venku a portr\u00e9tn\u00ed fotografii s malou hloubkou ostrosti. Automatick\u00e9 m\u011b\u0159en\u00ed sv\u011btla TTL nav\u00edc zaji\u0161\u0165uje optim\u00e1ln\u00ed osv\u011btlen\u00ed bez nutnosti ru\u010dn\u00edho nastavov\u00e1n\u00ed parametr\u016f, co\u017e je pohodln\u00e9 a \u0161et\u0159\u00ed \u010das.<\/p>\n<h3>\u017divotnost baterie<\/h3>\n<p>D\u00edky dob\u00edjec\u00ed lithium-iontov\u00e9 baterii je blesk GlareOne Apus 80 S schopen prov\u00e9st a\u017e 500 z\u00e1blesk\u016f na jedno nabit\u00ed, co\u017e zaji\u0161\u0165uje dlouhou a spolehlivou provozuschopnost i p\u0159i intenzivn\u00edm fotografov\u00e1n\u00ed.<\/p>\n<h3>Nastaven\u00ed v\u00fdkonu blesku<\/h3>\n<p>Blesk nab\u00edz\u00ed nastaviteln\u00fd v\u00fdkon v rozsahu 9 stup\u0148\u016f, co\u017e umo\u017e\u0148uje jemn\u00e9 dolad\u011bn\u00ed v\u00fdkonu blesku.<\/p>\n<h3>Rychl\u00e1 doba nab\u00edjen\u00ed<\/h3>\n<p>Doba nab\u00edjen\u00ed lampy GlareOne Apus 80 S se pohybuje od 0,05 do 1,5 sekundy, co\u017e v\u00e1m umo\u017en\u00ed rychle a efektivn\u011b se p\u0159ipravit na dal\u0161\u00ed fotografov\u00e1n\u00ed bez dlouh\u00fdch prostoj\u016f.<\/p>\n<h3>Vlastnosti GlareOne Apus 80 S:<\/h3>\n<ul>\n<li>Maxim\u00e1ln\u00ed v\u00fdkon 80 Ws<\/li>\n<li>Vysokorychlostn\u00ed synchronizace (HSS) se v\u0161emi rychlostmi z\u00e1v\u011brky<\/li>\n<li>Automatick\u00fd syst\u00e9m m\u011b\u0159en\u00ed sv\u011btla TTL<\/li>\n<li>A\u017e 500 z\u00e1blesk\u016f na jedno nabit\u00ed baterie<\/li>\n<li>9 f-stop\u016f nastaven\u00ed v\u00fdkonu<\/li>\n<li>Kr\u00e1tk\u00e1 doba nab\u00edjen\u00ed 0,05 ~ 1,5 s<\/li>\n<li>Kompatibiln\u00ed se Sony<\/li>\n<li>Lze pou\u017e\u00edt v re\u017eimech Master nebo Slave<\/li>\n<li>Kompatibiln\u00ed se v\u0161emi spou\u0161t\u011b\u010di GlareOne a tak\u00e9 se syst\u00e9mem Canon RT<\/li>\n<li>16 skupin \/ 32 kan\u00e1l\u016f<\/li>\n<li>Spolupracuje s lampami Vega, Antares, Apus, Botis<\/li>\n<li>3W LED modelovac\u00ed sv\u011btlo<\/li>\n<\/ul>\n<h3>Obsah balen\u00ed:<\/h3>\n<p>1x GlareOne Apus 80 S<br \/>\n1x dob\u00edjec\u00ed baterie A80BP<br \/>\n1x nab\u00edjec\u00ed adapt\u00e9r A80CH<br \/>\n1x USB-C nab\u00edjec\u00ed kabel<br \/>\n1x p\u0159enosn\u00e9 pouzdro<br \/>\n1x u\u017eivatelsk\u00e1 p\u0159\u00edru\u010dka<br \/>\n1x stojanov\u00e1 patka<\/p>\n","protected":false},"excerpt":{"rendered":"<p>GlareOne Apus 80 S je vysoce v\u00fdkonn\u00fd blesk s re\u017eimy HSS a TTL, maxim\u00e1ln\u00edm v\u00fdkonem 80 Ws a dlouhou v\u00fddr\u017e\u00ed na jedno nabit\u00ed baterie. Spl\u0148uje po\u017eadavky profesion\u00e1ln\u00edch i amat\u00e9rsk\u00fdch fotograf\u016f. Vysok\u00fd v\u00fdkon GlareOne Apus 80 S nab\u00edz\u00ed pozoruhodn\u00fd v\u00fdkon 80 Ws. To je o 25 % v\u00edce ne\u017e u standardn\u00edch blesk\u016f jin\u00fdch v\u00fdrobc\u016f stejn\u00e9 velikosti, [&hellip;]<\/p>\n","protected":false},"featured_media":17859,"template":"","meta":[],"product_brand":[],"product_cat":[584],"product_tag":[],"class_list":{"0":"post-17845","1":"product","2":"type-product","3":"status-publish","4":"has-post-thumbnail","6":"product_cat-akumulatorove-blesky","8":"first","9":"instock","10":"product-type-simple"},"yoast_head":"<!-- This site is optimized with the Yoast SEO plugin v27.2 - https:\/\/yoast.com\/product\/yoast-seo-wordpress\/ -->\n<title>GlareOne Apus 80 S<\/title>\n<meta name=\"description\" content=\"GlareOne Apus 80 S\" \/>\n<meta name=\"robots\" content=\"index, follow, max-snippet:-1, max-image-preview:large, max-video-preview:-1\" \/>\n<link rel=\"canonical\" href=\"https:\/\/glareone.eu\/cs\/produkt\/glareone-apus-80-s\/\" \/>\n<meta property=\"og:locale\" content=\"cs_CZ\" \/>\n<meta property=\"og:type\" content=\"article\" \/>\n<meta property=\"og:title\" content=\"GlareOne Apus 80 S\" \/>\n<meta property=\"og:description\" content=\"GlareOne Apus 80 S\" \/>\n<meta property=\"og:url\" content=\"https:\/\/glareone.eu\/cs\/produkt\/glareone-apus-80-s\/\" \/>\n<meta property=\"og:site_name\" content=\"GlareOne\" \/>\n<meta property=\"article:publisher\" content=\"https:\/\/www.facebook.com\/GlareOneLighting\" \/>\n<meta property=\"article:modified_time\" content=\"2026-01-21T11:48:49+00:00\" \/>\n<meta property=\"og:image\" content=\"https:\/\/glareone.eu\/wp-content\/uploads\/2024\/04\/SAPUS80S_10.jpg\" \/>\n\t<meta property=\"og:image:width\" content=\"1200\" \/>\n\t<meta property=\"og:image:height\" content=\"1200\" \/>\n\t<meta property=\"og:image:type\" content=\"image\/jpeg\" \/>\n<meta name=\"twitter:card\" content=\"summary_large_image\" \/>\n<meta name=\"twitter:title\" content=\"GlareOne Apus 80 S\" \/>\n<meta name=\"twitter:label1\" content=\"Odhadovan\u00e1 doba \u010dten\u00ed\" \/>\n\t<meta name=\"twitter:data1\" content=\"2 minuty\" \/>\n<script type=\"application\/ld+json\" class=\"yoast-schema-graph\">{\"@context\":\"https:\/\/schema.org\",\"@graph\":[{\"@type\":\"WebPage\",\"@id\":\"https:\/\/glareone.eu\/cs\/produkt\/glareone-apus-80-s\/\",\"url\":\"https:\/\/glareone.eu\/cs\/produkt\/glareone-apus-80-s\/\",\"name\":\"GlareOne Apus 80 S\",\"isPartOf\":{\"@id\":\"https:\/\/glareone.eu\/cs\/en\/#website\"},\"primaryImageOfPage\":{\"@id\":\"https:\/\/glareone.eu\/cs\/produkt\/glareone-apus-80-s\/#primaryimage\"},\"image\":{\"@id\":\"https:\/\/glareone.eu\/cs\/produkt\/glareone-apus-80-s\/#primaryimage\"},\"thumbnailUrl\":\"https:\/\/glareone.eu\/wp-content\/uploads\/2024\/04\/SAPUS80S_10.jpg\",\"datePublished\":\"2024-04-18T19:26:42+00:00\",\"dateModified\":\"2026-01-21T11:48:49+00:00\",\"description\":\"GlareOne Apus 80 S\",\"breadcrumb\":{\"@id\":\"https:\/\/glareone.eu\/cs\/produkt\/glareone-apus-80-s\/#breadcrumb\"},\"inLanguage\":\"cs\",\"potentialAction\":[{\"@type\":\"ReadAction\",\"target\":[\"https:\/\/glareone.eu\/cs\/produkt\/glareone-apus-80-s\/\"]}]},{\"@type\":\"ImageObject\",\"inLanguage\":\"cs\",\"@id\":\"https:\/\/glareone.eu\/cs\/produkt\/glareone-apus-80-s\/#primaryimage\",\"url\":\"https:\/\/glareone.eu\/wp-content\/uploads\/2024\/04\/SAPUS80S_10.jpg\",\"contentUrl\":\"https:\/\/glareone.eu\/wp-content\/uploads\/2024\/04\/SAPUS80S_10.jpg\",\"width\":1200,\"height\":1200},{\"@type\":\"BreadcrumbList\",\"@id\":\"https:\/\/glareone.eu\/cs\/produkt\/glareone-apus-80-s\/#breadcrumb\",\"itemListElement\":[{\"@type\":\"ListItem\",\"position\":1,\"name\":\"Strona g\u0142\u00f3wna\",\"item\":\"https:\/\/glareone.eu\/cs\/\"},{\"@type\":\"ListItem\",\"position\":2,\"name\":\"V\u0161echny produkty\",\"item\":\"https:\/\/glareone.eu\/cs\/produkty\/vsechny-produkty\/\"},{\"@type\":\"ListItem\",\"position\":3,\"name\":\"GlareOne Apus 80 S\"}]},{\"@type\":\"WebSite\",\"@id\":\"https:\/\/glareone.eu\/cs\/en\/#website\",\"url\":\"https:\/\/glareone.eu\/cs\/en\/\",\"name\":\"GlareOne\",\"description\":\"Wyposa\u017cenie Studia\",\"publisher\":{\"@id\":\"https:\/\/glareone.eu\/cs\/en\/#organization\"},\"potentialAction\":[{\"@type\":\"SearchAction\",\"target\":{\"@type\":\"EntryPoint\",\"urlTemplate\":\"https:\/\/glareone.eu\/cs\/en\/?s={search_term_string}\"},\"query-input\":{\"@type\":\"PropertyValueSpecification\",\"valueRequired\":true,\"valueName\":\"search_term_string\"}}],\"inLanguage\":\"cs\"},{\"@type\":\"Organization\",\"@id\":\"https:\/\/glareone.eu\/cs\/en\/#organization\",\"name\":\"GlareOne\",\"url\":\"https:\/\/glareone.eu\/cs\/en\/\",\"logo\":{\"@type\":\"ImageObject\",\"inLanguage\":\"cs\",\"@id\":\"https:\/\/glareone.eu\/cs\/en\/#\/schema\/logo\/image\/\",\"url\":\"http:\/\/glareone.eu\/wp-content\/uploads\/2024\/05\/glareone_logo2020_RGB-01-e1715773127189.png\",\"contentUrl\":\"http:\/\/glareone.eu\/wp-content\/uploads\/2024\/05\/glareone_logo2020_RGB-01-e1715773127189.png\",\"width\":1270,\"height\":321,\"caption\":\"GlareOne\"},\"image\":{\"@id\":\"https:\/\/glareone.eu\/cs\/en\/#\/schema\/logo\/image\/\"},\"sameAs\":[\"https:\/\/www.facebook.com\/GlareOneLighting\",\"https:\/\/www.instagram.com\/glareonelighting\/\",\"https:\/\/www.youtube.com\/@GlareOneTV\"]}]}<\/script>\n<!-- \/ Yoast SEO plugin. -->","yoast_head_json":{"title":"GlareOne Apus 80 S","description":"GlareOne Apus 80 S","robots":{"index":"index","follow":"follow","max-snippet":"max-snippet:-1","max-image-preview":"max-image-preview:large","max-video-preview":"max-video-preview:-1"},"canonical":"https:\/\/glareone.eu\/cs\/produkt\/glareone-apus-80-s\/","og_locale":"cs_CZ","og_type":"article","og_title":"GlareOne Apus 80 S","og_description":"GlareOne Apus 80 S","og_url":"https:\/\/glareone.eu\/cs\/produkt\/glareone-apus-80-s\/","og_site_name":"GlareOne","article_publisher":"https:\/\/www.facebook.com\/GlareOneLighting","article_modified_time":"2026-01-21T11:48:49+00:00","og_image":[{"width":1200,"height":1200,"url":"https:\/\/glareone.eu\/wp-content\/uploads\/2024\/04\/SAPUS80S_10.jpg","type":"image\/jpeg"}],"twitter_card":"summary_large_image","twitter_title":"GlareOne Apus 80 S","twitter_misc":{"Odhadovan\u00e1 doba \u010dten\u00ed":"2 minuty"},"schema":{"@context":"https:\/\/schema.org","@graph":[{"@type":"WebPage","@id":"https:\/\/glareone.eu\/cs\/produkt\/glareone-apus-80-s\/","url":"https:\/\/glareone.eu\/cs\/produkt\/glareone-apus-80-s\/","name":"GlareOne Apus 80 S","isPartOf":{"@id":"https:\/\/glareone.eu\/cs\/en\/#website"},"primaryImageOfPage":{"@id":"https:\/\/glareone.eu\/cs\/produkt\/glareone-apus-80-s\/#primaryimage"},"image":{"@id":"https:\/\/glareone.eu\/cs\/produkt\/glareone-apus-80-s\/#primaryimage"},"thumbnailUrl":"https:\/\/glareone.eu\/wp-content\/uploads\/2024\/04\/SAPUS80S_10.jpg","datePublished":"2024-04-18T19:26:42+00:00","dateModified":"2026-01-21T11:48:49+00:00","description":"GlareOne Apus 80 S","breadcrumb":{"@id":"https:\/\/glareone.eu\/cs\/produkt\/glareone-apus-80-s\/#breadcrumb"},"inLanguage":"cs","potentialAction":[{"@type":"ReadAction","target":["https:\/\/glareone.eu\/cs\/produkt\/glareone-apus-80-s\/"]}]},{"@type":"ImageObject","inLanguage":"cs","@id":"https:\/\/glareone.eu\/cs\/produkt\/glareone-apus-80-s\/#primaryimage","url":"https:\/\/glareone.eu\/wp-content\/uploads\/2024\/04\/SAPUS80S_10.jpg","contentUrl":"https:\/\/glareone.eu\/wp-content\/uploads\/2024\/04\/SAPUS80S_10.jpg","width":1200,"height":1200},{"@type":"BreadcrumbList","@id":"https:\/\/glareone.eu\/cs\/produkt\/glareone-apus-80-s\/#breadcrumb","itemListElement":[{"@type":"ListItem","position":1,"name":"Strona g\u0142\u00f3wna","item":"https:\/\/glareone.eu\/cs\/"},{"@type":"ListItem","position":2,"name":"V\u0161echny produkty","item":"https:\/\/glareone.eu\/cs\/produkty\/vsechny-produkty\/"},{"@type":"ListItem","position":3,"name":"GlareOne Apus 80 S"}]},{"@type":"WebSite","@id":"https:\/\/glareone.eu\/cs\/en\/#website","url":"https:\/\/glareone.eu\/cs\/en\/","name":"GlareOne","description":"Wyposa\u017cenie Studia","publisher":{"@id":"https:\/\/glareone.eu\/cs\/en\/#organization"},"potentialAction":[{"@type":"SearchAction","target":{"@type":"EntryPoint","urlTemplate":"https:\/\/glareone.eu\/cs\/en\/?s={search_term_string}"},"query-input":{"@type":"PropertyValueSpecification","valueRequired":true,"valueName":"search_term_string"}}],"inLanguage":"cs"},{"@type":"Organization","@id":"https:\/\/glareone.eu\/cs\/en\/#organization","name":"GlareOne","url":"https:\/\/glareone.eu\/cs\/en\/","logo":{"@type":"ImageObject","inLanguage":"cs","@id":"https:\/\/glareone.eu\/cs\/en\/#\/schema\/logo\/image\/","url":"http:\/\/glareone.eu\/wp-content\/uploads\/2024\/05\/glareone_logo2020_RGB-01-e1715773127189.png","contentUrl":"http:\/\/glareone.eu\/wp-content\/uploads\/2024\/05\/glareone_logo2020_RGB-01-e1715773127189.png","width":1270,"height":321,"caption":"GlareOne"},"image":{"@id":"https:\/\/glareone.eu\/cs\/en\/#\/schema\/logo\/image\/"},"sameAs":["https:\/\/www.facebook.com\/GlareOneLighting","https:\/\/www.instagram.com\/glareonelighting\/","https:\/\/www.youtube.com\/@GlareOneTV"]}]}},"_links":{"self":[{"href":"https:\/\/glareone.eu\/cs\/wp-json\/wp\/v2\/product\/17845","targetHints":{"allow":["GET"]}}],"collection":[{"href":"https:\/\/glareone.eu\/cs\/wp-json\/wp\/v2\/product"}],"about":[{"href":"https:\/\/glareone.eu\/cs\/wp-json\/wp\/v2\/types\/product"}],"wp:featuredmedia":[{"embeddable":true,"href":"https:\/\/glareone.eu\/cs\/wp-json\/wp\/v2\/media\/17859"}],"wp:attachment":[{"href":"https:\/\/glareone.eu\/cs\/wp-json\/wp\/v2\/media?parent=17845"}],"wp:term":[{"taxonomy":"product_brand","embeddable":true,"href":"https:\/\/glareone.eu\/cs\/wp-json\/wp\/v2\/product_brand?post=17845"},{"taxonomy":"product_cat","embeddable":true,"href":"https:\/\/glareone.eu\/cs\/wp-json\/wp\/v2\/product_cat?post=17845"},{"taxonomy":"product_tag","embeddable":true,"href":"https:\/\/glareone.eu\/cs\/wp-json\/wp\/v2\/product_tag?post=17845"}],"curies":[{"name":"wp","href":"https:\/\/api.w.org\/{rel}","templated":true}]}}