{"id":17729,"date":"2024-04-18T19:26:42","date_gmt":"2024-04-18T19:26:42","guid":{"rendered":"https:\/\/glareone.eu\/product\/glareone-botis-200\/"},"modified":"2025-05-22T10:06:29","modified_gmt":"2025-05-22T10:06:29","slug":"glareone-botis-200","status":"publish","type":"product","link":"https:\/\/glareone.eu\/cs\/produkt\/glareone-botis-200\/","title":{"rendered":"GlareOne Botis 200"},"content":{"rendered":"<p><span style=\"font-weight: 400;\">GlareOne Botis 200 je superkompaktn\u00ed blesk o v\u00fdkonu 200 Ws s re\u017eimy TLL a HSS, dlouhou v\u00fddr\u017e\u00ed Li-ion baterie, LED modelovac\u00edm sv\u011btlem a kr\u00e1tkou dobou recyklace pro skv\u011bl\u00fd v\u00fdkon ve studiu i v ter\u00e9nu.<\/span><\/p>\n<p style=\"margin: 1cm 4cm;\">\n<div class='avia-iframe-wrap'><iframe loading=\"lazy\" title=\"GlareOne Botis 200 - prezentacja lampy\" width=\"1500\" height=\"844\" src=\"https:\/\/www.youtube.com\/embed\/YJDTJqvGB4w?feature=oembed\" frameborder=\"0\" allow=\"accelerometer; autoplay; clipboard-write; encrypted-media; gyroscope; picture-in-picture; web-share\" referrerpolicy=\"strict-origin-when-cross-origin\" allowfullscreen><\/iframe><\/div>\n<\/p>\n<h3>V\u00fdkon a v\u00fdkonnost<\/h3>\n<p>GlareOne Botis 200 m\u00e1 maxim\u00e1ln\u00ed energii blesku 200 Ws, co\u017e je asi \u010dty\u0159ikr\u00e1t v\u00edce ne\u017e u standardn\u00edho blesku na fotoapar\u00e1tu. Tak siln\u00fd zdroj sv\u011btla je velmi u\u017eite\u010dn\u00fd p\u0159i n\u00e1ro\u010dn\u00fdch focen\u00edch nejen ve studiu, ale i v exteri\u00e9ru. Blesk m\u00e1 \u00fa\u010dinn\u00fd chladic\u00ed syst\u00e9m, kter\u00fd umo\u017e\u0148uje jeho intenzivn\u00ed pou\u017e\u00edv\u00e1n\u00ed b\u011bhem dynamick\u00fdch focen\u00ed. Doba nab\u00edjen\u00ed p\u0159i maxim\u00e1ln\u00edm v\u00fdkonu je pouze 1,3 sekundy, tak\u017ee m\u016f\u017eete udr\u017eet vysokou pracovn\u00ed rychlost a po\u0159\u00eddit v\u00edce sn\u00edmk\u016f bez prostoj\u016f.<\/p>\n<h3>Kvalita sv\u011btla<\/h3>\n<p>Konstrukce blesku s velkou a prodlou\u017eenou z\u00e1bleskovou trubic\u00ed podobnou studiov\u00e9 osv\u011btlovac\u00ed technice zaji\u0161\u0165uje rovnom\u011brn\u00e9 rozlo\u017een\u00ed sv\u011btla a perfektn\u00ed spolupr\u00e1ci s p\u0159\u00edslu\u0161enstv\u00edm, jako jsou softboxy nebo de\u0161tn\u00edky. Teplota barev sv\u011btla odpov\u00edd\u00e1 denn\u00edmu sv\u011btlu (cca 5500 K), co\u017e zaru\u010duje nejlep\u0161\u00ed mo\u017enou reprodukci barev a detail\u016f.<\/p>\n<h3>D\u00e9lka z\u00e1blesku<\/h3>\n<p>Botis 200 je vybaven re\u017eimem Freeze pro extr\u00e9mn\u011b kr\u00e1tkou dobu z\u00e1blesku od 1\/1130 do 1\/44400 (t0,5).<\/p>\n<h3>Adapt\u00e9r Bowens a p\u0159\u00edslu\u0161enstv\u00ed<\/h3>\n<p>Botis 200 se dod\u00e1v\u00e1 se sadou p\u0159\u00edslu\u0161enstv\u00ed. Reflektor s m\u0159\u00ed\u017ekou a barevn\u00fdmi gely umo\u017e\u0148uje p\u0159esn\u011bj\u0161\u00ed nasm\u011brov\u00e1n\u00ed sv\u011btla nebo zabarven\u00ed sv\u011btla z reflektoru. Adapt\u00e9r Bowens umo\u017e\u0148uje pou\u017eit\u00ed \u0161irok\u00e9 \u0161k\u00e1ly studiov\u00fdch modifik\u00e1tor\u016f sv\u011btla s uchycen\u00edm Bowens, jako jsou softboxy, de\u0161tn\u00edky, snooty atd. P\u0159ipojen\u00ed adapt\u00e9ru k blesku je velmi jednoduch\u00e9 a nevy\u017eaduje \u017e\u00e1dn\u00e9 dal\u0161\u00ed n\u00e1stroje. Sada obsahuje praktick\u00e9 p\u0159enosn\u00e9 pouzdro, ve kter\u00e9m m\u016f\u017eete sv\u011btlo bezpe\u010dn\u011b p\u0159epravovat.<\/p>\n<h3>D\u00e1lkov\u00e9 ovl\u00e1d\u00e1n\u00ed<\/h3>\n<p>GlareOne Botis 200 je vybaven re\u017eimem SLAVE a lze jej d\u00e1lkov\u011b spou\u0161t\u011bt a ovl\u00e1dat pomoc\u00ed jin\u00fdch za\u0159\u00edzen\u00ed bleskov\u00e9ho syst\u00e9mu GlareOne, co\u017e v\u00e1m poskytuje plnou flexibilitu p\u0159i vytv\u00e1\u0159en\u00ed osv\u011btlen\u00ed na place. Krom\u011b toho je Botis 200 kompatibiln\u00ed se syst\u00e9mem Canon RT a lze jej pou\u017e\u00edt p\u0159\u00edmo s blesky a spou\u0161t\u011b\u010di Canon.<\/p>\n<h3>Kompatibilita spou\u0161t\u011b<\/h3>\n<p>GlareOne Botis 200 funguje se v\u0161emi spou\u0161t\u011b\u010di GlareOne, co\u017e umo\u017e\u0148uje plnou integraci s jin\u00fdmi bleskov\u00fdmi jednotkami GlareOne, tak\u017ee je lze libovoln\u011b kombinovat do sad a roz\u0161i\u0159ovat ji\u017e existuj\u00edc\u00ed.<\/p>\n<h3>Pokro\u010dil\u00e1 nastaven\u00ed kan\u00e1l\u016f a skupin<\/h3>\n<p>GlareOne Botis 200 umo\u017e\u0148uje provoz v 16 skupin\u00e1ch a na 32 kan\u00e1lech, co\u017e nab\u00edz\u00ed \u0161irokou \u0161k\u00e1lu mo\u017enost\u00ed konfigurace a ovl\u00e1d\u00e1n\u00ed v\u00edce blesk\u016f v r\u016fzn\u00fdch podm\u00ednk\u00e1ch.<\/p>\n<h3>TTL a HSS<\/h3>\n<p>Blesk nab\u00edz\u00ed synchronizaci se v\u0161emi rychlostmi z\u00e1v\u011brky (HSS), co\u017e je d\u016fle\u017eit\u00e9 pro pr\u00e1ci venku a portr\u00e9tn\u00ed fotografii s malou hloubkou ostrosti. Automatick\u00e9 m\u011b\u0159en\u00ed sv\u011btla TTL nav\u00edc zaji\u0161\u0165uje optim\u00e1ln\u00ed osv\u011btlen\u00ed bez nutnosti ru\u010dn\u00edho nastavov\u00e1n\u00ed parametr\u016f, co\u017e je pohodln\u00e9 a \u0161et\u0159\u00ed \u010das.<\/p>\n<h3>\u017divotnost baterie<\/h3>\n<p>D\u00edky lithium-iontov\u00e9 dob\u00edjec\u00ed baterii je lampa GlareOne Botis 200 schopna prov\u00e9st a\u017e 450 z\u00e1blesk\u016f na jedno nabit\u00ed, co\u017e zaji\u0161\u0165uje dlouhou a spolehlivou provoz i p\u0159i intenzivn\u00edm fotografov\u00e1n\u00ed.<\/p>\n<h3>Nastaven\u00ed v\u00fdkonu blesku<\/h3>\n<p>Blesk nab\u00edz\u00ed mo\u017enost nastaven\u00ed v\u00fdkonu blesku v 9 clonov\u00fdch stupn\u00edch, co\u017e umo\u017e\u0148uje p\u0159esn\u00e9 ovl\u00e1d\u00e1n\u00ed v\u00fdkonu blesku.<\/p>\n<h3>Vlastnosti GlareOne Botis 200:<\/h3>\n<ul>\n<li>Studio bleskov\u00e1 trubice s v\u00fdkonem 200 Ws<\/li>\n<li>Vysokorychlostn\u00ed synchronizace (HSS) se v\u0161emi rychlostmi z\u00e1v\u011brky<\/li>\n<li>Automatick\u00fd syst\u00e9m m\u011b\u0159en\u00ed sv\u011btla TTL<\/li>\n<li>A\u017e 450 z\u00e1blesk\u016f na jedno nabit\u00ed baterie<\/li>\n<li>9 clonov\u00fdch stup\u0148\u016f nastaven\u00ed v\u00fdkonu<\/li>\n<li>Kr\u00e1tk\u00e1 doba nab\u00edjen\u00ed 0,05 ~ 1,3 s<\/li>\n<li>Lze d\u00e1lkov\u011b ovl\u00e1dat a spou\u0161t\u011bt (re\u017eim SLAVE)<\/li>\n<li>Vybaveno optickou slave bu\u0148kou<\/li>\n<li>Kompatibiln\u00ed se v\u0161emi spou\u0161t\u011b\u010di GlareOne<\/li>\n<li>Kompatibiln\u00ed se syst\u00e9mem Canon RT<\/li>\n<li>16 skupin \/ 32 kan\u00e1l\u016f<\/li>\n<li>5W LED modelovac\u00ed sv\u011btlo<\/li>\n<\/ul>\n<h3>Balen\u00ed obsahuje:<\/h3>\n<p>1x GlareOne Botis 200<br \/>\n1x dob\u00edjec\u00ed baterie B200BP<br \/>\n1x nab\u00edje\u010dka B200CH + kabel EU + kabel UK<br \/>\n1x reflektor<br \/>\n1x m\u0159\u00ed\u017eka<br \/>\n1x manu\u00e1l<br \/>\n1x dr\u017e\u00e1k na stativ<br \/>\n1x dr\u017e\u00e1k na p\u0159\u00edslu\u0161enstv\u00ed<br \/>\n1x sada barevn\u00fdch filtr\u016f<br \/>\n1x kufr<br \/>\n1x adapt\u00e9r Bowens<\/p>\n","protected":false},"excerpt":{"rendered":"<p>GlareOne Botis 200 je superkompaktn\u00ed blesk o v\u00fdkonu 200 Ws s re\u017eimy TLL a HSS, dlouhou v\u00fddr\u017e\u00ed Li-ion baterie, LED modelovac\u00edm sv\u011btlem a kr\u00e1tkou dobou recyklace pro skv\u011bl\u00fd v\u00fdkon ve studiu i v ter\u00e9nu. V\u00fdkon a v\u00fdkonnost GlareOne Botis 200 m\u00e1 maxim\u00e1ln\u00ed energii blesku 200 Ws, co\u017e je asi \u010dty\u0159ikr\u00e1t v\u00edce ne\u017e u standardn\u00edho blesku [&hellip;]<\/p>\n","protected":false},"featured_media":17730,"template":"","meta":[],"product_brand":[],"product_cat":[584],"product_tag":[],"class_list":{"0":"post-17729","1":"product","2":"type-product","3":"status-publish","4":"has-post-thumbnail","6":"product_cat-akumulatorove-blesky","8":"first","9":"instock","10":"product-type-simple"},"yoast_head":"<!-- This site is optimized with the Yoast SEO plugin v27.2 - https:\/\/yoast.com\/product\/yoast-seo-wordpress\/ -->\n<title>GlareOne Botis 200<\/title>\n<meta name=\"description\" content=\"GlareOne Botis 200\" \/>\n<meta name=\"robots\" content=\"index, follow, max-snippet:-1, max-image-preview:large, max-video-preview:-1\" \/>\n<link rel=\"canonical\" href=\"https:\/\/glareone.eu\/cs\/produkt\/glareone-botis-200\/\" \/>\n<meta property=\"og:locale\" content=\"cs_CZ\" \/>\n<meta property=\"og:type\" content=\"article\" \/>\n<meta property=\"og:title\" content=\"GlareOne Botis 200\" \/>\n<meta property=\"og:description\" content=\"GlareOne Botis 200\" \/>\n<meta property=\"og:url\" content=\"https:\/\/glareone.eu\/cs\/produkt\/glareone-botis-200\/\" \/>\n<meta property=\"og:site_name\" content=\"GlareOne\" \/>\n<meta property=\"article:publisher\" content=\"https:\/\/www.facebook.com\/GlareOneLighting\" \/>\n<meta property=\"article:modified_time\" content=\"2025-05-22T10:06:29+00:00\" \/>\n<meta property=\"og:image\" content=\"https:\/\/glareone.eu\/wp-content\/uploads\/2024\/04\/SBOTIS200_01.jpg\" \/>\n\t<meta property=\"og:image:width\" content=\"1200\" \/>\n\t<meta property=\"og:image:height\" content=\"1200\" \/>\n\t<meta property=\"og:image:type\" content=\"image\/jpeg\" \/>\n<meta name=\"twitter:card\" content=\"summary_large_image\" \/>\n<meta name=\"twitter:title\" content=\"GlareOne Botis 200\" \/>\n<meta name=\"twitter:label1\" content=\"Odhadovan\u00e1 doba \u010dten\u00ed\" \/>\n\t<meta name=\"twitter:data1\" content=\"3 minuty\" \/>\n<script type=\"application\/ld+json\" class=\"yoast-schema-graph\">{\"@context\":\"https:\/\/schema.org\",\"@graph\":[{\"@type\":\"WebPage\",\"@id\":\"https:\/\/glareone.eu\/cs\/produkt\/glareone-botis-200\/\",\"url\":\"https:\/\/glareone.eu\/cs\/produkt\/glareone-botis-200\/\",\"name\":\"GlareOne Botis 200\",\"isPartOf\":{\"@id\":\"https:\/\/glareone.eu\/cs\/en\/#website\"},\"primaryImageOfPage\":{\"@id\":\"https:\/\/glareone.eu\/cs\/produkt\/glareone-botis-200\/#primaryimage\"},\"image\":{\"@id\":\"https:\/\/glareone.eu\/cs\/produkt\/glareone-botis-200\/#primaryimage\"},\"thumbnailUrl\":\"https:\/\/glareone.eu\/wp-content\/uploads\/2024\/04\/SBOTIS200_01.jpg\",\"datePublished\":\"2024-04-18T19:26:42+00:00\",\"dateModified\":\"2025-05-22T10:06:29+00:00\",\"description\":\"GlareOne Botis 200\",\"breadcrumb\":{\"@id\":\"https:\/\/glareone.eu\/cs\/produkt\/glareone-botis-200\/#breadcrumb\"},\"inLanguage\":\"cs\",\"potentialAction\":[{\"@type\":\"ReadAction\",\"target\":[\"https:\/\/glareone.eu\/cs\/produkt\/glareone-botis-200\/\"]}]},{\"@type\":\"ImageObject\",\"inLanguage\":\"cs\",\"@id\":\"https:\/\/glareone.eu\/cs\/produkt\/glareone-botis-200\/#primaryimage\",\"url\":\"https:\/\/glareone.eu\/wp-content\/uploads\/2024\/04\/SBOTIS200_01.jpg\",\"contentUrl\":\"https:\/\/glareone.eu\/wp-content\/uploads\/2024\/04\/SBOTIS200_01.jpg\",\"width\":1200,\"height\":1200},{\"@type\":\"BreadcrumbList\",\"@id\":\"https:\/\/glareone.eu\/cs\/produkt\/glareone-botis-200\/#breadcrumb\",\"itemListElement\":[{\"@type\":\"ListItem\",\"position\":1,\"name\":\"Strona g\u0142\u00f3wna\",\"item\":\"https:\/\/glareone.eu\/cs\/\"},{\"@type\":\"ListItem\",\"position\":2,\"name\":\"V\u0161echny produkty\",\"item\":\"https:\/\/glareone.eu\/cs\/produkty\/vsechny-produkty\/\"},{\"@type\":\"ListItem\",\"position\":3,\"name\":\"GlareOne Botis 200\"}]},{\"@type\":\"WebSite\",\"@id\":\"https:\/\/glareone.eu\/cs\/en\/#website\",\"url\":\"https:\/\/glareone.eu\/cs\/en\/\",\"name\":\"GlareOne\",\"description\":\"Wyposa\u017cenie Studia\",\"publisher\":{\"@id\":\"https:\/\/glareone.eu\/cs\/en\/#organization\"},\"potentialAction\":[{\"@type\":\"SearchAction\",\"target\":{\"@type\":\"EntryPoint\",\"urlTemplate\":\"https:\/\/glareone.eu\/cs\/en\/?s={search_term_string}\"},\"query-input\":{\"@type\":\"PropertyValueSpecification\",\"valueRequired\":true,\"valueName\":\"search_term_string\"}}],\"inLanguage\":\"cs\"},{\"@type\":\"Organization\",\"@id\":\"https:\/\/glareone.eu\/cs\/en\/#organization\",\"name\":\"GlareOne\",\"url\":\"https:\/\/glareone.eu\/cs\/en\/\",\"logo\":{\"@type\":\"ImageObject\",\"inLanguage\":\"cs\",\"@id\":\"https:\/\/glareone.eu\/cs\/en\/#\/schema\/logo\/image\/\",\"url\":\"http:\/\/glareone.eu\/wp-content\/uploads\/2024\/05\/glareone_logo2020_RGB-01-e1715773127189.png\",\"contentUrl\":\"http:\/\/glareone.eu\/wp-content\/uploads\/2024\/05\/glareone_logo2020_RGB-01-e1715773127189.png\",\"width\":1270,\"height\":321,\"caption\":\"GlareOne\"},\"image\":{\"@id\":\"https:\/\/glareone.eu\/cs\/en\/#\/schema\/logo\/image\/\"},\"sameAs\":[\"https:\/\/www.facebook.com\/GlareOneLighting\",\"https:\/\/www.instagram.com\/glareonelighting\/\",\"https:\/\/www.youtube.com\/@GlareOneTV\"]}]}<\/script>\n<!-- \/ Yoast SEO plugin. -->","yoast_head_json":{"title":"GlareOne Botis 200","description":"GlareOne Botis 200","robots":{"index":"index","follow":"follow","max-snippet":"max-snippet:-1","max-image-preview":"max-image-preview:large","max-video-preview":"max-video-preview:-1"},"canonical":"https:\/\/glareone.eu\/cs\/produkt\/glareone-botis-200\/","og_locale":"cs_CZ","og_type":"article","og_title":"GlareOne Botis 200","og_description":"GlareOne Botis 200","og_url":"https:\/\/glareone.eu\/cs\/produkt\/glareone-botis-200\/","og_site_name":"GlareOne","article_publisher":"https:\/\/www.facebook.com\/GlareOneLighting","article_modified_time":"2025-05-22T10:06:29+00:00","og_image":[{"width":1200,"height":1200,"url":"https:\/\/glareone.eu\/wp-content\/uploads\/2024\/04\/SBOTIS200_01.jpg","type":"image\/jpeg"}],"twitter_card":"summary_large_image","twitter_title":"GlareOne Botis 200","twitter_misc":{"Odhadovan\u00e1 doba \u010dten\u00ed":"3 minuty"},"schema":{"@context":"https:\/\/schema.org","@graph":[{"@type":"WebPage","@id":"https:\/\/glareone.eu\/cs\/produkt\/glareone-botis-200\/","url":"https:\/\/glareone.eu\/cs\/produkt\/glareone-botis-200\/","name":"GlareOne Botis 200","isPartOf":{"@id":"https:\/\/glareone.eu\/cs\/en\/#website"},"primaryImageOfPage":{"@id":"https:\/\/glareone.eu\/cs\/produkt\/glareone-botis-200\/#primaryimage"},"image":{"@id":"https:\/\/glareone.eu\/cs\/produkt\/glareone-botis-200\/#primaryimage"},"thumbnailUrl":"https:\/\/glareone.eu\/wp-content\/uploads\/2024\/04\/SBOTIS200_01.jpg","datePublished":"2024-04-18T19:26:42+00:00","dateModified":"2025-05-22T10:06:29+00:00","description":"GlareOne Botis 200","breadcrumb":{"@id":"https:\/\/glareone.eu\/cs\/produkt\/glareone-botis-200\/#breadcrumb"},"inLanguage":"cs","potentialAction":[{"@type":"ReadAction","target":["https:\/\/glareone.eu\/cs\/produkt\/glareone-botis-200\/"]}]},{"@type":"ImageObject","inLanguage":"cs","@id":"https:\/\/glareone.eu\/cs\/produkt\/glareone-botis-200\/#primaryimage","url":"https:\/\/glareone.eu\/wp-content\/uploads\/2024\/04\/SBOTIS200_01.jpg","contentUrl":"https:\/\/glareone.eu\/wp-content\/uploads\/2024\/04\/SBOTIS200_01.jpg","width":1200,"height":1200},{"@type":"BreadcrumbList","@id":"https:\/\/glareone.eu\/cs\/produkt\/glareone-botis-200\/#breadcrumb","itemListElement":[{"@type":"ListItem","position":1,"name":"Strona g\u0142\u00f3wna","item":"https:\/\/glareone.eu\/cs\/"},{"@type":"ListItem","position":2,"name":"V\u0161echny produkty","item":"https:\/\/glareone.eu\/cs\/produkty\/vsechny-produkty\/"},{"@type":"ListItem","position":3,"name":"GlareOne Botis 200"}]},{"@type":"WebSite","@id":"https:\/\/glareone.eu\/cs\/en\/#website","url":"https:\/\/glareone.eu\/cs\/en\/","name":"GlareOne","description":"Wyposa\u017cenie Studia","publisher":{"@id":"https:\/\/glareone.eu\/cs\/en\/#organization"},"potentialAction":[{"@type":"SearchAction","target":{"@type":"EntryPoint","urlTemplate":"https:\/\/glareone.eu\/cs\/en\/?s={search_term_string}"},"query-input":{"@type":"PropertyValueSpecification","valueRequired":true,"valueName":"search_term_string"}}],"inLanguage":"cs"},{"@type":"Organization","@id":"https:\/\/glareone.eu\/cs\/en\/#organization","name":"GlareOne","url":"https:\/\/glareone.eu\/cs\/en\/","logo":{"@type":"ImageObject","inLanguage":"cs","@id":"https:\/\/glareone.eu\/cs\/en\/#\/schema\/logo\/image\/","url":"http:\/\/glareone.eu\/wp-content\/uploads\/2024\/05\/glareone_logo2020_RGB-01-e1715773127189.png","contentUrl":"http:\/\/glareone.eu\/wp-content\/uploads\/2024\/05\/glareone_logo2020_RGB-01-e1715773127189.png","width":1270,"height":321,"caption":"GlareOne"},"image":{"@id":"https:\/\/glareone.eu\/cs\/en\/#\/schema\/logo\/image\/"},"sameAs":["https:\/\/www.facebook.com\/GlareOneLighting","https:\/\/www.instagram.com\/glareonelighting\/","https:\/\/www.youtube.com\/@GlareOneTV"]}]}},"_links":{"self":[{"href":"https:\/\/glareone.eu\/cs\/wp-json\/wp\/v2\/product\/17729","targetHints":{"allow":["GET"]}}],"collection":[{"href":"https:\/\/glareone.eu\/cs\/wp-json\/wp\/v2\/product"}],"about":[{"href":"https:\/\/glareone.eu\/cs\/wp-json\/wp\/v2\/types\/product"}],"wp:featuredmedia":[{"embeddable":true,"href":"https:\/\/glareone.eu\/cs\/wp-json\/wp\/v2\/media\/17730"}],"wp:attachment":[{"href":"https:\/\/glareone.eu\/cs\/wp-json\/wp\/v2\/media?parent=17729"}],"wp:term":[{"taxonomy":"product_brand","embeddable":true,"href":"https:\/\/glareone.eu\/cs\/wp-json\/wp\/v2\/product_brand?post=17729"},{"taxonomy":"product_cat","embeddable":true,"href":"https:\/\/glareone.eu\/cs\/wp-json\/wp\/v2\/product_cat?post=17729"},{"taxonomy":"product_tag","embeddable":true,"href":"https:\/\/glareone.eu\/cs\/wp-json\/wp\/v2\/product_tag?post=17729"}],"curies":[{"name":"wp","href":"https:\/\/api.w.org\/{rel}","templated":true}]}}