{"id":17719,"date":"2024-04-18T19:26:42","date_gmt":"2024-04-18T19:26:42","guid":{"rendered":"https:\/\/glareone.eu\/product\/glareone-lynx\/"},"modified":"2026-01-21T11:48:25","modified_gmt":"2026-01-21T11:48:25","slug":"glareone-lynx","status":"publish","type":"product","link":"https:\/\/glareone.eu\/cs\/produkt\/glareone-lynx\/","title":{"rendered":"GlareOne Lynx"},"content":{"rendered":"<p><span style=\"font-weight: 400;\">GlareOne Lynx kombinuje funkce vys\u00edla\u010de a p\u0159ij\u00edma\u010de. S dosahem a\u017e 100 metr\u016f zaji\u0161\u0165uje stabiln\u00ed komunikaci a podporuje 6 skupin a 32 kan\u00e1l\u016f. Lynx disponuje funkc\u00ed High-Speed Sync (HSS) a\u017e do 1\/8000 sekundy a podporou TTL.<\/span><\/p>\n<p style=\"margin: 1cm 4cm;\">\n<div class='avia-iframe-wrap'><iframe loading=\"lazy\" title=\"GlareOne Lynx i Lynx S - prezentacja nadajnika\" width=\"1500\" height=\"844\" src=\"https:\/\/www.youtube.com\/embed\/TmfGl5M5QO8?feature=oembed\" frameborder=\"0\" allow=\"accelerometer; autoplay; clipboard-write; encrypted-media; gyroscope; picture-in-picture; web-share\" referrerpolicy=\"strict-origin-when-cross-origin\" allowfullscreen><\/iframe><\/div>\n<\/p>\n<h3>V\u0161estrannost a funk\u010dnost<\/h3>\n<p>GlareOne Lynx je pokro\u010dil\u00e9 za\u0159\u00edzen\u00ed, kter\u00e9 m\u016f\u017ee fungovat jako vys\u00edla\u010d (v\u00fdchoz\u00ed nastaven\u00ed) nebo p\u0159ij\u00edma\u010d a nab\u00edz\u00ed tak v\u0161estrannost p\u0159i spr\u00e1v\u011b slo\u017eit\u00fdch sv\u011bteln\u00fdch sestav. Za\u0159\u00edzen\u00ed je vybaveno horn\u00edm dr\u017e\u00e1kem pro blesk, kter\u00fd umo\u017e\u0148uje p\u0159ipojit blesk bez vestav\u011bn\u00e9ho r\u00e1diov\u00e9ho ovl\u00e1d\u00e1n\u00ed a spou\u0161t\u011bt jej na d\u00e1lku z jin\u00e9ho za\u0159\u00edzen\u00ed GlareOne v re\u017eimu MASTER.<\/p>\n<h3>Kompatibilita a nap\u00e1jen\u00ed<\/h3>\n<p>GlareOne Lynx je kompatibiln\u00ed s fotoapar\u00e1ty zna\u010dek Canon, Nikon, Fujifilm, Lumix a OM SYSTEM, co\u017e z n\u011bj \u010din\u00ed univerz\u00e1ln\u00ed n\u00e1stroj pro fotografy pou\u017e\u00edvaj\u00edc\u00ed r\u016fzn\u00e9 syst\u00e9my. Je nap\u00e1jen dv\u011bma AA bateriemi, kter\u00e9 zaji\u0161\u0165uj\u00ed dlouhou provozn\u00ed dobu a snadnou v\u00fdm\u011bnu bateri\u00ed v p\u0159\u00edpad\u011b pot\u0159eby.<\/p>\n<h3>Dosah a komunikace<\/h3>\n<p>D\u00edky dosahu a\u017e 100 metr\u016f a r\u00e1diov\u00e9 frekvenci 2,4 GHz zaji\u0161\u0165uje GlareOne Lynx stabiln\u00ed komunikaci mezi za\u0159\u00edzen\u00edmi. Podporuje 6 skupin a 32 komunika\u010dn\u00edch kan\u00e1l\u016f.<\/p>\n<h3>HSS a TTL<\/h3>\n<p>Lynx podporuje vysokorychlostn\u00ed synchronizaci (HSS) a\u017e 1\/8000 sekundy a TTL, co\u017e umo\u017e\u0148uje p\u0159esn\u00e9 a automatick\u00e9 nastaven\u00ed v\u00fdkonu blesku podle sv\u011bteln\u00fdch podm\u00ednek.<\/p>\n<h3>Bluetooth p\u0159ipojen\u00ed a aplikace GlareOne<\/h3>\n<p>D\u00edky vestav\u011bn\u00e9 Bluetooth konektivit\u011b lze GlareOne Lynx ovl\u00e1dat na d\u00e1lku pomoc\u00ed aplikace GlareOne, co\u017e zvy\u0161uje pohodl\u00ed a flexibilitu.<\/p>\n<h3>Vlastnosti GlareOne Lynx:<\/h3>\n<ul>\n<li>Dvoj\u00ed funkce \u2013 vys\u00edla\u010d a p\u0159ij\u00edma\u010d<\/li>\n<li>Dosah a\u017e 100 metr\u016f<\/li>\n<li>Frekvence 2,4 GHz<\/li>\n<li>6 skupin \/ 32 komunika\u010dn\u00edch kan\u00e1l\u016f<\/li>\n<li>Spolupracuje s lampami Vega, Antares, Apus, Botis<\/li>\n<li>Nap\u00e1jen\u00ed 2x AA bateriemi<\/li>\n<li>Kompatibiln\u00ed s Canon \/ Nikon \/ Fujifilm \/ Lumix \/ OM SYSTEM<\/li>\n<li>Vysokorychlostn\u00ed synchronizace (HSS) a\u017e 1\/8000 sekundy<\/li>\n<li>Podpora TTL<\/li>\n<li>P\u0159ipojen\u00ed Bluetooth<\/li>\n<li>Integrace aplikace GlareOne<\/li>\n<\/ul>\n<h3>Balen\u00ed obsahuje:<\/h3>\n<p>1x vys\u00edla\u010d<br \/>\n1x u\u017eivatelsk\u00e1 p\u0159\u00edru\u010dka<\/p>\n","protected":false},"excerpt":{"rendered":"<p>GlareOne Lynx kombinuje funkce vys\u00edla\u010de a p\u0159ij\u00edma\u010de. S dosahem a\u017e 100 metr\u016f zaji\u0161\u0165uje stabiln\u00ed komunikaci a podporuje 6 skupin a 32 kan\u00e1l\u016f. Lynx disponuje funkc\u00ed High-Speed Sync (HSS) a\u017e do 1\/8000 sekundy a podporou TTL. V\u0161estrannost a funk\u010dnost GlareOne Lynx je pokro\u010dil\u00e9 za\u0159\u00edzen\u00ed, kter\u00e9 m\u016f\u017ee fungovat jako vys\u00edla\u010d (v\u00fdchoz\u00ed nastaven\u00ed) nebo p\u0159ij\u00edma\u010d a nab\u00edz\u00ed tak [&hellip;]<\/p>\n","protected":false},"featured_media":17720,"template":"","meta":[],"product_brand":[],"product_cat":[584],"product_tag":[],"class_list":{"0":"post-17719","1":"product","2":"type-product","3":"status-publish","4":"has-post-thumbnail","6":"product_cat-akumulatorove-blesky","8":"first","9":"instock","10":"product-type-simple"},"yoast_head":"<!-- This site is optimized with the Yoast SEO plugin v27.2 - https:\/\/yoast.com\/product\/yoast-seo-wordpress\/ -->\n<title>GlareOne Lynx<\/title>\n<meta name=\"description\" content=\"GlareOne Lynx\" \/>\n<meta name=\"robots\" content=\"index, follow, max-snippet:-1, max-image-preview:large, max-video-preview:-1\" \/>\n<link rel=\"canonical\" href=\"https:\/\/glareone.eu\/cs\/produkt\/glareone-lynx\/\" \/>\n<meta property=\"og:locale\" content=\"cs_CZ\" \/>\n<meta property=\"og:type\" content=\"article\" \/>\n<meta property=\"og:title\" content=\"GlareOne Lynx \u2013 nadajnik\/odbiornik\" \/>\n<meta property=\"og:description\" content=\"GlareOne Lynx\" \/>\n<meta property=\"og:url\" content=\"https:\/\/glareone.eu\/cs\/produkt\/glareone-lynx\/\" \/>\n<meta property=\"og:site_name\" content=\"GlareOne\" \/>\n<meta property=\"article:publisher\" content=\"https:\/\/www.facebook.com\/GlareOneLighting\" \/>\n<meta property=\"article:modified_time\" content=\"2026-01-21T11:48:25+00:00\" \/>\n<meta property=\"og:image\" content=\"https:\/\/glareone.eu\/wp-content\/uploads\/2024\/04\/SOLYNX_11.jpg\" \/>\n\t<meta property=\"og:image:width\" content=\"1200\" \/>\n\t<meta property=\"og:image:height\" content=\"1200\" \/>\n\t<meta property=\"og:image:type\" content=\"image\/jpeg\" \/>\n<meta name=\"twitter:card\" content=\"summary_large_image\" \/>\n<meta name=\"twitter:title\" content=\"GlareOne Lynx \u2013 nadajnik\/odbiornik\" \/>\n<meta name=\"twitter:label1\" content=\"Odhadovan\u00e1 doba \u010dten\u00ed\" \/>\n\t<meta name=\"twitter:data1\" content=\"2 minuty\" \/>\n<script type=\"application\/ld+json\" class=\"yoast-schema-graph\">{\"@context\":\"https:\/\/schema.org\",\"@graph\":[{\"@type\":\"WebPage\",\"@id\":\"https:\/\/glareone.eu\/cs\/produkt\/glareone-lynx\/\",\"url\":\"https:\/\/glareone.eu\/cs\/produkt\/glareone-lynx\/\",\"name\":\"GlareOne Lynx\",\"isPartOf\":{\"@id\":\"https:\/\/glareone.eu\/cs\/en\/#website\"},\"primaryImageOfPage\":{\"@id\":\"https:\/\/glareone.eu\/cs\/produkt\/glareone-lynx\/#primaryimage\"},\"image\":{\"@id\":\"https:\/\/glareone.eu\/cs\/produkt\/glareone-lynx\/#primaryimage\"},\"thumbnailUrl\":\"https:\/\/glareone.eu\/wp-content\/uploads\/2024\/04\/SOLYNX_11.jpg\",\"datePublished\":\"2024-04-18T19:26:42+00:00\",\"dateModified\":\"2026-01-21T11:48:25+00:00\",\"description\":\"GlareOne Lynx\",\"breadcrumb\":{\"@id\":\"https:\/\/glareone.eu\/cs\/produkt\/glareone-lynx\/#breadcrumb\"},\"inLanguage\":\"cs\",\"potentialAction\":[{\"@type\":\"ReadAction\",\"target\":[\"https:\/\/glareone.eu\/cs\/produkt\/glareone-lynx\/\"]}]},{\"@type\":\"ImageObject\",\"inLanguage\":\"cs\",\"@id\":\"https:\/\/glareone.eu\/cs\/produkt\/glareone-lynx\/#primaryimage\",\"url\":\"https:\/\/glareone.eu\/wp-content\/uploads\/2024\/04\/SOLYNX_11.jpg\",\"contentUrl\":\"https:\/\/glareone.eu\/wp-content\/uploads\/2024\/04\/SOLYNX_11.jpg\",\"width\":1200,\"height\":1200},{\"@type\":\"BreadcrumbList\",\"@id\":\"https:\/\/glareone.eu\/cs\/produkt\/glareone-lynx\/#breadcrumb\",\"itemListElement\":[{\"@type\":\"ListItem\",\"position\":1,\"name\":\"Strona g\u0142\u00f3wna\",\"item\":\"https:\/\/glareone.eu\/cs\/\"},{\"@type\":\"ListItem\",\"position\":2,\"name\":\"V\u0161echny produkty\",\"item\":\"https:\/\/glareone.eu\/cs\/produkty\/vsechny-produkty\/\"},{\"@type\":\"ListItem\",\"position\":3,\"name\":\"GlareOne Lynx\"}]},{\"@type\":\"WebSite\",\"@id\":\"https:\/\/glareone.eu\/cs\/en\/#website\",\"url\":\"https:\/\/glareone.eu\/cs\/en\/\",\"name\":\"GlareOne\",\"description\":\"Wyposa\u017cenie Studia\",\"publisher\":{\"@id\":\"https:\/\/glareone.eu\/cs\/en\/#organization\"},\"potentialAction\":[{\"@type\":\"SearchAction\",\"target\":{\"@type\":\"EntryPoint\",\"urlTemplate\":\"https:\/\/glareone.eu\/cs\/en\/?s={search_term_string}\"},\"query-input\":{\"@type\":\"PropertyValueSpecification\",\"valueRequired\":true,\"valueName\":\"search_term_string\"}}],\"inLanguage\":\"cs\"},{\"@type\":\"Organization\",\"@id\":\"https:\/\/glareone.eu\/cs\/en\/#organization\",\"name\":\"GlareOne\",\"url\":\"https:\/\/glareone.eu\/cs\/en\/\",\"logo\":{\"@type\":\"ImageObject\",\"inLanguage\":\"cs\",\"@id\":\"https:\/\/glareone.eu\/cs\/en\/#\/schema\/logo\/image\/\",\"url\":\"http:\/\/glareone.eu\/wp-content\/uploads\/2024\/05\/glareone_logo2020_RGB-01-e1715773127189.png\",\"contentUrl\":\"http:\/\/glareone.eu\/wp-content\/uploads\/2024\/05\/glareone_logo2020_RGB-01-e1715773127189.png\",\"width\":1270,\"height\":321,\"caption\":\"GlareOne\"},\"image\":{\"@id\":\"https:\/\/glareone.eu\/cs\/en\/#\/schema\/logo\/image\/\"},\"sameAs\":[\"https:\/\/www.facebook.com\/GlareOneLighting\",\"https:\/\/www.instagram.com\/glareonelighting\/\",\"https:\/\/www.youtube.com\/@GlareOneTV\"]}]}<\/script>\n<!-- \/ Yoast SEO plugin. -->","yoast_head_json":{"title":"GlareOne Lynx","description":"GlareOne Lynx","robots":{"index":"index","follow":"follow","max-snippet":"max-snippet:-1","max-image-preview":"max-image-preview:large","max-video-preview":"max-video-preview:-1"},"canonical":"https:\/\/glareone.eu\/cs\/produkt\/glareone-lynx\/","og_locale":"cs_CZ","og_type":"article","og_title":"GlareOne Lynx \u2013 nadajnik\/odbiornik","og_description":"GlareOne Lynx","og_url":"https:\/\/glareone.eu\/cs\/produkt\/glareone-lynx\/","og_site_name":"GlareOne","article_publisher":"https:\/\/www.facebook.com\/GlareOneLighting","article_modified_time":"2026-01-21T11:48:25+00:00","og_image":[{"width":1200,"height":1200,"url":"https:\/\/glareone.eu\/wp-content\/uploads\/2024\/04\/SOLYNX_11.jpg","type":"image\/jpeg"}],"twitter_card":"summary_large_image","twitter_title":"GlareOne Lynx \u2013 nadajnik\/odbiornik","twitter_misc":{"Odhadovan\u00e1 doba \u010dten\u00ed":"2 minuty"},"schema":{"@context":"https:\/\/schema.org","@graph":[{"@type":"WebPage","@id":"https:\/\/glareone.eu\/cs\/produkt\/glareone-lynx\/","url":"https:\/\/glareone.eu\/cs\/produkt\/glareone-lynx\/","name":"GlareOne Lynx","isPartOf":{"@id":"https:\/\/glareone.eu\/cs\/en\/#website"},"primaryImageOfPage":{"@id":"https:\/\/glareone.eu\/cs\/produkt\/glareone-lynx\/#primaryimage"},"image":{"@id":"https:\/\/glareone.eu\/cs\/produkt\/glareone-lynx\/#primaryimage"},"thumbnailUrl":"https:\/\/glareone.eu\/wp-content\/uploads\/2024\/04\/SOLYNX_11.jpg","datePublished":"2024-04-18T19:26:42+00:00","dateModified":"2026-01-21T11:48:25+00:00","description":"GlareOne Lynx","breadcrumb":{"@id":"https:\/\/glareone.eu\/cs\/produkt\/glareone-lynx\/#breadcrumb"},"inLanguage":"cs","potentialAction":[{"@type":"ReadAction","target":["https:\/\/glareone.eu\/cs\/produkt\/glareone-lynx\/"]}]},{"@type":"ImageObject","inLanguage":"cs","@id":"https:\/\/glareone.eu\/cs\/produkt\/glareone-lynx\/#primaryimage","url":"https:\/\/glareone.eu\/wp-content\/uploads\/2024\/04\/SOLYNX_11.jpg","contentUrl":"https:\/\/glareone.eu\/wp-content\/uploads\/2024\/04\/SOLYNX_11.jpg","width":1200,"height":1200},{"@type":"BreadcrumbList","@id":"https:\/\/glareone.eu\/cs\/produkt\/glareone-lynx\/#breadcrumb","itemListElement":[{"@type":"ListItem","position":1,"name":"Strona g\u0142\u00f3wna","item":"https:\/\/glareone.eu\/cs\/"},{"@type":"ListItem","position":2,"name":"V\u0161echny produkty","item":"https:\/\/glareone.eu\/cs\/produkty\/vsechny-produkty\/"},{"@type":"ListItem","position":3,"name":"GlareOne Lynx"}]},{"@type":"WebSite","@id":"https:\/\/glareone.eu\/cs\/en\/#website","url":"https:\/\/glareone.eu\/cs\/en\/","name":"GlareOne","description":"Wyposa\u017cenie Studia","publisher":{"@id":"https:\/\/glareone.eu\/cs\/en\/#organization"},"potentialAction":[{"@type":"SearchAction","target":{"@type":"EntryPoint","urlTemplate":"https:\/\/glareone.eu\/cs\/en\/?s={search_term_string}"},"query-input":{"@type":"PropertyValueSpecification","valueRequired":true,"valueName":"search_term_string"}}],"inLanguage":"cs"},{"@type":"Organization","@id":"https:\/\/glareone.eu\/cs\/en\/#organization","name":"GlareOne","url":"https:\/\/glareone.eu\/cs\/en\/","logo":{"@type":"ImageObject","inLanguage":"cs","@id":"https:\/\/glareone.eu\/cs\/en\/#\/schema\/logo\/image\/","url":"http:\/\/glareone.eu\/wp-content\/uploads\/2024\/05\/glareone_logo2020_RGB-01-e1715773127189.png","contentUrl":"http:\/\/glareone.eu\/wp-content\/uploads\/2024\/05\/glareone_logo2020_RGB-01-e1715773127189.png","width":1270,"height":321,"caption":"GlareOne"},"image":{"@id":"https:\/\/glareone.eu\/cs\/en\/#\/schema\/logo\/image\/"},"sameAs":["https:\/\/www.facebook.com\/GlareOneLighting","https:\/\/www.instagram.com\/glareonelighting\/","https:\/\/www.youtube.com\/@GlareOneTV"]}]}},"_links":{"self":[{"href":"https:\/\/glareone.eu\/cs\/wp-json\/wp\/v2\/product\/17719","targetHints":{"allow":["GET"]}}],"collection":[{"href":"https:\/\/glareone.eu\/cs\/wp-json\/wp\/v2\/product"}],"about":[{"href":"https:\/\/glareone.eu\/cs\/wp-json\/wp\/v2\/types\/product"}],"wp:featuredmedia":[{"embeddable":true,"href":"https:\/\/glareone.eu\/cs\/wp-json\/wp\/v2\/media\/17720"}],"wp:attachment":[{"href":"https:\/\/glareone.eu\/cs\/wp-json\/wp\/v2\/media?parent=17719"}],"wp:term":[{"taxonomy":"product_brand","embeddable":true,"href":"https:\/\/glareone.eu\/cs\/wp-json\/wp\/v2\/product_brand?post=17719"},{"taxonomy":"product_cat","embeddable":true,"href":"https:\/\/glareone.eu\/cs\/wp-json\/wp\/v2\/product_cat?post=17719"},{"taxonomy":"product_tag","embeddable":true,"href":"https:\/\/glareone.eu\/cs\/wp-json\/wp\/v2\/product_tag?post=17719"}],"curies":[{"name":"wp","href":"https:\/\/api.w.org\/{rel}","templated":true}]}}