{"id":17690,"date":"2024-04-18T19:26:40","date_gmt":"2024-04-18T19:26:40","guid":{"rendered":"https:\/\/glareone.eu\/product\/glareone-polaris-s\/"},"modified":"2026-01-21T11:48:08","modified_gmt":"2026-01-21T11:48:08","slug":"glareone-polaris-s","status":"publish","type":"product","link":"https:\/\/glareone.eu\/cs\/produkt\/glareone-polaris-s\/","title":{"rendered":"GlareOne Polaris S"},"content":{"rendered":"<p><span style=\"font-weight: 400;\">GlareOne Polaris S je bezdr\u00e1tov\u00fd ovlada\u010d a spou\u0161t\u011b\u010d pro blesky GlareOne, vybaven\u00fd velk\u00fdm barevn\u00fdm displejem a speci\u00e1ln\u00edmi tla\u010d\u00edtky pro ovl\u00e1d\u00e1n\u00ed jednotliv\u00fdch skupin sv\u011btel, co\u017e zaji\u0161\u0165uje pohodln\u00e9 a rychl\u00e9 \u0159\u00edzen\u00ed osv\u011btlen\u00ed. Podporuje vysokorychlostn\u00ed synchronizaci (HSS) a\u017e do 1\/8000 sekundy a funkci TTL.<\/span><\/p>\n<p style=\"margin: 1cm 4cm;\">\n<div class='avia-iframe-wrap'><iframe loading=\"lazy\" title=\"GlareOne Polaris i Polaris S - prezentacja nadajnika\" width=\"1500\" height=\"844\" src=\"https:\/\/www.youtube.com\/embed\/CpHgo3qFi68?feature=oembed\" frameborder=\"0\" allow=\"accelerometer; autoplay; clipboard-write; encrypted-media; gyroscope; picture-in-picture; web-share\" referrerpolicy=\"strict-origin-when-cross-origin\" allowfullscreen><\/iframe><\/div>\n<\/p>\n<h3>Dosah a komunikace<\/h3>\n<p>Vys\u00edla\u010d pracuje na r\u00e1diov\u00e9 frekvenci 2,4 GHz, co\u017e umo\u017e\u0148uje stabiln\u00ed komunikaci se z\u00e1blesky v okruhu 100 metr\u016f. Podporuje 6 skupin a 32 komunika\u010dn\u00edch kan\u00e1l\u016f, co\u017e umo\u017e\u0148uje p\u0159esn\u00e9 a spolehliv\u00e9 ovl\u00e1d\u00e1n\u00ed v\u00edce sv\u011bteln\u00fdch zdroj\u016f.<\/p>\n<h3>Kompatibilita a nap\u00e1jen\u00ed<\/h3>\n<p>GlareOne Polaris S je kompatibiln\u00ed se za\u0159\u00edzen\u00edmi Sony. Za\u0159\u00edzen\u00ed je nap\u00e1jeno dob\u00edjec\u00ed bateri\u00ed a nab\u00edjeno pomoc\u00ed kabelu USB-C, co\u017e zaji\u0161\u0165uje dlouhou dobu provozu a mo\u017enost rychl\u00e9ho dob\u00edjen\u00ed.<\/p>\n<h3>HSS a TTL<\/h3>\n<p>Polaris S podporuje vysokorychlostn\u00ed synchronizaci (HSS) a\u017e do 1\/8000 sekundy a TTL, co\u017e umo\u017e\u0148uje p\u0159esn\u00e9 a automatick\u00e9 nastaven\u00ed v\u00fdkonu blesku podle sv\u011bteln\u00fdch podm\u00ednek.<\/p>\n<h3>Bluetooth p\u0159ipojen\u00ed a aplikace GlareOne<\/h3>\n<p>D\u00edky vestav\u011bn\u00e9 konektivit\u011b Bluetooth lze GlareOne Polaris S ovl\u00e1dat na d\u00e1lku pomoc\u00ed aplikace GlareOne, co\u017e zvy\u0161uje pohodl\u00ed a flexibilitu.<\/p>\n<h3>Vlastnosti GlareOne Polaris S:<\/h3>\n<ul>\n<li>Funkce vys\u00edla\u010de<\/li>\n<li>Velk\u00fd barevn\u00fd displej<\/li>\n<li>Speci\u00e1ln\u00ed fyzick\u00e1 tla\u010d\u00edtka pro rychl\u00fd p\u0159\u00edstup ke 4 skupin\u00e1m sv\u011btel<\/li>\n<li>Dosah a\u017e 100 metr\u016f<\/li>\n<li>6 skupin \/ 32 komunika\u010dn\u00edch kan\u00e1l\u016f<\/li>\n<li>Spolupracuje s lampami Vega, Antares, Apus, Botis<\/li>\n<li>Nap\u00e1jen\u00ed z vysoce v\u00fdkonn\u00e9 dob\u00edjec\u00ed baterie<\/li>\n<li>Vybaveno USB-C portem pro nab\u00edjen\u00ed<\/li>\n<li>Kompatibiln\u00ed se Sony<\/li>\n<li>High-Speed Sync (HSS) a\u017e 1\/8000 sekundy<\/li>\n<li>Podpora TTL<\/li>\n<li>Bluetooth p\u0159ipojen\u00ed<\/li>\n<li>Integrace aplikace GlareOne<\/li>\n<\/ul>\n<h3>Balen\u00ed obsahuje:<\/h3>\n<p>1x vys\u00edla\u010d<br \/>\n1x u\u017eivatelsk\u00e1 p\u0159\u00edru\u010dka<\/p>\n","protected":false},"excerpt":{"rendered":"<p>GlareOne Polaris S je bezdr\u00e1tov\u00fd ovlada\u010d a spou\u0161t\u011b\u010d pro blesky GlareOne, vybaven\u00fd velk\u00fdm barevn\u00fdm displejem a speci\u00e1ln\u00edmi tla\u010d\u00edtky pro ovl\u00e1d\u00e1n\u00ed jednotliv\u00fdch skupin sv\u011btel, co\u017e zaji\u0161\u0165uje pohodln\u00e9 a rychl\u00e9 \u0159\u00edzen\u00ed osv\u011btlen\u00ed. Podporuje vysokorychlostn\u00ed synchronizaci (HSS) a\u017e do 1\/8000 sekundy a funkci TTL. Dosah a komunikace Vys\u00edla\u010d pracuje na r\u00e1diov\u00e9 frekvenci 2,4 GHz, co\u017e umo\u017e\u0148uje stabiln\u00ed komunikaci [&hellip;]<\/p>\n","protected":false},"featured_media":17691,"template":"","meta":[],"product_brand":[],"product_cat":[584],"product_tag":[],"class_list":{"0":"post-17690","1":"product","2":"type-product","3":"status-publish","4":"has-post-thumbnail","6":"product_cat-akumulatorove-blesky","8":"first","9":"instock","10":"product-type-simple"},"yoast_head":"<!-- This site is optimized with the Yoast SEO plugin v27.2 - https:\/\/yoast.com\/product\/yoast-seo-wordpress\/ -->\n<title>GlareOne Polaris S<\/title>\n<meta name=\"description\" content=\"GlareOne Polaris S\" \/>\n<meta name=\"robots\" content=\"index, follow, max-snippet:-1, max-image-preview:large, max-video-preview:-1\" \/>\n<link rel=\"canonical\" href=\"https:\/\/glareone.eu\/cs\/produkt\/glareone-polaris-s\/\" \/>\n<meta property=\"og:locale\" content=\"cs_CZ\" \/>\n<meta property=\"og:type\" content=\"article\" \/>\n<meta property=\"og:title\" content=\"GlareOne Polaris S \u2013 wyzwalacz radiowy dla aparat\u00f3w Sony\" \/>\n<meta property=\"og:description\" content=\"GlareOne Polaris S\" \/>\n<meta property=\"og:url\" content=\"https:\/\/glareone.eu\/cs\/produkt\/glareone-polaris-s\/\" \/>\n<meta property=\"og:site_name\" content=\"GlareOne\" \/>\n<meta property=\"article:publisher\" content=\"https:\/\/www.facebook.com\/GlareOneLighting\" \/>\n<meta property=\"article:modified_time\" content=\"2026-01-21T11:48:08+00:00\" \/>\n<meta property=\"og:image\" content=\"https:\/\/glareone.eu\/wp-content\/uploads\/2024\/04\/SOPOLARIS_01-1.jpg\" \/>\n\t<meta property=\"og:image:width\" content=\"1200\" \/>\n\t<meta property=\"og:image:height\" content=\"1200\" \/>\n\t<meta property=\"og:image:type\" content=\"image\/jpeg\" \/>\n<meta name=\"twitter:card\" content=\"summary_large_image\" \/>\n<meta name=\"twitter:title\" content=\"GlareOne Polaris S \u2013 wyzwalacz radiowy dla aparat\u00f3w Sony\" \/>\n<meta name=\"twitter:label1\" content=\"Odhadovan\u00e1 doba \u010dten\u00ed\" \/>\n\t<meta name=\"twitter:data1\" content=\"1 minuta\" \/>\n<script type=\"application\/ld+json\" class=\"yoast-schema-graph\">{\"@context\":\"https:\/\/schema.org\",\"@graph\":[{\"@type\":\"WebPage\",\"@id\":\"https:\/\/glareone.eu\/cs\/produkt\/glareone-polaris-s\/\",\"url\":\"https:\/\/glareone.eu\/cs\/produkt\/glareone-polaris-s\/\",\"name\":\"GlareOne Polaris S\",\"isPartOf\":{\"@id\":\"https:\/\/glareone.eu\/cs\/en\/#website\"},\"primaryImageOfPage\":{\"@id\":\"https:\/\/glareone.eu\/cs\/produkt\/glareone-polaris-s\/#primaryimage\"},\"image\":{\"@id\":\"https:\/\/glareone.eu\/cs\/produkt\/glareone-polaris-s\/#primaryimage\"},\"thumbnailUrl\":\"https:\/\/glareone.eu\/wp-content\/uploads\/2024\/04\/SOPOLARIS_01-1.jpg\",\"datePublished\":\"2024-04-18T19:26:40+00:00\",\"dateModified\":\"2026-01-21T11:48:08+00:00\",\"description\":\"GlareOne Polaris S\",\"breadcrumb\":{\"@id\":\"https:\/\/glareone.eu\/cs\/produkt\/glareone-polaris-s\/#breadcrumb\"},\"inLanguage\":\"cs\",\"potentialAction\":[{\"@type\":\"ReadAction\",\"target\":[\"https:\/\/glareone.eu\/cs\/produkt\/glareone-polaris-s\/\"]}]},{\"@type\":\"ImageObject\",\"inLanguage\":\"cs\",\"@id\":\"https:\/\/glareone.eu\/cs\/produkt\/glareone-polaris-s\/#primaryimage\",\"url\":\"https:\/\/glareone.eu\/wp-content\/uploads\/2024\/04\/SOPOLARIS_01-1.jpg\",\"contentUrl\":\"https:\/\/glareone.eu\/wp-content\/uploads\/2024\/04\/SOPOLARIS_01-1.jpg\",\"width\":1200,\"height\":1200},{\"@type\":\"BreadcrumbList\",\"@id\":\"https:\/\/glareone.eu\/cs\/produkt\/glareone-polaris-s\/#breadcrumb\",\"itemListElement\":[{\"@type\":\"ListItem\",\"position\":1,\"name\":\"Strona g\u0142\u00f3wna\",\"item\":\"https:\/\/glareone.eu\/cs\/\"},{\"@type\":\"ListItem\",\"position\":2,\"name\":\"V\u0161echny produkty\",\"item\":\"https:\/\/glareone.eu\/cs\/produkty\/vsechny-produkty\/\"},{\"@type\":\"ListItem\",\"position\":3,\"name\":\"GlareOne Polaris S\"}]},{\"@type\":\"WebSite\",\"@id\":\"https:\/\/glareone.eu\/cs\/en\/#website\",\"url\":\"https:\/\/glareone.eu\/cs\/en\/\",\"name\":\"GlareOne\",\"description\":\"Wyposa\u017cenie Studia\",\"publisher\":{\"@id\":\"https:\/\/glareone.eu\/cs\/en\/#organization\"},\"potentialAction\":[{\"@type\":\"SearchAction\",\"target\":{\"@type\":\"EntryPoint\",\"urlTemplate\":\"https:\/\/glareone.eu\/cs\/en\/?s={search_term_string}\"},\"query-input\":{\"@type\":\"PropertyValueSpecification\",\"valueRequired\":true,\"valueName\":\"search_term_string\"}}],\"inLanguage\":\"cs\"},{\"@type\":\"Organization\",\"@id\":\"https:\/\/glareone.eu\/cs\/en\/#organization\",\"name\":\"GlareOne\",\"url\":\"https:\/\/glareone.eu\/cs\/en\/\",\"logo\":{\"@type\":\"ImageObject\",\"inLanguage\":\"cs\",\"@id\":\"https:\/\/glareone.eu\/cs\/en\/#\/schema\/logo\/image\/\",\"url\":\"http:\/\/glareone.eu\/wp-content\/uploads\/2024\/05\/glareone_logo2020_RGB-01-e1715773127189.png\",\"contentUrl\":\"http:\/\/glareone.eu\/wp-content\/uploads\/2024\/05\/glareone_logo2020_RGB-01-e1715773127189.png\",\"width\":1270,\"height\":321,\"caption\":\"GlareOne\"},\"image\":{\"@id\":\"https:\/\/glareone.eu\/cs\/en\/#\/schema\/logo\/image\/\"},\"sameAs\":[\"https:\/\/www.facebook.com\/GlareOneLighting\",\"https:\/\/www.instagram.com\/glareonelighting\/\",\"https:\/\/www.youtube.com\/@GlareOneTV\"]}]}<\/script>\n<!-- \/ Yoast SEO plugin. -->","yoast_head_json":{"title":"GlareOne Polaris S","description":"GlareOne Polaris S","robots":{"index":"index","follow":"follow","max-snippet":"max-snippet:-1","max-image-preview":"max-image-preview:large","max-video-preview":"max-video-preview:-1"},"canonical":"https:\/\/glareone.eu\/cs\/produkt\/glareone-polaris-s\/","og_locale":"cs_CZ","og_type":"article","og_title":"GlareOne Polaris S \u2013 wyzwalacz radiowy dla aparat\u00f3w Sony","og_description":"GlareOne Polaris S","og_url":"https:\/\/glareone.eu\/cs\/produkt\/glareone-polaris-s\/","og_site_name":"GlareOne","article_publisher":"https:\/\/www.facebook.com\/GlareOneLighting","article_modified_time":"2026-01-21T11:48:08+00:00","og_image":[{"width":1200,"height":1200,"url":"https:\/\/glareone.eu\/wp-content\/uploads\/2024\/04\/SOPOLARIS_01-1.jpg","type":"image\/jpeg"}],"twitter_card":"summary_large_image","twitter_title":"GlareOne Polaris S \u2013 wyzwalacz radiowy dla aparat\u00f3w Sony","twitter_misc":{"Odhadovan\u00e1 doba \u010dten\u00ed":"1 minuta"},"schema":{"@context":"https:\/\/schema.org","@graph":[{"@type":"WebPage","@id":"https:\/\/glareone.eu\/cs\/produkt\/glareone-polaris-s\/","url":"https:\/\/glareone.eu\/cs\/produkt\/glareone-polaris-s\/","name":"GlareOne Polaris S","isPartOf":{"@id":"https:\/\/glareone.eu\/cs\/en\/#website"},"primaryImageOfPage":{"@id":"https:\/\/glareone.eu\/cs\/produkt\/glareone-polaris-s\/#primaryimage"},"image":{"@id":"https:\/\/glareone.eu\/cs\/produkt\/glareone-polaris-s\/#primaryimage"},"thumbnailUrl":"https:\/\/glareone.eu\/wp-content\/uploads\/2024\/04\/SOPOLARIS_01-1.jpg","datePublished":"2024-04-18T19:26:40+00:00","dateModified":"2026-01-21T11:48:08+00:00","description":"GlareOne Polaris S","breadcrumb":{"@id":"https:\/\/glareone.eu\/cs\/produkt\/glareone-polaris-s\/#breadcrumb"},"inLanguage":"cs","potentialAction":[{"@type":"ReadAction","target":["https:\/\/glareone.eu\/cs\/produkt\/glareone-polaris-s\/"]}]},{"@type":"ImageObject","inLanguage":"cs","@id":"https:\/\/glareone.eu\/cs\/produkt\/glareone-polaris-s\/#primaryimage","url":"https:\/\/glareone.eu\/wp-content\/uploads\/2024\/04\/SOPOLARIS_01-1.jpg","contentUrl":"https:\/\/glareone.eu\/wp-content\/uploads\/2024\/04\/SOPOLARIS_01-1.jpg","width":1200,"height":1200},{"@type":"BreadcrumbList","@id":"https:\/\/glareone.eu\/cs\/produkt\/glareone-polaris-s\/#breadcrumb","itemListElement":[{"@type":"ListItem","position":1,"name":"Strona g\u0142\u00f3wna","item":"https:\/\/glareone.eu\/cs\/"},{"@type":"ListItem","position":2,"name":"V\u0161echny produkty","item":"https:\/\/glareone.eu\/cs\/produkty\/vsechny-produkty\/"},{"@type":"ListItem","position":3,"name":"GlareOne Polaris S"}]},{"@type":"WebSite","@id":"https:\/\/glareone.eu\/cs\/en\/#website","url":"https:\/\/glareone.eu\/cs\/en\/","name":"GlareOne","description":"Wyposa\u017cenie Studia","publisher":{"@id":"https:\/\/glareone.eu\/cs\/en\/#organization"},"potentialAction":[{"@type":"SearchAction","target":{"@type":"EntryPoint","urlTemplate":"https:\/\/glareone.eu\/cs\/en\/?s={search_term_string}"},"query-input":{"@type":"PropertyValueSpecification","valueRequired":true,"valueName":"search_term_string"}}],"inLanguage":"cs"},{"@type":"Organization","@id":"https:\/\/glareone.eu\/cs\/en\/#organization","name":"GlareOne","url":"https:\/\/glareone.eu\/cs\/en\/","logo":{"@type":"ImageObject","inLanguage":"cs","@id":"https:\/\/glareone.eu\/cs\/en\/#\/schema\/logo\/image\/","url":"http:\/\/glareone.eu\/wp-content\/uploads\/2024\/05\/glareone_logo2020_RGB-01-e1715773127189.png","contentUrl":"http:\/\/glareone.eu\/wp-content\/uploads\/2024\/05\/glareone_logo2020_RGB-01-e1715773127189.png","width":1270,"height":321,"caption":"GlareOne"},"image":{"@id":"https:\/\/glareone.eu\/cs\/en\/#\/schema\/logo\/image\/"},"sameAs":["https:\/\/www.facebook.com\/GlareOneLighting","https:\/\/www.instagram.com\/glareonelighting\/","https:\/\/www.youtube.com\/@GlareOneTV"]}]}},"_links":{"self":[{"href":"https:\/\/glareone.eu\/cs\/wp-json\/wp\/v2\/product\/17690","targetHints":{"allow":["GET"]}}],"collection":[{"href":"https:\/\/glareone.eu\/cs\/wp-json\/wp\/v2\/product"}],"about":[{"href":"https:\/\/glareone.eu\/cs\/wp-json\/wp\/v2\/types\/product"}],"wp:featuredmedia":[{"embeddable":true,"href":"https:\/\/glareone.eu\/cs\/wp-json\/wp\/v2\/media\/17691"}],"wp:attachment":[{"href":"https:\/\/glareone.eu\/cs\/wp-json\/wp\/v2\/media?parent=17690"}],"wp:term":[{"taxonomy":"product_brand","embeddable":true,"href":"https:\/\/glareone.eu\/cs\/wp-json\/wp\/v2\/product_brand?post=17690"},{"taxonomy":"product_cat","embeddable":true,"href":"https:\/\/glareone.eu\/cs\/wp-json\/wp\/v2\/product_cat?post=17690"},{"taxonomy":"product_tag","embeddable":true,"href":"https:\/\/glareone.eu\/cs\/wp-json\/wp\/v2\/product_tag?post=17690"}],"curies":[{"name":"wp","href":"https:\/\/api.w.org\/{rel}","templated":true}]}}