{"id":17643,"date":"2025-04-14T12:12:22","date_gmt":"2025-04-14T12:12:22","guid":{"rendered":"https:\/\/glareone.eu\/product\/glareone-led-booster-vario-30-60-reflector\/"},"modified":"2025-05-21T13:39:16","modified_gmt":"2025-05-21T13:39:16","slug":"glareone-led-booster-vario-30-60-reflector","status":"publish","type":"product","link":"https:\/\/glareone.eu\/cs\/produkt\/glareone-led-booster-vario-30-60-reflector\/","title":{"rendered":"GlareOne LED Booster Vario 30\/60\u00b0 Reflector"},"content":{"rendered":"<p><span style=\"font-weight: 400;\">Variabiln\u00ed LED Light Beam Reflector 30\u00b0\/60\u00b0, ur\u010den\u00fd pro LED sv\u011btla<\/span><\/p>\n<p><span style=\"font-weight: 400;\">Reflektor je z\u00e1kladn\u00ed modifik\u00e1tor sv\u011btla, kter\u00fd je nezbytn\u00e9 m\u00edt. Umo\u017e\u0148uje nasm\u011brovat sv\u011btlo ze sv\u011btla ur\u010dit\u00fdm sm\u011brem, poskytuje p\u0159\u00edm\u00e9 osv\u011btlen\u00ed sc\u00e9ny, odr\u00e1\u017e\u00ed jej od reflektoru nebo rozptyluje p\u0159es zm\u011bk\u010dova\u010d.<\/span><\/p>\n<p><span style=\"font-weight: 400;\">LED Booster Vario 30\/60\u00b0 Reflector umo\u017e\u0148uje nastavit \u00fahel paprsku. M\u016f\u017eete dos\u00e1hnout 60\u00b0 sv\u011bteln\u00e9ho paprsku (podobn\u011b jako LED Booster Reflector) nebo jej z\u00fa\u017eit na 30\u00b0.<\/span><\/p>\n<p><span style=\"font-weight: 400;\">M\u00e1 pr\u016fm\u011br 18 cm a hloubku 15 cm p\u0159i nastaven\u00ed 60\u00b0 a pr\u016fm\u011br 24 cm a hloubku 30 cm p\u0159i nastaven\u00ed 30\u00b0.<\/span><\/p>\n<p><span style=\"font-weight: 400;\">Tento reflektor umo\u017e\u0148uje vysoce soust\u0159ed\u011bn\u00e9 ovl\u00e1d\u00e1n\u00ed sv\u011btla a soust\u0159e\u010fuje centr\u00e1ln\u00ed sv\u011bteln\u00fd paprsek. Vyza\u0159ovac\u00ed \u00fahel 60\u00b0 je ide\u00e1ln\u00ed pro st\u0159edn\u00ed a kr\u00e1tk\u00e9 vzd\u00e1lenosti, zat\u00edmco vyza\u0159ovac\u00ed \u00fahel 30\u00b0 poskytuje je\u0161t\u011b p\u0159esn\u011bj\u0161\u00ed osv\u011btlen\u00ed sc\u00e9ny.<\/span><\/p>\n<h3><b>Vlastnosti produktu:<\/b><\/h3>\n<ul>\n<li style=\"font-weight: 400;\" aria-level=\"1\"><span style=\"font-weight: 400;\">Ur\u010deno pro LED sv\u011btla, ale tak\u00e9 kompatibiln\u00ed s blesky.<\/span><\/li>\n<li style=\"font-weight: 400;\" aria-level=\"1\"><span style=\"font-weight: 400;\">Vytv\u00e1\u0159\u00ed ostr\u00e9 a vysoce kontrastn\u00ed sv\u011btlo.<\/span><\/li>\n<li style=\"font-weight: 400;\" aria-level=\"1\"><span style=\"font-weight: 400;\">Nastaviteln\u00fd \u00fahel paprsku: 30\u00b0 nebo 60\u00b0.<\/span><\/li>\n<li style=\"font-weight: 400;\" aria-level=\"1\"><span style=\"font-weight: 400;\">Umo\u017e\u0148uje vysoce p\u0159esn\u00e9 nasm\u011brov\u00e1n\u00ed sv\u011btla na vybran\u00fd objekt.<\/span><\/li>\n<li style=\"font-weight: 400;\" aria-level=\"1\"><span style=\"font-weight: 400;\">V nastaven\u00ed 30\u00b0 jej lze pou\u017e\u00edt s volitelnou vo\u0161tinovou m\u0159\u00ed\u017ekou (GlareOne PRO Reflector Grid Kit).<\/span><\/li>\n<li style=\"font-weight: 400;\" aria-level=\"1\"><span style=\"font-weight: 400;\">V nastaven\u00ed 30\u00b0 je kompatibiln\u00ed s vraty stodoly (GlareOne PRO Barndoor Kit).<\/span><\/li>\n<li style=\"font-weight: 400;\" aria-level=\"1\"><span style=\"font-weight: 400;\">Pln\u011b hlin\u00edkov\u00e1 konstrukce.<\/span><\/li>\n<li style=\"font-weight: 400;\" aria-level=\"1\"><span style=\"font-weight: 400;\">Bowens dr\u017e\u00e1k pro kompatibilitu s r\u016fzn\u00fdm p\u0159\u00edslu\u0161enstv\u00edm.<\/span><\/li>\n<\/ul>\n","protected":false},"excerpt":{"rendered":"<p>Variabiln\u00ed LED Light Beam Reflector 30\u00b0\/60\u00b0, ur\u010den\u00fd pro LED sv\u011btla Reflektor je z\u00e1kladn\u00ed modifik\u00e1tor sv\u011btla, kter\u00fd je nezbytn\u00e9 m\u00edt. Umo\u017e\u0148uje nasm\u011brovat sv\u011btlo ze sv\u011btla ur\u010dit\u00fdm sm\u011brem, poskytuje p\u0159\u00edm\u00e9 osv\u011btlen\u00ed sc\u00e9ny, odr\u00e1\u017e\u00ed jej od reflektoru nebo rozptyluje p\u0159es zm\u011bk\u010dova\u010d. LED Booster Vario 30\/60\u00b0 Reflector umo\u017e\u0148uje nastavit \u00fahel paprsku. M\u016f\u017eete dos\u00e1hnout 60\u00b0 sv\u011bteln\u00e9ho paprsku (podobn\u011b jako LED [&hellip;]<\/p>\n","protected":false},"featured_media":17644,"template":"","meta":[],"product_brand":[],"product_cat":[564],"product_tag":[],"class_list":{"0":"post-17643","1":"product","2":"type-product","3":"status-publish","4":"has-post-thumbnail","6":"product_cat-reflektory-kominky-a-reflektory","8":"first","9":"instock","10":"product-type-simple"},"yoast_head":"<!-- This site is optimized with the Yoast SEO plugin v27.2 - https:\/\/yoast.com\/product\/yoast-seo-wordpress\/ -->\n<title>GlareOne LED Booster Vario 30\/60\u00b0 Reflector<\/title>\n<meta name=\"robots\" content=\"index, follow, max-snippet:-1, max-image-preview:large, max-video-preview:-1\" \/>\n<link rel=\"canonical\" href=\"https:\/\/glareone.eu\/cs\/produkt\/glareone-led-booster-vario-30-60-reflector\/\" \/>\n<meta property=\"og:locale\" content=\"cs_CZ\" \/>\n<meta property=\"og:type\" content=\"article\" \/>\n<meta property=\"og:title\" content=\"GlareOne PRO Reflector\" \/>\n<meta property=\"og:description\" content=\"Variabiln\u00ed LED Light Beam Reflector 30\u00b0\/60\u00b0, ur\u010den\u00fd pro LED sv\u011btla Reflektor je z\u00e1kladn\u00ed modifik\u00e1tor sv\u011btla, kter\u00fd je nezbytn\u00e9 m\u00edt. Umo\u017e\u0148uje nasm\u011brovat sv\u011btlo ze sv\u011btla ur\u010dit\u00fdm sm\u011brem, poskytuje p\u0159\u00edm\u00e9 osv\u011btlen\u00ed sc\u00e9ny, odr\u00e1\u017e\u00ed jej od reflektoru nebo rozptyluje p\u0159es zm\u011bk\u010dova\u010d. LED Booster Vario 30\/60\u00b0 Reflector umo\u017e\u0148uje nastavit \u00fahel paprsku. M\u016f\u017eete dos\u00e1hnout 60\u00b0 sv\u011bteln\u00e9ho paprsku (podobn\u011b jako LED [&hellip;]\" \/>\n<meta property=\"og:url\" content=\"https:\/\/glareone.eu\/cs\/produkt\/glareone-led-booster-vario-30-60-reflector\/\" \/>\n<meta property=\"og:site_name\" content=\"GlareOne\" \/>\n<meta property=\"article:publisher\" content=\"https:\/\/www.facebook.com\/GlareOneLighting\" \/>\n<meta property=\"article:modified_time\" content=\"2025-05-21T13:39:16+00:00\" \/>\n<meta property=\"og:image\" content=\"https:\/\/glareone.eu\/wp-content\/uploads\/2025\/04\/SREFLEDBV_01.jpg\" \/>\n\t<meta property=\"og:image:width\" content=\"1200\" \/>\n\t<meta property=\"og:image:height\" content=\"1200\" \/>\n\t<meta property=\"og:image:type\" content=\"image\/jpeg\" \/>\n<meta name=\"twitter:card\" content=\"summary_large_image\" \/>\n<meta name=\"twitter:title\" content=\"GlareOne PRO Reflector\" \/>\n<meta name=\"twitter:label1\" content=\"Odhadovan\u00e1 doba \u010dten\u00ed\" \/>\n\t<meta name=\"twitter:data1\" content=\"1 minuta\" \/>\n<script type=\"application\/ld+json\" class=\"yoast-schema-graph\">{\"@context\":\"https:\/\/schema.org\",\"@graph\":[{\"@type\":\"WebPage\",\"@id\":\"https:\/\/glareone.eu\/cs\/produkt\/glareone-led-booster-vario-30-60-reflector\/\",\"url\":\"https:\/\/glareone.eu\/cs\/produkt\/glareone-led-booster-vario-30-60-reflector\/\",\"name\":\"GlareOne LED Booster Vario 30\/60\u00b0 Reflector\",\"isPartOf\":{\"@id\":\"https:\/\/glareone.eu\/cs\/en\/#website\"},\"primaryImageOfPage\":{\"@id\":\"https:\/\/glareone.eu\/cs\/produkt\/glareone-led-booster-vario-30-60-reflector\/#primaryimage\"},\"image\":{\"@id\":\"https:\/\/glareone.eu\/cs\/produkt\/glareone-led-booster-vario-30-60-reflector\/#primaryimage\"},\"thumbnailUrl\":\"https:\/\/glareone.eu\/wp-content\/uploads\/2025\/04\/SREFLEDBV_01.jpg\",\"datePublished\":\"2025-04-14T12:12:22+00:00\",\"dateModified\":\"2025-05-21T13:39:16+00:00\",\"breadcrumb\":{\"@id\":\"https:\/\/glareone.eu\/cs\/produkt\/glareone-led-booster-vario-30-60-reflector\/#breadcrumb\"},\"inLanguage\":\"cs\",\"potentialAction\":[{\"@type\":\"ReadAction\",\"target\":[\"https:\/\/glareone.eu\/cs\/produkt\/glareone-led-booster-vario-30-60-reflector\/\"]}]},{\"@type\":\"ImageObject\",\"inLanguage\":\"cs\",\"@id\":\"https:\/\/glareone.eu\/cs\/produkt\/glareone-led-booster-vario-30-60-reflector\/#primaryimage\",\"url\":\"https:\/\/glareone.eu\/wp-content\/uploads\/2025\/04\/SREFLEDBV_01.jpg\",\"contentUrl\":\"https:\/\/glareone.eu\/wp-content\/uploads\/2025\/04\/SREFLEDBV_01.jpg\",\"width\":1200,\"height\":1200},{\"@type\":\"BreadcrumbList\",\"@id\":\"https:\/\/glareone.eu\/cs\/produkt\/glareone-led-booster-vario-30-60-reflector\/#breadcrumb\",\"itemListElement\":[{\"@type\":\"ListItem\",\"position\":1,\"name\":\"Strona g\u0142\u00f3wna\",\"item\":\"https:\/\/glareone.eu\/cs\/\"},{\"@type\":\"ListItem\",\"position\":2,\"name\":\"V\u0161echny produkty\",\"item\":\"https:\/\/glareone.eu\/cs\/produkty\/vsechny-produkty\/\"},{\"@type\":\"ListItem\",\"position\":3,\"name\":\"GlareOne LED Booster Vario 30\/60\u00b0 Reflector\"}]},{\"@type\":\"WebSite\",\"@id\":\"https:\/\/glareone.eu\/cs\/en\/#website\",\"url\":\"https:\/\/glareone.eu\/cs\/en\/\",\"name\":\"GlareOne\",\"description\":\"Wyposa\u017cenie Studia\",\"publisher\":{\"@id\":\"https:\/\/glareone.eu\/cs\/en\/#organization\"},\"potentialAction\":[{\"@type\":\"SearchAction\",\"target\":{\"@type\":\"EntryPoint\",\"urlTemplate\":\"https:\/\/glareone.eu\/cs\/en\/?s={search_term_string}\"},\"query-input\":{\"@type\":\"PropertyValueSpecification\",\"valueRequired\":true,\"valueName\":\"search_term_string\"}}],\"inLanguage\":\"cs\"},{\"@type\":\"Organization\",\"@id\":\"https:\/\/glareone.eu\/cs\/en\/#organization\",\"name\":\"GlareOne\",\"url\":\"https:\/\/glareone.eu\/cs\/en\/\",\"logo\":{\"@type\":\"ImageObject\",\"inLanguage\":\"cs\",\"@id\":\"https:\/\/glareone.eu\/cs\/en\/#\/schema\/logo\/image\/\",\"url\":\"http:\/\/glareone.eu\/wp-content\/uploads\/2024\/05\/glareone_logo2020_RGB-01-e1715773127189.png\",\"contentUrl\":\"http:\/\/glareone.eu\/wp-content\/uploads\/2024\/05\/glareone_logo2020_RGB-01-e1715773127189.png\",\"width\":1270,\"height\":321,\"caption\":\"GlareOne\"},\"image\":{\"@id\":\"https:\/\/glareone.eu\/cs\/en\/#\/schema\/logo\/image\/\"},\"sameAs\":[\"https:\/\/www.facebook.com\/GlareOneLighting\",\"https:\/\/www.instagram.com\/glareonelighting\/\",\"https:\/\/www.youtube.com\/@GlareOneTV\"]}]}<\/script>\n<!-- \/ Yoast SEO plugin. -->","yoast_head_json":{"title":"GlareOne LED Booster Vario 30\/60\u00b0 Reflector","robots":{"index":"index","follow":"follow","max-snippet":"max-snippet:-1","max-image-preview":"max-image-preview:large","max-video-preview":"max-video-preview:-1"},"canonical":"https:\/\/glareone.eu\/cs\/produkt\/glareone-led-booster-vario-30-60-reflector\/","og_locale":"cs_CZ","og_type":"article","og_title":"GlareOne PRO Reflector","og_description":"Variabiln\u00ed LED Light Beam Reflector 30\u00b0\/60\u00b0, ur\u010den\u00fd pro LED sv\u011btla Reflektor je z\u00e1kladn\u00ed modifik\u00e1tor sv\u011btla, kter\u00fd je nezbytn\u00e9 m\u00edt. Umo\u017e\u0148uje nasm\u011brovat sv\u011btlo ze sv\u011btla ur\u010dit\u00fdm sm\u011brem, poskytuje p\u0159\u00edm\u00e9 osv\u011btlen\u00ed sc\u00e9ny, odr\u00e1\u017e\u00ed jej od reflektoru nebo rozptyluje p\u0159es zm\u011bk\u010dova\u010d. LED Booster Vario 30\/60\u00b0 Reflector umo\u017e\u0148uje nastavit \u00fahel paprsku. M\u016f\u017eete dos\u00e1hnout 60\u00b0 sv\u011bteln\u00e9ho paprsku (podobn\u011b jako LED [&hellip;]","og_url":"https:\/\/glareone.eu\/cs\/produkt\/glareone-led-booster-vario-30-60-reflector\/","og_site_name":"GlareOne","article_publisher":"https:\/\/www.facebook.com\/GlareOneLighting","article_modified_time":"2025-05-21T13:39:16+00:00","og_image":[{"width":1200,"height":1200,"url":"https:\/\/glareone.eu\/wp-content\/uploads\/2025\/04\/SREFLEDBV_01.jpg","type":"image\/jpeg"}],"twitter_card":"summary_large_image","twitter_title":"GlareOne PRO Reflector","twitter_misc":{"Odhadovan\u00e1 doba \u010dten\u00ed":"1 minuta"},"schema":{"@context":"https:\/\/schema.org","@graph":[{"@type":"WebPage","@id":"https:\/\/glareone.eu\/cs\/produkt\/glareone-led-booster-vario-30-60-reflector\/","url":"https:\/\/glareone.eu\/cs\/produkt\/glareone-led-booster-vario-30-60-reflector\/","name":"GlareOne LED Booster Vario 30\/60\u00b0 Reflector","isPartOf":{"@id":"https:\/\/glareone.eu\/cs\/en\/#website"},"primaryImageOfPage":{"@id":"https:\/\/glareone.eu\/cs\/produkt\/glareone-led-booster-vario-30-60-reflector\/#primaryimage"},"image":{"@id":"https:\/\/glareone.eu\/cs\/produkt\/glareone-led-booster-vario-30-60-reflector\/#primaryimage"},"thumbnailUrl":"https:\/\/glareone.eu\/wp-content\/uploads\/2025\/04\/SREFLEDBV_01.jpg","datePublished":"2025-04-14T12:12:22+00:00","dateModified":"2025-05-21T13:39:16+00:00","breadcrumb":{"@id":"https:\/\/glareone.eu\/cs\/produkt\/glareone-led-booster-vario-30-60-reflector\/#breadcrumb"},"inLanguage":"cs","potentialAction":[{"@type":"ReadAction","target":["https:\/\/glareone.eu\/cs\/produkt\/glareone-led-booster-vario-30-60-reflector\/"]}]},{"@type":"ImageObject","inLanguage":"cs","@id":"https:\/\/glareone.eu\/cs\/produkt\/glareone-led-booster-vario-30-60-reflector\/#primaryimage","url":"https:\/\/glareone.eu\/wp-content\/uploads\/2025\/04\/SREFLEDBV_01.jpg","contentUrl":"https:\/\/glareone.eu\/wp-content\/uploads\/2025\/04\/SREFLEDBV_01.jpg","width":1200,"height":1200},{"@type":"BreadcrumbList","@id":"https:\/\/glareone.eu\/cs\/produkt\/glareone-led-booster-vario-30-60-reflector\/#breadcrumb","itemListElement":[{"@type":"ListItem","position":1,"name":"Strona g\u0142\u00f3wna","item":"https:\/\/glareone.eu\/cs\/"},{"@type":"ListItem","position":2,"name":"V\u0161echny produkty","item":"https:\/\/glareone.eu\/cs\/produkty\/vsechny-produkty\/"},{"@type":"ListItem","position":3,"name":"GlareOne LED Booster Vario 30\/60\u00b0 Reflector"}]},{"@type":"WebSite","@id":"https:\/\/glareone.eu\/cs\/en\/#website","url":"https:\/\/glareone.eu\/cs\/en\/","name":"GlareOne","description":"Wyposa\u017cenie Studia","publisher":{"@id":"https:\/\/glareone.eu\/cs\/en\/#organization"},"potentialAction":[{"@type":"SearchAction","target":{"@type":"EntryPoint","urlTemplate":"https:\/\/glareone.eu\/cs\/en\/?s={search_term_string}"},"query-input":{"@type":"PropertyValueSpecification","valueRequired":true,"valueName":"search_term_string"}}],"inLanguage":"cs"},{"@type":"Organization","@id":"https:\/\/glareone.eu\/cs\/en\/#organization","name":"GlareOne","url":"https:\/\/glareone.eu\/cs\/en\/","logo":{"@type":"ImageObject","inLanguage":"cs","@id":"https:\/\/glareone.eu\/cs\/en\/#\/schema\/logo\/image\/","url":"http:\/\/glareone.eu\/wp-content\/uploads\/2024\/05\/glareone_logo2020_RGB-01-e1715773127189.png","contentUrl":"http:\/\/glareone.eu\/wp-content\/uploads\/2024\/05\/glareone_logo2020_RGB-01-e1715773127189.png","width":1270,"height":321,"caption":"GlareOne"},"image":{"@id":"https:\/\/glareone.eu\/cs\/en\/#\/schema\/logo\/image\/"},"sameAs":["https:\/\/www.facebook.com\/GlareOneLighting","https:\/\/www.instagram.com\/glareonelighting\/","https:\/\/www.youtube.com\/@GlareOneTV"]}]}},"_links":{"self":[{"href":"https:\/\/glareone.eu\/cs\/wp-json\/wp\/v2\/product\/17643","targetHints":{"allow":["GET"]}}],"collection":[{"href":"https:\/\/glareone.eu\/cs\/wp-json\/wp\/v2\/product"}],"about":[{"href":"https:\/\/glareone.eu\/cs\/wp-json\/wp\/v2\/types\/product"}],"wp:featuredmedia":[{"embeddable":true,"href":"https:\/\/glareone.eu\/cs\/wp-json\/wp\/v2\/media\/17644"}],"wp:attachment":[{"href":"https:\/\/glareone.eu\/cs\/wp-json\/wp\/v2\/media?parent=17643"}],"wp:term":[{"taxonomy":"product_brand","embeddable":true,"href":"https:\/\/glareone.eu\/cs\/wp-json\/wp\/v2\/product_brand?post=17643"},{"taxonomy":"product_cat","embeddable":true,"href":"https:\/\/glareone.eu\/cs\/wp-json\/wp\/v2\/product_cat?post=17643"},{"taxonomy":"product_tag","embeddable":true,"href":"https:\/\/glareone.eu\/cs\/wp-json\/wp\/v2\/product_tag?post=17643"}],"curies":[{"name":"wp","href":"https:\/\/api.w.org\/{rel}","templated":true}]}}