{"id":17582,"date":"2025-04-14T13:45:38","date_gmt":"2025-04-14T13:45:38","guid":{"rendered":"https:\/\/glareone.eu\/product\/glareone-double-side-hook-set-for-background-rollers-with-baby-pin-socket-5-8-16mm\/"},"modified":"2025-05-21T13:10:32","modified_gmt":"2025-05-21T13:10:32","slug":"glareone-double-side-hook-set-for-background-rollers-with-baby-pin-socket-5-8-16mm","status":"publish","type":"product","link":"https:\/\/glareone.eu\/cs\/produkt\/glareone-double-side-hook-set-for-background-rollers-with-baby-pin-socket-5-8-16mm\/","title":{"rendered":"GlareOne Double-side Hook Set for Background Rollers with Baby Pin socket (5\/8&#8242;; 16mm)"},"content":{"rendered":"<p><span style=\"font-weight: 400;\">Dr\u017e\u00e1ky pro dv\u011b fotografick\u00e1 pozad\u00ed namontovan\u00e9 na 5\/8&#8243; \u010depu studiov\u00e9ho stojanu.<\/span><span style=\"font-weight: 400;\"><br \/>\n<\/span><span style=\"font-weight: 400;\">Navr\u017eeno pro pr\u00e1ci s kartonov\u00fdm pozad\u00edm nebo hlin\u00edkov\u00fdmi n\u00e1vleky o pr\u016fm\u011bru 4,5 cm a\u017e 6,5 cm.<\/span><\/p>\n<h3><b>Sada oboustrann\u00fdch h\u00e1\u010dk\u016f pro v\u00e1le\u010dky na pozad\u00ed s funkcemi z\u00e1suvky Baby Pin:<\/b><\/h3>\n<ul>\n<li style=\"font-weight: 400;\" aria-level=\"1\"><span style=\"font-weight: 400;\">lze pou\u017e\u00edt s libovolnou \u0161\u00ed\u0159kou pozad\u00ed &#8211; um\u00edst\u011bn\u00ed na stojany neomezuje \u0161\u00ed\u0159ku pozad\u00ed,<\/span><\/li>\n<li style=\"font-weight: 400;\" aria-level=\"1\"><span style=\"font-weight: 400;\">poskytuje mo\u017enost instalace dvou pozad\u00ed sou\u010dasn\u011b na stejnou sadu stojan\u016f,<\/span><\/li>\n<li style=\"font-weight: 400;\" aria-level=\"1\"><span style=\"font-weight: 400;\">pasuje se standardn\u00edm 5\/8&#8243; stojanov\u00fdm kol\u00edkem.<\/span><\/li>\n<\/ul>\n<p><b>Pozn\u00e1mka<\/b><span style=\"font-weight: 400;\">: Sada obsahuje pouze h\u00e1\u010dky. Pro p\u0159ipojen\u00ed pozad\u00ed mus\u00edte m\u00edt syst\u00e9m podpory pozad\u00ed GlareOne.<\/span><\/p>\n","protected":false},"excerpt":{"rendered":"<p>Dr\u017e\u00e1ky pro dv\u011b fotografick\u00e1 pozad\u00ed namontovan\u00e9 na 5\/8&#8243; \u010depu studiov\u00e9ho stojanu. Navr\u017eeno pro pr\u00e1ci s kartonov\u00fdm pozad\u00edm nebo hlin\u00edkov\u00fdmi n\u00e1vleky o pr\u016fm\u011bru 4,5 cm a\u017e 6,5 cm. Sada oboustrann\u00fdch h\u00e1\u010dk\u016f pro v\u00e1le\u010dky na pozad\u00ed s funkcemi z\u00e1suvky Baby Pin: lze pou\u017e\u00edt s libovolnou \u0161\u00ed\u0159kou pozad\u00ed &#8211; um\u00edst\u011bn\u00ed na stojany neomezuje \u0161\u00ed\u0159ku pozad\u00ed, poskytuje mo\u017enost instalace [&hellip;]<\/p>\n","protected":false},"featured_media":17583,"template":"","meta":[],"product_brand":[],"product_cat":[550],"product_tag":[],"class_list":{"0":"post-17582","1":"product","2":"type-product","3":"status-publish","4":"has-post-thumbnail","6":"product_cat-dalsi-prislusenstvi","8":"first","9":"instock","10":"shipping-taxable","11":"product-type-simple"},"yoast_head":"<!-- This site is optimized with the Yoast SEO plugin v27.2 - https:\/\/yoast.com\/product\/yoast-seo-wordpress\/ -->\n<title>GlareOne Double-side Hook Set for Background Rollers with Baby Pin socket (5\/8&#039;; 16mm) - GlareOne<\/title>\n<meta name=\"robots\" content=\"index, follow, max-snippet:-1, max-image-preview:large, max-video-preview:-1\" \/>\n<link rel=\"canonical\" href=\"https:\/\/glareone.eu\/cs\/produkt\/glareone-double-side-hook-set-for-background-rollers-with-baby-pin-socket-5-8-16mm\/\" \/>\n<meta property=\"og:locale\" content=\"cs_CZ\" \/>\n<meta property=\"og:type\" content=\"article\" \/>\n<meta property=\"og:title\" content=\"GlareOne Double-side Hook Set for Background Rollers with Baby Pin socket (5\/8&#039;; 16mm) - GlareOne\" \/>\n<meta property=\"og:description\" content=\"Dr\u017e\u00e1ky pro dv\u011b fotografick\u00e1 pozad\u00ed namontovan\u00e9 na 5\/8&#8243; \u010depu studiov\u00e9ho stojanu. Navr\u017eeno pro pr\u00e1ci s kartonov\u00fdm pozad\u00edm nebo hlin\u00edkov\u00fdmi n\u00e1vleky o pr\u016fm\u011bru 4,5 cm a\u017e 6,5 cm. Sada oboustrann\u00fdch h\u00e1\u010dk\u016f pro v\u00e1le\u010dky na pozad\u00ed s funkcemi z\u00e1suvky Baby Pin: lze pou\u017e\u00edt s libovolnou \u0161\u00ed\u0159kou pozad\u00ed &#8211; um\u00edst\u011bn\u00ed na stojany neomezuje \u0161\u00ed\u0159ku pozad\u00ed, poskytuje mo\u017enost instalace [&hellip;]\" \/>\n<meta property=\"og:url\" content=\"https:\/\/glareone.eu\/cs\/produkt\/glareone-double-side-hook-set-for-background-rollers-with-baby-pin-socket-5-8-16mm\/\" \/>\n<meta property=\"og:site_name\" content=\"GlareOne\" \/>\n<meta property=\"article:publisher\" content=\"https:\/\/www.facebook.com\/GlareOneLighting\" \/>\n<meta property=\"article:modified_time\" content=\"2025-05-21T13:10:32+00:00\" \/>\n<meta property=\"og:image\" content=\"https:\/\/glareone.eu\/wp-content\/uploads\/2025\/04\/SDHBRBP_01.jpg\" \/>\n\t<meta property=\"og:image:width\" content=\"1200\" \/>\n\t<meta property=\"og:image:height\" content=\"1200\" \/>\n\t<meta property=\"og:image:type\" content=\"image\/jpeg\" \/>\n<meta name=\"twitter:card\" content=\"summary_large_image\" \/>\n<meta name=\"twitter:label1\" content=\"Odhadovan\u00e1 doba \u010dten\u00ed\" \/>\n\t<meta name=\"twitter:data1\" content=\"1 minuta\" \/>\n<script type=\"application\/ld+json\" class=\"yoast-schema-graph\">{\"@context\":\"https:\/\/schema.org\",\"@graph\":[{\"@type\":\"WebPage\",\"@id\":\"https:\/\/glareone.eu\/cs\/produkt\/glareone-double-side-hook-set-for-background-rollers-with-baby-pin-socket-5-8-16mm\/\",\"url\":\"https:\/\/glareone.eu\/cs\/produkt\/glareone-double-side-hook-set-for-background-rollers-with-baby-pin-socket-5-8-16mm\/\",\"name\":\"GlareOne Double-side Hook Set for Background Rollers with Baby Pin socket (5\/8'; 16mm) - GlareOne\",\"isPartOf\":{\"@id\":\"https:\/\/glareone.eu\/cs\/en\/#website\"},\"primaryImageOfPage\":{\"@id\":\"https:\/\/glareone.eu\/cs\/produkt\/glareone-double-side-hook-set-for-background-rollers-with-baby-pin-socket-5-8-16mm\/#primaryimage\"},\"image\":{\"@id\":\"https:\/\/glareone.eu\/cs\/produkt\/glareone-double-side-hook-set-for-background-rollers-with-baby-pin-socket-5-8-16mm\/#primaryimage\"},\"thumbnailUrl\":\"https:\/\/glareone.eu\/wp-content\/uploads\/2025\/04\/SDHBRBP_01.jpg\",\"datePublished\":\"2025-04-14T13:45:38+00:00\",\"dateModified\":\"2025-05-21T13:10:32+00:00\",\"breadcrumb\":{\"@id\":\"https:\/\/glareone.eu\/cs\/produkt\/glareone-double-side-hook-set-for-background-rollers-with-baby-pin-socket-5-8-16mm\/#breadcrumb\"},\"inLanguage\":\"cs\",\"potentialAction\":[{\"@type\":\"ReadAction\",\"target\":[\"https:\/\/glareone.eu\/cs\/produkt\/glareone-double-side-hook-set-for-background-rollers-with-baby-pin-socket-5-8-16mm\/\"]}]},{\"@type\":\"ImageObject\",\"inLanguage\":\"cs\",\"@id\":\"https:\/\/glareone.eu\/cs\/produkt\/glareone-double-side-hook-set-for-background-rollers-with-baby-pin-socket-5-8-16mm\/#primaryimage\",\"url\":\"https:\/\/glareone.eu\/wp-content\/uploads\/2025\/04\/SDHBRBP_01.jpg\",\"contentUrl\":\"https:\/\/glareone.eu\/wp-content\/uploads\/2025\/04\/SDHBRBP_01.jpg\",\"width\":1200,\"height\":1200},{\"@type\":\"BreadcrumbList\",\"@id\":\"https:\/\/glareone.eu\/cs\/produkt\/glareone-double-side-hook-set-for-background-rollers-with-baby-pin-socket-5-8-16mm\/#breadcrumb\",\"itemListElement\":[{\"@type\":\"ListItem\",\"position\":1,\"name\":\"Strona g\u0142\u00f3wna\",\"item\":\"https:\/\/glareone.eu\/cs\/\"},{\"@type\":\"ListItem\",\"position\":2,\"name\":\"V\u0161echny produkty\",\"item\":\"https:\/\/glareone.eu\/cs\/produkty\/vsechny-produkty\/\"},{\"@type\":\"ListItem\",\"position\":3,\"name\":\"GlareOne Double-side Hook Set for Background Rollers with Baby Pin socket (5\/8&#8242;; 16mm)\"}]},{\"@type\":\"WebSite\",\"@id\":\"https:\/\/glareone.eu\/cs\/en\/#website\",\"url\":\"https:\/\/glareone.eu\/cs\/en\/\",\"name\":\"GlareOne\",\"description\":\"Wyposa\u017cenie Studia\",\"publisher\":{\"@id\":\"https:\/\/glareone.eu\/cs\/en\/#organization\"},\"potentialAction\":[{\"@type\":\"SearchAction\",\"target\":{\"@type\":\"EntryPoint\",\"urlTemplate\":\"https:\/\/glareone.eu\/cs\/en\/?s={search_term_string}\"},\"query-input\":{\"@type\":\"PropertyValueSpecification\",\"valueRequired\":true,\"valueName\":\"search_term_string\"}}],\"inLanguage\":\"cs\"},{\"@type\":\"Organization\",\"@id\":\"https:\/\/glareone.eu\/cs\/en\/#organization\",\"name\":\"GlareOne\",\"url\":\"https:\/\/glareone.eu\/cs\/en\/\",\"logo\":{\"@type\":\"ImageObject\",\"inLanguage\":\"cs\",\"@id\":\"https:\/\/glareone.eu\/cs\/en\/#\/schema\/logo\/image\/\",\"url\":\"http:\/\/glareone.eu\/wp-content\/uploads\/2024\/05\/glareone_logo2020_RGB-01-e1715773127189.png\",\"contentUrl\":\"http:\/\/glareone.eu\/wp-content\/uploads\/2024\/05\/glareone_logo2020_RGB-01-e1715773127189.png\",\"width\":1270,\"height\":321,\"caption\":\"GlareOne\"},\"image\":{\"@id\":\"https:\/\/glareone.eu\/cs\/en\/#\/schema\/logo\/image\/\"},\"sameAs\":[\"https:\/\/www.facebook.com\/GlareOneLighting\",\"https:\/\/www.instagram.com\/glareonelighting\/\",\"https:\/\/www.youtube.com\/@GlareOneTV\"]}]}<\/script>\n<!-- \/ Yoast SEO plugin. -->","yoast_head_json":{"title":"GlareOne Double-side Hook Set for Background Rollers with Baby Pin socket (5\/8'; 16mm) - GlareOne","robots":{"index":"index","follow":"follow","max-snippet":"max-snippet:-1","max-image-preview":"max-image-preview:large","max-video-preview":"max-video-preview:-1"},"canonical":"https:\/\/glareone.eu\/cs\/produkt\/glareone-double-side-hook-set-for-background-rollers-with-baby-pin-socket-5-8-16mm\/","og_locale":"cs_CZ","og_type":"article","og_title":"GlareOne Double-side Hook Set for Background Rollers with Baby Pin socket (5\/8'; 16mm) - GlareOne","og_description":"Dr\u017e\u00e1ky pro dv\u011b fotografick\u00e1 pozad\u00ed namontovan\u00e9 na 5\/8&#8243; \u010depu studiov\u00e9ho stojanu. Navr\u017eeno pro pr\u00e1ci s kartonov\u00fdm pozad\u00edm nebo hlin\u00edkov\u00fdmi n\u00e1vleky o pr\u016fm\u011bru 4,5 cm a\u017e 6,5 cm. Sada oboustrann\u00fdch h\u00e1\u010dk\u016f pro v\u00e1le\u010dky na pozad\u00ed s funkcemi z\u00e1suvky Baby Pin: lze pou\u017e\u00edt s libovolnou \u0161\u00ed\u0159kou pozad\u00ed &#8211; um\u00edst\u011bn\u00ed na stojany neomezuje \u0161\u00ed\u0159ku pozad\u00ed, poskytuje mo\u017enost instalace [&hellip;]","og_url":"https:\/\/glareone.eu\/cs\/produkt\/glareone-double-side-hook-set-for-background-rollers-with-baby-pin-socket-5-8-16mm\/","og_site_name":"GlareOne","article_publisher":"https:\/\/www.facebook.com\/GlareOneLighting","article_modified_time":"2025-05-21T13:10:32+00:00","og_image":[{"width":1200,"height":1200,"url":"https:\/\/glareone.eu\/wp-content\/uploads\/2025\/04\/SDHBRBP_01.jpg","type":"image\/jpeg"}],"twitter_card":"summary_large_image","twitter_misc":{"Odhadovan\u00e1 doba \u010dten\u00ed":"1 minuta"},"schema":{"@context":"https:\/\/schema.org","@graph":[{"@type":"WebPage","@id":"https:\/\/glareone.eu\/cs\/produkt\/glareone-double-side-hook-set-for-background-rollers-with-baby-pin-socket-5-8-16mm\/","url":"https:\/\/glareone.eu\/cs\/produkt\/glareone-double-side-hook-set-for-background-rollers-with-baby-pin-socket-5-8-16mm\/","name":"GlareOne Double-side Hook Set for Background Rollers with Baby Pin socket (5\/8'; 16mm) - GlareOne","isPartOf":{"@id":"https:\/\/glareone.eu\/cs\/en\/#website"},"primaryImageOfPage":{"@id":"https:\/\/glareone.eu\/cs\/produkt\/glareone-double-side-hook-set-for-background-rollers-with-baby-pin-socket-5-8-16mm\/#primaryimage"},"image":{"@id":"https:\/\/glareone.eu\/cs\/produkt\/glareone-double-side-hook-set-for-background-rollers-with-baby-pin-socket-5-8-16mm\/#primaryimage"},"thumbnailUrl":"https:\/\/glareone.eu\/wp-content\/uploads\/2025\/04\/SDHBRBP_01.jpg","datePublished":"2025-04-14T13:45:38+00:00","dateModified":"2025-05-21T13:10:32+00:00","breadcrumb":{"@id":"https:\/\/glareone.eu\/cs\/produkt\/glareone-double-side-hook-set-for-background-rollers-with-baby-pin-socket-5-8-16mm\/#breadcrumb"},"inLanguage":"cs","potentialAction":[{"@type":"ReadAction","target":["https:\/\/glareone.eu\/cs\/produkt\/glareone-double-side-hook-set-for-background-rollers-with-baby-pin-socket-5-8-16mm\/"]}]},{"@type":"ImageObject","inLanguage":"cs","@id":"https:\/\/glareone.eu\/cs\/produkt\/glareone-double-side-hook-set-for-background-rollers-with-baby-pin-socket-5-8-16mm\/#primaryimage","url":"https:\/\/glareone.eu\/wp-content\/uploads\/2025\/04\/SDHBRBP_01.jpg","contentUrl":"https:\/\/glareone.eu\/wp-content\/uploads\/2025\/04\/SDHBRBP_01.jpg","width":1200,"height":1200},{"@type":"BreadcrumbList","@id":"https:\/\/glareone.eu\/cs\/produkt\/glareone-double-side-hook-set-for-background-rollers-with-baby-pin-socket-5-8-16mm\/#breadcrumb","itemListElement":[{"@type":"ListItem","position":1,"name":"Strona g\u0142\u00f3wna","item":"https:\/\/glareone.eu\/cs\/"},{"@type":"ListItem","position":2,"name":"V\u0161echny produkty","item":"https:\/\/glareone.eu\/cs\/produkty\/vsechny-produkty\/"},{"@type":"ListItem","position":3,"name":"GlareOne Double-side Hook Set for Background Rollers with Baby Pin socket (5\/8&#8242;; 16mm)"}]},{"@type":"WebSite","@id":"https:\/\/glareone.eu\/cs\/en\/#website","url":"https:\/\/glareone.eu\/cs\/en\/","name":"GlareOne","description":"Wyposa\u017cenie Studia","publisher":{"@id":"https:\/\/glareone.eu\/cs\/en\/#organization"},"potentialAction":[{"@type":"SearchAction","target":{"@type":"EntryPoint","urlTemplate":"https:\/\/glareone.eu\/cs\/en\/?s={search_term_string}"},"query-input":{"@type":"PropertyValueSpecification","valueRequired":true,"valueName":"search_term_string"}}],"inLanguage":"cs"},{"@type":"Organization","@id":"https:\/\/glareone.eu\/cs\/en\/#organization","name":"GlareOne","url":"https:\/\/glareone.eu\/cs\/en\/","logo":{"@type":"ImageObject","inLanguage":"cs","@id":"https:\/\/glareone.eu\/cs\/en\/#\/schema\/logo\/image\/","url":"http:\/\/glareone.eu\/wp-content\/uploads\/2024\/05\/glareone_logo2020_RGB-01-e1715773127189.png","contentUrl":"http:\/\/glareone.eu\/wp-content\/uploads\/2024\/05\/glareone_logo2020_RGB-01-e1715773127189.png","width":1270,"height":321,"caption":"GlareOne"},"image":{"@id":"https:\/\/glareone.eu\/cs\/en\/#\/schema\/logo\/image\/"},"sameAs":["https:\/\/www.facebook.com\/GlareOneLighting","https:\/\/www.instagram.com\/glareonelighting\/","https:\/\/www.youtube.com\/@GlareOneTV"]}]}},"_links":{"self":[{"href":"https:\/\/glareone.eu\/cs\/wp-json\/wp\/v2\/product\/17582","targetHints":{"allow":["GET"]}}],"collection":[{"href":"https:\/\/glareone.eu\/cs\/wp-json\/wp\/v2\/product"}],"about":[{"href":"https:\/\/glareone.eu\/cs\/wp-json\/wp\/v2\/types\/product"}],"wp:featuredmedia":[{"embeddable":true,"href":"https:\/\/glareone.eu\/cs\/wp-json\/wp\/v2\/media\/17583"}],"wp:attachment":[{"href":"https:\/\/glareone.eu\/cs\/wp-json\/wp\/v2\/media?parent=17582"}],"wp:term":[{"taxonomy":"product_brand","embeddable":true,"href":"https:\/\/glareone.eu\/cs\/wp-json\/wp\/v2\/product_brand?post=17582"},{"taxonomy":"product_cat","embeddable":true,"href":"https:\/\/glareone.eu\/cs\/wp-json\/wp\/v2\/product_cat?post=17582"},{"taxonomy":"product_tag","embeddable":true,"href":"https:\/\/glareone.eu\/cs\/wp-json\/wp\/v2\/product_tag?post=17582"}],"curies":[{"name":"wp","href":"https:\/\/api.w.org\/{rel}","templated":true}]}}