{"id":17566,"date":"2025-04-15T06:44:36","date_gmt":"2025-04-15T06:44:36","guid":{"rendered":"https:\/\/glareone.eu\/product\/boom-arm-120-240cm-with-baby-pin-socket-3-8-16mm\/"},"modified":"2025-05-21T13:08:59","modified_gmt":"2025-05-21T13:08:59","slug":"boom-arm-120-240cm-with-baby-pin-socket-3-8-16mm","status":"publish","type":"product","link":"https:\/\/glareone.eu\/cs\/produkt\/boom-arm-120-240cm-with-baby-pin-socket-3-8-16mm\/","title":{"rendered":"Boom Arm 120-240cm with Baby Pin socket (3\/8&#8242;; 16mm)"},"content":{"rendered":"<p><span style=\"font-weight: 400;\">Univerz\u00e1ln\u00ed v\u00fdlo\u017en\u00edk 120-240 cm.<\/span><\/p>\n<p><span style=\"font-weight: 400;\">Rameno Boom je dopln\u011bk, kter\u00fd by nem\u011bl chyb\u011bt v ka\u017ed\u00e9m foto a filmov\u00e9m studiu, pokud n\u011bkdo nem\u00e1 typick\u00fd stojan Boom. Umo\u017e\u0148uje v\u00e1m bezpe\u010dn\u011b um\u00edstit lampu nad sadu fotografi\u00ed, abyste z\u00edskali osv\u011btlen\u00ed shora. Je\u0159\u00e1b se tak\u00e9 bude hodit, kdy\u017e je pot\u0159eba lampu zav\u011bsit nad fotoapar\u00e1t nebo kameru, co\u017e m\u016f\u017ee b\u00fdt obt\u00ed\u017en\u00e9 nebo dokonce nemo\u017en\u00e9 p\u0159i pou\u017eit\u00ed b\u011b\u017en\u00e9ho stojanu bez ramene.<\/span><\/p>\n<h3><b>Vlastnosti ramena GlareOne Boom 120-240 cm:<\/b><\/h3>\n<ul>\n<li style=\"font-weight: 400;\" aria-level=\"1\"><span style=\"font-weight: 400;\">Robustn\u00ed celokovov\u00e1 konstrukce<\/span><\/li>\n<li style=\"font-weight: 400;\" aria-level=\"1\"><span style=\"font-weight: 400;\">Ide\u00e1ln\u00ed pro stropn\u00ed pou\u017eit\u00ed osv\u011btlovac\u00edch za\u0159\u00edzen\u00ed, jako jsou sv\u011btla, reflektory atd<\/span><\/li>\n<li style=\"font-weight: 400;\" aria-level=\"1\"><span style=\"font-weight: 400;\">Nastaviteln\u00e1 d\u00e9lka ramene: 120 a\u017e 240 cm<\/span><\/li>\n<li style=\"font-weight: 400;\" aria-level=\"1\"><span style=\"font-weight: 400;\">\u00a0pasuje na kol\u00edk 3\/8\u2033 (16 mm) a 29,5 mm z\u00e1suvku Junior<\/span><\/li>\n<li style=\"font-weight: 400;\" aria-level=\"1\"><span style=\"font-weight: 400;\">nosnost do 8 kg,<\/span><\/li>\n<li style=\"font-weight: 400;\" aria-level=\"1\"><span style=\"font-weight: 400;\">z\u00e1t\u011b\u017eov\u00fd vak v cen\u011b.<\/span><\/li>\n<\/ul>\n<p><span style=\"font-weight: 400;\">Pozn\u00e1mka: Stojan nen\u00ed sou\u010d\u00e1st\u00ed dod\u00e1vky.<\/span><\/p>\n","protected":false},"excerpt":{"rendered":"<p>Univerz\u00e1ln\u00ed v\u00fdlo\u017en\u00edk 120-240 cm. Rameno Boom je dopln\u011bk, kter\u00fd by nem\u011bl chyb\u011bt v ka\u017ed\u00e9m foto a filmov\u00e9m studiu, pokud n\u011bkdo nem\u00e1 typick\u00fd stojan Boom. Umo\u017e\u0148uje v\u00e1m bezpe\u010dn\u011b um\u00edstit lampu nad sadu fotografi\u00ed, abyste z\u00edskali osv\u011btlen\u00ed shora. Je\u0159\u00e1b se tak\u00e9 bude hodit, kdy\u017e je pot\u0159eba lampu zav\u011bsit nad fotoapar\u00e1t nebo kameru, co\u017e m\u016f\u017ee b\u00fdt obt\u00ed\u017en\u00e9 nebo [&hellip;]<\/p>\n","protected":false},"featured_media":17567,"template":"","meta":[],"product_brand":[],"product_cat":[575],"product_tag":[],"class_list":{"0":"post-17566","1":"product","2":"type-product","3":"status-publish","4":"has-post-thumbnail","6":"product_cat-ostatni","8":"first","9":"instock","10":"shipping-taxable","11":"product-type-simple"},"yoast_head":"<!-- This site is optimized with the Yoast SEO plugin v27.2 - https:\/\/yoast.com\/product\/yoast-seo-wordpress\/ -->\n<title>Boom Arm 120-240cm with Baby Pin socket (3\/8&#039;; 16mm) - GlareOne<\/title>\n<meta name=\"robots\" content=\"index, follow, max-snippet:-1, max-image-preview:large, max-video-preview:-1\" \/>\n<link rel=\"canonical\" href=\"https:\/\/glareone.eu\/cs\/produkt\/boom-arm-120-240cm-with-baby-pin-socket-3-8-16mm\/\" \/>\n<meta property=\"og:locale\" content=\"cs_CZ\" \/>\n<meta property=\"og:type\" content=\"article\" \/>\n<meta property=\"og:title\" content=\"Boom Arm 120-240cm with Baby Pin socket (3\/8&#039;; 16mm) - GlareOne\" \/>\n<meta property=\"og:description\" content=\"Univerz\u00e1ln\u00ed v\u00fdlo\u017en\u00edk 120-240 cm. Rameno Boom je dopln\u011bk, kter\u00fd by nem\u011bl chyb\u011bt v ka\u017ed\u00e9m foto a filmov\u00e9m studiu, pokud n\u011bkdo nem\u00e1 typick\u00fd stojan Boom. Umo\u017e\u0148uje v\u00e1m bezpe\u010dn\u011b um\u00edstit lampu nad sadu fotografi\u00ed, abyste z\u00edskali osv\u011btlen\u00ed shora. Je\u0159\u00e1b se tak\u00e9 bude hodit, kdy\u017e je pot\u0159eba lampu zav\u011bsit nad fotoapar\u00e1t nebo kameru, co\u017e m\u016f\u017ee b\u00fdt obt\u00ed\u017en\u00e9 nebo [&hellip;]\" \/>\n<meta property=\"og:url\" content=\"https:\/\/glareone.eu\/cs\/produkt\/boom-arm-120-240cm-with-baby-pin-socket-3-8-16mm\/\" \/>\n<meta property=\"og:site_name\" content=\"GlareOne\" \/>\n<meta property=\"article:publisher\" content=\"https:\/\/www.facebook.com\/GlareOneLighting\" \/>\n<meta property=\"article:modified_time\" content=\"2025-05-21T13:08:59+00:00\" \/>\n<meta property=\"og:image\" content=\"https:\/\/glareone.eu\/wp-content\/uploads\/2025\/04\/SLSBA240_01.jpg\" \/>\n\t<meta property=\"og:image:width\" content=\"1199\" \/>\n\t<meta property=\"og:image:height\" content=\"1200\" \/>\n\t<meta property=\"og:image:type\" content=\"image\/jpeg\" \/>\n<meta name=\"twitter:card\" content=\"summary_large_image\" \/>\n<meta name=\"twitter:label1\" content=\"Odhadovan\u00e1 doba \u010dten\u00ed\" \/>\n\t<meta name=\"twitter:data1\" content=\"1 minuta\" \/>\n<script type=\"application\/ld+json\" class=\"yoast-schema-graph\">{\"@context\":\"https:\/\/schema.org\",\"@graph\":[{\"@type\":\"WebPage\",\"@id\":\"https:\/\/glareone.eu\/cs\/produkt\/boom-arm-120-240cm-with-baby-pin-socket-3-8-16mm\/\",\"url\":\"https:\/\/glareone.eu\/cs\/produkt\/boom-arm-120-240cm-with-baby-pin-socket-3-8-16mm\/\",\"name\":\"Boom Arm 120-240cm with Baby Pin socket (3\/8'; 16mm) - GlareOne\",\"isPartOf\":{\"@id\":\"https:\/\/glareone.eu\/cs\/en\/#website\"},\"primaryImageOfPage\":{\"@id\":\"https:\/\/glareone.eu\/cs\/produkt\/boom-arm-120-240cm-with-baby-pin-socket-3-8-16mm\/#primaryimage\"},\"image\":{\"@id\":\"https:\/\/glareone.eu\/cs\/produkt\/boom-arm-120-240cm-with-baby-pin-socket-3-8-16mm\/#primaryimage\"},\"thumbnailUrl\":\"https:\/\/glareone.eu\/wp-content\/uploads\/2025\/04\/SLSBA240_01.jpg\",\"datePublished\":\"2025-04-15T06:44:36+00:00\",\"dateModified\":\"2025-05-21T13:08:59+00:00\",\"breadcrumb\":{\"@id\":\"https:\/\/glareone.eu\/cs\/produkt\/boom-arm-120-240cm-with-baby-pin-socket-3-8-16mm\/#breadcrumb\"},\"inLanguage\":\"cs\",\"potentialAction\":[{\"@type\":\"ReadAction\",\"target\":[\"https:\/\/glareone.eu\/cs\/produkt\/boom-arm-120-240cm-with-baby-pin-socket-3-8-16mm\/\"]}]},{\"@type\":\"ImageObject\",\"inLanguage\":\"cs\",\"@id\":\"https:\/\/glareone.eu\/cs\/produkt\/boom-arm-120-240cm-with-baby-pin-socket-3-8-16mm\/#primaryimage\",\"url\":\"https:\/\/glareone.eu\/wp-content\/uploads\/2025\/04\/SLSBA240_01.jpg\",\"contentUrl\":\"https:\/\/glareone.eu\/wp-content\/uploads\/2025\/04\/SLSBA240_01.jpg\",\"width\":1199,\"height\":1200},{\"@type\":\"BreadcrumbList\",\"@id\":\"https:\/\/glareone.eu\/cs\/produkt\/boom-arm-120-240cm-with-baby-pin-socket-3-8-16mm\/#breadcrumb\",\"itemListElement\":[{\"@type\":\"ListItem\",\"position\":1,\"name\":\"Strona g\u0142\u00f3wna\",\"item\":\"https:\/\/glareone.eu\/cs\/\"},{\"@type\":\"ListItem\",\"position\":2,\"name\":\"V\u0161echny produkty\",\"item\":\"https:\/\/glareone.eu\/cs\/produkty\/vsechny-produkty\/\"},{\"@type\":\"ListItem\",\"position\":3,\"name\":\"Boom Arm 120-240cm with Baby Pin socket (3\/8&#8242;; 16mm)\"}]},{\"@type\":\"WebSite\",\"@id\":\"https:\/\/glareone.eu\/cs\/en\/#website\",\"url\":\"https:\/\/glareone.eu\/cs\/en\/\",\"name\":\"GlareOne\",\"description\":\"Wyposa\u017cenie Studia\",\"publisher\":{\"@id\":\"https:\/\/glareone.eu\/cs\/en\/#organization\"},\"potentialAction\":[{\"@type\":\"SearchAction\",\"target\":{\"@type\":\"EntryPoint\",\"urlTemplate\":\"https:\/\/glareone.eu\/cs\/en\/?s={search_term_string}\"},\"query-input\":{\"@type\":\"PropertyValueSpecification\",\"valueRequired\":true,\"valueName\":\"search_term_string\"}}],\"inLanguage\":\"cs\"},{\"@type\":\"Organization\",\"@id\":\"https:\/\/glareone.eu\/cs\/en\/#organization\",\"name\":\"GlareOne\",\"url\":\"https:\/\/glareone.eu\/cs\/en\/\",\"logo\":{\"@type\":\"ImageObject\",\"inLanguage\":\"cs\",\"@id\":\"https:\/\/glareone.eu\/cs\/en\/#\/schema\/logo\/image\/\",\"url\":\"http:\/\/glareone.eu\/wp-content\/uploads\/2024\/05\/glareone_logo2020_RGB-01-e1715773127189.png\",\"contentUrl\":\"http:\/\/glareone.eu\/wp-content\/uploads\/2024\/05\/glareone_logo2020_RGB-01-e1715773127189.png\",\"width\":1270,\"height\":321,\"caption\":\"GlareOne\"},\"image\":{\"@id\":\"https:\/\/glareone.eu\/cs\/en\/#\/schema\/logo\/image\/\"},\"sameAs\":[\"https:\/\/www.facebook.com\/GlareOneLighting\",\"https:\/\/www.instagram.com\/glareonelighting\/\",\"https:\/\/www.youtube.com\/@GlareOneTV\"]}]}<\/script>\n<!-- \/ Yoast SEO plugin. -->","yoast_head_json":{"title":"Boom Arm 120-240cm with Baby Pin socket (3\/8'; 16mm) - GlareOne","robots":{"index":"index","follow":"follow","max-snippet":"max-snippet:-1","max-image-preview":"max-image-preview:large","max-video-preview":"max-video-preview:-1"},"canonical":"https:\/\/glareone.eu\/cs\/produkt\/boom-arm-120-240cm-with-baby-pin-socket-3-8-16mm\/","og_locale":"cs_CZ","og_type":"article","og_title":"Boom Arm 120-240cm with Baby Pin socket (3\/8'; 16mm) - GlareOne","og_description":"Univerz\u00e1ln\u00ed v\u00fdlo\u017en\u00edk 120-240 cm. Rameno Boom je dopln\u011bk, kter\u00fd by nem\u011bl chyb\u011bt v ka\u017ed\u00e9m foto a filmov\u00e9m studiu, pokud n\u011bkdo nem\u00e1 typick\u00fd stojan Boom. Umo\u017e\u0148uje v\u00e1m bezpe\u010dn\u011b um\u00edstit lampu nad sadu fotografi\u00ed, abyste z\u00edskali osv\u011btlen\u00ed shora. Je\u0159\u00e1b se tak\u00e9 bude hodit, kdy\u017e je pot\u0159eba lampu zav\u011bsit nad fotoapar\u00e1t nebo kameru, co\u017e m\u016f\u017ee b\u00fdt obt\u00ed\u017en\u00e9 nebo [&hellip;]","og_url":"https:\/\/glareone.eu\/cs\/produkt\/boom-arm-120-240cm-with-baby-pin-socket-3-8-16mm\/","og_site_name":"GlareOne","article_publisher":"https:\/\/www.facebook.com\/GlareOneLighting","article_modified_time":"2025-05-21T13:08:59+00:00","og_image":[{"width":1199,"height":1200,"url":"https:\/\/glareone.eu\/wp-content\/uploads\/2025\/04\/SLSBA240_01.jpg","type":"image\/jpeg"}],"twitter_card":"summary_large_image","twitter_misc":{"Odhadovan\u00e1 doba \u010dten\u00ed":"1 minuta"},"schema":{"@context":"https:\/\/schema.org","@graph":[{"@type":"WebPage","@id":"https:\/\/glareone.eu\/cs\/produkt\/boom-arm-120-240cm-with-baby-pin-socket-3-8-16mm\/","url":"https:\/\/glareone.eu\/cs\/produkt\/boom-arm-120-240cm-with-baby-pin-socket-3-8-16mm\/","name":"Boom Arm 120-240cm with Baby Pin socket (3\/8'; 16mm) - GlareOne","isPartOf":{"@id":"https:\/\/glareone.eu\/cs\/en\/#website"},"primaryImageOfPage":{"@id":"https:\/\/glareone.eu\/cs\/produkt\/boom-arm-120-240cm-with-baby-pin-socket-3-8-16mm\/#primaryimage"},"image":{"@id":"https:\/\/glareone.eu\/cs\/produkt\/boom-arm-120-240cm-with-baby-pin-socket-3-8-16mm\/#primaryimage"},"thumbnailUrl":"https:\/\/glareone.eu\/wp-content\/uploads\/2025\/04\/SLSBA240_01.jpg","datePublished":"2025-04-15T06:44:36+00:00","dateModified":"2025-05-21T13:08:59+00:00","breadcrumb":{"@id":"https:\/\/glareone.eu\/cs\/produkt\/boom-arm-120-240cm-with-baby-pin-socket-3-8-16mm\/#breadcrumb"},"inLanguage":"cs","potentialAction":[{"@type":"ReadAction","target":["https:\/\/glareone.eu\/cs\/produkt\/boom-arm-120-240cm-with-baby-pin-socket-3-8-16mm\/"]}]},{"@type":"ImageObject","inLanguage":"cs","@id":"https:\/\/glareone.eu\/cs\/produkt\/boom-arm-120-240cm-with-baby-pin-socket-3-8-16mm\/#primaryimage","url":"https:\/\/glareone.eu\/wp-content\/uploads\/2025\/04\/SLSBA240_01.jpg","contentUrl":"https:\/\/glareone.eu\/wp-content\/uploads\/2025\/04\/SLSBA240_01.jpg","width":1199,"height":1200},{"@type":"BreadcrumbList","@id":"https:\/\/glareone.eu\/cs\/produkt\/boom-arm-120-240cm-with-baby-pin-socket-3-8-16mm\/#breadcrumb","itemListElement":[{"@type":"ListItem","position":1,"name":"Strona g\u0142\u00f3wna","item":"https:\/\/glareone.eu\/cs\/"},{"@type":"ListItem","position":2,"name":"V\u0161echny produkty","item":"https:\/\/glareone.eu\/cs\/produkty\/vsechny-produkty\/"},{"@type":"ListItem","position":3,"name":"Boom Arm 120-240cm with Baby Pin socket (3\/8&#8242;; 16mm)"}]},{"@type":"WebSite","@id":"https:\/\/glareone.eu\/cs\/en\/#website","url":"https:\/\/glareone.eu\/cs\/en\/","name":"GlareOne","description":"Wyposa\u017cenie Studia","publisher":{"@id":"https:\/\/glareone.eu\/cs\/en\/#organization"},"potentialAction":[{"@type":"SearchAction","target":{"@type":"EntryPoint","urlTemplate":"https:\/\/glareone.eu\/cs\/en\/?s={search_term_string}"},"query-input":{"@type":"PropertyValueSpecification","valueRequired":true,"valueName":"search_term_string"}}],"inLanguage":"cs"},{"@type":"Organization","@id":"https:\/\/glareone.eu\/cs\/en\/#organization","name":"GlareOne","url":"https:\/\/glareone.eu\/cs\/en\/","logo":{"@type":"ImageObject","inLanguage":"cs","@id":"https:\/\/glareone.eu\/cs\/en\/#\/schema\/logo\/image\/","url":"http:\/\/glareone.eu\/wp-content\/uploads\/2024\/05\/glareone_logo2020_RGB-01-e1715773127189.png","contentUrl":"http:\/\/glareone.eu\/wp-content\/uploads\/2024\/05\/glareone_logo2020_RGB-01-e1715773127189.png","width":1270,"height":321,"caption":"GlareOne"},"image":{"@id":"https:\/\/glareone.eu\/cs\/en\/#\/schema\/logo\/image\/"},"sameAs":["https:\/\/www.facebook.com\/GlareOneLighting","https:\/\/www.instagram.com\/glareonelighting\/","https:\/\/www.youtube.com\/@GlareOneTV"]}]}},"_links":{"self":[{"href":"https:\/\/glareone.eu\/cs\/wp-json\/wp\/v2\/product\/17566","targetHints":{"allow":["GET"]}}],"collection":[{"href":"https:\/\/glareone.eu\/cs\/wp-json\/wp\/v2\/product"}],"about":[{"href":"https:\/\/glareone.eu\/cs\/wp-json\/wp\/v2\/types\/product"}],"wp:featuredmedia":[{"embeddable":true,"href":"https:\/\/glareone.eu\/cs\/wp-json\/wp\/v2\/media\/17567"}],"wp:attachment":[{"href":"https:\/\/glareone.eu\/cs\/wp-json\/wp\/v2\/media?parent=17566"}],"wp:term":[{"taxonomy":"product_brand","embeddable":true,"href":"https:\/\/glareone.eu\/cs\/wp-json\/wp\/v2\/product_brand?post=17566"},{"taxonomy":"product_cat","embeddable":true,"href":"https:\/\/glareone.eu\/cs\/wp-json\/wp\/v2\/product_cat?post=17566"},{"taxonomy":"product_tag","embeddable":true,"href":"https:\/\/glareone.eu\/cs\/wp-json\/wp\/v2\/product_tag?post=17566"}],"curies":[{"name":"wp","href":"https:\/\/api.w.org\/{rel}","templated":true}]}}