{"id":17557,"date":"2025-04-15T07:03:19","date_gmt":"2025-04-15T07:03:19","guid":{"rendered":"https:\/\/glareone.eu\/product\/glareone-steel-clamp-s\/"},"modified":"2025-05-21T13:07:28","modified_gmt":"2025-05-21T13:07:28","slug":"glareone-steel-clamp-s","status":"publish","type":"product","link":"https:\/\/glareone.eu\/cs\/produkt\/glareone-steel-clamp-s\/","title":{"rendered":"GlareOne Steel Clamp S"},"content":{"rendered":"<p><span style=\"font-weight: 400;\">Pru\u017einov\u00e1 ocelov\u00e1 svorka.<\/span><\/p>\n<p><span style=\"font-weight: 400;\">D\u00edky mal\u00fdm rozm\u011br\u016fm v\u00e1m umo\u017en\u00ed snadno p\u0159ipevnit r\u016fzn\u00e9 p\u0159\u00edslu\u0161enstv\u00ed a z\u016fstat neviditeln\u00fd v objektivu fotoapar\u00e1tu.<\/span><\/p>\n<h4><b>Vlastnosti ocelov\u00e9 svorky S:<\/b><\/h4>\n<ul>\n<li style=\"font-weight: 400;\" aria-level=\"1\"><span style=\"font-weight: 400;\">snadno pou\u017eiteln\u00e1 a v\u0161estrann\u00e1 pru\u017einov\u00e1 svorka,<\/span><\/li>\n<li style=\"font-weight: 400;\" aria-level=\"1\"><span style=\"font-weight: 400;\">maxim\u00e1ln\u00ed otvor svorky je 20 mm,<\/span><\/li>\n<li style=\"font-weight: 400;\" aria-level=\"1\"><span style=\"font-weight: 400;\">cel\u00e1 svorka je vyrobena z kovu,<\/span><\/li>\n<li style=\"font-weight: 400;\" aria-level=\"1\"><span style=\"font-weight: 400;\">m\u00e1 gumu na konci \u010delist\u00ed,<\/span><\/li>\n<li style=\"font-weight: 400;\" aria-level=\"1\"><span style=\"font-weight: 400;\">sada obsahuje 5 svorek,<\/span><\/li>\n<li style=\"font-weight: 400;\" aria-level=\"1\"><span style=\"font-weight: 400;\">dostupn\u00e9 velikosti: S, M, L.<\/span><\/li>\n<\/ul>\n","protected":false},"excerpt":{"rendered":"<p>Pru\u017einov\u00e1 ocelov\u00e1 svorka. D\u00edky mal\u00fdm rozm\u011br\u016fm v\u00e1m umo\u017en\u00ed snadno p\u0159ipevnit r\u016fzn\u00e9 p\u0159\u00edslu\u0161enstv\u00ed a z\u016fstat neviditeln\u00fd v objektivu fotoapar\u00e1tu. Vlastnosti ocelov\u00e9 svorky S: snadno pou\u017eiteln\u00e1 a v\u0161estrann\u00e1 pru\u017einov\u00e1 svorka, maxim\u00e1ln\u00ed otvor svorky je 20 mm, cel\u00e1 svorka je vyrobena z kovu, m\u00e1 gumu na konci \u010delist\u00ed, sada obsahuje 5 svorek, dostupn\u00e9 velikosti: S, M, L.<\/p>\n","protected":false},"featured_media":17558,"template":"","meta":[],"product_brand":[],"product_cat":[550],"product_tag":[],"class_list":{"0":"post-17557","1":"product","2":"type-product","3":"status-publish","4":"has-post-thumbnail","6":"product_cat-dalsi-prislusenstvi","8":"first","9":"instock","10":"shipping-taxable","11":"product-type-simple"},"yoast_head":"<!-- This site is optimized with the Yoast SEO plugin v27.2 - https:\/\/yoast.com\/product\/yoast-seo-wordpress\/ -->\n<title>GlareOne Steel Clamp S - GlareOne<\/title>\n<meta name=\"robots\" content=\"index, follow, max-snippet:-1, max-image-preview:large, max-video-preview:-1\" \/>\n<link rel=\"canonical\" href=\"https:\/\/glareone.eu\/cs\/produkt\/glareone-steel-clamp-s\/\" \/>\n<meta property=\"og:locale\" content=\"cs_CZ\" \/>\n<meta property=\"og:type\" content=\"article\" \/>\n<meta property=\"og:title\" content=\"GlareOne Steel Clamp S - GlareOne\" \/>\n<meta property=\"og:description\" content=\"Pru\u017einov\u00e1 ocelov\u00e1 svorka. D\u00edky mal\u00fdm rozm\u011br\u016fm v\u00e1m umo\u017en\u00ed snadno p\u0159ipevnit r\u016fzn\u00e9 p\u0159\u00edslu\u0161enstv\u00ed a z\u016fstat neviditeln\u00fd v objektivu fotoapar\u00e1tu. Vlastnosti ocelov\u00e9 svorky S: snadno pou\u017eiteln\u00e1 a v\u0161estrann\u00e1 pru\u017einov\u00e1 svorka, maxim\u00e1ln\u00ed otvor svorky je 20 mm, cel\u00e1 svorka je vyrobena z kovu, m\u00e1 gumu na konci \u010delist\u00ed, sada obsahuje 5 svorek, dostupn\u00e9 velikosti: S, M, L.\" \/>\n<meta property=\"og:url\" content=\"https:\/\/glareone.eu\/cs\/produkt\/glareone-steel-clamp-s\/\" \/>\n<meta property=\"og:site_name\" content=\"GlareOne\" \/>\n<meta property=\"article:publisher\" content=\"https:\/\/www.facebook.com\/GlareOneLighting\" \/>\n<meta property=\"article:modified_time\" content=\"2025-05-21T13:07:28+00:00\" \/>\n<meta property=\"og:image\" content=\"https:\/\/glareone.eu\/wp-content\/uploads\/2025\/04\/SSCLS_01.jpg\" \/>\n\t<meta property=\"og:image:width\" content=\"1200\" \/>\n\t<meta property=\"og:image:height\" content=\"1200\" \/>\n\t<meta property=\"og:image:type\" content=\"image\/jpeg\" \/>\n<meta name=\"twitter:card\" content=\"summary_large_image\" \/>\n<meta name=\"twitter:label1\" content=\"Odhadovan\u00e1 doba \u010dten\u00ed\" \/>\n\t<meta name=\"twitter:data1\" content=\"1 minuta\" \/>\n<script type=\"application\/ld+json\" class=\"yoast-schema-graph\">{\"@context\":\"https:\/\/schema.org\",\"@graph\":[{\"@type\":\"WebPage\",\"@id\":\"https:\/\/glareone.eu\/cs\/produkt\/glareone-steel-clamp-s\/\",\"url\":\"https:\/\/glareone.eu\/cs\/produkt\/glareone-steel-clamp-s\/\",\"name\":\"GlareOne Steel Clamp S - GlareOne\",\"isPartOf\":{\"@id\":\"https:\/\/glareone.eu\/cs\/en\/#website\"},\"primaryImageOfPage\":{\"@id\":\"https:\/\/glareone.eu\/cs\/produkt\/glareone-steel-clamp-s\/#primaryimage\"},\"image\":{\"@id\":\"https:\/\/glareone.eu\/cs\/produkt\/glareone-steel-clamp-s\/#primaryimage\"},\"thumbnailUrl\":\"https:\/\/glareone.eu\/wp-content\/uploads\/2025\/04\/SSCLS_01.jpg\",\"datePublished\":\"2025-04-15T07:03:19+00:00\",\"dateModified\":\"2025-05-21T13:07:28+00:00\",\"breadcrumb\":{\"@id\":\"https:\/\/glareone.eu\/cs\/produkt\/glareone-steel-clamp-s\/#breadcrumb\"},\"inLanguage\":\"cs\",\"potentialAction\":[{\"@type\":\"ReadAction\",\"target\":[\"https:\/\/glareone.eu\/cs\/produkt\/glareone-steel-clamp-s\/\"]}]},{\"@type\":\"ImageObject\",\"inLanguage\":\"cs\",\"@id\":\"https:\/\/glareone.eu\/cs\/produkt\/glareone-steel-clamp-s\/#primaryimage\",\"url\":\"https:\/\/glareone.eu\/wp-content\/uploads\/2025\/04\/SSCLS_01.jpg\",\"contentUrl\":\"https:\/\/glareone.eu\/wp-content\/uploads\/2025\/04\/SSCLS_01.jpg\",\"width\":1200,\"height\":1200},{\"@type\":\"BreadcrumbList\",\"@id\":\"https:\/\/glareone.eu\/cs\/produkt\/glareone-steel-clamp-s\/#breadcrumb\",\"itemListElement\":[{\"@type\":\"ListItem\",\"position\":1,\"name\":\"Strona g\u0142\u00f3wna\",\"item\":\"https:\/\/glareone.eu\/cs\/\"},{\"@type\":\"ListItem\",\"position\":2,\"name\":\"V\u0161echny produkty\",\"item\":\"https:\/\/glareone.eu\/cs\/produkty\/vsechny-produkty\/\"},{\"@type\":\"ListItem\",\"position\":3,\"name\":\"GlareOne Steel Clamp S\"}]},{\"@type\":\"WebSite\",\"@id\":\"https:\/\/glareone.eu\/cs\/en\/#website\",\"url\":\"https:\/\/glareone.eu\/cs\/en\/\",\"name\":\"GlareOne\",\"description\":\"Wyposa\u017cenie Studia\",\"publisher\":{\"@id\":\"https:\/\/glareone.eu\/cs\/en\/#organization\"},\"potentialAction\":[{\"@type\":\"SearchAction\",\"target\":{\"@type\":\"EntryPoint\",\"urlTemplate\":\"https:\/\/glareone.eu\/cs\/en\/?s={search_term_string}\"},\"query-input\":{\"@type\":\"PropertyValueSpecification\",\"valueRequired\":true,\"valueName\":\"search_term_string\"}}],\"inLanguage\":\"cs\"},{\"@type\":\"Organization\",\"@id\":\"https:\/\/glareone.eu\/cs\/en\/#organization\",\"name\":\"GlareOne\",\"url\":\"https:\/\/glareone.eu\/cs\/en\/\",\"logo\":{\"@type\":\"ImageObject\",\"inLanguage\":\"cs\",\"@id\":\"https:\/\/glareone.eu\/cs\/en\/#\/schema\/logo\/image\/\",\"url\":\"http:\/\/glareone.eu\/wp-content\/uploads\/2024\/05\/glareone_logo2020_RGB-01-e1715773127189.png\",\"contentUrl\":\"http:\/\/glareone.eu\/wp-content\/uploads\/2024\/05\/glareone_logo2020_RGB-01-e1715773127189.png\",\"width\":1270,\"height\":321,\"caption\":\"GlareOne\"},\"image\":{\"@id\":\"https:\/\/glareone.eu\/cs\/en\/#\/schema\/logo\/image\/\"},\"sameAs\":[\"https:\/\/www.facebook.com\/GlareOneLighting\",\"https:\/\/www.instagram.com\/glareonelighting\/\",\"https:\/\/www.youtube.com\/@GlareOneTV\"]}]}<\/script>\n<!-- \/ Yoast SEO plugin. -->","yoast_head_json":{"title":"GlareOne Steel Clamp S - GlareOne","robots":{"index":"index","follow":"follow","max-snippet":"max-snippet:-1","max-image-preview":"max-image-preview:large","max-video-preview":"max-video-preview:-1"},"canonical":"https:\/\/glareone.eu\/cs\/produkt\/glareone-steel-clamp-s\/","og_locale":"cs_CZ","og_type":"article","og_title":"GlareOne Steel Clamp S - GlareOne","og_description":"Pru\u017einov\u00e1 ocelov\u00e1 svorka. D\u00edky mal\u00fdm rozm\u011br\u016fm v\u00e1m umo\u017en\u00ed snadno p\u0159ipevnit r\u016fzn\u00e9 p\u0159\u00edslu\u0161enstv\u00ed a z\u016fstat neviditeln\u00fd v objektivu fotoapar\u00e1tu. Vlastnosti ocelov\u00e9 svorky S: snadno pou\u017eiteln\u00e1 a v\u0161estrann\u00e1 pru\u017einov\u00e1 svorka, maxim\u00e1ln\u00ed otvor svorky je 20 mm, cel\u00e1 svorka je vyrobena z kovu, m\u00e1 gumu na konci \u010delist\u00ed, sada obsahuje 5 svorek, dostupn\u00e9 velikosti: S, M, L.","og_url":"https:\/\/glareone.eu\/cs\/produkt\/glareone-steel-clamp-s\/","og_site_name":"GlareOne","article_publisher":"https:\/\/www.facebook.com\/GlareOneLighting","article_modified_time":"2025-05-21T13:07:28+00:00","og_image":[{"width":1200,"height":1200,"url":"https:\/\/glareone.eu\/wp-content\/uploads\/2025\/04\/SSCLS_01.jpg","type":"image\/jpeg"}],"twitter_card":"summary_large_image","twitter_misc":{"Odhadovan\u00e1 doba \u010dten\u00ed":"1 minuta"},"schema":{"@context":"https:\/\/schema.org","@graph":[{"@type":"WebPage","@id":"https:\/\/glareone.eu\/cs\/produkt\/glareone-steel-clamp-s\/","url":"https:\/\/glareone.eu\/cs\/produkt\/glareone-steel-clamp-s\/","name":"GlareOne Steel Clamp S - GlareOne","isPartOf":{"@id":"https:\/\/glareone.eu\/cs\/en\/#website"},"primaryImageOfPage":{"@id":"https:\/\/glareone.eu\/cs\/produkt\/glareone-steel-clamp-s\/#primaryimage"},"image":{"@id":"https:\/\/glareone.eu\/cs\/produkt\/glareone-steel-clamp-s\/#primaryimage"},"thumbnailUrl":"https:\/\/glareone.eu\/wp-content\/uploads\/2025\/04\/SSCLS_01.jpg","datePublished":"2025-04-15T07:03:19+00:00","dateModified":"2025-05-21T13:07:28+00:00","breadcrumb":{"@id":"https:\/\/glareone.eu\/cs\/produkt\/glareone-steel-clamp-s\/#breadcrumb"},"inLanguage":"cs","potentialAction":[{"@type":"ReadAction","target":["https:\/\/glareone.eu\/cs\/produkt\/glareone-steel-clamp-s\/"]}]},{"@type":"ImageObject","inLanguage":"cs","@id":"https:\/\/glareone.eu\/cs\/produkt\/glareone-steel-clamp-s\/#primaryimage","url":"https:\/\/glareone.eu\/wp-content\/uploads\/2025\/04\/SSCLS_01.jpg","contentUrl":"https:\/\/glareone.eu\/wp-content\/uploads\/2025\/04\/SSCLS_01.jpg","width":1200,"height":1200},{"@type":"BreadcrumbList","@id":"https:\/\/glareone.eu\/cs\/produkt\/glareone-steel-clamp-s\/#breadcrumb","itemListElement":[{"@type":"ListItem","position":1,"name":"Strona g\u0142\u00f3wna","item":"https:\/\/glareone.eu\/cs\/"},{"@type":"ListItem","position":2,"name":"V\u0161echny produkty","item":"https:\/\/glareone.eu\/cs\/produkty\/vsechny-produkty\/"},{"@type":"ListItem","position":3,"name":"GlareOne Steel Clamp S"}]},{"@type":"WebSite","@id":"https:\/\/glareone.eu\/cs\/en\/#website","url":"https:\/\/glareone.eu\/cs\/en\/","name":"GlareOne","description":"Wyposa\u017cenie Studia","publisher":{"@id":"https:\/\/glareone.eu\/cs\/en\/#organization"},"potentialAction":[{"@type":"SearchAction","target":{"@type":"EntryPoint","urlTemplate":"https:\/\/glareone.eu\/cs\/en\/?s={search_term_string}"},"query-input":{"@type":"PropertyValueSpecification","valueRequired":true,"valueName":"search_term_string"}}],"inLanguage":"cs"},{"@type":"Organization","@id":"https:\/\/glareone.eu\/cs\/en\/#organization","name":"GlareOne","url":"https:\/\/glareone.eu\/cs\/en\/","logo":{"@type":"ImageObject","inLanguage":"cs","@id":"https:\/\/glareone.eu\/cs\/en\/#\/schema\/logo\/image\/","url":"http:\/\/glareone.eu\/wp-content\/uploads\/2024\/05\/glareone_logo2020_RGB-01-e1715773127189.png","contentUrl":"http:\/\/glareone.eu\/wp-content\/uploads\/2024\/05\/glareone_logo2020_RGB-01-e1715773127189.png","width":1270,"height":321,"caption":"GlareOne"},"image":{"@id":"https:\/\/glareone.eu\/cs\/en\/#\/schema\/logo\/image\/"},"sameAs":["https:\/\/www.facebook.com\/GlareOneLighting","https:\/\/www.instagram.com\/glareonelighting\/","https:\/\/www.youtube.com\/@GlareOneTV"]}]}},"_links":{"self":[{"href":"https:\/\/glareone.eu\/cs\/wp-json\/wp\/v2\/product\/17557","targetHints":{"allow":["GET"]}}],"collection":[{"href":"https:\/\/glareone.eu\/cs\/wp-json\/wp\/v2\/product"}],"about":[{"href":"https:\/\/glareone.eu\/cs\/wp-json\/wp\/v2\/types\/product"}],"wp:featuredmedia":[{"embeddable":true,"href":"https:\/\/glareone.eu\/cs\/wp-json\/wp\/v2\/media\/17558"}],"wp:attachment":[{"href":"https:\/\/glareone.eu\/cs\/wp-json\/wp\/v2\/media?parent=17557"}],"wp:term":[{"taxonomy":"product_brand","embeddable":true,"href":"https:\/\/glareone.eu\/cs\/wp-json\/wp\/v2\/product_brand?post=17557"},{"taxonomy":"product_cat","embeddable":true,"href":"https:\/\/glareone.eu\/cs\/wp-json\/wp\/v2\/product_cat?post=17557"},{"taxonomy":"product_tag","embeddable":true,"href":"https:\/\/glareone.eu\/cs\/wp-json\/wp\/v2\/product_tag?post=17557"}],"curies":[{"name":"wp","href":"https:\/\/api.w.org\/{rel}","templated":true}]}}