{"id":17520,"date":"2025-04-15T08:24:49","date_gmt":"2025-04-15T08:24:49","guid":{"rendered":"https:\/\/glareone.eu\/product\/glareone-boom-stand-with-coaxial-geared-control\/"},"modified":"2025-08-11T10:20:58","modified_gmt":"2025-08-11T10:20:58","slug":"stojan-glareone-boom-se-souosym-ozubenym-ovladanim","status":"publish","type":"product","link":"https:\/\/glareone.eu\/cs\/produkt\/stojan-glareone-boom-se-souosym-ozubenym-ovladanim\/","title":{"rendered":"Stojan GlareOne Boom se souos\u00fdm ozuben\u00fdm ovl\u00e1d\u00e1n\u00edm"},"content":{"rendered":"<p><span style=\"font-weight: 400;\">T\u011b\u017ek\u00fd, dvoud\u00edln\u00fd stojan na v\u00fdlo\u017en\u00edky s maxim\u00e1ln\u00ed v\u00fd\u0161kou 440 cm s pohybliv\u00fdm \u010depem.<\/span><\/p>\n<h3><b>Pohybliv\u00fd \u010dep<\/b><\/h3>\n<p><span style=\"font-weight: 400;\">Stojan je vybaven pohybliv\u00fdm n\u00e1stavcem. D\u00edky knofl\u00edku na konci ramena Boom m\u016f\u017eeme sv\u011btlo um\u00edst\u011bn\u00e9 na druh\u00e9m konci ramene pohodln\u011b ovl\u00e1dat: nakl\u00e1n\u011bt, narovn\u00e1vat nebo sm\u011b\u0159ovat nahoru.\u00a0<\/span><\/p>\n<h3><b>V\u0161estrannost<\/b><\/h3>\n<p><span style=\"font-weight: 400;\">Stojan Boom lze pou\u017e\u00edt jako stojan ve fotoateli\u00e9ru a na filmov\u00e9 sady. Maxim\u00e1ln\u00ed nosnost a\u017e 8 kg bez probl\u00e9m\u016f unese p\u0159ipojen\u00e9 sv\u011btlo s \u0161estihrann\u00fdm softboxem o pr\u016fm\u011bru a\u017e 120 cm. N\u00e1stavec na rameni je odn\u00edmateln\u00fd, oboustrann\u00fd a m\u00e1 dva mont\u00e1\u017en\u00ed body (1\/4 a 3\/8 palce), co\u017e znamen\u00e1, \u017ee stojan lze pou\u017e\u00edt i pro mikrofon um\u00edst\u011bn\u00fd nad soupravou.<\/span><\/p>\n<h3><b>Trvanlivost<\/b><\/h3>\n<p><span style=\"font-weight: 400;\">Stojan je t\u00e9m\u011b\u0159 cel\u00fd vyroben z kovov\u00fdch prvk\u016f, d\u00edky \u010demu\u017e je jeho odolnost extr\u00e9mn\u011b vysok\u00e1. Jedin\u00fdmi nekovov\u00fdmi \u010d\u00e1stmi jsou rukojeti \u0161roub\u016f, kter\u00e9 uzamknou polohu sekc\u00ed a samotn\u00e9 nohy nohou. V\u0161echny ostatn\u00ed fragmenty \u2013 kl\u00ed\u010dov\u00e9 pro pevnost konstrukce \u2013 jsou vyrobeny z hlin\u00edku.\u00a0<\/span><\/p>\n<h3><b>Podrobnosti<\/b><\/h3>\n<p><span style=\"font-weight: 400;\">Knofl\u00edky jsou ergonomicky tvarovan\u00e9 a dostate\u010dn\u011b velk\u00e9, aby zajistily pevn\u00e9 uchopen\u00ed a zabr\u00e1nily sk\u0159\u00edpnut\u00ed prst\u016f p\u0159i nastavov\u00e1n\u00ed v\u00fd\u0161ky. Centr\u00e1ln\u00ed vylamovac\u00ed mechanismus sloupku je 100% kovov\u00fd a vybaven\u00fd velmi velkou, polohov\u011b nastavitelnou rukojet\u00ed. Nohy jsou dlouh\u00e9, d\u00edky tomu poskytuj\u00ed \u0161irok\u00fd postoj a ve v\u00fdsledku i skv\u011blou stabilitu.<\/span><\/p>\n<h3><b>Vlastnosti produktu:<\/b><\/h3>\n<ul>\n<li style=\"font-weight: 400;\" aria-level=\"1\"><span style=\"font-weight: 400;\">t\u011b\u017ek\u00fd a odoln\u00fd, vyroben\u00fd z hlin\u00edku,<\/span><\/li>\n<li style=\"font-weight: 400;\" aria-level=\"1\"><span style=\"font-weight: 400;\">dosahuje maxim\u00e1ln\u00ed v\u00fd\u0161ky p\u0159es 4 metry,<\/span><\/li>\n<li style=\"font-weight: 400;\" aria-level=\"1\"><span style=\"font-weight: 400;\">m\u00e1 \u0161irokou rozte\u010d nohou, co\u017e poskytuje skv\u011blou stabilitu,<\/span><\/li>\n<li style=\"font-weight: 400;\" aria-level=\"1\"><span style=\"font-weight: 400;\">sv\u011brky sekc\u00ed a mechanismus v\u00fdlo\u017en\u00edku jsou vyrobeny z kovu,<\/span><\/li>\n<li style=\"font-weight: 400;\" aria-level=\"1\"><span style=\"font-weight: 400;\">mont\u00e1\u017en\u00ed \u010dep je oboustrann\u00fd a odn\u00edmateln\u00fd,<\/span><\/li>\n<li style=\"font-weight: 400;\" aria-level=\"1\"><span style=\"font-weight: 400;\">up\u00ednac\u00ed knofl\u00edky jsou velk\u00e9 a ergonomicky profilovan\u00e9,<\/span><\/li>\n<li style=\"font-weight: 400;\" aria-level=\"1\"><span style=\"font-weight: 400;\">rameno v\u00fdlo\u017en\u00edku je velmi dlouh\u00e9 (dosahuje a\u017e 240 cm),<\/span><\/li>\n<li style=\"font-weight: 400;\" aria-level=\"1\"><span style=\"font-weight: 400;\">zvedne a\u017e 8 kg,<\/span><\/li>\n<li style=\"font-weight: 400;\" aria-level=\"1\"><span style=\"font-weight: 400;\">dod\u00e1v\u00e1no s protiz\u00e1va\u017e\u00edm.<\/span><\/li>\n<\/ul>\n","protected":false},"excerpt":{"rendered":"<p>T\u011b\u017ek\u00fd, dvoud\u00edln\u00fd stojan na v\u00fdlo\u017en\u00edky s maxim\u00e1ln\u00ed v\u00fd\u0161kou 440 cm s pohybliv\u00fdm \u010depem. Pohybliv\u00fd \u010dep Stojan je vybaven pohybliv\u00fdm n\u00e1stavcem. D\u00edky knofl\u00edku na konci ramena Boom m\u016f\u017eeme sv\u011btlo um\u00edst\u011bn\u00e9 na druh\u00e9m konci ramene pohodln\u011b ovl\u00e1dat: nakl\u00e1n\u011bt, narovn\u00e1vat nebo sm\u011b\u0159ovat nahoru.\u00a0 V\u0161estrannost Stojan Boom lze pou\u017e\u00edt jako stojan ve fotoateli\u00e9ru a na filmov\u00e9 sady. Maxim\u00e1ln\u00ed nosnost [&hellip;]<\/p>\n","protected":false},"featured_media":17521,"template":"","meta":[],"product_brand":[],"product_cat":[576],"product_tag":[],"class_list":{"0":"post-17520","1":"product","2":"type-product","3":"status-publish","4":"has-post-thumbnail","6":"product_cat-klasicke-stativy","8":"first","9":"instock","10":"shipping-taxable","11":"product-type-simple"},"yoast_head":"<!-- This site is optimized with the Yoast SEO plugin v27.2 - https:\/\/yoast.com\/product\/yoast-seo-wordpress\/ -->\n<title>Stojan GlareOne Boom se souos\u00fdm ozuben\u00fdm ovl\u00e1d\u00e1n\u00edm - GlareOne<\/title>\n<meta name=\"robots\" content=\"index, follow, max-snippet:-1, max-image-preview:large, max-video-preview:-1\" \/>\n<link rel=\"canonical\" href=\"https:\/\/glareone.eu\/cs\/produkt\/stojan-glareone-boom-se-souosym-ozubenym-ovladanim\/\" \/>\n<meta property=\"og:locale\" content=\"cs_CZ\" \/>\n<meta property=\"og:type\" content=\"article\" \/>\n<meta property=\"og:title\" content=\"Stojan GlareOne Boom se souos\u00fdm ozuben\u00fdm ovl\u00e1d\u00e1n\u00edm - GlareOne\" \/>\n<meta property=\"og:description\" content=\"T\u011b\u017ek\u00fd, dvoud\u00edln\u00fd stojan na v\u00fdlo\u017en\u00edky s maxim\u00e1ln\u00ed v\u00fd\u0161kou 440 cm s pohybliv\u00fdm \u010depem. Pohybliv\u00fd \u010dep Stojan je vybaven pohybliv\u00fdm n\u00e1stavcem. D\u00edky knofl\u00edku na konci ramena Boom m\u016f\u017eeme sv\u011btlo um\u00edst\u011bn\u00e9 na druh\u00e9m konci ramene pohodln\u011b ovl\u00e1dat: nakl\u00e1n\u011bt, narovn\u00e1vat nebo sm\u011b\u0159ovat nahoru.\u00a0 V\u0161estrannost Stojan Boom lze pou\u017e\u00edt jako stojan ve fotoateli\u00e9ru a na filmov\u00e9 sady. Maxim\u00e1ln\u00ed nosnost [&hellip;]\" \/>\n<meta property=\"og:url\" content=\"https:\/\/glareone.eu\/cs\/produkt\/stojan-glareone-boom-se-souosym-ozubenym-ovladanim\/\" \/>\n<meta property=\"og:site_name\" content=\"GlareOne\" \/>\n<meta property=\"article:publisher\" content=\"https:\/\/www.facebook.com\/GlareOneLighting\" \/>\n<meta property=\"article:modified_time\" content=\"2025-08-11T10:20:58+00:00\" \/>\n<meta property=\"og:image\" content=\"https:\/\/glareone.eu\/wp-content\/uploads\/2025\/04\/SLSB265H_01.jpg\" \/>\n\t<meta property=\"og:image:width\" content=\"1200\" \/>\n\t<meta property=\"og:image:height\" content=\"1200\" \/>\n\t<meta property=\"og:image:type\" content=\"image\/jpeg\" \/>\n<meta name=\"twitter:card\" content=\"summary_large_image\" \/>\n<meta name=\"twitter:label1\" content=\"Odhadovan\u00e1 doba \u010dten\u00ed\" \/>\n\t<meta name=\"twitter:data1\" content=\"2 minuty\" \/>\n<script type=\"application\/ld+json\" class=\"yoast-schema-graph\">{\"@context\":\"https:\/\/schema.org\",\"@graph\":[{\"@type\":\"WebPage\",\"@id\":\"https:\/\/glareone.eu\/cs\/produkt\/stojan-glareone-boom-se-souosym-ozubenym-ovladanim\/\",\"url\":\"https:\/\/glareone.eu\/cs\/produkt\/stojan-glareone-boom-se-souosym-ozubenym-ovladanim\/\",\"name\":\"Stojan GlareOne Boom se souos\u00fdm ozuben\u00fdm ovl\u00e1d\u00e1n\u00edm - GlareOne\",\"isPartOf\":{\"@id\":\"https:\/\/glareone.eu\/cs\/en\/#website\"},\"primaryImageOfPage\":{\"@id\":\"https:\/\/glareone.eu\/cs\/produkt\/stojan-glareone-boom-se-souosym-ozubenym-ovladanim\/#primaryimage\"},\"image\":{\"@id\":\"https:\/\/glareone.eu\/cs\/produkt\/stojan-glareone-boom-se-souosym-ozubenym-ovladanim\/#primaryimage\"},\"thumbnailUrl\":\"https:\/\/glareone.eu\/wp-content\/uploads\/2025\/04\/SLSB265H_01.jpg\",\"datePublished\":\"2025-04-15T08:24:49+00:00\",\"dateModified\":\"2025-08-11T10:20:58+00:00\",\"breadcrumb\":{\"@id\":\"https:\/\/glareone.eu\/cs\/produkt\/stojan-glareone-boom-se-souosym-ozubenym-ovladanim\/#breadcrumb\"},\"inLanguage\":\"cs\",\"potentialAction\":[{\"@type\":\"ReadAction\",\"target\":[\"https:\/\/glareone.eu\/cs\/produkt\/stojan-glareone-boom-se-souosym-ozubenym-ovladanim\/\"]}]},{\"@type\":\"ImageObject\",\"inLanguage\":\"cs\",\"@id\":\"https:\/\/glareone.eu\/cs\/produkt\/stojan-glareone-boom-se-souosym-ozubenym-ovladanim\/#primaryimage\",\"url\":\"https:\/\/glareone.eu\/wp-content\/uploads\/2025\/04\/SLSB265H_01.jpg\",\"contentUrl\":\"https:\/\/glareone.eu\/wp-content\/uploads\/2025\/04\/SLSB265H_01.jpg\",\"width\":1200,\"height\":1200},{\"@type\":\"BreadcrumbList\",\"@id\":\"https:\/\/glareone.eu\/cs\/produkt\/stojan-glareone-boom-se-souosym-ozubenym-ovladanim\/#breadcrumb\",\"itemListElement\":[{\"@type\":\"ListItem\",\"position\":1,\"name\":\"Strona g\u0142\u00f3wna\",\"item\":\"https:\/\/glareone.eu\/cs\/\"},{\"@type\":\"ListItem\",\"position\":2,\"name\":\"V\u0161echny produkty\",\"item\":\"https:\/\/glareone.eu\/cs\/produkty\/vsechny-produkty\/\"},{\"@type\":\"ListItem\",\"position\":3,\"name\":\"Stojan GlareOne Boom se souos\u00fdm ozuben\u00fdm ovl\u00e1d\u00e1n\u00edm\"}]},{\"@type\":\"WebSite\",\"@id\":\"https:\/\/glareone.eu\/cs\/en\/#website\",\"url\":\"https:\/\/glareone.eu\/cs\/en\/\",\"name\":\"GlareOne\",\"description\":\"Wyposa\u017cenie Studia\",\"publisher\":{\"@id\":\"https:\/\/glareone.eu\/cs\/en\/#organization\"},\"potentialAction\":[{\"@type\":\"SearchAction\",\"target\":{\"@type\":\"EntryPoint\",\"urlTemplate\":\"https:\/\/glareone.eu\/cs\/en\/?s={search_term_string}\"},\"query-input\":{\"@type\":\"PropertyValueSpecification\",\"valueRequired\":true,\"valueName\":\"search_term_string\"}}],\"inLanguage\":\"cs\"},{\"@type\":\"Organization\",\"@id\":\"https:\/\/glareone.eu\/cs\/en\/#organization\",\"name\":\"GlareOne\",\"url\":\"https:\/\/glareone.eu\/cs\/en\/\",\"logo\":{\"@type\":\"ImageObject\",\"inLanguage\":\"cs\",\"@id\":\"https:\/\/glareone.eu\/cs\/en\/#\/schema\/logo\/image\/\",\"url\":\"http:\/\/glareone.eu\/wp-content\/uploads\/2024\/05\/glareone_logo2020_RGB-01-e1715773127189.png\",\"contentUrl\":\"http:\/\/glareone.eu\/wp-content\/uploads\/2024\/05\/glareone_logo2020_RGB-01-e1715773127189.png\",\"width\":1270,\"height\":321,\"caption\":\"GlareOne\"},\"image\":{\"@id\":\"https:\/\/glareone.eu\/cs\/en\/#\/schema\/logo\/image\/\"},\"sameAs\":[\"https:\/\/www.facebook.com\/GlareOneLighting\",\"https:\/\/www.instagram.com\/glareonelighting\/\",\"https:\/\/www.youtube.com\/@GlareOneTV\"]}]}<\/script>\n<!-- \/ Yoast SEO plugin. -->","yoast_head_json":{"title":"Stojan GlareOne Boom se souos\u00fdm ozuben\u00fdm ovl\u00e1d\u00e1n\u00edm - GlareOne","robots":{"index":"index","follow":"follow","max-snippet":"max-snippet:-1","max-image-preview":"max-image-preview:large","max-video-preview":"max-video-preview:-1"},"canonical":"https:\/\/glareone.eu\/cs\/produkt\/stojan-glareone-boom-se-souosym-ozubenym-ovladanim\/","og_locale":"cs_CZ","og_type":"article","og_title":"Stojan GlareOne Boom se souos\u00fdm ozuben\u00fdm ovl\u00e1d\u00e1n\u00edm - GlareOne","og_description":"T\u011b\u017ek\u00fd, dvoud\u00edln\u00fd stojan na v\u00fdlo\u017en\u00edky s maxim\u00e1ln\u00ed v\u00fd\u0161kou 440 cm s pohybliv\u00fdm \u010depem. Pohybliv\u00fd \u010dep Stojan je vybaven pohybliv\u00fdm n\u00e1stavcem. D\u00edky knofl\u00edku na konci ramena Boom m\u016f\u017eeme sv\u011btlo um\u00edst\u011bn\u00e9 na druh\u00e9m konci ramene pohodln\u011b ovl\u00e1dat: nakl\u00e1n\u011bt, narovn\u00e1vat nebo sm\u011b\u0159ovat nahoru.\u00a0 V\u0161estrannost Stojan Boom lze pou\u017e\u00edt jako stojan ve fotoateli\u00e9ru a na filmov\u00e9 sady. Maxim\u00e1ln\u00ed nosnost [&hellip;]","og_url":"https:\/\/glareone.eu\/cs\/produkt\/stojan-glareone-boom-se-souosym-ozubenym-ovladanim\/","og_site_name":"GlareOne","article_publisher":"https:\/\/www.facebook.com\/GlareOneLighting","article_modified_time":"2025-08-11T10:20:58+00:00","og_image":[{"width":1200,"height":1200,"url":"https:\/\/glareone.eu\/wp-content\/uploads\/2025\/04\/SLSB265H_01.jpg","type":"image\/jpeg"}],"twitter_card":"summary_large_image","twitter_misc":{"Odhadovan\u00e1 doba \u010dten\u00ed":"2 minuty"},"schema":{"@context":"https:\/\/schema.org","@graph":[{"@type":"WebPage","@id":"https:\/\/glareone.eu\/cs\/produkt\/stojan-glareone-boom-se-souosym-ozubenym-ovladanim\/","url":"https:\/\/glareone.eu\/cs\/produkt\/stojan-glareone-boom-se-souosym-ozubenym-ovladanim\/","name":"Stojan GlareOne Boom se souos\u00fdm ozuben\u00fdm ovl\u00e1d\u00e1n\u00edm - GlareOne","isPartOf":{"@id":"https:\/\/glareone.eu\/cs\/en\/#website"},"primaryImageOfPage":{"@id":"https:\/\/glareone.eu\/cs\/produkt\/stojan-glareone-boom-se-souosym-ozubenym-ovladanim\/#primaryimage"},"image":{"@id":"https:\/\/glareone.eu\/cs\/produkt\/stojan-glareone-boom-se-souosym-ozubenym-ovladanim\/#primaryimage"},"thumbnailUrl":"https:\/\/glareone.eu\/wp-content\/uploads\/2025\/04\/SLSB265H_01.jpg","datePublished":"2025-04-15T08:24:49+00:00","dateModified":"2025-08-11T10:20:58+00:00","breadcrumb":{"@id":"https:\/\/glareone.eu\/cs\/produkt\/stojan-glareone-boom-se-souosym-ozubenym-ovladanim\/#breadcrumb"},"inLanguage":"cs","potentialAction":[{"@type":"ReadAction","target":["https:\/\/glareone.eu\/cs\/produkt\/stojan-glareone-boom-se-souosym-ozubenym-ovladanim\/"]}]},{"@type":"ImageObject","inLanguage":"cs","@id":"https:\/\/glareone.eu\/cs\/produkt\/stojan-glareone-boom-se-souosym-ozubenym-ovladanim\/#primaryimage","url":"https:\/\/glareone.eu\/wp-content\/uploads\/2025\/04\/SLSB265H_01.jpg","contentUrl":"https:\/\/glareone.eu\/wp-content\/uploads\/2025\/04\/SLSB265H_01.jpg","width":1200,"height":1200},{"@type":"BreadcrumbList","@id":"https:\/\/glareone.eu\/cs\/produkt\/stojan-glareone-boom-se-souosym-ozubenym-ovladanim\/#breadcrumb","itemListElement":[{"@type":"ListItem","position":1,"name":"Strona g\u0142\u00f3wna","item":"https:\/\/glareone.eu\/cs\/"},{"@type":"ListItem","position":2,"name":"V\u0161echny produkty","item":"https:\/\/glareone.eu\/cs\/produkty\/vsechny-produkty\/"},{"@type":"ListItem","position":3,"name":"Stojan GlareOne Boom se souos\u00fdm ozuben\u00fdm ovl\u00e1d\u00e1n\u00edm"}]},{"@type":"WebSite","@id":"https:\/\/glareone.eu\/cs\/en\/#website","url":"https:\/\/glareone.eu\/cs\/en\/","name":"GlareOne","description":"Wyposa\u017cenie Studia","publisher":{"@id":"https:\/\/glareone.eu\/cs\/en\/#organization"},"potentialAction":[{"@type":"SearchAction","target":{"@type":"EntryPoint","urlTemplate":"https:\/\/glareone.eu\/cs\/en\/?s={search_term_string}"},"query-input":{"@type":"PropertyValueSpecification","valueRequired":true,"valueName":"search_term_string"}}],"inLanguage":"cs"},{"@type":"Organization","@id":"https:\/\/glareone.eu\/cs\/en\/#organization","name":"GlareOne","url":"https:\/\/glareone.eu\/cs\/en\/","logo":{"@type":"ImageObject","inLanguage":"cs","@id":"https:\/\/glareone.eu\/cs\/en\/#\/schema\/logo\/image\/","url":"http:\/\/glareone.eu\/wp-content\/uploads\/2024\/05\/glareone_logo2020_RGB-01-e1715773127189.png","contentUrl":"http:\/\/glareone.eu\/wp-content\/uploads\/2024\/05\/glareone_logo2020_RGB-01-e1715773127189.png","width":1270,"height":321,"caption":"GlareOne"},"image":{"@id":"https:\/\/glareone.eu\/cs\/en\/#\/schema\/logo\/image\/"},"sameAs":["https:\/\/www.facebook.com\/GlareOneLighting","https:\/\/www.instagram.com\/glareonelighting\/","https:\/\/www.youtube.com\/@GlareOneTV"]}]}},"_links":{"self":[{"href":"https:\/\/glareone.eu\/cs\/wp-json\/wp\/v2\/product\/17520","targetHints":{"allow":["GET"]}}],"collection":[{"href":"https:\/\/glareone.eu\/cs\/wp-json\/wp\/v2\/product"}],"about":[{"href":"https:\/\/glareone.eu\/cs\/wp-json\/wp\/v2\/types\/product"}],"wp:featuredmedia":[{"embeddable":true,"href":"https:\/\/glareone.eu\/cs\/wp-json\/wp\/v2\/media\/17521"}],"wp:attachment":[{"href":"https:\/\/glareone.eu\/cs\/wp-json\/wp\/v2\/media?parent=17520"}],"wp:term":[{"taxonomy":"product_brand","embeddable":true,"href":"https:\/\/glareone.eu\/cs\/wp-json\/wp\/v2\/product_brand?post=17520"},{"taxonomy":"product_cat","embeddable":true,"href":"https:\/\/glareone.eu\/cs\/wp-json\/wp\/v2\/product_cat?post=17520"},{"taxonomy":"product_tag","embeddable":true,"href":"https:\/\/glareone.eu\/cs\/wp-json\/wp\/v2\/product_tag?post=17520"}],"curies":[{"name":"wp","href":"https:\/\/api.w.org\/{rel}","templated":true}]}}